{"id":7683,"date":"2025-04-21T08:14:11","date_gmt":"2025-04-21T08:14:11","guid":{"rendered":"https:\/\/canonm5.com\/?post_type=product&#038;p=7683"},"modified":"2026-04-15T08:32:23","modified_gmt":"2026-04-15T08:32:23","slug":"brother-ads4100-escaner-documental-hasta-70ppm-alimentador-automatico-doble-cara","status":"publish","type":"product","link":"https:\/\/canonm5.com\/index.php\/producto\/brother-ads4100-escaner-documental-hasta-70ppm-alimentador-automatico-doble-cara\/","title":{"rendered":"Brother ADS4100 Escaner Documental &#8211; Hasta 70ppm &#8211; Alimentador Automatico &#8211; Doble Cara"},"content":{"rendered":"<p>Esc\u00e1ner de sobremesa, muy compacto, con conexi\u00f3n por USB. Puede escanear a una velocidad de hasta 70 p\u00e1ginas por minuto a doble cara y cuenta con una capacidad de alimentaci\u00f3n de papel de 60 hojas. Permite escanear a una memoria USB sin necesidad de estar conectado a un PC. Dise\u00f1o sencillo, f\u00e1cil configuraci\u00f3n y uso.<\/p>\n<p>Caracter\u00edsticas:<\/p>\n<p>-Escanea a 70 p\u00e1ginas por minuto (a doble cara).<br \/>\n-Alimentador autom\u00e1tico de documentos (ADF) para 60 hojas.<br \/>\n-Para papel con gramajes entre 40 y 200g\/m2<br \/>\n-Conexi\u00f3n USB 3.0<br \/>\n-Compatibilidad con TWAIN (Win, macOS), WIA, ICA, Linux SANE.<br \/>\n-Compatible con Windows, Mac y Linux<\/p>\n<p>Especificaciones:<\/p>\n<p>Escaneado:<\/p>\n<p>-Escaneado a doble cara autom\u00e1tico: S\u00ed<br \/>\n-ADF: 60<br \/>\n-Resoluci\u00f3n de escaneado interpolada: 1200 x 1200 ppp<br \/>\n-Detecci\u00f3n de alimentaci\u00f3n m\u00faltiple: S\u00ed<br \/>\n-Sensor de papel: S\u00ed<br \/>\n-Resoluci\u00f3n de escaneado desde ADF: 600 x 600 ppp<br \/>\n-A4 scan speed: 70 p\u00e1ginas por minuto (doble cara)<br \/>\n-Escanea a: PC, Imagen<br \/>\n-Escala de grises: 256 niveles<br \/>\n-Compatibilidad SANE: S\u00ed<br \/>\n-Funciones de escaneado: Cerradura Kensington Lock<\/p>\n<p>Conectividad:<\/p>\n<p>-Interfaz USB: USB 3.0, puerto USB 2.0 Host (trasero)<\/p>\n<p>Especificaciones de los soportes:<\/p>\n<p>-Tama\u00f1os: 40 &#8211; 200 gsm<br \/>\n-Tipos y gramajes: Papel normal, papel fino, papel grueso, papel m\u00e1s grueso, papel reciclado, tarjeta de visita, tarjeta de pl\u00e1stico<\/p>\n<p>Sistemas operativos y software:<\/p>\n<p>-Software incluido &#8211; Mac: 10.14.x\/10.15.x\/11.0.x\/11.1.x. Brother iPrint&amp;Scan for Desktop, Remote Setup. ICA, TWAIN. Newsoft Presto! Bizcard 7, Newsoft Image Folio<br \/>\n-Software incluido &#8211; Windows: Windows 10 (Home|Pro|Education|Enterprise)(32 or 64 bit editions), Windows 8.1(32 or 64 bit editions), Windows 7 SP1 (32 or 64 bit editions), Windows Server 2019, 2016, 2012R2, 2012. Brother iPrint&amp;Scan for Desktop, Kofax PaperPort, Kofax Power PDF Standard v3, Remote Setup, Brother ScanEssentials Lite. TWAIN, WIA. Newsoft Presto! Bizcard 6, Newsoft Image Folio<\/p>\n<p>Consumo de energ\u00eda:<\/p>\n<p>-Power Consumption &#8211; ready mode: 5.4W<br \/>\n-Power Consumption &#8211; sleep mode: 1.4W<br \/>\n-Funcionamiento: 23 vatios<br \/>\n-Apagado: 0.1 vatios<br \/>\n-Nivel de potencia sonora: 59 dB<\/p>\n<p>Medio Ambiente:<\/p>\n<p>-Humedad de funcionamiento: 20 &#8211; 80%<br \/>\n-Temperatura de funcionamiento: 5 &#8211; 35\u00b0C<\/p>\n<p>Dimensiones y pesos:<\/p>\n<p>-Medidas: 299,5 (An) x 215,9 (F) x 190,5 (Al) mm<br \/>\n-Peso: 2.60 kg<\/p>\n","protected":false},"excerpt":{"rendered":"<p>Caracter\u00edsticas:<\/p>\n<p>-Escanea a 70 p\u00e1ginas por minuto (a doble cara).<br \/>\n-Alimentador autom\u00e1tico de documentos (ADF) para 60 hojas.<br \/>\n-Para papel con gramajes entre 40 y 200g\/m2<br \/>\n-Conexi\u00f3n USB 3.0<br \/>\n-Compatibilidad con TWAIN (Win, macOS), WIA, ICA, Linux SANE.<br \/>\n-Compatible con Windows, Mac y Linux<\/p>\n","protected":false},"featured_media":7685,"template":"","meta":{"_et_pb_use_builder":"","_et_pb_old_content":"","_et_gb_content_width":"","_joinchat":[]},"product_cat":[1048],"product_tag":[2773,2772,2771,492,180,2770,1049],"class_list":{"0":"post-7683","1":"product","2":"type-product","3":"status-publish","4":"has-post-thumbnail","6":"product_cat-escaner","7":"product_tag-70pp","8":"product_tag-ads4100","9":"product_tag-alimentador-automatico","10":"product_tag-brother","11":"product_tag-doble-cara","12":"product_tag-documental","13":"product_tag-escaner","15":"first","16":"instock","17":"taxable","18":"shipping-taxable","19":"product-type-simple"},"yoast_head":"<!-- This site is optimized with the Yoast SEO plugin v27.4 - https:\/\/yoast.com\/product\/yoast-seo-wordpress\/ -->\n<title>Brother ADS4100 Escaner Documental - Hasta 70ppm - Alimentador Automatico - Doble Cara - Canon M5 Madrid | Distribuidor oficial Canon<\/title>\n<meta name=\"description\" content=\"Esc\u00e1ner de sobremesa, muy compacto, con conexi\u00f3n por USB. Puede escanear a una velocidad de hasta 70 p\u00e1ginas por minuto a doble cara y cuenta con una capacidad de alimentaci\u00f3n de papel de 60 hojas. Permite escanear a una memoria USB sin necesidad de estar conectado a un PC. Dise\u00f1o sencillo, f\u00e1cil configuraci\u00f3n y uso.\" \/>\n<meta name=\"robots\" content=\"index, follow, max-snippet:-1, max-image-preview:large, max-video-preview:-1\" \/>\n<link rel=\"canonical\" href=\"https:\/\/canonm5.com\/index.php\/producto\/brother-ads4100-escaner-documental-hasta-70ppm-alimentador-automatico-doble-cara\/\" \/>\n<meta property=\"og:locale\" content=\"es_ES\" \/>\n<meta property=\"og:type\" content=\"article\" \/>\n<meta property=\"og:title\" content=\"Brother ADS4100 Escaner Documental - Hasta 70ppm - Alimentador Automatico - Doble Cara - Canon M5 Madrid | Distribuidor oficial Canon\" \/>\n<meta property=\"og:description\" content=\"Esc\u00e1ner de sobremesa, muy compacto, con conexi\u00f3n por USB. Puede escanear a una velocidad de hasta 70 p\u00e1ginas por minuto a doble cara y cuenta con una capacidad de alimentaci\u00f3n de papel de 60 hojas. Permite escanear a una memoria USB sin necesidad de estar conectado a un PC. Dise\u00f1o sencillo, f\u00e1cil configuraci\u00f3n y uso.\" \/>\n<meta property=\"og:url\" content=\"https:\/\/canonm5.com\/index.php\/producto\/brother-ads4100-escaner-documental-hasta-70ppm-alimentador-automatico-doble-cara\/\" \/>\n<meta property=\"og:site_name\" content=\"Canon M5 Madrid | Distribuidor oficial Canon\" \/>\n<meta property=\"article:modified_time\" content=\"2026-04-15T08:32:23+00:00\" \/>\n<meta property=\"og:image\" content=\"https:\/\/canonm5.com\/wp-content\/uploads\/2025\/04\/ESB.jpg\" \/>\n\t<meta property=\"og:image:width\" content=\"600\" \/>\n\t<meta property=\"og:image:height\" content=\"600\" \/>\n\t<meta property=\"og:image:type\" content=\"image\/jpeg\" \/>\n<meta name=\"twitter:card\" content=\"summary_large_image\" \/>\n<meta name=\"twitter:label1\" content=\"Tiempo de lectura\" \/>\n\t<meta name=\"twitter:data1\" content=\"2 minutos\" \/>\n<script type=\"application\/ld+json\" class=\"yoast-schema-graph\">{\"@context\":\"https:\\\/\\\/schema.org\",\"@graph\":[{\"@type\":\"WebPage\",\"@id\":\"https:\\\/\\\/canonm5.com\\\/index.php\\\/producto\\\/brother-ads4100-escaner-documental-hasta-70ppm-alimentador-automatico-doble-cara\\\/\",\"url\":\"https:\\\/\\\/canonm5.com\\\/index.php\\\/producto\\\/brother-ads4100-escaner-documental-hasta-70ppm-alimentador-automatico-doble-cara\\\/\",\"name\":\"Brother ADS4100 Escaner Documental - Hasta 70ppm - Alimentador Automatico - Doble Cara - Canon M5 Madrid | Distribuidor oficial Canon\",\"isPartOf\":{\"@id\":\"https:\\\/\\\/canonm5.com\\\/#website\"},\"primaryImageOfPage\":{\"@id\":\"https:\\\/\\\/canonm5.com\\\/index.php\\\/producto\\\/brother-ads4100-escaner-documental-hasta-70ppm-alimentador-automatico-doble-cara\\\/#primaryimage\"},\"image\":{\"@id\":\"https:\\\/\\\/canonm5.com\\\/index.php\\\/producto\\\/brother-ads4100-escaner-documental-hasta-70ppm-alimentador-automatico-doble-cara\\\/#primaryimage\"},\"thumbnailUrl\":\"https:\\\/\\\/canonm5.com\\\/wp-content\\\/uploads\\\/2025\\\/04\\\/ESB.jpg\",\"datePublished\":\"2025-04-21T08:14:11+00:00\",\"dateModified\":\"2026-04-15T08:32:23+00:00\",\"description\":\"Esc\u00e1ner de sobremesa, muy compacto, con conexi\u00f3n por USB. Puede escanear a una velocidad de hasta 70 p\u00e1ginas por minuto a doble cara y cuenta con una capacidad de alimentaci\u00f3n de papel de 60 hojas. Permite escanear a una memoria USB sin necesidad de estar conectado a un PC. Dise\u00f1o sencillo, f\u00e1cil configuraci\u00f3n y uso.\",\"breadcrumb\":{\"@id\":\"https:\\\/\\\/canonm5.com\\\/index.php\\\/producto\\\/brother-ads4100-escaner-documental-hasta-70ppm-alimentador-automatico-doble-cara\\\/#breadcrumb\"},\"inLanguage\":\"es\",\"potentialAction\":[{\"@type\":\"ReadAction\",\"target\":[\"https:\\\/\\\/canonm5.com\\\/index.php\\\/producto\\\/brother-ads4100-escaner-documental-hasta-70ppm-alimentador-automatico-doble-cara\\\/\"]}]},{\"@type\":\"ImageObject\",\"inLanguage\":\"es\",\"@id\":\"https:\\\/\\\/canonm5.com\\\/index.php\\\/producto\\\/brother-ads4100-escaner-documental-hasta-70ppm-alimentador-automatico-doble-cara\\\/#primaryimage\",\"url\":\"https:\\\/\\\/canonm5.com\\\/wp-content\\\/uploads\\\/2025\\\/04\\\/ESB.jpg\",\"contentUrl\":\"https:\\\/\\\/canonm5.com\\\/wp-content\\\/uploads\\\/2025\\\/04\\\/ESB.jpg\",\"width\":600,\"height\":600},{\"@type\":\"BreadcrumbList\",\"@id\":\"https:\\\/\\\/canonm5.com\\\/index.php\\\/producto\\\/brother-ads4100-escaner-documental-hasta-70ppm-alimentador-automatico-doble-cara\\\/#breadcrumb\",\"itemListElement\":[{\"@type\":\"ListItem\",\"position\":1,\"name\":\"Portada\",\"item\":\"https:\\\/\\\/canonm5.com\\\/\"},{\"@type\":\"ListItem\",\"position\":2,\"name\":\"Nuestros productos\",\"item\":\"https:\\\/\\\/canonm5.com\\\/index.php\\\/productos\\\/\"},{\"@type\":\"ListItem\",\"position\":3,\"name\":\"Brother ADS4100 Escaner Documental &#8211; Hasta 70ppm &#8211; Alimentador Automatico &#8211; Doble Cara\"}]},{\"@type\":\"WebSite\",\"@id\":\"https:\\\/\\\/canonm5.com\\\/#website\",\"url\":\"https:\\\/\\\/canonm5.com\\\/\",\"name\":\"Canon M5 Madrid | Distribuidor oficial Canon\",\"description\":\"Renting de impresoras para empresas\",\"potentialAction\":[{\"@type\":\"SearchAction\",\"target\":{\"@type\":\"EntryPoint\",\"urlTemplate\":\"https:\\\/\\\/canonm5.com\\\/?s={search_term_string}\"},\"query-input\":{\"@type\":\"PropertyValueSpecification\",\"valueRequired\":true,\"valueName\":\"search_term_string\"}}],\"inLanguage\":\"es\"}]}<\/script>\n<!-- \/ Yoast SEO plugin. -->","yoast_head_json":{"title":"Brother ADS4100 Escaner Documental - Hasta 70ppm - Alimentador Automatico - Doble Cara - Canon M5 Madrid | Distribuidor oficial Canon","description":"Esc\u00e1ner de sobremesa, muy compacto, con conexi\u00f3n por USB. Puede escanear a una velocidad de hasta 70 p\u00e1ginas por minuto a doble cara y cuenta con una capacidad de alimentaci\u00f3n de papel de 60 hojas. Permite escanear a una memoria USB sin necesidad de estar conectado a un PC. Dise\u00f1o sencillo, f\u00e1cil configuraci\u00f3n y uso.","robots":{"index":"index","follow":"follow","max-snippet":"max-snippet:-1","max-image-preview":"max-image-preview:large","max-video-preview":"max-video-preview:-1"},"canonical":"https:\/\/canonm5.com\/index.php\/producto\/brother-ads4100-escaner-documental-hasta-70ppm-alimentador-automatico-doble-cara\/","og_locale":"es_ES","og_type":"article","og_title":"Brother ADS4100 Escaner Documental - Hasta 70ppm - Alimentador Automatico - Doble Cara - Canon M5 Madrid | Distribuidor oficial Canon","og_description":"Esc\u00e1ner de sobremesa, muy compacto, con conexi\u00f3n por USB. Puede escanear a una velocidad de hasta 70 p\u00e1ginas por minuto a doble cara y cuenta con una capacidad de alimentaci\u00f3n de papel de 60 hojas. Permite escanear a una memoria USB sin necesidad de estar conectado a un PC. Dise\u00f1o sencillo, f\u00e1cil configuraci\u00f3n y uso.","og_url":"https:\/\/canonm5.com\/index.php\/producto\/brother-ads4100-escaner-documental-hasta-70ppm-alimentador-automatico-doble-cara\/","og_site_name":"Canon M5 Madrid | Distribuidor oficial Canon","article_modified_time":"2026-04-15T08:32:23+00:00","og_image":[{"width":600,"height":600,"url":"https:\/\/canonm5.com\/wp-content\/uploads\/2025\/04\/ESB.jpg","type":"image\/jpeg"}],"twitter_card":"summary_large_image","twitter_misc":{"Tiempo de lectura":"2 minutos"},"schema":{"@context":"https:\/\/schema.org","@graph":[{"@type":"WebPage","@id":"https:\/\/canonm5.com\/index.php\/producto\/brother-ads4100-escaner-documental-hasta-70ppm-alimentador-automatico-doble-cara\/","url":"https:\/\/canonm5.com\/index.php\/producto\/brother-ads4100-escaner-documental-hasta-70ppm-alimentador-automatico-doble-cara\/","name":"Brother ADS4100 Escaner Documental - Hasta 70ppm - Alimentador Automatico - Doble Cara - Canon M5 Madrid | Distribuidor oficial Canon","isPartOf":{"@id":"https:\/\/canonm5.com\/#website"},"primaryImageOfPage":{"@id":"https:\/\/canonm5.com\/index.php\/producto\/brother-ads4100-escaner-documental-hasta-70ppm-alimentador-automatico-doble-cara\/#primaryimage"},"image":{"@id":"https:\/\/canonm5.com\/index.php\/producto\/brother-ads4100-escaner-documental-hasta-70ppm-alimentador-automatico-doble-cara\/#primaryimage"},"thumbnailUrl":"https:\/\/canonm5.com\/wp-content\/uploads\/2025\/04\/ESB.jpg","datePublished":"2025-04-21T08:14:11+00:00","dateModified":"2026-04-15T08:32:23+00:00","description":"Esc\u00e1ner de sobremesa, muy compacto, con conexi\u00f3n por USB. Puede escanear a una velocidad de hasta 70 p\u00e1ginas por minuto a doble cara y cuenta con una capacidad de alimentaci\u00f3n de papel de 60 hojas. Permite escanear a una memoria USB sin necesidad de estar conectado a un PC. Dise\u00f1o sencillo, f\u00e1cil configuraci\u00f3n y uso.","breadcrumb":{"@id":"https:\/\/canonm5.com\/index.php\/producto\/brother-ads4100-escaner-documental-hasta-70ppm-alimentador-automatico-doble-cara\/#breadcrumb"},"inLanguage":"es","potentialAction":[{"@type":"ReadAction","target":["https:\/\/canonm5.com\/index.php\/producto\/brother-ads4100-escaner-documental-hasta-70ppm-alimentador-automatico-doble-cara\/"]}]},{"@type":"ImageObject","inLanguage":"es","@id":"https:\/\/canonm5.com\/index.php\/producto\/brother-ads4100-escaner-documental-hasta-70ppm-alimentador-automatico-doble-cara\/#primaryimage","url":"https:\/\/canonm5.com\/wp-content\/uploads\/2025\/04\/ESB.jpg","contentUrl":"https:\/\/canonm5.com\/wp-content\/uploads\/2025\/04\/ESB.jpg","width":600,"height":600},{"@type":"BreadcrumbList","@id":"https:\/\/canonm5.com\/index.php\/producto\/brother-ads4100-escaner-documental-hasta-70ppm-alimentador-automatico-doble-cara\/#breadcrumb","itemListElement":[{"@type":"ListItem","position":1,"name":"Portada","item":"https:\/\/canonm5.com\/"},{"@type":"ListItem","position":2,"name":"Nuestros productos","item":"https:\/\/canonm5.com\/index.php\/productos\/"},{"@type":"ListItem","position":3,"name":"Brother ADS4100 Escaner Documental &#8211; Hasta 70ppm &#8211; Alimentador Automatico &#8211; Doble Cara"}]},{"@type":"WebSite","@id":"https:\/\/canonm5.com\/#website","url":"https:\/\/canonm5.com\/","name":"Canon M5 Madrid | Distribuidor oficial Canon","description":"Renting de impresoras para empresas","potentialAction":[{"@type":"SearchAction","target":{"@type":"EntryPoint","urlTemplate":"https:\/\/canonm5.com\/?s={search_term_string}"},"query-input":{"@type":"PropertyValueSpecification","valueRequired":true,"valueName":"search_term_string"}}],"inLanguage":"es"}]}},"_links":{"self":[{"href":"https:\/\/canonm5.com\/index.php\/wp-json\/wp\/v2\/product\/7683","targetHints":{"allow":["GET"]}}],"collection":[{"href":"https:\/\/canonm5.com\/index.php\/wp-json\/wp\/v2\/product"}],"about":[{"href":"https:\/\/canonm5.com\/index.php\/wp-json\/wp\/v2\/types\/product"}],"wp:featuredmedia":[{"embeddable":true,"href":"https:\/\/canonm5.com\/index.php\/wp-json\/wp\/v2\/media\/7685"}],"wp:attachment":[{"href":"https:\/\/canonm5.com\/index.php\/wp-json\/wp\/v2\/media?parent=7683"}],"wp:term":[{"taxonomy":"product_cat","embeddable":true,"href":"https:\/\/canonm5.com\/index.php\/wp-json\/wp\/v2\/product_cat?post=7683"},{"taxonomy":"product_tag","embeddable":true,"href":"https:\/\/canonm5.com\/index.php\/wp-json\/wp\/v2\/product_tag?post=7683"}],"curies":[{"name":"wp","href":"https:\/\/api.w.org\/{rel}","templated":true}]}}