{"id":7678,"date":"2025-04-21T06:59:00","date_gmt":"2025-04-21T06:59:00","guid":{"rendered":"https:\/\/canonm5.com\/?post_type=product&#038;p=7678"},"modified":"2026-04-15T08:35:41","modified_gmt":"2026-04-15T08:35:41","slug":"hp-scanjet-pro-2600-f1-escaner-documental-hasta-25ppm-alimentador-automatico-doble-cara","status":"publish","type":"product","link":"https:\/\/canonm5.com\/index.php\/producto\/hp-scanjet-pro-2600-f1-escaner-documental-hasta-25ppm-alimentador-automatico-doble-cara\/","title":{"rendered":"HP ScanJet Pro 2600 f1 Escaner Documental &#8211; Hasta 25ppm &#8211; Alimentador Automatico &#8211; Doble Cara"},"content":{"rendered":"<p>Aumenta la productividad en tareas de escaneado gracias a HP ScanJet Pro, un esc\u00e1ner compacto, fiable y dise\u00f1ado para escanear hasta 1500 p\u00e1ginas diarias. Flujos de trabajo automatizados con accesos directos de un solo clic y escaneado r\u00e1pido a doble cara desde el alimentador autom\u00e1tico de documentos.<\/p>\n<p>Resoluci\u00f3n de escaneo, \u00f3ptica.<br \/>\nHasta 600 dpi (color y monocrom\u00e1tica, ADF), Hasta 1200 dpi (color y monocrom\u00e1tica, cama plana)<\/p>\n<p>Resoluci\u00f3n de escaneo, hardware.<br \/>\nHasta 600 x 600 dpi (color y monocrom\u00e1tico, ADF), Hasta 1200 x 1200 dpi (color y monocrom\u00e1tico, esc\u00e1ner plano)<\/p>\n<p>Productividad profesional.<br \/>\nEscanea hasta 50 im\u00e1genes (25 p\u00e1ginas) por minuto1 con un alimentador de documentos de una sola pasada de 60 p\u00e1ginas a doble cara. No requiere ning\u00fan servicio de asistencia t\u00e9cnica. La conectividad USB brinda una configuraci\u00f3n r\u00e1pida y sencilla, adem\u00e1s de conexiones fiables. No espere el proceso de calentamiento: la tecnolog\u00eda de encendido instant\u00e1neo le permite comenzar a escanear r\u00e1pidamente.<\/p>\n<p>F\u00e1cil de usar.<br \/>\nEscanea una gran variedad de documentos, incluidos libros, revistas y tarjetas de identidad, desde el alimentador autom\u00e1tico de documentos o de superficie plana.<br \/>\nSimplifica los procesos de trabajo con accesos directos previamente configurados y potentes herramientas de edici\u00f3n gracias al software HP Scan Pro.<br \/>\nEscanea directamente en aplicaciones de documentos gracias a la compatibilidad con todas las funciones WIA, ISIS y TWAIN de HP.<\/p>\n<p>Escaneado fiable.<br \/>\nTen la tranquilidad de que tu esc\u00e1ner estar\u00e1 a la altura de cualquier tarea. Dise\u00f1ado para elevados vol\u00famenes diarios de hasta 1500 p\u00e1ginas.<br \/>\nConf\u00eda en un escaneado automatizado con el AAD de 60 p\u00e1ginas que brinda un escaneado autom\u00e1tico de una sola pasada a doble cara.<br \/>\nObtenga escaneos de documentos n\u00edtidos y de gran realismo, gr\u00e1ficos y fotos con hasta 1200 ppp de resoluci\u00f3n.<\/p>\n<p>S\u00f3lida seguridad<br \/>\nProt\u00e9gete con la aut\u00e9ntica validaci\u00f3n de firma de c\u00f3digo de arranque de HP que impide el arranque del dispositivo en el caso de que se modifique el c\u00f3digo.<br \/>\nActualizaciones fiables: valida y aseg\u00farate de que las actualizaciones de firmware se hayan firmado con c\u00f3digo. Solo se carga el c\u00f3digo aut\u00e9ntico de HP.<\/p>\n<p>Especificaciones:<\/p>\n<p>Exploraci\u00f3n:<\/p>\n<p>-Tama\u00f1o m\u00e1ximo de escaneado: 89 x 148 mm<br \/>\n-Resoluci\u00f3n \u00f3ptica de esc\u00e1ner: 600 x 600 DPI<br \/>\n-Resoluci\u00f3n de escaneado mejorada: 1200 x 1200 DPI<br \/>\n-Escaner a color: Si<br \/>\n-Escaneado d\u00faplex: Si<br \/>\n-Profundidad de entrada de color: 48 bit<br \/>\n-Profundidad de salida de color: 24 bit<br \/>\n-Velocidad de escaneo ADF (b\/n, A4): Hasta 25 ppm\/50 ipm<br \/>\n-Velocidad de escaneo ADF (color, A4): Hasta 25 ppm\/50 ipm<\/p>\n<p>Dise\u00f1o:<\/p>\n<p>-Tipo de escaneado: Esc\u00e1ner de superficie plana y alimentador autom\u00e1tico de documentos (ADF)<br \/>\n-Color del producto: Blanco<br \/>\n-Pantalla incorporada: Si<\/p>\n<p>Desempe\u00f1o:<\/p>\n<p>-Tipo de sensor: CIS<br \/>\n-M\u00e1xima resoluci\u00f3n de imagen: 1200 x 1200 Pixeles<br \/>\n-Formatos de archivo para escaneo: BMP, CSV, DOC, DOCX, JPEG, PDF, PNG, RTF, TIFF, XLS<br \/>\n-Ciclo de trabajo diario (max): 1500 p\u00e1ginas<br \/>\n-OCR (Reconocimiento \u00f3ptico de caracteres) integrado: Si<br \/>\n-Funciones de los botones: Cancel, Color scan, Apagado(s), Encendido<br \/>\n-Controladores de escaneado: TWAIN<\/p>\n<p>Capacidad de la entrada:<\/p>\n<p>-Capacidad del alimentador autom\u00e1tico de documentos: 60 hojas<\/p>\n<p>Direcci\u00f3n de papel:<\/p>\n<p>-Tama\u00f1o m\u00e1ximo de papel ISO A-series: A4<br \/>\n-ISO tama\u00f1o de serie A (A0&#8230;A9): A5, A6<br \/>\n-ISO tama\u00f1o de serie B (B0&#8230;B9): B5<\/p>\n<p>Puertos e Interfaces:<\/p>\n<p>-Puerto USB: Si<br \/>\n-Versi\u00f3n USB: 2.0<\/p>\n<p>Control de energ\u00eda:<\/p>\n<p>-Tipo de fuente de alimentaci\u00f3n: Corriente alterna<br \/>\n-Consumo energ\u00e9tico: 12,9 W<br \/>\n-Consumo de energ\u00eda (inactivo): 5 W<br \/>\n-Consumo de energ\u00eda (apagado): 0,06 W<br \/>\n-Modo reposo: Si<br \/>\n-Voltaje de entrada: 100 &#8211; 240 V<br \/>\n-Apagado autom\u00e1tico: Si<\/p>\n<p>Peso y dimensiones:<\/p>\n<p>-Ancho: 491,5 mm<br \/>\n-Profundidad: 325,4 mm<br \/>\n-Altura: 133,3 mm<br \/>\n-Peso: 5,4 kg<\/p>\n","protected":false},"excerpt":{"rendered":"<p>Especificaciones:<\/p>\n<p>Exploraci\u00f3n:<\/p>\n<p>-Tama\u00f1o m\u00e1ximo de escaneado: 89 x 148 mm<br \/>\n-Resoluci\u00f3n \u00f3ptica de esc\u00e1ner: 600 x 600 DPI<br \/>\n-Resoluci\u00f3n de escaneado mejorada: 1200 x 1200 DPI<br \/>\n-Escaner a color: Si<br \/>\n-Escaneado d\u00faplex: Si<br \/>\n-Profundidad de entrada de color: 48 bit<br \/>\n-Profundidad de salida de color: 24 bit<br \/>\n-Velocidad de escaneo ADF (b\/n, A4): Hasta 25 ppm\/50 ipm<br \/>\n-Velocidad de escaneo ADF (color, A4): Hasta 25 ppm\/50 ipm<\/p>\n<p>Dise\u00f1o:<\/p>\n<p>-Tipo de escaneado: Esc\u00e1ner de superficie plana y alimentador autom\u00e1tico de documentos (ADF)<br \/>\n-Color del producto: Blanco<br \/>\n-Pantalla incorporada: Si<\/p>\n<p>Desempe\u00f1o:<\/p>\n<p>-Tipo de sensor: CIS<br \/>\n-M\u00e1xima resoluci\u00f3n de imagen: 1200 x 1200 Pixeles<br \/>\n-Formatos de archivo para escaneo: BMP, CSV, DOC, DOCX, JPEG, PDF, PNG, RTF, TIFF, XLS<br \/>\n-Ciclo de trabajo diario (max): 1500 p\u00e1ginas<br \/>\n-OCR (Reconocimiento \u00f3ptico de caracteres) integrado: Si<br \/>\n-Funciones de los botones: Cancel, Color scan, Apagado(s), Encendido<br \/>\n-Controladores de escaneado: TWAIN<\/p>\n<p>Capacidad de la entrada:<\/p>\n<p>-Capacidad del alimentador autom\u00e1tico de documentos: 60 hojas<\/p>\n<p>Direcci\u00f3n de papel:<\/p>\n<p>-Tama\u00f1o m\u00e1ximo de papel ISO A-series: A4<br \/>\n-ISO tama\u00f1o de serie A (A0&#8230;A9): A5, A6<br \/>\n-ISO tama\u00f1o de serie B (B0&#8230;B9): B5<\/p>\n<p>Puertos e Interfaces:<\/p>\n<p>-Puerto USB: Si<br \/>\n-Versi\u00f3n USB: 2.0<\/p>\n<p>Control de energ\u00eda:<\/p>\n<p>-Tipo de fuente de alimentaci\u00f3n: Corriente alterna<br \/>\n-Consumo energ\u00e9tico: 12,9 W<br \/>\n-Consumo de energ\u00eda (inactivo): 5 W<br \/>\n-Consumo de energ\u00eda (apagado): 0,06 W<br \/>\n-Modo reposo: Si<br \/>\n-Voltaje de entrada: 100 &#8211; 240 V<br \/>\n-Apagado autom\u00e1tico: Si<\/p>\n<p>Peso y dimensiones:<\/p>\n<p>-Ancho: 491,5 mm<br \/>\n-Profundidad: 325,4 mm<br \/>\n-Altura: 133,3 mm<br \/>\n-Peso: 5,4 kg<\/p>\n","protected":false},"featured_media":7681,"template":"","meta":{"_et_pb_use_builder":"","_et_pb_old_content":"","_et_gb_content_width":"","_joinchat":[]},"product_cat":[1048],"product_tag":[2771,180,2770,1049,382,2769],"class_list":{"0":"post-7678","1":"product","2":"type-product","3":"status-publish","4":"has-post-thumbnail","6":"product_cat-escaner","7":"product_tag-alimentador-automatico","8":"product_tag-doble-cara","9":"product_tag-documental","10":"product_tag-escaner","11":"product_tag-hp","12":"product_tag-pro-2600","14":"first","15":"instock","16":"taxable","17":"shipping-taxable","18":"product-type-simple"},"yoast_head":"<!-- This site is optimized with the Yoast SEO plugin v27.4 - https:\/\/yoast.com\/product\/yoast-seo-wordpress\/ -->\n<title>HP ScanJet Pro 2600 f1 Escaner Documental - Hasta 25ppm - Alimentador Automatico - Doble Cara - Canon M5 Madrid | Distribuidor oficial Canon<\/title>\n<meta name=\"description\" content=\"Aumenta la productividad en tareas de escaneado gracias a HP ScanJet Pro, un esc\u00e1ner compacto, fiable y dise\u00f1ado para escanear hasta 1500 p\u00e1ginas diarias. Flujos de trabajo automatizados con accesos directos de un solo clic y escaneado r\u00e1pido a doble cara desde el alimentador autom\u00e1tico de documentos.\" \/>\n<meta name=\"robots\" content=\"index, follow, max-snippet:-1, max-image-preview:large, max-video-preview:-1\" \/>\n<link rel=\"canonical\" href=\"https:\/\/canonm5.com\/index.php\/producto\/hp-scanjet-pro-2600-f1-escaner-documental-hasta-25ppm-alimentador-automatico-doble-cara\/\" \/>\n<meta property=\"og:locale\" content=\"es_ES\" \/>\n<meta property=\"og:type\" content=\"article\" \/>\n<meta property=\"og:title\" content=\"HP ScanJet Pro 2600 f1 Escaner Documental - Hasta 25ppm - Alimentador Automatico - Doble Cara - Canon M5 Madrid | Distribuidor oficial Canon\" \/>\n<meta property=\"og:description\" content=\"Aumenta la productividad en tareas de escaneado gracias a HP ScanJet Pro, un esc\u00e1ner compacto, fiable y dise\u00f1ado para escanear hasta 1500 p\u00e1ginas diarias. Flujos de trabajo automatizados con accesos directos de un solo clic y escaneado r\u00e1pido a doble cara desde el alimentador autom\u00e1tico de documentos.\" \/>\n<meta property=\"og:url\" content=\"https:\/\/canonm5.com\/index.php\/producto\/hp-scanjet-pro-2600-f1-escaner-documental-hasta-25ppm-alimentador-automatico-doble-cara\/\" \/>\n<meta property=\"og:site_name\" content=\"Canon M5 Madrid | Distribuidor oficial Canon\" \/>\n<meta property=\"article:modified_time\" content=\"2026-04-15T08:35:41+00:00\" \/>\n<meta property=\"og:image\" content=\"https:\/\/canonm5.com\/wp-content\/uploads\/2025\/04\/ESH1.jpg\" \/>\n\t<meta property=\"og:image:width\" content=\"800\" \/>\n\t<meta property=\"og:image:height\" content=\"800\" \/>\n\t<meta property=\"og:image:type\" content=\"image\/jpeg\" \/>\n<meta name=\"twitter:card\" content=\"summary_large_image\" \/>\n<meta name=\"twitter:label1\" content=\"Tiempo de lectura\" \/>\n\t<meta name=\"twitter:data1\" content=\"3 minutos\" \/>\n<script type=\"application\/ld+json\" class=\"yoast-schema-graph\">{\"@context\":\"https:\\\/\\\/schema.org\",\"@graph\":[{\"@type\":\"WebPage\",\"@id\":\"https:\\\/\\\/canonm5.com\\\/index.php\\\/producto\\\/hp-scanjet-pro-2600-f1-escaner-documental-hasta-25ppm-alimentador-automatico-doble-cara\\\/\",\"url\":\"https:\\\/\\\/canonm5.com\\\/index.php\\\/producto\\\/hp-scanjet-pro-2600-f1-escaner-documental-hasta-25ppm-alimentador-automatico-doble-cara\\\/\",\"name\":\"HP ScanJet Pro 2600 f1 Escaner Documental - Hasta 25ppm - Alimentador Automatico - Doble Cara - Canon M5 Madrid | Distribuidor oficial Canon\",\"isPartOf\":{\"@id\":\"https:\\\/\\\/canonm5.com\\\/#website\"},\"primaryImageOfPage\":{\"@id\":\"https:\\\/\\\/canonm5.com\\\/index.php\\\/producto\\\/hp-scanjet-pro-2600-f1-escaner-documental-hasta-25ppm-alimentador-automatico-doble-cara\\\/#primaryimage\"},\"image\":{\"@id\":\"https:\\\/\\\/canonm5.com\\\/index.php\\\/producto\\\/hp-scanjet-pro-2600-f1-escaner-documental-hasta-25ppm-alimentador-automatico-doble-cara\\\/#primaryimage\"},\"thumbnailUrl\":\"https:\\\/\\\/canonm5.com\\\/wp-content\\\/uploads\\\/2025\\\/04\\\/ESH1.jpg\",\"datePublished\":\"2025-04-21T06:59:00+00:00\",\"dateModified\":\"2026-04-15T08:35:41+00:00\",\"description\":\"Aumenta la productividad en tareas de escaneado gracias a HP ScanJet Pro, un esc\u00e1ner compacto, fiable y dise\u00f1ado para escanear hasta 1500 p\u00e1ginas diarias. Flujos de trabajo automatizados con accesos directos de un solo clic y escaneado r\u00e1pido a doble cara desde el alimentador autom\u00e1tico de documentos.\",\"breadcrumb\":{\"@id\":\"https:\\\/\\\/canonm5.com\\\/index.php\\\/producto\\\/hp-scanjet-pro-2600-f1-escaner-documental-hasta-25ppm-alimentador-automatico-doble-cara\\\/#breadcrumb\"},\"inLanguage\":\"es\",\"potentialAction\":[{\"@type\":\"ReadAction\",\"target\":[\"https:\\\/\\\/canonm5.com\\\/index.php\\\/producto\\\/hp-scanjet-pro-2600-f1-escaner-documental-hasta-25ppm-alimentador-automatico-doble-cara\\\/\"]}]},{\"@type\":\"ImageObject\",\"inLanguage\":\"es\",\"@id\":\"https:\\\/\\\/canonm5.com\\\/index.php\\\/producto\\\/hp-scanjet-pro-2600-f1-escaner-documental-hasta-25ppm-alimentador-automatico-doble-cara\\\/#primaryimage\",\"url\":\"https:\\\/\\\/canonm5.com\\\/wp-content\\\/uploads\\\/2025\\\/04\\\/ESH1.jpg\",\"contentUrl\":\"https:\\\/\\\/canonm5.com\\\/wp-content\\\/uploads\\\/2025\\\/04\\\/ESH1.jpg\",\"width\":800,\"height\":800},{\"@type\":\"BreadcrumbList\",\"@id\":\"https:\\\/\\\/canonm5.com\\\/index.php\\\/producto\\\/hp-scanjet-pro-2600-f1-escaner-documental-hasta-25ppm-alimentador-automatico-doble-cara\\\/#breadcrumb\",\"itemListElement\":[{\"@type\":\"ListItem\",\"position\":1,\"name\":\"Portada\",\"item\":\"https:\\\/\\\/canonm5.com\\\/\"},{\"@type\":\"ListItem\",\"position\":2,\"name\":\"Nuestros productos\",\"item\":\"https:\\\/\\\/canonm5.com\\\/index.php\\\/productos\\\/\"},{\"@type\":\"ListItem\",\"position\":3,\"name\":\"HP ScanJet Pro 2600 f1 Escaner Documental &#8211; Hasta 25ppm &#8211; Alimentador Automatico &#8211; Doble Cara\"}]},{\"@type\":\"WebSite\",\"@id\":\"https:\\\/\\\/canonm5.com\\\/#website\",\"url\":\"https:\\\/\\\/canonm5.com\\\/\",\"name\":\"Canon M5 Madrid | Distribuidor oficial Canon\",\"description\":\"Renting de impresoras para empresas\",\"potentialAction\":[{\"@type\":\"SearchAction\",\"target\":{\"@type\":\"EntryPoint\",\"urlTemplate\":\"https:\\\/\\\/canonm5.com\\\/?s={search_term_string}\"},\"query-input\":{\"@type\":\"PropertyValueSpecification\",\"valueRequired\":true,\"valueName\":\"search_term_string\"}}],\"inLanguage\":\"es\"}]}<\/script>\n<!-- \/ Yoast SEO plugin. -->","yoast_head_json":{"title":"HP ScanJet Pro 2600 f1 Escaner Documental - Hasta 25ppm - Alimentador Automatico - Doble Cara - Canon M5 Madrid | Distribuidor oficial Canon","description":"Aumenta la productividad en tareas de escaneado gracias a HP ScanJet Pro, un esc\u00e1ner compacto, fiable y dise\u00f1ado para escanear hasta 1500 p\u00e1ginas diarias. Flujos de trabajo automatizados con accesos directos de un solo clic y escaneado r\u00e1pido a doble cara desde el alimentador autom\u00e1tico de documentos.","robots":{"index":"index","follow":"follow","max-snippet":"max-snippet:-1","max-image-preview":"max-image-preview:large","max-video-preview":"max-video-preview:-1"},"canonical":"https:\/\/canonm5.com\/index.php\/producto\/hp-scanjet-pro-2600-f1-escaner-documental-hasta-25ppm-alimentador-automatico-doble-cara\/","og_locale":"es_ES","og_type":"article","og_title":"HP ScanJet Pro 2600 f1 Escaner Documental - Hasta 25ppm - Alimentador Automatico - Doble Cara - Canon M5 Madrid | Distribuidor oficial Canon","og_description":"Aumenta la productividad en tareas de escaneado gracias a HP ScanJet Pro, un esc\u00e1ner compacto, fiable y dise\u00f1ado para escanear hasta 1500 p\u00e1ginas diarias. Flujos de trabajo automatizados con accesos directos de un solo clic y escaneado r\u00e1pido a doble cara desde el alimentador autom\u00e1tico de documentos.","og_url":"https:\/\/canonm5.com\/index.php\/producto\/hp-scanjet-pro-2600-f1-escaner-documental-hasta-25ppm-alimentador-automatico-doble-cara\/","og_site_name":"Canon M5 Madrid | Distribuidor oficial Canon","article_modified_time":"2026-04-15T08:35:41+00:00","og_image":[{"width":800,"height":800,"url":"https:\/\/canonm5.com\/wp-content\/uploads\/2025\/04\/ESH1.jpg","type":"image\/jpeg"}],"twitter_card":"summary_large_image","twitter_misc":{"Tiempo de lectura":"3 minutos"},"schema":{"@context":"https:\/\/schema.org","@graph":[{"@type":"WebPage","@id":"https:\/\/canonm5.com\/index.php\/producto\/hp-scanjet-pro-2600-f1-escaner-documental-hasta-25ppm-alimentador-automatico-doble-cara\/","url":"https:\/\/canonm5.com\/index.php\/producto\/hp-scanjet-pro-2600-f1-escaner-documental-hasta-25ppm-alimentador-automatico-doble-cara\/","name":"HP ScanJet Pro 2600 f1 Escaner Documental - Hasta 25ppm - Alimentador Automatico - Doble Cara - Canon M5 Madrid | Distribuidor oficial Canon","isPartOf":{"@id":"https:\/\/canonm5.com\/#website"},"primaryImageOfPage":{"@id":"https:\/\/canonm5.com\/index.php\/producto\/hp-scanjet-pro-2600-f1-escaner-documental-hasta-25ppm-alimentador-automatico-doble-cara\/#primaryimage"},"image":{"@id":"https:\/\/canonm5.com\/index.php\/producto\/hp-scanjet-pro-2600-f1-escaner-documental-hasta-25ppm-alimentador-automatico-doble-cara\/#primaryimage"},"thumbnailUrl":"https:\/\/canonm5.com\/wp-content\/uploads\/2025\/04\/ESH1.jpg","datePublished":"2025-04-21T06:59:00+00:00","dateModified":"2026-04-15T08:35:41+00:00","description":"Aumenta la productividad en tareas de escaneado gracias a HP ScanJet Pro, un esc\u00e1ner compacto, fiable y dise\u00f1ado para escanear hasta 1500 p\u00e1ginas diarias. Flujos de trabajo automatizados con accesos directos de un solo clic y escaneado r\u00e1pido a doble cara desde el alimentador autom\u00e1tico de documentos.","breadcrumb":{"@id":"https:\/\/canonm5.com\/index.php\/producto\/hp-scanjet-pro-2600-f1-escaner-documental-hasta-25ppm-alimentador-automatico-doble-cara\/#breadcrumb"},"inLanguage":"es","potentialAction":[{"@type":"ReadAction","target":["https:\/\/canonm5.com\/index.php\/producto\/hp-scanjet-pro-2600-f1-escaner-documental-hasta-25ppm-alimentador-automatico-doble-cara\/"]}]},{"@type":"ImageObject","inLanguage":"es","@id":"https:\/\/canonm5.com\/index.php\/producto\/hp-scanjet-pro-2600-f1-escaner-documental-hasta-25ppm-alimentador-automatico-doble-cara\/#primaryimage","url":"https:\/\/canonm5.com\/wp-content\/uploads\/2025\/04\/ESH1.jpg","contentUrl":"https:\/\/canonm5.com\/wp-content\/uploads\/2025\/04\/ESH1.jpg","width":800,"height":800},{"@type":"BreadcrumbList","@id":"https:\/\/canonm5.com\/index.php\/producto\/hp-scanjet-pro-2600-f1-escaner-documental-hasta-25ppm-alimentador-automatico-doble-cara\/#breadcrumb","itemListElement":[{"@type":"ListItem","position":1,"name":"Portada","item":"https:\/\/canonm5.com\/"},{"@type":"ListItem","position":2,"name":"Nuestros productos","item":"https:\/\/canonm5.com\/index.php\/productos\/"},{"@type":"ListItem","position":3,"name":"HP ScanJet Pro 2600 f1 Escaner Documental &#8211; Hasta 25ppm &#8211; Alimentador Automatico &#8211; Doble Cara"}]},{"@type":"WebSite","@id":"https:\/\/canonm5.com\/#website","url":"https:\/\/canonm5.com\/","name":"Canon M5 Madrid | Distribuidor oficial Canon","description":"Renting de impresoras para empresas","potentialAction":[{"@type":"SearchAction","target":{"@type":"EntryPoint","urlTemplate":"https:\/\/canonm5.com\/?s={search_term_string}"},"query-input":{"@type":"PropertyValueSpecification","valueRequired":true,"valueName":"search_term_string"}}],"inLanguage":"es"}]}},"_links":{"self":[{"href":"https:\/\/canonm5.com\/index.php\/wp-json\/wp\/v2\/product\/7678","targetHints":{"allow":["GET"]}}],"collection":[{"href":"https:\/\/canonm5.com\/index.php\/wp-json\/wp\/v2\/product"}],"about":[{"href":"https:\/\/canonm5.com\/index.php\/wp-json\/wp\/v2\/types\/product"}],"wp:featuredmedia":[{"embeddable":true,"href":"https:\/\/canonm5.com\/index.php\/wp-json\/wp\/v2\/media\/7681"}],"wp:attachment":[{"href":"https:\/\/canonm5.com\/index.php\/wp-json\/wp\/v2\/media?parent=7678"}],"wp:term":[{"taxonomy":"product_cat","embeddable":true,"href":"https:\/\/canonm5.com\/index.php\/wp-json\/wp\/v2\/product_cat?post=7678"},{"taxonomy":"product_tag","embeddable":true,"href":"https:\/\/canonm5.com\/index.php\/wp-json\/wp\/v2\/product_tag?post=7678"}],"curies":[{"name":"wp","href":"https:\/\/api.w.org\/{rel}","templated":true}]}}