{"id":7649,"date":"2025-04-16T06:15:38","date_gmt":"2025-04-16T06:15:38","guid":{"rendered":"https:\/\/canonm5.com\/?post_type=product&#038;p=7649"},"modified":"2026-04-15T09:05:42","modified_gmt":"2026-04-15T09:05:42","slug":"rexel-optimum-autofeed-45x-destructora-automatica-de-corte-en-particulas-20l-alimentacion-automatica-45-hojas-ranura-manual-6-hojas-anti-atasco-2","status":"publish","type":"product","link":"https:\/\/canonm5.com\/index.php\/producto\/rexel-optimum-autofeed-45x-destructora-automatica-de-corte-en-particulas-20l-alimentacion-automatica-45-hojas-ranura-manual-6-hojas-anti-atasco-2\/","title":{"rendered":"Rexel Optimum AutoFeed 45X Destructora Automatica de Corte en Particulas- 20L &#8211; Alimentacion Automatica 45 hojas &#8211; Ranura Manual 6 Hojas &#8211; Anti Atasco"},"content":{"rendered":"<p>La destructora de corte en part\u00edculas Optimum AutoFeed 45X tritura autom\u00e1ticamente hasta 45 hojas de papel A4 (80 grs.) a la vez, en part\u00edculas P-4 (4&#215;28 mm). Esta destructora de alimentaci\u00f3n autom\u00e1tica es ideal para su uso como trituradora dom\u00e9stica o de oficina dom\u00e9stica debido a su papelera compacta de 20 litros. No es necesario alimentar manualmente el papel, ni quitar grapas y clips de papel primero, esta destructora de papel autom\u00e1tica har\u00e1 todo el trabajo por ti.<\/p>\n<p>Caracter\u00edsticas:<\/p>\n<p>-Alimentaci\u00f3n autom\u00e1tica de hasta 45 hojas de papel A4 (80 grs.) a la vez. Ranura manual hasta 6 hojas.<br \/>\n-Corte en part\u00edculas P-4 (4x28mm).<br \/>\n-Capacidad de la papelera de 20l con tapa extra\u00edble.<br \/>\n-Tecnolog\u00eda anti atascos.<br \/>\n-Destruye tarjetas de cr\u00e9dito, grapas y clips.<br \/>\n-10 minutos de tiempo de funcionamiento continuo con enfriamiento del ventilador.<br \/>\n-Panel de control t\u00e1ctil.<br \/>\n-Nivel de ruido ultra silencioso de 55 dBA.<br \/>\n-Sensor de compartimento lleno con infrarrojos.<\/p>\n<p>Especificaciones:<\/p>\n<p>-Color: Negro<br \/>\n-Dimensiones: 363 x 345 x 430<br \/>\n-Tiempo de funcionamiento desde fr\u00edo: 10<br \/>\n-M\u00e1xima amplitud de entrada (mm): 220<br \/>\n-Capacidad de corte (hojas 80 grs): Alimentaci\u00f3n autom\u00e1tica 45 hojas (m\u00e1x.). Ranura manual de hasta 6 hojas (80 grs.).<br \/>\n-Tipo de corte: Corte en part\u00edculas<br \/>\n-Capacidad de la papelera en l: 20<br \/>\n-Material destruido: Tarjetas de cr\u00e9dito, grapas y clips.<br \/>\n-Peso: 9,95<\/p>\n","protected":false},"excerpt":{"rendered":"<p>Caracter\u00edsticas:<\/p>\n<p>-Alimentaci\u00f3n autom\u00e1tica de hasta 45 hojas de papel A4 (80 grs.) a la vez. Ranura manual hasta 6 hojas.<br \/>\n-Corte en part\u00edculas P-4 (4x28mm).<br \/>\n-Capacidad de la papelera de 20l con tapa extra\u00edble.<br \/>\n-Tecnolog\u00eda anti atascos.<br \/>\n-Destruye tarjetas de cr\u00e9dito, grapas y clips.<br \/>\n-10 minutos de tiempo de funcionamiento continuo con enfriamiento del ventilador.<br \/>\n-Panel de control t\u00e1ctil.<br \/>\n-Nivel de ruido ultra silencioso de 55 dBA.<br \/>\n-Sensor de compartimento lleno con infrarrojos.<\/p>\n<p>Especificaciones:<\/p>\n<p>-Color: Negro<br \/>\n-Dimensiones: 363 x 345 x 430<br \/>\n-Tiempo de funcionamiento desde fr\u00edo: 10<br \/>\n-M\u00e1xima amplitud de entrada (mm): 220<br \/>\n-Capacidad de corte (hojas 80 grs): Alimentaci\u00f3n autom\u00e1tica 45 hojas (m\u00e1x.). Ranura manual de hasta 6 hojas (80 grs.).<br \/>\n-Tipo de corte: Corte en part\u00edculas<br \/>\n-Capacidad de la papelera en l: 20<br \/>\n-Material destruido: Tarjetas de cr\u00e9dito, grapas y clips.<br \/>\n-Peso: 9,95<\/p>\n","protected":false},"featured_media":7651,"template":"","meta":{"_et_pb_use_builder":"","_et_pb_old_content":"","_et_gb_content_width":"","_joinchat":[]},"product_cat":[1233],"product_tag":[2757,1566,834,1475],"class_list":{"0":"post-7649","1":"product","2":"type-product","3":"status-publish","4":"has-post-thumbnail","6":"product_cat-destructoras","7":"product_tag-20l","8":"product_tag-automatica","9":"product_tag-destructora","10":"product_tag-rexel","12":"first","13":"instock","14":"taxable","15":"shipping-taxable","16":"product-type-simple"},"yoast_head":"<!-- This site is optimized with the Yoast SEO plugin v27.4 - https:\/\/yoast.com\/product\/yoast-seo-wordpress\/ -->\n<title>Rexel Optimum AutoFeed 45X Destructora Automatica de Corte en Particulas- 20L - Alimentacion Automatica 45 hojas - Ranura Manual 6 Hojas - Anti Atasco - Canon M5 Madrid | Distribuidor oficial Canon<\/title>\n<meta name=\"description\" content=\"La destructora de corte en part\u00edculas Optimum AutoFeed 45X tritura autom\u00e1ticamente hasta 45 hojas de papel A4 (80 grs.) a la vez, en part\u00edculas P-4 (4x28 mm). Esta destructora de alimentaci\u00f3n autom\u00e1tica es ideal para su uso como trituradora dom\u00e9stica o de oficina dom\u00e9stica debido a su papelera compacta de 20 litros. No es necesario alimentar manualmente el papel, ni quitar grapas y clips de papel primero, esta destructora de papel autom\u00e1tica har\u00e1 todo el trabajo por ti.\" \/>\n<meta name=\"robots\" content=\"index, follow, max-snippet:-1, max-image-preview:large, max-video-preview:-1\" \/>\n<link rel=\"canonical\" href=\"https:\/\/canonm5.com\/index.php\/producto\/rexel-optimum-autofeed-45x-destructora-automatica-de-corte-en-particulas-20l-alimentacion-automatica-45-hojas-ranura-manual-6-hojas-anti-atasco-2\/\" \/>\n<meta property=\"og:locale\" content=\"es_ES\" \/>\n<meta property=\"og:type\" content=\"article\" \/>\n<meta property=\"og:title\" content=\"Rexel Optimum AutoFeed 45X Destructora Automatica de Corte en Particulas- 20L - Alimentacion Automatica 45 hojas - Ranura Manual 6 Hojas - Anti Atasco - Canon M5 Madrid | Distribuidor oficial Canon\" \/>\n<meta property=\"og:description\" content=\"La destructora de corte en part\u00edculas Optimum AutoFeed 45X tritura autom\u00e1ticamente hasta 45 hojas de papel A4 (80 grs.) a la vez, en part\u00edculas P-4 (4x28 mm). Esta destructora de alimentaci\u00f3n autom\u00e1tica es ideal para su uso como trituradora dom\u00e9stica o de oficina dom\u00e9stica debido a su papelera compacta de 20 litros. No es necesario alimentar manualmente el papel, ni quitar grapas y clips de papel primero, esta destructora de papel autom\u00e1tica har\u00e1 todo el trabajo por ti.\" \/>\n<meta property=\"og:url\" content=\"https:\/\/canonm5.com\/index.php\/producto\/rexel-optimum-autofeed-45x-destructora-automatica-de-corte-en-particulas-20l-alimentacion-automatica-45-hojas-ranura-manual-6-hojas-anti-atasco-2\/\" \/>\n<meta property=\"og:site_name\" content=\"Canon M5 Madrid | Distribuidor oficial Canon\" \/>\n<meta property=\"article:modified_time\" content=\"2026-04-15T09:05:42+00:00\" \/>\n<meta property=\"og:image\" content=\"https:\/\/canonm5.com\/wp-content\/uploads\/2025\/04\/DEST.jpg\" \/>\n\t<meta property=\"og:image:width\" content=\"440\" \/>\n\t<meta property=\"og:image:height\" content=\"578\" \/>\n\t<meta property=\"og:image:type\" content=\"image\/jpeg\" \/>\n<meta name=\"twitter:card\" content=\"summary_large_image\" \/>\n<meta name=\"twitter:label1\" content=\"Tiempo de lectura\" \/>\n\t<meta name=\"twitter:data1\" content=\"2 minutos\" \/>\n<script type=\"application\/ld+json\" class=\"yoast-schema-graph\">{\"@context\":\"https:\\\/\\\/schema.org\",\"@graph\":[{\"@type\":\"WebPage\",\"@id\":\"https:\\\/\\\/canonm5.com\\\/index.php\\\/producto\\\/rexel-optimum-autofeed-45x-destructora-automatica-de-corte-en-particulas-20l-alimentacion-automatica-45-hojas-ranura-manual-6-hojas-anti-atasco-2\\\/\",\"url\":\"https:\\\/\\\/canonm5.com\\\/index.php\\\/producto\\\/rexel-optimum-autofeed-45x-destructora-automatica-de-corte-en-particulas-20l-alimentacion-automatica-45-hojas-ranura-manual-6-hojas-anti-atasco-2\\\/\",\"name\":\"Rexel Optimum AutoFeed 45X Destructora Automatica de Corte en Particulas- 20L - Alimentacion Automatica 45 hojas - Ranura Manual 6 Hojas - Anti Atasco - Canon M5 Madrid | Distribuidor oficial Canon\",\"isPartOf\":{\"@id\":\"https:\\\/\\\/canonm5.com\\\/#website\"},\"primaryImageOfPage\":{\"@id\":\"https:\\\/\\\/canonm5.com\\\/index.php\\\/producto\\\/rexel-optimum-autofeed-45x-destructora-automatica-de-corte-en-particulas-20l-alimentacion-automatica-45-hojas-ranura-manual-6-hojas-anti-atasco-2\\\/#primaryimage\"},\"image\":{\"@id\":\"https:\\\/\\\/canonm5.com\\\/index.php\\\/producto\\\/rexel-optimum-autofeed-45x-destructora-automatica-de-corte-en-particulas-20l-alimentacion-automatica-45-hojas-ranura-manual-6-hojas-anti-atasco-2\\\/#primaryimage\"},\"thumbnailUrl\":\"https:\\\/\\\/canonm5.com\\\/wp-content\\\/uploads\\\/2025\\\/04\\\/DEST.jpg\",\"datePublished\":\"2025-04-16T06:15:38+00:00\",\"dateModified\":\"2026-04-15T09:05:42+00:00\",\"description\":\"La destructora de corte en part\u00edculas Optimum AutoFeed 45X tritura autom\u00e1ticamente hasta 45 hojas de papel A4 (80 grs.) a la vez, en part\u00edculas P-4 (4x28 mm). Esta destructora de alimentaci\u00f3n autom\u00e1tica es ideal para su uso como trituradora dom\u00e9stica o de oficina dom\u00e9stica debido a su papelera compacta de 20 litros. No es necesario alimentar manualmente el papel, ni quitar grapas y clips de papel primero, esta destructora de papel autom\u00e1tica har\u00e1 todo el trabajo por ti.\",\"breadcrumb\":{\"@id\":\"https:\\\/\\\/canonm5.com\\\/index.php\\\/producto\\\/rexel-optimum-autofeed-45x-destructora-automatica-de-corte-en-particulas-20l-alimentacion-automatica-45-hojas-ranura-manual-6-hojas-anti-atasco-2\\\/#breadcrumb\"},\"inLanguage\":\"es\",\"potentialAction\":[{\"@type\":\"ReadAction\",\"target\":[\"https:\\\/\\\/canonm5.com\\\/index.php\\\/producto\\\/rexel-optimum-autofeed-45x-destructora-automatica-de-corte-en-particulas-20l-alimentacion-automatica-45-hojas-ranura-manual-6-hojas-anti-atasco-2\\\/\"]}]},{\"@type\":\"ImageObject\",\"inLanguage\":\"es\",\"@id\":\"https:\\\/\\\/canonm5.com\\\/index.php\\\/producto\\\/rexel-optimum-autofeed-45x-destructora-automatica-de-corte-en-particulas-20l-alimentacion-automatica-45-hojas-ranura-manual-6-hojas-anti-atasco-2\\\/#primaryimage\",\"url\":\"https:\\\/\\\/canonm5.com\\\/wp-content\\\/uploads\\\/2025\\\/04\\\/DEST.jpg\",\"contentUrl\":\"https:\\\/\\\/canonm5.com\\\/wp-content\\\/uploads\\\/2025\\\/04\\\/DEST.jpg\",\"width\":440,\"height\":578},{\"@type\":\"BreadcrumbList\",\"@id\":\"https:\\\/\\\/canonm5.com\\\/index.php\\\/producto\\\/rexel-optimum-autofeed-45x-destructora-automatica-de-corte-en-particulas-20l-alimentacion-automatica-45-hojas-ranura-manual-6-hojas-anti-atasco-2\\\/#breadcrumb\",\"itemListElement\":[{\"@type\":\"ListItem\",\"position\":1,\"name\":\"Portada\",\"item\":\"https:\\\/\\\/canonm5.com\\\/\"},{\"@type\":\"ListItem\",\"position\":2,\"name\":\"Nuestros productos\",\"item\":\"https:\\\/\\\/canonm5.com\\\/index.php\\\/productos\\\/\"},{\"@type\":\"ListItem\",\"position\":3,\"name\":\"Rexel Optimum AutoFeed 45X Destructora Automatica de Corte en Particulas- 20L &#8211; Alimentacion Automatica 45 hojas &#8211; Ranura Manual 6 Hojas &#8211; Anti Atasco\"}]},{\"@type\":\"WebSite\",\"@id\":\"https:\\\/\\\/canonm5.com\\\/#website\",\"url\":\"https:\\\/\\\/canonm5.com\\\/\",\"name\":\"Canon M5 Madrid | Distribuidor oficial Canon\",\"description\":\"Renting de impresoras para empresas\",\"potentialAction\":[{\"@type\":\"SearchAction\",\"target\":{\"@type\":\"EntryPoint\",\"urlTemplate\":\"https:\\\/\\\/canonm5.com\\\/?s={search_term_string}\"},\"query-input\":{\"@type\":\"PropertyValueSpecification\",\"valueRequired\":true,\"valueName\":\"search_term_string\"}}],\"inLanguage\":\"es\"}]}<\/script>\n<!-- \/ Yoast SEO plugin. -->","yoast_head_json":{"title":"Rexel Optimum AutoFeed 45X Destructora Automatica de Corte en Particulas- 20L - Alimentacion Automatica 45 hojas - Ranura Manual 6 Hojas - Anti Atasco - Canon M5 Madrid | Distribuidor oficial Canon","description":"La destructora de corte en part\u00edculas Optimum AutoFeed 45X tritura autom\u00e1ticamente hasta 45 hojas de papel A4 (80 grs.) a la vez, en part\u00edculas P-4 (4x28 mm). Esta destructora de alimentaci\u00f3n autom\u00e1tica es ideal para su uso como trituradora dom\u00e9stica o de oficina dom\u00e9stica debido a su papelera compacta de 20 litros. No es necesario alimentar manualmente el papel, ni quitar grapas y clips de papel primero, esta destructora de papel autom\u00e1tica har\u00e1 todo el trabajo por ti.","robots":{"index":"index","follow":"follow","max-snippet":"max-snippet:-1","max-image-preview":"max-image-preview:large","max-video-preview":"max-video-preview:-1"},"canonical":"https:\/\/canonm5.com\/index.php\/producto\/rexel-optimum-autofeed-45x-destructora-automatica-de-corte-en-particulas-20l-alimentacion-automatica-45-hojas-ranura-manual-6-hojas-anti-atasco-2\/","og_locale":"es_ES","og_type":"article","og_title":"Rexel Optimum AutoFeed 45X Destructora Automatica de Corte en Particulas- 20L - Alimentacion Automatica 45 hojas - Ranura Manual 6 Hojas - Anti Atasco - Canon M5 Madrid | Distribuidor oficial Canon","og_description":"La destructora de corte en part\u00edculas Optimum AutoFeed 45X tritura autom\u00e1ticamente hasta 45 hojas de papel A4 (80 grs.) a la vez, en part\u00edculas P-4 (4x28 mm). Esta destructora de alimentaci\u00f3n autom\u00e1tica es ideal para su uso como trituradora dom\u00e9stica o de oficina dom\u00e9stica debido a su papelera compacta de 20 litros. No es necesario alimentar manualmente el papel, ni quitar grapas y clips de papel primero, esta destructora de papel autom\u00e1tica har\u00e1 todo el trabajo por ti.","og_url":"https:\/\/canonm5.com\/index.php\/producto\/rexel-optimum-autofeed-45x-destructora-automatica-de-corte-en-particulas-20l-alimentacion-automatica-45-hojas-ranura-manual-6-hojas-anti-atasco-2\/","og_site_name":"Canon M5 Madrid | Distribuidor oficial Canon","article_modified_time":"2026-04-15T09:05:42+00:00","og_image":[{"width":440,"height":578,"url":"https:\/\/canonm5.com\/wp-content\/uploads\/2025\/04\/DEST.jpg","type":"image\/jpeg"}],"twitter_card":"summary_large_image","twitter_misc":{"Tiempo de lectura":"2 minutos"},"schema":{"@context":"https:\/\/schema.org","@graph":[{"@type":"WebPage","@id":"https:\/\/canonm5.com\/index.php\/producto\/rexel-optimum-autofeed-45x-destructora-automatica-de-corte-en-particulas-20l-alimentacion-automatica-45-hojas-ranura-manual-6-hojas-anti-atasco-2\/","url":"https:\/\/canonm5.com\/index.php\/producto\/rexel-optimum-autofeed-45x-destructora-automatica-de-corte-en-particulas-20l-alimentacion-automatica-45-hojas-ranura-manual-6-hojas-anti-atasco-2\/","name":"Rexel Optimum AutoFeed 45X Destructora Automatica de Corte en Particulas- 20L - Alimentacion Automatica 45 hojas - Ranura Manual 6 Hojas - Anti Atasco - Canon M5 Madrid | Distribuidor oficial Canon","isPartOf":{"@id":"https:\/\/canonm5.com\/#website"},"primaryImageOfPage":{"@id":"https:\/\/canonm5.com\/index.php\/producto\/rexel-optimum-autofeed-45x-destructora-automatica-de-corte-en-particulas-20l-alimentacion-automatica-45-hojas-ranura-manual-6-hojas-anti-atasco-2\/#primaryimage"},"image":{"@id":"https:\/\/canonm5.com\/index.php\/producto\/rexel-optimum-autofeed-45x-destructora-automatica-de-corte-en-particulas-20l-alimentacion-automatica-45-hojas-ranura-manual-6-hojas-anti-atasco-2\/#primaryimage"},"thumbnailUrl":"https:\/\/canonm5.com\/wp-content\/uploads\/2025\/04\/DEST.jpg","datePublished":"2025-04-16T06:15:38+00:00","dateModified":"2026-04-15T09:05:42+00:00","description":"La destructora de corte en part\u00edculas Optimum AutoFeed 45X tritura autom\u00e1ticamente hasta 45 hojas de papel A4 (80 grs.) a la vez, en part\u00edculas P-4 (4x28 mm). Esta destructora de alimentaci\u00f3n autom\u00e1tica es ideal para su uso como trituradora dom\u00e9stica o de oficina dom\u00e9stica debido a su papelera compacta de 20 litros. No es necesario alimentar manualmente el papel, ni quitar grapas y clips de papel primero, esta destructora de papel autom\u00e1tica har\u00e1 todo el trabajo por ti.","breadcrumb":{"@id":"https:\/\/canonm5.com\/index.php\/producto\/rexel-optimum-autofeed-45x-destructora-automatica-de-corte-en-particulas-20l-alimentacion-automatica-45-hojas-ranura-manual-6-hojas-anti-atasco-2\/#breadcrumb"},"inLanguage":"es","potentialAction":[{"@type":"ReadAction","target":["https:\/\/canonm5.com\/index.php\/producto\/rexel-optimum-autofeed-45x-destructora-automatica-de-corte-en-particulas-20l-alimentacion-automatica-45-hojas-ranura-manual-6-hojas-anti-atasco-2\/"]}]},{"@type":"ImageObject","inLanguage":"es","@id":"https:\/\/canonm5.com\/index.php\/producto\/rexel-optimum-autofeed-45x-destructora-automatica-de-corte-en-particulas-20l-alimentacion-automatica-45-hojas-ranura-manual-6-hojas-anti-atasco-2\/#primaryimage","url":"https:\/\/canonm5.com\/wp-content\/uploads\/2025\/04\/DEST.jpg","contentUrl":"https:\/\/canonm5.com\/wp-content\/uploads\/2025\/04\/DEST.jpg","width":440,"height":578},{"@type":"BreadcrumbList","@id":"https:\/\/canonm5.com\/index.php\/producto\/rexel-optimum-autofeed-45x-destructora-automatica-de-corte-en-particulas-20l-alimentacion-automatica-45-hojas-ranura-manual-6-hojas-anti-atasco-2\/#breadcrumb","itemListElement":[{"@type":"ListItem","position":1,"name":"Portada","item":"https:\/\/canonm5.com\/"},{"@type":"ListItem","position":2,"name":"Nuestros productos","item":"https:\/\/canonm5.com\/index.php\/productos\/"},{"@type":"ListItem","position":3,"name":"Rexel Optimum AutoFeed 45X Destructora Automatica de Corte en Particulas- 20L &#8211; Alimentacion Automatica 45 hojas &#8211; Ranura Manual 6 Hojas &#8211; Anti Atasco"}]},{"@type":"WebSite","@id":"https:\/\/canonm5.com\/#website","url":"https:\/\/canonm5.com\/","name":"Canon M5 Madrid | Distribuidor oficial Canon","description":"Renting de impresoras para empresas","potentialAction":[{"@type":"SearchAction","target":{"@type":"EntryPoint","urlTemplate":"https:\/\/canonm5.com\/?s={search_term_string}"},"query-input":{"@type":"PropertyValueSpecification","valueRequired":true,"valueName":"search_term_string"}}],"inLanguage":"es"}]}},"_links":{"self":[{"href":"https:\/\/canonm5.com\/index.php\/wp-json\/wp\/v2\/product\/7649","targetHints":{"allow":["GET"]}}],"collection":[{"href":"https:\/\/canonm5.com\/index.php\/wp-json\/wp\/v2\/product"}],"about":[{"href":"https:\/\/canonm5.com\/index.php\/wp-json\/wp\/v2\/types\/product"}],"wp:featuredmedia":[{"embeddable":true,"href":"https:\/\/canonm5.com\/index.php\/wp-json\/wp\/v2\/media\/7651"}],"wp:attachment":[{"href":"https:\/\/canonm5.com\/index.php\/wp-json\/wp\/v2\/media?parent=7649"}],"wp:term":[{"taxonomy":"product_cat","embeddable":true,"href":"https:\/\/canonm5.com\/index.php\/wp-json\/wp\/v2\/product_cat?post=7649"},{"taxonomy":"product_tag","embeddable":true,"href":"https:\/\/canonm5.com\/index.php\/wp-json\/wp\/v2\/product_tag?post=7649"}],"curies":[{"name":"wp","href":"https:\/\/api.w.org\/{rel}","templated":true}]}}