{"id":7638,"date":"2025-04-14T08:52:07","date_gmt":"2025-04-14T08:52:07","guid":{"rendered":"https:\/\/canonm5.com\/?post_type=product&#038;p=7638"},"modified":"2026-04-15T09:13:46","modified_gmt":"2026-04-15T09:13:46","slug":"brother-mfc-l3740cdwe-ecopro-impresora-multifuncion-color-laser-led-wifi-duplex-fax-18ppm","status":"publish","type":"product","link":"https:\/\/canonm5.com\/index.php\/producto\/brother-mfc-l3740cdwe-ecopro-impresora-multifuncion-color-laser-led-wifi-duplex-fax-18ppm\/","title":{"rendered":"Brother MFC-L3740CDWE EcoPro Impresora Multifuncion Color Laser LED WiFi Duplex Fax 18ppm"},"content":{"rendered":"<p>Los entornos de trabajo en la oficina o en el hogar cambian continuamente con el objetivo de aumentar la eficiencia y la productividad. Por eso con la MFC-L3740CDWE EcoPro cuentas con un dispositivo fiable que imprime r\u00e1pidamente y sin esfuerzo, con:<\/p>\n<p>Caracteristicas:<\/p>\n<p>-Imprime hasta 18 p\u00e1ginas por minuto<br \/>\n-Conexi\u00f3n de red Gigabit Ethernet, WiFi 5GHz y USB<br \/>\n-Pantalla t\u00e1ctil a color de 8,8 cm<br \/>\n-Bandeja de entrada de 250 hojas<br \/>\n-Alimentador autom\u00e1tico de documentos de 50 hojas<br \/>\n-Opci\u00f3n de cartuchos XL con capacidad de hasta 3.000 p\u00e1ginas en negro y 2.300 a color<\/p>\n<p>Especificaciones:<\/p>\n<p>Velocidad de la impresi\u00f3n:<\/p>\n<p>-Tecnolog\u00eda de impresi\u00f3n: LED<br \/>\n-Impresi\u00f3n: Impresi\u00f3n a color<br \/>\n-Impresi\u00f3n d\u00faplex: Si<br \/>\n-Modo de impresi\u00f3n a doble cara: Auto<br \/>\n-Velocidad de impresi\u00f3n (negro, calidad normal, A4\/US Carta): 18 ppm<br \/>\n-Velocidad de impresi\u00f3n (color, calidad normal, A4\/US Carta): 18 ppm<br \/>\n-Resoluci\u00f3n m\u00e1xima: 600 x 2400 DPI<br \/>\n-Tiempo hasta primera p\u00e1gina (negro, normal): 15 s<br \/>\n-Impresi\u00f3n segura: Si<\/p>\n<p>Exploraci\u00f3n:<\/p>\n<p>-Escaneando: Escaneo a color<br \/>\n-Resoluci\u00f3n \u00f3ptica de esc\u00e1ner: 1200 x 1200 DPI<br \/>\n-Tecnolog\u00eda de escaneado: CIS<br \/>\n-Escanear a: Correo electr\u00f3nico, FTP, Archivo, USB<br \/>\n-Tipo de escaneado: Esc\u00e1ner con alimentador autom\u00e1tico de documentos (ADF)<\/p>\n<p>Copiado:<\/p>\n<p>-Copiando: Copia a color<br \/>\n-Resoluci\u00f3n m\u00e1xima de copia: 600 x 600 DPI<br \/>\n-Velocidad de copiado (negro, calidad normal, A4): 18 cpm<br \/>\n-Velocidad de copia (calidad normal, color, A4): 18 cpm<br \/>\n-Copia a doble cara: No<\/p>\n<p>Direcci\u00f3n de papel:<\/p>\n<p>-Tama\u00f1o m\u00e1ximo de papel ISO A-series: A4<br \/>\n-Tama\u00f1o de impresora No-ISO: Ejecutivo, Legal, Carta<br \/>\n-ISO tama\u00f1o de serie A (A0&#8230;A9): A4, A5, A6<br \/>\n-Tama\u00f1o de series JIS B (B0&#8230;B9): B5<br \/>\n-ISO tama\u00f1o de serie B (B0&#8230;B9): B5<br \/>\n-Tipos de papel: Sobres, Etiquetas, Membrete, Papel normal, Papel reciclado, Papel grueso, Papel m\u00e1s grueso, Papel fino<br \/>\n-Tama\u00f1o de sobres: Com-10, D5, DL, Monarch<\/p>\n<p>Fax:<\/p>\n<p>-Enviando por fax: Fax a color<br \/>\n-Velocidad de m\u00f3dem: 33,6 Kbit\/s<\/p>\n<p>Conexi\u00f3n:<\/p>\n<p>-Wifi: Si<br \/>\n-Ethernet: Si<br \/>\n-Ethernet LAN, velocidad de transferencia de datos: 10,100,1000 Mbit\/s<br \/>\n-Tecnolog\u00eda de cableado: 10\/100\/1000Base-T(X)<br \/>\n-Wi-Fi est\u00e1ndares: 802.11a, 802.11b, 802.11g, Wi-Fi 4 (802.11n)<\/p>\n<p>Conexi\u00f3n:<\/p>\n<p>-Algoritmos de seguridad soportados: 64-bit WEP, 128-bit WEP, WPA-AES, WPA-PSK, WPA-TKIP, WPA2-PSK<br \/>\n-Wi-Fi Direct: Si<\/p>\n<p>Puertos e Interfaces:<\/p>\n<p>-Impresi\u00f3n directa: Si<br \/>\n-Puerto USB: Si<\/p>\n<p>Capacidad de entrada y salida:<\/p>\n<p>-N\u00famero total de bandejas de entrada: 1<br \/>\n-Capacidad de entrada total: 250 hojas<br \/>\n-Alimentador autom\u00e1tico de documentos (ADF, Automatic document feeder): Si<br \/>\n-Capacidad del alimentador autom\u00e1tico de documentos: 50 hojas<br \/>\n-Capacidad de salida total: 150 hojas<\/p>\n<p>Desempe\u00f1o:<\/p>\n<p>-Memoria interna: 512 MB<\/p>\n<p>Caracter\u00edsticas:<\/p>\n<p>-Lenguajes de descripci\u00f3n de p\u00e1ginas: BR-Script 3, PCL 5c, PCL 5e, PCL 6, PDF 1.7<br \/>\n-Ciclo de trabajo (m\u00e1ximo): 3000 p\u00e1ginas por mes<br \/>\n-Funciones d\u00faplex: Imprimir<br \/>\n-N\u00famero de cartuchos de impresi\u00f3n: 2<br \/>\n-Colores de impresi\u00f3n: Negro, Cian, Magenta, Amarillo<\/p>\n<p>Dise\u00f1o:<\/p>\n<p>-Color del producto: Negro, Blanco<br \/>\n-Pantalla incorporada: Si<br \/>\n-Tipo de control: Tocar<br \/>\n-Pantalla a color. Si<br \/>\n-Posicionamiento de mercado: Hogar y oficina<\/p>\n<p>Control de energ\u00eda:<\/p>\n<p>-Consumo de energ\u00eda (copiando): 460 W<br \/>\n-Consumo de energ\u00eda (imprimiendo): 460 W<br \/>\n-Consumo energ\u00e9tico (en suspensi\u00f3n): 0,5 W<br \/>\n-Consumo de energ\u00eda (apagado): 0,04 W<br \/>\n-Enery Star Consumo Electrico T\u00edpico (TEC): 0,27 kWh\/semana<\/p>\n<p>Peso y dimensiones:<\/p>\n<p>-Ancho: 410 mm<br \/>\n-Profundidad: 444 mm<br \/>\n-Altura: 401 mm<br \/>\n-Peso: 20 kg<\/p>\n","protected":false},"excerpt":{"rendered":"<p>Caracteristicas:<\/p>\n<p>-Imprime hasta 18 p\u00e1ginas por minuto<br \/>\n-Conexi\u00f3n de red Gigabit Ethernet, WiFi 5GHz y USB<br \/>\n-Pantalla t\u00e1ctil a color de 8,8 cm<br \/>\n-Bandeja de entrada de 250 hojas<br \/>\n-Alimentador autom\u00e1tico de documentos de 50 hojas<br \/>\n-Opci\u00f3n de cartuchos XL con capacidad de hasta 3.000 p\u00e1ginas en negro y 2.300 a color<\/p>\n","protected":false},"featured_media":7639,"template":"","meta":{"_et_pb_use_builder":"","_et_pb_old_content":"","_et_gb_content_width":"","_joinchat":[]},"product_cat":[809],"product_tag":[492,927,1149,2749,2748,368,1123,2746,1012,820],"class_list":{"0":"post-7638","1":"product","2":"type-product","3":"status-publish","4":"has-post-thumbnail","6":"product_cat-impresoras","7":"product_tag-brother","8":"product_tag-color","9":"product_tag-duplex","10":"product_tag-ecopro","11":"product_tag-l3740","12":"product_tag-laser","13":"product_tag-led","14":"product_tag-mfc","15":"product_tag-multifuncion","16":"product_tag-wifi","18":"first","19":"instock","20":"taxable","21":"shipping-taxable","22":"product-type-simple"},"yoast_head":"<!-- This site is optimized with the Yoast SEO plugin v27.4 - https:\/\/yoast.com\/product\/yoast-seo-wordpress\/ -->\n<title>Brother MFC-L3740CDWE EcoPro Impresora Multifuncion Color Laser LED WiFi Duplex Fax 18ppm - Canon M5 Madrid | Distribuidor oficial Canon<\/title>\n<meta name=\"description\" content=\"Los entornos de trabajo en la oficina o en el hogar cambian continuamente con el objetivo de aumentar la eficiencia y la productividad. Por eso con la MFC-L3740CDWE EcoPro cuentas con un dispositivo fiable que imprime r\u00e1pidamente y sin esfuerzo\" \/>\n<meta name=\"robots\" content=\"index, follow, max-snippet:-1, max-image-preview:large, max-video-preview:-1\" \/>\n<link rel=\"canonical\" href=\"https:\/\/canonm5.com\/index.php\/producto\/brother-mfc-l3740cdwe-ecopro-impresora-multifuncion-color-laser-led-wifi-duplex-fax-18ppm\/\" \/>\n<meta property=\"og:locale\" content=\"es_ES\" \/>\n<meta property=\"og:type\" content=\"article\" \/>\n<meta property=\"og:title\" content=\"Brother MFC-L3740CDWE EcoPro Impresora Multifuncion Color Laser LED WiFi Duplex Fax 18ppm - Canon M5 Madrid | Distribuidor oficial Canon\" \/>\n<meta property=\"og:description\" content=\"Los entornos de trabajo en la oficina o en el hogar cambian continuamente con el objetivo de aumentar la eficiencia y la productividad. Por eso con la MFC-L3740CDWE EcoPro cuentas con un dispositivo fiable que imprime r\u00e1pidamente y sin esfuerzo\" \/>\n<meta property=\"og:url\" content=\"https:\/\/canonm5.com\/index.php\/producto\/brother-mfc-l3740cdwe-ecopro-impresora-multifuncion-color-laser-led-wifi-duplex-fax-18ppm\/\" \/>\n<meta property=\"og:site_name\" content=\"Canon M5 Madrid | Distribuidor oficial Canon\" \/>\n<meta property=\"article:modified_time\" content=\"2026-04-15T09:13:46+00:00\" \/>\n<meta property=\"og:image\" content=\"https:\/\/canonm5.com\/wp-content\/uploads\/2025\/04\/B2.jpg\" \/>\n\t<meta property=\"og:image:width\" content=\"530\" \/>\n\t<meta property=\"og:image:height\" content=\"530\" \/>\n\t<meta property=\"og:image:type\" content=\"image\/jpeg\" \/>\n<meta name=\"twitter:card\" content=\"summary_large_image\" \/>\n<meta name=\"twitter:label1\" content=\"Tiempo de lectura\" \/>\n\t<meta name=\"twitter:data1\" content=\"3 minutos\" \/>\n<script type=\"application\/ld+json\" class=\"yoast-schema-graph\">{\"@context\":\"https:\\\/\\\/schema.org\",\"@graph\":[{\"@type\":\"WebPage\",\"@id\":\"https:\\\/\\\/canonm5.com\\\/index.php\\\/producto\\\/brother-mfc-l3740cdwe-ecopro-impresora-multifuncion-color-laser-led-wifi-duplex-fax-18ppm\\\/\",\"url\":\"https:\\\/\\\/canonm5.com\\\/index.php\\\/producto\\\/brother-mfc-l3740cdwe-ecopro-impresora-multifuncion-color-laser-led-wifi-duplex-fax-18ppm\\\/\",\"name\":\"Brother MFC-L3740CDWE EcoPro Impresora Multifuncion Color Laser LED WiFi Duplex Fax 18ppm - Canon M5 Madrid | Distribuidor oficial Canon\",\"isPartOf\":{\"@id\":\"https:\\\/\\\/canonm5.com\\\/#website\"},\"primaryImageOfPage\":{\"@id\":\"https:\\\/\\\/canonm5.com\\\/index.php\\\/producto\\\/brother-mfc-l3740cdwe-ecopro-impresora-multifuncion-color-laser-led-wifi-duplex-fax-18ppm\\\/#primaryimage\"},\"image\":{\"@id\":\"https:\\\/\\\/canonm5.com\\\/index.php\\\/producto\\\/brother-mfc-l3740cdwe-ecopro-impresora-multifuncion-color-laser-led-wifi-duplex-fax-18ppm\\\/#primaryimage\"},\"thumbnailUrl\":\"https:\\\/\\\/canonm5.com\\\/wp-content\\\/uploads\\\/2025\\\/04\\\/B2.jpg\",\"datePublished\":\"2025-04-14T08:52:07+00:00\",\"dateModified\":\"2026-04-15T09:13:46+00:00\",\"description\":\"Los entornos de trabajo en la oficina o en el hogar cambian continuamente con el objetivo de aumentar la eficiencia y la productividad. Por eso con la MFC-L3740CDWE EcoPro cuentas con un dispositivo fiable que imprime r\u00e1pidamente y sin esfuerzo\",\"breadcrumb\":{\"@id\":\"https:\\\/\\\/canonm5.com\\\/index.php\\\/producto\\\/brother-mfc-l3740cdwe-ecopro-impresora-multifuncion-color-laser-led-wifi-duplex-fax-18ppm\\\/#breadcrumb\"},\"inLanguage\":\"es\",\"potentialAction\":[{\"@type\":\"ReadAction\",\"target\":[\"https:\\\/\\\/canonm5.com\\\/index.php\\\/producto\\\/brother-mfc-l3740cdwe-ecopro-impresora-multifuncion-color-laser-led-wifi-duplex-fax-18ppm\\\/\"]}]},{\"@type\":\"ImageObject\",\"inLanguage\":\"es\",\"@id\":\"https:\\\/\\\/canonm5.com\\\/index.php\\\/producto\\\/brother-mfc-l3740cdwe-ecopro-impresora-multifuncion-color-laser-led-wifi-duplex-fax-18ppm\\\/#primaryimage\",\"url\":\"https:\\\/\\\/canonm5.com\\\/wp-content\\\/uploads\\\/2025\\\/04\\\/B2.jpg\",\"contentUrl\":\"https:\\\/\\\/canonm5.com\\\/wp-content\\\/uploads\\\/2025\\\/04\\\/B2.jpg\",\"width\":530,\"height\":530},{\"@type\":\"BreadcrumbList\",\"@id\":\"https:\\\/\\\/canonm5.com\\\/index.php\\\/producto\\\/brother-mfc-l3740cdwe-ecopro-impresora-multifuncion-color-laser-led-wifi-duplex-fax-18ppm\\\/#breadcrumb\",\"itemListElement\":[{\"@type\":\"ListItem\",\"position\":1,\"name\":\"Portada\",\"item\":\"https:\\\/\\\/canonm5.com\\\/\"},{\"@type\":\"ListItem\",\"position\":2,\"name\":\"Nuestros productos\",\"item\":\"https:\\\/\\\/canonm5.com\\\/index.php\\\/productos\\\/\"},{\"@type\":\"ListItem\",\"position\":3,\"name\":\"Brother MFC-L3740CDWE EcoPro Impresora Multifuncion Color Laser LED WiFi Duplex Fax 18ppm\"}]},{\"@type\":\"WebSite\",\"@id\":\"https:\\\/\\\/canonm5.com\\\/#website\",\"url\":\"https:\\\/\\\/canonm5.com\\\/\",\"name\":\"Canon M5 Madrid | Distribuidor oficial Canon\",\"description\":\"Renting de impresoras para empresas\",\"potentialAction\":[{\"@type\":\"SearchAction\",\"target\":{\"@type\":\"EntryPoint\",\"urlTemplate\":\"https:\\\/\\\/canonm5.com\\\/?s={search_term_string}\"},\"query-input\":{\"@type\":\"PropertyValueSpecification\",\"valueRequired\":true,\"valueName\":\"search_term_string\"}}],\"inLanguage\":\"es\"}]}<\/script>\n<!-- \/ Yoast SEO plugin. -->","yoast_head_json":{"title":"Brother MFC-L3740CDWE EcoPro Impresora Multifuncion Color Laser LED WiFi Duplex Fax 18ppm - Canon M5 Madrid | Distribuidor oficial Canon","description":"Los entornos de trabajo en la oficina o en el hogar cambian continuamente con el objetivo de aumentar la eficiencia y la productividad. Por eso con la MFC-L3740CDWE EcoPro cuentas con un dispositivo fiable que imprime r\u00e1pidamente y sin esfuerzo","robots":{"index":"index","follow":"follow","max-snippet":"max-snippet:-1","max-image-preview":"max-image-preview:large","max-video-preview":"max-video-preview:-1"},"canonical":"https:\/\/canonm5.com\/index.php\/producto\/brother-mfc-l3740cdwe-ecopro-impresora-multifuncion-color-laser-led-wifi-duplex-fax-18ppm\/","og_locale":"es_ES","og_type":"article","og_title":"Brother MFC-L3740CDWE EcoPro Impresora Multifuncion Color Laser LED WiFi Duplex Fax 18ppm - Canon M5 Madrid | Distribuidor oficial Canon","og_description":"Los entornos de trabajo en la oficina o en el hogar cambian continuamente con el objetivo de aumentar la eficiencia y la productividad. Por eso con la MFC-L3740CDWE EcoPro cuentas con un dispositivo fiable que imprime r\u00e1pidamente y sin esfuerzo","og_url":"https:\/\/canonm5.com\/index.php\/producto\/brother-mfc-l3740cdwe-ecopro-impresora-multifuncion-color-laser-led-wifi-duplex-fax-18ppm\/","og_site_name":"Canon M5 Madrid | Distribuidor oficial Canon","article_modified_time":"2026-04-15T09:13:46+00:00","og_image":[{"width":530,"height":530,"url":"https:\/\/canonm5.com\/wp-content\/uploads\/2025\/04\/B2.jpg","type":"image\/jpeg"}],"twitter_card":"summary_large_image","twitter_misc":{"Tiempo de lectura":"3 minutos"},"schema":{"@context":"https:\/\/schema.org","@graph":[{"@type":"WebPage","@id":"https:\/\/canonm5.com\/index.php\/producto\/brother-mfc-l3740cdwe-ecopro-impresora-multifuncion-color-laser-led-wifi-duplex-fax-18ppm\/","url":"https:\/\/canonm5.com\/index.php\/producto\/brother-mfc-l3740cdwe-ecopro-impresora-multifuncion-color-laser-led-wifi-duplex-fax-18ppm\/","name":"Brother MFC-L3740CDWE EcoPro Impresora Multifuncion Color Laser LED WiFi Duplex Fax 18ppm - Canon M5 Madrid | Distribuidor oficial Canon","isPartOf":{"@id":"https:\/\/canonm5.com\/#website"},"primaryImageOfPage":{"@id":"https:\/\/canonm5.com\/index.php\/producto\/brother-mfc-l3740cdwe-ecopro-impresora-multifuncion-color-laser-led-wifi-duplex-fax-18ppm\/#primaryimage"},"image":{"@id":"https:\/\/canonm5.com\/index.php\/producto\/brother-mfc-l3740cdwe-ecopro-impresora-multifuncion-color-laser-led-wifi-duplex-fax-18ppm\/#primaryimage"},"thumbnailUrl":"https:\/\/canonm5.com\/wp-content\/uploads\/2025\/04\/B2.jpg","datePublished":"2025-04-14T08:52:07+00:00","dateModified":"2026-04-15T09:13:46+00:00","description":"Los entornos de trabajo en la oficina o en el hogar cambian continuamente con el objetivo de aumentar la eficiencia y la productividad. Por eso con la MFC-L3740CDWE EcoPro cuentas con un dispositivo fiable que imprime r\u00e1pidamente y sin esfuerzo","breadcrumb":{"@id":"https:\/\/canonm5.com\/index.php\/producto\/brother-mfc-l3740cdwe-ecopro-impresora-multifuncion-color-laser-led-wifi-duplex-fax-18ppm\/#breadcrumb"},"inLanguage":"es","potentialAction":[{"@type":"ReadAction","target":["https:\/\/canonm5.com\/index.php\/producto\/brother-mfc-l3740cdwe-ecopro-impresora-multifuncion-color-laser-led-wifi-duplex-fax-18ppm\/"]}]},{"@type":"ImageObject","inLanguage":"es","@id":"https:\/\/canonm5.com\/index.php\/producto\/brother-mfc-l3740cdwe-ecopro-impresora-multifuncion-color-laser-led-wifi-duplex-fax-18ppm\/#primaryimage","url":"https:\/\/canonm5.com\/wp-content\/uploads\/2025\/04\/B2.jpg","contentUrl":"https:\/\/canonm5.com\/wp-content\/uploads\/2025\/04\/B2.jpg","width":530,"height":530},{"@type":"BreadcrumbList","@id":"https:\/\/canonm5.com\/index.php\/producto\/brother-mfc-l3740cdwe-ecopro-impresora-multifuncion-color-laser-led-wifi-duplex-fax-18ppm\/#breadcrumb","itemListElement":[{"@type":"ListItem","position":1,"name":"Portada","item":"https:\/\/canonm5.com\/"},{"@type":"ListItem","position":2,"name":"Nuestros productos","item":"https:\/\/canonm5.com\/index.php\/productos\/"},{"@type":"ListItem","position":3,"name":"Brother MFC-L3740CDWE EcoPro Impresora Multifuncion Color Laser LED WiFi Duplex Fax 18ppm"}]},{"@type":"WebSite","@id":"https:\/\/canonm5.com\/#website","url":"https:\/\/canonm5.com\/","name":"Canon M5 Madrid | Distribuidor oficial Canon","description":"Renting de impresoras para empresas","potentialAction":[{"@type":"SearchAction","target":{"@type":"EntryPoint","urlTemplate":"https:\/\/canonm5.com\/?s={search_term_string}"},"query-input":{"@type":"PropertyValueSpecification","valueRequired":true,"valueName":"search_term_string"}}],"inLanguage":"es"}]}},"_links":{"self":[{"href":"https:\/\/canonm5.com\/index.php\/wp-json\/wp\/v2\/product\/7638","targetHints":{"allow":["GET"]}}],"collection":[{"href":"https:\/\/canonm5.com\/index.php\/wp-json\/wp\/v2\/product"}],"about":[{"href":"https:\/\/canonm5.com\/index.php\/wp-json\/wp\/v2\/types\/product"}],"wp:featuredmedia":[{"embeddable":true,"href":"https:\/\/canonm5.com\/index.php\/wp-json\/wp\/v2\/media\/7639"}],"wp:attachment":[{"href":"https:\/\/canonm5.com\/index.php\/wp-json\/wp\/v2\/media?parent=7638"}],"wp:term":[{"taxonomy":"product_cat","embeddable":true,"href":"https:\/\/canonm5.com\/index.php\/wp-json\/wp\/v2\/product_cat?post=7638"},{"taxonomy":"product_tag","embeddable":true,"href":"https:\/\/canonm5.com\/index.php\/wp-json\/wp\/v2\/product_tag?post=7638"}],"curies":[{"name":"wp","href":"https:\/\/api.w.org\/{rel}","templated":true}]}}