{"id":7635,"date":"2025-04-14T08:45:07","date_gmt":"2025-04-14T08:45:07","guid":{"rendered":"https:\/\/canonm5.com\/?post_type=product&#038;p=7635"},"modified":"2026-04-15T09:15:47","modified_gmt":"2026-04-15T09:15:47","slug":"brother-mfc-l2800dw-impresora-multifuncion-monocromo-laser-wifi-duplex-fax-32ppm","status":"publish","type":"product","link":"https:\/\/canonm5.com\/index.php\/producto\/brother-mfc-l2800dw-impresora-multifuncion-monocromo-laser-wifi-duplex-fax-32ppm\/","title":{"rendered":"Brother MFC-L2800DW Impresora Multifuncion Monocromo Laser WiFi Duplex Fax 32ppm"},"content":{"rendered":"<p>Experimenta una productividad sin interrupciones tanto en casa como en la oficina, gracias a la Brother MFC-L2800DW. Esta impresora multifunci\u00f3n l\u00e1ser monocromo viene equipada con una gran variedad de funciones que mejoran la eficiencia y te ahorrar\u00e1n un tiempo valioso. Disfruta de una impresi\u00f3n autom\u00e1tica a doble cara, y un escaneado r\u00e1pidos e impecables. La configuraci\u00f3n del equipo es muy sencilla y con total conectividad. Adem\u00e1s, con la aplicaci\u00f3n Brother Mobile Connect, podr\u00e1s imprimir y escanear desde pr\u00e1cticamente cualquier lugar desde tu dispositivo m\u00f3vil.<\/p>\n<p>La MFC-L2800DW mantiene bajos tus costes de impresi\u00f3n gracias a una unidad de tambor y t\u00f3ner independientes, f\u00e1ciles de cambiar, y adem\u00e1s, al adquirir esta impresora l\u00e1ser, adem\u00e1s dispones del t\u00f3ner de alto rendimiento, que imprime hasta 3.000 p\u00e1ginas, lo que reduce el coste por p\u00e1gina y la frecuencia de sustituci\u00f3n.<\/p>\n<p>Caracter\u00edsticas:<\/p>\n<p>-Velocidad de impresi\u00f3n hasta 32ppm<br \/>\n-Impresi\u00f3n autom\u00e1tica a doble cara<br \/>\n-Alimentador autom\u00e1tico de documentos (ADF) de hasta 50 hojas (11)<br \/>\n-Pantalla LCD de 2 l\u00edneas<br \/>\n-Red cableada, WiFi 5GHz, Wi-Fi Direct y conexi\u00f3n m\u00f3vil<br \/>\n-T\u00f3ner de larga duraci\u00f3n opcional para 3.000 p\u00e1ginas<\/p>\n<p>Especificaciones:<\/p>\n<p>Velocidad de la impresi\u00f3n:<\/p>\n<p>-Tecnolog\u00eda de impresi\u00f3n: Laser<br \/>\n-Impresi\u00f3n: Impresi\u00f3n en blanco y negro<br \/>\n-Impresi\u00f3n d\u00faplex: Si<br \/>\n-Resoluci\u00f3n m\u00e1xima: 1200 x 1200 DPI<br \/>\n-Velocidad de impresi\u00f3n (negro, calidad normal, A4\/US Carta): 32 ppm<br \/>\n-Velocidad de impresi\u00f3n d\u00faplex (negro, calidad normal, A4\/US Carta): 16 ppm<br \/>\n-Tiempo hasta primera p\u00e1gina (negro, normal): 8,5 s<\/p>\n<p>Copiado:<\/p>\n<p>-Copia a doble cara: No<br \/>\n-Copiando: Copias en blanco y negro<br \/>\n-Resoluci\u00f3n m\u00e1xima de copia: 600 x 600 DPI<\/p>\n<p>Exploraci\u00f3n:<\/p>\n<p>-Escaneado d\u00faplex: No<br \/>\n-Escaneando: Escaneado monocromo<br \/>\n-Resoluci\u00f3n \u00f3ptica de esc\u00e1ner: 1200 x 1200 DPI<br \/>\n-Tipo de escaneado: Esc\u00e1ner con alimentador autom\u00e1tico de documentos (ADF)<br \/>\n-Tecnolog\u00eda de escaneado: CIS<br \/>\n-Escanear a: Correo electr\u00f3nico, E-mail Server, Archivo<\/p>\n<p>Fax:<\/p>\n<p>-Enviando por fax: Env\u00edo y recepci\u00f3n de faxes en blanco y negro<br \/>\n-Velocidad de m\u00f3dem: 33,6 Kbit\/s<\/p>\n<p>Caracter\u00edsticas:<\/p>\n<p>-Ciclo de trabajo (m\u00e1ximo): 2500 p\u00e1ginas por mes<br \/>\n-Funciones d\u00faplex: Imprimir<br \/>\n-N\u00famero de cartuchos de impresi\u00f3n: 1<br \/>\n-Colores de impresi\u00f3n: Negro<\/p>\n<p>Capacidad de entrada y salida:<\/p>\n<p>-N\u00famero total de bandejas de entrada: 1<br \/>\n-Capacidad de entrada total: 250 hojas<br \/>\n-Capacidad de salida total: 120 hojas<br \/>\n-Alimentador autom\u00e1tico de documentos (ADF, Automatic document feeder): Si<br \/>\n-Capacidad del alimentador autom\u00e1tico de documentos: 50 hojas<\/p>\n<p>Direcci\u00f3n de papel:<\/p>\n<p>-Tama\u00f1o m\u00e1ximo de papel ISO A-series: A4<br \/>\n-Tipos de papel: Sobres, Etiquetas, Papel normal, Papel reciclado, Papel grueso, Papel m\u00e1s grueso, Papel fino<br \/>\n-ISO tama\u00f1o de serie A (A0&#8230;A9): A4, A5, A6<br \/>\n-ISO tama\u00f1o de serie B (B0&#8230;B9): B5<br \/>\n-Tama\u00f1o de impresora No-ISO: Ejecutivo, Carta<br \/>\n-Tama\u00f1o de series JIS B (B0&#8230;B9): B5, B6<br \/>\n-Tama\u00f1o de sobres: C5, Com-10, DL, Monarch<br \/>\n-Formato a medida, ancho: 105 &#8211; 216 mm<br \/>\n-Formato a medida, largo: 147 &#8211; 356 mm<\/p>\n<p>Puertos e Interfaces:<\/p>\n<p>-Impresi\u00f3n directa: Si<br \/>\n-Puerto USB: Si<br \/>\n-Cantidad de puertos USB 2.0: 1<\/p>\n<p>Conexi\u00f3n:<\/p>\n<p>-Wifi: Si<br \/>\n-Ethernet: Si<br \/>\n-Tecnolog\u00eda de cableado: 10\/100Base-T(X)<br \/>\n-Wi-Fi est\u00e1ndares: 802.11a, 802.11b, 802.11g, Wi-Fi 4 (802.11n)<br \/>\n-Wi-Fi Direct: Si<br \/>\n-Algoritmos de seguridad soportados: WPA2-AES, 64-bit WEP, WPA2-PSK, 128-bit WEP, WPA3-SAE, WPA-AES, WPA-PSK, WPA-TKIP<\/p>\n<p>Desempe\u00f1o:<\/p>\n<p>-Memoria interna: 128 MB<\/p>\n<p>Dise\u00f1o:<\/p>\n<p>-Color del producto: Negro<br \/>\n-Posicionamiento de mercado: Hogar y oficina<br \/>\n-Pantalla incorporada: Si<br \/>\n-Pantalla: LCD<br \/>\n-Tipo de control: Botones<\/p>\n<p>Control de energ\u00eda:<\/p>\n<p>-Consumo de energ\u00eda (imprimiendo): 470 W<br \/>\n-Consumo de energ\u00eda (copiando): 480 W<br \/>\n-Consumo de energ\u00eda (preparado): 43 W<br \/>\n-Consumo energ\u00e9tico (en suspensi\u00f3n): 4,1 W<br \/>\n-Consumo de energ\u00eda (apagado): 0,08 W<br \/>\n-Enery Star Consumo Electrico T\u00edpico (TEC): 0,37 kWh\/semana<\/p>\n<p>Peso y dimensiones:<\/p>\n<p>-Ancho: 410 mm<br \/>\n-Profundidad: 399 mm<br \/>\n-Altura: 319 mm<br \/>\n-Peso: 11,6 kg<\/p>\n","protected":false},"excerpt":{"rendered":"<p>Velocidad de la impresi\u00f3n:<\/p>\n<p>-Tecnolog\u00eda de impresi\u00f3n: Laser<br \/>\n-Impresi\u00f3n: Impresi\u00f3n en blanco y negro<br \/>\n-Impresi\u00f3n d\u00faplex: Si<br \/>\n-Resoluci\u00f3n m\u00e1xima: 1200 x 1200 DPI<br \/>\n-Velocidad de impresi\u00f3n (negro, calidad normal, A4\/US Carta): 32 ppm<br \/>\n-Velocidad de impresi\u00f3n d\u00faplex (negro, calidad normal, A4\/US Carta): 16 ppm<br \/>\n-Tiempo hasta primera p\u00e1gina (negro, normal): 8,5 s<\/p>\n<p>Copiado:<\/p>\n<p>-Copia a doble cara: No<br \/>\n-Copiando: Copias en blanco y negro<br \/>\n-Resoluci\u00f3n m\u00e1xima de copia: 600 x 600 DPI<\/p>\n<p>Exploraci\u00f3n:<\/p>\n<p>-Escaneado d\u00faplex: No<br \/>\n-Escaneando: Escaneado monocromo<br \/>\n-Resoluci\u00f3n \u00f3ptica de esc\u00e1ner: 1200 x 1200 DPI<br \/>\n-Tipo de escaneado: Esc\u00e1ner con alimentador autom\u00e1tico de documentos (ADF)<br \/>\n-Tecnolog\u00eda de escaneado: CIS<br \/>\n-Escanear a: Correo electr\u00f3nico, E-mail Server, Archivo<\/p>\n<p>Fax:<\/p>\n<p>-Enviando por fax: Env\u00edo y recepci\u00f3n de faxes en blanco y negro<br \/>\n-Velocidad de m\u00f3dem: 33,6 Kbit\/s<\/p>\n<p>Caracter\u00edsticas:<\/p>\n<p>-Ciclo de trabajo (m\u00e1ximo): 2500 p\u00e1ginas por mes<br \/>\n-Funciones d\u00faplex: Imprimir<br \/>\n-N\u00famero de cartuchos de impresi\u00f3n: 1<br \/>\n-Colores de impresi\u00f3n: Negro<\/p>\n<p>Capacidad de entrada y salida:<\/p>\n<p>-N\u00famero total de bandejas de entrada: 1<br \/>\n-Capacidad de entrada total: 250 hojas<br \/>\n-Capacidad de salida total: 120 hojas<br \/>\n-Alimentador autom\u00e1tico de documentos (ADF, Automatic document feeder): Si<br \/>\n-Capacidad del alimentador autom\u00e1tico de documentos: 50 hojas<\/p>\n<p>Direcci\u00f3n de papel:<\/p>\n<p>-Tama\u00f1o m\u00e1ximo de papel ISO A-series: A4<br \/>\n-Tipos de papel: Sobres, Etiquetas, Papel normal, Papel reciclado, Papel grueso, Papel m\u00e1s grueso, Papel fino<br \/>\n-ISO tama\u00f1o de serie A (A0&#8230;A9): A4, A5, A6<br \/>\n-ISO tama\u00f1o de serie B (B0&#8230;B9): B5<br \/>\n-Tama\u00f1o de impresora No-ISO: Ejecutivo, Carta<br \/>\n-Tama\u00f1o de series JIS B (B0&#8230;B9): B5, B6<br \/>\n-Tama\u00f1o de sobres: C5, Com-10, DL, Monarch<br \/>\n-Formato a medida, ancho: 105 &#8211; 216 mm<br \/>\n-Formato a medida, largo: 147 &#8211; 356 mm<\/p>\n<p>Puertos e Interfaces:<\/p>\n<p>-Impresi\u00f3n directa: Si<br \/>\n-Puerto USB: Si<br \/>\n-Cantidad de puertos USB 2.0: 1<\/p>\n<p>Conexi\u00f3n:<\/p>\n<p>-Wifi: Si<br \/>\n-Ethernet: Si<br \/>\n-Tecnolog\u00eda de cableado: 10\/100Base-T(X)<br \/>\n-Wi-Fi est\u00e1ndares: 802.11a, 802.11b, 802.11g, Wi-Fi 4 (802.11n)<br \/>\n-Wi-Fi Direct: Si<br \/>\n-Algoritmos de seguridad soportados: WPA2-AES, 64-bit WEP, WPA2-PSK, 128-bit WEP, WPA3-SAE, WPA-AES, WPA-PSK, WPA-TKIP<\/p>\n<p>Desempe\u00f1o:<\/p>\n<p>-Memoria interna: 128 MB<\/p>\n<p>Dise\u00f1o:<\/p>\n<p>-Color del producto: Negro<br \/>\n-Posicionamiento de mercado: Hogar y oficina<br \/>\n-Pantalla incorporada: Si<br \/>\n-Pantalla: LCD<br \/>\n-Tipo de control: Botones<\/p>\n<p>Control de energ\u00eda:<\/p>\n<p>-Consumo de energ\u00eda (imprimiendo): 470 W<br \/>\n-Consumo de energ\u00eda (copiando): 480 W<br \/>\n-Consumo de energ\u00eda (preparado): 43 W<br \/>\n-Consumo energ\u00e9tico (en suspensi\u00f3n): 4,1 W<br \/>\n-Consumo de energ\u00eda (apagado): 0,08 W<br \/>\n-Enery Star Consumo Electrico T\u00edpico (TEC): 0,37 kWh\/semana<\/p>\n<p>Peso y dimensiones:<\/p>\n<p>-Ancho: 410 mm<br \/>\n-Profundidad: 399 mm<br \/>\n-Altura: 319 mm<br \/>\n-Peso: 11,6 kg<\/p>\n","protected":false},"featured_media":7636,"template":"","meta":{"_et_pb_use_builder":"","_et_pb_old_content":"","_et_gb_content_width":"","_joinchat":[]},"product_cat":[809],"product_tag":[2745,1149,2747,368,2746,1064,1012,820],"class_list":{"0":"post-7635","1":"product","2":"type-product","3":"status-publish","4":"has-post-thumbnail","6":"product_cat-impresoras","7":"product_tag-brtoher","8":"product_tag-duplex","9":"product_tag-l2800","10":"product_tag-laser","11":"product_tag-mfc","12":"product_tag-monocromo","13":"product_tag-multifuncion","14":"product_tag-wifi","16":"first","17":"instock","18":"taxable","19":"shipping-taxable","20":"product-type-simple"},"yoast_head":"<!-- This site is optimized with the Yoast SEO plugin v27.4 - https:\/\/yoast.com\/product\/yoast-seo-wordpress\/ -->\n<title>Brother MFC-L2800DW Impresora Multifuncion Monocromo Laser WiFi Duplex Fax 32ppm - Canon M5 Madrid | Distribuidor oficial Canon<\/title>\n<meta name=\"description\" content=\"Experimenta una productividad sin interrupciones tanto en casa como en la oficina, gracias a la Brother MFC-L2800DW. Esta impresora multifunci\u00f3n l\u00e1ser monocromo viene equipada con una gran variedad de funciones que mejoran la eficiencia y te ahorrar\u00e1n un tiempo valioso. Disfruta de una impresi\u00f3n autom\u00e1tica a doble cara, y un escaneado r\u00e1pidos e impecables. La configuraci\u00f3n del equipo es muy sencilla y con total conectividad. Adem\u00e1s, con la aplicaci\u00f3n Brother Mobile Connect, podr\u00e1s imprimir y escanear desde pr\u00e1cticamente cualquier lugar desde tu dispositivo m\u00f3vil.\" \/>\n<meta name=\"robots\" content=\"index, follow, max-snippet:-1, max-image-preview:large, max-video-preview:-1\" \/>\n<link rel=\"canonical\" href=\"https:\/\/canonm5.com\/index.php\/producto\/brother-mfc-l2800dw-impresora-multifuncion-monocromo-laser-wifi-duplex-fax-32ppm\/\" \/>\n<meta property=\"og:locale\" content=\"es_ES\" \/>\n<meta property=\"og:type\" content=\"article\" \/>\n<meta property=\"og:title\" content=\"Brother MFC-L2800DW Impresora Multifuncion Monocromo Laser WiFi Duplex Fax 32ppm - Canon M5 Madrid | Distribuidor oficial Canon\" \/>\n<meta property=\"og:description\" content=\"Experimenta una productividad sin interrupciones tanto en casa como en la oficina, gracias a la Brother MFC-L2800DW. Esta impresora multifunci\u00f3n l\u00e1ser monocromo viene equipada con una gran variedad de funciones que mejoran la eficiencia y te ahorrar\u00e1n un tiempo valioso. Disfruta de una impresi\u00f3n autom\u00e1tica a doble cara, y un escaneado r\u00e1pidos e impecables. La configuraci\u00f3n del equipo es muy sencilla y con total conectividad. Adem\u00e1s, con la aplicaci\u00f3n Brother Mobile Connect, podr\u00e1s imprimir y escanear desde pr\u00e1cticamente cualquier lugar desde tu dispositivo m\u00f3vil.\" \/>\n<meta property=\"og:url\" content=\"https:\/\/canonm5.com\/index.php\/producto\/brother-mfc-l2800dw-impresora-multifuncion-monocromo-laser-wifi-duplex-fax-32ppm\/\" \/>\n<meta property=\"og:site_name\" content=\"Canon M5 Madrid | Distribuidor oficial Canon\" \/>\n<meta property=\"article:modified_time\" content=\"2026-04-15T09:15:47+00:00\" \/>\n<meta property=\"og:image\" content=\"https:\/\/canonm5.com\/wp-content\/uploads\/2025\/04\/IB.jpg\" \/>\n\t<meta property=\"og:image:width\" content=\"800\" \/>\n\t<meta property=\"og:image:height\" content=\"600\" \/>\n\t<meta property=\"og:image:type\" content=\"image\/jpeg\" \/>\n<meta name=\"twitter:card\" content=\"summary_large_image\" \/>\n<meta name=\"twitter:label1\" content=\"Tiempo de lectura\" \/>\n\t<meta name=\"twitter:data1\" content=\"3 minutos\" \/>\n<script type=\"application\/ld+json\" class=\"yoast-schema-graph\">{\"@context\":\"https:\\\/\\\/schema.org\",\"@graph\":[{\"@type\":\"WebPage\",\"@id\":\"https:\\\/\\\/canonm5.com\\\/index.php\\\/producto\\\/brother-mfc-l2800dw-impresora-multifuncion-monocromo-laser-wifi-duplex-fax-32ppm\\\/\",\"url\":\"https:\\\/\\\/canonm5.com\\\/index.php\\\/producto\\\/brother-mfc-l2800dw-impresora-multifuncion-monocromo-laser-wifi-duplex-fax-32ppm\\\/\",\"name\":\"Brother MFC-L2800DW Impresora Multifuncion Monocromo Laser WiFi Duplex Fax 32ppm - Canon M5 Madrid | Distribuidor oficial Canon\",\"isPartOf\":{\"@id\":\"https:\\\/\\\/canonm5.com\\\/#website\"},\"primaryImageOfPage\":{\"@id\":\"https:\\\/\\\/canonm5.com\\\/index.php\\\/producto\\\/brother-mfc-l2800dw-impresora-multifuncion-monocromo-laser-wifi-duplex-fax-32ppm\\\/#primaryimage\"},\"image\":{\"@id\":\"https:\\\/\\\/canonm5.com\\\/index.php\\\/producto\\\/brother-mfc-l2800dw-impresora-multifuncion-monocromo-laser-wifi-duplex-fax-32ppm\\\/#primaryimage\"},\"thumbnailUrl\":\"https:\\\/\\\/canonm5.com\\\/wp-content\\\/uploads\\\/2025\\\/04\\\/IB.jpg\",\"datePublished\":\"2025-04-14T08:45:07+00:00\",\"dateModified\":\"2026-04-15T09:15:47+00:00\",\"description\":\"Experimenta una productividad sin interrupciones tanto en casa como en la oficina, gracias a la Brother MFC-L2800DW. Esta impresora multifunci\u00f3n l\u00e1ser monocromo viene equipada con una gran variedad de funciones que mejoran la eficiencia y te ahorrar\u00e1n un tiempo valioso. Disfruta de una impresi\u00f3n autom\u00e1tica a doble cara, y un escaneado r\u00e1pidos e impecables. La configuraci\u00f3n del equipo es muy sencilla y con total conectividad. Adem\u00e1s, con la aplicaci\u00f3n Brother Mobile Connect, podr\u00e1s imprimir y escanear desde pr\u00e1cticamente cualquier lugar desde tu dispositivo m\u00f3vil.\",\"breadcrumb\":{\"@id\":\"https:\\\/\\\/canonm5.com\\\/index.php\\\/producto\\\/brother-mfc-l2800dw-impresora-multifuncion-monocromo-laser-wifi-duplex-fax-32ppm\\\/#breadcrumb\"},\"inLanguage\":\"es\",\"potentialAction\":[{\"@type\":\"ReadAction\",\"target\":[\"https:\\\/\\\/canonm5.com\\\/index.php\\\/producto\\\/brother-mfc-l2800dw-impresora-multifuncion-monocromo-laser-wifi-duplex-fax-32ppm\\\/\"]}]},{\"@type\":\"ImageObject\",\"inLanguage\":\"es\",\"@id\":\"https:\\\/\\\/canonm5.com\\\/index.php\\\/producto\\\/brother-mfc-l2800dw-impresora-multifuncion-monocromo-laser-wifi-duplex-fax-32ppm\\\/#primaryimage\",\"url\":\"https:\\\/\\\/canonm5.com\\\/wp-content\\\/uploads\\\/2025\\\/04\\\/IB.jpg\",\"contentUrl\":\"https:\\\/\\\/canonm5.com\\\/wp-content\\\/uploads\\\/2025\\\/04\\\/IB.jpg\",\"width\":800,\"height\":600},{\"@type\":\"BreadcrumbList\",\"@id\":\"https:\\\/\\\/canonm5.com\\\/index.php\\\/producto\\\/brother-mfc-l2800dw-impresora-multifuncion-monocromo-laser-wifi-duplex-fax-32ppm\\\/#breadcrumb\",\"itemListElement\":[{\"@type\":\"ListItem\",\"position\":1,\"name\":\"Portada\",\"item\":\"https:\\\/\\\/canonm5.com\\\/\"},{\"@type\":\"ListItem\",\"position\":2,\"name\":\"Nuestros productos\",\"item\":\"https:\\\/\\\/canonm5.com\\\/index.php\\\/productos\\\/\"},{\"@type\":\"ListItem\",\"position\":3,\"name\":\"Brother MFC-L2800DW Impresora Multifuncion Monocromo Laser WiFi Duplex Fax 32ppm\"}]},{\"@type\":\"WebSite\",\"@id\":\"https:\\\/\\\/canonm5.com\\\/#website\",\"url\":\"https:\\\/\\\/canonm5.com\\\/\",\"name\":\"Canon M5 Madrid | Distribuidor oficial Canon\",\"description\":\"Renting de impresoras para empresas\",\"potentialAction\":[{\"@type\":\"SearchAction\",\"target\":{\"@type\":\"EntryPoint\",\"urlTemplate\":\"https:\\\/\\\/canonm5.com\\\/?s={search_term_string}\"},\"query-input\":{\"@type\":\"PropertyValueSpecification\",\"valueRequired\":true,\"valueName\":\"search_term_string\"}}],\"inLanguage\":\"es\"}]}<\/script>\n<!-- \/ Yoast SEO plugin. -->","yoast_head_json":{"title":"Brother MFC-L2800DW Impresora Multifuncion Monocromo Laser WiFi Duplex Fax 32ppm - Canon M5 Madrid | Distribuidor oficial Canon","description":"Experimenta una productividad sin interrupciones tanto en casa como en la oficina, gracias a la Brother MFC-L2800DW. Esta impresora multifunci\u00f3n l\u00e1ser monocromo viene equipada con una gran variedad de funciones que mejoran la eficiencia y te ahorrar\u00e1n un tiempo valioso. Disfruta de una impresi\u00f3n autom\u00e1tica a doble cara, y un escaneado r\u00e1pidos e impecables. La configuraci\u00f3n del equipo es muy sencilla y con total conectividad. Adem\u00e1s, con la aplicaci\u00f3n Brother Mobile Connect, podr\u00e1s imprimir y escanear desde pr\u00e1cticamente cualquier lugar desde tu dispositivo m\u00f3vil.","robots":{"index":"index","follow":"follow","max-snippet":"max-snippet:-1","max-image-preview":"max-image-preview:large","max-video-preview":"max-video-preview:-1"},"canonical":"https:\/\/canonm5.com\/index.php\/producto\/brother-mfc-l2800dw-impresora-multifuncion-monocromo-laser-wifi-duplex-fax-32ppm\/","og_locale":"es_ES","og_type":"article","og_title":"Brother MFC-L2800DW Impresora Multifuncion Monocromo Laser WiFi Duplex Fax 32ppm - Canon M5 Madrid | Distribuidor oficial Canon","og_description":"Experimenta una productividad sin interrupciones tanto en casa como en la oficina, gracias a la Brother MFC-L2800DW. Esta impresora multifunci\u00f3n l\u00e1ser monocromo viene equipada con una gran variedad de funciones que mejoran la eficiencia y te ahorrar\u00e1n un tiempo valioso. Disfruta de una impresi\u00f3n autom\u00e1tica a doble cara, y un escaneado r\u00e1pidos e impecables. La configuraci\u00f3n del equipo es muy sencilla y con total conectividad. Adem\u00e1s, con la aplicaci\u00f3n Brother Mobile Connect, podr\u00e1s imprimir y escanear desde pr\u00e1cticamente cualquier lugar desde tu dispositivo m\u00f3vil.","og_url":"https:\/\/canonm5.com\/index.php\/producto\/brother-mfc-l2800dw-impresora-multifuncion-monocromo-laser-wifi-duplex-fax-32ppm\/","og_site_name":"Canon M5 Madrid | Distribuidor oficial Canon","article_modified_time":"2026-04-15T09:15:47+00:00","og_image":[{"width":800,"height":600,"url":"https:\/\/canonm5.com\/wp-content\/uploads\/2025\/04\/IB.jpg","type":"image\/jpeg"}],"twitter_card":"summary_large_image","twitter_misc":{"Tiempo de lectura":"3 minutos"},"schema":{"@context":"https:\/\/schema.org","@graph":[{"@type":"WebPage","@id":"https:\/\/canonm5.com\/index.php\/producto\/brother-mfc-l2800dw-impresora-multifuncion-monocromo-laser-wifi-duplex-fax-32ppm\/","url":"https:\/\/canonm5.com\/index.php\/producto\/brother-mfc-l2800dw-impresora-multifuncion-monocromo-laser-wifi-duplex-fax-32ppm\/","name":"Brother MFC-L2800DW Impresora Multifuncion Monocromo Laser WiFi Duplex Fax 32ppm - Canon M5 Madrid | Distribuidor oficial Canon","isPartOf":{"@id":"https:\/\/canonm5.com\/#website"},"primaryImageOfPage":{"@id":"https:\/\/canonm5.com\/index.php\/producto\/brother-mfc-l2800dw-impresora-multifuncion-monocromo-laser-wifi-duplex-fax-32ppm\/#primaryimage"},"image":{"@id":"https:\/\/canonm5.com\/index.php\/producto\/brother-mfc-l2800dw-impresora-multifuncion-monocromo-laser-wifi-duplex-fax-32ppm\/#primaryimage"},"thumbnailUrl":"https:\/\/canonm5.com\/wp-content\/uploads\/2025\/04\/IB.jpg","datePublished":"2025-04-14T08:45:07+00:00","dateModified":"2026-04-15T09:15:47+00:00","description":"Experimenta una productividad sin interrupciones tanto en casa como en la oficina, gracias a la Brother MFC-L2800DW. Esta impresora multifunci\u00f3n l\u00e1ser monocromo viene equipada con una gran variedad de funciones que mejoran la eficiencia y te ahorrar\u00e1n un tiempo valioso. Disfruta de una impresi\u00f3n autom\u00e1tica a doble cara, y un escaneado r\u00e1pidos e impecables. La configuraci\u00f3n del equipo es muy sencilla y con total conectividad. Adem\u00e1s, con la aplicaci\u00f3n Brother Mobile Connect, podr\u00e1s imprimir y escanear desde pr\u00e1cticamente cualquier lugar desde tu dispositivo m\u00f3vil.","breadcrumb":{"@id":"https:\/\/canonm5.com\/index.php\/producto\/brother-mfc-l2800dw-impresora-multifuncion-monocromo-laser-wifi-duplex-fax-32ppm\/#breadcrumb"},"inLanguage":"es","potentialAction":[{"@type":"ReadAction","target":["https:\/\/canonm5.com\/index.php\/producto\/brother-mfc-l2800dw-impresora-multifuncion-monocromo-laser-wifi-duplex-fax-32ppm\/"]}]},{"@type":"ImageObject","inLanguage":"es","@id":"https:\/\/canonm5.com\/index.php\/producto\/brother-mfc-l2800dw-impresora-multifuncion-monocromo-laser-wifi-duplex-fax-32ppm\/#primaryimage","url":"https:\/\/canonm5.com\/wp-content\/uploads\/2025\/04\/IB.jpg","contentUrl":"https:\/\/canonm5.com\/wp-content\/uploads\/2025\/04\/IB.jpg","width":800,"height":600},{"@type":"BreadcrumbList","@id":"https:\/\/canonm5.com\/index.php\/producto\/brother-mfc-l2800dw-impresora-multifuncion-monocromo-laser-wifi-duplex-fax-32ppm\/#breadcrumb","itemListElement":[{"@type":"ListItem","position":1,"name":"Portada","item":"https:\/\/canonm5.com\/"},{"@type":"ListItem","position":2,"name":"Nuestros productos","item":"https:\/\/canonm5.com\/index.php\/productos\/"},{"@type":"ListItem","position":3,"name":"Brother MFC-L2800DW Impresora Multifuncion Monocromo Laser WiFi Duplex Fax 32ppm"}]},{"@type":"WebSite","@id":"https:\/\/canonm5.com\/#website","url":"https:\/\/canonm5.com\/","name":"Canon M5 Madrid | Distribuidor oficial Canon","description":"Renting de impresoras para empresas","potentialAction":[{"@type":"SearchAction","target":{"@type":"EntryPoint","urlTemplate":"https:\/\/canonm5.com\/?s={search_term_string}"},"query-input":{"@type":"PropertyValueSpecification","valueRequired":true,"valueName":"search_term_string"}}],"inLanguage":"es"}]}},"_links":{"self":[{"href":"https:\/\/canonm5.com\/index.php\/wp-json\/wp\/v2\/product\/7635","targetHints":{"allow":["GET"]}}],"collection":[{"href":"https:\/\/canonm5.com\/index.php\/wp-json\/wp\/v2\/product"}],"about":[{"href":"https:\/\/canonm5.com\/index.php\/wp-json\/wp\/v2\/types\/product"}],"wp:featuredmedia":[{"embeddable":true,"href":"https:\/\/canonm5.com\/index.php\/wp-json\/wp\/v2\/media\/7636"}],"wp:attachment":[{"href":"https:\/\/canonm5.com\/index.php\/wp-json\/wp\/v2\/media?parent=7635"}],"wp:term":[{"taxonomy":"product_cat","embeddable":true,"href":"https:\/\/canonm5.com\/index.php\/wp-json\/wp\/v2\/product_cat?post=7635"},{"taxonomy":"product_tag","embeddable":true,"href":"https:\/\/canonm5.com\/index.php\/wp-json\/wp\/v2\/product_tag?post=7635"}],"curies":[{"name":"wp","href":"https:\/\/api.w.org\/{rel}","templated":true}]}}