{"id":7627,"date":"2025-04-14T08:31:50","date_gmt":"2025-04-14T08:31:50","guid":{"rendered":"https:\/\/canonm5.com\/?post_type=product&#038;p=7627"},"modified":"2026-04-15T09:20:13","modified_gmt":"2026-04-15T09:20:13","slug":"aucanon-canoscan-lide-300-escaner-de-documentos-a4-resolucion-2400x4800dpi-tamano-maximo-de-escaneado-216x297mm-color-negroto-draft","status":"publish","type":"product","link":"https:\/\/canonm5.com\/index.php\/producto\/aucanon-canoscan-lide-300-escaner-de-documentos-a4-resolucion-2400x4800dpi-tamano-maximo-de-escaneado-216x297mm-color-negroto-draft\/","title":{"rendered":"Canon CanoScan LIDE 300 Escaner de Documentos A4 &#8211; Resolucion 2400x4800DPI &#8211; Tama\u00f1o Maximo de Escaneado 216x297mm &#8211; Color Negro"},"content":{"rendered":"<p>Deja libre tu valioso espacio con este esc\u00e1ner compacto, delgado y ligero: solo tienes que utilizar la conexi\u00f3n USB de tu ordenador port\u00e1til o de sobremesa y empezar a escanear.<\/p>\n<p>Disfruta de una funcionalidad f\u00e1cil y sencilla con 4 botones de funcionamiento EZ. Copia, env\u00eda a correo electr\u00f3nico o a PDF y escanea autom\u00e1ticamente y disfruta de escaneos perfectos en cada ocasi\u00f3n.<\/p>\n<p>Conf\u00eda en el escaneo autom\u00e1tico para obtener resultados excelentes. Su tecnolog\u00eda de reconocimiento autom\u00e1tico de documentos garantizar\u00e1 que siempre elijas la configuraci\u00f3n adecuada para escanear y guardar sin complicaciones.<\/p>\n<p>Trabaja con la mayor eficiencia posible con altas velocidades de escaneo. Escanea A4 de 300 dpi en solo 10 segundos y archiva PDF de gran tama\u00f1o de forma r\u00e1pida y f\u00e1cil gracias a las funciones de PDF mejoradas.<\/p>\n<p>Saca el m\u00e1ximo partido al dise\u00f1o avanzado de cubierta articulada en Z para escanear documentos y libros voluminosos de hasta 21 mmLogra una impresionante calidad de hasta 2400 x 4800 ppp y mant\u00e9n la claridad de borde a borde con Auto Document Fix y Auto Photo Fix.<\/p>\n<p>Compatible \u00fanicamente con Windows.<\/p>\n<p>Caracter\u00edsticas:<\/p>\n<p>-4 botones EZ para disfrutar de un uso sencillo y un funcionamiento con una sola pulsaci\u00f3n.<br \/>\n-Velocidad excepcional (escaneos A4 de 300 ppp en 10 segundos) y calidad de hasta 2400 x 4800 ppp.<br \/>\n-Tecnolog\u00eda de escaneo autom\u00e1tico para escanear con precisi\u00f3n y sin esfuerzo.<\/p>\n<p>Especificaciones:<\/p>\n<p>Exploraci\u00f3n:<\/p>\n<p>-Tama\u00f1o m\u00e1ximo de escaneado: 216 x 297 mm<br \/>\n-Resoluci\u00f3n \u00f3ptica de esc\u00e1ner: 2400 x 4800 DPI<br \/>\n-Escaner a color: S\u00ed<br \/>\n-Profundidad de entrada de color: 48 bit<br \/>\n-Profundidad de salida de color: 48 bit<br \/>\n-Profundidad de entrada de escala de grises: 16 bit<br \/>\n-Profundidad de salida en escala de grises: 8 bit<\/p>\n<p>Dise\u00f1o:<\/p>\n<p>-Tipo de escaneado: Esc\u00e1ner de cama plana<br \/>\n-Pantalla incorporada: No<br \/>\n-Color del producto: Negro<\/p>\n<p>Desempe\u00f1o:<\/p>\n<p>-Tipo de sensor: CIS<br \/>\n-Fuentes de luz: LED RGB<\/p>\n<p>Direcci\u00f3n de papel:<\/p>\n<p>-Tama\u00f1o m\u00e1ximo de papel ISO A-series: A4<br \/>\n-ISO tama\u00f1o de serie A (A0&#8230;A9): A4<br \/>\n-Carta: S\u00ed<\/p>\n<p>Puertos e Interfaces:<\/p>\n<p>-Puerto USB: S\u00ed<br \/>\n-Versi\u00f3n USB: 2.0<br \/>\n-Interfaz est\u00e1ndar: USB 2.0<\/p>\n<p>Control de energ\u00eda:<\/p>\n<p>-Tipo de fuente de alimentaci\u00f3n: USB<br \/>\n-Consumo energ\u00e9tico: 4.5 W<br \/>\n-Consumo de energ\u00eda (inactivo): 0.3 W<\/p>\n<p>Requisitos del sistema:<\/p>\n<p>-Sistema operativo Windows soportado: S\u00ed<br \/>\n-Sistema operativo MAC soportado: S\u00ed<\/p>\n<p>Condiciones ambientales:<\/p>\n<p>-Intervalo de temperatura operativa: 5 &#8211; 35 \u00b0C<br \/>\n-Intervalo de humedad relativa para funcionamiento: 10 &#8211; 90 %<\/p>\n<p>Peso y dimensiones:<\/p>\n<p>-Ancho: 250 mm<br \/>\n-Profundidad: 367 mm<br \/>\n-Altura: 42 mm<br \/>\n-Peso: 1700 g<\/p>\n","protected":false},"excerpt":{"rendered":"<p>Caracter\u00edsticas:<\/p>\n<p>-4 botones EZ para disfrutar de un uso sencillo y un funcionamiento con una sola pulsaci\u00f3n.<br \/>\n-Velocidad excepcional (escaneos A4 de 300 ppp en 10 segundos) y calidad de hasta 2400 x 4800 ppp.<br \/>\n-Tecnolog\u00eda de escaneo autom\u00e1tico para escanear con precisi\u00f3n y sin esfuerzo.<\/p>\n<p>Especificaciones:<\/p>\n<p>Exploraci\u00f3n:<\/p>\n<p>-Tama\u00f1o m\u00e1ximo de escaneado: 216 x 297 mm<br \/>\n-Resoluci\u00f3n \u00f3ptica de esc\u00e1ner: 2400 x 4800 DPI<br \/>\n-Escaner a color: S\u00ed<br \/>\n-Profundidad de entrada de color: 48 bit<br \/>\n-Profundidad de salida de color: 48 bit<br \/>\n-Profundidad de entrada de escala de grises: 16 bit<br \/>\n-Profundidad de salida en escala de grises: 8 bit<\/p>\n","protected":false},"featured_media":7630,"template":"","meta":{"_et_pb_use_builder":"","_et_pb_old_content":"","_et_gb_content_width":"","_joinchat":[]},"product_cat":[1048],"product_tag":[2743,201,362,2741,1049,2742],"class_list":{"0":"post-7627","1":"product","2":"type-product","3":"status-publish","4":"has-post-thumbnail","6":"product_cat-escaner","7":"product_tag-2743","8":"product_tag-a4","9":"product_tag-canon","10":"product_tag-canoscan","11":"product_tag-escaner","12":"product_tag-lide","14":"first","15":"instock","16":"taxable","17":"shipping-taxable","18":"product-type-simple"},"yoast_head":"<!-- This site is optimized with the Yoast SEO plugin v27.4 - https:\/\/yoast.com\/product\/yoast-seo-wordpress\/ -->\n<title>Canon CanoScan LIDE 300 Escaner de Documentos A4 - Resolucion 2400x4800DPI - Tama\u00f1o Maximo de Escaneado 216x297mm - Color Negro - Canon M5 Madrid | Distribuidor oficial Canon<\/title>\n<meta name=\"robots\" content=\"index, follow, max-snippet:-1, max-image-preview:large, max-video-preview:-1\" \/>\n<link rel=\"canonical\" href=\"https:\/\/canonm5.com\/index.php\/producto\/aucanon-canoscan-lide-300-escaner-de-documentos-a4-resolucion-2400x4800dpi-tamano-maximo-de-escaneado-216x297mm-color-negroto-draft\/\" \/>\n<meta property=\"og:locale\" content=\"es_ES\" \/>\n<meta property=\"og:type\" content=\"article\" \/>\n<meta property=\"og:title\" content=\"Canon CanoScan LIDE 300 Escaner de Documentos A4 - Resolucion 2400x4800DPI - Tama\u00f1o Maximo de Escaneado 216x297mm - Color Negro - Canon M5 Madrid | Distribuidor oficial Canon\" \/>\n<meta property=\"og:description\" content=\"Caracter\u00edsticas:  -4 botones EZ para disfrutar de un uso sencillo y un funcionamiento con una sola pulsaci\u00f3n. -Velocidad excepcional (escaneos A4 de 300 ppp en 10 segundos) y calidad de hasta 2400 x 4800 ppp. -Tecnolog\u00eda de escaneo autom\u00e1tico para escanear con precisi\u00f3n y sin esfuerzo.  Especificaciones:  Exploraci\u00f3n:  -Tama\u00f1o m\u00e1ximo de escaneado: 216 x 297 mm -Resoluci\u00f3n \u00f3ptica de esc\u00e1ner: 2400 x 4800 DPI -Escaner a color: S\u00ed -Profundidad de entrada de color: 48 bit -Profundidad de salida de color: 48 bit -Profundidad de entrada de escala de grises: 16 bit -Profundidad de salida en escala de grises: 8 bit\" \/>\n<meta property=\"og:url\" content=\"https:\/\/canonm5.com\/index.php\/producto\/aucanon-canoscan-lide-300-escaner-de-documentos-a4-resolucion-2400x4800dpi-tamano-maximo-de-escaneado-216x297mm-color-negroto-draft\/\" \/>\n<meta property=\"og:site_name\" content=\"Canon M5 Madrid | Distribuidor oficial Canon\" \/>\n<meta property=\"article:modified_time\" content=\"2026-04-15T09:20:13+00:00\" \/>\n<meta property=\"og:image\" content=\"https:\/\/canonm5.com\/wp-content\/uploads\/2025\/04\/SC1.jpg\" \/>\n\t<meta property=\"og:image:width\" content=\"600\" \/>\n\t<meta property=\"og:image:height\" content=\"600\" \/>\n\t<meta property=\"og:image:type\" content=\"image\/jpeg\" \/>\n<meta name=\"twitter:card\" content=\"summary_large_image\" \/>\n<meta name=\"twitter:label1\" content=\"Tiempo de lectura\" \/>\n\t<meta name=\"twitter:data1\" content=\"3 minutos\" \/>\n<script type=\"application\/ld+json\" class=\"yoast-schema-graph\">{\"@context\":\"https:\\\/\\\/schema.org\",\"@graph\":[{\"@type\":\"WebPage\",\"@id\":\"https:\\\/\\\/canonm5.com\\\/index.php\\\/producto\\\/aucanon-canoscan-lide-300-escaner-de-documentos-a4-resolucion-2400x4800dpi-tamano-maximo-de-escaneado-216x297mm-color-negroto-draft\\\/\",\"url\":\"https:\\\/\\\/canonm5.com\\\/index.php\\\/producto\\\/aucanon-canoscan-lide-300-escaner-de-documentos-a4-resolucion-2400x4800dpi-tamano-maximo-de-escaneado-216x297mm-color-negroto-draft\\\/\",\"name\":\"Canon CanoScan LIDE 300 Escaner de Documentos A4 - Resolucion 2400x4800DPI - Tama\u00f1o Maximo de Escaneado 216x297mm - Color Negro - Canon M5 Madrid | Distribuidor oficial Canon\",\"isPartOf\":{\"@id\":\"https:\\\/\\\/canonm5.com\\\/#website\"},\"primaryImageOfPage\":{\"@id\":\"https:\\\/\\\/canonm5.com\\\/index.php\\\/producto\\\/aucanon-canoscan-lide-300-escaner-de-documentos-a4-resolucion-2400x4800dpi-tamano-maximo-de-escaneado-216x297mm-color-negroto-draft\\\/#primaryimage\"},\"image\":{\"@id\":\"https:\\\/\\\/canonm5.com\\\/index.php\\\/producto\\\/aucanon-canoscan-lide-300-escaner-de-documentos-a4-resolucion-2400x4800dpi-tamano-maximo-de-escaneado-216x297mm-color-negroto-draft\\\/#primaryimage\"},\"thumbnailUrl\":\"https:\\\/\\\/canonm5.com\\\/wp-content\\\/uploads\\\/2025\\\/04\\\/SC1.jpg\",\"datePublished\":\"2025-04-14T08:31:50+00:00\",\"dateModified\":\"2026-04-15T09:20:13+00:00\",\"breadcrumb\":{\"@id\":\"https:\\\/\\\/canonm5.com\\\/index.php\\\/producto\\\/aucanon-canoscan-lide-300-escaner-de-documentos-a4-resolucion-2400x4800dpi-tamano-maximo-de-escaneado-216x297mm-color-negroto-draft\\\/#breadcrumb\"},\"inLanguage\":\"es\",\"potentialAction\":[{\"@type\":\"ReadAction\",\"target\":[\"https:\\\/\\\/canonm5.com\\\/index.php\\\/producto\\\/aucanon-canoscan-lide-300-escaner-de-documentos-a4-resolucion-2400x4800dpi-tamano-maximo-de-escaneado-216x297mm-color-negroto-draft\\\/\"]}]},{\"@type\":\"ImageObject\",\"inLanguage\":\"es\",\"@id\":\"https:\\\/\\\/canonm5.com\\\/index.php\\\/producto\\\/aucanon-canoscan-lide-300-escaner-de-documentos-a4-resolucion-2400x4800dpi-tamano-maximo-de-escaneado-216x297mm-color-negroto-draft\\\/#primaryimage\",\"url\":\"https:\\\/\\\/canonm5.com\\\/wp-content\\\/uploads\\\/2025\\\/04\\\/SC1.jpg\",\"contentUrl\":\"https:\\\/\\\/canonm5.com\\\/wp-content\\\/uploads\\\/2025\\\/04\\\/SC1.jpg\",\"width\":600,\"height\":600},{\"@type\":\"BreadcrumbList\",\"@id\":\"https:\\\/\\\/canonm5.com\\\/index.php\\\/producto\\\/aucanon-canoscan-lide-300-escaner-de-documentos-a4-resolucion-2400x4800dpi-tamano-maximo-de-escaneado-216x297mm-color-negroto-draft\\\/#breadcrumb\",\"itemListElement\":[{\"@type\":\"ListItem\",\"position\":1,\"name\":\"Portada\",\"item\":\"https:\\\/\\\/canonm5.com\\\/\"},{\"@type\":\"ListItem\",\"position\":2,\"name\":\"Nuestros productos\",\"item\":\"https:\\\/\\\/canonm5.com\\\/index.php\\\/productos\\\/\"},{\"@type\":\"ListItem\",\"position\":3,\"name\":\"Canon CanoScan LIDE 300 Escaner de Documentos A4 &#8211; Resolucion 2400x4800DPI &#8211; Tama\u00f1o Maximo de Escaneado 216x297mm &#8211; Color Negro\"}]},{\"@type\":\"WebSite\",\"@id\":\"https:\\\/\\\/canonm5.com\\\/#website\",\"url\":\"https:\\\/\\\/canonm5.com\\\/\",\"name\":\"Canon M5 Madrid | Distribuidor oficial Canon\",\"description\":\"Renting de impresoras para empresas\",\"potentialAction\":[{\"@type\":\"SearchAction\",\"target\":{\"@type\":\"EntryPoint\",\"urlTemplate\":\"https:\\\/\\\/canonm5.com\\\/?s={search_term_string}\"},\"query-input\":{\"@type\":\"PropertyValueSpecification\",\"valueRequired\":true,\"valueName\":\"search_term_string\"}}],\"inLanguage\":\"es\"}]}<\/script>\n<!-- \/ Yoast SEO plugin. -->","yoast_head_json":{"title":"Canon CanoScan LIDE 300 Escaner de Documentos A4 - Resolucion 2400x4800DPI - Tama\u00f1o Maximo de Escaneado 216x297mm - Color Negro - Canon M5 Madrid | Distribuidor oficial Canon","robots":{"index":"index","follow":"follow","max-snippet":"max-snippet:-1","max-image-preview":"max-image-preview:large","max-video-preview":"max-video-preview:-1"},"canonical":"https:\/\/canonm5.com\/index.php\/producto\/aucanon-canoscan-lide-300-escaner-de-documentos-a4-resolucion-2400x4800dpi-tamano-maximo-de-escaneado-216x297mm-color-negroto-draft\/","og_locale":"es_ES","og_type":"article","og_title":"Canon CanoScan LIDE 300 Escaner de Documentos A4 - Resolucion 2400x4800DPI - Tama\u00f1o Maximo de Escaneado 216x297mm - Color Negro - Canon M5 Madrid | Distribuidor oficial Canon","og_description":"Caracter\u00edsticas:  -4 botones EZ para disfrutar de un uso sencillo y un funcionamiento con una sola pulsaci\u00f3n. -Velocidad excepcional (escaneos A4 de 300 ppp en 10 segundos) y calidad de hasta 2400 x 4800 ppp. -Tecnolog\u00eda de escaneo autom\u00e1tico para escanear con precisi\u00f3n y sin esfuerzo.  Especificaciones:  Exploraci\u00f3n:  -Tama\u00f1o m\u00e1ximo de escaneado: 216 x 297 mm -Resoluci\u00f3n \u00f3ptica de esc\u00e1ner: 2400 x 4800 DPI -Escaner a color: S\u00ed -Profundidad de entrada de color: 48 bit -Profundidad de salida de color: 48 bit -Profundidad de entrada de escala de grises: 16 bit -Profundidad de salida en escala de grises: 8 bit","og_url":"https:\/\/canonm5.com\/index.php\/producto\/aucanon-canoscan-lide-300-escaner-de-documentos-a4-resolucion-2400x4800dpi-tamano-maximo-de-escaneado-216x297mm-color-negroto-draft\/","og_site_name":"Canon M5 Madrid | Distribuidor oficial Canon","article_modified_time":"2026-04-15T09:20:13+00:00","og_image":[{"width":600,"height":600,"url":"https:\/\/canonm5.com\/wp-content\/uploads\/2025\/04\/SC1.jpg","type":"image\/jpeg"}],"twitter_card":"summary_large_image","twitter_misc":{"Tiempo de lectura":"3 minutos"},"schema":{"@context":"https:\/\/schema.org","@graph":[{"@type":"WebPage","@id":"https:\/\/canonm5.com\/index.php\/producto\/aucanon-canoscan-lide-300-escaner-de-documentos-a4-resolucion-2400x4800dpi-tamano-maximo-de-escaneado-216x297mm-color-negroto-draft\/","url":"https:\/\/canonm5.com\/index.php\/producto\/aucanon-canoscan-lide-300-escaner-de-documentos-a4-resolucion-2400x4800dpi-tamano-maximo-de-escaneado-216x297mm-color-negroto-draft\/","name":"Canon CanoScan LIDE 300 Escaner de Documentos A4 - Resolucion 2400x4800DPI - Tama\u00f1o Maximo de Escaneado 216x297mm - Color Negro - Canon M5 Madrid | Distribuidor oficial Canon","isPartOf":{"@id":"https:\/\/canonm5.com\/#website"},"primaryImageOfPage":{"@id":"https:\/\/canonm5.com\/index.php\/producto\/aucanon-canoscan-lide-300-escaner-de-documentos-a4-resolucion-2400x4800dpi-tamano-maximo-de-escaneado-216x297mm-color-negroto-draft\/#primaryimage"},"image":{"@id":"https:\/\/canonm5.com\/index.php\/producto\/aucanon-canoscan-lide-300-escaner-de-documentos-a4-resolucion-2400x4800dpi-tamano-maximo-de-escaneado-216x297mm-color-negroto-draft\/#primaryimage"},"thumbnailUrl":"https:\/\/canonm5.com\/wp-content\/uploads\/2025\/04\/SC1.jpg","datePublished":"2025-04-14T08:31:50+00:00","dateModified":"2026-04-15T09:20:13+00:00","breadcrumb":{"@id":"https:\/\/canonm5.com\/index.php\/producto\/aucanon-canoscan-lide-300-escaner-de-documentos-a4-resolucion-2400x4800dpi-tamano-maximo-de-escaneado-216x297mm-color-negroto-draft\/#breadcrumb"},"inLanguage":"es","potentialAction":[{"@type":"ReadAction","target":["https:\/\/canonm5.com\/index.php\/producto\/aucanon-canoscan-lide-300-escaner-de-documentos-a4-resolucion-2400x4800dpi-tamano-maximo-de-escaneado-216x297mm-color-negroto-draft\/"]}]},{"@type":"ImageObject","inLanguage":"es","@id":"https:\/\/canonm5.com\/index.php\/producto\/aucanon-canoscan-lide-300-escaner-de-documentos-a4-resolucion-2400x4800dpi-tamano-maximo-de-escaneado-216x297mm-color-negroto-draft\/#primaryimage","url":"https:\/\/canonm5.com\/wp-content\/uploads\/2025\/04\/SC1.jpg","contentUrl":"https:\/\/canonm5.com\/wp-content\/uploads\/2025\/04\/SC1.jpg","width":600,"height":600},{"@type":"BreadcrumbList","@id":"https:\/\/canonm5.com\/index.php\/producto\/aucanon-canoscan-lide-300-escaner-de-documentos-a4-resolucion-2400x4800dpi-tamano-maximo-de-escaneado-216x297mm-color-negroto-draft\/#breadcrumb","itemListElement":[{"@type":"ListItem","position":1,"name":"Portada","item":"https:\/\/canonm5.com\/"},{"@type":"ListItem","position":2,"name":"Nuestros productos","item":"https:\/\/canonm5.com\/index.php\/productos\/"},{"@type":"ListItem","position":3,"name":"Canon CanoScan LIDE 300 Escaner de Documentos A4 &#8211; Resolucion 2400x4800DPI &#8211; Tama\u00f1o Maximo de Escaneado 216x297mm &#8211; Color Negro"}]},{"@type":"WebSite","@id":"https:\/\/canonm5.com\/#website","url":"https:\/\/canonm5.com\/","name":"Canon M5 Madrid | Distribuidor oficial Canon","description":"Renting de impresoras para empresas","potentialAction":[{"@type":"SearchAction","target":{"@type":"EntryPoint","urlTemplate":"https:\/\/canonm5.com\/?s={search_term_string}"},"query-input":{"@type":"PropertyValueSpecification","valueRequired":true,"valueName":"search_term_string"}}],"inLanguage":"es"}]}},"_links":{"self":[{"href":"https:\/\/canonm5.com\/index.php\/wp-json\/wp\/v2\/product\/7627","targetHints":{"allow":["GET"]}}],"collection":[{"href":"https:\/\/canonm5.com\/index.php\/wp-json\/wp\/v2\/product"}],"about":[{"href":"https:\/\/canonm5.com\/index.php\/wp-json\/wp\/v2\/types\/product"}],"wp:featuredmedia":[{"embeddable":true,"href":"https:\/\/canonm5.com\/index.php\/wp-json\/wp\/v2\/media\/7630"}],"wp:attachment":[{"href":"https:\/\/canonm5.com\/index.php\/wp-json\/wp\/v2\/media?parent=7627"}],"wp:term":[{"taxonomy":"product_cat","embeddable":true,"href":"https:\/\/canonm5.com\/index.php\/wp-json\/wp\/v2\/product_cat?post=7627"},{"taxonomy":"product_tag","embeddable":true,"href":"https:\/\/canonm5.com\/index.php\/wp-json\/wp\/v2\/product_tag?post=7627"}],"curies":[{"name":"wp","href":"https:\/\/api.w.org\/{rel}","templated":true}]}}