{"id":7585,"date":"2024-08-19T10:24:38","date_gmt":"2024-08-19T10:24:38","guid":{"rendered":"https:\/\/canonm5.com\/?post_type=product&#038;p=7585"},"modified":"2026-04-15T10:11:05","modified_gmt":"2026-04-15T10:11:05","slug":"milan-serie-1918-bolsa-mochila-de-tiras-grande-tejido-ripstop-ligero-y-resistente-medidas-34x42x0-7cm-color-rosa","status":"publish","type":"product","link":"https:\/\/canonm5.com\/index.php\/producto\/milan-serie-1918-bolsa-mochila-de-tiras-grande-tejido-ripstop-ligero-y-resistente-medidas-34x42x0-7cm-color-rosa\/","title":{"rendered":"Milan Serie 1918 Bolsa\/Mochila de Tiras Grande &#8211; Tejido &#8216;ripstop&#8217; Ligero y Resistente &#8211; Medidas 34x42x0.7cm &#8211; Color Rosa"},"content":{"rendered":"<p>Bolsa de tiras grande Serie 1918. Inspirada en los colores y dise\u00f1o originales de las gomas de borrar MILAN, fabricadas en Espa\u00f1a desde 1918. Tejido exterior &#8216;ripstop&#8217;: ligero y resistente a la rotura y rasgaduras. Utiliza una t\u00e9cnica especial que teje hilos gruesos de refuerzo a intervalos regulares en un patr\u00f3n entrecruzado.<\/p>\n<p>Especificaciones:<\/p>\n<p>-Composici\u00f3n: Polyester<br \/>\n-Medidas: 34 x 42 x 0,7 cm.<br \/>\n-Capacidad: 11.3 litros<br \/>\n-Color: Rosa<\/p>\n","protected":false},"excerpt":{"rendered":"<p>Bolsa de tiras grande Serie 1918. Inspirada en los colores y dise\u00f1o originales de las gomas de borrar MILAN, fabricadas en Espa\u00f1a desde 1918. Tejido exterior &#8216;ripstop&#8217;: ligero y resistente a la rotura y rasgaduras. Utiliza una t\u00e9cnica especial que teje hilos gruesos de refuerzo a intervalos regulares en un patr\u00f3n entrecruzado.<\/p>\n<p>Especificaciones:<\/p>\n<p>-Composici\u00f3n: Polyester<br \/>\n-Medidas: 34 x 42 x 0,7 cm.<br \/>\n-Capacidad: 11.3 litros<br \/>\n-Color: Rosa<\/p>\n","protected":false},"featured_media":7586,"template":"","meta":{"_et_pb_use_builder":"","_et_pb_old_content":"","_et_gb_content_width":"","_joinchat":[]},"product_cat":[145,2704,2682,966,23],"product_tag":[2710,1310,851,2719,2720],"class_list":{"0":"post-7585","1":"product","2":"type-product","3":"status-publish","4":"has-post-thumbnail","6":"product_cat-escritura","7":"product_cat-material-oficina","8":"product_cat-la-vuelta-al-cole","9":"product_cat-material-escolar","10":"product_cat-papeleria","11":"product_tag-2710","12":"product_tag-1310","13":"product_tag-milan","14":"product_tag-mochila","15":"product_tag-polyester","17":"first","18":"instock","19":"taxable","20":"shipping-taxable","21":"product-type-simple"},"yoast_head":"<!-- This site is optimized with the Yoast SEO plugin v27.4 - https:\/\/yoast.com\/product\/yoast-seo-wordpress\/ -->\n<title>Milan Serie 1918 Bolsa\/Mochila de Tiras Grande - Tejido &#039;ripstop&#039; Ligero y Resistente - Medidas 34x42x0.7cm - Color Rosa - Canon M5 Madrid | Distribuidor oficial Canon<\/title>\n<meta name=\"description\" content=\"Bolsa de tiras grande Serie 1918. Inspirada en los colores y dise\u00f1o originales de las gomas de borrar MILAN, fabricadas en Espa\u00f1a desde 1918. Tejido exterior &#039;ripstop&#039;: ligero y resistente a la rotura y rasgaduras. Utiliza una t\u00e9cnica especial que teje hilos gruesos de refuerzo a intervalos regulares en un patr\u00f3n entrecruzado.\" \/>\n<meta name=\"robots\" content=\"index, follow, max-snippet:-1, max-image-preview:large, max-video-preview:-1\" \/>\n<link rel=\"canonical\" href=\"https:\/\/canonm5.com\/index.php\/producto\/milan-serie-1918-bolsa-mochila-de-tiras-grande-tejido-ripstop-ligero-y-resistente-medidas-34x42x0-7cm-color-rosa\/\" \/>\n<meta property=\"og:locale\" content=\"es_ES\" \/>\n<meta property=\"og:type\" content=\"article\" \/>\n<meta property=\"og:title\" content=\"Milan Serie 1918 Bolsa\/Mochila de Tiras Grande - Tejido &#039;ripstop&#039; Ligero y Resistente - Medidas 34x42x0.7cm - Color Rosa - Canon M5 Madrid | Distribuidor oficial Canon\" \/>\n<meta property=\"og:description\" content=\"Bolsa de tiras grande Serie 1918. Inspirada en los colores y dise\u00f1o originales de las gomas de borrar MILAN, fabricadas en Espa\u00f1a desde 1918. Tejido exterior &#039;ripstop&#039;: ligero y resistente a la rotura y rasgaduras. Utiliza una t\u00e9cnica especial que teje hilos gruesos de refuerzo a intervalos regulares en un patr\u00f3n entrecruzado.\" \/>\n<meta property=\"og:url\" content=\"https:\/\/canonm5.com\/index.php\/producto\/milan-serie-1918-bolsa-mochila-de-tiras-grande-tejido-ripstop-ligero-y-resistente-medidas-34x42x0-7cm-color-rosa\/\" \/>\n<meta property=\"og:site_name\" content=\"Canon M5 Madrid | Distribuidor oficial Canon\" \/>\n<meta property=\"article:modified_time\" content=\"2026-04-15T10:11:05+00:00\" \/>\n<meta property=\"og:image\" content=\"https:\/\/canonm5.com\/wp-content\/uploads\/2024\/08\/MLR.jpg\" \/>\n\t<meta property=\"og:image:width\" content=\"600\" \/>\n\t<meta property=\"og:image:height\" content=\"600\" \/>\n\t<meta property=\"og:image:type\" content=\"image\/jpeg\" \/>\n<meta name=\"twitter:card\" content=\"summary_large_image\" \/>\n<meta name=\"twitter:label1\" content=\"Tiempo de lectura\" \/>\n\t<meta name=\"twitter:data1\" content=\"1 minuto\" \/>\n<script type=\"application\/ld+json\" class=\"yoast-schema-graph\">{\"@context\":\"https:\\\/\\\/schema.org\",\"@graph\":[{\"@type\":\"WebPage\",\"@id\":\"https:\\\/\\\/canonm5.com\\\/index.php\\\/producto\\\/milan-serie-1918-bolsa-mochila-de-tiras-grande-tejido-ripstop-ligero-y-resistente-medidas-34x42x0-7cm-color-rosa\\\/\",\"url\":\"https:\\\/\\\/canonm5.com\\\/index.php\\\/producto\\\/milan-serie-1918-bolsa-mochila-de-tiras-grande-tejido-ripstop-ligero-y-resistente-medidas-34x42x0-7cm-color-rosa\\\/\",\"name\":\"Milan Serie 1918 Bolsa\\\/Mochila de Tiras Grande - Tejido 'ripstop' Ligero y Resistente - Medidas 34x42x0.7cm - Color Rosa - Canon M5 Madrid | Distribuidor oficial Canon\",\"isPartOf\":{\"@id\":\"https:\\\/\\\/canonm5.com\\\/#website\"},\"primaryImageOfPage\":{\"@id\":\"https:\\\/\\\/canonm5.com\\\/index.php\\\/producto\\\/milan-serie-1918-bolsa-mochila-de-tiras-grande-tejido-ripstop-ligero-y-resistente-medidas-34x42x0-7cm-color-rosa\\\/#primaryimage\"},\"image\":{\"@id\":\"https:\\\/\\\/canonm5.com\\\/index.php\\\/producto\\\/milan-serie-1918-bolsa-mochila-de-tiras-grande-tejido-ripstop-ligero-y-resistente-medidas-34x42x0-7cm-color-rosa\\\/#primaryimage\"},\"thumbnailUrl\":\"https:\\\/\\\/canonm5.com\\\/wp-content\\\/uploads\\\/2024\\\/08\\\/MLR.jpg\",\"datePublished\":\"2024-08-19T10:24:38+00:00\",\"dateModified\":\"2026-04-15T10:11:05+00:00\",\"description\":\"Bolsa de tiras grande Serie 1918. Inspirada en los colores y dise\u00f1o originales de las gomas de borrar MILAN, fabricadas en Espa\u00f1a desde 1918. Tejido exterior 'ripstop': ligero y resistente a la rotura y rasgaduras. Utiliza una t\u00e9cnica especial que teje hilos gruesos de refuerzo a intervalos regulares en un patr\u00f3n entrecruzado.\",\"breadcrumb\":{\"@id\":\"https:\\\/\\\/canonm5.com\\\/index.php\\\/producto\\\/milan-serie-1918-bolsa-mochila-de-tiras-grande-tejido-ripstop-ligero-y-resistente-medidas-34x42x0-7cm-color-rosa\\\/#breadcrumb\"},\"inLanguage\":\"es\",\"potentialAction\":[{\"@type\":\"ReadAction\",\"target\":[\"https:\\\/\\\/canonm5.com\\\/index.php\\\/producto\\\/milan-serie-1918-bolsa-mochila-de-tiras-grande-tejido-ripstop-ligero-y-resistente-medidas-34x42x0-7cm-color-rosa\\\/\"]}]},{\"@type\":\"ImageObject\",\"inLanguage\":\"es\",\"@id\":\"https:\\\/\\\/canonm5.com\\\/index.php\\\/producto\\\/milan-serie-1918-bolsa-mochila-de-tiras-grande-tejido-ripstop-ligero-y-resistente-medidas-34x42x0-7cm-color-rosa\\\/#primaryimage\",\"url\":\"https:\\\/\\\/canonm5.com\\\/wp-content\\\/uploads\\\/2024\\\/08\\\/MLR.jpg\",\"contentUrl\":\"https:\\\/\\\/canonm5.com\\\/wp-content\\\/uploads\\\/2024\\\/08\\\/MLR.jpg\",\"width\":600,\"height\":600},{\"@type\":\"BreadcrumbList\",\"@id\":\"https:\\\/\\\/canonm5.com\\\/index.php\\\/producto\\\/milan-serie-1918-bolsa-mochila-de-tiras-grande-tejido-ripstop-ligero-y-resistente-medidas-34x42x0-7cm-color-rosa\\\/#breadcrumb\",\"itemListElement\":[{\"@type\":\"ListItem\",\"position\":1,\"name\":\"Portada\",\"item\":\"https:\\\/\\\/canonm5.com\\\/\"},{\"@type\":\"ListItem\",\"position\":2,\"name\":\"Nuestros productos\",\"item\":\"https:\\\/\\\/canonm5.com\\\/index.php\\\/productos\\\/\"},{\"@type\":\"ListItem\",\"position\":3,\"name\":\"Milan Serie 1918 Bolsa\\\/Mochila de Tiras Grande &#8211; Tejido &#8216;ripstop&#8217; Ligero y Resistente &#8211; Medidas 34x42x0.7cm &#8211; Color Rosa\"}]},{\"@type\":\"WebSite\",\"@id\":\"https:\\\/\\\/canonm5.com\\\/#website\",\"url\":\"https:\\\/\\\/canonm5.com\\\/\",\"name\":\"Canon M5 Madrid | Distribuidor oficial Canon\",\"description\":\"Renting de impresoras para empresas\",\"potentialAction\":[{\"@type\":\"SearchAction\",\"target\":{\"@type\":\"EntryPoint\",\"urlTemplate\":\"https:\\\/\\\/canonm5.com\\\/?s={search_term_string}\"},\"query-input\":{\"@type\":\"PropertyValueSpecification\",\"valueRequired\":true,\"valueName\":\"search_term_string\"}}],\"inLanguage\":\"es\"}]}<\/script>\n<!-- \/ Yoast SEO plugin. -->","yoast_head_json":{"title":"Milan Serie 1918 Bolsa\/Mochila de Tiras Grande - Tejido 'ripstop' Ligero y Resistente - Medidas 34x42x0.7cm - Color Rosa - Canon M5 Madrid | Distribuidor oficial Canon","description":"Bolsa de tiras grande Serie 1918. Inspirada en los colores y dise\u00f1o originales de las gomas de borrar MILAN, fabricadas en Espa\u00f1a desde 1918. Tejido exterior 'ripstop': ligero y resistente a la rotura y rasgaduras. Utiliza una t\u00e9cnica especial que teje hilos gruesos de refuerzo a intervalos regulares en un patr\u00f3n entrecruzado.","robots":{"index":"index","follow":"follow","max-snippet":"max-snippet:-1","max-image-preview":"max-image-preview:large","max-video-preview":"max-video-preview:-1"},"canonical":"https:\/\/canonm5.com\/index.php\/producto\/milan-serie-1918-bolsa-mochila-de-tiras-grande-tejido-ripstop-ligero-y-resistente-medidas-34x42x0-7cm-color-rosa\/","og_locale":"es_ES","og_type":"article","og_title":"Milan Serie 1918 Bolsa\/Mochila de Tiras Grande - Tejido 'ripstop' Ligero y Resistente - Medidas 34x42x0.7cm - Color Rosa - Canon M5 Madrid | Distribuidor oficial Canon","og_description":"Bolsa de tiras grande Serie 1918. Inspirada en los colores y dise\u00f1o originales de las gomas de borrar MILAN, fabricadas en Espa\u00f1a desde 1918. Tejido exterior 'ripstop': ligero y resistente a la rotura y rasgaduras. Utiliza una t\u00e9cnica especial que teje hilos gruesos de refuerzo a intervalos regulares en un patr\u00f3n entrecruzado.","og_url":"https:\/\/canonm5.com\/index.php\/producto\/milan-serie-1918-bolsa-mochila-de-tiras-grande-tejido-ripstop-ligero-y-resistente-medidas-34x42x0-7cm-color-rosa\/","og_site_name":"Canon M5 Madrid | Distribuidor oficial Canon","article_modified_time":"2026-04-15T10:11:05+00:00","og_image":[{"width":600,"height":600,"url":"https:\/\/canonm5.com\/wp-content\/uploads\/2024\/08\/MLR.jpg","type":"image\/jpeg"}],"twitter_card":"summary_large_image","twitter_misc":{"Tiempo de lectura":"1 minuto"},"schema":{"@context":"https:\/\/schema.org","@graph":[{"@type":"WebPage","@id":"https:\/\/canonm5.com\/index.php\/producto\/milan-serie-1918-bolsa-mochila-de-tiras-grande-tejido-ripstop-ligero-y-resistente-medidas-34x42x0-7cm-color-rosa\/","url":"https:\/\/canonm5.com\/index.php\/producto\/milan-serie-1918-bolsa-mochila-de-tiras-grande-tejido-ripstop-ligero-y-resistente-medidas-34x42x0-7cm-color-rosa\/","name":"Milan Serie 1918 Bolsa\/Mochila de Tiras Grande - Tejido 'ripstop' Ligero y Resistente - Medidas 34x42x0.7cm - Color Rosa - Canon M5 Madrid | Distribuidor oficial Canon","isPartOf":{"@id":"https:\/\/canonm5.com\/#website"},"primaryImageOfPage":{"@id":"https:\/\/canonm5.com\/index.php\/producto\/milan-serie-1918-bolsa-mochila-de-tiras-grande-tejido-ripstop-ligero-y-resistente-medidas-34x42x0-7cm-color-rosa\/#primaryimage"},"image":{"@id":"https:\/\/canonm5.com\/index.php\/producto\/milan-serie-1918-bolsa-mochila-de-tiras-grande-tejido-ripstop-ligero-y-resistente-medidas-34x42x0-7cm-color-rosa\/#primaryimage"},"thumbnailUrl":"https:\/\/canonm5.com\/wp-content\/uploads\/2024\/08\/MLR.jpg","datePublished":"2024-08-19T10:24:38+00:00","dateModified":"2026-04-15T10:11:05+00:00","description":"Bolsa de tiras grande Serie 1918. Inspirada en los colores y dise\u00f1o originales de las gomas de borrar MILAN, fabricadas en Espa\u00f1a desde 1918. Tejido exterior 'ripstop': ligero y resistente a la rotura y rasgaduras. Utiliza una t\u00e9cnica especial que teje hilos gruesos de refuerzo a intervalos regulares en un patr\u00f3n entrecruzado.","breadcrumb":{"@id":"https:\/\/canonm5.com\/index.php\/producto\/milan-serie-1918-bolsa-mochila-de-tiras-grande-tejido-ripstop-ligero-y-resistente-medidas-34x42x0-7cm-color-rosa\/#breadcrumb"},"inLanguage":"es","potentialAction":[{"@type":"ReadAction","target":["https:\/\/canonm5.com\/index.php\/producto\/milan-serie-1918-bolsa-mochila-de-tiras-grande-tejido-ripstop-ligero-y-resistente-medidas-34x42x0-7cm-color-rosa\/"]}]},{"@type":"ImageObject","inLanguage":"es","@id":"https:\/\/canonm5.com\/index.php\/producto\/milan-serie-1918-bolsa-mochila-de-tiras-grande-tejido-ripstop-ligero-y-resistente-medidas-34x42x0-7cm-color-rosa\/#primaryimage","url":"https:\/\/canonm5.com\/wp-content\/uploads\/2024\/08\/MLR.jpg","contentUrl":"https:\/\/canonm5.com\/wp-content\/uploads\/2024\/08\/MLR.jpg","width":600,"height":600},{"@type":"BreadcrumbList","@id":"https:\/\/canonm5.com\/index.php\/producto\/milan-serie-1918-bolsa-mochila-de-tiras-grande-tejido-ripstop-ligero-y-resistente-medidas-34x42x0-7cm-color-rosa\/#breadcrumb","itemListElement":[{"@type":"ListItem","position":1,"name":"Portada","item":"https:\/\/canonm5.com\/"},{"@type":"ListItem","position":2,"name":"Nuestros productos","item":"https:\/\/canonm5.com\/index.php\/productos\/"},{"@type":"ListItem","position":3,"name":"Milan Serie 1918 Bolsa\/Mochila de Tiras Grande &#8211; Tejido &#8216;ripstop&#8217; Ligero y Resistente &#8211; Medidas 34x42x0.7cm &#8211; Color Rosa"}]},{"@type":"WebSite","@id":"https:\/\/canonm5.com\/#website","url":"https:\/\/canonm5.com\/","name":"Canon M5 Madrid | Distribuidor oficial Canon","description":"Renting de impresoras para empresas","potentialAction":[{"@type":"SearchAction","target":{"@type":"EntryPoint","urlTemplate":"https:\/\/canonm5.com\/?s={search_term_string}"},"query-input":{"@type":"PropertyValueSpecification","valueRequired":true,"valueName":"search_term_string"}}],"inLanguage":"es"}]}},"_links":{"self":[{"href":"https:\/\/canonm5.com\/index.php\/wp-json\/wp\/v2\/product\/7585","targetHints":{"allow":["GET"]}}],"collection":[{"href":"https:\/\/canonm5.com\/index.php\/wp-json\/wp\/v2\/product"}],"about":[{"href":"https:\/\/canonm5.com\/index.php\/wp-json\/wp\/v2\/types\/product"}],"wp:featuredmedia":[{"embeddable":true,"href":"https:\/\/canonm5.com\/index.php\/wp-json\/wp\/v2\/media\/7586"}],"wp:attachment":[{"href":"https:\/\/canonm5.com\/index.php\/wp-json\/wp\/v2\/media?parent=7585"}],"wp:term":[{"taxonomy":"product_cat","embeddable":true,"href":"https:\/\/canonm5.com\/index.php\/wp-json\/wp\/v2\/product_cat?post=7585"},{"taxonomy":"product_tag","embeddable":true,"href":"https:\/\/canonm5.com\/index.php\/wp-json\/wp\/v2\/product_tag?post=7585"}],"curies":[{"name":"wp","href":"https:\/\/api.w.org\/{rel}","templated":true}]}}