{"id":7303,"date":"2023-06-05T13:48:24","date_gmt":"2023-06-05T13:48:24","guid":{"rendered":"https:\/\/canonm5.com\/?post_type=product&#038;p=7303"},"modified":"2026-04-20T07:09:23","modified_gmt":"2026-04-20T07:09:23","slug":"coolsound-z200-auriculares-intrauditivos-con-microfono-control-de-volumen-cable-de-1-20m","status":"publish","type":"product","link":"https:\/\/canonm5.com\/index.php\/producto\/coolsound-z200-auriculares-intrauditivos-con-microfono-control-de-volumen-cable-de-1-20m\/","title":{"rendered":"Coolsound Z200 Auriculares Intrauditivos con Microfono &#8211; Control de Volumen &#8211; Cable de 1.20m"},"content":{"rendered":"<p>Todo el control con los Auriculares + Micr\u00f3fono Z200 de Coolsound. El compa\u00f1ero perfecto para la pr\u00e1ctica de tus deportes gracias a su reducido peso. Ideal para reproducir archivos de audio en alta calidad desde cualquier dispositivo con entrada jack 3.5mm. Est\u00e1n provistos de cable de audio plano anti-enredamiento de 1.20 metros de longitud.<\/p>\n<p>Adem\u00e1s de micr\u00f3fono incorporado para que no tengas que interrumpir tu sesi\u00f3n a la hora de responder cualquier llamada, los Auriculares Z200 incluyen el control total de la m\u00fasica en tu mano, subir y bajar el volumen, play\/pause y canci\u00f3n siguiente. Todo al alcance de tu mano para que nada interrumpa tu entrenamiento.<\/p>\n<p>Especificaciones:<\/p>\n<p>-Microfono y control de volumen<br \/>\n-Cable de 1.2 metros de longitud<br \/>\n-Conector: 3.5mm<br \/>\n-Impedancia: 32Ohm<br \/>\n-Sensibilidad:116dB\u00b13dB<br \/>\n-Frecuencia de respuesta: 18-20,000HZ<\/p>\n<p>&nbsp;<\/p>\n<p><em>E.O. Madrid Cinco S.L., no se responsabiliza de posibles errores tipogr\u00e1ficos y de precio. Las fotograf\u00edas de los productos pueden sufrir cambios<\/em><\/p>\n","protected":false},"excerpt":{"rendered":"<p>Todo el control con los Auriculares + Micr\u00f3fono Z200 de Coolsound. El compa\u00f1ero perfecto para la pr\u00e1ctica de tus deportes gracias a su reducido peso. Ideal para reproducir archivos de audio en alta calidad desde cualquier dispositivo con entrada jack 3.5mm. Est\u00e1n provistos de cable de audio plano anti-enredamiento de 1.20 metros de longitud.<\/p>\n<p>Adem\u00e1s de micr\u00f3fono incorporado para que no tengas que interrumpir tu sesi\u00f3n a la hora de responder cualquier llamada, los Auriculares Z200 incluyen el control total de la m\u00fasica en tu mano, subir y bajar el volumen, play\/pause y canci\u00f3n siguiente. Todo al alcance de tu mano para que nada interrumpa tu entrenamiento.<\/p>\n<p>Especificaciones:<\/p>\n<p>-Microfono y control de volumen<br \/>\n-Cable de 1.2 metros de longitud<br \/>\n-Conector: 3.5mm<br \/>\n-Impedancia: 32Ohm<br \/>\n-Sensibilidad:116dB\u00b13dB<br \/>\n-Frecuencia de respuesta: 18-20,000HZ<\/p>\n","protected":false},"featured_media":7304,"template":"","meta":{"_et_pb_use_builder":"","_et_pb_old_content":"","_et_gb_content_width":"","_joinchat":[]},"product_cat":[964,801],"product_tag":[965,2635,2619,2634,2633],"class_list":{"0":"post-7303","1":"product","2":"type-product","3":"status-publish","4":"has-post-thumbnail","6":"product_cat-auriculares","7":"product_cat-informatica","8":"product_tag-auriculares","9":"product_tag-control-volumen","10":"product_tag-coolsound","11":"product_tag-intrauditivo","12":"product_tag-z200","14":"first","15":"instock","16":"taxable","17":"shipping-taxable","18":"product-type-simple"},"yoast_head":"<!-- This site is optimized with the Yoast SEO plugin v27.4 - https:\/\/yoast.com\/product\/yoast-seo-wordpress\/ -->\n<title>Coolsound Z200 Auriculares Intrauditivos con Microfono - Control de Volumen - Cable de 1.20m - Canon M5 Madrid | Distribuidor oficial Canon<\/title>\n<meta name=\"description\" content=\"Todo el control con los Auriculares + Micr\u00f3fono Z200 de Coolsound. El compa\u00f1ero perfecto para la pr\u00e1ctica de tus deportes gracias a su reducido peso. Ideal para reproducir archivos de audio en alta calidad desde cualquier dispositivo con entrada jack 3.5mm. Est\u00e1n provistos de cable de audio plano anti-enredamiento de 1.20 metros de longitud.\" \/>\n<meta name=\"robots\" content=\"index, follow, max-snippet:-1, max-image-preview:large, max-video-preview:-1\" \/>\n<link rel=\"canonical\" href=\"https:\/\/canonm5.com\/index.php\/producto\/coolsound-z200-auriculares-intrauditivos-con-microfono-control-de-volumen-cable-de-1-20m\/\" \/>\n<meta property=\"og:locale\" content=\"es_ES\" \/>\n<meta property=\"og:type\" content=\"article\" \/>\n<meta property=\"og:title\" content=\"Coolsound Z200 Auriculares Intrauditivos con Microfono - Control de Volumen - Cable de 1.20m - Canon M5 Madrid | Distribuidor oficial Canon\" \/>\n<meta property=\"og:description\" content=\"Todo el control con los Auriculares + Micr\u00f3fono Z200 de Coolsound. El compa\u00f1ero perfecto para la pr\u00e1ctica de tus deportes gracias a su reducido peso. Ideal para reproducir archivos de audio en alta calidad desde cualquier dispositivo con entrada jack 3.5mm. Est\u00e1n provistos de cable de audio plano anti-enredamiento de 1.20 metros de longitud.\" \/>\n<meta property=\"og:url\" content=\"https:\/\/canonm5.com\/index.php\/producto\/coolsound-z200-auriculares-intrauditivos-con-microfono-control-de-volumen-cable-de-1-20m\/\" \/>\n<meta property=\"og:site_name\" content=\"Canon M5 Madrid | Distribuidor oficial Canon\" \/>\n<meta property=\"article:modified_time\" content=\"2026-04-20T07:09:23+00:00\" \/>\n<meta property=\"og:image\" content=\"https:\/\/canonm5.com\/wp-content\/uploads\/2023\/06\/157340_1.jpg\" \/>\n\t<meta property=\"og:image:width\" content=\"477\" \/>\n\t<meta property=\"og:image:height\" content=\"477\" \/>\n\t<meta property=\"og:image:type\" content=\"image\/jpeg\" \/>\n<meta name=\"twitter:card\" content=\"summary_large_image\" \/>\n<meta name=\"twitter:label1\" content=\"Tiempo de lectura\" \/>\n\t<meta name=\"twitter:data1\" content=\"1 minuto\" \/>\n<script type=\"application\/ld+json\" class=\"yoast-schema-graph\">{\"@context\":\"https:\\\/\\\/schema.org\",\"@graph\":[{\"@type\":\"WebPage\",\"@id\":\"https:\\\/\\\/canonm5.com\\\/index.php\\\/producto\\\/coolsound-z200-auriculares-intrauditivos-con-microfono-control-de-volumen-cable-de-1-20m\\\/\",\"url\":\"https:\\\/\\\/canonm5.com\\\/index.php\\\/producto\\\/coolsound-z200-auriculares-intrauditivos-con-microfono-control-de-volumen-cable-de-1-20m\\\/\",\"name\":\"Coolsound Z200 Auriculares Intrauditivos con Microfono - Control de Volumen - Cable de 1.20m - Canon M5 Madrid | Distribuidor oficial Canon\",\"isPartOf\":{\"@id\":\"https:\\\/\\\/canonm5.com\\\/#website\"},\"primaryImageOfPage\":{\"@id\":\"https:\\\/\\\/canonm5.com\\\/index.php\\\/producto\\\/coolsound-z200-auriculares-intrauditivos-con-microfono-control-de-volumen-cable-de-1-20m\\\/#primaryimage\"},\"image\":{\"@id\":\"https:\\\/\\\/canonm5.com\\\/index.php\\\/producto\\\/coolsound-z200-auriculares-intrauditivos-con-microfono-control-de-volumen-cable-de-1-20m\\\/#primaryimage\"},\"thumbnailUrl\":\"https:\\\/\\\/canonm5.com\\\/wp-content\\\/uploads\\\/2023\\\/06\\\/157340_1.jpg\",\"datePublished\":\"2023-06-05T13:48:24+00:00\",\"dateModified\":\"2026-04-20T07:09:23+00:00\",\"description\":\"Todo el control con los Auriculares + Micr\u00f3fono Z200 de Coolsound. El compa\u00f1ero perfecto para la pr\u00e1ctica de tus deportes gracias a su reducido peso. Ideal para reproducir archivos de audio en alta calidad desde cualquier dispositivo con entrada jack 3.5mm. Est\u00e1n provistos de cable de audio plano anti-enredamiento de 1.20 metros de longitud.\",\"breadcrumb\":{\"@id\":\"https:\\\/\\\/canonm5.com\\\/index.php\\\/producto\\\/coolsound-z200-auriculares-intrauditivos-con-microfono-control-de-volumen-cable-de-1-20m\\\/#breadcrumb\"},\"inLanguage\":\"es\",\"potentialAction\":[{\"@type\":\"ReadAction\",\"target\":[\"https:\\\/\\\/canonm5.com\\\/index.php\\\/producto\\\/coolsound-z200-auriculares-intrauditivos-con-microfono-control-de-volumen-cable-de-1-20m\\\/\"]}]},{\"@type\":\"ImageObject\",\"inLanguage\":\"es\",\"@id\":\"https:\\\/\\\/canonm5.com\\\/index.php\\\/producto\\\/coolsound-z200-auriculares-intrauditivos-con-microfono-control-de-volumen-cable-de-1-20m\\\/#primaryimage\",\"url\":\"https:\\\/\\\/canonm5.com\\\/wp-content\\\/uploads\\\/2023\\\/06\\\/157340_1.jpg\",\"contentUrl\":\"https:\\\/\\\/canonm5.com\\\/wp-content\\\/uploads\\\/2023\\\/06\\\/157340_1.jpg\",\"width\":477,\"height\":477},{\"@type\":\"BreadcrumbList\",\"@id\":\"https:\\\/\\\/canonm5.com\\\/index.php\\\/producto\\\/coolsound-z200-auriculares-intrauditivos-con-microfono-control-de-volumen-cable-de-1-20m\\\/#breadcrumb\",\"itemListElement\":[{\"@type\":\"ListItem\",\"position\":1,\"name\":\"Portada\",\"item\":\"https:\\\/\\\/canonm5.com\\\/\"},{\"@type\":\"ListItem\",\"position\":2,\"name\":\"Nuestros productos\",\"item\":\"https:\\\/\\\/canonm5.com\\\/index.php\\\/productos\\\/\"},{\"@type\":\"ListItem\",\"position\":3,\"name\":\"Coolsound Z200 Auriculares Intrauditivos con Microfono &#8211; Control de Volumen &#8211; Cable de 1.20m\"}]},{\"@type\":\"WebSite\",\"@id\":\"https:\\\/\\\/canonm5.com\\\/#website\",\"url\":\"https:\\\/\\\/canonm5.com\\\/\",\"name\":\"Canon M5 Madrid | Distribuidor oficial Canon\",\"description\":\"Renting de impresoras para empresas\",\"potentialAction\":[{\"@type\":\"SearchAction\",\"target\":{\"@type\":\"EntryPoint\",\"urlTemplate\":\"https:\\\/\\\/canonm5.com\\\/?s={search_term_string}\"},\"query-input\":{\"@type\":\"PropertyValueSpecification\",\"valueRequired\":true,\"valueName\":\"search_term_string\"}}],\"inLanguage\":\"es\"}]}<\/script>\n<!-- \/ Yoast SEO plugin. -->","yoast_head_json":{"title":"Coolsound Z200 Auriculares Intrauditivos con Microfono - Control de Volumen - Cable de 1.20m - Canon M5 Madrid | Distribuidor oficial Canon","description":"Todo el control con los Auriculares + Micr\u00f3fono Z200 de Coolsound. El compa\u00f1ero perfecto para la pr\u00e1ctica de tus deportes gracias a su reducido peso. Ideal para reproducir archivos de audio en alta calidad desde cualquier dispositivo con entrada jack 3.5mm. Est\u00e1n provistos de cable de audio plano anti-enredamiento de 1.20 metros de longitud.","robots":{"index":"index","follow":"follow","max-snippet":"max-snippet:-1","max-image-preview":"max-image-preview:large","max-video-preview":"max-video-preview:-1"},"canonical":"https:\/\/canonm5.com\/index.php\/producto\/coolsound-z200-auriculares-intrauditivos-con-microfono-control-de-volumen-cable-de-1-20m\/","og_locale":"es_ES","og_type":"article","og_title":"Coolsound Z200 Auriculares Intrauditivos con Microfono - Control de Volumen - Cable de 1.20m - Canon M5 Madrid | Distribuidor oficial Canon","og_description":"Todo el control con los Auriculares + Micr\u00f3fono Z200 de Coolsound. El compa\u00f1ero perfecto para la pr\u00e1ctica de tus deportes gracias a su reducido peso. Ideal para reproducir archivos de audio en alta calidad desde cualquier dispositivo con entrada jack 3.5mm. Est\u00e1n provistos de cable de audio plano anti-enredamiento de 1.20 metros de longitud.","og_url":"https:\/\/canonm5.com\/index.php\/producto\/coolsound-z200-auriculares-intrauditivos-con-microfono-control-de-volumen-cable-de-1-20m\/","og_site_name":"Canon M5 Madrid | Distribuidor oficial Canon","article_modified_time":"2026-04-20T07:09:23+00:00","og_image":[{"width":477,"height":477,"url":"https:\/\/canonm5.com\/wp-content\/uploads\/2023\/06\/157340_1.jpg","type":"image\/jpeg"}],"twitter_card":"summary_large_image","twitter_misc":{"Tiempo de lectura":"1 minuto"},"schema":{"@context":"https:\/\/schema.org","@graph":[{"@type":"WebPage","@id":"https:\/\/canonm5.com\/index.php\/producto\/coolsound-z200-auriculares-intrauditivos-con-microfono-control-de-volumen-cable-de-1-20m\/","url":"https:\/\/canonm5.com\/index.php\/producto\/coolsound-z200-auriculares-intrauditivos-con-microfono-control-de-volumen-cable-de-1-20m\/","name":"Coolsound Z200 Auriculares Intrauditivos con Microfono - Control de Volumen - Cable de 1.20m - Canon M5 Madrid | Distribuidor oficial Canon","isPartOf":{"@id":"https:\/\/canonm5.com\/#website"},"primaryImageOfPage":{"@id":"https:\/\/canonm5.com\/index.php\/producto\/coolsound-z200-auriculares-intrauditivos-con-microfono-control-de-volumen-cable-de-1-20m\/#primaryimage"},"image":{"@id":"https:\/\/canonm5.com\/index.php\/producto\/coolsound-z200-auriculares-intrauditivos-con-microfono-control-de-volumen-cable-de-1-20m\/#primaryimage"},"thumbnailUrl":"https:\/\/canonm5.com\/wp-content\/uploads\/2023\/06\/157340_1.jpg","datePublished":"2023-06-05T13:48:24+00:00","dateModified":"2026-04-20T07:09:23+00:00","description":"Todo el control con los Auriculares + Micr\u00f3fono Z200 de Coolsound. El compa\u00f1ero perfecto para la pr\u00e1ctica de tus deportes gracias a su reducido peso. Ideal para reproducir archivos de audio en alta calidad desde cualquier dispositivo con entrada jack 3.5mm. Est\u00e1n provistos de cable de audio plano anti-enredamiento de 1.20 metros de longitud.","breadcrumb":{"@id":"https:\/\/canonm5.com\/index.php\/producto\/coolsound-z200-auriculares-intrauditivos-con-microfono-control-de-volumen-cable-de-1-20m\/#breadcrumb"},"inLanguage":"es","potentialAction":[{"@type":"ReadAction","target":["https:\/\/canonm5.com\/index.php\/producto\/coolsound-z200-auriculares-intrauditivos-con-microfono-control-de-volumen-cable-de-1-20m\/"]}]},{"@type":"ImageObject","inLanguage":"es","@id":"https:\/\/canonm5.com\/index.php\/producto\/coolsound-z200-auriculares-intrauditivos-con-microfono-control-de-volumen-cable-de-1-20m\/#primaryimage","url":"https:\/\/canonm5.com\/wp-content\/uploads\/2023\/06\/157340_1.jpg","contentUrl":"https:\/\/canonm5.com\/wp-content\/uploads\/2023\/06\/157340_1.jpg","width":477,"height":477},{"@type":"BreadcrumbList","@id":"https:\/\/canonm5.com\/index.php\/producto\/coolsound-z200-auriculares-intrauditivos-con-microfono-control-de-volumen-cable-de-1-20m\/#breadcrumb","itemListElement":[{"@type":"ListItem","position":1,"name":"Portada","item":"https:\/\/canonm5.com\/"},{"@type":"ListItem","position":2,"name":"Nuestros productos","item":"https:\/\/canonm5.com\/index.php\/productos\/"},{"@type":"ListItem","position":3,"name":"Coolsound Z200 Auriculares Intrauditivos con Microfono &#8211; Control de Volumen &#8211; Cable de 1.20m"}]},{"@type":"WebSite","@id":"https:\/\/canonm5.com\/#website","url":"https:\/\/canonm5.com\/","name":"Canon M5 Madrid | Distribuidor oficial Canon","description":"Renting de impresoras para empresas","potentialAction":[{"@type":"SearchAction","target":{"@type":"EntryPoint","urlTemplate":"https:\/\/canonm5.com\/?s={search_term_string}"},"query-input":{"@type":"PropertyValueSpecification","valueRequired":true,"valueName":"search_term_string"}}],"inLanguage":"es"}]}},"_links":{"self":[{"href":"https:\/\/canonm5.com\/index.php\/wp-json\/wp\/v2\/product\/7303","targetHints":{"allow":["GET"]}}],"collection":[{"href":"https:\/\/canonm5.com\/index.php\/wp-json\/wp\/v2\/product"}],"about":[{"href":"https:\/\/canonm5.com\/index.php\/wp-json\/wp\/v2\/types\/product"}],"wp:featuredmedia":[{"embeddable":true,"href":"https:\/\/canonm5.com\/index.php\/wp-json\/wp\/v2\/media\/7304"}],"wp:attachment":[{"href":"https:\/\/canonm5.com\/index.php\/wp-json\/wp\/v2\/media?parent=7303"}],"wp:term":[{"taxonomy":"product_cat","embeddable":true,"href":"https:\/\/canonm5.com\/index.php\/wp-json\/wp\/v2\/product_cat?post=7303"},{"taxonomy":"product_tag","embeddable":true,"href":"https:\/\/canonm5.com\/index.php\/wp-json\/wp\/v2\/product_tag?post=7303"}],"curies":[{"name":"wp","href":"https:\/\/api.w.org\/{rel}","templated":true}]}}