{"id":7299,"date":"2023-06-05T13:39:25","date_gmt":"2023-06-05T13:39:25","guid":{"rendered":"https:\/\/canonm5.com\/?post_type=product&#038;p=7299"},"modified":"2026-04-20T07:52:03","modified_gmt":"2026-04-20T07:52:03","slug":"ngs-cross-skipe-auriculares-intrauditivos-microfono-integrado-jack-3-5mm-asistente-voz-cable-de-1-20m","status":"publish","type":"product","link":"https:\/\/canonm5.com\/index.php\/producto\/ngs-cross-skipe-auriculares-intrauditivos-microfono-integrado-jack-3-5mm-asistente-voz-cable-de-1-20m\/","title":{"rendered":"NGS Cross Skipe Auriculares Intrauditivos &#8211; Microfono Integrado &#8211; Jack 3.5mm &#8211; Asistente Voz &#8211; Cable de 1.20m"},"content":{"rendered":"<p>NGS Cross Skip Blue son unos pr\u00e1cticos auriculares intrauditivos con micr\u00f3fono en color azul klein. Dispone de bot\u00f3n multifunci\u00f3n, control de volumen y tecnolog\u00eda Voice Assistant que permite conectarse con el asistente de voz del m\u00f3vil o Tablet pulsando solo un bot\u00f3n.<\/p>\n<p>NGS Cross Skip es compatible con tu smartphone o reproductor de audio y destaca por su gran calidad de sonido, as\u00ed como su portabilidad. El micr\u00f3fono integrado en el cable te permite responder a todas tus llamadas sin necesidad de sacar el smartphone del bolsillo. Podr\u00e1s avanzar y retroceder la canci\u00f3n con el bot\u00f3n multifunci\u00f3n que te permite controlar la reproducci\u00f3n desde el propio auricular.<\/p>\n<p>NGS Cross Skip est\u00e1 equipado con un cable plano de 1.20 m que evita que se produzcan enredos y con el que podr\u00e1s moverte con libertad total. Este auricular de bot\u00f3n es ideal para correr o ir al gym ya que incluye almohadillas fabricadas en silicona que se ajustan perfectamente a la oreja, evitando que se caigan. Equipado con 3 pares de almohadillas de 3 tama\u00f1os diferentes (S\/M\/L) para adaptarse perfectamente a tu o\u00eddo.<\/p>\n<p>Caracteristicas:<\/p>\n<p>-Manos libres: Si<br \/>\n-Control de volumen: Si<br \/>\n-Conexi\u00f3n: Jack 3.5mm<br \/>\n-Micro integrado: Si<br \/>\n-Peso: 15gr<\/p>\n<p>Especificaciones T\u00e9cnicas:<\/p>\n<p>-Bot\u00f3n multifuncional*<br \/>\n-*Depende de la marca y modelo de su dispositivo. Compatible con Siri y Asistente de Google.<br \/>\n-Llamar al asistente de voz<br \/>\n-Controlar la m\u00fasica<br \/>\n-Responder y finalizar llamadas<br \/>\n-Control de volumen<br \/>\n-Unidad de controlador: 10mm<br \/>\n-Respuesta de frecuencia: 20Hz-20kHz<br \/>\n-Impedancia: 32 Ohms<br \/>\n-Sensibilidad: 106dB<br \/>\n-Longitud del cable: 1,2m \u00b110 %<br \/>\n-Tama\u00f1o del conector: 3,5mm<br \/>\n-Cable plano<\/p>\n<p>-Contenido del Embalaje:<\/p>\n<p>-Cross Skipe Blue<br \/>\n-3 tama\u00f1os diferentes de tapones.<br \/>\n-Manual de usuario (11 idiomas).<br \/>\n-Tarjeta de garant\u00eda de 2 a\u00f1os.<\/p>\n<p>&nbsp;<\/p>\n<p><em>E.O. Madrid Cinco S.L., no se responsabiliza de posibles errores tipogr\u00e1ficos y de precio. Las fotograf\u00edas de los productos pueden sufrir cambios<\/em><\/p>\n<p>&nbsp;<\/p>\n","protected":false},"excerpt":{"rendered":"<p>NGS Cross Skip Blue son unos pr\u00e1cticos auriculares intrauditivos con micr\u00f3fono en color azul klein. Dispone de bot\u00f3n multifunci\u00f3n, control de volumen y tecnolog\u00eda Voice Assistant que permite conectarse con el asistente de voz del m\u00f3vil o Tablet pulsando solo un bot\u00f3n.<\/p>\n<p>NGS Cross Skip es compatible con tu smartphone o reproductor de audio y destaca por su gran calidad de sonido, as\u00ed como su portabilidad. El micr\u00f3fono integrado en el cable te permite responder a todas tus llamadas sin necesidad de sacar el smartphone del bolsillo. Podr\u00e1s avanzar y retroceder la canci\u00f3n con el bot\u00f3n multifunci\u00f3n que te permite controlar la reproducci\u00f3n desde el propio auricular.<\/p>\n<p>NGS Cross Skip est\u00e1 equipado con un cable plano de 1.20 m que evita que se produzcan enredos y con el que podr\u00e1s moverte con libertad total. Este auricular de bot\u00f3n es ideal para correr o ir al gym ya que incluye almohadillas fabricadas en silicona que se ajustan perfectamente a la oreja, evitando que se caigan. Equipado con 3 pares de almohadillas de 3 tama\u00f1os diferentes (S\/M\/L) para adaptarse perfectamente a tu o\u00eddo.<\/p>\n<p>Caracteristicas:<\/p>\n<p>-Manos libres: Si<br \/>\n-Control de volumen: Si<br \/>\n-Conexi\u00f3n: Jack 3.5mm<br \/>\n-Micro integrado: Si<br \/>\n-Peso: 15gr<\/p>\n<p>Especificaciones T\u00e9cnicas:<\/p>\n<p>-Bot\u00f3n multifuncional*<br \/>\n-*Depende de la marca y modelo de su dispositivo. Compatible con Siri y Asistente de Google.<br \/>\n-Llamar al asistente de voz<br \/>\n-Controlar la m\u00fasica<br \/>\n-Responder y finalizar llamadas<br \/>\n-Control de volumen<br \/>\n-Unidad de controlador: 10mm<br \/>\n-Respuesta de frecuencia: 20Hz-20kHz<br \/>\n-Impedancia: 32 Ohms<br \/>\n-Sensibilidad: 106dB<br \/>\n-Longitud del cable: 1,2m \u00b110 %<br \/>\n-Tama\u00f1o del conector: 3,5mm<br \/>\n-Cable plano<\/p>\n<p>-Contenido del Embalaje:<\/p>\n<p>-Cross Skipe Blue<br \/>\n-3 tama\u00f1os diferentes de tapones.<br \/>\n-Manual de usuario (11 idiomas).<br \/>\n-Tarjeta de garant\u00eda de 2 a\u00f1os.<\/p>\n","protected":false},"featured_media":7300,"template":"","meta":{"_et_pb_use_builder":"","_et_pb_old_content":"","_et_gb_content_width":"","_joinchat":[]},"product_cat":[964,801],"product_tag":[1802,2632,965,2630,2628,2618,2631,1113,1601,2629],"class_list":{"0":"post-7299","1":"product","2":"type-product","3":"status-publish","4":"has-post-thumbnail","6":"product_cat-auriculares","7":"product_cat-informatica","8":"product_tag-1802","9":"product_tag-asistente-voz","10":"product_tag-auriculares","11":"product_tag-blue","12":"product_tag-cross","13":"product_tag-intrauditivos","14":"product_tag-jack-3","15":"product_tag-microfono","16":"product_tag-ngs","17":"product_tag-skip","19":"first","20":"instock","21":"taxable","22":"shipping-taxable","23":"product-type-simple"},"yoast_head":"<!-- This site is optimized with the Yoast SEO plugin v27.4 - https:\/\/yoast.com\/product\/yoast-seo-wordpress\/ -->\n<title>NGS Cross Skipe Auriculares Intrauditivos - Microfono Integrado - Jack 3.5mm - Asistente Voz - Cable de 1.20m - Canon M5 Madrid | Distribuidor oficial Canon<\/title>\n<meta name=\"description\" content=\"NGS Cross Skip Blue son unos pr\u00e1cticos auriculares intrauditivos con micr\u00f3fono en color azul klein. Dispone de bot\u00f3n multifunci\u00f3n, control de volumen y tecnolog\u00eda Voice Assistant que permite conectarse con el asistente de voz del m\u00f3vil o Tablet pulsando solo un bot\u00f3n.\" \/>\n<meta name=\"robots\" content=\"index, follow, max-snippet:-1, max-image-preview:large, max-video-preview:-1\" \/>\n<link rel=\"canonical\" href=\"https:\/\/canonm5.com\/index.php\/producto\/ngs-cross-skipe-auriculares-intrauditivos-microfono-integrado-jack-3-5mm-asistente-voz-cable-de-1-20m\/\" \/>\n<meta property=\"og:locale\" content=\"es_ES\" \/>\n<meta property=\"og:type\" content=\"article\" \/>\n<meta property=\"og:title\" content=\"NGS Cross Skipe Auriculares Intrauditivos - Microfono Integrado - Jack 3.5mm - Asistente Voz - Cable de 1.20m - Canon M5 Madrid | Distribuidor oficial Canon\" \/>\n<meta property=\"og:description\" content=\"NGS Cross Skip Blue son unos pr\u00e1cticos auriculares intrauditivos con micr\u00f3fono en color azul klein. Dispone de bot\u00f3n multifunci\u00f3n, control de volumen y tecnolog\u00eda Voice Assistant que permite conectarse con el asistente de voz del m\u00f3vil o Tablet pulsando solo un bot\u00f3n.\" \/>\n<meta property=\"og:url\" content=\"https:\/\/canonm5.com\/index.php\/producto\/ngs-cross-skipe-auriculares-intrauditivos-microfono-integrado-jack-3-5mm-asistente-voz-cable-de-1-20m\/\" \/>\n<meta property=\"og:site_name\" content=\"Canon M5 Madrid | Distribuidor oficial Canon\" \/>\n<meta property=\"article:modified_time\" content=\"2026-04-20T07:52:03+00:00\" \/>\n<meta property=\"og:image\" content=\"https:\/\/canonm5.com\/wp-content\/uploads\/2023\/06\/118227_1.jpg\" \/>\n\t<meta property=\"og:image:width\" content=\"1000\" \/>\n\t<meta property=\"og:image:height\" content=\"1000\" \/>\n\t<meta property=\"og:image:type\" content=\"image\/jpeg\" \/>\n<meta name=\"twitter:card\" content=\"summary_large_image\" \/>\n<meta name=\"twitter:label1\" content=\"Tiempo de lectura\" \/>\n\t<meta name=\"twitter:data1\" content=\"2 minutos\" \/>\n<script type=\"application\/ld+json\" class=\"yoast-schema-graph\">{\"@context\":\"https:\\\/\\\/schema.org\",\"@graph\":[{\"@type\":\"WebPage\",\"@id\":\"https:\\\/\\\/canonm5.com\\\/index.php\\\/producto\\\/ngs-cross-skipe-auriculares-intrauditivos-microfono-integrado-jack-3-5mm-asistente-voz-cable-de-1-20m\\\/\",\"url\":\"https:\\\/\\\/canonm5.com\\\/index.php\\\/producto\\\/ngs-cross-skipe-auriculares-intrauditivos-microfono-integrado-jack-3-5mm-asistente-voz-cable-de-1-20m\\\/\",\"name\":\"NGS Cross Skipe Auriculares Intrauditivos - Microfono Integrado - Jack 3.5mm - Asistente Voz - Cable de 1.20m - Canon M5 Madrid | Distribuidor oficial Canon\",\"isPartOf\":{\"@id\":\"https:\\\/\\\/canonm5.com\\\/#website\"},\"primaryImageOfPage\":{\"@id\":\"https:\\\/\\\/canonm5.com\\\/index.php\\\/producto\\\/ngs-cross-skipe-auriculares-intrauditivos-microfono-integrado-jack-3-5mm-asistente-voz-cable-de-1-20m\\\/#primaryimage\"},\"image\":{\"@id\":\"https:\\\/\\\/canonm5.com\\\/index.php\\\/producto\\\/ngs-cross-skipe-auriculares-intrauditivos-microfono-integrado-jack-3-5mm-asistente-voz-cable-de-1-20m\\\/#primaryimage\"},\"thumbnailUrl\":\"https:\\\/\\\/canonm5.com\\\/wp-content\\\/uploads\\\/2023\\\/06\\\/118227_1.jpg\",\"datePublished\":\"2023-06-05T13:39:25+00:00\",\"dateModified\":\"2026-04-20T07:52:03+00:00\",\"description\":\"NGS Cross Skip Blue son unos pr\u00e1cticos auriculares intrauditivos con micr\u00f3fono en color azul klein. Dispone de bot\u00f3n multifunci\u00f3n, control de volumen y tecnolog\u00eda Voice Assistant que permite conectarse con el asistente de voz del m\u00f3vil o Tablet pulsando solo un bot\u00f3n.\",\"breadcrumb\":{\"@id\":\"https:\\\/\\\/canonm5.com\\\/index.php\\\/producto\\\/ngs-cross-skipe-auriculares-intrauditivos-microfono-integrado-jack-3-5mm-asistente-voz-cable-de-1-20m\\\/#breadcrumb\"},\"inLanguage\":\"es\",\"potentialAction\":[{\"@type\":\"ReadAction\",\"target\":[\"https:\\\/\\\/canonm5.com\\\/index.php\\\/producto\\\/ngs-cross-skipe-auriculares-intrauditivos-microfono-integrado-jack-3-5mm-asistente-voz-cable-de-1-20m\\\/\"]}]},{\"@type\":\"ImageObject\",\"inLanguage\":\"es\",\"@id\":\"https:\\\/\\\/canonm5.com\\\/index.php\\\/producto\\\/ngs-cross-skipe-auriculares-intrauditivos-microfono-integrado-jack-3-5mm-asistente-voz-cable-de-1-20m\\\/#primaryimage\",\"url\":\"https:\\\/\\\/canonm5.com\\\/wp-content\\\/uploads\\\/2023\\\/06\\\/118227_1.jpg\",\"contentUrl\":\"https:\\\/\\\/canonm5.com\\\/wp-content\\\/uploads\\\/2023\\\/06\\\/118227_1.jpg\",\"width\":1000,\"height\":1000},{\"@type\":\"BreadcrumbList\",\"@id\":\"https:\\\/\\\/canonm5.com\\\/index.php\\\/producto\\\/ngs-cross-skipe-auriculares-intrauditivos-microfono-integrado-jack-3-5mm-asistente-voz-cable-de-1-20m\\\/#breadcrumb\",\"itemListElement\":[{\"@type\":\"ListItem\",\"position\":1,\"name\":\"Portada\",\"item\":\"https:\\\/\\\/canonm5.com\\\/\"},{\"@type\":\"ListItem\",\"position\":2,\"name\":\"Nuestros productos\",\"item\":\"https:\\\/\\\/canonm5.com\\\/index.php\\\/productos\\\/\"},{\"@type\":\"ListItem\",\"position\":3,\"name\":\"NGS Cross Skipe Auriculares Intrauditivos &#8211; Microfono Integrado &#8211; Jack 3.5mm &#8211; Asistente Voz &#8211; Cable de 1.20m\"}]},{\"@type\":\"WebSite\",\"@id\":\"https:\\\/\\\/canonm5.com\\\/#website\",\"url\":\"https:\\\/\\\/canonm5.com\\\/\",\"name\":\"Canon M5 Madrid | Distribuidor oficial Canon\",\"description\":\"Renting de impresoras para empresas\",\"potentialAction\":[{\"@type\":\"SearchAction\",\"target\":{\"@type\":\"EntryPoint\",\"urlTemplate\":\"https:\\\/\\\/canonm5.com\\\/?s={search_term_string}\"},\"query-input\":{\"@type\":\"PropertyValueSpecification\",\"valueRequired\":true,\"valueName\":\"search_term_string\"}}],\"inLanguage\":\"es\"}]}<\/script>\n<!-- \/ Yoast SEO plugin. -->","yoast_head_json":{"title":"NGS Cross Skipe Auriculares Intrauditivos - Microfono Integrado - Jack 3.5mm - Asistente Voz - Cable de 1.20m - Canon M5 Madrid | Distribuidor oficial Canon","description":"NGS Cross Skip Blue son unos pr\u00e1cticos auriculares intrauditivos con micr\u00f3fono en color azul klein. Dispone de bot\u00f3n multifunci\u00f3n, control de volumen y tecnolog\u00eda Voice Assistant que permite conectarse con el asistente de voz del m\u00f3vil o Tablet pulsando solo un bot\u00f3n.","robots":{"index":"index","follow":"follow","max-snippet":"max-snippet:-1","max-image-preview":"max-image-preview:large","max-video-preview":"max-video-preview:-1"},"canonical":"https:\/\/canonm5.com\/index.php\/producto\/ngs-cross-skipe-auriculares-intrauditivos-microfono-integrado-jack-3-5mm-asistente-voz-cable-de-1-20m\/","og_locale":"es_ES","og_type":"article","og_title":"NGS Cross Skipe Auriculares Intrauditivos - Microfono Integrado - Jack 3.5mm - Asistente Voz - Cable de 1.20m - Canon M5 Madrid | Distribuidor oficial Canon","og_description":"NGS Cross Skip Blue son unos pr\u00e1cticos auriculares intrauditivos con micr\u00f3fono en color azul klein. Dispone de bot\u00f3n multifunci\u00f3n, control de volumen y tecnolog\u00eda Voice Assistant que permite conectarse con el asistente de voz del m\u00f3vil o Tablet pulsando solo un bot\u00f3n.","og_url":"https:\/\/canonm5.com\/index.php\/producto\/ngs-cross-skipe-auriculares-intrauditivos-microfono-integrado-jack-3-5mm-asistente-voz-cable-de-1-20m\/","og_site_name":"Canon M5 Madrid | Distribuidor oficial Canon","article_modified_time":"2026-04-20T07:52:03+00:00","og_image":[{"width":1000,"height":1000,"url":"https:\/\/canonm5.com\/wp-content\/uploads\/2023\/06\/118227_1.jpg","type":"image\/jpeg"}],"twitter_card":"summary_large_image","twitter_misc":{"Tiempo de lectura":"2 minutos"},"schema":{"@context":"https:\/\/schema.org","@graph":[{"@type":"WebPage","@id":"https:\/\/canonm5.com\/index.php\/producto\/ngs-cross-skipe-auriculares-intrauditivos-microfono-integrado-jack-3-5mm-asistente-voz-cable-de-1-20m\/","url":"https:\/\/canonm5.com\/index.php\/producto\/ngs-cross-skipe-auriculares-intrauditivos-microfono-integrado-jack-3-5mm-asistente-voz-cable-de-1-20m\/","name":"NGS Cross Skipe Auriculares Intrauditivos - Microfono Integrado - Jack 3.5mm - Asistente Voz - Cable de 1.20m - Canon M5 Madrid | Distribuidor oficial Canon","isPartOf":{"@id":"https:\/\/canonm5.com\/#website"},"primaryImageOfPage":{"@id":"https:\/\/canonm5.com\/index.php\/producto\/ngs-cross-skipe-auriculares-intrauditivos-microfono-integrado-jack-3-5mm-asistente-voz-cable-de-1-20m\/#primaryimage"},"image":{"@id":"https:\/\/canonm5.com\/index.php\/producto\/ngs-cross-skipe-auriculares-intrauditivos-microfono-integrado-jack-3-5mm-asistente-voz-cable-de-1-20m\/#primaryimage"},"thumbnailUrl":"https:\/\/canonm5.com\/wp-content\/uploads\/2023\/06\/118227_1.jpg","datePublished":"2023-06-05T13:39:25+00:00","dateModified":"2026-04-20T07:52:03+00:00","description":"NGS Cross Skip Blue son unos pr\u00e1cticos auriculares intrauditivos con micr\u00f3fono en color azul klein. Dispone de bot\u00f3n multifunci\u00f3n, control de volumen y tecnolog\u00eda Voice Assistant que permite conectarse con el asistente de voz del m\u00f3vil o Tablet pulsando solo un bot\u00f3n.","breadcrumb":{"@id":"https:\/\/canonm5.com\/index.php\/producto\/ngs-cross-skipe-auriculares-intrauditivos-microfono-integrado-jack-3-5mm-asistente-voz-cable-de-1-20m\/#breadcrumb"},"inLanguage":"es","potentialAction":[{"@type":"ReadAction","target":["https:\/\/canonm5.com\/index.php\/producto\/ngs-cross-skipe-auriculares-intrauditivos-microfono-integrado-jack-3-5mm-asistente-voz-cable-de-1-20m\/"]}]},{"@type":"ImageObject","inLanguage":"es","@id":"https:\/\/canonm5.com\/index.php\/producto\/ngs-cross-skipe-auriculares-intrauditivos-microfono-integrado-jack-3-5mm-asistente-voz-cable-de-1-20m\/#primaryimage","url":"https:\/\/canonm5.com\/wp-content\/uploads\/2023\/06\/118227_1.jpg","contentUrl":"https:\/\/canonm5.com\/wp-content\/uploads\/2023\/06\/118227_1.jpg","width":1000,"height":1000},{"@type":"BreadcrumbList","@id":"https:\/\/canonm5.com\/index.php\/producto\/ngs-cross-skipe-auriculares-intrauditivos-microfono-integrado-jack-3-5mm-asistente-voz-cable-de-1-20m\/#breadcrumb","itemListElement":[{"@type":"ListItem","position":1,"name":"Portada","item":"https:\/\/canonm5.com\/"},{"@type":"ListItem","position":2,"name":"Nuestros productos","item":"https:\/\/canonm5.com\/index.php\/productos\/"},{"@type":"ListItem","position":3,"name":"NGS Cross Skipe Auriculares Intrauditivos &#8211; Microfono Integrado &#8211; Jack 3.5mm &#8211; Asistente Voz &#8211; Cable de 1.20m"}]},{"@type":"WebSite","@id":"https:\/\/canonm5.com\/#website","url":"https:\/\/canonm5.com\/","name":"Canon M5 Madrid | Distribuidor oficial Canon","description":"Renting de impresoras para empresas","potentialAction":[{"@type":"SearchAction","target":{"@type":"EntryPoint","urlTemplate":"https:\/\/canonm5.com\/?s={search_term_string}"},"query-input":{"@type":"PropertyValueSpecification","valueRequired":true,"valueName":"search_term_string"}}],"inLanguage":"es"}]}},"_links":{"self":[{"href":"https:\/\/canonm5.com\/index.php\/wp-json\/wp\/v2\/product\/7299","targetHints":{"allow":["GET"]}}],"collection":[{"href":"https:\/\/canonm5.com\/index.php\/wp-json\/wp\/v2\/product"}],"about":[{"href":"https:\/\/canonm5.com\/index.php\/wp-json\/wp\/v2\/types\/product"}],"wp:featuredmedia":[{"embeddable":true,"href":"https:\/\/canonm5.com\/index.php\/wp-json\/wp\/v2\/media\/7300"}],"wp:attachment":[{"href":"https:\/\/canonm5.com\/index.php\/wp-json\/wp\/v2\/media?parent=7299"}],"wp:term":[{"taxonomy":"product_cat","embeddable":true,"href":"https:\/\/canonm5.com\/index.php\/wp-json\/wp\/v2\/product_cat?post=7299"},{"taxonomy":"product_tag","embeddable":true,"href":"https:\/\/canonm5.com\/index.php\/wp-json\/wp\/v2\/product_tag?post=7299"}],"curies":[{"name":"wp","href":"https:\/\/api.w.org\/{rel}","templated":true}]}}