{"id":7295,"date":"2023-06-05T13:28:53","date_gmt":"2023-06-05T13:28:53","guid":{"rendered":"https:\/\/canonm5.com\/?post_type=product&#038;p=7295"},"modified":"2023-06-12T14:05:36","modified_gmt":"2023-06-12T14:05:36","slug":"l-link-earpods-auriculares-con-microfono-control-en-cable-color-negro","status":"publish","type":"product","link":"https:\/\/canonm5.com\/index.php\/producto\/l-link-earpods-auriculares-con-microfono-control-en-cable-color-negro\/","title":{"rendered":"L-Link EarPods Auriculares con Microfono &#8211; Control en Cable &#8211; Color Negro"},"content":{"rendered":"<p>EarPods para tu iPhone, iPad o iPod. El nuevo dise\u00f1o de auriculares de Apple, adaptables a cada o\u00eddo y con una calidad de audio excepcional.<\/p>\n<p>No hay dos personas que tengan los o\u00eddos iguales. Por esta raz\u00f3n, los ingenieros de Apple empezaron a trabajar en unos auriculares capaces de adaptarse a la forma de cada oreja. Despu\u00e9s de probar m\u00e1s de 100 prototipos en cientos de personas, el resultado es inmejorable: los revolucionarios EarPods. Sonido de gran calidad y m\u00e1xima comodidad.<\/p>\n<p>Caracter\u00edsticas:<\/p>\n<p>-Se ajustan perfectamente a la anatom\u00eda de tu o\u00eddo.<br \/>\n-Mucho m\u00e1s c\u00f3modos que los auriculares convencionales.<br \/>\n-Los altavoces interiores minimizan la p\u00e9rdida de sonido.<br \/>\n-Incluyen control remoto para ajustar el volumen.<br \/>\n-El micr\u00f3fono incorporado te permiten contestar llamadas.<br \/>\n-Compatibles con iPhone 5, 4S, 4 y 3 GS. Y con varios modelos de otros accesorios Apple (iPod, iPad, iPad Mini&#8230;).<\/p>\n<p>&nbsp;<\/p>\n<p><em>E.O. Madrid Cinco S.L., no se responsabiliza de posibles errores tipogr\u00e1ficos y de precio. Las fotograf\u00edas de los productos pueden sufrir cambios<\/em><\/p>\n<p>&nbsp;<\/p>\n","protected":false},"excerpt":{"rendered":"<p>EarPods para tu iPhone, iPad o iPod. El nuevo dise\u00f1o de auriculares de Apple, adaptables a cada o\u00eddo y con una calidad de audio excepcional.<\/p>\n<p>No hay dos personas que tengan los o\u00eddos iguales. Por esta raz\u00f3n, los ingenieros de Apple empezaron a trabajar en unos auriculares capaces de adaptarse a la forma de cada oreja. Despu\u00e9s de probar m\u00e1s de 100 prototipos en cientos de personas, el resultado es inmejorable: los revolucionarios EarPods. Sonido de gran calidad y m\u00e1xima comodidad.<\/p>\n<p>Caracter\u00edsticas:<\/p>\n<p>-Se ajustan perfectamente a la anatom\u00eda de tu o\u00eddo.<br \/>\n-Mucho m\u00e1s c\u00f3modos que los auriculares convencionales.<br \/>\n-Los altavoces interiores minimizan la p\u00e9rdida de sonido.<br \/>\n-Incluyen control remoto para ajustar el volumen.<br \/>\n-El micr\u00f3fono incorporado te permiten contestar llamadas.<br \/>\n-Compatibles con iPhone 5, 4S, 4 y 3 GS. Y con varios modelos de otros accesorios Apple (iPod, iPad, iPad Mini&#8230;).<\/p>\n","protected":false},"featured_media":7296,"template":"","meta":{"_et_pb_use_builder":"","_et_pb_old_content":"","_et_gb_content_width":"","_joinchat":[]},"product_cat":[964,801],"product_tag":[965,2625,2352,1113],"class_list":{"0":"post-7295","1":"product","2":"type-product","3":"status-publish","4":"has-post-thumbnail","6":"product_cat-auriculares","7":"product_cat-informatica","8":"product_tag-auriculares","9":"product_tag-earpods","10":"product_tag-l-link","11":"product_tag-microfono","13":"first","14":"instock","15":"taxable","16":"shipping-taxable","17":"purchasable","18":"product-type-simple"},"yoast_head":"<!-- This site is optimized with the Yoast SEO plugin v27.4 - https:\/\/yoast.com\/product\/yoast-seo-wordpress\/ -->\n<title>L-Link EarPods Auriculares con Microfono - Control en Cable - Color Negro - Canon M5 Madrid | Distribuidor oficial Canon<\/title>\n<meta name=\"description\" content=\"EarPods para tu iPhone, iPad o iPod. El nuevo dise\u00f1o de auriculares de Apple, adaptables a cada o\u00eddo y con una calidad de audio excepcional.\" \/>\n<meta name=\"robots\" content=\"index, follow, max-snippet:-1, max-image-preview:large, max-video-preview:-1\" \/>\n<link rel=\"canonical\" href=\"https:\/\/canonm5.com\/index.php\/producto\/l-link-earpods-auriculares-con-microfono-control-en-cable-color-negro\/\" \/>\n<meta property=\"og:locale\" content=\"es_ES\" \/>\n<meta property=\"og:type\" content=\"article\" \/>\n<meta property=\"og:title\" content=\"L-Link EarPods Auriculares con Microfono - Control en Cable - Color Negro - Canon M5 Madrid | Distribuidor oficial Canon\" \/>\n<meta property=\"og:description\" content=\"EarPods para tu iPhone, iPad o iPod. El nuevo dise\u00f1o de auriculares de Apple, adaptables a cada o\u00eddo y con una calidad de audio excepcional.\" \/>\n<meta property=\"og:url\" content=\"https:\/\/canonm5.com\/index.php\/producto\/l-link-earpods-auriculares-con-microfono-control-en-cable-color-negro\/\" \/>\n<meta property=\"og:site_name\" content=\"Canon M5 Madrid | Distribuidor oficial Canon\" \/>\n<meta property=\"article:modified_time\" content=\"2023-06-12T14:05:36+00:00\" \/>\n<meta property=\"og:image\" content=\"https:\/\/canonm5.com\/wp-content\/uploads\/2023\/06\/15691_1.jpg\" \/>\n\t<meta property=\"og:image:width\" content=\"700\" \/>\n\t<meta property=\"og:image:height\" content=\"700\" \/>\n\t<meta property=\"og:image:type\" content=\"image\/jpeg\" \/>\n<meta name=\"twitter:card\" content=\"summary_large_image\" \/>\n<meta name=\"twitter:label1\" content=\"Tiempo de lectura\" \/>\n\t<meta name=\"twitter:data1\" content=\"1 minuto\" \/>\n<script type=\"application\/ld+json\" class=\"yoast-schema-graph\">{\"@context\":\"https:\\\/\\\/schema.org\",\"@graph\":[{\"@type\":\"WebPage\",\"@id\":\"https:\\\/\\\/canonm5.com\\\/index.php\\\/producto\\\/l-link-earpods-auriculares-con-microfono-control-en-cable-color-negro\\\/\",\"url\":\"https:\\\/\\\/canonm5.com\\\/index.php\\\/producto\\\/l-link-earpods-auriculares-con-microfono-control-en-cable-color-negro\\\/\",\"name\":\"L-Link EarPods Auriculares con Microfono - Control en Cable - Color Negro - Canon M5 Madrid | Distribuidor oficial Canon\",\"isPartOf\":{\"@id\":\"https:\\\/\\\/canonm5.com\\\/#website\"},\"primaryImageOfPage\":{\"@id\":\"https:\\\/\\\/canonm5.com\\\/index.php\\\/producto\\\/l-link-earpods-auriculares-con-microfono-control-en-cable-color-negro\\\/#primaryimage\"},\"image\":{\"@id\":\"https:\\\/\\\/canonm5.com\\\/index.php\\\/producto\\\/l-link-earpods-auriculares-con-microfono-control-en-cable-color-negro\\\/#primaryimage\"},\"thumbnailUrl\":\"https:\\\/\\\/canonm5.com\\\/wp-content\\\/uploads\\\/2023\\\/06\\\/15691_1.jpg\",\"datePublished\":\"2023-06-05T13:28:53+00:00\",\"dateModified\":\"2023-06-12T14:05:36+00:00\",\"description\":\"EarPods para tu iPhone, iPad o iPod. El nuevo dise\u00f1o de auriculares de Apple, adaptables a cada o\u00eddo y con una calidad de audio excepcional.\",\"breadcrumb\":{\"@id\":\"https:\\\/\\\/canonm5.com\\\/index.php\\\/producto\\\/l-link-earpods-auriculares-con-microfono-control-en-cable-color-negro\\\/#breadcrumb\"},\"inLanguage\":\"es\",\"potentialAction\":[{\"@type\":\"ReadAction\",\"target\":[\"https:\\\/\\\/canonm5.com\\\/index.php\\\/producto\\\/l-link-earpods-auriculares-con-microfono-control-en-cable-color-negro\\\/\"]}]},{\"@type\":\"ImageObject\",\"inLanguage\":\"es\",\"@id\":\"https:\\\/\\\/canonm5.com\\\/index.php\\\/producto\\\/l-link-earpods-auriculares-con-microfono-control-en-cable-color-negro\\\/#primaryimage\",\"url\":\"https:\\\/\\\/canonm5.com\\\/wp-content\\\/uploads\\\/2023\\\/06\\\/15691_1.jpg\",\"contentUrl\":\"https:\\\/\\\/canonm5.com\\\/wp-content\\\/uploads\\\/2023\\\/06\\\/15691_1.jpg\",\"width\":700,\"height\":700},{\"@type\":\"BreadcrumbList\",\"@id\":\"https:\\\/\\\/canonm5.com\\\/index.php\\\/producto\\\/l-link-earpods-auriculares-con-microfono-control-en-cable-color-negro\\\/#breadcrumb\",\"itemListElement\":[{\"@type\":\"ListItem\",\"position\":1,\"name\":\"Portada\",\"item\":\"https:\\\/\\\/canonm5.com\\\/\"},{\"@type\":\"ListItem\",\"position\":2,\"name\":\"Nuestros productos\",\"item\":\"https:\\\/\\\/canonm5.com\\\/index.php\\\/productos\\\/\"},{\"@type\":\"ListItem\",\"position\":3,\"name\":\"L-Link EarPods Auriculares con Microfono &#8211; Control en Cable &#8211; Color Negro\"}]},{\"@type\":\"WebSite\",\"@id\":\"https:\\\/\\\/canonm5.com\\\/#website\",\"url\":\"https:\\\/\\\/canonm5.com\\\/\",\"name\":\"Canon M5 Madrid | Distribuidor oficial Canon\",\"description\":\"Renting de impresoras para empresas\",\"potentialAction\":[{\"@type\":\"SearchAction\",\"target\":{\"@type\":\"EntryPoint\",\"urlTemplate\":\"https:\\\/\\\/canonm5.com\\\/?s={search_term_string}\"},\"query-input\":{\"@type\":\"PropertyValueSpecification\",\"valueRequired\":true,\"valueName\":\"search_term_string\"}}],\"inLanguage\":\"es\"}]}<\/script>\n<!-- \/ Yoast SEO plugin. -->","yoast_head_json":{"title":"L-Link EarPods Auriculares con Microfono - Control en Cable - Color Negro - Canon M5 Madrid | Distribuidor oficial Canon","description":"EarPods para tu iPhone, iPad o iPod. El nuevo dise\u00f1o de auriculares de Apple, adaptables a cada o\u00eddo y con una calidad de audio excepcional.","robots":{"index":"index","follow":"follow","max-snippet":"max-snippet:-1","max-image-preview":"max-image-preview:large","max-video-preview":"max-video-preview:-1"},"canonical":"https:\/\/canonm5.com\/index.php\/producto\/l-link-earpods-auriculares-con-microfono-control-en-cable-color-negro\/","og_locale":"es_ES","og_type":"article","og_title":"L-Link EarPods Auriculares con Microfono - Control en Cable - Color Negro - Canon M5 Madrid | Distribuidor oficial Canon","og_description":"EarPods para tu iPhone, iPad o iPod. El nuevo dise\u00f1o de auriculares de Apple, adaptables a cada o\u00eddo y con una calidad de audio excepcional.","og_url":"https:\/\/canonm5.com\/index.php\/producto\/l-link-earpods-auriculares-con-microfono-control-en-cable-color-negro\/","og_site_name":"Canon M5 Madrid | Distribuidor oficial Canon","article_modified_time":"2023-06-12T14:05:36+00:00","og_image":[{"width":700,"height":700,"url":"https:\/\/canonm5.com\/wp-content\/uploads\/2023\/06\/15691_1.jpg","type":"image\/jpeg"}],"twitter_card":"summary_large_image","twitter_misc":{"Tiempo de lectura":"1 minuto"},"schema":{"@context":"https:\/\/schema.org","@graph":[{"@type":"WebPage","@id":"https:\/\/canonm5.com\/index.php\/producto\/l-link-earpods-auriculares-con-microfono-control-en-cable-color-negro\/","url":"https:\/\/canonm5.com\/index.php\/producto\/l-link-earpods-auriculares-con-microfono-control-en-cable-color-negro\/","name":"L-Link EarPods Auriculares con Microfono - Control en Cable - Color Negro - Canon M5 Madrid | Distribuidor oficial Canon","isPartOf":{"@id":"https:\/\/canonm5.com\/#website"},"primaryImageOfPage":{"@id":"https:\/\/canonm5.com\/index.php\/producto\/l-link-earpods-auriculares-con-microfono-control-en-cable-color-negro\/#primaryimage"},"image":{"@id":"https:\/\/canonm5.com\/index.php\/producto\/l-link-earpods-auriculares-con-microfono-control-en-cable-color-negro\/#primaryimage"},"thumbnailUrl":"https:\/\/canonm5.com\/wp-content\/uploads\/2023\/06\/15691_1.jpg","datePublished":"2023-06-05T13:28:53+00:00","dateModified":"2023-06-12T14:05:36+00:00","description":"EarPods para tu iPhone, iPad o iPod. El nuevo dise\u00f1o de auriculares de Apple, adaptables a cada o\u00eddo y con una calidad de audio excepcional.","breadcrumb":{"@id":"https:\/\/canonm5.com\/index.php\/producto\/l-link-earpods-auriculares-con-microfono-control-en-cable-color-negro\/#breadcrumb"},"inLanguage":"es","potentialAction":[{"@type":"ReadAction","target":["https:\/\/canonm5.com\/index.php\/producto\/l-link-earpods-auriculares-con-microfono-control-en-cable-color-negro\/"]}]},{"@type":"ImageObject","inLanguage":"es","@id":"https:\/\/canonm5.com\/index.php\/producto\/l-link-earpods-auriculares-con-microfono-control-en-cable-color-negro\/#primaryimage","url":"https:\/\/canonm5.com\/wp-content\/uploads\/2023\/06\/15691_1.jpg","contentUrl":"https:\/\/canonm5.com\/wp-content\/uploads\/2023\/06\/15691_1.jpg","width":700,"height":700},{"@type":"BreadcrumbList","@id":"https:\/\/canonm5.com\/index.php\/producto\/l-link-earpods-auriculares-con-microfono-control-en-cable-color-negro\/#breadcrumb","itemListElement":[{"@type":"ListItem","position":1,"name":"Portada","item":"https:\/\/canonm5.com\/"},{"@type":"ListItem","position":2,"name":"Nuestros productos","item":"https:\/\/canonm5.com\/index.php\/productos\/"},{"@type":"ListItem","position":3,"name":"L-Link EarPods Auriculares con Microfono &#8211; Control en Cable &#8211; Color Negro"}]},{"@type":"WebSite","@id":"https:\/\/canonm5.com\/#website","url":"https:\/\/canonm5.com\/","name":"Canon M5 Madrid | Distribuidor oficial Canon","description":"Renting de impresoras para empresas","potentialAction":[{"@type":"SearchAction","target":{"@type":"EntryPoint","urlTemplate":"https:\/\/canonm5.com\/?s={search_term_string}"},"query-input":{"@type":"PropertyValueSpecification","valueRequired":true,"valueName":"search_term_string"}}],"inLanguage":"es"}]}},"_links":{"self":[{"href":"https:\/\/canonm5.com\/index.php\/wp-json\/wp\/v2\/product\/7295","targetHints":{"allow":["GET"]}}],"collection":[{"href":"https:\/\/canonm5.com\/index.php\/wp-json\/wp\/v2\/product"}],"about":[{"href":"https:\/\/canonm5.com\/index.php\/wp-json\/wp\/v2\/types\/product"}],"wp:featuredmedia":[{"embeddable":true,"href":"https:\/\/canonm5.com\/index.php\/wp-json\/wp\/v2\/media\/7296"}],"wp:attachment":[{"href":"https:\/\/canonm5.com\/index.php\/wp-json\/wp\/v2\/media?parent=7295"}],"wp:term":[{"taxonomy":"product_cat","embeddable":true,"href":"https:\/\/canonm5.com\/index.php\/wp-json\/wp\/v2\/product_cat?post=7295"},{"taxonomy":"product_tag","embeddable":true,"href":"https:\/\/canonm5.com\/index.php\/wp-json\/wp\/v2\/product_tag?post=7295"}],"curies":[{"name":"wp","href":"https:\/\/api.w.org\/{rel}","templated":true}]}}