{"id":7293,"date":"2023-06-05T13:25:04","date_gmt":"2023-06-05T13:25:04","guid":{"rendered":"https:\/\/canonm5.com\/?post_type=product&#038;p=7293"},"modified":"2023-06-12T14:04:10","modified_gmt":"2023-06-12T14:04:10","slug":"ngs-ms103-pro-auriculares-con-microfono-microfono-flexible-diadema-ajustable-control-en-cable-cable-de-1-80m-color-negro","status":"publish","type":"product","link":"https:\/\/canonm5.com\/index.php\/producto\/ngs-ms103-pro-auriculares-con-microfono-microfono-flexible-diadema-ajustable-control-en-cable-cable-de-1-80m-color-negro\/","title":{"rendered":"NGS MS103 Pro Auriculares con Microfono &#8211; Microfono Flexible &#8211; Diadema Ajustable &#8211; Control en Cable &#8211; Cable de 1.80m &#8211; Color Negro"},"content":{"rendered":"<p>Auriculares livianos MS 103 PRO para computadora port\u00e1til con micr\u00f3fono ajustable y sensible que garantiza un habla n\u00edtida, es ideal para para aplicaciones de video y chat. Ajusta el volumen de la diadema con su pr\u00e1ctico control.<\/p>\n<p>Caracter\u00edsticas:<\/p>\n<p>-Auriculares ligeros para el ordenador.<br \/>\n-Adecuado para aplicaciones de video y chat.<br \/>\n-Su micr\u00f3fono ajustable y sensible asegura un sonido claro y n\u00edtido.<br \/>\n-Banda de cabeza ajustable.<br \/>\n-Control de volumen ajustable.<br \/>\n-Cable de 1,8 metros.<br \/>\n-Conexi\u00f3n de audio 2* 3.5mm.<\/p>\n<p>Especificaciones:<\/p>\n<p>Micr\u00f3fono:<\/p>\n<p>-Impedancia: Low. 32 Ohms a 1 khz.<br \/>\n-Rango de frecuencia: 20hz-16 kHz<br \/>\n-Sensibilidad: -62 dB+\/- 3 dB<br \/>\n-Longitud del cable: 1,8 m+\/- 3 %<br \/>\n-Micr\u00f3fono de condensador omnidireccional.<\/p>\n<p>Auriculares:<\/p>\n<p>-Color: Negro<br \/>\n-Factor de forma de los auriculares: Over Ear<br \/>\n-Di\u00e1metro de altavoz: 30 mm.<br \/>\n-Potencia m\u00e1xima de entrada: 100 mw.<br \/>\n-Impedancia: 32 Ohms\/l Khz<br \/>\n-Rango de frecuencia: 20-20 kHz<br \/>\n-Sensibilidad: 101 dB+\/- 4 dB<br \/>\n-Longitud del cable: 1,8 m+\/- 3 %<br \/>\n-Conector para auriculares: Jack de 3,5 mm<br \/>\n-Tipo de conector: Al\u00e1mbrico<\/p>\n<p>Contenido del embalaje:<\/p>\n<p>-MS103 Pro<br \/>\n-Tarjeta de garant\u00eda<\/p>\n<p>&nbsp;<\/p>\n<p><em>E.O. Madrid Cinco S.L., no se responsabiliza de posibles errores tipogr\u00e1ficos y de precio. Las fotograf\u00edas de los productos pueden sufrir cambios<\/em><\/p>\n","protected":false},"excerpt":{"rendered":"<p>Auriculares livianos MS 103 PRO para computadora port\u00e1til con micr\u00f3fono ajustable y sensible que garantiza un habla n\u00edtida, es ideal para para aplicaciones de video y chat. Ajusta el volumen de la diadema con su pr\u00e1ctico control.<\/p>\n<p>Caracter\u00edsticas:<\/p>\n<p>-Auriculares ligeros para el ordenador.<br \/>\n-Adecuado para aplicaciones de video y chat.<br \/>\n-Su micr\u00f3fono ajustable y sensible asegura un sonido claro y n\u00edtido.<br \/>\n-Banda de cabeza ajustable.<br \/>\n-Control de volumen ajustable.<br \/>\n-Cable de 1,8 metros.<br \/>\n-Conexi\u00f3n de audio 2* 3.5mm.<\/p>\n<p>Especificaciones:<\/p>\n<p>Micr\u00f3fono:<\/p>\n<p>-Impedancia: Low. 32 Ohms a 1 khz.<br \/>\n-Rango de frecuencia: 20hz-16 kHz<br \/>\n-Sensibilidad: -62 dB+\/- 3 dB<br \/>\n-Longitud del cable: 1,8 m+\/- 3 %<br \/>\n-Micr\u00f3fono de condensador omnidireccional.<\/p>\n<p>Auriculares:<\/p>\n<p>-Color: Negro<br \/>\n-Factor de forma de los auriculares: Over Ear<br \/>\n-Di\u00e1metro de altavoz: 30 mm.<br \/>\n-Potencia m\u00e1xima de entrada: 100 mw.<br \/>\n-Impedancia: 32 Ohms\/l Khz<br \/>\n-Rango de frecuencia: 20-20 kHz<br \/>\n-Sensibilidad: 101 dB+\/- 4 dB<br \/>\n-Longitud del cable: 1,8 m+\/- 3 %<br \/>\n-Conector para auriculares: Jack de 3,5 mm<br \/>\n-Tipo de conector: Al\u00e1mbrico<\/p>\n<p>Contenido del embalaje:<\/p>\n<p>-MS103 Pro<br \/>\n-Tarjeta de garant\u00eda<\/p>\n","protected":false},"featured_media":7294,"template":"","meta":{"_et_pb_use_builder":"","_et_pb_old_content":"","_et_gb_content_width":"","_joinchat":[]},"product_cat":[964,801],"product_tag":[965,2624,2623,1113,2622,1601],"class_list":{"0":"post-7293","1":"product","2":"type-product","3":"status-publish","4":"has-post-thumbnail","6":"product_cat-auriculares","7":"product_cat-informatica","8":"product_tag-auriculares","9":"product_tag-diadema-ajustable","10":"product_tag-flexible","11":"product_tag-microfono","12":"product_tag-ms103pro","13":"product_tag-ngs","15":"first","16":"instock","17":"taxable","18":"shipping-taxable","19":"product-type-simple"},"yoast_head":"<!-- This site is optimized with the Yoast SEO plugin v27.4 - https:\/\/yoast.com\/product\/yoast-seo-wordpress\/ -->\n<title>NGS MS103 Pro Auriculares con Microfono - Microfono Flexible - Diadema Ajustable - Control en Cable - Cable de 1.80m - Color Negro - Canon M5 Madrid | Distribuidor oficial Canon<\/title>\n<meta name=\"description\" content=\"Auriculares livianos MS 103 PRO para computadora port\u00e1til con micr\u00f3fono ajustable y sensible que garantiza un habla n\u00edtida, es ideal para para aplicaciones de video y chat. Ajusta el volumen de la diadema con su pr\u00e1ctico control.\" \/>\n<meta name=\"robots\" content=\"index, follow, max-snippet:-1, max-image-preview:large, max-video-preview:-1\" \/>\n<link rel=\"canonical\" href=\"https:\/\/canonm5.com\/index.php\/producto\/ngs-ms103-pro-auriculares-con-microfono-microfono-flexible-diadema-ajustable-control-en-cable-cable-de-1-80m-color-negro\/\" \/>\n<meta property=\"og:locale\" content=\"es_ES\" \/>\n<meta property=\"og:type\" content=\"article\" \/>\n<meta property=\"og:title\" content=\"NGS MS103 Pro Auriculares con Microfono - Microfono Flexible - Diadema Ajustable - Control en Cable - Cable de 1.80m - Color Negro - Canon M5 Madrid | Distribuidor oficial Canon\" \/>\n<meta property=\"og:description\" content=\"Auriculares livianos MS 103 PRO para computadora port\u00e1til con micr\u00f3fono ajustable y sensible que garantiza un habla n\u00edtida, es ideal para para aplicaciones de video y chat. Ajusta el volumen de la diadema con su pr\u00e1ctico control.\" \/>\n<meta property=\"og:url\" content=\"https:\/\/canonm5.com\/index.php\/producto\/ngs-ms103-pro-auriculares-con-microfono-microfono-flexible-diadema-ajustable-control-en-cable-cable-de-1-80m-color-negro\/\" \/>\n<meta property=\"og:site_name\" content=\"Canon M5 Madrid | Distribuidor oficial Canon\" \/>\n<meta property=\"article:modified_time\" content=\"2023-06-12T14:04:10+00:00\" \/>\n<meta property=\"og:image\" content=\"https:\/\/canonm5.com\/wp-content\/uploads\/2023\/06\/138459_1.jpg\" \/>\n\t<meta property=\"og:image:width\" content=\"573\" \/>\n\t<meta property=\"og:image:height\" content=\"914\" \/>\n\t<meta property=\"og:image:type\" content=\"image\/jpeg\" \/>\n<meta name=\"twitter:card\" content=\"summary_large_image\" \/>\n<meta name=\"twitter:label1\" content=\"Tiempo de lectura\" \/>\n\t<meta name=\"twitter:data1\" content=\"1 minuto\" \/>\n<script type=\"application\/ld+json\" class=\"yoast-schema-graph\">{\"@context\":\"https:\\\/\\\/schema.org\",\"@graph\":[{\"@type\":\"WebPage\",\"@id\":\"https:\\\/\\\/canonm5.com\\\/index.php\\\/producto\\\/ngs-ms103-pro-auriculares-con-microfono-microfono-flexible-diadema-ajustable-control-en-cable-cable-de-1-80m-color-negro\\\/\",\"url\":\"https:\\\/\\\/canonm5.com\\\/index.php\\\/producto\\\/ngs-ms103-pro-auriculares-con-microfono-microfono-flexible-diadema-ajustable-control-en-cable-cable-de-1-80m-color-negro\\\/\",\"name\":\"NGS MS103 Pro Auriculares con Microfono - Microfono Flexible - Diadema Ajustable - Control en Cable - Cable de 1.80m - Color Negro - Canon M5 Madrid | Distribuidor oficial Canon\",\"isPartOf\":{\"@id\":\"https:\\\/\\\/canonm5.com\\\/#website\"},\"primaryImageOfPage\":{\"@id\":\"https:\\\/\\\/canonm5.com\\\/index.php\\\/producto\\\/ngs-ms103-pro-auriculares-con-microfono-microfono-flexible-diadema-ajustable-control-en-cable-cable-de-1-80m-color-negro\\\/#primaryimage\"},\"image\":{\"@id\":\"https:\\\/\\\/canonm5.com\\\/index.php\\\/producto\\\/ngs-ms103-pro-auriculares-con-microfono-microfono-flexible-diadema-ajustable-control-en-cable-cable-de-1-80m-color-negro\\\/#primaryimage\"},\"thumbnailUrl\":\"https:\\\/\\\/canonm5.com\\\/wp-content\\\/uploads\\\/2023\\\/06\\\/138459_1.jpg\",\"datePublished\":\"2023-06-05T13:25:04+00:00\",\"dateModified\":\"2023-06-12T14:04:10+00:00\",\"description\":\"Auriculares livianos MS 103 PRO para computadora port\u00e1til con micr\u00f3fono ajustable y sensible que garantiza un habla n\u00edtida, es ideal para para aplicaciones de video y chat. Ajusta el volumen de la diadema con su pr\u00e1ctico control.\",\"breadcrumb\":{\"@id\":\"https:\\\/\\\/canonm5.com\\\/index.php\\\/producto\\\/ngs-ms103-pro-auriculares-con-microfono-microfono-flexible-diadema-ajustable-control-en-cable-cable-de-1-80m-color-negro\\\/#breadcrumb\"},\"inLanguage\":\"es\",\"potentialAction\":[{\"@type\":\"ReadAction\",\"target\":[\"https:\\\/\\\/canonm5.com\\\/index.php\\\/producto\\\/ngs-ms103-pro-auriculares-con-microfono-microfono-flexible-diadema-ajustable-control-en-cable-cable-de-1-80m-color-negro\\\/\"]}]},{\"@type\":\"ImageObject\",\"inLanguage\":\"es\",\"@id\":\"https:\\\/\\\/canonm5.com\\\/index.php\\\/producto\\\/ngs-ms103-pro-auriculares-con-microfono-microfono-flexible-diadema-ajustable-control-en-cable-cable-de-1-80m-color-negro\\\/#primaryimage\",\"url\":\"https:\\\/\\\/canonm5.com\\\/wp-content\\\/uploads\\\/2023\\\/06\\\/138459_1.jpg\",\"contentUrl\":\"https:\\\/\\\/canonm5.com\\\/wp-content\\\/uploads\\\/2023\\\/06\\\/138459_1.jpg\",\"width\":573,\"height\":914},{\"@type\":\"BreadcrumbList\",\"@id\":\"https:\\\/\\\/canonm5.com\\\/index.php\\\/producto\\\/ngs-ms103-pro-auriculares-con-microfono-microfono-flexible-diadema-ajustable-control-en-cable-cable-de-1-80m-color-negro\\\/#breadcrumb\",\"itemListElement\":[{\"@type\":\"ListItem\",\"position\":1,\"name\":\"Portada\",\"item\":\"https:\\\/\\\/canonm5.com\\\/\"},{\"@type\":\"ListItem\",\"position\":2,\"name\":\"Nuestros productos\",\"item\":\"https:\\\/\\\/canonm5.com\\\/index.php\\\/productos\\\/\"},{\"@type\":\"ListItem\",\"position\":3,\"name\":\"NGS MS103 Pro Auriculares con Microfono &#8211; Microfono Flexible &#8211; Diadema Ajustable &#8211; Control en Cable &#8211; Cable de 1.80m &#8211; Color Negro\"}]},{\"@type\":\"WebSite\",\"@id\":\"https:\\\/\\\/canonm5.com\\\/#website\",\"url\":\"https:\\\/\\\/canonm5.com\\\/\",\"name\":\"Canon M5 Madrid | Distribuidor oficial Canon\",\"description\":\"Renting de impresoras para empresas\",\"potentialAction\":[{\"@type\":\"SearchAction\",\"target\":{\"@type\":\"EntryPoint\",\"urlTemplate\":\"https:\\\/\\\/canonm5.com\\\/?s={search_term_string}\"},\"query-input\":{\"@type\":\"PropertyValueSpecification\",\"valueRequired\":true,\"valueName\":\"search_term_string\"}}],\"inLanguage\":\"es\"}]}<\/script>\n<!-- \/ Yoast SEO plugin. -->","yoast_head_json":{"title":"NGS MS103 Pro Auriculares con Microfono - Microfono Flexible - Diadema Ajustable - Control en Cable - Cable de 1.80m - Color Negro - Canon M5 Madrid | Distribuidor oficial Canon","description":"Auriculares livianos MS 103 PRO para computadora port\u00e1til con micr\u00f3fono ajustable y sensible que garantiza un habla n\u00edtida, es ideal para para aplicaciones de video y chat. Ajusta el volumen de la diadema con su pr\u00e1ctico control.","robots":{"index":"index","follow":"follow","max-snippet":"max-snippet:-1","max-image-preview":"max-image-preview:large","max-video-preview":"max-video-preview:-1"},"canonical":"https:\/\/canonm5.com\/index.php\/producto\/ngs-ms103-pro-auriculares-con-microfono-microfono-flexible-diadema-ajustable-control-en-cable-cable-de-1-80m-color-negro\/","og_locale":"es_ES","og_type":"article","og_title":"NGS MS103 Pro Auriculares con Microfono - Microfono Flexible - Diadema Ajustable - Control en Cable - Cable de 1.80m - Color Negro - Canon M5 Madrid | Distribuidor oficial Canon","og_description":"Auriculares livianos MS 103 PRO para computadora port\u00e1til con micr\u00f3fono ajustable y sensible que garantiza un habla n\u00edtida, es ideal para para aplicaciones de video y chat. Ajusta el volumen de la diadema con su pr\u00e1ctico control.","og_url":"https:\/\/canonm5.com\/index.php\/producto\/ngs-ms103-pro-auriculares-con-microfono-microfono-flexible-diadema-ajustable-control-en-cable-cable-de-1-80m-color-negro\/","og_site_name":"Canon M5 Madrid | Distribuidor oficial Canon","article_modified_time":"2023-06-12T14:04:10+00:00","og_image":[{"width":573,"height":914,"url":"https:\/\/canonm5.com\/wp-content\/uploads\/2023\/06\/138459_1.jpg","type":"image\/jpeg"}],"twitter_card":"summary_large_image","twitter_misc":{"Tiempo de lectura":"1 minuto"},"schema":{"@context":"https:\/\/schema.org","@graph":[{"@type":"WebPage","@id":"https:\/\/canonm5.com\/index.php\/producto\/ngs-ms103-pro-auriculares-con-microfono-microfono-flexible-diadema-ajustable-control-en-cable-cable-de-1-80m-color-negro\/","url":"https:\/\/canonm5.com\/index.php\/producto\/ngs-ms103-pro-auriculares-con-microfono-microfono-flexible-diadema-ajustable-control-en-cable-cable-de-1-80m-color-negro\/","name":"NGS MS103 Pro Auriculares con Microfono - Microfono Flexible - Diadema Ajustable - Control en Cable - Cable de 1.80m - Color Negro - Canon M5 Madrid | Distribuidor oficial Canon","isPartOf":{"@id":"https:\/\/canonm5.com\/#website"},"primaryImageOfPage":{"@id":"https:\/\/canonm5.com\/index.php\/producto\/ngs-ms103-pro-auriculares-con-microfono-microfono-flexible-diadema-ajustable-control-en-cable-cable-de-1-80m-color-negro\/#primaryimage"},"image":{"@id":"https:\/\/canonm5.com\/index.php\/producto\/ngs-ms103-pro-auriculares-con-microfono-microfono-flexible-diadema-ajustable-control-en-cable-cable-de-1-80m-color-negro\/#primaryimage"},"thumbnailUrl":"https:\/\/canonm5.com\/wp-content\/uploads\/2023\/06\/138459_1.jpg","datePublished":"2023-06-05T13:25:04+00:00","dateModified":"2023-06-12T14:04:10+00:00","description":"Auriculares livianos MS 103 PRO para computadora port\u00e1til con micr\u00f3fono ajustable y sensible que garantiza un habla n\u00edtida, es ideal para para aplicaciones de video y chat. Ajusta el volumen de la diadema con su pr\u00e1ctico control.","breadcrumb":{"@id":"https:\/\/canonm5.com\/index.php\/producto\/ngs-ms103-pro-auriculares-con-microfono-microfono-flexible-diadema-ajustable-control-en-cable-cable-de-1-80m-color-negro\/#breadcrumb"},"inLanguage":"es","potentialAction":[{"@type":"ReadAction","target":["https:\/\/canonm5.com\/index.php\/producto\/ngs-ms103-pro-auriculares-con-microfono-microfono-flexible-diadema-ajustable-control-en-cable-cable-de-1-80m-color-negro\/"]}]},{"@type":"ImageObject","inLanguage":"es","@id":"https:\/\/canonm5.com\/index.php\/producto\/ngs-ms103-pro-auriculares-con-microfono-microfono-flexible-diadema-ajustable-control-en-cable-cable-de-1-80m-color-negro\/#primaryimage","url":"https:\/\/canonm5.com\/wp-content\/uploads\/2023\/06\/138459_1.jpg","contentUrl":"https:\/\/canonm5.com\/wp-content\/uploads\/2023\/06\/138459_1.jpg","width":573,"height":914},{"@type":"BreadcrumbList","@id":"https:\/\/canonm5.com\/index.php\/producto\/ngs-ms103-pro-auriculares-con-microfono-microfono-flexible-diadema-ajustable-control-en-cable-cable-de-1-80m-color-negro\/#breadcrumb","itemListElement":[{"@type":"ListItem","position":1,"name":"Portada","item":"https:\/\/canonm5.com\/"},{"@type":"ListItem","position":2,"name":"Nuestros productos","item":"https:\/\/canonm5.com\/index.php\/productos\/"},{"@type":"ListItem","position":3,"name":"NGS MS103 Pro Auriculares con Microfono &#8211; Microfono Flexible &#8211; Diadema Ajustable &#8211; Control en Cable &#8211; Cable de 1.80m &#8211; Color Negro"}]},{"@type":"WebSite","@id":"https:\/\/canonm5.com\/#website","url":"https:\/\/canonm5.com\/","name":"Canon M5 Madrid | Distribuidor oficial Canon","description":"Renting de impresoras para empresas","potentialAction":[{"@type":"SearchAction","target":{"@type":"EntryPoint","urlTemplate":"https:\/\/canonm5.com\/?s={search_term_string}"},"query-input":{"@type":"PropertyValueSpecification","valueRequired":true,"valueName":"search_term_string"}}],"inLanguage":"es"}]}},"_links":{"self":[{"href":"https:\/\/canonm5.com\/index.php\/wp-json\/wp\/v2\/product\/7293","targetHints":{"allow":["GET"]}}],"collection":[{"href":"https:\/\/canonm5.com\/index.php\/wp-json\/wp\/v2\/product"}],"about":[{"href":"https:\/\/canonm5.com\/index.php\/wp-json\/wp\/v2\/types\/product"}],"wp:featuredmedia":[{"embeddable":true,"href":"https:\/\/canonm5.com\/index.php\/wp-json\/wp\/v2\/media\/7294"}],"wp:attachment":[{"href":"https:\/\/canonm5.com\/index.php\/wp-json\/wp\/v2\/media?parent=7293"}],"wp:term":[{"taxonomy":"product_cat","embeddable":true,"href":"https:\/\/canonm5.com\/index.php\/wp-json\/wp\/v2\/product_cat?post=7293"},{"taxonomy":"product_tag","embeddable":true,"href":"https:\/\/canonm5.com\/index.php\/wp-json\/wp\/v2\/product_tag?post=7293"}],"curies":[{"name":"wp","href":"https:\/\/api.w.org\/{rel}","templated":true}]}}