{"id":7179,"date":"2023-04-24T13:33:34","date_gmt":"2023-04-24T13:33:34","guid":{"rendered":"https:\/\/canonm5.com\/?post_type=product&#038;p=7179"},"modified":"2023-04-25T14:01:59","modified_gmt":"2023-04-25T14:01:59","slug":"lg-televisor-smart-tv-32-hd-hdr10-pro-wifi-hdmi-usb-2-0-ethernet-bluetooth-vesa-200x200mm","status":"publish","type":"product","link":"https:\/\/canonm5.com\/index.php\/producto\/lg-televisor-smart-tv-32-hd-hdr10-pro-wifi-hdmi-usb-2-0-ethernet-bluetooth-vesa-200x200mm\/","title":{"rendered":"LG Televisor Smart TV 32&#8243; HD HDR10 Pro &#8211; WiFi, HDMI, USB 2.0, Ethernet, Bluetooth &#8211; VESA 200x200mm"},"content":{"rendered":"<p>Estos televisores LG son capaces de ofrecer una gran precisi\u00f3n de tonos y colores gracias a su sistema de retroiluminaci\u00f3n Direct LED.<\/p>\n<p>Caracter\u00edsticas:<\/p>\n<p>Procesador de Gran Potencia a5 Gen 5. Mejorando tu experiencia audiovisual.<br \/>\nEl Procesador de Gran Potencia a5 Gen 5 identifica el movimiento de objetos para escalar y simular un Sonido Surround de 5.1 canales.Adem\u00e1s, son compatibles con formatos HDR10 Pro, HDR HLG y HDR HGiG.Disfruta de una experiencia audiovisual completa.<\/p>\n<p>Ecosistema Abierto e Inteligente (ThinQ) &amp; webOS. Un TV para que disfrutes de tu hogar.<br \/>\nEstos TVs cuentan con WebOS22, m\u00e1s f\u00e1cil, intuitivo y seguro, que permite crear perfiles por usuario y disfrutar as\u00ed s\u00f3lo del contenido que t\u00fa elijas.<\/p>\n<p>Inteligencia Artificial y Conectividad.<br \/>\nLa compatibilidad de estos TVs con los asistentes Google Assistant, Alexa de Amazon, Apple AirPlay y HomeKit, entre otros, hace que controlar el TV y los dispositivos conectados a \u00e9ste sea f\u00e1cil y r\u00e1pido.<\/p>\n<p>Mi perfil.<br \/>\nCon el perfil personalizable de LG, disfruta s\u00f3lo de los contenidos que t\u00fa quieras. Aprovecha las recomendaciones de contenido personalizadas, y accede r\u00e1pidamente a tus aplicaciones m\u00e1s utilizadas.<\/p>\n<p>Alertas deportivas.<br \/>\nNunca m\u00e1s te perder\u00e1s un partido.<\/p>\n<p>HDR10 Pro.<br \/>\nLa tecnolog\u00eda HDR10 Pro, propia de LG, ajusta autom\u00e1ticamente el brillo de la pantalla e intensifica el contenido HDR normal para revelar m\u00e1s detalles y claridad en cada imagen.<\/p>\n<p>Cloud Gaming.<br \/>\nLos TVs LG son los primeros en incorporar Google Stadia y Geforce Now*, lo que te permitir\u00e1 disfrutar de una amplia gama de videojuegos. S\u00f3lo necesitas un mando compatible.<\/p>\n<p>Cuidamos del planeta.<br \/>\nEl embalaje de estos TVs ha sido redise\u00f1ado para que sea menos contaminante, siendo \u00e9ste una caja de cart\u00f3n reciclable.<\/p>\n<p>Especificaciones:<\/p>\n<p>Pantalla:<\/p>\n<p>-Diagonal de la pantalla: 81,3 cm (32&#8243;)<br \/>\n-Tipo HD: HD<br \/>\n-Tecnolog\u00eda de visualizaci\u00f3n: LED<br \/>\n-Forma de la pantalla: Plana<br \/>\n-Relaci\u00f3n de aspecto nativa: 16:9<br \/>\n-Resoluci\u00f3n de la pantalla: 1366 x 768 Pixeles<br \/>\n-Sintonizador de la TV<br \/>\n-Tipo de sintonizador: Digital<br \/>\n-Formato de se\u00f1al digital: DVB-S2,DVB-T2<\/p>\n<p>Smart TV:<\/p>\n<p>-Smart TV: Si<br \/>\n-TV por Internet: Si<br \/>\n-Sistema operativo instalado: Web OS<br \/>\n-Versi\u00f3n de sistema operativo: 22<br \/>\n-Compatible con Apple AirPlay 2: Si<br \/>\n-HbbTV: Si<br \/>\n-Versi\u00f3n de la plataforma de emisi\u00f3n de contenidos Hybrid Broadcast -Broadband TV (HbbTV): 2.0.1<br \/>\n-Aplicaciones de v\u00eddeo: Catch-up TV<\/p>\n<p>Audio:<\/p>\n<p>-N\u00famero de altavoces: 2<br \/>\n-Potencia estimada RMS: 10 W<br \/>\n-Decodificadores incorporados: Dolby Digital<br \/>\n-Enhanced Audio Return Channel (eARC) (Canal de retorno de audio mejorado): Si<\/p>\n<p>Conexi\u00f3n:<\/p>\n<p>-Wifi: Si<br \/>\n-Ethernet: Si<br \/>\n-Bluetooth: Si<br \/>\n-Miracast: Si<\/p>\n<p>Dise\u00f1o:<\/p>\n<p>-Pantalla flexible: No<br \/>\n-Montaje VESA: Si<br \/>\n-Interfaz de panel de montaje: 200 x 200 mm<br \/>\n-Color del producto: Negro<\/p>\n<p>Desempe\u00f1o:<\/p>\n<p>-Alto Rango Din\u00e1mico (HDR): Si<br \/>\n-Tecnolog\u00eda HDR (High Dynamic Range, Alto rango din\u00e1mico): Filmmaker Mode,High Dynamic Range 10 (HDR10),Hybrid Log&#8211;Gamma (HLG)<br \/>\n-Oscurecimiento local: No<br \/>\n-Soporte remoto inteligente: Si<\/p>\n<p>Puertos e Interfaces:<\/p>\n<p>-Versi\u00f3n HDMI: 1.4<br \/>\n-Canal de retorno de audio (ARC): Si<br \/>\n-Ethernet LAN (RJ-45) cantidad de puertos: 1<br \/>\n-Cantidad de puertos USB 2.0: 1<br \/>\n-Audio digital, salida optica: 1<br \/>\n-Interfaz com\u00fan: Si<br \/>\n-Interfaz com\u00fan Plus (CI+): Si<br \/>\n-N\u00famero de puertos HDMI: 2<br \/>\n-PC (D-Sub): No<\/p>\n<p>Control de energ\u00eda:<\/p>\n<p>-Clase de eficiencia energ\u00e9tica (SDR): E<br \/>\n-Clase de eficiencia energ\u00e9tica (HDR): G<br \/>\n-Consumo de energ\u00eda (SDR) por 1000 horas: 26 kWh<br \/>\n-Consumo de energ\u00eda (HDR) por 1000 horas: 37 kWh<br \/>\n-Consumo de energ\u00eda (inactivo): 0,5 W<\/p>\n<p>Peso y dimensiones:<\/p>\n<p>-Ancho del dispositivo (con soporte): 736 mm<br \/>\n-Profundidad dispositivo (con soporte): 180 mm<br \/>\n-Altura del dispositivo (con soporte): 464 mm<br \/>\n-Peso (con soporte): 4,7 kg<br \/>\n-Ancho (sin base): 73,6 cm<br \/>\n-Profundidad (sin base): 8,29 cm<br \/>\n-Altura (sin base): 43,7 cm<br \/>\n-Peso (sin base): 4,65 kg<br \/>\n-Ancho del soporte: 60,6 cm<\/p>\n<p>&nbsp;<\/p>\n<p><em>E.O. Madrid Cinco S.L., no se responsabiliza de posibles errores tipogr\u00e1ficos y de precio. Las fotograf\u00edas de los productos pueden sufrir cambios<\/em><\/p>\n","protected":false},"excerpt":{"rendered":"<p>Estos televisores LG son capaces de ofrecer una gran precisi\u00f3n de tonos y colores gracias a su sistema de retroiluminaci\u00f3n Direct LED.<\/p>\n<p>Caracter\u00edsticas:<\/p>\n<p>Procesador de Gran Potencia a5 Gen 5. Mejorando tu experiencia audiovisual.<br \/>\nEl Procesador de Gran Potencia a5 Gen 5 identifica el movimiento de objetos para escalar y simular un Sonido Surround de 5.1 canales.Adem\u00e1s, son compatibles con formatos HDR10 Pro, HDR HLG y HDR HGiG.Disfruta de una experiencia audiovisual completa.<\/p>\n<p>Ecosistema Abierto e Inteligente (ThinQ) &amp; webOS. Un TV para que disfrutes de tu hogar.<br \/>\nEstos TVs cuentan con WebOS22, m\u00e1s f\u00e1cil, intuitivo y seguro, que permite crear perfiles por usuario y disfrutar as\u00ed s\u00f3lo del contenido que t\u00fa elijas.<\/p>\n<p>Inteligencia Artificial y Conectividad.<br \/>\nLa compatibilidad de estos TVs con los asistentes Google Assistant, Alexa de Amazon, Apple AirPlay y HomeKit, entre otros, hace que controlar el TV y los dispositivos conectados a \u00e9ste sea f\u00e1cil y r\u00e1pido.<\/p>\n<p>Mi perfil.<br \/>\nCon el perfil personalizable de LG, disfruta s\u00f3lo de los contenidos que t\u00fa quieras. Aprovecha las recomendaciones de contenido personalizadas, y accede r\u00e1pidamente a tus aplicaciones m\u00e1s utilizadas.<\/p>\n<p>Alertas deportivas.<br \/>\nNunca m\u00e1s te perder\u00e1s un partido.<\/p>\n<p>HDR10 Pro.<br \/>\nLa tecnolog\u00eda HDR10 Pro, propia de LG, ajusta autom\u00e1ticamente el brillo de la pantalla e intensifica el contenido HDR normal para revelar m\u00e1s detalles y claridad en cada imagen.<\/p>\n<p>Cloud Gaming.<br \/>\nLos TVs LG son los primeros en incorporar Google Stadia y Geforce Now*, lo que te permitir\u00e1 disfrutar de una amplia gama de videojuegos. S\u00f3lo necesitas un mando compatible.<\/p>\n<p>Cuidamos del planeta.<br \/>\nEl embalaje de estos TVs ha sido redise\u00f1ado para que sea menos contaminante, siendo \u00e9ste una caja de cart\u00f3n reciclable.<\/p>\n<p>Especificaciones:<\/p>\n<p>Pantalla:<\/p>\n<p>-Diagonal de la pantalla: 81,3 cm (32&#8243;)<br \/>\n-Tipo HD: HD<br \/>\n-Tecnolog\u00eda de visualizaci\u00f3n: LED<br \/>\n-Forma de la pantalla: Plana<br \/>\n-Relaci\u00f3n de aspecto nativa: 16:9<br \/>\n-Resoluci\u00f3n de la pantalla: 1366 x 768 Pixeles<br \/>\n-Sintonizador de la TV<br \/>\n-Tipo de sintonizador: Digital<br \/>\n-Formato de se\u00f1al digital: DVB-S2,DVB-T2<\/p>\n<p>Smart TV:<\/p>\n<p>-Smart TV: Si<br \/>\n-TV por Internet: Si<br \/>\n-Sistema operativo instalado: Web OS<br \/>\n-Versi\u00f3n de sistema operativo: 22<br \/>\n-Compatible con Apple AirPlay 2: Si<br \/>\n-HbbTV: Si<br \/>\n-Versi\u00f3n de la plataforma de emisi\u00f3n de contenidos Hybrid Broadcast -Broadband TV (HbbTV): 2.0.1<br \/>\n-Aplicaciones de v\u00eddeo: Catch-up TV<\/p>\n<p>Audio:<\/p>\n<p>-N\u00famero de altavoces: 2<br \/>\n-Potencia estimada RMS: 10 W<br \/>\n-Decodificadores incorporados: Dolby Digital<br \/>\n-Enhanced Audio Return Channel (eARC) (Canal de retorno de audio mejorado): Si<\/p>\n<p>Conexi\u00f3n:<\/p>\n<p>-Wifi: Si<br \/>\n-Ethernet: Si<br \/>\n-Bluetooth: Si<br \/>\n-Miracast: Si<\/p>\n<p>Dise\u00f1o:<\/p>\n<p>-Pantalla flexible: No<br \/>\n-Montaje VESA: Si<br \/>\n-Interfaz de panel de montaje: 200 x 200 mm<br \/>\n-Color del producto: Negro<\/p>\n<p>Desempe\u00f1o:<\/p>\n<p>-Alto Rango Din\u00e1mico (HDR): Si<br \/>\n-Tecnolog\u00eda HDR (High Dynamic Range, Alto rango din\u00e1mico): Filmmaker Mode,High Dynamic Range 10 (HDR10),Hybrid Log&#8211;Gamma (HLG)<br \/>\n-Oscurecimiento local: No<br \/>\n-Soporte remoto inteligente: Si<\/p>\n<p>Puertos e Interfaces:<\/p>\n<p>-Versi\u00f3n HDMI: 1.4<br \/>\n-Canal de retorno de audio (ARC): Si<br \/>\n-Ethernet LAN (RJ-45) cantidad de puertos: 1<br \/>\n-Cantidad de puertos USB 2.0: 1<br \/>\n-Audio digital, salida optica: 1<br \/>\n-Interfaz com\u00fan: Si<br \/>\n-Interfaz com\u00fan Plus (CI+): Si<br \/>\n-N\u00famero de puertos HDMI: 2<br \/>\n-PC (D-Sub): No<\/p>\n<p>Control de energ\u00eda:<\/p>\n<p>-Clase de eficiencia energ\u00e9tica (SDR): E<br \/>\n-Clase de eficiencia energ\u00e9tica (HDR): G<br \/>\n-Consumo de energ\u00eda (SDR) por 1000 horas: 26 kWh<br \/>\n-Consumo de energ\u00eda (HDR) por 1000 horas: 37 kWh<br \/>\n-Consumo de energ\u00eda (inactivo): 0,5 W<\/p>\n<p>Peso y dimensiones:<\/p>\n<p>-Ancho del dispositivo (con soporte): 736 mm<br \/>\n-Profundidad dispositivo (con soporte): 180 mm<br \/>\n-Altura del dispositivo (con soporte): 464 mm<br \/>\n-Peso (con soporte): 4,7 kg<br \/>\n-Ancho (sin base): 73,6 cm<br \/>\n-Profundidad (sin base): 8,29 cm<br \/>\n-Altura (sin base): 43,7 cm<br \/>\n-Peso (sin base): 4,65 kg<br \/>\n-Ancho del soporte: 60,6 cm<\/p>\n","protected":false},"featured_media":7181,"template":"","meta":{"_et_pb_use_builder":"","_et_pb_old_content":"","_et_gb_content_width":"","_joinchat":[]},"product_cat":[801,981],"product_tag":[2530,2531,1118,2529,2528,820],"class_list":{"0":"post-7179","1":"product","2":"type-product","3":"status-publish","4":"has-post-thumbnail","6":"product_cat-informatica","7":"product_cat-monitores","8":"product_tag-hd","9":"product_tag-hdr","10":"product_tag-lg","11":"product_tag-smart-tv","12":"product_tag-televisor","13":"product_tag-wifi","15":"first","16":"instock","17":"taxable","18":"shipping-taxable","19":"purchasable","20":"product-type-simple"},"yoast_head":"<!-- This site is optimized with the Yoast SEO plugin v27.4 - https:\/\/yoast.com\/product\/yoast-seo-wordpress\/ -->\n<title>LG Televisor Smart TV 32&quot; HD HDR10 Pro - WiFi, HDMI, USB 2.0, Ethernet, Bluetooth - VESA 200x200mm - Canon M5 Madrid | Distribuidor oficial Canon<\/title>\n<meta name=\"description\" content=\"Estos televisores LG son capaces de ofrecer una gran precisi\u00f3n de tonos y colores gracias a su sistema de retroiluminaci\u00f3n Direct LED.\" \/>\n<meta name=\"robots\" content=\"index, follow, max-snippet:-1, max-image-preview:large, max-video-preview:-1\" \/>\n<link rel=\"canonical\" href=\"https:\/\/canonm5.com\/index.php\/producto\/lg-televisor-smart-tv-32-hd-hdr10-pro-wifi-hdmi-usb-2-0-ethernet-bluetooth-vesa-200x200mm\/\" \/>\n<meta property=\"og:locale\" content=\"es_ES\" \/>\n<meta property=\"og:type\" content=\"article\" \/>\n<meta property=\"og:title\" content=\"LG Televisor Smart TV 32&quot; HD HDR10 Pro - WiFi, HDMI, USB 2.0, Ethernet, Bluetooth - VESA 200x200mm - Canon M5 Madrid | Distribuidor oficial Canon\" \/>\n<meta property=\"og:description\" content=\"Estos televisores LG son capaces de ofrecer una gran precisi\u00f3n de tonos y colores gracias a su sistema de retroiluminaci\u00f3n Direct LED.\" \/>\n<meta property=\"og:url\" content=\"https:\/\/canonm5.com\/index.php\/producto\/lg-televisor-smart-tv-32-hd-hdr10-pro-wifi-hdmi-usb-2-0-ethernet-bluetooth-vesa-200x200mm\/\" \/>\n<meta property=\"og:site_name\" content=\"Canon M5 Madrid | Distribuidor oficial Canon\" \/>\n<meta property=\"article:modified_time\" content=\"2023-04-25T14:01:59+00:00\" \/>\n<meta property=\"og:image\" content=\"https:\/\/canonm5.com\/wp-content\/uploads\/2023\/04\/203116_2.webp\" \/>\n\t<meta property=\"og:image:width\" content=\"530\" \/>\n\t<meta property=\"og:image:height\" content=\"530\" \/>\n\t<meta property=\"og:image:type\" content=\"image\/webp\" \/>\n<meta name=\"twitter:card\" content=\"summary_large_image\" \/>\n<meta name=\"twitter:label1\" content=\"Tiempo de lectura\" \/>\n\t<meta name=\"twitter:data1\" content=\"3 minutos\" \/>\n<script type=\"application\/ld+json\" class=\"yoast-schema-graph\">{\"@context\":\"https:\\\/\\\/schema.org\",\"@graph\":[{\"@type\":\"WebPage\",\"@id\":\"https:\\\/\\\/canonm5.com\\\/index.php\\\/producto\\\/lg-televisor-smart-tv-32-hd-hdr10-pro-wifi-hdmi-usb-2-0-ethernet-bluetooth-vesa-200x200mm\\\/\",\"url\":\"https:\\\/\\\/canonm5.com\\\/index.php\\\/producto\\\/lg-televisor-smart-tv-32-hd-hdr10-pro-wifi-hdmi-usb-2-0-ethernet-bluetooth-vesa-200x200mm\\\/\",\"name\":\"LG Televisor Smart TV 32\\\" HD HDR10 Pro - WiFi, HDMI, USB 2.0, Ethernet, Bluetooth - VESA 200x200mm - Canon M5 Madrid | Distribuidor oficial Canon\",\"isPartOf\":{\"@id\":\"https:\\\/\\\/canonm5.com\\\/#website\"},\"primaryImageOfPage\":{\"@id\":\"https:\\\/\\\/canonm5.com\\\/index.php\\\/producto\\\/lg-televisor-smart-tv-32-hd-hdr10-pro-wifi-hdmi-usb-2-0-ethernet-bluetooth-vesa-200x200mm\\\/#primaryimage\"},\"image\":{\"@id\":\"https:\\\/\\\/canonm5.com\\\/index.php\\\/producto\\\/lg-televisor-smart-tv-32-hd-hdr10-pro-wifi-hdmi-usb-2-0-ethernet-bluetooth-vesa-200x200mm\\\/#primaryimage\"},\"thumbnailUrl\":\"https:\\\/\\\/canonm5.com\\\/wp-content\\\/uploads\\\/2023\\\/04\\\/203116_2.webp\",\"datePublished\":\"2023-04-24T13:33:34+00:00\",\"dateModified\":\"2023-04-25T14:01:59+00:00\",\"description\":\"Estos televisores LG son capaces de ofrecer una gran precisi\u00f3n de tonos y colores gracias a su sistema de retroiluminaci\u00f3n Direct LED.\",\"breadcrumb\":{\"@id\":\"https:\\\/\\\/canonm5.com\\\/index.php\\\/producto\\\/lg-televisor-smart-tv-32-hd-hdr10-pro-wifi-hdmi-usb-2-0-ethernet-bluetooth-vesa-200x200mm\\\/#breadcrumb\"},\"inLanguage\":\"es\",\"potentialAction\":[{\"@type\":\"ReadAction\",\"target\":[\"https:\\\/\\\/canonm5.com\\\/index.php\\\/producto\\\/lg-televisor-smart-tv-32-hd-hdr10-pro-wifi-hdmi-usb-2-0-ethernet-bluetooth-vesa-200x200mm\\\/\"]}]},{\"@type\":\"ImageObject\",\"inLanguage\":\"es\",\"@id\":\"https:\\\/\\\/canonm5.com\\\/index.php\\\/producto\\\/lg-televisor-smart-tv-32-hd-hdr10-pro-wifi-hdmi-usb-2-0-ethernet-bluetooth-vesa-200x200mm\\\/#primaryimage\",\"url\":\"https:\\\/\\\/canonm5.com\\\/wp-content\\\/uploads\\\/2023\\\/04\\\/203116_2.webp\",\"contentUrl\":\"https:\\\/\\\/canonm5.com\\\/wp-content\\\/uploads\\\/2023\\\/04\\\/203116_2.webp\",\"width\":530,\"height\":530},{\"@type\":\"BreadcrumbList\",\"@id\":\"https:\\\/\\\/canonm5.com\\\/index.php\\\/producto\\\/lg-televisor-smart-tv-32-hd-hdr10-pro-wifi-hdmi-usb-2-0-ethernet-bluetooth-vesa-200x200mm\\\/#breadcrumb\",\"itemListElement\":[{\"@type\":\"ListItem\",\"position\":1,\"name\":\"Portada\",\"item\":\"https:\\\/\\\/canonm5.com\\\/\"},{\"@type\":\"ListItem\",\"position\":2,\"name\":\"Nuestros productos\",\"item\":\"https:\\\/\\\/canonm5.com\\\/index.php\\\/productos\\\/\"},{\"@type\":\"ListItem\",\"position\":3,\"name\":\"LG Televisor Smart TV 32&#8243; HD HDR10 Pro &#8211; WiFi, HDMI, USB 2.0, Ethernet, Bluetooth &#8211; VESA 200x200mm\"}]},{\"@type\":\"WebSite\",\"@id\":\"https:\\\/\\\/canonm5.com\\\/#website\",\"url\":\"https:\\\/\\\/canonm5.com\\\/\",\"name\":\"Canon M5 Madrid | Distribuidor oficial Canon\",\"description\":\"Renting de impresoras para empresas\",\"potentialAction\":[{\"@type\":\"SearchAction\",\"target\":{\"@type\":\"EntryPoint\",\"urlTemplate\":\"https:\\\/\\\/canonm5.com\\\/?s={search_term_string}\"},\"query-input\":{\"@type\":\"PropertyValueSpecification\",\"valueRequired\":true,\"valueName\":\"search_term_string\"}}],\"inLanguage\":\"es\"}]}<\/script>\n<!-- \/ Yoast SEO plugin. -->","yoast_head_json":{"title":"LG Televisor Smart TV 32\" HD HDR10 Pro - WiFi, HDMI, USB 2.0, Ethernet, Bluetooth - VESA 200x200mm - Canon M5 Madrid | Distribuidor oficial Canon","description":"Estos televisores LG son capaces de ofrecer una gran precisi\u00f3n de tonos y colores gracias a su sistema de retroiluminaci\u00f3n Direct LED.","robots":{"index":"index","follow":"follow","max-snippet":"max-snippet:-1","max-image-preview":"max-image-preview:large","max-video-preview":"max-video-preview:-1"},"canonical":"https:\/\/canonm5.com\/index.php\/producto\/lg-televisor-smart-tv-32-hd-hdr10-pro-wifi-hdmi-usb-2-0-ethernet-bluetooth-vesa-200x200mm\/","og_locale":"es_ES","og_type":"article","og_title":"LG Televisor Smart TV 32\" HD HDR10 Pro - WiFi, HDMI, USB 2.0, Ethernet, Bluetooth - VESA 200x200mm - Canon M5 Madrid | Distribuidor oficial Canon","og_description":"Estos televisores LG son capaces de ofrecer una gran precisi\u00f3n de tonos y colores gracias a su sistema de retroiluminaci\u00f3n Direct LED.","og_url":"https:\/\/canonm5.com\/index.php\/producto\/lg-televisor-smart-tv-32-hd-hdr10-pro-wifi-hdmi-usb-2-0-ethernet-bluetooth-vesa-200x200mm\/","og_site_name":"Canon M5 Madrid | Distribuidor oficial Canon","article_modified_time":"2023-04-25T14:01:59+00:00","og_image":[{"width":530,"height":530,"url":"https:\/\/canonm5.com\/wp-content\/uploads\/2023\/04\/203116_2.webp","type":"image\/webp"}],"twitter_card":"summary_large_image","twitter_misc":{"Tiempo de lectura":"3 minutos"},"schema":{"@context":"https:\/\/schema.org","@graph":[{"@type":"WebPage","@id":"https:\/\/canonm5.com\/index.php\/producto\/lg-televisor-smart-tv-32-hd-hdr10-pro-wifi-hdmi-usb-2-0-ethernet-bluetooth-vesa-200x200mm\/","url":"https:\/\/canonm5.com\/index.php\/producto\/lg-televisor-smart-tv-32-hd-hdr10-pro-wifi-hdmi-usb-2-0-ethernet-bluetooth-vesa-200x200mm\/","name":"LG Televisor Smart TV 32\" HD HDR10 Pro - WiFi, HDMI, USB 2.0, Ethernet, Bluetooth - VESA 200x200mm - Canon M5 Madrid | Distribuidor oficial Canon","isPartOf":{"@id":"https:\/\/canonm5.com\/#website"},"primaryImageOfPage":{"@id":"https:\/\/canonm5.com\/index.php\/producto\/lg-televisor-smart-tv-32-hd-hdr10-pro-wifi-hdmi-usb-2-0-ethernet-bluetooth-vesa-200x200mm\/#primaryimage"},"image":{"@id":"https:\/\/canonm5.com\/index.php\/producto\/lg-televisor-smart-tv-32-hd-hdr10-pro-wifi-hdmi-usb-2-0-ethernet-bluetooth-vesa-200x200mm\/#primaryimage"},"thumbnailUrl":"https:\/\/canonm5.com\/wp-content\/uploads\/2023\/04\/203116_2.webp","datePublished":"2023-04-24T13:33:34+00:00","dateModified":"2023-04-25T14:01:59+00:00","description":"Estos televisores LG son capaces de ofrecer una gran precisi\u00f3n de tonos y colores gracias a su sistema de retroiluminaci\u00f3n Direct LED.","breadcrumb":{"@id":"https:\/\/canonm5.com\/index.php\/producto\/lg-televisor-smart-tv-32-hd-hdr10-pro-wifi-hdmi-usb-2-0-ethernet-bluetooth-vesa-200x200mm\/#breadcrumb"},"inLanguage":"es","potentialAction":[{"@type":"ReadAction","target":["https:\/\/canonm5.com\/index.php\/producto\/lg-televisor-smart-tv-32-hd-hdr10-pro-wifi-hdmi-usb-2-0-ethernet-bluetooth-vesa-200x200mm\/"]}]},{"@type":"ImageObject","inLanguage":"es","@id":"https:\/\/canonm5.com\/index.php\/producto\/lg-televisor-smart-tv-32-hd-hdr10-pro-wifi-hdmi-usb-2-0-ethernet-bluetooth-vesa-200x200mm\/#primaryimage","url":"https:\/\/canonm5.com\/wp-content\/uploads\/2023\/04\/203116_2.webp","contentUrl":"https:\/\/canonm5.com\/wp-content\/uploads\/2023\/04\/203116_2.webp","width":530,"height":530},{"@type":"BreadcrumbList","@id":"https:\/\/canonm5.com\/index.php\/producto\/lg-televisor-smart-tv-32-hd-hdr10-pro-wifi-hdmi-usb-2-0-ethernet-bluetooth-vesa-200x200mm\/#breadcrumb","itemListElement":[{"@type":"ListItem","position":1,"name":"Portada","item":"https:\/\/canonm5.com\/"},{"@type":"ListItem","position":2,"name":"Nuestros productos","item":"https:\/\/canonm5.com\/index.php\/productos\/"},{"@type":"ListItem","position":3,"name":"LG Televisor Smart TV 32&#8243; HD HDR10 Pro &#8211; WiFi, HDMI, USB 2.0, Ethernet, Bluetooth &#8211; VESA 200x200mm"}]},{"@type":"WebSite","@id":"https:\/\/canonm5.com\/#website","url":"https:\/\/canonm5.com\/","name":"Canon M5 Madrid | Distribuidor oficial Canon","description":"Renting de impresoras para empresas","potentialAction":[{"@type":"SearchAction","target":{"@type":"EntryPoint","urlTemplate":"https:\/\/canonm5.com\/?s={search_term_string}"},"query-input":{"@type":"PropertyValueSpecification","valueRequired":true,"valueName":"search_term_string"}}],"inLanguage":"es"}]}},"_links":{"self":[{"href":"https:\/\/canonm5.com\/index.php\/wp-json\/wp\/v2\/product\/7179","targetHints":{"allow":["GET"]}}],"collection":[{"href":"https:\/\/canonm5.com\/index.php\/wp-json\/wp\/v2\/product"}],"about":[{"href":"https:\/\/canonm5.com\/index.php\/wp-json\/wp\/v2\/types\/product"}],"wp:featuredmedia":[{"embeddable":true,"href":"https:\/\/canonm5.com\/index.php\/wp-json\/wp\/v2\/media\/7181"}],"wp:attachment":[{"href":"https:\/\/canonm5.com\/index.php\/wp-json\/wp\/v2\/media?parent=7179"}],"wp:term":[{"taxonomy":"product_cat","embeddable":true,"href":"https:\/\/canonm5.com\/index.php\/wp-json\/wp\/v2\/product_cat?post=7179"},{"taxonomy":"product_tag","embeddable":true,"href":"https:\/\/canonm5.com\/index.php\/wp-json\/wp\/v2\/product_tag?post=7179"}],"curies":[{"name":"wp","href":"https:\/\/api.w.org\/{rel}","templated":true}]}}