{"id":7171,"date":"2023-04-21T06:29:12","date_gmt":"2023-04-21T06:29:12","guid":{"rendered":"https:\/\/canonm5.com\/?post_type=product&#038;p=7171"},"modified":"2023-04-25T13:58:38","modified_gmt":"2023-04-25T13:58:38","slug":"contadora-de-billetes-ratiotec-rapidcount-t-575","status":"publish","type":"product","link":"https:\/\/canonm5.com\/index.php\/producto\/contadora-de-billetes-ratiotec-rapidcount-t-575\/","title":{"rendered":"CONTADORA DE BILLETES RATIOTEC RAPIDCOUNT T 575"},"content":{"rendered":"<p>&#8211; Contadora autom\u00e1tica de billetes<br \/>\n&#8211; Para vol\u00famenes medianos de conteo<br \/>\n&#8211; Calcular con fiabilidad y rapidez<br \/>\n&#8211; Contadora de unidades y de valor<br \/>\n&#8211; Funci\u00f3n de agrupaci\u00f3n<br \/>\n&#8211; Pantalla de LCD de alta calidad<br \/>\n&#8211; Detecci\u00f3n UV I IR I MG I MT I SD | CIS<br \/>\n&#8211; Puede contar hasta 1.000 billetes por minuto<br \/>\n&#8211; Inicio y parada autom\u00e1ticos<br \/>\n&#8211; Incluye cable de red y manual de instrucciones<br \/>\n&#8211; Medidas: 26,3&#215;26,8&#215;25,5cm<\/p>\n<p>&nbsp;<\/p>\n<p><em>E.O. Madrid Cinco S.L., no se responsabiliza de posibles errores tipogr\u00e1ficos y de precio. Las fotograf\u00edas de los productos pueden sufrir cambios<\/em><\/p>\n","protected":false},"excerpt":{"rendered":"<p>&#8211; Contadora autom\u00e1tica de billetes<br \/>\n&#8211; Para vol\u00famenes medianos de conteo<br \/>\n&#8211; Calcular con fiabilidad y rapidez<br \/>\n&#8211; Contadora de unidades y de valor<br \/>\n&#8211; Funci\u00f3n de agrupaci\u00f3n<br \/>\n&#8211; Pantalla de LCD de alta calidad<br \/>\n&#8211; Detecci\u00f3n UV I IR I MG I MT I SD | CIS<br \/>\n&#8211; Puede contar hasta 1.000 billetes por minuto<br \/>\n&#8211; Inicio y parada autom\u00e1ticos<br \/>\n&#8211; Incluye cable de red y manual de instrucciones<br \/>\n&#8211; Medidas: 26,3&#215;26,8&#215;25,5cm<\/p>\n","protected":false},"featured_media":7172,"template":"","meta":{"_et_pb_use_builder":"","_et_pb_old_content":"","_et_gb_content_width":"","_joinchat":[]},"product_cat":[954,830],"product_tag":[1531,2525,2526,2246,2527],"class_list":{"0":"post-7171","1":"product","2":"type-product","3":"status-publish","4":"has-post-thumbnail","6":"product_cat-maquinas-contadoras-y-detectora-de-billetes-falsos","7":"product_cat-maquinas-de-oficina","8":"product_tag-billetes","9":"product_tag-contador","10":"product_tag-rapidcount","11":"product_tag-ratiotec","12":"product_tag-t575","14":"first","15":"instock","16":"taxable","17":"shipping-taxable","18":"purchasable","19":"product-type-simple"},"yoast_head":"<!-- This site is optimized with the Yoast SEO plugin v27.4 - https:\/\/yoast.com\/product\/yoast-seo-wordpress\/ -->\n<title>CONTADORA DE BILLETES RATIOTEC RAPIDCOUNT T 575 - Canon M5 Madrid | Distribuidor oficial Canon<\/title>\n<meta name=\"description\" content=\"Contadora autom\u00e1tica de billetes, para vol\u00famenes medianos de conteo. Contadora de unidades y de valor con minucioso control de autenticidad cuenta de manera fiable billetes clasificados y mezclados. Indicaci\u00f3n del importe total y de la cantidad de cada tipo de billete en una moderna pantalla. Detecci\u00f3n UV I IR I MG I MT I SD | CIS. Con funci\u00f3n de agrupaci\u00f3n, para el recuento tras una cantidad de billetes programada. Funci\u00f3n de impresi\u00f3n para una impresi\u00f3n clara de los resultados del recuento. Puede contar hasta 1.000 billetes por minuto, incluso los desgastados o sucios. Potente sistema de entrada para pilas de billetes. Pantalla de LCD de alta calidad. C\u00f3moda limpieza y f\u00e1cil extracci\u00f3n de billetes atascados o enganchados. Inicio y parada autom\u00e1ticos. Incluye cable de red y manual de instrucciones. Medidas: 26,3x26,8x25,5cm.\" \/>\n<meta name=\"robots\" content=\"index, follow, max-snippet:-1, max-image-preview:large, max-video-preview:-1\" \/>\n<link rel=\"canonical\" href=\"https:\/\/canonm5.com\/index.php\/producto\/contadora-de-billetes-ratiotec-rapidcount-t-575\/\" \/>\n<meta property=\"og:locale\" content=\"es_ES\" \/>\n<meta property=\"og:type\" content=\"article\" \/>\n<meta property=\"og:title\" content=\"CONTADORA DE BILLETES RATIOTEC RAPIDCOUNT T 575 - Canon M5 Madrid | Distribuidor oficial Canon\" \/>\n<meta property=\"og:description\" content=\"Contadora autom\u00e1tica de billetes, para vol\u00famenes medianos de conteo. Contadora de unidades y de valor con minucioso control de autenticidad cuenta de manera fiable billetes clasificados y mezclados. Indicaci\u00f3n del importe total y de la cantidad de cada tipo de billete en una moderna pantalla. Detecci\u00f3n UV I IR I MG I MT I SD | CIS. Con funci\u00f3n de agrupaci\u00f3n, para el recuento tras una cantidad de billetes programada. Funci\u00f3n de impresi\u00f3n para una impresi\u00f3n clara de los resultados del recuento. Puede contar hasta 1.000 billetes por minuto, incluso los desgastados o sucios. Potente sistema de entrada para pilas de billetes. Pantalla de LCD de alta calidad. C\u00f3moda limpieza y f\u00e1cil extracci\u00f3n de billetes atascados o enganchados. Inicio y parada autom\u00e1ticos. Incluye cable de red y manual de instrucciones. Medidas: 26,3x26,8x25,5cm.\" \/>\n<meta property=\"og:url\" content=\"https:\/\/canonm5.com\/index.php\/producto\/contadora-de-billetes-ratiotec-rapidcount-t-575\/\" \/>\n<meta property=\"og:site_name\" content=\"Canon M5 Madrid | Distribuidor oficial Canon\" \/>\n<meta property=\"article:modified_time\" content=\"2023-04-25T13:58:38+00:00\" \/>\n<meta property=\"og:image\" content=\"https:\/\/canonm5.com\/wp-content\/uploads\/2023\/04\/contadora-de-billetes-ratiotec-rapidcount-t-575-1.jpg\" \/>\n\t<meta property=\"og:image:width\" content=\"239\" \/>\n\t<meta property=\"og:image:height\" content=\"239\" \/>\n\t<meta property=\"og:image:type\" content=\"image\/jpeg\" \/>\n<meta name=\"twitter:card\" content=\"summary_large_image\" \/>\n<meta name=\"twitter:label1\" content=\"Tiempo de lectura\" \/>\n\t<meta name=\"twitter:data1\" content=\"1 minuto\" \/>\n<script type=\"application\/ld+json\" class=\"yoast-schema-graph\">{\"@context\":\"https:\\\/\\\/schema.org\",\"@graph\":[{\"@type\":\"WebPage\",\"@id\":\"https:\\\/\\\/canonm5.com\\\/index.php\\\/producto\\\/contadora-de-billetes-ratiotec-rapidcount-t-575\\\/\",\"url\":\"https:\\\/\\\/canonm5.com\\\/index.php\\\/producto\\\/contadora-de-billetes-ratiotec-rapidcount-t-575\\\/\",\"name\":\"CONTADORA DE BILLETES RATIOTEC RAPIDCOUNT T 575 - Canon M5 Madrid | Distribuidor oficial Canon\",\"isPartOf\":{\"@id\":\"https:\\\/\\\/canonm5.com\\\/#website\"},\"primaryImageOfPage\":{\"@id\":\"https:\\\/\\\/canonm5.com\\\/index.php\\\/producto\\\/contadora-de-billetes-ratiotec-rapidcount-t-575\\\/#primaryimage\"},\"image\":{\"@id\":\"https:\\\/\\\/canonm5.com\\\/index.php\\\/producto\\\/contadora-de-billetes-ratiotec-rapidcount-t-575\\\/#primaryimage\"},\"thumbnailUrl\":\"https:\\\/\\\/canonm5.com\\\/wp-content\\\/uploads\\\/2023\\\/04\\\/contadora-de-billetes-ratiotec-rapidcount-t-575-1.jpg\",\"datePublished\":\"2023-04-21T06:29:12+00:00\",\"dateModified\":\"2023-04-25T13:58:38+00:00\",\"description\":\"Contadora autom\u00e1tica de billetes, para vol\u00famenes medianos de conteo. Contadora de unidades y de valor con minucioso control de autenticidad cuenta de manera fiable billetes clasificados y mezclados. Indicaci\u00f3n del importe total y de la cantidad de cada tipo de billete en una moderna pantalla. Detecci\u00f3n UV I IR I MG I MT I SD | CIS. Con funci\u00f3n de agrupaci\u00f3n, para el recuento tras una cantidad de billetes programada. Funci\u00f3n de impresi\u00f3n para una impresi\u00f3n clara de los resultados del recuento. Puede contar hasta 1.000 billetes por minuto, incluso los desgastados o sucios. Potente sistema de entrada para pilas de billetes. Pantalla de LCD de alta calidad. C\u00f3moda limpieza y f\u00e1cil extracci\u00f3n de billetes atascados o enganchados. Inicio y parada autom\u00e1ticos. Incluye cable de red y manual de instrucciones. Medidas: 26,3x26,8x25,5cm.\",\"breadcrumb\":{\"@id\":\"https:\\\/\\\/canonm5.com\\\/index.php\\\/producto\\\/contadora-de-billetes-ratiotec-rapidcount-t-575\\\/#breadcrumb\"},\"inLanguage\":\"es\",\"potentialAction\":[{\"@type\":\"ReadAction\",\"target\":[\"https:\\\/\\\/canonm5.com\\\/index.php\\\/producto\\\/contadora-de-billetes-ratiotec-rapidcount-t-575\\\/\"]}]},{\"@type\":\"ImageObject\",\"inLanguage\":\"es\",\"@id\":\"https:\\\/\\\/canonm5.com\\\/index.php\\\/producto\\\/contadora-de-billetes-ratiotec-rapidcount-t-575\\\/#primaryimage\",\"url\":\"https:\\\/\\\/canonm5.com\\\/wp-content\\\/uploads\\\/2023\\\/04\\\/contadora-de-billetes-ratiotec-rapidcount-t-575-1.jpg\",\"contentUrl\":\"https:\\\/\\\/canonm5.com\\\/wp-content\\\/uploads\\\/2023\\\/04\\\/contadora-de-billetes-ratiotec-rapidcount-t-575-1.jpg\",\"width\":239,\"height\":239},{\"@type\":\"BreadcrumbList\",\"@id\":\"https:\\\/\\\/canonm5.com\\\/index.php\\\/producto\\\/contadora-de-billetes-ratiotec-rapidcount-t-575\\\/#breadcrumb\",\"itemListElement\":[{\"@type\":\"ListItem\",\"position\":1,\"name\":\"Portada\",\"item\":\"https:\\\/\\\/canonm5.com\\\/\"},{\"@type\":\"ListItem\",\"position\":2,\"name\":\"Nuestros productos\",\"item\":\"https:\\\/\\\/canonm5.com\\\/index.php\\\/productos\\\/\"},{\"@type\":\"ListItem\",\"position\":3,\"name\":\"CONTADORA DE BILLETES RATIOTEC RAPIDCOUNT T 575\"}]},{\"@type\":\"WebSite\",\"@id\":\"https:\\\/\\\/canonm5.com\\\/#website\",\"url\":\"https:\\\/\\\/canonm5.com\\\/\",\"name\":\"Canon M5 Madrid | Distribuidor oficial Canon\",\"description\":\"Renting de impresoras para empresas\",\"potentialAction\":[{\"@type\":\"SearchAction\",\"target\":{\"@type\":\"EntryPoint\",\"urlTemplate\":\"https:\\\/\\\/canonm5.com\\\/?s={search_term_string}\"},\"query-input\":{\"@type\":\"PropertyValueSpecification\",\"valueRequired\":true,\"valueName\":\"search_term_string\"}}],\"inLanguage\":\"es\"}]}<\/script>\n<!-- \/ Yoast SEO plugin. -->","yoast_head_json":{"title":"CONTADORA DE BILLETES RATIOTEC RAPIDCOUNT T 575 - Canon M5 Madrid | Distribuidor oficial Canon","description":"Contadora autom\u00e1tica de billetes, para vol\u00famenes medianos de conteo. Contadora de unidades y de valor con minucioso control de autenticidad cuenta de manera fiable billetes clasificados y mezclados. Indicaci\u00f3n del importe total y de la cantidad de cada tipo de billete en una moderna pantalla. Detecci\u00f3n UV I IR I MG I MT I SD | CIS. Con funci\u00f3n de agrupaci\u00f3n, para el recuento tras una cantidad de billetes programada. Funci\u00f3n de impresi\u00f3n para una impresi\u00f3n clara de los resultados del recuento. Puede contar hasta 1.000 billetes por minuto, incluso los desgastados o sucios. Potente sistema de entrada para pilas de billetes. Pantalla de LCD de alta calidad. C\u00f3moda limpieza y f\u00e1cil extracci\u00f3n de billetes atascados o enganchados. Inicio y parada autom\u00e1ticos. Incluye cable de red y manual de instrucciones. Medidas: 26,3x26,8x25,5cm.","robots":{"index":"index","follow":"follow","max-snippet":"max-snippet:-1","max-image-preview":"max-image-preview:large","max-video-preview":"max-video-preview:-1"},"canonical":"https:\/\/canonm5.com\/index.php\/producto\/contadora-de-billetes-ratiotec-rapidcount-t-575\/","og_locale":"es_ES","og_type":"article","og_title":"CONTADORA DE BILLETES RATIOTEC RAPIDCOUNT T 575 - Canon M5 Madrid | Distribuidor oficial Canon","og_description":"Contadora autom\u00e1tica de billetes, para vol\u00famenes medianos de conteo. Contadora de unidades y de valor con minucioso control de autenticidad cuenta de manera fiable billetes clasificados y mezclados. Indicaci\u00f3n del importe total y de la cantidad de cada tipo de billete en una moderna pantalla. Detecci\u00f3n UV I IR I MG I MT I SD | CIS. Con funci\u00f3n de agrupaci\u00f3n, para el recuento tras una cantidad de billetes programada. Funci\u00f3n de impresi\u00f3n para una impresi\u00f3n clara de los resultados del recuento. Puede contar hasta 1.000 billetes por minuto, incluso los desgastados o sucios. Potente sistema de entrada para pilas de billetes. Pantalla de LCD de alta calidad. C\u00f3moda limpieza y f\u00e1cil extracci\u00f3n de billetes atascados o enganchados. Inicio y parada autom\u00e1ticos. Incluye cable de red y manual de instrucciones. Medidas: 26,3x26,8x25,5cm.","og_url":"https:\/\/canonm5.com\/index.php\/producto\/contadora-de-billetes-ratiotec-rapidcount-t-575\/","og_site_name":"Canon M5 Madrid | Distribuidor oficial Canon","article_modified_time":"2023-04-25T13:58:38+00:00","og_image":[{"width":239,"height":239,"url":"https:\/\/canonm5.com\/wp-content\/uploads\/2023\/04\/contadora-de-billetes-ratiotec-rapidcount-t-575-1.jpg","type":"image\/jpeg"}],"twitter_card":"summary_large_image","twitter_misc":{"Tiempo de lectura":"1 minuto"},"schema":{"@context":"https:\/\/schema.org","@graph":[{"@type":"WebPage","@id":"https:\/\/canonm5.com\/index.php\/producto\/contadora-de-billetes-ratiotec-rapidcount-t-575\/","url":"https:\/\/canonm5.com\/index.php\/producto\/contadora-de-billetes-ratiotec-rapidcount-t-575\/","name":"CONTADORA DE BILLETES RATIOTEC RAPIDCOUNT T 575 - Canon M5 Madrid | Distribuidor oficial Canon","isPartOf":{"@id":"https:\/\/canonm5.com\/#website"},"primaryImageOfPage":{"@id":"https:\/\/canonm5.com\/index.php\/producto\/contadora-de-billetes-ratiotec-rapidcount-t-575\/#primaryimage"},"image":{"@id":"https:\/\/canonm5.com\/index.php\/producto\/contadora-de-billetes-ratiotec-rapidcount-t-575\/#primaryimage"},"thumbnailUrl":"https:\/\/canonm5.com\/wp-content\/uploads\/2023\/04\/contadora-de-billetes-ratiotec-rapidcount-t-575-1.jpg","datePublished":"2023-04-21T06:29:12+00:00","dateModified":"2023-04-25T13:58:38+00:00","description":"Contadora autom\u00e1tica de billetes, para vol\u00famenes medianos de conteo. Contadora de unidades y de valor con minucioso control de autenticidad cuenta de manera fiable billetes clasificados y mezclados. Indicaci\u00f3n del importe total y de la cantidad de cada tipo de billete en una moderna pantalla. Detecci\u00f3n UV I IR I MG I MT I SD | CIS. Con funci\u00f3n de agrupaci\u00f3n, para el recuento tras una cantidad de billetes programada. Funci\u00f3n de impresi\u00f3n para una impresi\u00f3n clara de los resultados del recuento. Puede contar hasta 1.000 billetes por minuto, incluso los desgastados o sucios. Potente sistema de entrada para pilas de billetes. Pantalla de LCD de alta calidad. C\u00f3moda limpieza y f\u00e1cil extracci\u00f3n de billetes atascados o enganchados. Inicio y parada autom\u00e1ticos. Incluye cable de red y manual de instrucciones. Medidas: 26,3x26,8x25,5cm.","breadcrumb":{"@id":"https:\/\/canonm5.com\/index.php\/producto\/contadora-de-billetes-ratiotec-rapidcount-t-575\/#breadcrumb"},"inLanguage":"es","potentialAction":[{"@type":"ReadAction","target":["https:\/\/canonm5.com\/index.php\/producto\/contadora-de-billetes-ratiotec-rapidcount-t-575\/"]}]},{"@type":"ImageObject","inLanguage":"es","@id":"https:\/\/canonm5.com\/index.php\/producto\/contadora-de-billetes-ratiotec-rapidcount-t-575\/#primaryimage","url":"https:\/\/canonm5.com\/wp-content\/uploads\/2023\/04\/contadora-de-billetes-ratiotec-rapidcount-t-575-1.jpg","contentUrl":"https:\/\/canonm5.com\/wp-content\/uploads\/2023\/04\/contadora-de-billetes-ratiotec-rapidcount-t-575-1.jpg","width":239,"height":239},{"@type":"BreadcrumbList","@id":"https:\/\/canonm5.com\/index.php\/producto\/contadora-de-billetes-ratiotec-rapidcount-t-575\/#breadcrumb","itemListElement":[{"@type":"ListItem","position":1,"name":"Portada","item":"https:\/\/canonm5.com\/"},{"@type":"ListItem","position":2,"name":"Nuestros productos","item":"https:\/\/canonm5.com\/index.php\/productos\/"},{"@type":"ListItem","position":3,"name":"CONTADORA DE BILLETES RATIOTEC RAPIDCOUNT T 575"}]},{"@type":"WebSite","@id":"https:\/\/canonm5.com\/#website","url":"https:\/\/canonm5.com\/","name":"Canon M5 Madrid | Distribuidor oficial Canon","description":"Renting de impresoras para empresas","potentialAction":[{"@type":"SearchAction","target":{"@type":"EntryPoint","urlTemplate":"https:\/\/canonm5.com\/?s={search_term_string}"},"query-input":{"@type":"PropertyValueSpecification","valueRequired":true,"valueName":"search_term_string"}}],"inLanguage":"es"}]}},"_links":{"self":[{"href":"https:\/\/canonm5.com\/index.php\/wp-json\/wp\/v2\/product\/7171","targetHints":{"allow":["GET"]}}],"collection":[{"href":"https:\/\/canonm5.com\/index.php\/wp-json\/wp\/v2\/product"}],"about":[{"href":"https:\/\/canonm5.com\/index.php\/wp-json\/wp\/v2\/types\/product"}],"wp:featuredmedia":[{"embeddable":true,"href":"https:\/\/canonm5.com\/index.php\/wp-json\/wp\/v2\/media\/7172"}],"wp:attachment":[{"href":"https:\/\/canonm5.com\/index.php\/wp-json\/wp\/v2\/media?parent=7171"}],"wp:term":[{"taxonomy":"product_cat","embeddable":true,"href":"https:\/\/canonm5.com\/index.php\/wp-json\/wp\/v2\/product_cat?post=7171"},{"taxonomy":"product_tag","embeddable":true,"href":"https:\/\/canonm5.com\/index.php\/wp-json\/wp\/v2\/product_tag?post=7171"}],"curies":[{"name":"wp","href":"https:\/\/api.w.org\/{rel}","templated":true}]}}