{"id":7023,"date":"2023-04-17T09:25:01","date_gmt":"2023-04-17T09:25:01","guid":{"rendered":"https:\/\/canonm5.com\/?post_type=product&#038;p=7023"},"modified":"2023-04-17T14:18:33","modified_gmt":"2023-04-17T14:18:33","slug":"palo-para-selfie-ewent-selfie-stick-tripod","status":"publish","type":"product","link":"https:\/\/canonm5.com\/index.php\/producto\/palo-para-selfie-ewent-selfie-stick-tripod\/","title":{"rendered":"PALO PARA SELFIE EWENT SELFIE STICK TRIPOD"},"content":{"rendered":"<p>El\u00a0<strong>WENT Bluetooth Selfie Stick Tripod<\/strong>\u00a0es un tr\u00edpode extensible\u00a0<strong>para Smartphone y C\u00e1maras 3 en 1<\/strong>. Cuenta con una logitud de hasta\u00a0<strong>1 metro<\/strong>\u00a0(39,3 pulgadas) y 360\u00ba de rotaci\u00f3n. Adem\u00e1s, es f\u00e1cil de llevar y es polivalente gracias a sus\u00a0<strong>cabezales intercambiables<\/strong>\u00a0para tel\u00e9fonos m\u00f3viles y c\u00e1maras. Su\u00a0<strong>plegado es simple<\/strong>\u00a0y su longitud est\u00e1 dividida en siete secciones para mayor manejo.<\/p>\n<p><strong><u>CARACTER\u00cdSTICAS<\/u><\/strong><\/p>\n<ul>\n<li><strong>Tr\u00edpode extensible para Smartphone y C\u00e1maras 3 en 1:<\/strong>\u00a0Permite su uso como palo selfie y como Tripode de viaje. Incorpora un mando distancia Bluetooth en la empu\u00f1adura que se puede extraer para realizar fotos con el tripode a distancia. Su cabezal intercambiable permite el uso con Smartphones y con c\u00e1maras de acci\u00f3n como GoPro.<\/li>\n<\/ul>\n<p>&nbsp;<\/p>\n<ul>\n<li><strong>Su Stick extensible, permite alargar el bast\u00f3n hasta 1 metro<\/strong>. Su cabezal para acoplamiento para Smartphone y c\u00e1maras, permite un giro completo de 360\u00ba y 203\u00ba en movimiento del cuello, totalmente plegable. Ideal para selfies, videoconferencias, etc. El complemento ideal para realizar tus fotos para Instagram, facebook, TikTok, etc. Imprescincible en tus viajes y sesiones fotogr\u00e1ficas en interiores o exteriores.<\/li>\n<\/ul>\n<p>&nbsp;<\/p>\n<ul>\n<li><strong>Su control remoto Bluetooth:<\/strong>\u00a0incorpora con bater\u00eda de larga duraci\u00f3n reemplazable.\u00a0 El control remoto se puede separar del tr\u00edpode para lograr una fotograf\u00eda remota. Su Bluetooth permite un emparajemiento con tu tel\u00e9fono de hasta 10 metros. Compatible con las app para realizar fotograf\u00edas, permitiendo disparo inmediato y programado.<\/li>\n<\/ul>\n<p>&nbsp;<\/p>\n<ul>\n<li><strong>Materiales de alta calidad:\u00a0<\/strong>gracias a sus varillas compactas de acero inoxidable y materiales antideslizantes de ABS y PC, el palo para selfies no solo es liviano, sino tambi\u00e9n resistente a la corrosi\u00f3n y antideslizante.<\/li>\n<\/ul>\n<p>&nbsp;<\/p>\n<ul>\n<li><strong>Peque\u00f1o y compacto<\/strong>, puede guardarlo en su bolsillo o bolso, el pie de aleaci\u00f3n de aluminio y las otomanas antideslizantes hacen que el tr\u00edpode sea m\u00e1s estable para grabar o video conversaci\u00f3n con familiares o amigos desde el control remoto.<\/li>\n<\/ul>\n<p>&nbsp;<\/p>\n<ul>\n<li><strong>Totalmente compatible para tel\u00e9fonos IOS \/ Android<\/strong>\u00a0de 4.7 a 6.0 pulgadas, cabe destacar terminales de \u00faltima generaci\u00f3n como iPhone XS, XR, X, 8, 8 Plus, 7, 7 Plus, 6S, 6, Samsung Galaxy modelos S20, 9, S10, S10e, S9, S9 Plus, S8, S8 Plus, S7, S7 Edge, Note 10, Huawei P30, P20, P10, Xiaomi y otras marcas<\/li>\n<\/ul>\n<p><strong><u>ESPECIFICACIONES<\/u><\/strong><\/p>\n<ul>\n<li>Material: ABS y acero inoxidable<\/li>\n<li>Versi\u00f3n del bluetooth: 4.0<\/li>\n<li>Tama\u00f1o para el tel\u00e9fono: 4 &#8211; 6.2&#8243;<\/li>\n<li>Largo sin extender: 190mm (7.5&#8243;)<\/li>\n<li>Largo extendido: 1000mm (39.3&#8243;)<\/li>\n<li>Sistemas soportados: iOS 5.1 &amp; Android 4.3 o superior<\/li>\n<li>Montura de sujecci\u00f3n: 55-85mm (2.2-3.3&#8243;)<\/li>\n<li>Dimensiones (WxDxH): 53x38x199mm (1.8&#215;1.4&#215;7.5&#8243;)<\/li>\n<li>Peso: 200gr<\/li>\n<li>Bater\u00eda: 1 x CR1632 (Incluida e intercambiable)<\/li>\n<li>Color: Negro<\/li>\n<\/ul>\n<p><i>Comprar Palo Selfie EWENT Selfie Stick Tripod<\/i><\/p>\n<p><em>E.O. Madrid Cinco S.L., no se responsabiliza de posibles errores tipogr\u00e1ficos y de precio. Las fotograf\u00edas de los productos pueden sufrir cambios<\/em><\/p>\n<p><strong>\u00a0<\/strong><\/p>\n","protected":false},"excerpt":{"rendered":"<p>El\u00a0<strong>WENT Bluetooth Selfie Stick Tripod<\/strong>\u00a0es un tr\u00edpode extensible\u00a0<strong>para Smartphone y C\u00e1maras 3 en 1<\/strong>. Cuenta con una logitud de hasta\u00a0<strong>1 metro<\/strong>\u00a0(39,3 pulgadas) y 360\u00ba de rotaci\u00f3n. Adem\u00e1s, es f\u00e1cil de llevar y es polivalente gracias a sus\u00a0<strong>cabezales intercambiables<\/strong>\u00a0para tel\u00e9fonos m\u00f3viles y c\u00e1maras. Su\u00a0<strong>plegado es simple<\/strong>\u00a0y su longitud est\u00e1 dividida en siete secciones para mayor manejo.<\/p>\n<p><strong><u>CARACTER\u00cdSTICAS<\/u><\/strong><\/p>\n<ul>\n<li><strong>Tr\u00edpode extensible para Smartphone y C\u00e1maras 3 en 1:<\/strong>\u00a0Permite su uso como palo selfie y como Tripode de viaje. Incorpora un mando distancia Bluetooth en la empu\u00f1adura que se puede extraer para realizar fotos con el tripode a distancia. Su cabezal intercambiable permite el uso con Smartphones y con c\u00e1maras de acci\u00f3n como GoPro.<\/li>\n<\/ul>\n<p>&nbsp;<\/p>\n<ul>\n<li><strong>Su Stick extensible, permite alargar el bast\u00f3n hasta 1 metro<\/strong>. Su cabezal para acoplamiento para Smartphone y c\u00e1maras, permite un giro completo de 360\u00ba y 203\u00ba en movimiento del cuello, totalmente plegable. Ideal para selfies, videoconferencias, etc. El complemento ideal para realizar tus fotos para Instagram, facebook, TikTok, etc. Imprescincible en tus viajes y sesiones fotogr\u00e1ficas en interiores o exteriores.<\/li>\n<\/ul>\n<p>&nbsp;<\/p>\n<ul>\n<li><strong>Su control remoto Bluetooth:<\/strong>\u00a0incorpora con bater\u00eda de larga duraci\u00f3n reemplazable.\u00a0 El control remoto se puede separar del tr\u00edpode para lograr una fotograf\u00eda remota. Su Bluetooth permite un emparajemiento con tu tel\u00e9fono de hasta 10 metros. Compatible con las app para realizar fotograf\u00edas, permitiendo disparo inmediato y programado.<\/li>\n<\/ul>\n<p>&nbsp;<\/p>\n<ul>\n<li><strong>Materiales de alta calidad:\u00a0<\/strong>gracias a sus varillas compactas de acero inoxidable y materiales antideslizantes de ABS y PC, el palo para selfies no solo es liviano, sino tambi\u00e9n resistente a la corrosi\u00f3n y antideslizante.<\/li>\n<\/ul>\n<p>&nbsp;<\/p>\n<ul>\n<li><strong>Peque\u00f1o y compacto<\/strong>, puede guardarlo en su bolsillo o bolso, el pie de aleaci\u00f3n de aluminio y las otomanas antideslizantes hacen que el tr\u00edpode sea m\u00e1s estable para grabar o video conversaci\u00f3n con familiares o amigos desde el control remoto.<\/li>\n<\/ul>\n<p>&nbsp;<\/p>\n<ul>\n<li><strong>Totalmente compatible para tel\u00e9fonos IOS \/ Android<\/strong>\u00a0de 4.7 a 6.0 pulgadas, cabe destacar terminales de \u00faltima generaci\u00f3n como iPhone XS, XR, X, 8, 8 Plus, 7, 7 Plus, 6S, 6, Samsung Galaxy modelos S20, 9, S10, S10e, S9, S9 Plus, S8, S8 Plus, S7, S7 Edge, Note 10, Huawei P30, P20, P10, Xiaomi y otras marcas<\/li>\n<\/ul>\n<p><strong><u>ESPECIFICACIONES<\/u><\/strong><\/p>\n<ul>\n<li>Material: ABS y acero inoxidable<\/li>\n<li>Versi\u00f3n del bluetooth: 4.0<\/li>\n<li>Tama\u00f1o para el tel\u00e9fono: 4 &#8211; 6.2&#8243;<\/li>\n<li>Largo sin extender: 190mm (7.5&#8243;)<\/li>\n<li>Largo extendido: 1000mm (39.3&#8243;)<\/li>\n<li>Sistemas soportados: iOS 5.1 &amp; Android 4.3 o superior<\/li>\n<li>Montura de sujecci\u00f3n: 55-85mm (2.2-3.3&#8243;)<\/li>\n<li>Dimensiones (WxDxH): 53x38x199mm (1.8&#215;1.4&#215;7.5&#8243;)<\/li>\n<li>Peso: 200gr<\/li>\n<li>Bater\u00eda: 1 x CR1632 (Incluida e intercambiable)<\/li>\n<li>Color: Negro<\/li>\n<\/ul>\n<p><i>Comprar Palo Selfie EWENT Selfie Stick Tripod<\/i><\/p>\n","protected":false},"featured_media":7024,"template":"","meta":{"_et_pb_use_builder":"","_et_pb_old_content":"","_et_gb_content_width":"","_joinchat":[]},"product_cat":[802,801],"product_tag":[2356,2354,2355,2357,2358],"class_list":{"0":"post-7023","1":"product","2":"type-product","3":"status-publish","4":"has-post-thumbnail","6":"product_cat-fotografia","7":"product_cat-informatica","8":"product_tag-ewwnt","9":"product_tag-palo","10":"product_tag-selfie","11":"product_tag-stick","12":"product_tag-tripod","14":"first","15":"instock","16":"taxable","17":"shipping-taxable","18":"purchasable","19":"product-type-simple"},"yoast_head":"<!-- This site is optimized with the Yoast SEO plugin v27.4 - https:\/\/yoast.com\/product\/yoast-seo-wordpress\/ -->\n<title>PALO PARA SELFIE EWENT SELFIE STICK TRIPOD - Canon M5 Madrid | Distribuidor oficial Canon<\/title>\n<meta name=\"description\" content=\"El\u00a0WENT Bluetooth Selfie Stick Tripod\u00a0es un tr\u00edpode extensible\u00a0para Smartphone y C\u00e1maras 3 en 1. Cuenta con una logitud de hasta\u00a01 metro\u00a0(39,3 pulgadas) y 360\u00ba de rotaci\u00f3n. Adem\u00e1s, es f\u00e1cil de llevar y es polivalente gracias a sus\u00a0cabezales intercambiables\u00a0para tel\u00e9fonos m\u00f3viles y c\u00e1maras. Su\u00a0plegado es simple\u00a0y su longitud est\u00e1 dividida en siete secciones para mayor manejo.\" \/>\n<meta name=\"robots\" content=\"index, follow, max-snippet:-1, max-image-preview:large, max-video-preview:-1\" \/>\n<link rel=\"canonical\" href=\"https:\/\/canonm5.com\/index.php\/producto\/palo-para-selfie-ewent-selfie-stick-tripod\/\" \/>\n<meta property=\"og:locale\" content=\"es_ES\" \/>\n<meta property=\"og:type\" content=\"article\" \/>\n<meta property=\"og:title\" content=\"PALO PARA SELFIE EWENT SELFIE STICK TRIPOD - Canon M5 Madrid | Distribuidor oficial Canon\" \/>\n<meta property=\"og:description\" content=\"El\u00a0WENT Bluetooth Selfie Stick Tripod\u00a0es un tr\u00edpode extensible\u00a0para Smartphone y C\u00e1maras 3 en 1. Cuenta con una logitud de hasta\u00a01 metro\u00a0(39,3 pulgadas) y 360\u00ba de rotaci\u00f3n. Adem\u00e1s, es f\u00e1cil de llevar y es polivalente gracias a sus\u00a0cabezales intercambiables\u00a0para tel\u00e9fonos m\u00f3viles y c\u00e1maras. Su\u00a0plegado es simple\u00a0y su longitud est\u00e1 dividida en siete secciones para mayor manejo.\" \/>\n<meta property=\"og:url\" content=\"https:\/\/canonm5.com\/index.php\/producto\/palo-para-selfie-ewent-selfie-stick-tripod\/\" \/>\n<meta property=\"og:site_name\" content=\"Canon M5 Madrid | Distribuidor oficial Canon\" \/>\n<meta property=\"article:modified_time\" content=\"2023-04-17T14:18:33+00:00\" \/>\n<meta property=\"og:image\" content=\"https:\/\/canonm5.com\/wp-content\/uploads\/2023\/04\/MGS0000001809-0.jpg\" \/>\n\t<meta property=\"og:image:width\" content=\"1134\" \/>\n\t<meta property=\"og:image:height\" content=\"1134\" \/>\n\t<meta property=\"og:image:type\" content=\"image\/jpeg\" \/>\n<meta name=\"twitter:card\" content=\"summary_large_image\" \/>\n<meta name=\"twitter:label1\" content=\"Tiempo de lectura\" \/>\n\t<meta name=\"twitter:data1\" content=\"2 minutos\" \/>\n<script type=\"application\/ld+json\" class=\"yoast-schema-graph\">{\"@context\":\"https:\\\/\\\/schema.org\",\"@graph\":[{\"@type\":\"WebPage\",\"@id\":\"https:\\\/\\\/canonm5.com\\\/index.php\\\/producto\\\/palo-para-selfie-ewent-selfie-stick-tripod\\\/\",\"url\":\"https:\\\/\\\/canonm5.com\\\/index.php\\\/producto\\\/palo-para-selfie-ewent-selfie-stick-tripod\\\/\",\"name\":\"PALO PARA SELFIE EWENT SELFIE STICK TRIPOD - Canon M5 Madrid | Distribuidor oficial Canon\",\"isPartOf\":{\"@id\":\"https:\\\/\\\/canonm5.com\\\/#website\"},\"primaryImageOfPage\":{\"@id\":\"https:\\\/\\\/canonm5.com\\\/index.php\\\/producto\\\/palo-para-selfie-ewent-selfie-stick-tripod\\\/#primaryimage\"},\"image\":{\"@id\":\"https:\\\/\\\/canonm5.com\\\/index.php\\\/producto\\\/palo-para-selfie-ewent-selfie-stick-tripod\\\/#primaryimage\"},\"thumbnailUrl\":\"https:\\\/\\\/canonm5.com\\\/wp-content\\\/uploads\\\/2023\\\/04\\\/MGS0000001809-0.jpg\",\"datePublished\":\"2023-04-17T09:25:01+00:00\",\"dateModified\":\"2023-04-17T14:18:33+00:00\",\"description\":\"El\u00a0WENT Bluetooth Selfie Stick Tripod\u00a0es un tr\u00edpode extensible\u00a0para Smartphone y C\u00e1maras 3 en 1. Cuenta con una logitud de hasta\u00a01 metro\u00a0(39,3 pulgadas) y 360\u00ba de rotaci\u00f3n. Adem\u00e1s, es f\u00e1cil de llevar y es polivalente gracias a sus\u00a0cabezales intercambiables\u00a0para tel\u00e9fonos m\u00f3viles y c\u00e1maras. Su\u00a0plegado es simple\u00a0y su longitud est\u00e1 dividida en siete secciones para mayor manejo.\",\"breadcrumb\":{\"@id\":\"https:\\\/\\\/canonm5.com\\\/index.php\\\/producto\\\/palo-para-selfie-ewent-selfie-stick-tripod\\\/#breadcrumb\"},\"inLanguage\":\"es\",\"potentialAction\":[{\"@type\":\"ReadAction\",\"target\":[\"https:\\\/\\\/canonm5.com\\\/index.php\\\/producto\\\/palo-para-selfie-ewent-selfie-stick-tripod\\\/\"]}]},{\"@type\":\"ImageObject\",\"inLanguage\":\"es\",\"@id\":\"https:\\\/\\\/canonm5.com\\\/index.php\\\/producto\\\/palo-para-selfie-ewent-selfie-stick-tripod\\\/#primaryimage\",\"url\":\"https:\\\/\\\/canonm5.com\\\/wp-content\\\/uploads\\\/2023\\\/04\\\/MGS0000001809-0.jpg\",\"contentUrl\":\"https:\\\/\\\/canonm5.com\\\/wp-content\\\/uploads\\\/2023\\\/04\\\/MGS0000001809-0.jpg\",\"width\":1134,\"height\":1134},{\"@type\":\"BreadcrumbList\",\"@id\":\"https:\\\/\\\/canonm5.com\\\/index.php\\\/producto\\\/palo-para-selfie-ewent-selfie-stick-tripod\\\/#breadcrumb\",\"itemListElement\":[{\"@type\":\"ListItem\",\"position\":1,\"name\":\"Portada\",\"item\":\"https:\\\/\\\/canonm5.com\\\/\"},{\"@type\":\"ListItem\",\"position\":2,\"name\":\"Nuestros productos\",\"item\":\"https:\\\/\\\/canonm5.com\\\/index.php\\\/productos\\\/\"},{\"@type\":\"ListItem\",\"position\":3,\"name\":\"PALO PARA SELFIE EWENT SELFIE STICK TRIPOD\"}]},{\"@type\":\"WebSite\",\"@id\":\"https:\\\/\\\/canonm5.com\\\/#website\",\"url\":\"https:\\\/\\\/canonm5.com\\\/\",\"name\":\"Canon M5 Madrid | Distribuidor oficial Canon\",\"description\":\"Renting de impresoras para empresas\",\"potentialAction\":[{\"@type\":\"SearchAction\",\"target\":{\"@type\":\"EntryPoint\",\"urlTemplate\":\"https:\\\/\\\/canonm5.com\\\/?s={search_term_string}\"},\"query-input\":{\"@type\":\"PropertyValueSpecification\",\"valueRequired\":true,\"valueName\":\"search_term_string\"}}],\"inLanguage\":\"es\"}]}<\/script>\n<!-- \/ Yoast SEO plugin. -->","yoast_head_json":{"title":"PALO PARA SELFIE EWENT SELFIE STICK TRIPOD - Canon M5 Madrid | Distribuidor oficial Canon","description":"El\u00a0WENT Bluetooth Selfie Stick Tripod\u00a0es un tr\u00edpode extensible\u00a0para Smartphone y C\u00e1maras 3 en 1. Cuenta con una logitud de hasta\u00a01 metro\u00a0(39,3 pulgadas) y 360\u00ba de rotaci\u00f3n. Adem\u00e1s, es f\u00e1cil de llevar y es polivalente gracias a sus\u00a0cabezales intercambiables\u00a0para tel\u00e9fonos m\u00f3viles y c\u00e1maras. Su\u00a0plegado es simple\u00a0y su longitud est\u00e1 dividida en siete secciones para mayor manejo.","robots":{"index":"index","follow":"follow","max-snippet":"max-snippet:-1","max-image-preview":"max-image-preview:large","max-video-preview":"max-video-preview:-1"},"canonical":"https:\/\/canonm5.com\/index.php\/producto\/palo-para-selfie-ewent-selfie-stick-tripod\/","og_locale":"es_ES","og_type":"article","og_title":"PALO PARA SELFIE EWENT SELFIE STICK TRIPOD - Canon M5 Madrid | Distribuidor oficial Canon","og_description":"El\u00a0WENT Bluetooth Selfie Stick Tripod\u00a0es un tr\u00edpode extensible\u00a0para Smartphone y C\u00e1maras 3 en 1. Cuenta con una logitud de hasta\u00a01 metro\u00a0(39,3 pulgadas) y 360\u00ba de rotaci\u00f3n. Adem\u00e1s, es f\u00e1cil de llevar y es polivalente gracias a sus\u00a0cabezales intercambiables\u00a0para tel\u00e9fonos m\u00f3viles y c\u00e1maras. Su\u00a0plegado es simple\u00a0y su longitud est\u00e1 dividida en siete secciones para mayor manejo.","og_url":"https:\/\/canonm5.com\/index.php\/producto\/palo-para-selfie-ewent-selfie-stick-tripod\/","og_site_name":"Canon M5 Madrid | Distribuidor oficial Canon","article_modified_time":"2023-04-17T14:18:33+00:00","og_image":[{"width":1134,"height":1134,"url":"https:\/\/canonm5.com\/wp-content\/uploads\/2023\/04\/MGS0000001809-0.jpg","type":"image\/jpeg"}],"twitter_card":"summary_large_image","twitter_misc":{"Tiempo de lectura":"2 minutos"},"schema":{"@context":"https:\/\/schema.org","@graph":[{"@type":"WebPage","@id":"https:\/\/canonm5.com\/index.php\/producto\/palo-para-selfie-ewent-selfie-stick-tripod\/","url":"https:\/\/canonm5.com\/index.php\/producto\/palo-para-selfie-ewent-selfie-stick-tripod\/","name":"PALO PARA SELFIE EWENT SELFIE STICK TRIPOD - Canon M5 Madrid | Distribuidor oficial Canon","isPartOf":{"@id":"https:\/\/canonm5.com\/#website"},"primaryImageOfPage":{"@id":"https:\/\/canonm5.com\/index.php\/producto\/palo-para-selfie-ewent-selfie-stick-tripod\/#primaryimage"},"image":{"@id":"https:\/\/canonm5.com\/index.php\/producto\/palo-para-selfie-ewent-selfie-stick-tripod\/#primaryimage"},"thumbnailUrl":"https:\/\/canonm5.com\/wp-content\/uploads\/2023\/04\/MGS0000001809-0.jpg","datePublished":"2023-04-17T09:25:01+00:00","dateModified":"2023-04-17T14:18:33+00:00","description":"El\u00a0WENT Bluetooth Selfie Stick Tripod\u00a0es un tr\u00edpode extensible\u00a0para Smartphone y C\u00e1maras 3 en 1. Cuenta con una logitud de hasta\u00a01 metro\u00a0(39,3 pulgadas) y 360\u00ba de rotaci\u00f3n. Adem\u00e1s, es f\u00e1cil de llevar y es polivalente gracias a sus\u00a0cabezales intercambiables\u00a0para tel\u00e9fonos m\u00f3viles y c\u00e1maras. Su\u00a0plegado es simple\u00a0y su longitud est\u00e1 dividida en siete secciones para mayor manejo.","breadcrumb":{"@id":"https:\/\/canonm5.com\/index.php\/producto\/palo-para-selfie-ewent-selfie-stick-tripod\/#breadcrumb"},"inLanguage":"es","potentialAction":[{"@type":"ReadAction","target":["https:\/\/canonm5.com\/index.php\/producto\/palo-para-selfie-ewent-selfie-stick-tripod\/"]}]},{"@type":"ImageObject","inLanguage":"es","@id":"https:\/\/canonm5.com\/index.php\/producto\/palo-para-selfie-ewent-selfie-stick-tripod\/#primaryimage","url":"https:\/\/canonm5.com\/wp-content\/uploads\/2023\/04\/MGS0000001809-0.jpg","contentUrl":"https:\/\/canonm5.com\/wp-content\/uploads\/2023\/04\/MGS0000001809-0.jpg","width":1134,"height":1134},{"@type":"BreadcrumbList","@id":"https:\/\/canonm5.com\/index.php\/producto\/palo-para-selfie-ewent-selfie-stick-tripod\/#breadcrumb","itemListElement":[{"@type":"ListItem","position":1,"name":"Portada","item":"https:\/\/canonm5.com\/"},{"@type":"ListItem","position":2,"name":"Nuestros productos","item":"https:\/\/canonm5.com\/index.php\/productos\/"},{"@type":"ListItem","position":3,"name":"PALO PARA SELFIE EWENT SELFIE STICK TRIPOD"}]},{"@type":"WebSite","@id":"https:\/\/canonm5.com\/#website","url":"https:\/\/canonm5.com\/","name":"Canon M5 Madrid | Distribuidor oficial Canon","description":"Renting de impresoras para empresas","potentialAction":[{"@type":"SearchAction","target":{"@type":"EntryPoint","urlTemplate":"https:\/\/canonm5.com\/?s={search_term_string}"},"query-input":{"@type":"PropertyValueSpecification","valueRequired":true,"valueName":"search_term_string"}}],"inLanguage":"es"}]}},"_links":{"self":[{"href":"https:\/\/canonm5.com\/index.php\/wp-json\/wp\/v2\/product\/7023","targetHints":{"allow":["GET"]}}],"collection":[{"href":"https:\/\/canonm5.com\/index.php\/wp-json\/wp\/v2\/product"}],"about":[{"href":"https:\/\/canonm5.com\/index.php\/wp-json\/wp\/v2\/types\/product"}],"wp:featuredmedia":[{"embeddable":true,"href":"https:\/\/canonm5.com\/index.php\/wp-json\/wp\/v2\/media\/7024"}],"wp:attachment":[{"href":"https:\/\/canonm5.com\/index.php\/wp-json\/wp\/v2\/media?parent=7023"}],"wp:term":[{"taxonomy":"product_cat","embeddable":true,"href":"https:\/\/canonm5.com\/index.php\/wp-json\/wp\/v2\/product_cat?post=7023"},{"taxonomy":"product_tag","embeddable":true,"href":"https:\/\/canonm5.com\/index.php\/wp-json\/wp\/v2\/product_tag?post=7023"}],"curies":[{"name":"wp","href":"https:\/\/api.w.org\/{rel}","templated":true}]}}