{"id":7018,"date":"2023-04-17T09:14:42","date_gmt":"2023-04-17T09:14:42","guid":{"rendered":"https:\/\/canonm5.com\/?post_type=product&#038;p=7018"},"modified":"2023-04-17T14:17:01","modified_gmt":"2023-04-17T14:17:01","slug":"disparador-de-fotos-videos-l-link-ll-am-111-verde-bluetooth","status":"publish","type":"product","link":"https:\/\/canonm5.com\/index.php\/producto\/disparador-de-fotos-videos-l-link-ll-am-111-verde-bluetooth\/","title":{"rendered":"DISPARADOR DE FOTOS VIDEOS L-LINK LL-AM-111-VERDE BLUETOOTH"},"content":{"rendered":"<p>Disparador Bluetooth de fotos\/videos LL-AM-111-VERDE<\/p>\n<p>EAN: 8436531366100<\/p>\n<p>Disparador de fotograf\u00edas y video con tecnolog\u00eda Bluetooth para tu Smartphone o Tablet. Dispara tus fotos o inicia la grabaci\u00f3n de videos a distancia. Es el accesorio ideal para tus viajes y poder hacer los mejores selfies. Funciona con una<br \/>\npila de bot\u00f3n de larga duraci\u00f3n (incluida).<\/p>\n<p>Caracter\u00edsticas:<\/p>\n<p>Versi\u00f3n Bluetooth: 3.0<br \/>\nFrecuencia de transmisi\u00f3n: 2.4GHz 2.4835GHz<br \/>\nDistancia m\u00e1xima de funcionamiento: 10m<br \/>\nDuraci\u00f3n de la bater\u00eda: 6 meses aproximadamente us\u00e1ndose diariamente.<br \/>\nTama\u00f1o: 50mmx33mmx10,5mm<br \/>\nPeso: 8g aprox.<br \/>\nCompatible con Android 4.2 OS o superior y iOS 6.0 o superior.<\/p>\n<p>Color: Verde<\/p>\n<p>&nbsp;<\/p>\n<p><em>E.O. Madrid Cinco S.L., no se responsabiliza de posibles errores tipogr\u00e1ficos y de precio. Las fotograf\u00edas de los productos pueden sufrir cambios<\/em><\/p>\n<p><strong>\u00a0<\/strong><\/p>\n","protected":false},"excerpt":{"rendered":"<p>Disparador Bluetooth de fotos\/videos LL-AM-111-VERDE<\/p>\n<p>EAN: 8436531366100<\/p>\n<p>Disparador de fotograf\u00edas y video con tecnolog\u00eda Bluetooth para tu Smartphone o Tablet. Dispara tus fotos o inicia la grabaci\u00f3n de videos a distancia. Es el accesorio ideal para tus viajes y poder hacer los mejores selfies. Funciona con una<br \/>\npila de bot\u00f3n de larga duraci\u00f3n (incluida).<\/p>\n<p>Caracter\u00edsticas:<\/p>\n<p>Versi\u00f3n Bluetooth: 3.0<br \/>\nFrecuencia de transmisi\u00f3n: 2.4GHz 2.4835GHz<br \/>\nDistancia m\u00e1xima de funcionamiento: 10m<br \/>\nDuraci\u00f3n de la bater\u00eda: 6 meses aproximadamente us\u00e1ndose diariamente.<br \/>\nTama\u00f1o: 50mmx33mmx10,5mm<br \/>\nPeso: 8g aprox.<br \/>\nCompatible con Android 4.2 OS o superior y iOS 6.0 o superior.<\/p>\n<p>Color: Verde<\/p>\n","protected":false},"featured_media":7019,"template":"","meta":{"_et_pb_use_builder":"","_et_pb_old_content":"","_et_gb_content_width":"","_joinchat":[]},"product_cat":[802,801],"product_tag":[1599,2349,2350,2352,2351],"class_list":{"0":"post-7018","1":"product","2":"type-product","3":"status-publish","4":"has-post-thumbnail","6":"product_cat-fotografia","7":"product_cat-informatica","8":"product_tag-bluetooth","9":"product_tag-disparador","10":"product_tag-fotos","11":"product_tag-l-link","12":"product_tag-videos","14":"first","15":"instock","16":"taxable","17":"shipping-taxable","18":"purchasable","19":"product-type-simple"},"yoast_head":"<!-- This site is optimized with the Yoast SEO plugin v27.4 - https:\/\/yoast.com\/product\/yoast-seo-wordpress\/ -->\n<title>DISPARADOR DE FOTOS VIDEOS L-LINK LL-AM-111-VERDE BLUETOOTH - Canon M5 Madrid | Distribuidor oficial Canon<\/title>\n<meta name=\"description\" content=\"Disparador de fotograf\u00edas y video con tecnolog\u00eda Bluetooth para tu Smartphone o Tablet. Dispara tus fotos o inicia la grabaci\u00f3n de videos a distancia. Es el accesorio ideal para tus viajes y poder hacer los mejores selfies. Funciona con unapila de bot\u00f3n de larga duraci\u00f3n (incluida).\" \/>\n<meta name=\"robots\" content=\"index, follow, max-snippet:-1, max-image-preview:large, max-video-preview:-1\" \/>\n<link rel=\"canonical\" href=\"https:\/\/canonm5.com\/index.php\/producto\/disparador-de-fotos-videos-l-link-ll-am-111-verde-bluetooth\/\" \/>\n<meta property=\"og:locale\" content=\"es_ES\" \/>\n<meta property=\"og:type\" content=\"article\" \/>\n<meta property=\"og:title\" content=\"DISPARADOR DE FOTOS VIDEOS L-LINK LL-AM-111-VERDE BLUETOOTH - Canon M5 Madrid | Distribuidor oficial Canon\" \/>\n<meta property=\"og:description\" content=\"Disparador de fotograf\u00edas y video con tecnolog\u00eda Bluetooth para tu Smartphone o Tablet. Dispara tus fotos o inicia la grabaci\u00f3n de videos a distancia. Es el accesorio ideal para tus viajes y poder hacer los mejores selfies. Funciona con unapila de bot\u00f3n de larga duraci\u00f3n (incluida).\" \/>\n<meta property=\"og:url\" content=\"https:\/\/canonm5.com\/index.php\/producto\/disparador-de-fotos-videos-l-link-ll-am-111-verde-bluetooth\/\" \/>\n<meta property=\"og:site_name\" content=\"Canon M5 Madrid | Distribuidor oficial Canon\" \/>\n<meta property=\"article:modified_time\" content=\"2023-04-17T14:17:01+00:00\" \/>\n<meta property=\"og:image\" content=\"https:\/\/canonm5.com\/wp-content\/uploads\/2023\/04\/MGS0000015405-0.jpg\" \/>\n\t<meta property=\"og:image:width\" content=\"1134\" \/>\n\t<meta property=\"og:image:height\" content=\"1134\" \/>\n\t<meta property=\"og:image:type\" content=\"image\/jpeg\" \/>\n<meta name=\"twitter:card\" content=\"summary_large_image\" \/>\n<meta name=\"twitter:label1\" content=\"Tiempo de lectura\" \/>\n\t<meta name=\"twitter:data1\" content=\"1 minuto\" \/>\n<script type=\"application\/ld+json\" class=\"yoast-schema-graph\">{\"@context\":\"https:\\\/\\\/schema.org\",\"@graph\":[{\"@type\":\"WebPage\",\"@id\":\"https:\\\/\\\/canonm5.com\\\/index.php\\\/producto\\\/disparador-de-fotos-videos-l-link-ll-am-111-verde-bluetooth\\\/\",\"url\":\"https:\\\/\\\/canonm5.com\\\/index.php\\\/producto\\\/disparador-de-fotos-videos-l-link-ll-am-111-verde-bluetooth\\\/\",\"name\":\"DISPARADOR DE FOTOS VIDEOS L-LINK LL-AM-111-VERDE BLUETOOTH - Canon M5 Madrid | Distribuidor oficial Canon\",\"isPartOf\":{\"@id\":\"https:\\\/\\\/canonm5.com\\\/#website\"},\"primaryImageOfPage\":{\"@id\":\"https:\\\/\\\/canonm5.com\\\/index.php\\\/producto\\\/disparador-de-fotos-videos-l-link-ll-am-111-verde-bluetooth\\\/#primaryimage\"},\"image\":{\"@id\":\"https:\\\/\\\/canonm5.com\\\/index.php\\\/producto\\\/disparador-de-fotos-videos-l-link-ll-am-111-verde-bluetooth\\\/#primaryimage\"},\"thumbnailUrl\":\"https:\\\/\\\/canonm5.com\\\/wp-content\\\/uploads\\\/2023\\\/04\\\/MGS0000015405-0.jpg\",\"datePublished\":\"2023-04-17T09:14:42+00:00\",\"dateModified\":\"2023-04-17T14:17:01+00:00\",\"description\":\"Disparador de fotograf\u00edas y video con tecnolog\u00eda Bluetooth para tu Smartphone o Tablet. Dispara tus fotos o inicia la grabaci\u00f3n de videos a distancia. Es el accesorio ideal para tus viajes y poder hacer los mejores selfies. Funciona con unapila de bot\u00f3n de larga duraci\u00f3n (incluida).\",\"breadcrumb\":{\"@id\":\"https:\\\/\\\/canonm5.com\\\/index.php\\\/producto\\\/disparador-de-fotos-videos-l-link-ll-am-111-verde-bluetooth\\\/#breadcrumb\"},\"inLanguage\":\"es\",\"potentialAction\":[{\"@type\":\"ReadAction\",\"target\":[\"https:\\\/\\\/canonm5.com\\\/index.php\\\/producto\\\/disparador-de-fotos-videos-l-link-ll-am-111-verde-bluetooth\\\/\"]}]},{\"@type\":\"ImageObject\",\"inLanguage\":\"es\",\"@id\":\"https:\\\/\\\/canonm5.com\\\/index.php\\\/producto\\\/disparador-de-fotos-videos-l-link-ll-am-111-verde-bluetooth\\\/#primaryimage\",\"url\":\"https:\\\/\\\/canonm5.com\\\/wp-content\\\/uploads\\\/2023\\\/04\\\/MGS0000015405-0.jpg\",\"contentUrl\":\"https:\\\/\\\/canonm5.com\\\/wp-content\\\/uploads\\\/2023\\\/04\\\/MGS0000015405-0.jpg\",\"width\":1134,\"height\":1134},{\"@type\":\"BreadcrumbList\",\"@id\":\"https:\\\/\\\/canonm5.com\\\/index.php\\\/producto\\\/disparador-de-fotos-videos-l-link-ll-am-111-verde-bluetooth\\\/#breadcrumb\",\"itemListElement\":[{\"@type\":\"ListItem\",\"position\":1,\"name\":\"Portada\",\"item\":\"https:\\\/\\\/canonm5.com\\\/\"},{\"@type\":\"ListItem\",\"position\":2,\"name\":\"Nuestros productos\",\"item\":\"https:\\\/\\\/canonm5.com\\\/index.php\\\/productos\\\/\"},{\"@type\":\"ListItem\",\"position\":3,\"name\":\"DISPARADOR DE FOTOS VIDEOS L-LINK LL-AM-111-VERDE BLUETOOTH\"}]},{\"@type\":\"WebSite\",\"@id\":\"https:\\\/\\\/canonm5.com\\\/#website\",\"url\":\"https:\\\/\\\/canonm5.com\\\/\",\"name\":\"Canon M5 Madrid | Distribuidor oficial Canon\",\"description\":\"Renting de impresoras para empresas\",\"potentialAction\":[{\"@type\":\"SearchAction\",\"target\":{\"@type\":\"EntryPoint\",\"urlTemplate\":\"https:\\\/\\\/canonm5.com\\\/?s={search_term_string}\"},\"query-input\":{\"@type\":\"PropertyValueSpecification\",\"valueRequired\":true,\"valueName\":\"search_term_string\"}}],\"inLanguage\":\"es\"}]}<\/script>\n<!-- \/ Yoast SEO plugin. -->","yoast_head_json":{"title":"DISPARADOR DE FOTOS VIDEOS L-LINK LL-AM-111-VERDE BLUETOOTH - Canon M5 Madrid | Distribuidor oficial Canon","description":"Disparador de fotograf\u00edas y video con tecnolog\u00eda Bluetooth para tu Smartphone o Tablet. Dispara tus fotos o inicia la grabaci\u00f3n de videos a distancia. Es el accesorio ideal para tus viajes y poder hacer los mejores selfies. Funciona con unapila de bot\u00f3n de larga duraci\u00f3n (incluida).","robots":{"index":"index","follow":"follow","max-snippet":"max-snippet:-1","max-image-preview":"max-image-preview:large","max-video-preview":"max-video-preview:-1"},"canonical":"https:\/\/canonm5.com\/index.php\/producto\/disparador-de-fotos-videos-l-link-ll-am-111-verde-bluetooth\/","og_locale":"es_ES","og_type":"article","og_title":"DISPARADOR DE FOTOS VIDEOS L-LINK LL-AM-111-VERDE BLUETOOTH - Canon M5 Madrid | Distribuidor oficial Canon","og_description":"Disparador de fotograf\u00edas y video con tecnolog\u00eda Bluetooth para tu Smartphone o Tablet. Dispara tus fotos o inicia la grabaci\u00f3n de videos a distancia. Es el accesorio ideal para tus viajes y poder hacer los mejores selfies. Funciona con unapila de bot\u00f3n de larga duraci\u00f3n (incluida).","og_url":"https:\/\/canonm5.com\/index.php\/producto\/disparador-de-fotos-videos-l-link-ll-am-111-verde-bluetooth\/","og_site_name":"Canon M5 Madrid | Distribuidor oficial Canon","article_modified_time":"2023-04-17T14:17:01+00:00","og_image":[{"width":1134,"height":1134,"url":"https:\/\/canonm5.com\/wp-content\/uploads\/2023\/04\/MGS0000015405-0.jpg","type":"image\/jpeg"}],"twitter_card":"summary_large_image","twitter_misc":{"Tiempo de lectura":"1 minuto"},"schema":{"@context":"https:\/\/schema.org","@graph":[{"@type":"WebPage","@id":"https:\/\/canonm5.com\/index.php\/producto\/disparador-de-fotos-videos-l-link-ll-am-111-verde-bluetooth\/","url":"https:\/\/canonm5.com\/index.php\/producto\/disparador-de-fotos-videos-l-link-ll-am-111-verde-bluetooth\/","name":"DISPARADOR DE FOTOS VIDEOS L-LINK LL-AM-111-VERDE BLUETOOTH - Canon M5 Madrid | Distribuidor oficial Canon","isPartOf":{"@id":"https:\/\/canonm5.com\/#website"},"primaryImageOfPage":{"@id":"https:\/\/canonm5.com\/index.php\/producto\/disparador-de-fotos-videos-l-link-ll-am-111-verde-bluetooth\/#primaryimage"},"image":{"@id":"https:\/\/canonm5.com\/index.php\/producto\/disparador-de-fotos-videos-l-link-ll-am-111-verde-bluetooth\/#primaryimage"},"thumbnailUrl":"https:\/\/canonm5.com\/wp-content\/uploads\/2023\/04\/MGS0000015405-0.jpg","datePublished":"2023-04-17T09:14:42+00:00","dateModified":"2023-04-17T14:17:01+00:00","description":"Disparador de fotograf\u00edas y video con tecnolog\u00eda Bluetooth para tu Smartphone o Tablet. Dispara tus fotos o inicia la grabaci\u00f3n de videos a distancia. Es el accesorio ideal para tus viajes y poder hacer los mejores selfies. Funciona con unapila de bot\u00f3n de larga duraci\u00f3n (incluida).","breadcrumb":{"@id":"https:\/\/canonm5.com\/index.php\/producto\/disparador-de-fotos-videos-l-link-ll-am-111-verde-bluetooth\/#breadcrumb"},"inLanguage":"es","potentialAction":[{"@type":"ReadAction","target":["https:\/\/canonm5.com\/index.php\/producto\/disparador-de-fotos-videos-l-link-ll-am-111-verde-bluetooth\/"]}]},{"@type":"ImageObject","inLanguage":"es","@id":"https:\/\/canonm5.com\/index.php\/producto\/disparador-de-fotos-videos-l-link-ll-am-111-verde-bluetooth\/#primaryimage","url":"https:\/\/canonm5.com\/wp-content\/uploads\/2023\/04\/MGS0000015405-0.jpg","contentUrl":"https:\/\/canonm5.com\/wp-content\/uploads\/2023\/04\/MGS0000015405-0.jpg","width":1134,"height":1134},{"@type":"BreadcrumbList","@id":"https:\/\/canonm5.com\/index.php\/producto\/disparador-de-fotos-videos-l-link-ll-am-111-verde-bluetooth\/#breadcrumb","itemListElement":[{"@type":"ListItem","position":1,"name":"Portada","item":"https:\/\/canonm5.com\/"},{"@type":"ListItem","position":2,"name":"Nuestros productos","item":"https:\/\/canonm5.com\/index.php\/productos\/"},{"@type":"ListItem","position":3,"name":"DISPARADOR DE FOTOS VIDEOS L-LINK LL-AM-111-VERDE BLUETOOTH"}]},{"@type":"WebSite","@id":"https:\/\/canonm5.com\/#website","url":"https:\/\/canonm5.com\/","name":"Canon M5 Madrid | Distribuidor oficial Canon","description":"Renting de impresoras para empresas","potentialAction":[{"@type":"SearchAction","target":{"@type":"EntryPoint","urlTemplate":"https:\/\/canonm5.com\/?s={search_term_string}"},"query-input":{"@type":"PropertyValueSpecification","valueRequired":true,"valueName":"search_term_string"}}],"inLanguage":"es"}]}},"_links":{"self":[{"href":"https:\/\/canonm5.com\/index.php\/wp-json\/wp\/v2\/product\/7018","targetHints":{"allow":["GET"]}}],"collection":[{"href":"https:\/\/canonm5.com\/index.php\/wp-json\/wp\/v2\/product"}],"about":[{"href":"https:\/\/canonm5.com\/index.php\/wp-json\/wp\/v2\/types\/product"}],"wp:featuredmedia":[{"embeddable":true,"href":"https:\/\/canonm5.com\/index.php\/wp-json\/wp\/v2\/media\/7019"}],"wp:attachment":[{"href":"https:\/\/canonm5.com\/index.php\/wp-json\/wp\/v2\/media?parent=7018"}],"wp:term":[{"taxonomy":"product_cat","embeddable":true,"href":"https:\/\/canonm5.com\/index.php\/wp-json\/wp\/v2\/product_cat?post=7018"},{"taxonomy":"product_tag","embeddable":true,"href":"https:\/\/canonm5.com\/index.php\/wp-json\/wp\/v2\/product_tag?post=7018"}],"curies":[{"name":"wp","href":"https:\/\/api.w.org\/{rel}","templated":true}]}}