{"id":6930,"date":"2023-03-22T15:03:55","date_gmt":"2023-03-22T15:03:55","guid":{"rendered":"https:\/\/canonm5.com\/?post_type=product&#038;p=6930"},"modified":"2023-03-27T14:17:13","modified_gmt":"2023-03-27T14:17:13","slug":"cizalla-de-palanca-dahle-534","status":"publish","type":"product","link":"https:\/\/canonm5.com\/index.php\/producto\/cizalla-de-palanca-dahle-534\/","title":{"rendered":"CIZALLA DE PALANCA DAHLE 534"},"content":{"rendered":"<p>&#8211; Cizalla de palanca<br \/>\n&#8211; Para cortes precisos de hasta A3<br \/>\n&#8211; S\u00f3lida mesa de metal<br \/>\n&#8211; Pies de goma antideslizantes<br \/>\n&#8211; L\u00edneas de formato en mm<br \/>\n&#8211; Mango ergon\u00f3mico<br \/>\n&#8211; Cuchilla de acero de Solingen<br \/>\n&#8211; Prensado manual<br \/>\n&#8211; Capacidad de corte: 15 hojas de 80gr<br \/>\n&#8211; Longitud de corte: 460mm<br \/>\n&#8211; Dimensiones exteriores de la mesa: 56,9&#215;28,5cm.<\/p>\n<p>&nbsp;<\/p>\n<p><em>E.O. Madrid Cinco S.L., no se responsabiliza de posibles errores tipogr\u00e1ficos y de precio. Las fotograf\u00edas de los productos pueden sufrir cambios<\/em><\/p>\n","protected":false},"excerpt":{"rendered":"<p>&#8211; Cizalla de palanca<br \/>\n&#8211; Para cortes precisos de hasta A3<br \/>\n&#8211; S\u00f3lida mesa de metal<br \/>\n&#8211; Pies de goma antideslizantes<br \/>\n&#8211; L\u00edneas de formato en mm<br \/>\n&#8211; Mango ergon\u00f3mico<br \/>\n&#8211; Cuchilla de acero de Solingen<br \/>\n&#8211; Prensado manual<br \/>\n&#8211; Capacidad de corte: 15 hojas de 80gr<br \/>\n&#8211; Longitud de corte: 460mm<br \/>\n&#8211; Dimensiones exteriores de la mesa: 56,9&#215;28,5cm.<\/p>\n","protected":false},"featured_media":6931,"template":"","meta":{"_et_pb_use_builder":"","_et_pb_old_content":"","_et_gb_content_width":"","_joinchat":[]},"product_cat":[830,997],"product_tag":[2304,2292,2257,207],"class_list":{"0":"post-6930","1":"product","2":"type-product","3":"status-publish","4":"has-post-thumbnail","6":"product_cat-maquinas-de-oficina","7":"product_cat-plastificadoras-y-encuadernadoras","8":"product_tag-2304","9":"product_tag-cizalla","10":"product_tag-dahle","11":"product_tag-palanca","13":"first","14":"instock","15":"taxable","16":"shipping-taxable","17":"product-type-simple"},"yoast_head":"<!-- This site is optimized with the Yoast SEO plugin v27.4 - https:\/\/yoast.com\/product\/yoast-seo-wordpress\/ -->\n<title>CIZALLA DE PALANCA DAHLE 534 - Canon M5 Madrid | Distribuidor oficial Canon<\/title>\n<meta name=\"description\" content=\"Cizalla de palanca para cortes precisos de hasta A3, ideal para ocio y uso b\u00e1sico. S\u00f3lida mesa de metal con esquinas redondeadas y pies de goma antideslizantes para una posici\u00f3n segura. L\u00edneas de formato con divisiones en mm a lo largo del borde de corte de la mesa, que facilitan la alineaci\u00f3n del objeto a cortar. Mango ergon\u00f3mico, cuchilla superior e inferior de acero de Solingen rectificada y endurecida. Prensado manual para la fijaci\u00f3n del material. Dos topes angulares con escala en mm para un corte exacto de 90\u00ba. Tope posterior regulable para la detecci\u00f3n r\u00e1pida del formato, aplicable en ambos topes angulares. Capacidad de corte: 15 hojas de 80gr. Longitud de corte: 460mm. Dimensiones exteriores de la mesa: 56,9x28,5cm.\" \/>\n<meta name=\"robots\" content=\"index, follow, max-snippet:-1, max-image-preview:large, max-video-preview:-1\" \/>\n<link rel=\"canonical\" href=\"https:\/\/canonm5.com\/index.php\/producto\/cizalla-de-palanca-dahle-534\/\" \/>\n<meta property=\"og:locale\" content=\"es_ES\" \/>\n<meta property=\"og:type\" content=\"article\" \/>\n<meta property=\"og:title\" content=\"CIZALLA DE PALANCA DAHLE 534 - Canon M5 Madrid | Distribuidor oficial Canon\" \/>\n<meta property=\"og:description\" content=\"Cizalla de palanca para cortes precisos de hasta A3, ideal para ocio y uso b\u00e1sico. S\u00f3lida mesa de metal con esquinas redondeadas y pies de goma antideslizantes para una posici\u00f3n segura. L\u00edneas de formato con divisiones en mm a lo largo del borde de corte de la mesa, que facilitan la alineaci\u00f3n del objeto a cortar. Mango ergon\u00f3mico, cuchilla superior e inferior de acero de Solingen rectificada y endurecida. Prensado manual para la fijaci\u00f3n del material. Dos topes angulares con escala en mm para un corte exacto de 90\u00ba. Tope posterior regulable para la detecci\u00f3n r\u00e1pida del formato, aplicable en ambos topes angulares. Capacidad de corte: 15 hojas de 80gr. Longitud de corte: 460mm. Dimensiones exteriores de la mesa: 56,9x28,5cm.\" \/>\n<meta property=\"og:url\" content=\"https:\/\/canonm5.com\/index.php\/producto\/cizalla-de-palanca-dahle-534\/\" \/>\n<meta property=\"og:site_name\" content=\"Canon M5 Madrid | Distribuidor oficial Canon\" \/>\n<meta property=\"article:modified_time\" content=\"2023-03-27T14:17:13+00:00\" \/>\n<meta property=\"og:image\" content=\"https:\/\/canonm5.com\/wp-content\/uploads\/2023\/03\/cizalla-palanca-dahle-534-a3-00534-21249.jpg\" \/>\n\t<meta property=\"og:image:width\" content=\"239\" \/>\n\t<meta property=\"og:image:height\" content=\"239\" \/>\n\t<meta property=\"og:image:type\" content=\"image\/jpeg\" \/>\n<meta name=\"twitter:card\" content=\"summary_large_image\" \/>\n<script type=\"application\/ld+json\" class=\"yoast-schema-graph\">{\"@context\":\"https:\\\/\\\/schema.org\",\"@graph\":[{\"@type\":\"WebPage\",\"@id\":\"https:\\\/\\\/canonm5.com\\\/index.php\\\/producto\\\/cizalla-de-palanca-dahle-534\\\/\",\"url\":\"https:\\\/\\\/canonm5.com\\\/index.php\\\/producto\\\/cizalla-de-palanca-dahle-534\\\/\",\"name\":\"CIZALLA DE PALANCA DAHLE 534 - Canon M5 Madrid | Distribuidor oficial Canon\",\"isPartOf\":{\"@id\":\"https:\\\/\\\/canonm5.com\\\/#website\"},\"primaryImageOfPage\":{\"@id\":\"https:\\\/\\\/canonm5.com\\\/index.php\\\/producto\\\/cizalla-de-palanca-dahle-534\\\/#primaryimage\"},\"image\":{\"@id\":\"https:\\\/\\\/canonm5.com\\\/index.php\\\/producto\\\/cizalla-de-palanca-dahle-534\\\/#primaryimage\"},\"thumbnailUrl\":\"https:\\\/\\\/canonm5.com\\\/wp-content\\\/uploads\\\/2023\\\/03\\\/cizalla-palanca-dahle-534-a3-00534-21249.jpg\",\"datePublished\":\"2023-03-22T15:03:55+00:00\",\"dateModified\":\"2023-03-27T14:17:13+00:00\",\"description\":\"Cizalla de palanca para cortes precisos de hasta A3, ideal para ocio y uso b\u00e1sico. S\u00f3lida mesa de metal con esquinas redondeadas y pies de goma antideslizantes para una posici\u00f3n segura. L\u00edneas de formato con divisiones en mm a lo largo del borde de corte de la mesa, que facilitan la alineaci\u00f3n del objeto a cortar. Mango ergon\u00f3mico, cuchilla superior e inferior de acero de Solingen rectificada y endurecida. Prensado manual para la fijaci\u00f3n del material. Dos topes angulares con escala en mm para un corte exacto de 90\u00ba. Tope posterior regulable para la detecci\u00f3n r\u00e1pida del formato, aplicable en ambos topes angulares. Capacidad de corte: 15 hojas de 80gr. Longitud de corte: 460mm. Dimensiones exteriores de la mesa: 56,9x28,5cm.\",\"breadcrumb\":{\"@id\":\"https:\\\/\\\/canonm5.com\\\/index.php\\\/producto\\\/cizalla-de-palanca-dahle-534\\\/#breadcrumb\"},\"inLanguage\":\"es\",\"potentialAction\":[{\"@type\":\"ReadAction\",\"target\":[\"https:\\\/\\\/canonm5.com\\\/index.php\\\/producto\\\/cizalla-de-palanca-dahle-534\\\/\"]}]},{\"@type\":\"ImageObject\",\"inLanguage\":\"es\",\"@id\":\"https:\\\/\\\/canonm5.com\\\/index.php\\\/producto\\\/cizalla-de-palanca-dahle-534\\\/#primaryimage\",\"url\":\"https:\\\/\\\/canonm5.com\\\/wp-content\\\/uploads\\\/2023\\\/03\\\/cizalla-palanca-dahle-534-a3-00534-21249.jpg\",\"contentUrl\":\"https:\\\/\\\/canonm5.com\\\/wp-content\\\/uploads\\\/2023\\\/03\\\/cizalla-palanca-dahle-534-a3-00534-21249.jpg\",\"width\":239,\"height\":239},{\"@type\":\"BreadcrumbList\",\"@id\":\"https:\\\/\\\/canonm5.com\\\/index.php\\\/producto\\\/cizalla-de-palanca-dahle-534\\\/#breadcrumb\",\"itemListElement\":[{\"@type\":\"ListItem\",\"position\":1,\"name\":\"Portada\",\"item\":\"https:\\\/\\\/canonm5.com\\\/\"},{\"@type\":\"ListItem\",\"position\":2,\"name\":\"Nuestros productos\",\"item\":\"https:\\\/\\\/canonm5.com\\\/index.php\\\/productos\\\/\"},{\"@type\":\"ListItem\",\"position\":3,\"name\":\"CIZALLA DE PALANCA DAHLE 534\"}]},{\"@type\":\"WebSite\",\"@id\":\"https:\\\/\\\/canonm5.com\\\/#website\",\"url\":\"https:\\\/\\\/canonm5.com\\\/\",\"name\":\"Canon M5 Madrid | Distribuidor oficial Canon\",\"description\":\"Renting de impresoras para empresas\",\"potentialAction\":[{\"@type\":\"SearchAction\",\"target\":{\"@type\":\"EntryPoint\",\"urlTemplate\":\"https:\\\/\\\/canonm5.com\\\/?s={search_term_string}\"},\"query-input\":{\"@type\":\"PropertyValueSpecification\",\"valueRequired\":true,\"valueName\":\"search_term_string\"}}],\"inLanguage\":\"es\"}]}<\/script>\n<!-- \/ Yoast SEO plugin. -->","yoast_head_json":{"title":"CIZALLA DE PALANCA DAHLE 534 - Canon M5 Madrid | Distribuidor oficial Canon","description":"Cizalla de palanca para cortes precisos de hasta A3, ideal para ocio y uso b\u00e1sico. S\u00f3lida mesa de metal con esquinas redondeadas y pies de goma antideslizantes para una posici\u00f3n segura. L\u00edneas de formato con divisiones en mm a lo largo del borde de corte de la mesa, que facilitan la alineaci\u00f3n del objeto a cortar. Mango ergon\u00f3mico, cuchilla superior e inferior de acero de Solingen rectificada y endurecida. Prensado manual para la fijaci\u00f3n del material. Dos topes angulares con escala en mm para un corte exacto de 90\u00ba. Tope posterior regulable para la detecci\u00f3n r\u00e1pida del formato, aplicable en ambos topes angulares. Capacidad de corte: 15 hojas de 80gr. Longitud de corte: 460mm. Dimensiones exteriores de la mesa: 56,9x28,5cm.","robots":{"index":"index","follow":"follow","max-snippet":"max-snippet:-1","max-image-preview":"max-image-preview:large","max-video-preview":"max-video-preview:-1"},"canonical":"https:\/\/canonm5.com\/index.php\/producto\/cizalla-de-palanca-dahle-534\/","og_locale":"es_ES","og_type":"article","og_title":"CIZALLA DE PALANCA DAHLE 534 - Canon M5 Madrid | Distribuidor oficial Canon","og_description":"Cizalla de palanca para cortes precisos de hasta A3, ideal para ocio y uso b\u00e1sico. S\u00f3lida mesa de metal con esquinas redondeadas y pies de goma antideslizantes para una posici\u00f3n segura. L\u00edneas de formato con divisiones en mm a lo largo del borde de corte de la mesa, que facilitan la alineaci\u00f3n del objeto a cortar. Mango ergon\u00f3mico, cuchilla superior e inferior de acero de Solingen rectificada y endurecida. Prensado manual para la fijaci\u00f3n del material. Dos topes angulares con escala en mm para un corte exacto de 90\u00ba. Tope posterior regulable para la detecci\u00f3n r\u00e1pida del formato, aplicable en ambos topes angulares. Capacidad de corte: 15 hojas de 80gr. Longitud de corte: 460mm. Dimensiones exteriores de la mesa: 56,9x28,5cm.","og_url":"https:\/\/canonm5.com\/index.php\/producto\/cizalla-de-palanca-dahle-534\/","og_site_name":"Canon M5 Madrid | Distribuidor oficial Canon","article_modified_time":"2023-03-27T14:17:13+00:00","og_image":[{"width":239,"height":239,"url":"https:\/\/canonm5.com\/wp-content\/uploads\/2023\/03\/cizalla-palanca-dahle-534-a3-00534-21249.jpg","type":"image\/jpeg"}],"twitter_card":"summary_large_image","schema":{"@context":"https:\/\/schema.org","@graph":[{"@type":"WebPage","@id":"https:\/\/canonm5.com\/index.php\/producto\/cizalla-de-palanca-dahle-534\/","url":"https:\/\/canonm5.com\/index.php\/producto\/cizalla-de-palanca-dahle-534\/","name":"CIZALLA DE PALANCA DAHLE 534 - Canon M5 Madrid | Distribuidor oficial Canon","isPartOf":{"@id":"https:\/\/canonm5.com\/#website"},"primaryImageOfPage":{"@id":"https:\/\/canonm5.com\/index.php\/producto\/cizalla-de-palanca-dahle-534\/#primaryimage"},"image":{"@id":"https:\/\/canonm5.com\/index.php\/producto\/cizalla-de-palanca-dahle-534\/#primaryimage"},"thumbnailUrl":"https:\/\/canonm5.com\/wp-content\/uploads\/2023\/03\/cizalla-palanca-dahle-534-a3-00534-21249.jpg","datePublished":"2023-03-22T15:03:55+00:00","dateModified":"2023-03-27T14:17:13+00:00","description":"Cizalla de palanca para cortes precisos de hasta A3, ideal para ocio y uso b\u00e1sico. S\u00f3lida mesa de metal con esquinas redondeadas y pies de goma antideslizantes para una posici\u00f3n segura. L\u00edneas de formato con divisiones en mm a lo largo del borde de corte de la mesa, que facilitan la alineaci\u00f3n del objeto a cortar. Mango ergon\u00f3mico, cuchilla superior e inferior de acero de Solingen rectificada y endurecida. Prensado manual para la fijaci\u00f3n del material. Dos topes angulares con escala en mm para un corte exacto de 90\u00ba. Tope posterior regulable para la detecci\u00f3n r\u00e1pida del formato, aplicable en ambos topes angulares. Capacidad de corte: 15 hojas de 80gr. Longitud de corte: 460mm. Dimensiones exteriores de la mesa: 56,9x28,5cm.","breadcrumb":{"@id":"https:\/\/canonm5.com\/index.php\/producto\/cizalla-de-palanca-dahle-534\/#breadcrumb"},"inLanguage":"es","potentialAction":[{"@type":"ReadAction","target":["https:\/\/canonm5.com\/index.php\/producto\/cizalla-de-palanca-dahle-534\/"]}]},{"@type":"ImageObject","inLanguage":"es","@id":"https:\/\/canonm5.com\/index.php\/producto\/cizalla-de-palanca-dahle-534\/#primaryimage","url":"https:\/\/canonm5.com\/wp-content\/uploads\/2023\/03\/cizalla-palanca-dahle-534-a3-00534-21249.jpg","contentUrl":"https:\/\/canonm5.com\/wp-content\/uploads\/2023\/03\/cizalla-palanca-dahle-534-a3-00534-21249.jpg","width":239,"height":239},{"@type":"BreadcrumbList","@id":"https:\/\/canonm5.com\/index.php\/producto\/cizalla-de-palanca-dahle-534\/#breadcrumb","itemListElement":[{"@type":"ListItem","position":1,"name":"Portada","item":"https:\/\/canonm5.com\/"},{"@type":"ListItem","position":2,"name":"Nuestros productos","item":"https:\/\/canonm5.com\/index.php\/productos\/"},{"@type":"ListItem","position":3,"name":"CIZALLA DE PALANCA DAHLE 534"}]},{"@type":"WebSite","@id":"https:\/\/canonm5.com\/#website","url":"https:\/\/canonm5.com\/","name":"Canon M5 Madrid | Distribuidor oficial Canon","description":"Renting de impresoras para empresas","potentialAction":[{"@type":"SearchAction","target":{"@type":"EntryPoint","urlTemplate":"https:\/\/canonm5.com\/?s={search_term_string}"},"query-input":{"@type":"PropertyValueSpecification","valueRequired":true,"valueName":"search_term_string"}}],"inLanguage":"es"}]}},"_links":{"self":[{"href":"https:\/\/canonm5.com\/index.php\/wp-json\/wp\/v2\/product\/6930","targetHints":{"allow":["GET"]}}],"collection":[{"href":"https:\/\/canonm5.com\/index.php\/wp-json\/wp\/v2\/product"}],"about":[{"href":"https:\/\/canonm5.com\/index.php\/wp-json\/wp\/v2\/types\/product"}],"wp:featuredmedia":[{"embeddable":true,"href":"https:\/\/canonm5.com\/index.php\/wp-json\/wp\/v2\/media\/6931"}],"wp:attachment":[{"href":"https:\/\/canonm5.com\/index.php\/wp-json\/wp\/v2\/media?parent=6930"}],"wp:term":[{"taxonomy":"product_cat","embeddable":true,"href":"https:\/\/canonm5.com\/index.php\/wp-json\/wp\/v2\/product_cat?post=6930"},{"taxonomy":"product_tag","embeddable":true,"href":"https:\/\/canonm5.com\/index.php\/wp-json\/wp\/v2\/product_tag?post=6930"}],"curies":[{"name":"wp","href":"https:\/\/api.w.org\/{rel}","templated":true}]}}