{"id":6915,"date":"2023-03-22T14:45:45","date_gmt":"2023-03-22T14:45:45","guid":{"rendered":"https:\/\/canonm5.com\/?post_type=product&#038;p=6915"},"modified":"2023-03-27T14:10:37","modified_gmt":"2023-03-27T14:10:37","slug":"cizalla-de-rodillo-fellowes-neutron-a4","status":"publish","type":"product","link":"https:\/\/canonm5.com\/index.php\/producto\/cizalla-de-rodillo-fellowes-neutron-a4\/","title":{"rendered":"CIZALLA DE RODILLO FELLOWES NEUTRON A4"},"content":{"rendered":"<p>&#8211; Cizalla de rodillo para uso ocasional<br \/>\n&#8211; Mecanismo de seguridad SafeCut\u2122<br \/>\n&#8211; Departamento en la base para guardar las cuchillas de repuesto<br \/>\n&#8211; Barra compresora de papel<br \/>\n&#8211; Gu\u00edas de corte para diferentes tama\u00f1os<br \/>\n&#8211; Capacidad de corte: 10 hojas en formato A4 de 80gr.<br \/>\n&#8211; Dimensiones: 47,50&#215;22,50x8cm.<\/p>\n<p>&nbsp;<\/p>\n<p><em>E.O. Madrid Cinco S.L., no se responsabiliza de posibles errores tipogr\u00e1ficos y de precio. Las fotograf\u00edas de los productos pueden sufrir cambios<\/em><\/p>\n","protected":false},"excerpt":{"rendered":"<p>&#8211; Cizalla de rodillo para uso ocasional<br \/>\n&#8211; Mecanismo de seguridad SafeCut\u2122<br \/>\n&#8211; Departamento en la base para guardar las cuchillas de repuesto<br \/>\n&#8211; Barra compresora de papel<br \/>\n&#8211; Gu\u00edas de corte para diferentes tama\u00f1os<br \/>\n&#8211; Capacidad de corte: 10 hojas en formato A4 de 80gr.<br \/>\n&#8211; Dimensiones: 47,50&#215;22,50x8cm.<\/p>\n","protected":false},"featured_media":6917,"template":"","meta":{"_et_pb_use_builder":"","_et_pb_old_content":"","_et_gb_content_width":"","_joinchat":[]},"product_cat":[830,997],"product_tag":[201,2292,1563,2295],"class_list":{"0":"post-6915","1":"product","2":"type-product","3":"status-publish","4":"has-post-thumbnail","6":"product_cat-maquinas-de-oficina","7":"product_cat-plastificadoras-y-encuadernadoras","8":"product_tag-a4","9":"product_tag-cizalla","10":"product_tag-fellowes","11":"product_tag-neutron","13":"first","14":"instock","15":"taxable","16":"shipping-taxable","17":"purchasable","18":"product-type-simple"},"yoast_head":"<!-- This site is optimized with the Yoast SEO plugin v27.4 - https:\/\/yoast.com\/product\/yoast-seo-wordpress\/ -->\n<title>CIZALLA DE RODILLO FELLOWES NEUTRON A4 - Canon M5 Madrid | Distribuidor oficial Canon<\/title>\n<meta name=\"description\" content=\"Cizalla de rodillo para uso ocasional. Con mecanismo de seguridad SafeCut\u2122, que mantiene la cuchilla de acero en el cabezal y no emerge hasta el momento de realizar el corte. Departamento integrado en la base para guardar las cuchillas de repuesto. Barra compresora de papel transparente y ajustable que garantiza un corte m\u00e1s preciso. Gu\u00edas de corte para diferentes tama\u00f1os DIN, fotos y radio para cortes en \u00e1ngulo. Capacidad de corte: 10 hojas en formato A4 de 80gr. Dimensiones: 47,50x22,50x8cm.\" \/>\n<meta name=\"robots\" content=\"index, follow, max-snippet:-1, max-image-preview:large, max-video-preview:-1\" \/>\n<link rel=\"canonical\" href=\"https:\/\/canonm5.com\/index.php\/producto\/cizalla-de-rodillo-fellowes-neutron-a4\/\" \/>\n<meta property=\"og:locale\" content=\"es_ES\" \/>\n<meta property=\"og:type\" content=\"article\" \/>\n<meta property=\"og:title\" content=\"CIZALLA DE RODILLO FELLOWES NEUTRON A4 - Canon M5 Madrid | Distribuidor oficial Canon\" \/>\n<meta property=\"og:description\" content=\"Cizalla de rodillo para uso ocasional. Con mecanismo de seguridad SafeCut\u2122, que mantiene la cuchilla de acero en el cabezal y no emerge hasta el momento de realizar el corte. Departamento integrado en la base para guardar las cuchillas de repuesto. Barra compresora de papel transparente y ajustable que garantiza un corte m\u00e1s preciso. Gu\u00edas de corte para diferentes tama\u00f1os DIN, fotos y radio para cortes en \u00e1ngulo. Capacidad de corte: 10 hojas en formato A4 de 80gr. Dimensiones: 47,50x22,50x8cm.\" \/>\n<meta property=\"og:url\" content=\"https:\/\/canonm5.com\/index.php\/producto\/cizalla-de-rodillo-fellowes-neutron-a4\/\" \/>\n<meta property=\"og:site_name\" content=\"Canon M5 Madrid | Distribuidor oficial Canon\" \/>\n<meta property=\"article:modified_time\" content=\"2023-03-27T14:10:37+00:00\" \/>\n<meta property=\"og:image\" content=\"https:\/\/canonm5.com\/wp-content\/uploads\/2023\/03\/cizalla-rodillo-fellowes-neutron-a4.jpg\" \/>\n\t<meta property=\"og:image:width\" content=\"239\" \/>\n\t<meta property=\"og:image:height\" content=\"239\" \/>\n\t<meta property=\"og:image:type\" content=\"image\/jpeg\" \/>\n<meta name=\"twitter:card\" content=\"summary_large_image\" \/>\n<script type=\"application\/ld+json\" class=\"yoast-schema-graph\">{\"@context\":\"https:\\\/\\\/schema.org\",\"@graph\":[{\"@type\":\"WebPage\",\"@id\":\"https:\\\/\\\/canonm5.com\\\/index.php\\\/producto\\\/cizalla-de-rodillo-fellowes-neutron-a4\\\/\",\"url\":\"https:\\\/\\\/canonm5.com\\\/index.php\\\/producto\\\/cizalla-de-rodillo-fellowes-neutron-a4\\\/\",\"name\":\"CIZALLA DE RODILLO FELLOWES NEUTRON A4 - Canon M5 Madrid | Distribuidor oficial Canon\",\"isPartOf\":{\"@id\":\"https:\\\/\\\/canonm5.com\\\/#website\"},\"primaryImageOfPage\":{\"@id\":\"https:\\\/\\\/canonm5.com\\\/index.php\\\/producto\\\/cizalla-de-rodillo-fellowes-neutron-a4\\\/#primaryimage\"},\"image\":{\"@id\":\"https:\\\/\\\/canonm5.com\\\/index.php\\\/producto\\\/cizalla-de-rodillo-fellowes-neutron-a4\\\/#primaryimage\"},\"thumbnailUrl\":\"https:\\\/\\\/canonm5.com\\\/wp-content\\\/uploads\\\/2023\\\/03\\\/cizalla-rodillo-fellowes-neutron-a4.jpg\",\"datePublished\":\"2023-03-22T14:45:45+00:00\",\"dateModified\":\"2023-03-27T14:10:37+00:00\",\"description\":\"Cizalla de rodillo para uso ocasional. Con mecanismo de seguridad SafeCut\u2122, que mantiene la cuchilla de acero en el cabezal y no emerge hasta el momento de realizar el corte. Departamento integrado en la base para guardar las cuchillas de repuesto. Barra compresora de papel transparente y ajustable que garantiza un corte m\u00e1s preciso. Gu\u00edas de corte para diferentes tama\u00f1os DIN, fotos y radio para cortes en \u00e1ngulo. Capacidad de corte: 10 hojas en formato A4 de 80gr. Dimensiones: 47,50x22,50x8cm.\",\"breadcrumb\":{\"@id\":\"https:\\\/\\\/canonm5.com\\\/index.php\\\/producto\\\/cizalla-de-rodillo-fellowes-neutron-a4\\\/#breadcrumb\"},\"inLanguage\":\"es\",\"potentialAction\":[{\"@type\":\"ReadAction\",\"target\":[\"https:\\\/\\\/canonm5.com\\\/index.php\\\/producto\\\/cizalla-de-rodillo-fellowes-neutron-a4\\\/\"]}]},{\"@type\":\"ImageObject\",\"inLanguage\":\"es\",\"@id\":\"https:\\\/\\\/canonm5.com\\\/index.php\\\/producto\\\/cizalla-de-rodillo-fellowes-neutron-a4\\\/#primaryimage\",\"url\":\"https:\\\/\\\/canonm5.com\\\/wp-content\\\/uploads\\\/2023\\\/03\\\/cizalla-rodillo-fellowes-neutron-a4.jpg\",\"contentUrl\":\"https:\\\/\\\/canonm5.com\\\/wp-content\\\/uploads\\\/2023\\\/03\\\/cizalla-rodillo-fellowes-neutron-a4.jpg\",\"width\":239,\"height\":239},{\"@type\":\"BreadcrumbList\",\"@id\":\"https:\\\/\\\/canonm5.com\\\/index.php\\\/producto\\\/cizalla-de-rodillo-fellowes-neutron-a4\\\/#breadcrumb\",\"itemListElement\":[{\"@type\":\"ListItem\",\"position\":1,\"name\":\"Portada\",\"item\":\"https:\\\/\\\/canonm5.com\\\/\"},{\"@type\":\"ListItem\",\"position\":2,\"name\":\"Nuestros productos\",\"item\":\"https:\\\/\\\/canonm5.com\\\/index.php\\\/productos\\\/\"},{\"@type\":\"ListItem\",\"position\":3,\"name\":\"CIZALLA DE RODILLO FELLOWES NEUTRON A4\"}]},{\"@type\":\"WebSite\",\"@id\":\"https:\\\/\\\/canonm5.com\\\/#website\",\"url\":\"https:\\\/\\\/canonm5.com\\\/\",\"name\":\"Canon M5 Madrid | Distribuidor oficial Canon\",\"description\":\"Renting de impresoras para empresas\",\"potentialAction\":[{\"@type\":\"SearchAction\",\"target\":{\"@type\":\"EntryPoint\",\"urlTemplate\":\"https:\\\/\\\/canonm5.com\\\/?s={search_term_string}\"},\"query-input\":{\"@type\":\"PropertyValueSpecification\",\"valueRequired\":true,\"valueName\":\"search_term_string\"}}],\"inLanguage\":\"es\"}]}<\/script>\n<!-- \/ Yoast SEO plugin. -->","yoast_head_json":{"title":"CIZALLA DE RODILLO FELLOWES NEUTRON A4 - Canon M5 Madrid | Distribuidor oficial Canon","description":"Cizalla de rodillo para uso ocasional. Con mecanismo de seguridad SafeCut\u2122, que mantiene la cuchilla de acero en el cabezal y no emerge hasta el momento de realizar el corte. Departamento integrado en la base para guardar las cuchillas de repuesto. Barra compresora de papel transparente y ajustable que garantiza un corte m\u00e1s preciso. Gu\u00edas de corte para diferentes tama\u00f1os DIN, fotos y radio para cortes en \u00e1ngulo. Capacidad de corte: 10 hojas en formato A4 de 80gr. Dimensiones: 47,50x22,50x8cm.","robots":{"index":"index","follow":"follow","max-snippet":"max-snippet:-1","max-image-preview":"max-image-preview:large","max-video-preview":"max-video-preview:-1"},"canonical":"https:\/\/canonm5.com\/index.php\/producto\/cizalla-de-rodillo-fellowes-neutron-a4\/","og_locale":"es_ES","og_type":"article","og_title":"CIZALLA DE RODILLO FELLOWES NEUTRON A4 - Canon M5 Madrid | Distribuidor oficial Canon","og_description":"Cizalla de rodillo para uso ocasional. Con mecanismo de seguridad SafeCut\u2122, que mantiene la cuchilla de acero en el cabezal y no emerge hasta el momento de realizar el corte. Departamento integrado en la base para guardar las cuchillas de repuesto. Barra compresora de papel transparente y ajustable que garantiza un corte m\u00e1s preciso. Gu\u00edas de corte para diferentes tama\u00f1os DIN, fotos y radio para cortes en \u00e1ngulo. Capacidad de corte: 10 hojas en formato A4 de 80gr. Dimensiones: 47,50x22,50x8cm.","og_url":"https:\/\/canonm5.com\/index.php\/producto\/cizalla-de-rodillo-fellowes-neutron-a4\/","og_site_name":"Canon M5 Madrid | Distribuidor oficial Canon","article_modified_time":"2023-03-27T14:10:37+00:00","og_image":[{"width":239,"height":239,"url":"https:\/\/canonm5.com\/wp-content\/uploads\/2023\/03\/cizalla-rodillo-fellowes-neutron-a4.jpg","type":"image\/jpeg"}],"twitter_card":"summary_large_image","schema":{"@context":"https:\/\/schema.org","@graph":[{"@type":"WebPage","@id":"https:\/\/canonm5.com\/index.php\/producto\/cizalla-de-rodillo-fellowes-neutron-a4\/","url":"https:\/\/canonm5.com\/index.php\/producto\/cizalla-de-rodillo-fellowes-neutron-a4\/","name":"CIZALLA DE RODILLO FELLOWES NEUTRON A4 - Canon M5 Madrid | Distribuidor oficial Canon","isPartOf":{"@id":"https:\/\/canonm5.com\/#website"},"primaryImageOfPage":{"@id":"https:\/\/canonm5.com\/index.php\/producto\/cizalla-de-rodillo-fellowes-neutron-a4\/#primaryimage"},"image":{"@id":"https:\/\/canonm5.com\/index.php\/producto\/cizalla-de-rodillo-fellowes-neutron-a4\/#primaryimage"},"thumbnailUrl":"https:\/\/canonm5.com\/wp-content\/uploads\/2023\/03\/cizalla-rodillo-fellowes-neutron-a4.jpg","datePublished":"2023-03-22T14:45:45+00:00","dateModified":"2023-03-27T14:10:37+00:00","description":"Cizalla de rodillo para uso ocasional. Con mecanismo de seguridad SafeCut\u2122, que mantiene la cuchilla de acero en el cabezal y no emerge hasta el momento de realizar el corte. Departamento integrado en la base para guardar las cuchillas de repuesto. Barra compresora de papel transparente y ajustable que garantiza un corte m\u00e1s preciso. Gu\u00edas de corte para diferentes tama\u00f1os DIN, fotos y radio para cortes en \u00e1ngulo. Capacidad de corte: 10 hojas en formato A4 de 80gr. Dimensiones: 47,50x22,50x8cm.","breadcrumb":{"@id":"https:\/\/canonm5.com\/index.php\/producto\/cizalla-de-rodillo-fellowes-neutron-a4\/#breadcrumb"},"inLanguage":"es","potentialAction":[{"@type":"ReadAction","target":["https:\/\/canonm5.com\/index.php\/producto\/cizalla-de-rodillo-fellowes-neutron-a4\/"]}]},{"@type":"ImageObject","inLanguage":"es","@id":"https:\/\/canonm5.com\/index.php\/producto\/cizalla-de-rodillo-fellowes-neutron-a4\/#primaryimage","url":"https:\/\/canonm5.com\/wp-content\/uploads\/2023\/03\/cizalla-rodillo-fellowes-neutron-a4.jpg","contentUrl":"https:\/\/canonm5.com\/wp-content\/uploads\/2023\/03\/cizalla-rodillo-fellowes-neutron-a4.jpg","width":239,"height":239},{"@type":"BreadcrumbList","@id":"https:\/\/canonm5.com\/index.php\/producto\/cizalla-de-rodillo-fellowes-neutron-a4\/#breadcrumb","itemListElement":[{"@type":"ListItem","position":1,"name":"Portada","item":"https:\/\/canonm5.com\/"},{"@type":"ListItem","position":2,"name":"Nuestros productos","item":"https:\/\/canonm5.com\/index.php\/productos\/"},{"@type":"ListItem","position":3,"name":"CIZALLA DE RODILLO FELLOWES NEUTRON A4"}]},{"@type":"WebSite","@id":"https:\/\/canonm5.com\/#website","url":"https:\/\/canonm5.com\/","name":"Canon M5 Madrid | Distribuidor oficial Canon","description":"Renting de impresoras para empresas","potentialAction":[{"@type":"SearchAction","target":{"@type":"EntryPoint","urlTemplate":"https:\/\/canonm5.com\/?s={search_term_string}"},"query-input":{"@type":"PropertyValueSpecification","valueRequired":true,"valueName":"search_term_string"}}],"inLanguage":"es"}]}},"_links":{"self":[{"href":"https:\/\/canonm5.com\/index.php\/wp-json\/wp\/v2\/product\/6915","targetHints":{"allow":["GET"]}}],"collection":[{"href":"https:\/\/canonm5.com\/index.php\/wp-json\/wp\/v2\/product"}],"about":[{"href":"https:\/\/canonm5.com\/index.php\/wp-json\/wp\/v2\/types\/product"}],"wp:featuredmedia":[{"embeddable":true,"href":"https:\/\/canonm5.com\/index.php\/wp-json\/wp\/v2\/media\/6917"}],"wp:attachment":[{"href":"https:\/\/canonm5.com\/index.php\/wp-json\/wp\/v2\/media?parent=6915"}],"wp:term":[{"taxonomy":"product_cat","embeddable":true,"href":"https:\/\/canonm5.com\/index.php\/wp-json\/wp\/v2\/product_cat?post=6915"},{"taxonomy":"product_tag","embeddable":true,"href":"https:\/\/canonm5.com\/index.php\/wp-json\/wp\/v2\/product_tag?post=6915"}],"curies":[{"name":"wp","href":"https:\/\/api.w.org\/{rel}","templated":true}]}}