{"id":6892,"date":"2023-03-21T15:17:16","date_gmt":"2023-03-21T15:17:16","guid":{"rendered":"https:\/\/canonm5.com\/?post_type=product&#038;p=6892"},"modified":"2025-04-14T07:53:35","modified_gmt":"2025-04-14T07:53:35","slug":"destructora-automatica-fellowes-automax-600m","status":"publish","type":"product","link":"https:\/\/canonm5.com\/index.php\/producto\/destructora-automatica-fellowes-automax-600m\/","title":{"rendered":"DESTRUCTORA AUTOM\u00c1TICA FELLOWES AUTOMAX\u2122 600M"},"content":{"rendered":"<p>&#8211; Alta seguridad en la destrucci\u00f3n<br \/>\n&#8211; Destruye hasta 600 hojas en microcortes de 2x12mm<br \/>\n&#8211; Nivel de Seguridad P-5<br \/>\n&#8211; Papelera de 83 litros<br \/>\n&#8211; Tecnolog\u00eda SafeSense de parada autom\u00e1tica<br \/>\n&#8211; Ideal para uso frecuente<br \/>\n&#8211; Alimentaci\u00f3n autom\u00e1tica<\/p>\n<p>BAJO PEDIDO<\/p>\n<p>&nbsp;<\/p>\n<p><em>E.O. Madrid Cinco S.L., no se responsabiliza de posibles errores tipogr\u00e1ficos y de precio. Las fotograf\u00edas de los productos pueden sufrir cambios<\/em><\/p>\n","protected":false},"excerpt":{"rendered":"<p>&#8211; Alta seguridad en la destrucci\u00f3n<br \/>\n&#8211; Destruye hasta 600 hojas en microcortes de 2x12mm<br \/>\n&#8211; Nivel de Seguridad P-5<br \/>\n&#8211; Papelera de 83 litros<br \/>\n&#8211; Tecnolog\u00eda SafeSense de parada autom\u00e1tica<br \/>\n&#8211; Ideal para uso frecuente<br \/>\n&#8211; Alimentaci\u00f3n autom\u00e1tica<\/p>\n<p>BAJO PEDIDO<\/p>\n","protected":false},"featured_media":6895,"template":"","meta":{"_et_pb_use_builder":"","_et_pb_old_content":"","_et_gb_content_width":"","_joinchat":[]},"product_cat":[1233,830],"product_tag":[2282,1566,1570,834,1563],"class_list":{"0":"post-6892","1":"product","2":"type-product","3":"status-publish","4":"has-post-thumbnail","6":"product_cat-destructoras","7":"product_cat-maquinas-de-oficina","8":"product_tag-600m","9":"product_tag-automatica","10":"product_tag-automax","11":"product_tag-destructora","12":"product_tag-fellowes","14":"first","15":"instock","16":"taxable","17":"shipping-taxable","18":"purchasable","19":"product-type-simple"},"yoast_head":"<!-- This site is optimized with the Yoast SEO plugin v27.4 - https:\/\/yoast.com\/product\/yoast-seo-wordpress\/ -->\n<title>DESTRUCTORA AUTOM\u00c1TICA FELLOWES AUTOMAX\u2122 600M - Canon M5 Madrid | Distribuidor oficial Canon<\/title>\n<meta name=\"description\" content=\"Destructora autom\u00e1tica de documentos para entornos de oficina con m\u00e1s de 10 usuarios. Destruye hasta 600 hojas autom\u00e1ticamente y 14 hojas manualmente en microcorte de 2x12mm (Nivel de Seguridad P-5). La funci\u00f3n de Bloqueo Inteligente bloquea la bandeja de alimentaci\u00f3n del papel, para prevenir que se acceda a la informaci\u00f3n mientras dure el proceso de destrucci\u00f3n. Ciclo de trabajo continuo, destruye una carga de papel de 600 hojas en aproximadamente 15 minutos. Papelera de 83 litros y ancho de entrada de 23cm. Destruye grapas, tarjetas de cr\u00e9dito y CD&#039;s. Garant\u00eda de 2 a\u00f1os para la m\u00e1quina y 7 a\u00f1os de garant\u00eda para las cuchillas. Dimensiones 89x44,10x57,90cm.\" \/>\n<meta name=\"robots\" content=\"index, follow, max-snippet:-1, max-image-preview:large, max-video-preview:-1\" \/>\n<link rel=\"canonical\" href=\"https:\/\/canonm5.com\/index.php\/producto\/destructora-automatica-fellowes-automax-600m\/\" \/>\n<meta property=\"og:locale\" content=\"es_ES\" \/>\n<meta property=\"og:type\" content=\"article\" \/>\n<meta property=\"og:title\" content=\"DESTRUCTORA AUTOM\u00c1TICA FELLOWES AUTOMAX\u2122 600M - Canon M5 Madrid | Distribuidor oficial Canon\" \/>\n<meta property=\"og:description\" content=\"Destructora autom\u00e1tica de documentos para entornos de oficina con m\u00e1s de 10 usuarios. Destruye hasta 600 hojas autom\u00e1ticamente y 14 hojas manualmente en microcorte de 2x12mm (Nivel de Seguridad P-5). La funci\u00f3n de Bloqueo Inteligente bloquea la bandeja de alimentaci\u00f3n del papel, para prevenir que se acceda a la informaci\u00f3n mientras dure el proceso de destrucci\u00f3n. Ciclo de trabajo continuo, destruye una carga de papel de 600 hojas en aproximadamente 15 minutos. Papelera de 83 litros y ancho de entrada de 23cm. Destruye grapas, tarjetas de cr\u00e9dito y CD&#039;s. Garant\u00eda de 2 a\u00f1os para la m\u00e1quina y 7 a\u00f1os de garant\u00eda para las cuchillas. Dimensiones 89x44,10x57,90cm.\" \/>\n<meta property=\"og:url\" content=\"https:\/\/canonm5.com\/index.php\/producto\/destructora-automatica-fellowes-automax-600m\/\" \/>\n<meta property=\"og:site_name\" content=\"Canon M5 Madrid | Distribuidor oficial Canon\" \/>\n<meta property=\"article:modified_time\" content=\"2025-04-14T07:53:35+00:00\" \/>\n<meta property=\"og:image\" content=\"https:\/\/canonm5.com\/wp-content\/uploads\/2023\/03\/destructora-automatica-fellowes-automax-600m-3.jpg\" \/>\n\t<meta property=\"og:image:width\" content=\"239\" \/>\n\t<meta property=\"og:image:height\" content=\"239\" \/>\n\t<meta property=\"og:image:type\" content=\"image\/jpeg\" \/>\n<meta name=\"twitter:card\" content=\"summary_large_image\" \/>\n<meta name=\"twitter:label1\" content=\"Tiempo de lectura\" \/>\n\t<meta name=\"twitter:data1\" content=\"1 minuto\" \/>\n<script type=\"application\/ld+json\" class=\"yoast-schema-graph\">{\"@context\":\"https:\\\/\\\/schema.org\",\"@graph\":[{\"@type\":\"WebPage\",\"@id\":\"https:\\\/\\\/canonm5.com\\\/index.php\\\/producto\\\/destructora-automatica-fellowes-automax-600m\\\/\",\"url\":\"https:\\\/\\\/canonm5.com\\\/index.php\\\/producto\\\/destructora-automatica-fellowes-automax-600m\\\/\",\"name\":\"DESTRUCTORA AUTOM\u00c1TICA FELLOWES AUTOMAX\u2122 600M - Canon M5 Madrid | Distribuidor oficial Canon\",\"isPartOf\":{\"@id\":\"https:\\\/\\\/canonm5.com\\\/#website\"},\"primaryImageOfPage\":{\"@id\":\"https:\\\/\\\/canonm5.com\\\/index.php\\\/producto\\\/destructora-automatica-fellowes-automax-600m\\\/#primaryimage\"},\"image\":{\"@id\":\"https:\\\/\\\/canonm5.com\\\/index.php\\\/producto\\\/destructora-automatica-fellowes-automax-600m\\\/#primaryimage\"},\"thumbnailUrl\":\"https:\\\/\\\/canonm5.com\\\/wp-content\\\/uploads\\\/2023\\\/03\\\/destructora-automatica-fellowes-automax-600m-3.jpg\",\"datePublished\":\"2023-03-21T15:17:16+00:00\",\"dateModified\":\"2025-04-14T07:53:35+00:00\",\"description\":\"Destructora autom\u00e1tica de documentos para entornos de oficina con m\u00e1s de 10 usuarios. Destruye hasta 600 hojas autom\u00e1ticamente y 14 hojas manualmente en microcorte de 2x12mm (Nivel de Seguridad P-5). La funci\u00f3n de Bloqueo Inteligente bloquea la bandeja de alimentaci\u00f3n del papel, para prevenir que se acceda a la informaci\u00f3n mientras dure el proceso de destrucci\u00f3n. Ciclo de trabajo continuo, destruye una carga de papel de 600 hojas en aproximadamente 15 minutos. Papelera de 83 litros y ancho de entrada de 23cm. Destruye grapas, tarjetas de cr\u00e9dito y CD's. Garant\u00eda de 2 a\u00f1os para la m\u00e1quina y 7 a\u00f1os de garant\u00eda para las cuchillas. Dimensiones 89x44,10x57,90cm.\",\"breadcrumb\":{\"@id\":\"https:\\\/\\\/canonm5.com\\\/index.php\\\/producto\\\/destructora-automatica-fellowes-automax-600m\\\/#breadcrumb\"},\"inLanguage\":\"es\",\"potentialAction\":[{\"@type\":\"ReadAction\",\"target\":[\"https:\\\/\\\/canonm5.com\\\/index.php\\\/producto\\\/destructora-automatica-fellowes-automax-600m\\\/\"]}]},{\"@type\":\"ImageObject\",\"inLanguage\":\"es\",\"@id\":\"https:\\\/\\\/canonm5.com\\\/index.php\\\/producto\\\/destructora-automatica-fellowes-automax-600m\\\/#primaryimage\",\"url\":\"https:\\\/\\\/canonm5.com\\\/wp-content\\\/uploads\\\/2023\\\/03\\\/destructora-automatica-fellowes-automax-600m-3.jpg\",\"contentUrl\":\"https:\\\/\\\/canonm5.com\\\/wp-content\\\/uploads\\\/2023\\\/03\\\/destructora-automatica-fellowes-automax-600m-3.jpg\",\"width\":239,\"height\":239},{\"@type\":\"BreadcrumbList\",\"@id\":\"https:\\\/\\\/canonm5.com\\\/index.php\\\/producto\\\/destructora-automatica-fellowes-automax-600m\\\/#breadcrumb\",\"itemListElement\":[{\"@type\":\"ListItem\",\"position\":1,\"name\":\"Portada\",\"item\":\"https:\\\/\\\/canonm5.com\\\/\"},{\"@type\":\"ListItem\",\"position\":2,\"name\":\"Nuestros productos\",\"item\":\"https:\\\/\\\/canonm5.com\\\/index.php\\\/productos\\\/\"},{\"@type\":\"ListItem\",\"position\":3,\"name\":\"DESTRUCTORA AUTOM\u00c1TICA FELLOWES AUTOMAX\u2122 600M\"}]},{\"@type\":\"WebSite\",\"@id\":\"https:\\\/\\\/canonm5.com\\\/#website\",\"url\":\"https:\\\/\\\/canonm5.com\\\/\",\"name\":\"Canon M5 Madrid | Distribuidor oficial Canon\",\"description\":\"Renting de impresoras para empresas\",\"potentialAction\":[{\"@type\":\"SearchAction\",\"target\":{\"@type\":\"EntryPoint\",\"urlTemplate\":\"https:\\\/\\\/canonm5.com\\\/?s={search_term_string}\"},\"query-input\":{\"@type\":\"PropertyValueSpecification\",\"valueRequired\":true,\"valueName\":\"search_term_string\"}}],\"inLanguage\":\"es\"}]}<\/script>\n<!-- \/ Yoast SEO plugin. -->","yoast_head_json":{"title":"DESTRUCTORA AUTOM\u00c1TICA FELLOWES AUTOMAX\u2122 600M - Canon M5 Madrid | Distribuidor oficial Canon","description":"Destructora autom\u00e1tica de documentos para entornos de oficina con m\u00e1s de 10 usuarios. Destruye hasta 600 hojas autom\u00e1ticamente y 14 hojas manualmente en microcorte de 2x12mm (Nivel de Seguridad P-5). La funci\u00f3n de Bloqueo Inteligente bloquea la bandeja de alimentaci\u00f3n del papel, para prevenir que se acceda a la informaci\u00f3n mientras dure el proceso de destrucci\u00f3n. Ciclo de trabajo continuo, destruye una carga de papel de 600 hojas en aproximadamente 15 minutos. Papelera de 83 litros y ancho de entrada de 23cm. Destruye grapas, tarjetas de cr\u00e9dito y CD's. Garant\u00eda de 2 a\u00f1os para la m\u00e1quina y 7 a\u00f1os de garant\u00eda para las cuchillas. Dimensiones 89x44,10x57,90cm.","robots":{"index":"index","follow":"follow","max-snippet":"max-snippet:-1","max-image-preview":"max-image-preview:large","max-video-preview":"max-video-preview:-1"},"canonical":"https:\/\/canonm5.com\/index.php\/producto\/destructora-automatica-fellowes-automax-600m\/","og_locale":"es_ES","og_type":"article","og_title":"DESTRUCTORA AUTOM\u00c1TICA FELLOWES AUTOMAX\u2122 600M - Canon M5 Madrid | Distribuidor oficial Canon","og_description":"Destructora autom\u00e1tica de documentos para entornos de oficina con m\u00e1s de 10 usuarios. Destruye hasta 600 hojas autom\u00e1ticamente y 14 hojas manualmente en microcorte de 2x12mm (Nivel de Seguridad P-5). La funci\u00f3n de Bloqueo Inteligente bloquea la bandeja de alimentaci\u00f3n del papel, para prevenir que se acceda a la informaci\u00f3n mientras dure el proceso de destrucci\u00f3n. Ciclo de trabajo continuo, destruye una carga de papel de 600 hojas en aproximadamente 15 minutos. Papelera de 83 litros y ancho de entrada de 23cm. Destruye grapas, tarjetas de cr\u00e9dito y CD's. Garant\u00eda de 2 a\u00f1os para la m\u00e1quina y 7 a\u00f1os de garant\u00eda para las cuchillas. Dimensiones 89x44,10x57,90cm.","og_url":"https:\/\/canonm5.com\/index.php\/producto\/destructora-automatica-fellowes-automax-600m\/","og_site_name":"Canon M5 Madrid | Distribuidor oficial Canon","article_modified_time":"2025-04-14T07:53:35+00:00","og_image":[{"width":239,"height":239,"url":"https:\/\/canonm5.com\/wp-content\/uploads\/2023\/03\/destructora-automatica-fellowes-automax-600m-3.jpg","type":"image\/jpeg"}],"twitter_card":"summary_large_image","twitter_misc":{"Tiempo de lectura":"1 minuto"},"schema":{"@context":"https:\/\/schema.org","@graph":[{"@type":"WebPage","@id":"https:\/\/canonm5.com\/index.php\/producto\/destructora-automatica-fellowes-automax-600m\/","url":"https:\/\/canonm5.com\/index.php\/producto\/destructora-automatica-fellowes-automax-600m\/","name":"DESTRUCTORA AUTOM\u00c1TICA FELLOWES AUTOMAX\u2122 600M - Canon M5 Madrid | Distribuidor oficial Canon","isPartOf":{"@id":"https:\/\/canonm5.com\/#website"},"primaryImageOfPage":{"@id":"https:\/\/canonm5.com\/index.php\/producto\/destructora-automatica-fellowes-automax-600m\/#primaryimage"},"image":{"@id":"https:\/\/canonm5.com\/index.php\/producto\/destructora-automatica-fellowes-automax-600m\/#primaryimage"},"thumbnailUrl":"https:\/\/canonm5.com\/wp-content\/uploads\/2023\/03\/destructora-automatica-fellowes-automax-600m-3.jpg","datePublished":"2023-03-21T15:17:16+00:00","dateModified":"2025-04-14T07:53:35+00:00","description":"Destructora autom\u00e1tica de documentos para entornos de oficina con m\u00e1s de 10 usuarios. Destruye hasta 600 hojas autom\u00e1ticamente y 14 hojas manualmente en microcorte de 2x12mm (Nivel de Seguridad P-5). La funci\u00f3n de Bloqueo Inteligente bloquea la bandeja de alimentaci\u00f3n del papel, para prevenir que se acceda a la informaci\u00f3n mientras dure el proceso de destrucci\u00f3n. Ciclo de trabajo continuo, destruye una carga de papel de 600 hojas en aproximadamente 15 minutos. Papelera de 83 litros y ancho de entrada de 23cm. Destruye grapas, tarjetas de cr\u00e9dito y CD's. Garant\u00eda de 2 a\u00f1os para la m\u00e1quina y 7 a\u00f1os de garant\u00eda para las cuchillas. Dimensiones 89x44,10x57,90cm.","breadcrumb":{"@id":"https:\/\/canonm5.com\/index.php\/producto\/destructora-automatica-fellowes-automax-600m\/#breadcrumb"},"inLanguage":"es","potentialAction":[{"@type":"ReadAction","target":["https:\/\/canonm5.com\/index.php\/producto\/destructora-automatica-fellowes-automax-600m\/"]}]},{"@type":"ImageObject","inLanguage":"es","@id":"https:\/\/canonm5.com\/index.php\/producto\/destructora-automatica-fellowes-automax-600m\/#primaryimage","url":"https:\/\/canonm5.com\/wp-content\/uploads\/2023\/03\/destructora-automatica-fellowes-automax-600m-3.jpg","contentUrl":"https:\/\/canonm5.com\/wp-content\/uploads\/2023\/03\/destructora-automatica-fellowes-automax-600m-3.jpg","width":239,"height":239},{"@type":"BreadcrumbList","@id":"https:\/\/canonm5.com\/index.php\/producto\/destructora-automatica-fellowes-automax-600m\/#breadcrumb","itemListElement":[{"@type":"ListItem","position":1,"name":"Portada","item":"https:\/\/canonm5.com\/"},{"@type":"ListItem","position":2,"name":"Nuestros productos","item":"https:\/\/canonm5.com\/index.php\/productos\/"},{"@type":"ListItem","position":3,"name":"DESTRUCTORA AUTOM\u00c1TICA FELLOWES AUTOMAX\u2122 600M"}]},{"@type":"WebSite","@id":"https:\/\/canonm5.com\/#website","url":"https:\/\/canonm5.com\/","name":"Canon M5 Madrid | Distribuidor oficial Canon","description":"Renting de impresoras para empresas","potentialAction":[{"@type":"SearchAction","target":{"@type":"EntryPoint","urlTemplate":"https:\/\/canonm5.com\/?s={search_term_string}"},"query-input":{"@type":"PropertyValueSpecification","valueRequired":true,"valueName":"search_term_string"}}],"inLanguage":"es"}]}},"_links":{"self":[{"href":"https:\/\/canonm5.com\/index.php\/wp-json\/wp\/v2\/product\/6892","targetHints":{"allow":["GET"]}}],"collection":[{"href":"https:\/\/canonm5.com\/index.php\/wp-json\/wp\/v2\/product"}],"about":[{"href":"https:\/\/canonm5.com\/index.php\/wp-json\/wp\/v2\/types\/product"}],"wp:featuredmedia":[{"embeddable":true,"href":"https:\/\/canonm5.com\/index.php\/wp-json\/wp\/v2\/media\/6895"}],"wp:attachment":[{"href":"https:\/\/canonm5.com\/index.php\/wp-json\/wp\/v2\/media?parent=6892"}],"wp:term":[{"taxonomy":"product_cat","embeddable":true,"href":"https:\/\/canonm5.com\/index.php\/wp-json\/wp\/v2\/product_cat?post=6892"},{"taxonomy":"product_tag","embeddable":true,"href":"https:\/\/canonm5.com\/index.php\/wp-json\/wp\/v2\/product_tag?post=6892"}],"curies":[{"name":"wp","href":"https:\/\/api.w.org\/{rel}","templated":true}]}}