{"id":6797,"date":"2023-03-17T11:33:08","date_gmt":"2023-03-17T11:33:08","guid":{"rendered":"https:\/\/canonm5.com\/?post_type=product&#038;p=6797"},"modified":"2023-03-22T14:44:53","modified_gmt":"2023-03-22T14:44:53","slug":"contadora-de-monedas-ratiotec-coinsorter-cs-50","status":"publish","type":"product","link":"https:\/\/canonm5.com\/index.php\/producto\/contadora-de-monedas-ratiotec-coinsorter-cs-50\/","title":{"rendered":"CONTADORA DE MONEDAS RATIOTEC COINSORTER CS 50"},"content":{"rendered":"<p>&#8211; Contadora autom\u00e1tica de monedas<br \/>\n&#8211; Con rapidez y fiabilidad<br \/>\n&#8211; La pantalla LED muestra el valor y la cantidad de monedas<br \/>\n&#8211; Funci\u00f3n de agrupamiento<br \/>\n&#8211; Funci\u00f3n de impresi\u00f3n<br \/>\n&#8211; Puede contar hasta 200 monedas por minuto<br \/>\n&#8211; Incluye cable de alimentaci\u00f3n y manual de instrucciones<br \/>\n&#8211; Medidas: 33,5x35x27cm<\/p>\n<p>&nbsp;<\/p>\n<p><em>E.O. Madrid Cinco S.L., no se responsabiliza de posibles errores tipogr\u00e1ficos y de precio. Las fotograf\u00edas de los productos pueden sufrir cambios<\/em><\/p>\n","protected":false},"excerpt":{"rendered":"<p>&#8211; Contadora autom\u00e1tica de monedas<br \/>\n&#8211; Con rapidez y fiabilidad<br \/>\n&#8211; La pantalla LED muestra el valor y la cantidad de monedas<br \/>\n&#8211; Funci\u00f3n de agrupamiento<br \/>\n&#8211; Funci\u00f3n de impresi\u00f3n<br \/>\n&#8211; Puede contar hasta 200 monedas por minuto<br \/>\n&#8211; Incluye cable de alimentaci\u00f3n y manual de instrucciones<br \/>\n&#8211; Medidas: 33,5x35x27cm<\/p>\n","protected":false},"featured_media":6799,"template":"","meta":{"_et_pb_use_builder":"","_et_pb_old_content":"","_et_gb_content_width":"","_joinchat":[]},"product_cat":[954,830],"product_tag":[1540,2247,1542,2246],"class_list":{"0":"post-6797","1":"product","2":"type-product","3":"status-publish","4":"has-post-thumbnail","6":"product_cat-maquinas-contadoras-y-detectora-de-billetes-falsos","7":"product_cat-maquinas-de-oficina","8":"product_tag-contadora","9":"product_tag-cs50","10":"product_tag-monedas","11":"product_tag-ratiotec","13":"first","14":"instock","15":"taxable","16":"shipping-taxable","17":"purchasable","18":"product-type-simple"},"yoast_head":"<!-- This site is optimized with the Yoast SEO plugin v27.4 - https:\/\/yoast.com\/product\/yoast-seo-wordpress\/ -->\n<title>CONTADORA DE MONEDAS RATIOTEC COINSORTER CS 50 - Canon M5 Madrid | Distribuidor oficial Canon<\/title>\n<meta name=\"description\" content=\"Contadora autom\u00e1tica de monedas de euro con rapidez y fiabilidad. La clara pantalla LED muestra el valor y la cantidad de monedas contadas. Con la funci\u00f3n de agrupamiento se puede programar las paradas de recuento por cada tipo de moneda. Funci\u00f3n de impresi\u00f3n de los resultados del recuento. Puede contar hasta 200 monedas por minuto. Incluye cable de alimentaci\u00f3n y manual de instrucciones. Medidas: 33,5x35x27cm.\" \/>\n<meta name=\"robots\" content=\"index, follow, max-snippet:-1, max-image-preview:large, max-video-preview:-1\" \/>\n<link rel=\"canonical\" href=\"https:\/\/canonm5.com\/index.php\/producto\/contadora-de-monedas-ratiotec-coinsorter-cs-50\/\" \/>\n<meta property=\"og:locale\" content=\"es_ES\" \/>\n<meta property=\"og:type\" content=\"article\" \/>\n<meta property=\"og:title\" content=\"CONTADORA DE MONEDAS RATIOTEC COINSORTER CS 50 - Canon M5 Madrid | Distribuidor oficial Canon\" \/>\n<meta property=\"og:description\" content=\"Contadora autom\u00e1tica de monedas de euro con rapidez y fiabilidad. La clara pantalla LED muestra el valor y la cantidad de monedas contadas. Con la funci\u00f3n de agrupamiento se puede programar las paradas de recuento por cada tipo de moneda. Funci\u00f3n de impresi\u00f3n de los resultados del recuento. Puede contar hasta 200 monedas por minuto. Incluye cable de alimentaci\u00f3n y manual de instrucciones. Medidas: 33,5x35x27cm.\" \/>\n<meta property=\"og:url\" content=\"https:\/\/canonm5.com\/index.php\/producto\/contadora-de-monedas-ratiotec-coinsorter-cs-50\/\" \/>\n<meta property=\"og:site_name\" content=\"Canon M5 Madrid | Distribuidor oficial Canon\" \/>\n<meta property=\"article:modified_time\" content=\"2023-03-22T14:44:53+00:00\" \/>\n<meta property=\"og:image\" content=\"https:\/\/canonm5.com\/wp-content\/uploads\/2023\/03\/contadora-de-monedas-ratiotec-coinsorter-cs-50.jpg\" \/>\n\t<meta property=\"og:image:width\" content=\"239\" \/>\n\t<meta property=\"og:image:height\" content=\"239\" \/>\n\t<meta property=\"og:image:type\" content=\"image\/jpeg\" \/>\n<meta name=\"twitter:card\" content=\"summary_large_image\" \/>\n<script type=\"application\/ld+json\" class=\"yoast-schema-graph\">{\"@context\":\"https:\\\/\\\/schema.org\",\"@graph\":[{\"@type\":\"WebPage\",\"@id\":\"https:\\\/\\\/canonm5.com\\\/index.php\\\/producto\\\/contadora-de-monedas-ratiotec-coinsorter-cs-50\\\/\",\"url\":\"https:\\\/\\\/canonm5.com\\\/index.php\\\/producto\\\/contadora-de-monedas-ratiotec-coinsorter-cs-50\\\/\",\"name\":\"CONTADORA DE MONEDAS RATIOTEC COINSORTER CS 50 - Canon M5 Madrid | Distribuidor oficial Canon\",\"isPartOf\":{\"@id\":\"https:\\\/\\\/canonm5.com\\\/#website\"},\"primaryImageOfPage\":{\"@id\":\"https:\\\/\\\/canonm5.com\\\/index.php\\\/producto\\\/contadora-de-monedas-ratiotec-coinsorter-cs-50\\\/#primaryimage\"},\"image\":{\"@id\":\"https:\\\/\\\/canonm5.com\\\/index.php\\\/producto\\\/contadora-de-monedas-ratiotec-coinsorter-cs-50\\\/#primaryimage\"},\"thumbnailUrl\":\"https:\\\/\\\/canonm5.com\\\/wp-content\\\/uploads\\\/2023\\\/03\\\/contadora-de-monedas-ratiotec-coinsorter-cs-50.jpg\",\"datePublished\":\"2023-03-17T11:33:08+00:00\",\"dateModified\":\"2023-03-22T14:44:53+00:00\",\"description\":\"Contadora autom\u00e1tica de monedas de euro con rapidez y fiabilidad. La clara pantalla LED muestra el valor y la cantidad de monedas contadas. Con la funci\u00f3n de agrupamiento se puede programar las paradas de recuento por cada tipo de moneda. Funci\u00f3n de impresi\u00f3n de los resultados del recuento. Puede contar hasta 200 monedas por minuto. Incluye cable de alimentaci\u00f3n y manual de instrucciones. Medidas: 33,5x35x27cm.\",\"breadcrumb\":{\"@id\":\"https:\\\/\\\/canonm5.com\\\/index.php\\\/producto\\\/contadora-de-monedas-ratiotec-coinsorter-cs-50\\\/#breadcrumb\"},\"inLanguage\":\"es\",\"potentialAction\":[{\"@type\":\"ReadAction\",\"target\":[\"https:\\\/\\\/canonm5.com\\\/index.php\\\/producto\\\/contadora-de-monedas-ratiotec-coinsorter-cs-50\\\/\"]}]},{\"@type\":\"ImageObject\",\"inLanguage\":\"es\",\"@id\":\"https:\\\/\\\/canonm5.com\\\/index.php\\\/producto\\\/contadora-de-monedas-ratiotec-coinsorter-cs-50\\\/#primaryimage\",\"url\":\"https:\\\/\\\/canonm5.com\\\/wp-content\\\/uploads\\\/2023\\\/03\\\/contadora-de-monedas-ratiotec-coinsorter-cs-50.jpg\",\"contentUrl\":\"https:\\\/\\\/canonm5.com\\\/wp-content\\\/uploads\\\/2023\\\/03\\\/contadora-de-monedas-ratiotec-coinsorter-cs-50.jpg\",\"width\":239,\"height\":239},{\"@type\":\"BreadcrumbList\",\"@id\":\"https:\\\/\\\/canonm5.com\\\/index.php\\\/producto\\\/contadora-de-monedas-ratiotec-coinsorter-cs-50\\\/#breadcrumb\",\"itemListElement\":[{\"@type\":\"ListItem\",\"position\":1,\"name\":\"Portada\",\"item\":\"https:\\\/\\\/canonm5.com\\\/\"},{\"@type\":\"ListItem\",\"position\":2,\"name\":\"Nuestros productos\",\"item\":\"https:\\\/\\\/canonm5.com\\\/index.php\\\/productos\\\/\"},{\"@type\":\"ListItem\",\"position\":3,\"name\":\"CONTADORA DE MONEDAS RATIOTEC COINSORTER CS 50\"}]},{\"@type\":\"WebSite\",\"@id\":\"https:\\\/\\\/canonm5.com\\\/#website\",\"url\":\"https:\\\/\\\/canonm5.com\\\/\",\"name\":\"Canon M5 Madrid | Distribuidor oficial Canon\",\"description\":\"Renting de impresoras para empresas\",\"potentialAction\":[{\"@type\":\"SearchAction\",\"target\":{\"@type\":\"EntryPoint\",\"urlTemplate\":\"https:\\\/\\\/canonm5.com\\\/?s={search_term_string}\"},\"query-input\":{\"@type\":\"PropertyValueSpecification\",\"valueRequired\":true,\"valueName\":\"search_term_string\"}}],\"inLanguage\":\"es\"}]}<\/script>\n<!-- \/ Yoast SEO plugin. -->","yoast_head_json":{"title":"CONTADORA DE MONEDAS RATIOTEC COINSORTER CS 50 - Canon M5 Madrid | Distribuidor oficial Canon","description":"Contadora autom\u00e1tica de monedas de euro con rapidez y fiabilidad. La clara pantalla LED muestra el valor y la cantidad de monedas contadas. Con la funci\u00f3n de agrupamiento se puede programar las paradas de recuento por cada tipo de moneda. Funci\u00f3n de impresi\u00f3n de los resultados del recuento. Puede contar hasta 200 monedas por minuto. Incluye cable de alimentaci\u00f3n y manual de instrucciones. Medidas: 33,5x35x27cm.","robots":{"index":"index","follow":"follow","max-snippet":"max-snippet:-1","max-image-preview":"max-image-preview:large","max-video-preview":"max-video-preview:-1"},"canonical":"https:\/\/canonm5.com\/index.php\/producto\/contadora-de-monedas-ratiotec-coinsorter-cs-50\/","og_locale":"es_ES","og_type":"article","og_title":"CONTADORA DE MONEDAS RATIOTEC COINSORTER CS 50 - Canon M5 Madrid | Distribuidor oficial Canon","og_description":"Contadora autom\u00e1tica de monedas de euro con rapidez y fiabilidad. La clara pantalla LED muestra el valor y la cantidad de monedas contadas. Con la funci\u00f3n de agrupamiento se puede programar las paradas de recuento por cada tipo de moneda. Funci\u00f3n de impresi\u00f3n de los resultados del recuento. Puede contar hasta 200 monedas por minuto. Incluye cable de alimentaci\u00f3n y manual de instrucciones. Medidas: 33,5x35x27cm.","og_url":"https:\/\/canonm5.com\/index.php\/producto\/contadora-de-monedas-ratiotec-coinsorter-cs-50\/","og_site_name":"Canon M5 Madrid | Distribuidor oficial Canon","article_modified_time":"2023-03-22T14:44:53+00:00","og_image":[{"width":239,"height":239,"url":"https:\/\/canonm5.com\/wp-content\/uploads\/2023\/03\/contadora-de-monedas-ratiotec-coinsorter-cs-50.jpg","type":"image\/jpeg"}],"twitter_card":"summary_large_image","schema":{"@context":"https:\/\/schema.org","@graph":[{"@type":"WebPage","@id":"https:\/\/canonm5.com\/index.php\/producto\/contadora-de-monedas-ratiotec-coinsorter-cs-50\/","url":"https:\/\/canonm5.com\/index.php\/producto\/contadora-de-monedas-ratiotec-coinsorter-cs-50\/","name":"CONTADORA DE MONEDAS RATIOTEC COINSORTER CS 50 - Canon M5 Madrid | Distribuidor oficial Canon","isPartOf":{"@id":"https:\/\/canonm5.com\/#website"},"primaryImageOfPage":{"@id":"https:\/\/canonm5.com\/index.php\/producto\/contadora-de-monedas-ratiotec-coinsorter-cs-50\/#primaryimage"},"image":{"@id":"https:\/\/canonm5.com\/index.php\/producto\/contadora-de-monedas-ratiotec-coinsorter-cs-50\/#primaryimage"},"thumbnailUrl":"https:\/\/canonm5.com\/wp-content\/uploads\/2023\/03\/contadora-de-monedas-ratiotec-coinsorter-cs-50.jpg","datePublished":"2023-03-17T11:33:08+00:00","dateModified":"2023-03-22T14:44:53+00:00","description":"Contadora autom\u00e1tica de monedas de euro con rapidez y fiabilidad. La clara pantalla LED muestra el valor y la cantidad de monedas contadas. Con la funci\u00f3n de agrupamiento se puede programar las paradas de recuento por cada tipo de moneda. Funci\u00f3n de impresi\u00f3n de los resultados del recuento. Puede contar hasta 200 monedas por minuto. Incluye cable de alimentaci\u00f3n y manual de instrucciones. Medidas: 33,5x35x27cm.","breadcrumb":{"@id":"https:\/\/canonm5.com\/index.php\/producto\/contadora-de-monedas-ratiotec-coinsorter-cs-50\/#breadcrumb"},"inLanguage":"es","potentialAction":[{"@type":"ReadAction","target":["https:\/\/canonm5.com\/index.php\/producto\/contadora-de-monedas-ratiotec-coinsorter-cs-50\/"]}]},{"@type":"ImageObject","inLanguage":"es","@id":"https:\/\/canonm5.com\/index.php\/producto\/contadora-de-monedas-ratiotec-coinsorter-cs-50\/#primaryimage","url":"https:\/\/canonm5.com\/wp-content\/uploads\/2023\/03\/contadora-de-monedas-ratiotec-coinsorter-cs-50.jpg","contentUrl":"https:\/\/canonm5.com\/wp-content\/uploads\/2023\/03\/contadora-de-monedas-ratiotec-coinsorter-cs-50.jpg","width":239,"height":239},{"@type":"BreadcrumbList","@id":"https:\/\/canonm5.com\/index.php\/producto\/contadora-de-monedas-ratiotec-coinsorter-cs-50\/#breadcrumb","itemListElement":[{"@type":"ListItem","position":1,"name":"Portada","item":"https:\/\/canonm5.com\/"},{"@type":"ListItem","position":2,"name":"Nuestros productos","item":"https:\/\/canonm5.com\/index.php\/productos\/"},{"@type":"ListItem","position":3,"name":"CONTADORA DE MONEDAS RATIOTEC COINSORTER CS 50"}]},{"@type":"WebSite","@id":"https:\/\/canonm5.com\/#website","url":"https:\/\/canonm5.com\/","name":"Canon M5 Madrid | Distribuidor oficial Canon","description":"Renting de impresoras para empresas","potentialAction":[{"@type":"SearchAction","target":{"@type":"EntryPoint","urlTemplate":"https:\/\/canonm5.com\/?s={search_term_string}"},"query-input":{"@type":"PropertyValueSpecification","valueRequired":true,"valueName":"search_term_string"}}],"inLanguage":"es"}]}},"_links":{"self":[{"href":"https:\/\/canonm5.com\/index.php\/wp-json\/wp\/v2\/product\/6797","targetHints":{"allow":["GET"]}}],"collection":[{"href":"https:\/\/canonm5.com\/index.php\/wp-json\/wp\/v2\/product"}],"about":[{"href":"https:\/\/canonm5.com\/index.php\/wp-json\/wp\/v2\/types\/product"}],"wp:featuredmedia":[{"embeddable":true,"href":"https:\/\/canonm5.com\/index.php\/wp-json\/wp\/v2\/media\/6799"}],"wp:attachment":[{"href":"https:\/\/canonm5.com\/index.php\/wp-json\/wp\/v2\/media?parent=6797"}],"wp:term":[{"taxonomy":"product_cat","embeddable":true,"href":"https:\/\/canonm5.com\/index.php\/wp-json\/wp\/v2\/product_cat?post=6797"},{"taxonomy":"product_tag","embeddable":true,"href":"https:\/\/canonm5.com\/index.php\/wp-json\/wp\/v2\/product_tag?post=6797"}],"curies":[{"name":"wp","href":"https:\/\/api.w.org\/{rel}","templated":true}]}}