{"id":6678,"date":"2023-03-07T14:50:53","date_gmt":"2023-03-07T14:50:53","guid":{"rendered":"https:\/\/canonm5.com\/?post_type=product&#038;p=6678"},"modified":"2023-03-07T14:59:18","modified_gmt":"2023-03-07T14:59:18","slug":"calculadora-milan-con-funda","status":"publish","type":"product","link":"https:\/\/canonm5.com\/index.php\/producto\/calculadora-milan-con-funda\/","title":{"rendered":"CALCULADORA MILAN CON FUNDA"},"content":{"rendered":"<p>&#8211; Calculadora de bolsillo con funda<br \/>\n&#8211; 8 d\u00edgitos de colores combinados<br \/>\n&#8211; Alimentaci\u00f3n dual: c\u00e9lula solar y pila de 1,5 V<br \/>\n&#8211; Tres teclas de memoria<br \/>\n&#8211; Teclado de tacto suave<\/p>\n<p>&nbsp;<\/p>\n<p><em>E.O. Madrid Cinco S.L., no se responsabiliza de posibles errores tipogr\u00e1ficos y de precio. Las fotograf\u00edas de los productos pueden sufrir cambios<\/em><\/p>\n","protected":false},"excerpt":{"rendered":"<p>&#8211; Calculadora de bolsillo con funda<br \/>\n&#8211; 8 d\u00edgitos de colores combinados<br \/>\n&#8211; Alimentaci\u00f3n dual: c\u00e9lula solar y pila de 1,5 V<br \/>\n&#8211; Tres teclas de memoria<br \/>\n&#8211; Teclado de tacto suave<\/p>\n","protected":false},"featured_media":6680,"template":"","meta":{"_et_pb_use_builder":"","_et_pb_old_content":"","_et_gb_content_width":"","_joinchat":[]},"product_cat":[187,830],"product_tag":[188,924,851],"class_list":{"0":"post-6678","1":"product","2":"type-product","3":"status-publish","4":"has-post-thumbnail","6":"product_cat-calculadoras","7":"product_cat-maquinas-de-oficina","8":"product_tag-calculadora","9":"product_tag-funda","10":"product_tag-milan","12":"first","13":"instock","14":"taxable","15":"shipping-taxable","16":"purchasable","17":"product-type-variable"},"yoast_head":"<!-- This site is optimized with the Yoast SEO plugin v27.4 - https:\/\/yoast.com\/product\/yoast-seo-wordpress\/ -->\n<title>CALCULADORA MILAN CON FUNDA - Canon M5 Madrid | Distribuidor oficial Canon<\/title>\n<meta name=\"description\" content=\"Calculadora de bolsillo con funda, de 8 d\u00edgitos y teclas con tacto suave. 3 teclas de memoria y ra\u00edz cuadrada. Alimentaci\u00f3n dual: c\u00e9lula solar y pila de 1,5 V. Apagado autom\u00e1tico. Medidas calculadora: 10,2x6,7x0,9cm.\" \/>\n<meta name=\"robots\" content=\"index, follow, max-snippet:-1, max-image-preview:large, max-video-preview:-1\" \/>\n<link rel=\"canonical\" href=\"https:\/\/canonm5.com\/index.php\/producto\/calculadora-milan-con-funda\/\" \/>\n<meta property=\"og:locale\" content=\"es_ES\" \/>\n<meta property=\"og:type\" content=\"article\" \/>\n<meta property=\"og:title\" content=\"CALCULADORA MILAN CON FUNDA - Canon M5 Madrid | Distribuidor oficial Canon\" \/>\n<meta property=\"og:description\" content=\"Calculadora de bolsillo con funda, de 8 d\u00edgitos y teclas con tacto suave. 3 teclas de memoria y ra\u00edz cuadrada. Alimentaci\u00f3n dual: c\u00e9lula solar y pila de 1,5 V. Apagado autom\u00e1tico. Medidas calculadora: 10,2x6,7x0,9cm.\" \/>\n<meta property=\"og:url\" content=\"https:\/\/canonm5.com\/index.php\/producto\/calculadora-milan-con-funda\/\" \/>\n<meta property=\"og:site_name\" content=\"Canon M5 Madrid | Distribuidor oficial Canon\" \/>\n<meta property=\"article:modified_time\" content=\"2023-03-07T14:59:18+00:00\" \/>\n<meta property=\"og:image\" content=\"https:\/\/canonm5.com\/wp-content\/uploads\/2023\/03\/calculadora-milan-basica-de-bolsillo.jpg\" \/>\n\t<meta property=\"og:image:width\" content=\"239\" \/>\n\t<meta property=\"og:image:height\" content=\"239\" \/>\n\t<meta property=\"og:image:type\" content=\"image\/jpeg\" \/>\n<meta name=\"twitter:card\" content=\"summary_large_image\" \/>\n<script type=\"application\/ld+json\" class=\"yoast-schema-graph\">{\"@context\":\"https:\\\/\\\/schema.org\",\"@graph\":[{\"@type\":\"WebPage\",\"@id\":\"https:\\\/\\\/canonm5.com\\\/index.php\\\/producto\\\/calculadora-milan-con-funda\\\/\",\"url\":\"https:\\\/\\\/canonm5.com\\\/index.php\\\/producto\\\/calculadora-milan-con-funda\\\/\",\"name\":\"CALCULADORA MILAN CON FUNDA - Canon M5 Madrid | Distribuidor oficial Canon\",\"isPartOf\":{\"@id\":\"https:\\\/\\\/canonm5.com\\\/#website\"},\"primaryImageOfPage\":{\"@id\":\"https:\\\/\\\/canonm5.com\\\/index.php\\\/producto\\\/calculadora-milan-con-funda\\\/#primaryimage\"},\"image\":{\"@id\":\"https:\\\/\\\/canonm5.com\\\/index.php\\\/producto\\\/calculadora-milan-con-funda\\\/#primaryimage\"},\"thumbnailUrl\":\"https:\\\/\\\/canonm5.com\\\/wp-content\\\/uploads\\\/2023\\\/03\\\/calculadora-milan-basica-de-bolsillo.jpg\",\"datePublished\":\"2023-03-07T14:50:53+00:00\",\"dateModified\":\"2023-03-07T14:59:18+00:00\",\"description\":\"Calculadora de bolsillo con funda, de 8 d\u00edgitos y teclas con tacto suave. 3 teclas de memoria y ra\u00edz cuadrada. Alimentaci\u00f3n dual: c\u00e9lula solar y pila de 1,5 V. Apagado autom\u00e1tico. Medidas calculadora: 10,2x6,7x0,9cm.\",\"breadcrumb\":{\"@id\":\"https:\\\/\\\/canonm5.com\\\/index.php\\\/producto\\\/calculadora-milan-con-funda\\\/#breadcrumb\"},\"inLanguage\":\"es\",\"potentialAction\":[{\"@type\":\"ReadAction\",\"target\":[\"https:\\\/\\\/canonm5.com\\\/index.php\\\/producto\\\/calculadora-milan-con-funda\\\/\"]}]},{\"@type\":\"ImageObject\",\"inLanguage\":\"es\",\"@id\":\"https:\\\/\\\/canonm5.com\\\/index.php\\\/producto\\\/calculadora-milan-con-funda\\\/#primaryimage\",\"url\":\"https:\\\/\\\/canonm5.com\\\/wp-content\\\/uploads\\\/2023\\\/03\\\/calculadora-milan-basica-de-bolsillo.jpg\",\"contentUrl\":\"https:\\\/\\\/canonm5.com\\\/wp-content\\\/uploads\\\/2023\\\/03\\\/calculadora-milan-basica-de-bolsillo.jpg\",\"width\":239,\"height\":239},{\"@type\":\"BreadcrumbList\",\"@id\":\"https:\\\/\\\/canonm5.com\\\/index.php\\\/producto\\\/calculadora-milan-con-funda\\\/#breadcrumb\",\"itemListElement\":[{\"@type\":\"ListItem\",\"position\":1,\"name\":\"Portada\",\"item\":\"https:\\\/\\\/canonm5.com\\\/\"},{\"@type\":\"ListItem\",\"position\":2,\"name\":\"Nuestros productos\",\"item\":\"https:\\\/\\\/canonm5.com\\\/index.php\\\/productos\\\/\"},{\"@type\":\"ListItem\",\"position\":3,\"name\":\"CALCULADORA MILAN CON FUNDA\"}]},{\"@type\":\"WebSite\",\"@id\":\"https:\\\/\\\/canonm5.com\\\/#website\",\"url\":\"https:\\\/\\\/canonm5.com\\\/\",\"name\":\"Canon M5 Madrid | Distribuidor oficial Canon\",\"description\":\"Renting de impresoras para empresas\",\"potentialAction\":[{\"@type\":\"SearchAction\",\"target\":{\"@type\":\"EntryPoint\",\"urlTemplate\":\"https:\\\/\\\/canonm5.com\\\/?s={search_term_string}\"},\"query-input\":{\"@type\":\"PropertyValueSpecification\",\"valueRequired\":true,\"valueName\":\"search_term_string\"}}],\"inLanguage\":\"es\"}]}<\/script>\n<!-- \/ Yoast SEO plugin. -->","yoast_head_json":{"title":"CALCULADORA MILAN CON FUNDA - Canon M5 Madrid | Distribuidor oficial Canon","description":"Calculadora de bolsillo con funda, de 8 d\u00edgitos y teclas con tacto suave. 3 teclas de memoria y ra\u00edz cuadrada. Alimentaci\u00f3n dual: c\u00e9lula solar y pila de 1,5 V. Apagado autom\u00e1tico. Medidas calculadora: 10,2x6,7x0,9cm.","robots":{"index":"index","follow":"follow","max-snippet":"max-snippet:-1","max-image-preview":"max-image-preview:large","max-video-preview":"max-video-preview:-1"},"canonical":"https:\/\/canonm5.com\/index.php\/producto\/calculadora-milan-con-funda\/","og_locale":"es_ES","og_type":"article","og_title":"CALCULADORA MILAN CON FUNDA - Canon M5 Madrid | Distribuidor oficial Canon","og_description":"Calculadora de bolsillo con funda, de 8 d\u00edgitos y teclas con tacto suave. 3 teclas de memoria y ra\u00edz cuadrada. Alimentaci\u00f3n dual: c\u00e9lula solar y pila de 1,5 V. Apagado autom\u00e1tico. Medidas calculadora: 10,2x6,7x0,9cm.","og_url":"https:\/\/canonm5.com\/index.php\/producto\/calculadora-milan-con-funda\/","og_site_name":"Canon M5 Madrid | Distribuidor oficial Canon","article_modified_time":"2023-03-07T14:59:18+00:00","og_image":[{"width":239,"height":239,"url":"https:\/\/canonm5.com\/wp-content\/uploads\/2023\/03\/calculadora-milan-basica-de-bolsillo.jpg","type":"image\/jpeg"}],"twitter_card":"summary_large_image","schema":{"@context":"https:\/\/schema.org","@graph":[{"@type":"WebPage","@id":"https:\/\/canonm5.com\/index.php\/producto\/calculadora-milan-con-funda\/","url":"https:\/\/canonm5.com\/index.php\/producto\/calculadora-milan-con-funda\/","name":"CALCULADORA MILAN CON FUNDA - Canon M5 Madrid | Distribuidor oficial Canon","isPartOf":{"@id":"https:\/\/canonm5.com\/#website"},"primaryImageOfPage":{"@id":"https:\/\/canonm5.com\/index.php\/producto\/calculadora-milan-con-funda\/#primaryimage"},"image":{"@id":"https:\/\/canonm5.com\/index.php\/producto\/calculadora-milan-con-funda\/#primaryimage"},"thumbnailUrl":"https:\/\/canonm5.com\/wp-content\/uploads\/2023\/03\/calculadora-milan-basica-de-bolsillo.jpg","datePublished":"2023-03-07T14:50:53+00:00","dateModified":"2023-03-07T14:59:18+00:00","description":"Calculadora de bolsillo con funda, de 8 d\u00edgitos y teclas con tacto suave. 3 teclas de memoria y ra\u00edz cuadrada. Alimentaci\u00f3n dual: c\u00e9lula solar y pila de 1,5 V. Apagado autom\u00e1tico. Medidas calculadora: 10,2x6,7x0,9cm.","breadcrumb":{"@id":"https:\/\/canonm5.com\/index.php\/producto\/calculadora-milan-con-funda\/#breadcrumb"},"inLanguage":"es","potentialAction":[{"@type":"ReadAction","target":["https:\/\/canonm5.com\/index.php\/producto\/calculadora-milan-con-funda\/"]}]},{"@type":"ImageObject","inLanguage":"es","@id":"https:\/\/canonm5.com\/index.php\/producto\/calculadora-milan-con-funda\/#primaryimage","url":"https:\/\/canonm5.com\/wp-content\/uploads\/2023\/03\/calculadora-milan-basica-de-bolsillo.jpg","contentUrl":"https:\/\/canonm5.com\/wp-content\/uploads\/2023\/03\/calculadora-milan-basica-de-bolsillo.jpg","width":239,"height":239},{"@type":"BreadcrumbList","@id":"https:\/\/canonm5.com\/index.php\/producto\/calculadora-milan-con-funda\/#breadcrumb","itemListElement":[{"@type":"ListItem","position":1,"name":"Portada","item":"https:\/\/canonm5.com\/"},{"@type":"ListItem","position":2,"name":"Nuestros productos","item":"https:\/\/canonm5.com\/index.php\/productos\/"},{"@type":"ListItem","position":3,"name":"CALCULADORA MILAN CON FUNDA"}]},{"@type":"WebSite","@id":"https:\/\/canonm5.com\/#website","url":"https:\/\/canonm5.com\/","name":"Canon M5 Madrid | Distribuidor oficial Canon","description":"Renting de impresoras para empresas","potentialAction":[{"@type":"SearchAction","target":{"@type":"EntryPoint","urlTemplate":"https:\/\/canonm5.com\/?s={search_term_string}"},"query-input":{"@type":"PropertyValueSpecification","valueRequired":true,"valueName":"search_term_string"}}],"inLanguage":"es"}]}},"_links":{"self":[{"href":"https:\/\/canonm5.com\/index.php\/wp-json\/wp\/v2\/product\/6678","targetHints":{"allow":["GET"]}}],"collection":[{"href":"https:\/\/canonm5.com\/index.php\/wp-json\/wp\/v2\/product"}],"about":[{"href":"https:\/\/canonm5.com\/index.php\/wp-json\/wp\/v2\/types\/product"}],"wp:featuredmedia":[{"embeddable":true,"href":"https:\/\/canonm5.com\/index.php\/wp-json\/wp\/v2\/media\/6680"}],"wp:attachment":[{"href":"https:\/\/canonm5.com\/index.php\/wp-json\/wp\/v2\/media?parent=6678"}],"wp:term":[{"taxonomy":"product_cat","embeddable":true,"href":"https:\/\/canonm5.com\/index.php\/wp-json\/wp\/v2\/product_cat?post=6678"},{"taxonomy":"product_tag","embeddable":true,"href":"https:\/\/canonm5.com\/index.php\/wp-json\/wp\/v2\/product_tag?post=6678"}],"curies":[{"name":"wp","href":"https:\/\/api.w.org\/{rel}","templated":true}]}}