{"id":6665,"date":"2023-03-07T14:33:37","date_gmt":"2023-03-07T14:33:37","guid":{"rendered":"https:\/\/canonm5.com\/?post_type=product&#038;p=6665"},"modified":"2023-03-07T14:53:16","modified_gmt":"2023-03-07T14:53:16","slug":"soporte-elevador-fellowes-para-portatil-spire-series","status":"publish","type":"product","link":"https:\/\/canonm5.com\/index.php\/producto\/soporte-elevador-fellowes-para-portatil-spire-series\/","title":{"rendered":"SOPORTE ELEVADOR FELLOWES PARA PORT\u00c1TIL SPIRE SERIES\u2122"},"content":{"rendered":"<p>&#8211; Soporte para port\u00e1til<br \/>\n&#8211; Ajustable a 7 \u00e1ngulos<br \/>\n&#8211; Patas delanteras para adaptarse al port\u00e1til<br \/>\n&#8211; Tope frontal para evitar la ca\u00edda<br \/>\n&#8211; Abertura para la entrada de aire<br \/>\n&#8211; Se pliega para un f\u00e1cil transporte<br \/>\n&#8211; Adecuado para port\u00e1tiles de hasta 17\u201d<\/p>\n<p>&nbsp;<\/p>\n<p><em>E.O. Madrid Cinco S.L., no se responsabiliza de posibles errores tipogr\u00e1ficos y de precio. Las fotograf\u00edas de los productos pueden sufrir cambios<\/em><\/p>\n","protected":false},"excerpt":{"rendered":"<p>&#8211; Soporte para port\u00e1til<br \/>\n&#8211; Ajustable a 7 \u00e1ngulos<br \/>\n&#8211; Patas delanteras para adaptarse al port\u00e1til<br \/>\n&#8211; Tope frontal para evitar la ca\u00edda<br \/>\n&#8211; Abertura para la entrada de aire<br \/>\n&#8211; Se pliega para un f\u00e1cil transporte<br \/>\n&#8211; Adecuado para port\u00e1tiles de hasta 17\u201d<\/p>\n","protected":false},"featured_media":6667,"template":"","meta":{"_et_pb_use_builder":"","_et_pb_old_content":"","_et_gb_content_width":"","_joinchat":[]},"product_cat":[1705],"product_tag":[1563,1141,1035],"class_list":{"0":"post-6665","1":"product","2":"type-product","3":"status-publish","4":"has-post-thumbnail","6":"product_cat-ergonomia","7":"product_tag-fellowes","8":"product_tag-portatil","9":"product_tag-soporte","11":"first","12":"instock","13":"taxable","14":"shipping-taxable","15":"purchasable","16":"product-type-variable"},"yoast_head":"<!-- This site is optimized with the Yoast SEO plugin v27.4 - https:\/\/yoast.com\/product\/yoast-seo-wordpress\/ -->\n<title>SOPORTE ELEVADOR FELLOWES PARA PORT\u00c1TIL SPIRE SERIES\u2122 - Canon M5 Madrid | Distribuidor oficial Canon<\/title>\n<meta name=\"description\" content=\"Soporte para port\u00e1til ajustable a 7 \u00e1ngulos diferentes. Patas delanteras con \u00e1ngulo limitado de apertura para adaptarse al port\u00e1til. Tope frontal para evitar la ca\u00edda del port\u00e1til. Su abertura permite la entrada de aire al port\u00e1til. Se pliega para un f\u00e1cil transporte. Adecuado para port\u00e1tiles de hasta 17\u201d. Medidas: 4,2x32x28,60cm.\" \/>\n<meta name=\"robots\" content=\"index, follow, max-snippet:-1, max-image-preview:large, max-video-preview:-1\" \/>\n<link rel=\"canonical\" href=\"https:\/\/canonm5.com\/index.php\/producto\/soporte-elevador-fellowes-para-portatil-spire-series\/\" \/>\n<meta property=\"og:locale\" content=\"es_ES\" \/>\n<meta property=\"og:type\" content=\"article\" \/>\n<meta property=\"og:title\" content=\"SOPORTE ELEVADOR FELLOWES PARA PORT\u00c1TIL SPIRE SERIES\u2122 - Canon M5 Madrid | Distribuidor oficial Canon\" \/>\n<meta property=\"og:description\" content=\"Soporte para port\u00e1til ajustable a 7 \u00e1ngulos diferentes. Patas delanteras con \u00e1ngulo limitado de apertura para adaptarse al port\u00e1til. Tope frontal para evitar la ca\u00edda del port\u00e1til. Su abertura permite la entrada de aire al port\u00e1til. Se pliega para un f\u00e1cil transporte. Adecuado para port\u00e1tiles de hasta 17\u201d. Medidas: 4,2x32x28,60cm.\" \/>\n<meta property=\"og:url\" content=\"https:\/\/canonm5.com\/index.php\/producto\/soporte-elevador-fellowes-para-portatil-spire-series\/\" \/>\n<meta property=\"og:site_name\" content=\"Canon M5 Madrid | Distribuidor oficial Canon\" \/>\n<meta property=\"article:modified_time\" content=\"2023-03-07T14:53:16+00:00\" \/>\n<meta property=\"og:image\" content=\"https:\/\/canonm5.com\/wp-content\/uploads\/2023\/03\/soporte-elevador-fellowes-para-portatil-spire-series.jpg\" \/>\n\t<meta property=\"og:image:width\" content=\"239\" \/>\n\t<meta property=\"og:image:height\" content=\"239\" \/>\n\t<meta property=\"og:image:type\" content=\"image\/jpeg\" \/>\n<meta name=\"twitter:card\" content=\"summary_large_image\" \/>\n<script type=\"application\/ld+json\" class=\"yoast-schema-graph\">{\"@context\":\"https:\\\/\\\/schema.org\",\"@graph\":[{\"@type\":\"WebPage\",\"@id\":\"https:\\\/\\\/canonm5.com\\\/index.php\\\/producto\\\/soporte-elevador-fellowes-para-portatil-spire-series\\\/\",\"url\":\"https:\\\/\\\/canonm5.com\\\/index.php\\\/producto\\\/soporte-elevador-fellowes-para-portatil-spire-series\\\/\",\"name\":\"SOPORTE ELEVADOR FELLOWES PARA PORT\u00c1TIL SPIRE SERIES\u2122 - Canon M5 Madrid | Distribuidor oficial Canon\",\"isPartOf\":{\"@id\":\"https:\\\/\\\/canonm5.com\\\/#website\"},\"primaryImageOfPage\":{\"@id\":\"https:\\\/\\\/canonm5.com\\\/index.php\\\/producto\\\/soporte-elevador-fellowes-para-portatil-spire-series\\\/#primaryimage\"},\"image\":{\"@id\":\"https:\\\/\\\/canonm5.com\\\/index.php\\\/producto\\\/soporte-elevador-fellowes-para-portatil-spire-series\\\/#primaryimage\"},\"thumbnailUrl\":\"https:\\\/\\\/canonm5.com\\\/wp-content\\\/uploads\\\/2023\\\/03\\\/soporte-elevador-fellowes-para-portatil-spire-series.jpg\",\"datePublished\":\"2023-03-07T14:33:37+00:00\",\"dateModified\":\"2023-03-07T14:53:16+00:00\",\"description\":\"Soporte para port\u00e1til ajustable a 7 \u00e1ngulos diferentes. Patas delanteras con \u00e1ngulo limitado de apertura para adaptarse al port\u00e1til. Tope frontal para evitar la ca\u00edda del port\u00e1til. Su abertura permite la entrada de aire al port\u00e1til. Se pliega para un f\u00e1cil transporte. Adecuado para port\u00e1tiles de hasta 17\u201d. Medidas: 4,2x32x28,60cm.\",\"breadcrumb\":{\"@id\":\"https:\\\/\\\/canonm5.com\\\/index.php\\\/producto\\\/soporte-elevador-fellowes-para-portatil-spire-series\\\/#breadcrumb\"},\"inLanguage\":\"es\",\"potentialAction\":[{\"@type\":\"ReadAction\",\"target\":[\"https:\\\/\\\/canonm5.com\\\/index.php\\\/producto\\\/soporte-elevador-fellowes-para-portatil-spire-series\\\/\"]}]},{\"@type\":\"ImageObject\",\"inLanguage\":\"es\",\"@id\":\"https:\\\/\\\/canonm5.com\\\/index.php\\\/producto\\\/soporte-elevador-fellowes-para-portatil-spire-series\\\/#primaryimage\",\"url\":\"https:\\\/\\\/canonm5.com\\\/wp-content\\\/uploads\\\/2023\\\/03\\\/soporte-elevador-fellowes-para-portatil-spire-series.jpg\",\"contentUrl\":\"https:\\\/\\\/canonm5.com\\\/wp-content\\\/uploads\\\/2023\\\/03\\\/soporte-elevador-fellowes-para-portatil-spire-series.jpg\",\"width\":239,\"height\":239},{\"@type\":\"BreadcrumbList\",\"@id\":\"https:\\\/\\\/canonm5.com\\\/index.php\\\/producto\\\/soporte-elevador-fellowes-para-portatil-spire-series\\\/#breadcrumb\",\"itemListElement\":[{\"@type\":\"ListItem\",\"position\":1,\"name\":\"Portada\",\"item\":\"https:\\\/\\\/canonm5.com\\\/\"},{\"@type\":\"ListItem\",\"position\":2,\"name\":\"Nuestros productos\",\"item\":\"https:\\\/\\\/canonm5.com\\\/index.php\\\/productos\\\/\"},{\"@type\":\"ListItem\",\"position\":3,\"name\":\"SOPORTE ELEVADOR FELLOWES PARA PORT\u00c1TIL SPIRE SERIES\u2122\"}]},{\"@type\":\"WebSite\",\"@id\":\"https:\\\/\\\/canonm5.com\\\/#website\",\"url\":\"https:\\\/\\\/canonm5.com\\\/\",\"name\":\"Canon M5 Madrid | Distribuidor oficial Canon\",\"description\":\"Renting de impresoras para empresas\",\"potentialAction\":[{\"@type\":\"SearchAction\",\"target\":{\"@type\":\"EntryPoint\",\"urlTemplate\":\"https:\\\/\\\/canonm5.com\\\/?s={search_term_string}\"},\"query-input\":{\"@type\":\"PropertyValueSpecification\",\"valueRequired\":true,\"valueName\":\"search_term_string\"}}],\"inLanguage\":\"es\"}]}<\/script>\n<!-- \/ Yoast SEO plugin. -->","yoast_head_json":{"title":"SOPORTE ELEVADOR FELLOWES PARA PORT\u00c1TIL SPIRE SERIES\u2122 - Canon M5 Madrid | Distribuidor oficial Canon","description":"Soporte para port\u00e1til ajustable a 7 \u00e1ngulos diferentes. Patas delanteras con \u00e1ngulo limitado de apertura para adaptarse al port\u00e1til. Tope frontal para evitar la ca\u00edda del port\u00e1til. Su abertura permite la entrada de aire al port\u00e1til. Se pliega para un f\u00e1cil transporte. Adecuado para port\u00e1tiles de hasta 17\u201d. Medidas: 4,2x32x28,60cm.","robots":{"index":"index","follow":"follow","max-snippet":"max-snippet:-1","max-image-preview":"max-image-preview:large","max-video-preview":"max-video-preview:-1"},"canonical":"https:\/\/canonm5.com\/index.php\/producto\/soporte-elevador-fellowes-para-portatil-spire-series\/","og_locale":"es_ES","og_type":"article","og_title":"SOPORTE ELEVADOR FELLOWES PARA PORT\u00c1TIL SPIRE SERIES\u2122 - Canon M5 Madrid | Distribuidor oficial Canon","og_description":"Soporte para port\u00e1til ajustable a 7 \u00e1ngulos diferentes. Patas delanteras con \u00e1ngulo limitado de apertura para adaptarse al port\u00e1til. Tope frontal para evitar la ca\u00edda del port\u00e1til. Su abertura permite la entrada de aire al port\u00e1til. Se pliega para un f\u00e1cil transporte. Adecuado para port\u00e1tiles de hasta 17\u201d. Medidas: 4,2x32x28,60cm.","og_url":"https:\/\/canonm5.com\/index.php\/producto\/soporte-elevador-fellowes-para-portatil-spire-series\/","og_site_name":"Canon M5 Madrid | Distribuidor oficial Canon","article_modified_time":"2023-03-07T14:53:16+00:00","og_image":[{"width":239,"height":239,"url":"https:\/\/canonm5.com\/wp-content\/uploads\/2023\/03\/soporte-elevador-fellowes-para-portatil-spire-series.jpg","type":"image\/jpeg"}],"twitter_card":"summary_large_image","schema":{"@context":"https:\/\/schema.org","@graph":[{"@type":"WebPage","@id":"https:\/\/canonm5.com\/index.php\/producto\/soporte-elevador-fellowes-para-portatil-spire-series\/","url":"https:\/\/canonm5.com\/index.php\/producto\/soporte-elevador-fellowes-para-portatil-spire-series\/","name":"SOPORTE ELEVADOR FELLOWES PARA PORT\u00c1TIL SPIRE SERIES\u2122 - Canon M5 Madrid | Distribuidor oficial Canon","isPartOf":{"@id":"https:\/\/canonm5.com\/#website"},"primaryImageOfPage":{"@id":"https:\/\/canonm5.com\/index.php\/producto\/soporte-elevador-fellowes-para-portatil-spire-series\/#primaryimage"},"image":{"@id":"https:\/\/canonm5.com\/index.php\/producto\/soporte-elevador-fellowes-para-portatil-spire-series\/#primaryimage"},"thumbnailUrl":"https:\/\/canonm5.com\/wp-content\/uploads\/2023\/03\/soporte-elevador-fellowes-para-portatil-spire-series.jpg","datePublished":"2023-03-07T14:33:37+00:00","dateModified":"2023-03-07T14:53:16+00:00","description":"Soporte para port\u00e1til ajustable a 7 \u00e1ngulos diferentes. Patas delanteras con \u00e1ngulo limitado de apertura para adaptarse al port\u00e1til. Tope frontal para evitar la ca\u00edda del port\u00e1til. Su abertura permite la entrada de aire al port\u00e1til. Se pliega para un f\u00e1cil transporte. Adecuado para port\u00e1tiles de hasta 17\u201d. Medidas: 4,2x32x28,60cm.","breadcrumb":{"@id":"https:\/\/canonm5.com\/index.php\/producto\/soporte-elevador-fellowes-para-portatil-spire-series\/#breadcrumb"},"inLanguage":"es","potentialAction":[{"@type":"ReadAction","target":["https:\/\/canonm5.com\/index.php\/producto\/soporte-elevador-fellowes-para-portatil-spire-series\/"]}]},{"@type":"ImageObject","inLanguage":"es","@id":"https:\/\/canonm5.com\/index.php\/producto\/soporte-elevador-fellowes-para-portatil-spire-series\/#primaryimage","url":"https:\/\/canonm5.com\/wp-content\/uploads\/2023\/03\/soporte-elevador-fellowes-para-portatil-spire-series.jpg","contentUrl":"https:\/\/canonm5.com\/wp-content\/uploads\/2023\/03\/soporte-elevador-fellowes-para-portatil-spire-series.jpg","width":239,"height":239},{"@type":"BreadcrumbList","@id":"https:\/\/canonm5.com\/index.php\/producto\/soporte-elevador-fellowes-para-portatil-spire-series\/#breadcrumb","itemListElement":[{"@type":"ListItem","position":1,"name":"Portada","item":"https:\/\/canonm5.com\/"},{"@type":"ListItem","position":2,"name":"Nuestros productos","item":"https:\/\/canonm5.com\/index.php\/productos\/"},{"@type":"ListItem","position":3,"name":"SOPORTE ELEVADOR FELLOWES PARA PORT\u00c1TIL SPIRE SERIES\u2122"}]},{"@type":"WebSite","@id":"https:\/\/canonm5.com\/#website","url":"https:\/\/canonm5.com\/","name":"Canon M5 Madrid | Distribuidor oficial Canon","description":"Renting de impresoras para empresas","potentialAction":[{"@type":"SearchAction","target":{"@type":"EntryPoint","urlTemplate":"https:\/\/canonm5.com\/?s={search_term_string}"},"query-input":{"@type":"PropertyValueSpecification","valueRequired":true,"valueName":"search_term_string"}}],"inLanguage":"es"}]}},"_links":{"self":[{"href":"https:\/\/canonm5.com\/index.php\/wp-json\/wp\/v2\/product\/6665","targetHints":{"allow":["GET"]}}],"collection":[{"href":"https:\/\/canonm5.com\/index.php\/wp-json\/wp\/v2\/product"}],"about":[{"href":"https:\/\/canonm5.com\/index.php\/wp-json\/wp\/v2\/types\/product"}],"wp:featuredmedia":[{"embeddable":true,"href":"https:\/\/canonm5.com\/index.php\/wp-json\/wp\/v2\/media\/6667"}],"wp:attachment":[{"href":"https:\/\/canonm5.com\/index.php\/wp-json\/wp\/v2\/media?parent=6665"}],"wp:term":[{"taxonomy":"product_cat","embeddable":true,"href":"https:\/\/canonm5.com\/index.php\/wp-json\/wp\/v2\/product_cat?post=6665"},{"taxonomy":"product_tag","embeddable":true,"href":"https:\/\/canonm5.com\/index.php\/wp-json\/wp\/v2\/product_tag?post=6665"}],"curies":[{"name":"wp","href":"https:\/\/api.w.org\/{rel}","templated":true}]}}