{"id":6647,"date":"2023-02-20T14:46:02","date_gmt":"2023-02-20T14:46:02","guid":{"rendered":"https:\/\/canonm5.com\/?post_type=product&#038;p=6647"},"modified":"2023-02-21T15:17:05","modified_gmt":"2023-02-21T15:17:05","slug":"etiquetadora-textil-apli-estandar","status":"publish","type":"product","link":"https:\/\/canonm5.com\/index.php\/producto\/etiquetadora-textil-apli-estandar\/","title":{"rendered":"ETIQUETADORA TEXTIL APLI EST\u00c1NDAR"},"content":{"rendered":"<p>&#8211; Etiquetadora textil est\u00e1ndar<br \/>\n&#8211; Especialmente dise\u00f1ada para tejidos gruesos<br \/>\n&#8211; Incluye tap\u00f3n de protecci\u00f3n para la aguja y correa de mu\u00f1eca<br \/>\n&#8211; Muy f\u00e1cil de utilizar gracias al f\u00e1cil mecanismo a presi\u00f3n<\/p>\n<p>&nbsp;<\/p>\n<p><em>E.O. Madrid Cinco S.L., no se responsabiliza de posibles errores tipogr\u00e1ficos y de precio. Las fotograf\u00edas de los productos pueden sufrir cambios<\/em><\/p>\n","protected":false},"excerpt":{"rendered":"<p>&#8211; Etiquetadora textil est\u00e1ndar<br \/>\n&#8211; Especialmente dise\u00f1ada para tejidos gruesos<br \/>\n&#8211; Incluye tap\u00f3n de protecci\u00f3n para la aguja y correa de mu\u00f1eca<br \/>\n&#8211; Muy f\u00e1cil de utilizar gracias al f\u00e1cil mecanismo a presi\u00f3n<\/p>\n","protected":false},"featured_media":6649,"template":"","meta":{"_et_pb_use_builder":"","_et_pb_old_content":"","_et_gb_content_width":"","_joinchat":[]},"product_cat":[830,904],"product_tag":[166,1019,2195],"class_list":{"0":"post-6647","1":"product","2":"type-product","3":"status-publish","4":"has-post-thumbnail","6":"product_cat-maquinas-de-oficina","7":"product_cat-maquinas-de-rotular","8":"product_tag-apli","9":"product_tag-etiquetadora","10":"product_tag-textil","12":"first","13":"instock","14":"taxable","15":"shipping-taxable","16":"purchasable","17":"product-type-simple"},"yoast_head":"<!-- This site is optimized with the Yoast SEO plugin v27.4 - https:\/\/yoast.com\/product\/yoast-seo-wordpress\/ -->\n<title>ETIQUETADORA TEXTIL APLI EST\u00c1NDAR - Canon M5 Madrid | Distribuidor oficial Canon<\/title>\n<meta name=\"description\" content=\"Etiquetadora de agujas est\u00e1ndar, para productos convencionales. Etiqueta o identifica tejidos sin da\u00f1arlos. Ideales para establecimientos comerciales\" \/>\n<meta name=\"robots\" content=\"index, follow, max-snippet:-1, max-image-preview:large, max-video-preview:-1\" \/>\n<link rel=\"canonical\" href=\"https:\/\/canonm5.com\/index.php\/producto\/etiquetadora-textil-apli-estandar\/\" \/>\n<meta property=\"og:locale\" content=\"es_ES\" \/>\n<meta property=\"og:type\" content=\"article\" \/>\n<meta property=\"og:title\" content=\"ETIQUETADORA TEXTIL APLI EST\u00c1NDAR - Canon M5 Madrid | Distribuidor oficial Canon\" \/>\n<meta property=\"og:description\" content=\"Etiquetadora de agujas est\u00e1ndar, para productos convencionales. Etiqueta o identifica tejidos sin da\u00f1arlos. Ideales para establecimientos comerciales\" \/>\n<meta property=\"og:url\" content=\"https:\/\/canonm5.com\/index.php\/producto\/etiquetadora-textil-apli-estandar\/\" \/>\n<meta property=\"og:site_name\" content=\"Canon M5 Madrid | Distribuidor oficial Canon\" \/>\n<meta property=\"article:modified_time\" content=\"2023-02-21T15:17:05+00:00\" \/>\n<meta property=\"og:image\" content=\"https:\/\/canonm5.com\/wp-content\/uploads\/2023\/02\/etiquetadora-textil-apli-estandar-101545.jpg\" \/>\n\t<meta property=\"og:image:width\" content=\"239\" \/>\n\t<meta property=\"og:image:height\" content=\"239\" \/>\n\t<meta property=\"og:image:type\" content=\"image\/jpeg\" \/>\n<meta name=\"twitter:card\" content=\"summary_large_image\" \/>\n<script type=\"application\/ld+json\" class=\"yoast-schema-graph\">{\"@context\":\"https:\\\/\\\/schema.org\",\"@graph\":[{\"@type\":\"WebPage\",\"@id\":\"https:\\\/\\\/canonm5.com\\\/index.php\\\/producto\\\/etiquetadora-textil-apli-estandar\\\/\",\"url\":\"https:\\\/\\\/canonm5.com\\\/index.php\\\/producto\\\/etiquetadora-textil-apli-estandar\\\/\",\"name\":\"ETIQUETADORA TEXTIL APLI EST\u00c1NDAR - Canon M5 Madrid | Distribuidor oficial Canon\",\"isPartOf\":{\"@id\":\"https:\\\/\\\/canonm5.com\\\/#website\"},\"primaryImageOfPage\":{\"@id\":\"https:\\\/\\\/canonm5.com\\\/index.php\\\/producto\\\/etiquetadora-textil-apli-estandar\\\/#primaryimage\"},\"image\":{\"@id\":\"https:\\\/\\\/canonm5.com\\\/index.php\\\/producto\\\/etiquetadora-textil-apli-estandar\\\/#primaryimage\"},\"thumbnailUrl\":\"https:\\\/\\\/canonm5.com\\\/wp-content\\\/uploads\\\/2023\\\/02\\\/etiquetadora-textil-apli-estandar-101545.jpg\",\"datePublished\":\"2023-02-20T14:46:02+00:00\",\"dateModified\":\"2023-02-21T15:17:05+00:00\",\"description\":\"Etiquetadora de agujas est\u00e1ndar, para productos convencionales. Etiqueta o identifica tejidos sin da\u00f1arlos. Ideales para establecimientos comerciales\",\"breadcrumb\":{\"@id\":\"https:\\\/\\\/canonm5.com\\\/index.php\\\/producto\\\/etiquetadora-textil-apli-estandar\\\/#breadcrumb\"},\"inLanguage\":\"es\",\"potentialAction\":[{\"@type\":\"ReadAction\",\"target\":[\"https:\\\/\\\/canonm5.com\\\/index.php\\\/producto\\\/etiquetadora-textil-apli-estandar\\\/\"]}]},{\"@type\":\"ImageObject\",\"inLanguage\":\"es\",\"@id\":\"https:\\\/\\\/canonm5.com\\\/index.php\\\/producto\\\/etiquetadora-textil-apli-estandar\\\/#primaryimage\",\"url\":\"https:\\\/\\\/canonm5.com\\\/wp-content\\\/uploads\\\/2023\\\/02\\\/etiquetadora-textil-apli-estandar-101545.jpg\",\"contentUrl\":\"https:\\\/\\\/canonm5.com\\\/wp-content\\\/uploads\\\/2023\\\/02\\\/etiquetadora-textil-apli-estandar-101545.jpg\",\"width\":239,\"height\":239},{\"@type\":\"BreadcrumbList\",\"@id\":\"https:\\\/\\\/canonm5.com\\\/index.php\\\/producto\\\/etiquetadora-textil-apli-estandar\\\/#breadcrumb\",\"itemListElement\":[{\"@type\":\"ListItem\",\"position\":1,\"name\":\"Portada\",\"item\":\"https:\\\/\\\/canonm5.com\\\/\"},{\"@type\":\"ListItem\",\"position\":2,\"name\":\"Nuestros productos\",\"item\":\"https:\\\/\\\/canonm5.com\\\/index.php\\\/productos\\\/\"},{\"@type\":\"ListItem\",\"position\":3,\"name\":\"ETIQUETADORA TEXTIL APLI EST\u00c1NDAR\"}]},{\"@type\":\"WebSite\",\"@id\":\"https:\\\/\\\/canonm5.com\\\/#website\",\"url\":\"https:\\\/\\\/canonm5.com\\\/\",\"name\":\"Canon M5 Madrid | Distribuidor oficial Canon\",\"description\":\"Renting de impresoras para empresas\",\"potentialAction\":[{\"@type\":\"SearchAction\",\"target\":{\"@type\":\"EntryPoint\",\"urlTemplate\":\"https:\\\/\\\/canonm5.com\\\/?s={search_term_string}\"},\"query-input\":{\"@type\":\"PropertyValueSpecification\",\"valueRequired\":true,\"valueName\":\"search_term_string\"}}],\"inLanguage\":\"es\"}]}<\/script>\n<!-- \/ Yoast SEO plugin. -->","yoast_head_json":{"title":"ETIQUETADORA TEXTIL APLI EST\u00c1NDAR - Canon M5 Madrid | Distribuidor oficial Canon","description":"Etiquetadora de agujas est\u00e1ndar, para productos convencionales. Etiqueta o identifica tejidos sin da\u00f1arlos. Ideales para establecimientos comerciales","robots":{"index":"index","follow":"follow","max-snippet":"max-snippet:-1","max-image-preview":"max-image-preview:large","max-video-preview":"max-video-preview:-1"},"canonical":"https:\/\/canonm5.com\/index.php\/producto\/etiquetadora-textil-apli-estandar\/","og_locale":"es_ES","og_type":"article","og_title":"ETIQUETADORA TEXTIL APLI EST\u00c1NDAR - Canon M5 Madrid | Distribuidor oficial Canon","og_description":"Etiquetadora de agujas est\u00e1ndar, para productos convencionales. Etiqueta o identifica tejidos sin da\u00f1arlos. Ideales para establecimientos comerciales","og_url":"https:\/\/canonm5.com\/index.php\/producto\/etiquetadora-textil-apli-estandar\/","og_site_name":"Canon M5 Madrid | Distribuidor oficial Canon","article_modified_time":"2023-02-21T15:17:05+00:00","og_image":[{"width":239,"height":239,"url":"https:\/\/canonm5.com\/wp-content\/uploads\/2023\/02\/etiquetadora-textil-apli-estandar-101545.jpg","type":"image\/jpeg"}],"twitter_card":"summary_large_image","schema":{"@context":"https:\/\/schema.org","@graph":[{"@type":"WebPage","@id":"https:\/\/canonm5.com\/index.php\/producto\/etiquetadora-textil-apli-estandar\/","url":"https:\/\/canonm5.com\/index.php\/producto\/etiquetadora-textil-apli-estandar\/","name":"ETIQUETADORA TEXTIL APLI EST\u00c1NDAR - Canon M5 Madrid | Distribuidor oficial Canon","isPartOf":{"@id":"https:\/\/canonm5.com\/#website"},"primaryImageOfPage":{"@id":"https:\/\/canonm5.com\/index.php\/producto\/etiquetadora-textil-apli-estandar\/#primaryimage"},"image":{"@id":"https:\/\/canonm5.com\/index.php\/producto\/etiquetadora-textil-apli-estandar\/#primaryimage"},"thumbnailUrl":"https:\/\/canonm5.com\/wp-content\/uploads\/2023\/02\/etiquetadora-textil-apli-estandar-101545.jpg","datePublished":"2023-02-20T14:46:02+00:00","dateModified":"2023-02-21T15:17:05+00:00","description":"Etiquetadora de agujas est\u00e1ndar, para productos convencionales. Etiqueta o identifica tejidos sin da\u00f1arlos. Ideales para establecimientos comerciales","breadcrumb":{"@id":"https:\/\/canonm5.com\/index.php\/producto\/etiquetadora-textil-apli-estandar\/#breadcrumb"},"inLanguage":"es","potentialAction":[{"@type":"ReadAction","target":["https:\/\/canonm5.com\/index.php\/producto\/etiquetadora-textil-apli-estandar\/"]}]},{"@type":"ImageObject","inLanguage":"es","@id":"https:\/\/canonm5.com\/index.php\/producto\/etiquetadora-textil-apli-estandar\/#primaryimage","url":"https:\/\/canonm5.com\/wp-content\/uploads\/2023\/02\/etiquetadora-textil-apli-estandar-101545.jpg","contentUrl":"https:\/\/canonm5.com\/wp-content\/uploads\/2023\/02\/etiquetadora-textil-apli-estandar-101545.jpg","width":239,"height":239},{"@type":"BreadcrumbList","@id":"https:\/\/canonm5.com\/index.php\/producto\/etiquetadora-textil-apli-estandar\/#breadcrumb","itemListElement":[{"@type":"ListItem","position":1,"name":"Portada","item":"https:\/\/canonm5.com\/"},{"@type":"ListItem","position":2,"name":"Nuestros productos","item":"https:\/\/canonm5.com\/index.php\/productos\/"},{"@type":"ListItem","position":3,"name":"ETIQUETADORA TEXTIL APLI EST\u00c1NDAR"}]},{"@type":"WebSite","@id":"https:\/\/canonm5.com\/#website","url":"https:\/\/canonm5.com\/","name":"Canon M5 Madrid | Distribuidor oficial Canon","description":"Renting de impresoras para empresas","potentialAction":[{"@type":"SearchAction","target":{"@type":"EntryPoint","urlTemplate":"https:\/\/canonm5.com\/?s={search_term_string}"},"query-input":{"@type":"PropertyValueSpecification","valueRequired":true,"valueName":"search_term_string"}}],"inLanguage":"es"}]}},"_links":{"self":[{"href":"https:\/\/canonm5.com\/index.php\/wp-json\/wp\/v2\/product\/6647","targetHints":{"allow":["GET"]}}],"collection":[{"href":"https:\/\/canonm5.com\/index.php\/wp-json\/wp\/v2\/product"}],"about":[{"href":"https:\/\/canonm5.com\/index.php\/wp-json\/wp\/v2\/types\/product"}],"wp:featuredmedia":[{"embeddable":true,"href":"https:\/\/canonm5.com\/index.php\/wp-json\/wp\/v2\/media\/6649"}],"wp:attachment":[{"href":"https:\/\/canonm5.com\/index.php\/wp-json\/wp\/v2\/media?parent=6647"}],"wp:term":[{"taxonomy":"product_cat","embeddable":true,"href":"https:\/\/canonm5.com\/index.php\/wp-json\/wp\/v2\/product_cat?post=6647"},{"taxonomy":"product_tag","embeddable":true,"href":"https:\/\/canonm5.com\/index.php\/wp-json\/wp\/v2\/product_tag?post=6647"}],"curies":[{"name":"wp","href":"https:\/\/api.w.org\/{rel}","templated":true}]}}