{"id":6299,"date":"2023-02-09T15:13:15","date_gmt":"2023-02-09T15:13:15","guid":{"rendered":"https:\/\/canonm5.com\/?post_type=product&#038;p=6299"},"modified":"2023-02-09T15:13:15","modified_gmt":"2023-02-09T15:13:15","slug":"sello-colop-printer-20-contabilizado","status":"publish","type":"product","link":"https:\/\/canonm5.com\/index.php\/producto\/sello-colop-printer-20-contabilizado\/","title":{"rendered":"SELLO COLOP PRINTER 20 \u00abCONTABILIZADO\u00bb"},"content":{"rendered":"<p>&#8211; Sello autom\u00e1tico<br \/>\n&#8211; Dise\u00f1o moderno y ergon\u00f3mico<br \/>\n&#8211; Posibilidad de personalizar el gran visor<br \/>\n&#8211; Botones de bloqueo<br \/>\n&#8211; Tama\u00f1o del sello de caucho redondo de 38&#215;14 mm<br \/>\n&#8211; Armaz\u00f3n inferior transparente para ver con precisi\u00f3n la estampaci\u00f3n del sello<br \/>\n&#8211; Tinta incluida en todos los aparatos<\/p>\n<p>&nbsp;<\/p>\n<p><em>E.O. Madrid Cinco S.L., no se responsabiliza de posibles errores tipogr\u00e1ficos y de precio. Las fotograf\u00edas de los productos pueden sufrir cambios<\/em><\/p>\n<p>&nbsp;<\/p>\n","protected":false},"excerpt":{"rendered":"<p>&#8211; Sello autom\u00e1tico &#8211; Dise\u00f1o moderno y ergon\u00f3mico &#8211; Posibilidad de personalizar el gran visor &#8211; Botones de bloqueo &#8211; Tama\u00f1o del sello de caucho redondo de 38&#215;14 mm &#8211; Armaz\u00f3n inferior transparente para ver con precisi\u00f3n la estampaci\u00f3n del sello &#8211; Tinta incluida en todos los aparatos &nbsp; E.O. Madrid Cinco S.L., no se [&hellip;]<\/p>\n","protected":false},"featured_media":0,"template":"","meta":{"_et_pb_use_builder":"","_et_pb_old_content":"","_et_gb_content_width":"","_joinchat":[]},"product_cat":[15],"product_tag":[],"class_list":{"0":"post-6299","1":"product","2":"type-product","3":"status-publish","5":"product_cat-sin-categorizar","7":"first","8":"instock","9":"taxable","10":"shipping-taxable","11":"product-type-simple"},"yoast_head":"<!-- This site is optimized with the Yoast SEO plugin v27.4 - https:\/\/yoast.com\/product\/yoast-seo-wordpress\/ -->\n<title>SELLO COLOP PRINTER 20 &quot;CONTABILIZADO&quot; - Canon M5 Madrid | Distribuidor oficial Canon<\/title>\n<meta name=\"robots\" content=\"index, follow, max-snippet:-1, max-image-preview:large, max-video-preview:-1\" \/>\n<link rel=\"canonical\" href=\"https:\/\/canonm5.com\/index.php\/producto\/sello-colop-printer-20-contabilizado\/\" \/>\n<meta property=\"og:locale\" content=\"es_ES\" \/>\n<meta property=\"og:type\" content=\"article\" \/>\n<meta property=\"og:title\" content=\"SELLO COLOP PRINTER 20 &quot;CONTABILIZADO&quot; - Canon M5 Madrid | Distribuidor oficial Canon\" \/>\n<meta property=\"og:description\" content=\"&#8211; Sello autom\u00e1tico &#8211; Dise\u00f1o moderno y ergon\u00f3mico &#8211; Posibilidad de personalizar el gran visor &#8211; Botones de bloqueo &#8211; Tama\u00f1o del sello de caucho redondo de 38&#215;14 mm &#8211; Armaz\u00f3n inferior transparente para ver con precisi\u00f3n la estampaci\u00f3n del sello &#8211; Tinta incluida en todos los aparatos &nbsp; E.O. Madrid Cinco S.L., no se [&hellip;]\" \/>\n<meta property=\"og:url\" content=\"https:\/\/canonm5.com\/index.php\/producto\/sello-colop-printer-20-contabilizado\/\" \/>\n<meta property=\"og:site_name\" content=\"Canon M5 Madrid | Distribuidor oficial Canon\" \/>\n<meta name=\"twitter:card\" content=\"summary_large_image\" \/>\n<script type=\"application\/ld+json\" class=\"yoast-schema-graph\">{\"@context\":\"https:\\\/\\\/schema.org\",\"@graph\":[{\"@type\":\"WebPage\",\"@id\":\"https:\\\/\\\/canonm5.com\\\/index.php\\\/producto\\\/sello-colop-printer-20-contabilizado\\\/\",\"url\":\"https:\\\/\\\/canonm5.com\\\/index.php\\\/producto\\\/sello-colop-printer-20-contabilizado\\\/\",\"name\":\"SELLO COLOP PRINTER 20 \\\"CONTABILIZADO\\\" - Canon M5 Madrid | Distribuidor oficial Canon\",\"isPartOf\":{\"@id\":\"https:\\\/\\\/canonm5.com\\\/#website\"},\"datePublished\":\"2023-02-09T15:13:15+00:00\",\"breadcrumb\":{\"@id\":\"https:\\\/\\\/canonm5.com\\\/index.php\\\/producto\\\/sello-colop-printer-20-contabilizado\\\/#breadcrumb\"},\"inLanguage\":\"es\",\"potentialAction\":[{\"@type\":\"ReadAction\",\"target\":[\"https:\\\/\\\/canonm5.com\\\/index.php\\\/producto\\\/sello-colop-printer-20-contabilizado\\\/\"]}]},{\"@type\":\"BreadcrumbList\",\"@id\":\"https:\\\/\\\/canonm5.com\\\/index.php\\\/producto\\\/sello-colop-printer-20-contabilizado\\\/#breadcrumb\",\"itemListElement\":[{\"@type\":\"ListItem\",\"position\":1,\"name\":\"Portada\",\"item\":\"https:\\\/\\\/canonm5.com\\\/\"},{\"@type\":\"ListItem\",\"position\":2,\"name\":\"Nuestros productos\",\"item\":\"https:\\\/\\\/canonm5.com\\\/index.php\\\/productos\\\/\"},{\"@type\":\"ListItem\",\"position\":3,\"name\":\"SELLO COLOP PRINTER 20 &#8220;CONTABILIZADO&#8221;\"}]},{\"@type\":\"WebSite\",\"@id\":\"https:\\\/\\\/canonm5.com\\\/#website\",\"url\":\"https:\\\/\\\/canonm5.com\\\/\",\"name\":\"Canon M5 Madrid | Distribuidor oficial Canon\",\"description\":\"Renting de impresoras para empresas\",\"potentialAction\":[{\"@type\":\"SearchAction\",\"target\":{\"@type\":\"EntryPoint\",\"urlTemplate\":\"https:\\\/\\\/canonm5.com\\\/?s={search_term_string}\"},\"query-input\":{\"@type\":\"PropertyValueSpecification\",\"valueRequired\":true,\"valueName\":\"search_term_string\"}}],\"inLanguage\":\"es\"}]}<\/script>\n<!-- \/ Yoast SEO plugin. -->","yoast_head_json":{"title":"SELLO COLOP PRINTER 20 \"CONTABILIZADO\" - Canon M5 Madrid | Distribuidor oficial Canon","robots":{"index":"index","follow":"follow","max-snippet":"max-snippet:-1","max-image-preview":"max-image-preview:large","max-video-preview":"max-video-preview:-1"},"canonical":"https:\/\/canonm5.com\/index.php\/producto\/sello-colop-printer-20-contabilizado\/","og_locale":"es_ES","og_type":"article","og_title":"SELLO COLOP PRINTER 20 \"CONTABILIZADO\" - Canon M5 Madrid | Distribuidor oficial Canon","og_description":"&#8211; Sello autom\u00e1tico &#8211; Dise\u00f1o moderno y ergon\u00f3mico &#8211; Posibilidad de personalizar el gran visor &#8211; Botones de bloqueo &#8211; Tama\u00f1o del sello de caucho redondo de 38&#215;14 mm &#8211; Armaz\u00f3n inferior transparente para ver con precisi\u00f3n la estampaci\u00f3n del sello &#8211; Tinta incluida en todos los aparatos &nbsp; E.O. Madrid Cinco S.L., no se [&hellip;]","og_url":"https:\/\/canonm5.com\/index.php\/producto\/sello-colop-printer-20-contabilizado\/","og_site_name":"Canon M5 Madrid | Distribuidor oficial Canon","twitter_card":"summary_large_image","schema":{"@context":"https:\/\/schema.org","@graph":[{"@type":"WebPage","@id":"https:\/\/canonm5.com\/index.php\/producto\/sello-colop-printer-20-contabilizado\/","url":"https:\/\/canonm5.com\/index.php\/producto\/sello-colop-printer-20-contabilizado\/","name":"SELLO COLOP PRINTER 20 \"CONTABILIZADO\" - Canon M5 Madrid | Distribuidor oficial Canon","isPartOf":{"@id":"https:\/\/canonm5.com\/#website"},"datePublished":"2023-02-09T15:13:15+00:00","breadcrumb":{"@id":"https:\/\/canonm5.com\/index.php\/producto\/sello-colop-printer-20-contabilizado\/#breadcrumb"},"inLanguage":"es","potentialAction":[{"@type":"ReadAction","target":["https:\/\/canonm5.com\/index.php\/producto\/sello-colop-printer-20-contabilizado\/"]}]},{"@type":"BreadcrumbList","@id":"https:\/\/canonm5.com\/index.php\/producto\/sello-colop-printer-20-contabilizado\/#breadcrumb","itemListElement":[{"@type":"ListItem","position":1,"name":"Portada","item":"https:\/\/canonm5.com\/"},{"@type":"ListItem","position":2,"name":"Nuestros productos","item":"https:\/\/canonm5.com\/index.php\/productos\/"},{"@type":"ListItem","position":3,"name":"SELLO COLOP PRINTER 20 &#8220;CONTABILIZADO&#8221;"}]},{"@type":"WebSite","@id":"https:\/\/canonm5.com\/#website","url":"https:\/\/canonm5.com\/","name":"Canon M5 Madrid | Distribuidor oficial Canon","description":"Renting de impresoras para empresas","potentialAction":[{"@type":"SearchAction","target":{"@type":"EntryPoint","urlTemplate":"https:\/\/canonm5.com\/?s={search_term_string}"},"query-input":{"@type":"PropertyValueSpecification","valueRequired":true,"valueName":"search_term_string"}}],"inLanguage":"es"}]}},"_links":{"self":[{"href":"https:\/\/canonm5.com\/index.php\/wp-json\/wp\/v2\/product\/6299","targetHints":{"allow":["GET"]}}],"collection":[{"href":"https:\/\/canonm5.com\/index.php\/wp-json\/wp\/v2\/product"}],"about":[{"href":"https:\/\/canonm5.com\/index.php\/wp-json\/wp\/v2\/types\/product"}],"wp:attachment":[{"href":"https:\/\/canonm5.com\/index.php\/wp-json\/wp\/v2\/media?parent=6299"}],"wp:term":[{"taxonomy":"product_cat","embeddable":true,"href":"https:\/\/canonm5.com\/index.php\/wp-json\/wp\/v2\/product_cat?post=6299"},{"taxonomy":"product_tag","embeddable":true,"href":"https:\/\/canonm5.com\/index.php\/wp-json\/wp\/v2\/product_tag?post=6299"}],"curies":[{"name":"wp","href":"https:\/\/api.w.org\/{rel}","templated":true}]}}