{"id":6115,"date":"2023-01-26T14:49:25","date_gmt":"2023-01-26T14:49:25","guid":{"rendered":"https:\/\/canonm5.com\/?post_type=product&#038;p=6115"},"modified":"2023-02-06T14:54:39","modified_gmt":"2023-02-06T14:54:39","slug":"cutter-para-oficina-9mm","status":"publish","type":"product","link":"https:\/\/canonm5.com\/index.php\/producto\/cutter-para-oficina-9mm\/","title":{"rendered":"CUTTER PARA OFICINA 9mm"},"content":{"rendered":"<p>&#8211; Cutter para oficina<br \/>\n&#8211; Tama\u00f1o: 9 mm.<br \/>\n&#8211; Mango de pl\u00e1stico<br \/>\n&#8211; Hoja de acero retr\u00e1ctil.<br \/>\n&#8211; Gu\u00edas de metal en el mango para mayor rigidez.<br \/>\n&#8211; Cuchillas reemplazables.<\/p>\n<p>&nbsp;<\/p>\n<p><em>E.O. Madrid Cinco S.L., no se responsabiliza de posibles errores tipogr\u00e1ficos y de precio. Las fotograf\u00edas de los productos pueden sufrir cambios<\/em><\/p>\n","protected":false},"excerpt":{"rendered":"<p>&#8211; Cutter para oficina<br \/>\n&#8211; Tama\u00f1o: 9 mm.<br \/>\n&#8211; Mango de pl\u00e1stico<br \/>\n&#8211; Hoja de acero retr\u00e1ctil.<br \/>\n&#8211; Gu\u00edas de metal en el mango para mayor rigidez.<br \/>\n&#8211; Cuchillas reemplazables.<\/p>\n","protected":false},"featured_media":6116,"template":"","meta":{"_et_pb_use_builder":"","_et_pb_old_content":"","_et_gb_content_width":"","_joinchat":[]},"product_cat":[967,966,23,1961],"product_tag":[1984,1983,1676],"class_list":{"0":"post-6115","1":"product","2":"type-product","3":"status-publish","4":"has-post-thumbnail","6":"product_cat-lapices-y-ceras-de-colores","7":"product_cat-material-escolar","8":"product_cat-papeleria","9":"product_cat-tijeras-y-cutters","10":"product_tag-9mm","11":"product_tag-cutter","12":"product_tag-oficina","14":"first","15":"instock","16":"taxable","17":"shipping-taxable","18":"purchasable","19":"product-type-simple"},"yoast_head":"<!-- This site is optimized with the Yoast SEO plugin v27.4 - https:\/\/yoast.com\/product\/yoast-seo-wordpress\/ -->\n<title>CUTTER PARA OFICINA 9mm - Canon M5 Madrid | Distribuidor oficial Canon<\/title>\n<meta name=\"description\" content=\"Cutter para oficina con un tama\u00f1o de 9 mm. Cutter con mango de pl\u00e1stico y hoja de acero retr\u00e1ctil. Las gu\u00edas de metal en el mango mejoran su rigidez. Cuchillas reemplazables.\" \/>\n<meta name=\"robots\" content=\"index, follow, max-snippet:-1, max-image-preview:large, max-video-preview:-1\" \/>\n<link rel=\"canonical\" href=\"https:\/\/canonm5.com\/index.php\/producto\/cutter-para-oficina-9mm\/\" \/>\n<meta property=\"og:locale\" content=\"es_ES\" \/>\n<meta property=\"og:type\" content=\"article\" \/>\n<meta property=\"og:title\" content=\"CUTTER PARA OFICINA 9mm - Canon M5 Madrid | Distribuidor oficial Canon\" \/>\n<meta property=\"og:description\" content=\"Cutter para oficina con un tama\u00f1o de 9 mm. Cutter con mango de pl\u00e1stico y hoja de acero retr\u00e1ctil. Las gu\u00edas de metal en el mango mejoran su rigidez. Cuchillas reemplazables.\" \/>\n<meta property=\"og:url\" content=\"https:\/\/canonm5.com\/index.php\/producto\/cutter-para-oficina-9mm\/\" \/>\n<meta property=\"og:site_name\" content=\"Canon M5 Madrid | Distribuidor oficial Canon\" \/>\n<meta property=\"article:modified_time\" content=\"2023-02-06T14:54:39+00:00\" \/>\n<meta property=\"og:image\" content=\"https:\/\/canonm5.com\/wp-content\/uploads\/2023\/01\/cutter-oficina-9mm-7945001-99.jpg\" \/>\n\t<meta property=\"og:image:width\" content=\"239\" \/>\n\t<meta property=\"og:image:height\" content=\"239\" \/>\n\t<meta property=\"og:image:type\" content=\"image\/jpeg\" \/>\n<meta name=\"twitter:card\" content=\"summary_large_image\" \/>\n<script type=\"application\/ld+json\" class=\"yoast-schema-graph\">{\"@context\":\"https:\\\/\\\/schema.org\",\"@graph\":[{\"@type\":\"WebPage\",\"@id\":\"https:\\\/\\\/canonm5.com\\\/index.php\\\/producto\\\/cutter-para-oficina-9mm\\\/\",\"url\":\"https:\\\/\\\/canonm5.com\\\/index.php\\\/producto\\\/cutter-para-oficina-9mm\\\/\",\"name\":\"CUTTER PARA OFICINA 9mm - Canon M5 Madrid | Distribuidor oficial Canon\",\"isPartOf\":{\"@id\":\"https:\\\/\\\/canonm5.com\\\/#website\"},\"primaryImageOfPage\":{\"@id\":\"https:\\\/\\\/canonm5.com\\\/index.php\\\/producto\\\/cutter-para-oficina-9mm\\\/#primaryimage\"},\"image\":{\"@id\":\"https:\\\/\\\/canonm5.com\\\/index.php\\\/producto\\\/cutter-para-oficina-9mm\\\/#primaryimage\"},\"thumbnailUrl\":\"https:\\\/\\\/canonm5.com\\\/wp-content\\\/uploads\\\/2023\\\/01\\\/cutter-oficina-9mm-7945001-99.jpg\",\"datePublished\":\"2023-01-26T14:49:25+00:00\",\"dateModified\":\"2023-02-06T14:54:39+00:00\",\"description\":\"Cutter para oficina con un tama\u00f1o de 9 mm. Cutter con mango de pl\u00e1stico y hoja de acero retr\u00e1ctil. Las gu\u00edas de metal en el mango mejoran su rigidez. Cuchillas reemplazables.\",\"breadcrumb\":{\"@id\":\"https:\\\/\\\/canonm5.com\\\/index.php\\\/producto\\\/cutter-para-oficina-9mm\\\/#breadcrumb\"},\"inLanguage\":\"es\",\"potentialAction\":[{\"@type\":\"ReadAction\",\"target\":[\"https:\\\/\\\/canonm5.com\\\/index.php\\\/producto\\\/cutter-para-oficina-9mm\\\/\"]}]},{\"@type\":\"ImageObject\",\"inLanguage\":\"es\",\"@id\":\"https:\\\/\\\/canonm5.com\\\/index.php\\\/producto\\\/cutter-para-oficina-9mm\\\/#primaryimage\",\"url\":\"https:\\\/\\\/canonm5.com\\\/wp-content\\\/uploads\\\/2023\\\/01\\\/cutter-oficina-9mm-7945001-99.jpg\",\"contentUrl\":\"https:\\\/\\\/canonm5.com\\\/wp-content\\\/uploads\\\/2023\\\/01\\\/cutter-oficina-9mm-7945001-99.jpg\",\"width\":239,\"height\":239},{\"@type\":\"BreadcrumbList\",\"@id\":\"https:\\\/\\\/canonm5.com\\\/index.php\\\/producto\\\/cutter-para-oficina-9mm\\\/#breadcrumb\",\"itemListElement\":[{\"@type\":\"ListItem\",\"position\":1,\"name\":\"Portada\",\"item\":\"https:\\\/\\\/canonm5.com\\\/\"},{\"@type\":\"ListItem\",\"position\":2,\"name\":\"Nuestros productos\",\"item\":\"https:\\\/\\\/canonm5.com\\\/index.php\\\/productos\\\/\"},{\"@type\":\"ListItem\",\"position\":3,\"name\":\"CUTTER PARA OFICINA 9mm\"}]},{\"@type\":\"WebSite\",\"@id\":\"https:\\\/\\\/canonm5.com\\\/#website\",\"url\":\"https:\\\/\\\/canonm5.com\\\/\",\"name\":\"Canon M5 Madrid | Distribuidor oficial Canon\",\"description\":\"Renting de impresoras para empresas\",\"potentialAction\":[{\"@type\":\"SearchAction\",\"target\":{\"@type\":\"EntryPoint\",\"urlTemplate\":\"https:\\\/\\\/canonm5.com\\\/?s={search_term_string}\"},\"query-input\":{\"@type\":\"PropertyValueSpecification\",\"valueRequired\":true,\"valueName\":\"search_term_string\"}}],\"inLanguage\":\"es\"}]}<\/script>\n<!-- \/ Yoast SEO plugin. -->","yoast_head_json":{"title":"CUTTER PARA OFICINA 9mm - Canon M5 Madrid | Distribuidor oficial Canon","description":"Cutter para oficina con un tama\u00f1o de 9 mm. Cutter con mango de pl\u00e1stico y hoja de acero retr\u00e1ctil. Las gu\u00edas de metal en el mango mejoran su rigidez. Cuchillas reemplazables.","robots":{"index":"index","follow":"follow","max-snippet":"max-snippet:-1","max-image-preview":"max-image-preview:large","max-video-preview":"max-video-preview:-1"},"canonical":"https:\/\/canonm5.com\/index.php\/producto\/cutter-para-oficina-9mm\/","og_locale":"es_ES","og_type":"article","og_title":"CUTTER PARA OFICINA 9mm - Canon M5 Madrid | Distribuidor oficial Canon","og_description":"Cutter para oficina con un tama\u00f1o de 9 mm. Cutter con mango de pl\u00e1stico y hoja de acero retr\u00e1ctil. Las gu\u00edas de metal en el mango mejoran su rigidez. Cuchillas reemplazables.","og_url":"https:\/\/canonm5.com\/index.php\/producto\/cutter-para-oficina-9mm\/","og_site_name":"Canon M5 Madrid | Distribuidor oficial Canon","article_modified_time":"2023-02-06T14:54:39+00:00","og_image":[{"width":239,"height":239,"url":"https:\/\/canonm5.com\/wp-content\/uploads\/2023\/01\/cutter-oficina-9mm-7945001-99.jpg","type":"image\/jpeg"}],"twitter_card":"summary_large_image","schema":{"@context":"https:\/\/schema.org","@graph":[{"@type":"WebPage","@id":"https:\/\/canonm5.com\/index.php\/producto\/cutter-para-oficina-9mm\/","url":"https:\/\/canonm5.com\/index.php\/producto\/cutter-para-oficina-9mm\/","name":"CUTTER PARA OFICINA 9mm - Canon M5 Madrid | Distribuidor oficial Canon","isPartOf":{"@id":"https:\/\/canonm5.com\/#website"},"primaryImageOfPage":{"@id":"https:\/\/canonm5.com\/index.php\/producto\/cutter-para-oficina-9mm\/#primaryimage"},"image":{"@id":"https:\/\/canonm5.com\/index.php\/producto\/cutter-para-oficina-9mm\/#primaryimage"},"thumbnailUrl":"https:\/\/canonm5.com\/wp-content\/uploads\/2023\/01\/cutter-oficina-9mm-7945001-99.jpg","datePublished":"2023-01-26T14:49:25+00:00","dateModified":"2023-02-06T14:54:39+00:00","description":"Cutter para oficina con un tama\u00f1o de 9 mm. Cutter con mango de pl\u00e1stico y hoja de acero retr\u00e1ctil. Las gu\u00edas de metal en el mango mejoran su rigidez. Cuchillas reemplazables.","breadcrumb":{"@id":"https:\/\/canonm5.com\/index.php\/producto\/cutter-para-oficina-9mm\/#breadcrumb"},"inLanguage":"es","potentialAction":[{"@type":"ReadAction","target":["https:\/\/canonm5.com\/index.php\/producto\/cutter-para-oficina-9mm\/"]}]},{"@type":"ImageObject","inLanguage":"es","@id":"https:\/\/canonm5.com\/index.php\/producto\/cutter-para-oficina-9mm\/#primaryimage","url":"https:\/\/canonm5.com\/wp-content\/uploads\/2023\/01\/cutter-oficina-9mm-7945001-99.jpg","contentUrl":"https:\/\/canonm5.com\/wp-content\/uploads\/2023\/01\/cutter-oficina-9mm-7945001-99.jpg","width":239,"height":239},{"@type":"BreadcrumbList","@id":"https:\/\/canonm5.com\/index.php\/producto\/cutter-para-oficina-9mm\/#breadcrumb","itemListElement":[{"@type":"ListItem","position":1,"name":"Portada","item":"https:\/\/canonm5.com\/"},{"@type":"ListItem","position":2,"name":"Nuestros productos","item":"https:\/\/canonm5.com\/index.php\/productos\/"},{"@type":"ListItem","position":3,"name":"CUTTER PARA OFICINA 9mm"}]},{"@type":"WebSite","@id":"https:\/\/canonm5.com\/#website","url":"https:\/\/canonm5.com\/","name":"Canon M5 Madrid | Distribuidor oficial Canon","description":"Renting de impresoras para empresas","potentialAction":[{"@type":"SearchAction","target":{"@type":"EntryPoint","urlTemplate":"https:\/\/canonm5.com\/?s={search_term_string}"},"query-input":{"@type":"PropertyValueSpecification","valueRequired":true,"valueName":"search_term_string"}}],"inLanguage":"es"}]}},"_links":{"self":[{"href":"https:\/\/canonm5.com\/index.php\/wp-json\/wp\/v2\/product\/6115","targetHints":{"allow":["GET"]}}],"collection":[{"href":"https:\/\/canonm5.com\/index.php\/wp-json\/wp\/v2\/product"}],"about":[{"href":"https:\/\/canonm5.com\/index.php\/wp-json\/wp\/v2\/types\/product"}],"wp:featuredmedia":[{"embeddable":true,"href":"https:\/\/canonm5.com\/index.php\/wp-json\/wp\/v2\/media\/6116"}],"wp:attachment":[{"href":"https:\/\/canonm5.com\/index.php\/wp-json\/wp\/v2\/media?parent=6115"}],"wp:term":[{"taxonomy":"product_cat","embeddable":true,"href":"https:\/\/canonm5.com\/index.php\/wp-json\/wp\/v2\/product_cat?post=6115"},{"taxonomy":"product_tag","embeddable":true,"href":"https:\/\/canonm5.com\/index.php\/wp-json\/wp\/v2\/product_tag?post=6115"}],"curies":[{"name":"wp","href":"https:\/\/api.w.org\/{rel}","templated":true}]}}