{"id":6084,"date":"2023-01-25T14:48:42","date_gmt":"2023-01-25T14:48:42","guid":{"rendered":"https:\/\/canonm5.com\/?post_type=product&#038;p=6084"},"modified":"2023-08-17T11:17:15","modified_gmt":"2023-08-17T11:17:15","slug":"tijeras-a-series-de-oficina-13cm","status":"publish","type":"product","link":"https:\/\/canonm5.com\/index.php\/producto\/tijeras-a-series-de-oficina-13cm\/","title":{"rendered":"TIJERAS A-SERIES DE OFICINA 13cm"},"content":{"rendered":"<p>&#8211; Tijeras de oficina<br \/>\n&#8211; Borde afilado y ligero<br \/>\n&#8211; Longitud: 13 cm<br \/>\n&#8211; Cuchillas de acero inoxidable y asas de pl\u00e1stico<br \/>\n&#8211; Adecuado para diestros<\/p>\n<p>&nbsp;<\/p>\n<p><em>E.O. Madrid Cinco S.L., no se responsabiliza de posibles errores tipogr\u00e1ficos y de precio. Las fotograf\u00edas de los productos pueden sufrir cambios<\/em><\/p>\n","protected":false},"excerpt":{"rendered":"<p>&#8211; Tijeras de oficina<br \/>\n&#8211; Borde afilado y ligero<br \/>\n&#8211; Longitud: 13 cm<br \/>\n&#8211; Cuchillas de acero inoxidable y asas de pl\u00e1stico<br \/>\n&#8211; Adecuado para diestros<\/p>\n","protected":false},"featured_media":6085,"template":"","meta":{"_et_pb_use_builder":"","_et_pb_old_content":"","_et_gb_content_width":"","_joinchat":[]},"product_cat":[967,2682,966,23,1961],"product_tag":[1962,1676,970],"class_list":{"0":"post-6084","1":"product","2":"type-product","3":"status-publish","4":"has-post-thumbnail","6":"product_cat-lapices-y-ceras-de-colores","7":"product_cat-la-vuelta-al-cole","8":"product_cat-material-escolar","9":"product_cat-papeleria","10":"product_cat-tijeras-y-cutters","11":"product_tag-13cm","12":"product_tag-oficina","13":"product_tag-tijeras","15":"first","16":"instock","17":"taxable","18":"shipping-taxable","19":"purchasable","20":"product-type-simple"},"yoast_head":"<!-- This site is optimized with the Yoast SEO plugin v27.4 - https:\/\/yoast.com\/product\/yoast-seo-wordpress\/ -->\n<title>TIJERAS A-SERIES DE OFICINA 13cm - Canon M5 Madrid | Distribuidor oficial Canon<\/title>\n<meta name=\"description\" content=\"Tijeras de oficina con borde afilado y ligero. Longitud: 13 cm, con cuchillas de acero inoxidable y asas de pl\u00e1stico negro. Adecuado para diestros. Los agujeros del asa son de forma ergon\u00f3mica y sim\u00e9tricos.\" \/>\n<meta name=\"robots\" content=\"index, follow, max-snippet:-1, max-image-preview:large, max-video-preview:-1\" \/>\n<link rel=\"canonical\" href=\"https:\/\/canonm5.com\/index.php\/producto\/tijeras-a-series-de-oficina-13cm\/\" \/>\n<meta property=\"og:locale\" content=\"es_ES\" \/>\n<meta property=\"og:type\" content=\"article\" \/>\n<meta property=\"og:title\" content=\"TIJERAS A-SERIES DE OFICINA 13cm - Canon M5 Madrid | Distribuidor oficial Canon\" \/>\n<meta property=\"og:description\" content=\"Tijeras de oficina con borde afilado y ligero. Longitud: 13 cm, con cuchillas de acero inoxidable y asas de pl\u00e1stico negro. Adecuado para diestros. Los agujeros del asa son de forma ergon\u00f3mica y sim\u00e9tricos.\" \/>\n<meta property=\"og:url\" content=\"https:\/\/canonm5.com\/index.php\/producto\/tijeras-a-series-de-oficina-13cm\/\" \/>\n<meta property=\"og:site_name\" content=\"Canon M5 Madrid | Distribuidor oficial Canon\" \/>\n<meta property=\"article:modified_time\" content=\"2023-08-17T11:17:15+00:00\" \/>\n<meta property=\"og:image\" content=\"https:\/\/canonm5.com\/wp-content\/uploads\/2023\/01\/tijeras-oficina-a-series-13cm-negro-as1155.jpg\" \/>\n\t<meta property=\"og:image:width\" content=\"239\" \/>\n\t<meta property=\"og:image:height\" content=\"239\" \/>\n\t<meta property=\"og:image:type\" content=\"image\/jpeg\" \/>\n<meta name=\"twitter:card\" content=\"summary_large_image\" \/>\n<script type=\"application\/ld+json\" class=\"yoast-schema-graph\">{\"@context\":\"https:\\\/\\\/schema.org\",\"@graph\":[{\"@type\":\"WebPage\",\"@id\":\"https:\\\/\\\/canonm5.com\\\/index.php\\\/producto\\\/tijeras-a-series-de-oficina-13cm\\\/\",\"url\":\"https:\\\/\\\/canonm5.com\\\/index.php\\\/producto\\\/tijeras-a-series-de-oficina-13cm\\\/\",\"name\":\"TIJERAS A-SERIES DE OFICINA 13cm - Canon M5 Madrid | Distribuidor oficial Canon\",\"isPartOf\":{\"@id\":\"https:\\\/\\\/canonm5.com\\\/#website\"},\"primaryImageOfPage\":{\"@id\":\"https:\\\/\\\/canonm5.com\\\/index.php\\\/producto\\\/tijeras-a-series-de-oficina-13cm\\\/#primaryimage\"},\"image\":{\"@id\":\"https:\\\/\\\/canonm5.com\\\/index.php\\\/producto\\\/tijeras-a-series-de-oficina-13cm\\\/#primaryimage\"},\"thumbnailUrl\":\"https:\\\/\\\/canonm5.com\\\/wp-content\\\/uploads\\\/2023\\\/01\\\/tijeras-oficina-a-series-13cm-negro-as1155.jpg\",\"datePublished\":\"2023-01-25T14:48:42+00:00\",\"dateModified\":\"2023-08-17T11:17:15+00:00\",\"description\":\"Tijeras de oficina con borde afilado y ligero. Longitud: 13 cm, con cuchillas de acero inoxidable y asas de pl\u00e1stico negro. Adecuado para diestros. Los agujeros del asa son de forma ergon\u00f3mica y sim\u00e9tricos.\",\"breadcrumb\":{\"@id\":\"https:\\\/\\\/canonm5.com\\\/index.php\\\/producto\\\/tijeras-a-series-de-oficina-13cm\\\/#breadcrumb\"},\"inLanguage\":\"es\",\"potentialAction\":[{\"@type\":\"ReadAction\",\"target\":[\"https:\\\/\\\/canonm5.com\\\/index.php\\\/producto\\\/tijeras-a-series-de-oficina-13cm\\\/\"]}]},{\"@type\":\"ImageObject\",\"inLanguage\":\"es\",\"@id\":\"https:\\\/\\\/canonm5.com\\\/index.php\\\/producto\\\/tijeras-a-series-de-oficina-13cm\\\/#primaryimage\",\"url\":\"https:\\\/\\\/canonm5.com\\\/wp-content\\\/uploads\\\/2023\\\/01\\\/tijeras-oficina-a-series-13cm-negro-as1155.jpg\",\"contentUrl\":\"https:\\\/\\\/canonm5.com\\\/wp-content\\\/uploads\\\/2023\\\/01\\\/tijeras-oficina-a-series-13cm-negro-as1155.jpg\",\"width\":239,\"height\":239},{\"@type\":\"BreadcrumbList\",\"@id\":\"https:\\\/\\\/canonm5.com\\\/index.php\\\/producto\\\/tijeras-a-series-de-oficina-13cm\\\/#breadcrumb\",\"itemListElement\":[{\"@type\":\"ListItem\",\"position\":1,\"name\":\"Portada\",\"item\":\"https:\\\/\\\/canonm5.com\\\/\"},{\"@type\":\"ListItem\",\"position\":2,\"name\":\"Nuestros productos\",\"item\":\"https:\\\/\\\/canonm5.com\\\/index.php\\\/productos\\\/\"},{\"@type\":\"ListItem\",\"position\":3,\"name\":\"TIJERAS A-SERIES DE OFICINA 13cm\"}]},{\"@type\":\"WebSite\",\"@id\":\"https:\\\/\\\/canonm5.com\\\/#website\",\"url\":\"https:\\\/\\\/canonm5.com\\\/\",\"name\":\"Canon M5 Madrid | Distribuidor oficial Canon\",\"description\":\"Renting de impresoras para empresas\",\"potentialAction\":[{\"@type\":\"SearchAction\",\"target\":{\"@type\":\"EntryPoint\",\"urlTemplate\":\"https:\\\/\\\/canonm5.com\\\/?s={search_term_string}\"},\"query-input\":{\"@type\":\"PropertyValueSpecification\",\"valueRequired\":true,\"valueName\":\"search_term_string\"}}],\"inLanguage\":\"es\"}]}<\/script>\n<!-- \/ Yoast SEO plugin. -->","yoast_head_json":{"title":"TIJERAS A-SERIES DE OFICINA 13cm - Canon M5 Madrid | Distribuidor oficial Canon","description":"Tijeras de oficina con borde afilado y ligero. Longitud: 13 cm, con cuchillas de acero inoxidable y asas de pl\u00e1stico negro. Adecuado para diestros. Los agujeros del asa son de forma ergon\u00f3mica y sim\u00e9tricos.","robots":{"index":"index","follow":"follow","max-snippet":"max-snippet:-1","max-image-preview":"max-image-preview:large","max-video-preview":"max-video-preview:-1"},"canonical":"https:\/\/canonm5.com\/index.php\/producto\/tijeras-a-series-de-oficina-13cm\/","og_locale":"es_ES","og_type":"article","og_title":"TIJERAS A-SERIES DE OFICINA 13cm - Canon M5 Madrid | Distribuidor oficial Canon","og_description":"Tijeras de oficina con borde afilado y ligero. Longitud: 13 cm, con cuchillas de acero inoxidable y asas de pl\u00e1stico negro. Adecuado para diestros. Los agujeros del asa son de forma ergon\u00f3mica y sim\u00e9tricos.","og_url":"https:\/\/canonm5.com\/index.php\/producto\/tijeras-a-series-de-oficina-13cm\/","og_site_name":"Canon M5 Madrid | Distribuidor oficial Canon","article_modified_time":"2023-08-17T11:17:15+00:00","og_image":[{"width":239,"height":239,"url":"https:\/\/canonm5.com\/wp-content\/uploads\/2023\/01\/tijeras-oficina-a-series-13cm-negro-as1155.jpg","type":"image\/jpeg"}],"twitter_card":"summary_large_image","schema":{"@context":"https:\/\/schema.org","@graph":[{"@type":"WebPage","@id":"https:\/\/canonm5.com\/index.php\/producto\/tijeras-a-series-de-oficina-13cm\/","url":"https:\/\/canonm5.com\/index.php\/producto\/tijeras-a-series-de-oficina-13cm\/","name":"TIJERAS A-SERIES DE OFICINA 13cm - Canon M5 Madrid | Distribuidor oficial Canon","isPartOf":{"@id":"https:\/\/canonm5.com\/#website"},"primaryImageOfPage":{"@id":"https:\/\/canonm5.com\/index.php\/producto\/tijeras-a-series-de-oficina-13cm\/#primaryimage"},"image":{"@id":"https:\/\/canonm5.com\/index.php\/producto\/tijeras-a-series-de-oficina-13cm\/#primaryimage"},"thumbnailUrl":"https:\/\/canonm5.com\/wp-content\/uploads\/2023\/01\/tijeras-oficina-a-series-13cm-negro-as1155.jpg","datePublished":"2023-01-25T14:48:42+00:00","dateModified":"2023-08-17T11:17:15+00:00","description":"Tijeras de oficina con borde afilado y ligero. Longitud: 13 cm, con cuchillas de acero inoxidable y asas de pl\u00e1stico negro. Adecuado para diestros. Los agujeros del asa son de forma ergon\u00f3mica y sim\u00e9tricos.","breadcrumb":{"@id":"https:\/\/canonm5.com\/index.php\/producto\/tijeras-a-series-de-oficina-13cm\/#breadcrumb"},"inLanguage":"es","potentialAction":[{"@type":"ReadAction","target":["https:\/\/canonm5.com\/index.php\/producto\/tijeras-a-series-de-oficina-13cm\/"]}]},{"@type":"ImageObject","inLanguage":"es","@id":"https:\/\/canonm5.com\/index.php\/producto\/tijeras-a-series-de-oficina-13cm\/#primaryimage","url":"https:\/\/canonm5.com\/wp-content\/uploads\/2023\/01\/tijeras-oficina-a-series-13cm-negro-as1155.jpg","contentUrl":"https:\/\/canonm5.com\/wp-content\/uploads\/2023\/01\/tijeras-oficina-a-series-13cm-negro-as1155.jpg","width":239,"height":239},{"@type":"BreadcrumbList","@id":"https:\/\/canonm5.com\/index.php\/producto\/tijeras-a-series-de-oficina-13cm\/#breadcrumb","itemListElement":[{"@type":"ListItem","position":1,"name":"Portada","item":"https:\/\/canonm5.com\/"},{"@type":"ListItem","position":2,"name":"Nuestros productos","item":"https:\/\/canonm5.com\/index.php\/productos\/"},{"@type":"ListItem","position":3,"name":"TIJERAS A-SERIES DE OFICINA 13cm"}]},{"@type":"WebSite","@id":"https:\/\/canonm5.com\/#website","url":"https:\/\/canonm5.com\/","name":"Canon M5 Madrid | Distribuidor oficial Canon","description":"Renting de impresoras para empresas","potentialAction":[{"@type":"SearchAction","target":{"@type":"EntryPoint","urlTemplate":"https:\/\/canonm5.com\/?s={search_term_string}"},"query-input":{"@type":"PropertyValueSpecification","valueRequired":true,"valueName":"search_term_string"}}],"inLanguage":"es"}]}},"_links":{"self":[{"href":"https:\/\/canonm5.com\/index.php\/wp-json\/wp\/v2\/product\/6084","targetHints":{"allow":["GET"]}}],"collection":[{"href":"https:\/\/canonm5.com\/index.php\/wp-json\/wp\/v2\/product"}],"about":[{"href":"https:\/\/canonm5.com\/index.php\/wp-json\/wp\/v2\/types\/product"}],"wp:featuredmedia":[{"embeddable":true,"href":"https:\/\/canonm5.com\/index.php\/wp-json\/wp\/v2\/media\/6085"}],"wp:attachment":[{"href":"https:\/\/canonm5.com\/index.php\/wp-json\/wp\/v2\/media?parent=6084"}],"wp:term":[{"taxonomy":"product_cat","embeddable":true,"href":"https:\/\/canonm5.com\/index.php\/wp-json\/wp\/v2\/product_cat?post=6084"},{"taxonomy":"product_tag","embeddable":true,"href":"https:\/\/canonm5.com\/index.php\/wp-json\/wp\/v2\/product_tag?post=6084"}],"curies":[{"name":"wp","href":"https:\/\/api.w.org\/{rel}","templated":true}]}}