{"id":5613,"date":"2023-01-11T15:10:56","date_gmt":"2023-01-11T15:10:56","guid":{"rendered":"https:\/\/canonm5.com\/?post_type=product&#038;p=5613"},"modified":"2023-01-16T14:58:27","modified_gmt":"2023-01-16T14:58:27","slug":"bote-cola-liquida-apli-water-glue-70ml","status":"publish","type":"product","link":"https:\/\/canonm5.com\/index.php\/producto\/bote-cola-liquida-apli-water-glue-70ml\/","title":{"rendered":"BOTE COLA L\u00cdQUIDA APLI \u00abWATER GLUE\u00bb 70ml"},"content":{"rendered":"<p>&#8211; Cola adhesiva extrafuerte<br \/>\n&#8211; Base de agua<br \/>\n&#8211; C\u00f3moda y de f\u00e1cil aplicaci\u00f3n<br \/>\n&#8211; Ideal para la escuela o la oficin<\/p>\n<p>&nbsp;<\/p>\n<p><em>E.O. Madrid Cinco S.L., no se responsabiliza de posibles errores tipogr\u00e1ficos y de precio. Las fotograf\u00edas de los productos pueden sufrir cambios<\/em><\/p>\n<p>&nbsp;<\/p>\n","protected":false},"excerpt":{"rendered":"<p>&#8211; Cola adhesiva extrafuerte<br \/>\n&#8211; Base de agua<br \/>\n&#8211; C\u00f3moda y de f\u00e1cil aplicaci\u00f3n<br \/>\n&#8211; Ideal para la escuela o la oficina<br \/>\n&#8211; Especial para papel y cart\u00f3n<\/p>\n","protected":false},"featured_media":5614,"template":"","meta":{"_et_pb_use_builder":"","_et_pb_old_content":"","_et_gb_content_width":"","_joinchat":[]},"product_cat":[1723,966],"product_tag":[166,1785,1783,1784],"class_list":{"0":"post-5613","1":"product","2":"type-product","3":"status-publish","4":"has-post-thumbnail","6":"product_cat-articulos-de-fiesta","7":"product_cat-material-escolar","8":"product_tag-apli","9":"product_tag-glue","10":"product_tag-liquida","11":"product_tag-water","13":"first","14":"instock","15":"taxable","16":"shipping-taxable","17":"purchasable","18":"product-type-simple"},"yoast_head":"<!-- This site is optimized with the Yoast SEO plugin v27.4 - https:\/\/yoast.com\/product\/yoast-seo-wordpress\/ -->\n<title>BOTE COLA L\u00cdQUIDA APLI &quot;WATER GLUE&quot; 70ml - Canon M5 Madrid | Distribuidor oficial Canon<\/title>\n<meta name=\"description\" content=\"Cola adhesiva extrafuerte en base de agua, c\u00f3moda y de f\u00e1cil aplicaci\u00f3n gracias a su formato. Ideal para la escuela o la oficina. Especial para papel y cart\u00f3n. Contenido: 70 ml. Color: Transparente.\" \/>\n<meta name=\"robots\" content=\"index, follow, max-snippet:-1, max-image-preview:large, max-video-preview:-1\" \/>\n<link rel=\"canonical\" href=\"https:\/\/canonm5.com\/index.php\/producto\/bote-cola-liquida-apli-water-glue-70ml\/\" \/>\n<meta property=\"og:locale\" content=\"es_ES\" \/>\n<meta property=\"og:type\" content=\"article\" \/>\n<meta property=\"og:title\" content=\"BOTE COLA L\u00cdQUIDA APLI &quot;WATER GLUE&quot; 70ml - Canon M5 Madrid | Distribuidor oficial Canon\" \/>\n<meta property=\"og:description\" content=\"Cola adhesiva extrafuerte en base de agua, c\u00f3moda y de f\u00e1cil aplicaci\u00f3n gracias a su formato. Ideal para la escuela o la oficina. Especial para papel y cart\u00f3n. Contenido: 70 ml. Color: Transparente.\" \/>\n<meta property=\"og:url\" content=\"https:\/\/canonm5.com\/index.php\/producto\/bote-cola-liquida-apli-water-glue-70ml\/\" \/>\n<meta property=\"og:site_name\" content=\"Canon M5 Madrid | Distribuidor oficial Canon\" \/>\n<meta property=\"article:modified_time\" content=\"2023-01-16T14:58:27+00:00\" \/>\n<meta property=\"og:image\" content=\"https:\/\/canonm5.com\/wp-content\/uploads\/2023\/01\/bote-cola-liq-apli-70ml-water-glue.jpg\" \/>\n\t<meta property=\"og:image:width\" content=\"239\" \/>\n\t<meta property=\"og:image:height\" content=\"239\" \/>\n\t<meta property=\"og:image:type\" content=\"image\/jpeg\" \/>\n<meta name=\"twitter:card\" content=\"summary_large_image\" \/>\n<script type=\"application\/ld+json\" class=\"yoast-schema-graph\">{\"@context\":\"https:\\\/\\\/schema.org\",\"@graph\":[{\"@type\":\"WebPage\",\"@id\":\"https:\\\/\\\/canonm5.com\\\/index.php\\\/producto\\\/bote-cola-liquida-apli-water-glue-70ml\\\/\",\"url\":\"https:\\\/\\\/canonm5.com\\\/index.php\\\/producto\\\/bote-cola-liquida-apli-water-glue-70ml\\\/\",\"name\":\"BOTE COLA L\u00cdQUIDA APLI \\\"WATER GLUE\\\" 70ml - Canon M5 Madrid | Distribuidor oficial Canon\",\"isPartOf\":{\"@id\":\"https:\\\/\\\/canonm5.com\\\/#website\"},\"primaryImageOfPage\":{\"@id\":\"https:\\\/\\\/canonm5.com\\\/index.php\\\/producto\\\/bote-cola-liquida-apli-water-glue-70ml\\\/#primaryimage\"},\"image\":{\"@id\":\"https:\\\/\\\/canonm5.com\\\/index.php\\\/producto\\\/bote-cola-liquida-apli-water-glue-70ml\\\/#primaryimage\"},\"thumbnailUrl\":\"https:\\\/\\\/canonm5.com\\\/wp-content\\\/uploads\\\/2023\\\/01\\\/bote-cola-liq-apli-70ml-water-glue.jpg\",\"datePublished\":\"2023-01-11T15:10:56+00:00\",\"dateModified\":\"2023-01-16T14:58:27+00:00\",\"description\":\"Cola adhesiva extrafuerte en base de agua, c\u00f3moda y de f\u00e1cil aplicaci\u00f3n gracias a su formato. Ideal para la escuela o la oficina. Especial para papel y cart\u00f3n. Contenido: 70 ml. Color: Transparente.\",\"breadcrumb\":{\"@id\":\"https:\\\/\\\/canonm5.com\\\/index.php\\\/producto\\\/bote-cola-liquida-apli-water-glue-70ml\\\/#breadcrumb\"},\"inLanguage\":\"es\",\"potentialAction\":[{\"@type\":\"ReadAction\",\"target\":[\"https:\\\/\\\/canonm5.com\\\/index.php\\\/producto\\\/bote-cola-liquida-apli-water-glue-70ml\\\/\"]}]},{\"@type\":\"ImageObject\",\"inLanguage\":\"es\",\"@id\":\"https:\\\/\\\/canonm5.com\\\/index.php\\\/producto\\\/bote-cola-liquida-apli-water-glue-70ml\\\/#primaryimage\",\"url\":\"https:\\\/\\\/canonm5.com\\\/wp-content\\\/uploads\\\/2023\\\/01\\\/bote-cola-liq-apli-70ml-water-glue.jpg\",\"contentUrl\":\"https:\\\/\\\/canonm5.com\\\/wp-content\\\/uploads\\\/2023\\\/01\\\/bote-cola-liq-apli-70ml-water-glue.jpg\",\"width\":239,\"height\":239},{\"@type\":\"BreadcrumbList\",\"@id\":\"https:\\\/\\\/canonm5.com\\\/index.php\\\/producto\\\/bote-cola-liquida-apli-water-glue-70ml\\\/#breadcrumb\",\"itemListElement\":[{\"@type\":\"ListItem\",\"position\":1,\"name\":\"Portada\",\"item\":\"https:\\\/\\\/canonm5.com\\\/\"},{\"@type\":\"ListItem\",\"position\":2,\"name\":\"Nuestros productos\",\"item\":\"https:\\\/\\\/canonm5.com\\\/index.php\\\/productos\\\/\"},{\"@type\":\"ListItem\",\"position\":3,\"name\":\"BOTE COLA L\u00cdQUIDA APLI &#8220;WATER GLUE&#8221; 70ml\"}]},{\"@type\":\"WebSite\",\"@id\":\"https:\\\/\\\/canonm5.com\\\/#website\",\"url\":\"https:\\\/\\\/canonm5.com\\\/\",\"name\":\"Canon M5 Madrid | Distribuidor oficial Canon\",\"description\":\"Renting de impresoras para empresas\",\"potentialAction\":[{\"@type\":\"SearchAction\",\"target\":{\"@type\":\"EntryPoint\",\"urlTemplate\":\"https:\\\/\\\/canonm5.com\\\/?s={search_term_string}\"},\"query-input\":{\"@type\":\"PropertyValueSpecification\",\"valueRequired\":true,\"valueName\":\"search_term_string\"}}],\"inLanguage\":\"es\"}]}<\/script>\n<!-- \/ Yoast SEO plugin. -->","yoast_head_json":{"title":"BOTE COLA L\u00cdQUIDA APLI \"WATER GLUE\" 70ml - Canon M5 Madrid | Distribuidor oficial Canon","description":"Cola adhesiva extrafuerte en base de agua, c\u00f3moda y de f\u00e1cil aplicaci\u00f3n gracias a su formato. Ideal para la escuela o la oficina. Especial para papel y cart\u00f3n. Contenido: 70 ml. Color: Transparente.","robots":{"index":"index","follow":"follow","max-snippet":"max-snippet:-1","max-image-preview":"max-image-preview:large","max-video-preview":"max-video-preview:-1"},"canonical":"https:\/\/canonm5.com\/index.php\/producto\/bote-cola-liquida-apli-water-glue-70ml\/","og_locale":"es_ES","og_type":"article","og_title":"BOTE COLA L\u00cdQUIDA APLI \"WATER GLUE\" 70ml - Canon M5 Madrid | Distribuidor oficial Canon","og_description":"Cola adhesiva extrafuerte en base de agua, c\u00f3moda y de f\u00e1cil aplicaci\u00f3n gracias a su formato. Ideal para la escuela o la oficina. Especial para papel y cart\u00f3n. Contenido: 70 ml. Color: Transparente.","og_url":"https:\/\/canonm5.com\/index.php\/producto\/bote-cola-liquida-apli-water-glue-70ml\/","og_site_name":"Canon M5 Madrid | Distribuidor oficial Canon","article_modified_time":"2023-01-16T14:58:27+00:00","og_image":[{"width":239,"height":239,"url":"https:\/\/canonm5.com\/wp-content\/uploads\/2023\/01\/bote-cola-liq-apli-70ml-water-glue.jpg","type":"image\/jpeg"}],"twitter_card":"summary_large_image","schema":{"@context":"https:\/\/schema.org","@graph":[{"@type":"WebPage","@id":"https:\/\/canonm5.com\/index.php\/producto\/bote-cola-liquida-apli-water-glue-70ml\/","url":"https:\/\/canonm5.com\/index.php\/producto\/bote-cola-liquida-apli-water-glue-70ml\/","name":"BOTE COLA L\u00cdQUIDA APLI \"WATER GLUE\" 70ml - Canon M5 Madrid | Distribuidor oficial Canon","isPartOf":{"@id":"https:\/\/canonm5.com\/#website"},"primaryImageOfPage":{"@id":"https:\/\/canonm5.com\/index.php\/producto\/bote-cola-liquida-apli-water-glue-70ml\/#primaryimage"},"image":{"@id":"https:\/\/canonm5.com\/index.php\/producto\/bote-cola-liquida-apli-water-glue-70ml\/#primaryimage"},"thumbnailUrl":"https:\/\/canonm5.com\/wp-content\/uploads\/2023\/01\/bote-cola-liq-apli-70ml-water-glue.jpg","datePublished":"2023-01-11T15:10:56+00:00","dateModified":"2023-01-16T14:58:27+00:00","description":"Cola adhesiva extrafuerte en base de agua, c\u00f3moda y de f\u00e1cil aplicaci\u00f3n gracias a su formato. Ideal para la escuela o la oficina. Especial para papel y cart\u00f3n. Contenido: 70 ml. Color: Transparente.","breadcrumb":{"@id":"https:\/\/canonm5.com\/index.php\/producto\/bote-cola-liquida-apli-water-glue-70ml\/#breadcrumb"},"inLanguage":"es","potentialAction":[{"@type":"ReadAction","target":["https:\/\/canonm5.com\/index.php\/producto\/bote-cola-liquida-apli-water-glue-70ml\/"]}]},{"@type":"ImageObject","inLanguage":"es","@id":"https:\/\/canonm5.com\/index.php\/producto\/bote-cola-liquida-apli-water-glue-70ml\/#primaryimage","url":"https:\/\/canonm5.com\/wp-content\/uploads\/2023\/01\/bote-cola-liq-apli-70ml-water-glue.jpg","contentUrl":"https:\/\/canonm5.com\/wp-content\/uploads\/2023\/01\/bote-cola-liq-apli-70ml-water-glue.jpg","width":239,"height":239},{"@type":"BreadcrumbList","@id":"https:\/\/canonm5.com\/index.php\/producto\/bote-cola-liquida-apli-water-glue-70ml\/#breadcrumb","itemListElement":[{"@type":"ListItem","position":1,"name":"Portada","item":"https:\/\/canonm5.com\/"},{"@type":"ListItem","position":2,"name":"Nuestros productos","item":"https:\/\/canonm5.com\/index.php\/productos\/"},{"@type":"ListItem","position":3,"name":"BOTE COLA L\u00cdQUIDA APLI &#8220;WATER GLUE&#8221; 70ml"}]},{"@type":"WebSite","@id":"https:\/\/canonm5.com\/#website","url":"https:\/\/canonm5.com\/","name":"Canon M5 Madrid | Distribuidor oficial Canon","description":"Renting de impresoras para empresas","potentialAction":[{"@type":"SearchAction","target":{"@type":"EntryPoint","urlTemplate":"https:\/\/canonm5.com\/?s={search_term_string}"},"query-input":{"@type":"PropertyValueSpecification","valueRequired":true,"valueName":"search_term_string"}}],"inLanguage":"es"}]}},"_links":{"self":[{"href":"https:\/\/canonm5.com\/index.php\/wp-json\/wp\/v2\/product\/5613","targetHints":{"allow":["GET"]}}],"collection":[{"href":"https:\/\/canonm5.com\/index.php\/wp-json\/wp\/v2\/product"}],"about":[{"href":"https:\/\/canonm5.com\/index.php\/wp-json\/wp\/v2\/types\/product"}],"wp:featuredmedia":[{"embeddable":true,"href":"https:\/\/canonm5.com\/index.php\/wp-json\/wp\/v2\/media\/5614"}],"wp:attachment":[{"href":"https:\/\/canonm5.com\/index.php\/wp-json\/wp\/v2\/media?parent=5613"}],"wp:term":[{"taxonomy":"product_cat","embeddable":true,"href":"https:\/\/canonm5.com\/index.php\/wp-json\/wp\/v2\/product_cat?post=5613"},{"taxonomy":"product_tag","embeddable":true,"href":"https:\/\/canonm5.com\/index.php\/wp-json\/wp\/v2\/product_tag?post=5613"}],"curies":[{"name":"wp","href":"https:\/\/api.w.org\/{rel}","templated":true}]}}