{"id":5599,"date":"2023-01-11T14:43:55","date_gmt":"2023-01-11T14:43:55","guid":{"rendered":"https:\/\/canonm5.com\/?post_type=product&#038;p=5599"},"modified":"2023-01-16T14:49:27","modified_gmt":"2023-01-16T14:49:27","slug":"pack-25-bolsas-impresas-fixo-kids-para-disfraces-vaca-dalmata","status":"publish","type":"product","link":"https:\/\/canonm5.com\/index.php\/producto\/pack-25-bolsas-impresas-fixo-kids-para-disfraces-vaca-dalmata\/","title":{"rendered":"PACK 25 BOLSAS IMPRESAS FIXO KIDS PARA DISFRACES \u00abVACA \/ D\u00c1LMATA\u00bb"},"content":{"rendered":"<p>&#8211; Ideales para la creaci\u00f3n de disfraces<br \/>\n&#8211; Reciclables<br \/>\n&#8211; Medidas: 56 x 70 cm<br \/>\n&#8211; Con agujero de seguridad antiahogo<br \/>\n&#8211; Se pueden pintar, cortar, pegar o coser<br \/>\n&#8211; Una opci\u00f3n f\u00e1cil, r\u00e1pida y creativa<\/p>\n<p>BAJO PEDIDO<\/p>\n<p><em>E.O. Madrid Cinco S.L., no se responsabiliza de posibles errores tipogr\u00e1ficos y de precio. Las fotograf\u00edas de los productos pueden sufrir cambios<\/em><\/p>\n","protected":false},"excerpt":{"rendered":"<p>&#8211; Ideales para la creaci\u00f3n de disfraces<br \/>\n&#8211; Reciclables<br \/>\n&#8211; Medidas: 56 x 70 cm<br \/>\n&#8211; Con agujero de seguridad antiahogo<br \/>\n&#8211; Se pueden pintar, cortar, pegar o coser<br \/>\n&#8211; Una opci\u00f3n f\u00e1cil, r\u00e1pida y creativa<\/p>\n<p>BAJO PEDIDO<\/p>\n<p>BAJO PEDIDO<\/p>\n","protected":false},"featured_media":5600,"template":"","meta":{"_et_pb_use_builder":"","_et_pb_old_content":"","_et_gb_content_width":"","_joinchat":[]},"product_cat":[1723,966],"product_tag":[287,1752,1751,1743,1749,302,1777],"class_list":{"0":"post-5599","1":"product","2":"type-product","3":"status-publish","4":"has-post-thumbnail","6":"product_cat-articulos-de-fiesta","7":"product_cat-material-escolar","8":"product_tag-bolsa","9":"product_tag-carnaval","10":"product_tag-dalmata","11":"product_tag-disfraces","12":"product_tag-escolar","13":"product_tag-fixo","14":"product_tag-vaca","16":"first","17":"instock","18":"taxable","19":"shipping-taxable","20":"purchasable","21":"product-type-simple"},"yoast_head":"<!-- This site is optimized with the Yoast SEO plugin v27.4 - https:\/\/yoast.com\/product\/yoast-seo-wordpress\/ -->\n<title>PACK 25 BOLSAS IMPRESAS FIXO KIDS PARA DISFRACES &quot;VACA \/ D\u00c1LMATA&quot; - Canon M5 Madrid | Distribuidor oficial Canon<\/title>\n<meta name=\"description\" content=\"Bolsas impresas a doble cara. Fabricadas en pl\u00e1stico reciclable con agujero de seguridad antiahogo. Se pueden pintar, cortar, pegar, coser etc. Ideales para la creaci\u00f3n de distintos disfraces. Una opci\u00f3n f\u00e1cil, r\u00e1pida y creativa. Medidas: 56x70cm.\" \/>\n<meta name=\"robots\" content=\"index, follow, max-snippet:-1, max-image-preview:large, max-video-preview:-1\" \/>\n<link rel=\"canonical\" href=\"https:\/\/canonm5.com\/index.php\/producto\/pack-25-bolsas-impresas-fixo-kids-para-disfraces-vaca-dalmata\/\" \/>\n<meta property=\"og:locale\" content=\"es_ES\" \/>\n<meta property=\"og:type\" content=\"article\" \/>\n<meta property=\"og:title\" content=\"PACK 25 BOLSAS IMPRESAS FIXO KIDS PARA DISFRACES &quot;VACA \/ D\u00c1LMATA&quot; - Canon M5 Madrid | Distribuidor oficial Canon\" \/>\n<meta property=\"og:description\" content=\"Bolsas impresas a doble cara. Fabricadas en pl\u00e1stico reciclable con agujero de seguridad antiahogo. Se pueden pintar, cortar, pegar, coser etc. Ideales para la creaci\u00f3n de distintos disfraces. Una opci\u00f3n f\u00e1cil, r\u00e1pida y creativa. Medidas: 56x70cm.\" \/>\n<meta property=\"og:url\" content=\"https:\/\/canonm5.com\/index.php\/producto\/pack-25-bolsas-impresas-fixo-kids-para-disfraces-vaca-dalmata\/\" \/>\n<meta property=\"og:site_name\" content=\"Canon M5 Madrid | Distribuidor oficial Canon\" \/>\n<meta property=\"article:modified_time\" content=\"2023-01-16T14:49:27+00:00\" \/>\n<meta property=\"og:image\" content=\"https:\/\/canonm5.com\/wp-content\/uploads\/2023\/01\/pack-25-bolsa-disfraz-fixo-56x70-vaca-dalmata.jpg\" \/>\n\t<meta property=\"og:image:width\" content=\"239\" \/>\n\t<meta property=\"og:image:height\" content=\"239\" \/>\n\t<meta property=\"og:image:type\" content=\"image\/jpeg\" \/>\n<meta name=\"twitter:card\" content=\"summary_large_image\" \/>\n<script type=\"application\/ld+json\" class=\"yoast-schema-graph\">{\"@context\":\"https:\\\/\\\/schema.org\",\"@graph\":[{\"@type\":\"WebPage\",\"@id\":\"https:\\\/\\\/canonm5.com\\\/index.php\\\/producto\\\/pack-25-bolsas-impresas-fixo-kids-para-disfraces-vaca-dalmata\\\/\",\"url\":\"https:\\\/\\\/canonm5.com\\\/index.php\\\/producto\\\/pack-25-bolsas-impresas-fixo-kids-para-disfraces-vaca-dalmata\\\/\",\"name\":\"PACK 25 BOLSAS IMPRESAS FIXO KIDS PARA DISFRACES \\\"VACA \\\/ D\u00c1LMATA\\\" - Canon M5 Madrid | Distribuidor oficial Canon\",\"isPartOf\":{\"@id\":\"https:\\\/\\\/canonm5.com\\\/#website\"},\"primaryImageOfPage\":{\"@id\":\"https:\\\/\\\/canonm5.com\\\/index.php\\\/producto\\\/pack-25-bolsas-impresas-fixo-kids-para-disfraces-vaca-dalmata\\\/#primaryimage\"},\"image\":{\"@id\":\"https:\\\/\\\/canonm5.com\\\/index.php\\\/producto\\\/pack-25-bolsas-impresas-fixo-kids-para-disfraces-vaca-dalmata\\\/#primaryimage\"},\"thumbnailUrl\":\"https:\\\/\\\/canonm5.com\\\/wp-content\\\/uploads\\\/2023\\\/01\\\/pack-25-bolsa-disfraz-fixo-56x70-vaca-dalmata.jpg\",\"datePublished\":\"2023-01-11T14:43:55+00:00\",\"dateModified\":\"2023-01-16T14:49:27+00:00\",\"description\":\"Bolsas impresas a doble cara. Fabricadas en pl\u00e1stico reciclable con agujero de seguridad antiahogo. Se pueden pintar, cortar, pegar, coser etc. Ideales para la creaci\u00f3n de distintos disfraces. Una opci\u00f3n f\u00e1cil, r\u00e1pida y creativa. Medidas: 56x70cm.\",\"breadcrumb\":{\"@id\":\"https:\\\/\\\/canonm5.com\\\/index.php\\\/producto\\\/pack-25-bolsas-impresas-fixo-kids-para-disfraces-vaca-dalmata\\\/#breadcrumb\"},\"inLanguage\":\"es\",\"potentialAction\":[{\"@type\":\"ReadAction\",\"target\":[\"https:\\\/\\\/canonm5.com\\\/index.php\\\/producto\\\/pack-25-bolsas-impresas-fixo-kids-para-disfraces-vaca-dalmata\\\/\"]}]},{\"@type\":\"ImageObject\",\"inLanguage\":\"es\",\"@id\":\"https:\\\/\\\/canonm5.com\\\/index.php\\\/producto\\\/pack-25-bolsas-impresas-fixo-kids-para-disfraces-vaca-dalmata\\\/#primaryimage\",\"url\":\"https:\\\/\\\/canonm5.com\\\/wp-content\\\/uploads\\\/2023\\\/01\\\/pack-25-bolsa-disfraz-fixo-56x70-vaca-dalmata.jpg\",\"contentUrl\":\"https:\\\/\\\/canonm5.com\\\/wp-content\\\/uploads\\\/2023\\\/01\\\/pack-25-bolsa-disfraz-fixo-56x70-vaca-dalmata.jpg\",\"width\":239,\"height\":239},{\"@type\":\"BreadcrumbList\",\"@id\":\"https:\\\/\\\/canonm5.com\\\/index.php\\\/producto\\\/pack-25-bolsas-impresas-fixo-kids-para-disfraces-vaca-dalmata\\\/#breadcrumb\",\"itemListElement\":[{\"@type\":\"ListItem\",\"position\":1,\"name\":\"Portada\",\"item\":\"https:\\\/\\\/canonm5.com\\\/\"},{\"@type\":\"ListItem\",\"position\":2,\"name\":\"Nuestros productos\",\"item\":\"https:\\\/\\\/canonm5.com\\\/index.php\\\/productos\\\/\"},{\"@type\":\"ListItem\",\"position\":3,\"name\":\"PACK 25 BOLSAS IMPRESAS FIXO KIDS PARA DISFRACES &#8220;VACA \\\/ D\u00c1LMATA&#8221;\"}]},{\"@type\":\"WebSite\",\"@id\":\"https:\\\/\\\/canonm5.com\\\/#website\",\"url\":\"https:\\\/\\\/canonm5.com\\\/\",\"name\":\"Canon M5 Madrid | Distribuidor oficial Canon\",\"description\":\"Renting de impresoras para empresas\",\"potentialAction\":[{\"@type\":\"SearchAction\",\"target\":{\"@type\":\"EntryPoint\",\"urlTemplate\":\"https:\\\/\\\/canonm5.com\\\/?s={search_term_string}\"},\"query-input\":{\"@type\":\"PropertyValueSpecification\",\"valueRequired\":true,\"valueName\":\"search_term_string\"}}],\"inLanguage\":\"es\"}]}<\/script>\n<!-- \/ Yoast SEO plugin. -->","yoast_head_json":{"title":"PACK 25 BOLSAS IMPRESAS FIXO KIDS PARA DISFRACES \"VACA \/ D\u00c1LMATA\" - Canon M5 Madrid | Distribuidor oficial Canon","description":"Bolsas impresas a doble cara. Fabricadas en pl\u00e1stico reciclable con agujero de seguridad antiahogo. Se pueden pintar, cortar, pegar, coser etc. Ideales para la creaci\u00f3n de distintos disfraces. Una opci\u00f3n f\u00e1cil, r\u00e1pida y creativa. Medidas: 56x70cm.","robots":{"index":"index","follow":"follow","max-snippet":"max-snippet:-1","max-image-preview":"max-image-preview:large","max-video-preview":"max-video-preview:-1"},"canonical":"https:\/\/canonm5.com\/index.php\/producto\/pack-25-bolsas-impresas-fixo-kids-para-disfraces-vaca-dalmata\/","og_locale":"es_ES","og_type":"article","og_title":"PACK 25 BOLSAS IMPRESAS FIXO KIDS PARA DISFRACES \"VACA \/ D\u00c1LMATA\" - Canon M5 Madrid | Distribuidor oficial Canon","og_description":"Bolsas impresas a doble cara. Fabricadas en pl\u00e1stico reciclable con agujero de seguridad antiahogo. Se pueden pintar, cortar, pegar, coser etc. Ideales para la creaci\u00f3n de distintos disfraces. Una opci\u00f3n f\u00e1cil, r\u00e1pida y creativa. Medidas: 56x70cm.","og_url":"https:\/\/canonm5.com\/index.php\/producto\/pack-25-bolsas-impresas-fixo-kids-para-disfraces-vaca-dalmata\/","og_site_name":"Canon M5 Madrid | Distribuidor oficial Canon","article_modified_time":"2023-01-16T14:49:27+00:00","og_image":[{"width":239,"height":239,"url":"https:\/\/canonm5.com\/wp-content\/uploads\/2023\/01\/pack-25-bolsa-disfraz-fixo-56x70-vaca-dalmata.jpg","type":"image\/jpeg"}],"twitter_card":"summary_large_image","schema":{"@context":"https:\/\/schema.org","@graph":[{"@type":"WebPage","@id":"https:\/\/canonm5.com\/index.php\/producto\/pack-25-bolsas-impresas-fixo-kids-para-disfraces-vaca-dalmata\/","url":"https:\/\/canonm5.com\/index.php\/producto\/pack-25-bolsas-impresas-fixo-kids-para-disfraces-vaca-dalmata\/","name":"PACK 25 BOLSAS IMPRESAS FIXO KIDS PARA DISFRACES \"VACA \/ D\u00c1LMATA\" - Canon M5 Madrid | Distribuidor oficial Canon","isPartOf":{"@id":"https:\/\/canonm5.com\/#website"},"primaryImageOfPage":{"@id":"https:\/\/canonm5.com\/index.php\/producto\/pack-25-bolsas-impresas-fixo-kids-para-disfraces-vaca-dalmata\/#primaryimage"},"image":{"@id":"https:\/\/canonm5.com\/index.php\/producto\/pack-25-bolsas-impresas-fixo-kids-para-disfraces-vaca-dalmata\/#primaryimage"},"thumbnailUrl":"https:\/\/canonm5.com\/wp-content\/uploads\/2023\/01\/pack-25-bolsa-disfraz-fixo-56x70-vaca-dalmata.jpg","datePublished":"2023-01-11T14:43:55+00:00","dateModified":"2023-01-16T14:49:27+00:00","description":"Bolsas impresas a doble cara. Fabricadas en pl\u00e1stico reciclable con agujero de seguridad antiahogo. Se pueden pintar, cortar, pegar, coser etc. Ideales para la creaci\u00f3n de distintos disfraces. Una opci\u00f3n f\u00e1cil, r\u00e1pida y creativa. Medidas: 56x70cm.","breadcrumb":{"@id":"https:\/\/canonm5.com\/index.php\/producto\/pack-25-bolsas-impresas-fixo-kids-para-disfraces-vaca-dalmata\/#breadcrumb"},"inLanguage":"es","potentialAction":[{"@type":"ReadAction","target":["https:\/\/canonm5.com\/index.php\/producto\/pack-25-bolsas-impresas-fixo-kids-para-disfraces-vaca-dalmata\/"]}]},{"@type":"ImageObject","inLanguage":"es","@id":"https:\/\/canonm5.com\/index.php\/producto\/pack-25-bolsas-impresas-fixo-kids-para-disfraces-vaca-dalmata\/#primaryimage","url":"https:\/\/canonm5.com\/wp-content\/uploads\/2023\/01\/pack-25-bolsa-disfraz-fixo-56x70-vaca-dalmata.jpg","contentUrl":"https:\/\/canonm5.com\/wp-content\/uploads\/2023\/01\/pack-25-bolsa-disfraz-fixo-56x70-vaca-dalmata.jpg","width":239,"height":239},{"@type":"BreadcrumbList","@id":"https:\/\/canonm5.com\/index.php\/producto\/pack-25-bolsas-impresas-fixo-kids-para-disfraces-vaca-dalmata\/#breadcrumb","itemListElement":[{"@type":"ListItem","position":1,"name":"Portada","item":"https:\/\/canonm5.com\/"},{"@type":"ListItem","position":2,"name":"Nuestros productos","item":"https:\/\/canonm5.com\/index.php\/productos\/"},{"@type":"ListItem","position":3,"name":"PACK 25 BOLSAS IMPRESAS FIXO KIDS PARA DISFRACES &#8220;VACA \/ D\u00c1LMATA&#8221;"}]},{"@type":"WebSite","@id":"https:\/\/canonm5.com\/#website","url":"https:\/\/canonm5.com\/","name":"Canon M5 Madrid | Distribuidor oficial Canon","description":"Renting de impresoras para empresas","potentialAction":[{"@type":"SearchAction","target":{"@type":"EntryPoint","urlTemplate":"https:\/\/canonm5.com\/?s={search_term_string}"},"query-input":{"@type":"PropertyValueSpecification","valueRequired":true,"valueName":"search_term_string"}}],"inLanguage":"es"}]}},"_links":{"self":[{"href":"https:\/\/canonm5.com\/index.php\/wp-json\/wp\/v2\/product\/5599","targetHints":{"allow":["GET"]}}],"collection":[{"href":"https:\/\/canonm5.com\/index.php\/wp-json\/wp\/v2\/product"}],"about":[{"href":"https:\/\/canonm5.com\/index.php\/wp-json\/wp\/v2\/types\/product"}],"wp:featuredmedia":[{"embeddable":true,"href":"https:\/\/canonm5.com\/index.php\/wp-json\/wp\/v2\/media\/5600"}],"wp:attachment":[{"href":"https:\/\/canonm5.com\/index.php\/wp-json\/wp\/v2\/media?parent=5599"}],"wp:term":[{"taxonomy":"product_cat","embeddable":true,"href":"https:\/\/canonm5.com\/index.php\/wp-json\/wp\/v2\/product_cat?post=5599"},{"taxonomy":"product_tag","embeddable":true,"href":"https:\/\/canonm5.com\/index.php\/wp-json\/wp\/v2\/product_tag?post=5599"}],"curies":[{"name":"wp","href":"https:\/\/api.w.org\/{rel}","templated":true}]}}