{"id":5499,"date":"2023-01-10T14:25:53","date_gmt":"2023-01-10T14:25:53","guid":{"rendered":"https:\/\/canonm5.com\/?post_type=product&#038;p=5499"},"modified":"2023-01-12T15:23:00","modified_gmt":"2023-01-12T15:23:00","slug":"set-3-botes-giotto-make-up-bruja","status":"publish","type":"product","link":"https:\/\/canonm5.com\/index.php\/producto\/set-3-botes-giotto-make-up-bruja\/","title":{"rendered":"SET 3 BOTES GIOTTO \u00abMAKE UP: BRUJA\u00bb"},"content":{"rendered":"<p>&#8211; Pintura facial<br \/>\n&#8211; Extra suaves y f\u00e1ciles de aplicar<br \/>\n&#8211; Perfectas para crear maquillajes<br \/>\n&#8211; Apto para su uso en la piel<br \/>\n&#8211; Dermatol\u00f3gicamente testados<br \/>\n&#8211; Lavable con agua y jab\u00f3n<\/p>\n<p>&nbsp;<\/p>\n<p><em>E.O. Madrid Cinco S.L., no se responsabiliza de posibles errores tipogr\u00e1ficos y de precio. Las fotograf\u00edas de los productos pueden sufrir cambios<\/em><\/p>\n","protected":false},"excerpt":{"rendered":"<p>&#8211; Pintura facial<br \/>\n&#8211; Extra suaves y f\u00e1ciles de aplicar<br \/>\n&#8211; Perfectas para crear maquillajes<br \/>\n&#8211; Apto para su uso en la piel<br \/>\n&#8211; Dermatol\u00f3gicamente testados<br \/>\n&#8211; Lavable con agua y jab\u00f3n<\/p>\n","protected":false},"featured_media":5500,"template":"","meta":{"_et_pb_use_builder":"","_et_pb_old_content":"","_et_gb_content_width":"","_joinchat":[]},"product_cat":[1723,966],"product_tag":[1764,1752,1749,1721,1762],"class_list":{"0":"post-5499","1":"product","2":"type-product","3":"status-publish","4":"has-post-thumbnail","6":"product_cat-articulos-de-fiesta","7":"product_cat-material-escolar","8":"product_tag-bruja","9":"product_tag-carnaval","10":"product_tag-escolar","11":"product_tag-facial","12":"product_tag-pinturas","14":"first","15":"instock","16":"taxable","17":"shipping-taxable","18":"purchasable","19":"product-type-simple"},"yoast_head":"<!-- This site is optimized with the Yoast SEO plugin v27.4 - https:\/\/yoast.com\/product\/yoast-seo-wordpress\/ -->\n<title>SET 3 BOTES GIOTTO &quot;MAKE UP: BRUJA&quot; - Canon M5 Madrid | Distribuidor oficial Canon<\/title>\n<meta name=\"description\" content=\"Set de pintura facial certificado para su uso en la piel, f\u00e1cil aplicaci\u00f3n. Fabricados con ingredientes seguros y pigmentos de alta calidad. De secado r\u00e1pido y no necesita base, lavable con agua y jab\u00f3n. Producto de calidad cosm\u00e9tica. Contiene 3 botes de 5ml. Dermatol\u00f3gicamente testado. Ideal para fiestas de disfraces, carnaval o halloween. Colores: blanco, verde y negro.\" \/>\n<meta name=\"robots\" content=\"index, follow, max-snippet:-1, max-image-preview:large, max-video-preview:-1\" \/>\n<link rel=\"canonical\" href=\"https:\/\/canonm5.com\/index.php\/producto\/set-3-botes-giotto-make-up-bruja\/\" \/>\n<meta property=\"og:locale\" content=\"es_ES\" \/>\n<meta property=\"og:type\" content=\"article\" \/>\n<meta property=\"og:title\" content=\"SET 3 BOTES GIOTTO &quot;MAKE UP: BRUJA&quot; - Canon M5 Madrid | Distribuidor oficial Canon\" \/>\n<meta property=\"og:description\" content=\"Set de pintura facial certificado para su uso en la piel, f\u00e1cil aplicaci\u00f3n. Fabricados con ingredientes seguros y pigmentos de alta calidad. De secado r\u00e1pido y no necesita base, lavable con agua y jab\u00f3n. Producto de calidad cosm\u00e9tica. Contiene 3 botes de 5ml. Dermatol\u00f3gicamente testado. Ideal para fiestas de disfraces, carnaval o halloween. Colores: blanco, verde y negro.\" \/>\n<meta property=\"og:url\" content=\"https:\/\/canonm5.com\/index.php\/producto\/set-3-botes-giotto-make-up-bruja\/\" \/>\n<meta property=\"og:site_name\" content=\"Canon M5 Madrid | Distribuidor oficial Canon\" \/>\n<meta property=\"article:modified_time\" content=\"2023-01-12T15:23:00+00:00\" \/>\n<meta property=\"og:image\" content=\"https:\/\/canonm5.com\/wp-content\/uploads\/2023\/01\/set-3-botes-giotto-make-up-bruja.jpg\" \/>\n\t<meta property=\"og:image:width\" content=\"239\" \/>\n\t<meta property=\"og:image:height\" content=\"239\" \/>\n\t<meta property=\"og:image:type\" content=\"image\/jpeg\" \/>\n<meta name=\"twitter:card\" content=\"summary_large_image\" \/>\n<script type=\"application\/ld+json\" class=\"yoast-schema-graph\">{\"@context\":\"https:\\\/\\\/schema.org\",\"@graph\":[{\"@type\":\"WebPage\",\"@id\":\"https:\\\/\\\/canonm5.com\\\/index.php\\\/producto\\\/set-3-botes-giotto-make-up-bruja\\\/\",\"url\":\"https:\\\/\\\/canonm5.com\\\/index.php\\\/producto\\\/set-3-botes-giotto-make-up-bruja\\\/\",\"name\":\"SET 3 BOTES GIOTTO \\\"MAKE UP: BRUJA\\\" - Canon M5 Madrid | Distribuidor oficial Canon\",\"isPartOf\":{\"@id\":\"https:\\\/\\\/canonm5.com\\\/#website\"},\"primaryImageOfPage\":{\"@id\":\"https:\\\/\\\/canonm5.com\\\/index.php\\\/producto\\\/set-3-botes-giotto-make-up-bruja\\\/#primaryimage\"},\"image\":{\"@id\":\"https:\\\/\\\/canonm5.com\\\/index.php\\\/producto\\\/set-3-botes-giotto-make-up-bruja\\\/#primaryimage\"},\"thumbnailUrl\":\"https:\\\/\\\/canonm5.com\\\/wp-content\\\/uploads\\\/2023\\\/01\\\/set-3-botes-giotto-make-up-bruja.jpg\",\"datePublished\":\"2023-01-10T14:25:53+00:00\",\"dateModified\":\"2023-01-12T15:23:00+00:00\",\"description\":\"Set de pintura facial certificado para su uso en la piel, f\u00e1cil aplicaci\u00f3n. Fabricados con ingredientes seguros y pigmentos de alta calidad. De secado r\u00e1pido y no necesita base, lavable con agua y jab\u00f3n. Producto de calidad cosm\u00e9tica. Contiene 3 botes de 5ml. Dermatol\u00f3gicamente testado. Ideal para fiestas de disfraces, carnaval o halloween. Colores: blanco, verde y negro.\",\"breadcrumb\":{\"@id\":\"https:\\\/\\\/canonm5.com\\\/index.php\\\/producto\\\/set-3-botes-giotto-make-up-bruja\\\/#breadcrumb\"},\"inLanguage\":\"es\",\"potentialAction\":[{\"@type\":\"ReadAction\",\"target\":[\"https:\\\/\\\/canonm5.com\\\/index.php\\\/producto\\\/set-3-botes-giotto-make-up-bruja\\\/\"]}]},{\"@type\":\"ImageObject\",\"inLanguage\":\"es\",\"@id\":\"https:\\\/\\\/canonm5.com\\\/index.php\\\/producto\\\/set-3-botes-giotto-make-up-bruja\\\/#primaryimage\",\"url\":\"https:\\\/\\\/canonm5.com\\\/wp-content\\\/uploads\\\/2023\\\/01\\\/set-3-botes-giotto-make-up-bruja.jpg\",\"contentUrl\":\"https:\\\/\\\/canonm5.com\\\/wp-content\\\/uploads\\\/2023\\\/01\\\/set-3-botes-giotto-make-up-bruja.jpg\",\"width\":239,\"height\":239},{\"@type\":\"BreadcrumbList\",\"@id\":\"https:\\\/\\\/canonm5.com\\\/index.php\\\/producto\\\/set-3-botes-giotto-make-up-bruja\\\/#breadcrumb\",\"itemListElement\":[{\"@type\":\"ListItem\",\"position\":1,\"name\":\"Portada\",\"item\":\"https:\\\/\\\/canonm5.com\\\/\"},{\"@type\":\"ListItem\",\"position\":2,\"name\":\"Nuestros productos\",\"item\":\"https:\\\/\\\/canonm5.com\\\/index.php\\\/productos\\\/\"},{\"@type\":\"ListItem\",\"position\":3,\"name\":\"SET 3 BOTES GIOTTO &#8220;MAKE UP: BRUJA&#8221;\"}]},{\"@type\":\"WebSite\",\"@id\":\"https:\\\/\\\/canonm5.com\\\/#website\",\"url\":\"https:\\\/\\\/canonm5.com\\\/\",\"name\":\"Canon M5 Madrid | Distribuidor oficial Canon\",\"description\":\"Renting de impresoras para empresas\",\"potentialAction\":[{\"@type\":\"SearchAction\",\"target\":{\"@type\":\"EntryPoint\",\"urlTemplate\":\"https:\\\/\\\/canonm5.com\\\/?s={search_term_string}\"},\"query-input\":{\"@type\":\"PropertyValueSpecification\",\"valueRequired\":true,\"valueName\":\"search_term_string\"}}],\"inLanguage\":\"es\"}]}<\/script>\n<!-- \/ Yoast SEO plugin. -->","yoast_head_json":{"title":"SET 3 BOTES GIOTTO \"MAKE UP: BRUJA\" - Canon M5 Madrid | Distribuidor oficial Canon","description":"Set de pintura facial certificado para su uso en la piel, f\u00e1cil aplicaci\u00f3n. Fabricados con ingredientes seguros y pigmentos de alta calidad. De secado r\u00e1pido y no necesita base, lavable con agua y jab\u00f3n. Producto de calidad cosm\u00e9tica. Contiene 3 botes de 5ml. Dermatol\u00f3gicamente testado. Ideal para fiestas de disfraces, carnaval o halloween. Colores: blanco, verde y negro.","robots":{"index":"index","follow":"follow","max-snippet":"max-snippet:-1","max-image-preview":"max-image-preview:large","max-video-preview":"max-video-preview:-1"},"canonical":"https:\/\/canonm5.com\/index.php\/producto\/set-3-botes-giotto-make-up-bruja\/","og_locale":"es_ES","og_type":"article","og_title":"SET 3 BOTES GIOTTO \"MAKE UP: BRUJA\" - Canon M5 Madrid | Distribuidor oficial Canon","og_description":"Set de pintura facial certificado para su uso en la piel, f\u00e1cil aplicaci\u00f3n. Fabricados con ingredientes seguros y pigmentos de alta calidad. De secado r\u00e1pido y no necesita base, lavable con agua y jab\u00f3n. Producto de calidad cosm\u00e9tica. Contiene 3 botes de 5ml. Dermatol\u00f3gicamente testado. Ideal para fiestas de disfraces, carnaval o halloween. Colores: blanco, verde y negro.","og_url":"https:\/\/canonm5.com\/index.php\/producto\/set-3-botes-giotto-make-up-bruja\/","og_site_name":"Canon M5 Madrid | Distribuidor oficial Canon","article_modified_time":"2023-01-12T15:23:00+00:00","og_image":[{"width":239,"height":239,"url":"https:\/\/canonm5.com\/wp-content\/uploads\/2023\/01\/set-3-botes-giotto-make-up-bruja.jpg","type":"image\/jpeg"}],"twitter_card":"summary_large_image","schema":{"@context":"https:\/\/schema.org","@graph":[{"@type":"WebPage","@id":"https:\/\/canonm5.com\/index.php\/producto\/set-3-botes-giotto-make-up-bruja\/","url":"https:\/\/canonm5.com\/index.php\/producto\/set-3-botes-giotto-make-up-bruja\/","name":"SET 3 BOTES GIOTTO \"MAKE UP: BRUJA\" - Canon M5 Madrid | Distribuidor oficial Canon","isPartOf":{"@id":"https:\/\/canonm5.com\/#website"},"primaryImageOfPage":{"@id":"https:\/\/canonm5.com\/index.php\/producto\/set-3-botes-giotto-make-up-bruja\/#primaryimage"},"image":{"@id":"https:\/\/canonm5.com\/index.php\/producto\/set-3-botes-giotto-make-up-bruja\/#primaryimage"},"thumbnailUrl":"https:\/\/canonm5.com\/wp-content\/uploads\/2023\/01\/set-3-botes-giotto-make-up-bruja.jpg","datePublished":"2023-01-10T14:25:53+00:00","dateModified":"2023-01-12T15:23:00+00:00","description":"Set de pintura facial certificado para su uso en la piel, f\u00e1cil aplicaci\u00f3n. Fabricados con ingredientes seguros y pigmentos de alta calidad. De secado r\u00e1pido y no necesita base, lavable con agua y jab\u00f3n. Producto de calidad cosm\u00e9tica. Contiene 3 botes de 5ml. Dermatol\u00f3gicamente testado. Ideal para fiestas de disfraces, carnaval o halloween. Colores: blanco, verde y negro.","breadcrumb":{"@id":"https:\/\/canonm5.com\/index.php\/producto\/set-3-botes-giotto-make-up-bruja\/#breadcrumb"},"inLanguage":"es","potentialAction":[{"@type":"ReadAction","target":["https:\/\/canonm5.com\/index.php\/producto\/set-3-botes-giotto-make-up-bruja\/"]}]},{"@type":"ImageObject","inLanguage":"es","@id":"https:\/\/canonm5.com\/index.php\/producto\/set-3-botes-giotto-make-up-bruja\/#primaryimage","url":"https:\/\/canonm5.com\/wp-content\/uploads\/2023\/01\/set-3-botes-giotto-make-up-bruja.jpg","contentUrl":"https:\/\/canonm5.com\/wp-content\/uploads\/2023\/01\/set-3-botes-giotto-make-up-bruja.jpg","width":239,"height":239},{"@type":"BreadcrumbList","@id":"https:\/\/canonm5.com\/index.php\/producto\/set-3-botes-giotto-make-up-bruja\/#breadcrumb","itemListElement":[{"@type":"ListItem","position":1,"name":"Portada","item":"https:\/\/canonm5.com\/"},{"@type":"ListItem","position":2,"name":"Nuestros productos","item":"https:\/\/canonm5.com\/index.php\/productos\/"},{"@type":"ListItem","position":3,"name":"SET 3 BOTES GIOTTO &#8220;MAKE UP: BRUJA&#8221;"}]},{"@type":"WebSite","@id":"https:\/\/canonm5.com\/#website","url":"https:\/\/canonm5.com\/","name":"Canon M5 Madrid | Distribuidor oficial Canon","description":"Renting de impresoras para empresas","potentialAction":[{"@type":"SearchAction","target":{"@type":"EntryPoint","urlTemplate":"https:\/\/canonm5.com\/?s={search_term_string}"},"query-input":{"@type":"PropertyValueSpecification","valueRequired":true,"valueName":"search_term_string"}}],"inLanguage":"es"}]}},"_links":{"self":[{"href":"https:\/\/canonm5.com\/index.php\/wp-json\/wp\/v2\/product\/5499","targetHints":{"allow":["GET"]}}],"collection":[{"href":"https:\/\/canonm5.com\/index.php\/wp-json\/wp\/v2\/product"}],"about":[{"href":"https:\/\/canonm5.com\/index.php\/wp-json\/wp\/v2\/types\/product"}],"wp:featuredmedia":[{"embeddable":true,"href":"https:\/\/canonm5.com\/index.php\/wp-json\/wp\/v2\/media\/5500"}],"wp:attachment":[{"href":"https:\/\/canonm5.com\/index.php\/wp-json\/wp\/v2\/media?parent=5499"}],"wp:term":[{"taxonomy":"product_cat","embeddable":true,"href":"https:\/\/canonm5.com\/index.php\/wp-json\/wp\/v2\/product_cat?post=5499"},{"taxonomy":"product_tag","embeddable":true,"href":"https:\/\/canonm5.com\/index.php\/wp-json\/wp\/v2\/product_tag?post=5499"}],"curies":[{"name":"wp","href":"https:\/\/api.w.org\/{rel}","templated":true}]}}