{"id":5477,"date":"2023-01-09T15:11:12","date_gmt":"2023-01-09T15:11:12","guid":{"rendered":"https:\/\/canonm5.com\/?post_type=product&#038;p=5477"},"modified":"2023-01-12T14:59:40","modified_gmt":"2023-01-12T14:59:40","slug":"pack-disfraz-niefenver-dalmata","status":"publish","type":"product","link":"https:\/\/canonm5.com\/index.php\/producto\/pack-disfraz-niefenver-dalmata\/","title":{"rendered":"PACK DISFRAZ NIEFENVER \u00abD\u00c1LMATA\u00bb"},"content":{"rendered":"<p>&#8211; Crea tu propio disfraz de forma f\u00e1cil y divertida<br \/>\n&#8211; Incluye material e instrucciones<br \/>\n&#8211; V\u00e1lido para adultos y ni\u00f1os<br \/>\n&#8211; Pack compuesto por bolsas de basura y complementos<\/p>\n<p>BAJO PEDIDO<\/p>\n<p>&nbsp;<\/p>\n<p><em>E.O. Madrid Cinco S.L., no se responsabiliza de posibles errores tipogr\u00e1ficos y de precio. Las fotograf\u00edas de los productos pueden sufrir cambios<\/em><\/p>\n","protected":false},"excerpt":{"rendered":"<p>&#8211; Crea tu propio disfraz de forma f\u00e1cil y divertida<br \/>\n&#8211; Incluye material e instrucciones<br \/>\n&#8211; V\u00e1lido para adultos y ni\u00f1os<br \/>\n&#8211; Pack compuesto por bolsas de basura y complementos<\/p>\n<p>BAJO PEDIDO<\/p>\n","protected":false},"featured_media":5478,"template":"","meta":{"_et_pb_use_builder":"","_et_pb_old_content":"","_et_gb_content_width":"","_joinchat":[]},"product_cat":[1723,966],"product_tag":[1752,1751,1746,1749],"class_list":{"0":"post-5477","1":"product","2":"type-product","3":"status-publish","4":"has-post-thumbnail","6":"product_cat-articulos-de-fiesta","7":"product_cat-material-escolar","8":"product_tag-carnaval","9":"product_tag-dalmata","10":"product_tag-disfraz","11":"product_tag-escolar","13":"first","14":"instock","15":"taxable","16":"shipping-taxable","17":"purchasable","18":"product-type-simple"},"yoast_head":"<!-- This site is optimized with the Yoast SEO plugin v27.4 - https:\/\/yoast.com\/product\/yoast-seo-wordpress\/ -->\n<title>PACK DISFRAZ NIEFENVER &quot;D\u00c1LMATA&quot; - Canon M5 Madrid | Distribuidor oficial Canon<\/title>\n<meta name=\"description\" content=\"Crea tu propio disfraz de forma f\u00e1cil y divertida. Cada pack incluye el material y las instrucciones para hacer un disfraz a tu medida (v\u00e1lido para adultos y ni\u00f1os). Pack compuesto por bolsas de basura y complementos.\" \/>\n<meta name=\"robots\" content=\"index, follow, max-snippet:-1, max-image-preview:large, max-video-preview:-1\" \/>\n<link rel=\"canonical\" href=\"https:\/\/canonm5.com\/index.php\/producto\/pack-disfraz-niefenver-dalmata\/\" \/>\n<meta property=\"og:locale\" content=\"es_ES\" \/>\n<meta property=\"og:type\" content=\"article\" \/>\n<meta property=\"og:title\" content=\"PACK DISFRAZ NIEFENVER &quot;D\u00c1LMATA&quot; - Canon M5 Madrid | Distribuidor oficial Canon\" \/>\n<meta property=\"og:description\" content=\"Crea tu propio disfraz de forma f\u00e1cil y divertida. Cada pack incluye el material y las instrucciones para hacer un disfraz a tu medida (v\u00e1lido para adultos y ni\u00f1os). Pack compuesto por bolsas de basura y complementos.\" \/>\n<meta property=\"og:url\" content=\"https:\/\/canonm5.com\/index.php\/producto\/pack-disfraz-niefenver-dalmata\/\" \/>\n<meta property=\"og:site_name\" content=\"Canon M5 Madrid | Distribuidor oficial Canon\" \/>\n<meta property=\"article:modified_time\" content=\"2023-01-12T14:59:40+00:00\" \/>\n<meta property=\"og:image\" content=\"https:\/\/canonm5.com\/wp-content\/uploads\/2023\/01\/pack-bolsa-disfrazacc-niefenver-dalmata.jpg\" \/>\n\t<meta property=\"og:image:width\" content=\"239\" \/>\n\t<meta property=\"og:image:height\" content=\"239\" \/>\n\t<meta property=\"og:image:type\" content=\"image\/jpeg\" \/>\n<meta name=\"twitter:card\" content=\"summary_large_image\" \/>\n<script type=\"application\/ld+json\" class=\"yoast-schema-graph\">{\"@context\":\"https:\\\/\\\/schema.org\",\"@graph\":[{\"@type\":\"WebPage\",\"@id\":\"https:\\\/\\\/canonm5.com\\\/index.php\\\/producto\\\/pack-disfraz-niefenver-dalmata\\\/\",\"url\":\"https:\\\/\\\/canonm5.com\\\/index.php\\\/producto\\\/pack-disfraz-niefenver-dalmata\\\/\",\"name\":\"PACK DISFRAZ NIEFENVER \\\"D\u00c1LMATA\\\" - Canon M5 Madrid | Distribuidor oficial Canon\",\"isPartOf\":{\"@id\":\"https:\\\/\\\/canonm5.com\\\/#website\"},\"primaryImageOfPage\":{\"@id\":\"https:\\\/\\\/canonm5.com\\\/index.php\\\/producto\\\/pack-disfraz-niefenver-dalmata\\\/#primaryimage\"},\"image\":{\"@id\":\"https:\\\/\\\/canonm5.com\\\/index.php\\\/producto\\\/pack-disfraz-niefenver-dalmata\\\/#primaryimage\"},\"thumbnailUrl\":\"https:\\\/\\\/canonm5.com\\\/wp-content\\\/uploads\\\/2023\\\/01\\\/pack-bolsa-disfrazacc-niefenver-dalmata.jpg\",\"datePublished\":\"2023-01-09T15:11:12+00:00\",\"dateModified\":\"2023-01-12T14:59:40+00:00\",\"description\":\"Crea tu propio disfraz de forma f\u00e1cil y divertida. Cada pack incluye el material y las instrucciones para hacer un disfraz a tu medida (v\u00e1lido para adultos y ni\u00f1os). Pack compuesto por bolsas de basura y complementos.\",\"breadcrumb\":{\"@id\":\"https:\\\/\\\/canonm5.com\\\/index.php\\\/producto\\\/pack-disfraz-niefenver-dalmata\\\/#breadcrumb\"},\"inLanguage\":\"es\",\"potentialAction\":[{\"@type\":\"ReadAction\",\"target\":[\"https:\\\/\\\/canonm5.com\\\/index.php\\\/producto\\\/pack-disfraz-niefenver-dalmata\\\/\"]}]},{\"@type\":\"ImageObject\",\"inLanguage\":\"es\",\"@id\":\"https:\\\/\\\/canonm5.com\\\/index.php\\\/producto\\\/pack-disfraz-niefenver-dalmata\\\/#primaryimage\",\"url\":\"https:\\\/\\\/canonm5.com\\\/wp-content\\\/uploads\\\/2023\\\/01\\\/pack-bolsa-disfrazacc-niefenver-dalmata.jpg\",\"contentUrl\":\"https:\\\/\\\/canonm5.com\\\/wp-content\\\/uploads\\\/2023\\\/01\\\/pack-bolsa-disfrazacc-niefenver-dalmata.jpg\",\"width\":239,\"height\":239},{\"@type\":\"BreadcrumbList\",\"@id\":\"https:\\\/\\\/canonm5.com\\\/index.php\\\/producto\\\/pack-disfraz-niefenver-dalmata\\\/#breadcrumb\",\"itemListElement\":[{\"@type\":\"ListItem\",\"position\":1,\"name\":\"Portada\",\"item\":\"https:\\\/\\\/canonm5.com\\\/\"},{\"@type\":\"ListItem\",\"position\":2,\"name\":\"Nuestros productos\",\"item\":\"https:\\\/\\\/canonm5.com\\\/index.php\\\/productos\\\/\"},{\"@type\":\"ListItem\",\"position\":3,\"name\":\"PACK DISFRAZ NIEFENVER &#8220;D\u00c1LMATA&#8221;\"}]},{\"@type\":\"WebSite\",\"@id\":\"https:\\\/\\\/canonm5.com\\\/#website\",\"url\":\"https:\\\/\\\/canonm5.com\\\/\",\"name\":\"Canon M5 Madrid | Distribuidor oficial Canon\",\"description\":\"Renting de impresoras para empresas\",\"potentialAction\":[{\"@type\":\"SearchAction\",\"target\":{\"@type\":\"EntryPoint\",\"urlTemplate\":\"https:\\\/\\\/canonm5.com\\\/?s={search_term_string}\"},\"query-input\":{\"@type\":\"PropertyValueSpecification\",\"valueRequired\":true,\"valueName\":\"search_term_string\"}}],\"inLanguage\":\"es\"}]}<\/script>\n<!-- \/ Yoast SEO plugin. -->","yoast_head_json":{"title":"PACK DISFRAZ NIEFENVER \"D\u00c1LMATA\" - Canon M5 Madrid | Distribuidor oficial Canon","description":"Crea tu propio disfraz de forma f\u00e1cil y divertida. Cada pack incluye el material y las instrucciones para hacer un disfraz a tu medida (v\u00e1lido para adultos y ni\u00f1os). Pack compuesto por bolsas de basura y complementos.","robots":{"index":"index","follow":"follow","max-snippet":"max-snippet:-1","max-image-preview":"max-image-preview:large","max-video-preview":"max-video-preview:-1"},"canonical":"https:\/\/canonm5.com\/index.php\/producto\/pack-disfraz-niefenver-dalmata\/","og_locale":"es_ES","og_type":"article","og_title":"PACK DISFRAZ NIEFENVER \"D\u00c1LMATA\" - Canon M5 Madrid | Distribuidor oficial Canon","og_description":"Crea tu propio disfraz de forma f\u00e1cil y divertida. Cada pack incluye el material y las instrucciones para hacer un disfraz a tu medida (v\u00e1lido para adultos y ni\u00f1os). Pack compuesto por bolsas de basura y complementos.","og_url":"https:\/\/canonm5.com\/index.php\/producto\/pack-disfraz-niefenver-dalmata\/","og_site_name":"Canon M5 Madrid | Distribuidor oficial Canon","article_modified_time":"2023-01-12T14:59:40+00:00","og_image":[{"width":239,"height":239,"url":"https:\/\/canonm5.com\/wp-content\/uploads\/2023\/01\/pack-bolsa-disfrazacc-niefenver-dalmata.jpg","type":"image\/jpeg"}],"twitter_card":"summary_large_image","schema":{"@context":"https:\/\/schema.org","@graph":[{"@type":"WebPage","@id":"https:\/\/canonm5.com\/index.php\/producto\/pack-disfraz-niefenver-dalmata\/","url":"https:\/\/canonm5.com\/index.php\/producto\/pack-disfraz-niefenver-dalmata\/","name":"PACK DISFRAZ NIEFENVER \"D\u00c1LMATA\" - Canon M5 Madrid | Distribuidor oficial Canon","isPartOf":{"@id":"https:\/\/canonm5.com\/#website"},"primaryImageOfPage":{"@id":"https:\/\/canonm5.com\/index.php\/producto\/pack-disfraz-niefenver-dalmata\/#primaryimage"},"image":{"@id":"https:\/\/canonm5.com\/index.php\/producto\/pack-disfraz-niefenver-dalmata\/#primaryimage"},"thumbnailUrl":"https:\/\/canonm5.com\/wp-content\/uploads\/2023\/01\/pack-bolsa-disfrazacc-niefenver-dalmata.jpg","datePublished":"2023-01-09T15:11:12+00:00","dateModified":"2023-01-12T14:59:40+00:00","description":"Crea tu propio disfraz de forma f\u00e1cil y divertida. Cada pack incluye el material y las instrucciones para hacer un disfraz a tu medida (v\u00e1lido para adultos y ni\u00f1os). Pack compuesto por bolsas de basura y complementos.","breadcrumb":{"@id":"https:\/\/canonm5.com\/index.php\/producto\/pack-disfraz-niefenver-dalmata\/#breadcrumb"},"inLanguage":"es","potentialAction":[{"@type":"ReadAction","target":["https:\/\/canonm5.com\/index.php\/producto\/pack-disfraz-niefenver-dalmata\/"]}]},{"@type":"ImageObject","inLanguage":"es","@id":"https:\/\/canonm5.com\/index.php\/producto\/pack-disfraz-niefenver-dalmata\/#primaryimage","url":"https:\/\/canonm5.com\/wp-content\/uploads\/2023\/01\/pack-bolsa-disfrazacc-niefenver-dalmata.jpg","contentUrl":"https:\/\/canonm5.com\/wp-content\/uploads\/2023\/01\/pack-bolsa-disfrazacc-niefenver-dalmata.jpg","width":239,"height":239},{"@type":"BreadcrumbList","@id":"https:\/\/canonm5.com\/index.php\/producto\/pack-disfraz-niefenver-dalmata\/#breadcrumb","itemListElement":[{"@type":"ListItem","position":1,"name":"Portada","item":"https:\/\/canonm5.com\/"},{"@type":"ListItem","position":2,"name":"Nuestros productos","item":"https:\/\/canonm5.com\/index.php\/productos\/"},{"@type":"ListItem","position":3,"name":"PACK DISFRAZ NIEFENVER &#8220;D\u00c1LMATA&#8221;"}]},{"@type":"WebSite","@id":"https:\/\/canonm5.com\/#website","url":"https:\/\/canonm5.com\/","name":"Canon M5 Madrid | Distribuidor oficial Canon","description":"Renting de impresoras para empresas","potentialAction":[{"@type":"SearchAction","target":{"@type":"EntryPoint","urlTemplate":"https:\/\/canonm5.com\/?s={search_term_string}"},"query-input":{"@type":"PropertyValueSpecification","valueRequired":true,"valueName":"search_term_string"}}],"inLanguage":"es"}]}},"_links":{"self":[{"href":"https:\/\/canonm5.com\/index.php\/wp-json\/wp\/v2\/product\/5477","targetHints":{"allow":["GET"]}}],"collection":[{"href":"https:\/\/canonm5.com\/index.php\/wp-json\/wp\/v2\/product"}],"about":[{"href":"https:\/\/canonm5.com\/index.php\/wp-json\/wp\/v2\/types\/product"}],"wp:featuredmedia":[{"embeddable":true,"href":"https:\/\/canonm5.com\/index.php\/wp-json\/wp\/v2\/media\/5478"}],"wp:attachment":[{"href":"https:\/\/canonm5.com\/index.php\/wp-json\/wp\/v2\/media?parent=5477"}],"wp:term":[{"taxonomy":"product_cat","embeddable":true,"href":"https:\/\/canonm5.com\/index.php\/wp-json\/wp\/v2\/product_cat?post=5477"},{"taxonomy":"product_tag","embeddable":true,"href":"https:\/\/canonm5.com\/index.php\/wp-json\/wp\/v2\/product_tag?post=5477"}],"curies":[{"name":"wp","href":"https:\/\/api.w.org\/{rel}","templated":true}]}}