{"id":5399,"date":"2023-01-04T13:14:21","date_gmt":"2023-01-04T13:14:21","guid":{"rendered":"https:\/\/canonm5.com\/?post_type=product&#038;p=5399"},"modified":"2023-03-07T14:27:14","modified_gmt":"2023-03-07T14:27:14","slug":"cojin-ergonomico-kensington-gel-frio","status":"publish","type":"product","link":"https:\/\/canonm5.com\/index.php\/producto\/cojin-ergonomico-kensington-gel-frio\/","title":{"rendered":"COJ\u00cdN ERGON\u00d3MICO KENSINGTON GEL FR\u00cdO"},"content":{"rendered":"<p>&#8211; Tejido fresco y suave con interior de gel fr\u00edo que disminuye la temperatura corporal para mayor comodidad.<br \/>\n&#8211; El dise\u00f1o ergon\u00f3mico facilita una postura saludable cuando se est\u00e1 sentado todo el d\u00eda<br \/>\n&#8211; Mejora la circulaci\u00f3n y proporciona un soporte adecuado en la parte alta de la espalda y el coxis<br \/>\n&#8211; Supone un alivio de la ci\u00e1tica al minimizar el contacto entre el coxis y el asiento gracias a la forma en U del coj\u00edn<\/p>\n<p>&nbsp;<\/p>\n<p><em>E.O. Madrid Cinco S.L., no se responsabiliza de posibles errores tipogr\u00e1ficos y de precio. Las fotograf\u00edas de los productos pueden sufrir cambios<\/em><\/p>\n","protected":false},"excerpt":{"rendered":"<p>&#8211; Tejido fresco y suave con interior de gel fr\u00edo que disminuye la temperatura corporal para mayor comodidad.<br \/>\n&#8211; El dise\u00f1o ergon\u00f3mico facilita una postura saludable cuando se est\u00e1 sentado todo el d\u00eda<br \/>\n&#8211; Mejora la circulaci\u00f3n y proporciona un soporte adecuado en la parte alta de la espalda y el coxis<br \/>\n&#8211; Supone un alivio de la ci\u00e1tica al minimizar el contacto entre el coxis y el asiento gracias a la forma en U del coj\u00edn<\/p>\n","protected":false},"featured_media":5401,"template":"","meta":{"_et_pb_use_builder":"","_et_pb_old_content":"","_et_gb_content_width":"","_joinchat":[]},"product_cat":[1705],"product_tag":[1688,1717,419,1719,996,1676],"class_list":{"0":"post-5399","1":"product","2":"type-product","3":"status-publish","4":"has-post-thumbnail","6":"product_cat-ergonomia","7":"product_tag-cojin","8":"product_tag-ergonomica","9":"product_tag-ergonomico","10":"product_tag-gel-frio","11":"product_tag-kensington","12":"product_tag-oficina","14":"first","15":"instock","16":"taxable","17":"shipping-taxable","18":"purchasable","19":"product-type-simple"},"yoast_head":"<!-- This site is optimized with the Yoast SEO plugin v27.4 - https:\/\/yoast.com\/product\/yoast-seo-wordpress\/ -->\n<title>COJ\u00cdN ERGON\u00d3MICO KENSINGTON GEL FR\u00cdO - Canon M5 Madrid | Distribuidor oficial Canon<\/title>\n<meta name=\"description\" content=\"Tejido fresco y suave con interior de gel fr\u00edo que disminuye la temperatura corporal para mayor comodidad. El dise\u00f1o ergon\u00f3mico facilita una postura saludable cuando se est\u00e1 sentado todo el d\u00eda. Mejora la circulaci\u00f3n y proporciona un soporte adecuado en la parte alta de la espalda y el coxis. Supone un alivio de la ci\u00e1tica al minimizar el contacto entre el coxis y el asiento gracias a la forma en U del coj\u00edn.\" \/>\n<meta name=\"robots\" content=\"index, follow, max-snippet:-1, max-image-preview:large, max-video-preview:-1\" \/>\n<link rel=\"canonical\" href=\"https:\/\/canonm5.com\/index.php\/producto\/cojin-ergonomico-kensington-gel-frio\/\" \/>\n<meta property=\"og:locale\" content=\"es_ES\" \/>\n<meta property=\"og:type\" content=\"article\" \/>\n<meta property=\"og:title\" content=\"COJ\u00cdN ERGON\u00d3MICO KENSINGTON GEL FR\u00cdO - Canon M5 Madrid | Distribuidor oficial Canon\" \/>\n<meta property=\"og:description\" content=\"Tejido fresco y suave con interior de gel fr\u00edo que disminuye la temperatura corporal para mayor comodidad. El dise\u00f1o ergon\u00f3mico facilita una postura saludable cuando se est\u00e1 sentado todo el d\u00eda. Mejora la circulaci\u00f3n y proporciona un soporte adecuado en la parte alta de la espalda y el coxis. Supone un alivio de la ci\u00e1tica al minimizar el contacto entre el coxis y el asiento gracias a la forma en U del coj\u00edn.\" \/>\n<meta property=\"og:url\" content=\"https:\/\/canonm5.com\/index.php\/producto\/cojin-ergonomico-kensington-gel-frio\/\" \/>\n<meta property=\"og:site_name\" content=\"Canon M5 Madrid | Distribuidor oficial Canon\" \/>\n<meta property=\"article:modified_time\" content=\"2023-03-07T14:27:14+00:00\" \/>\n<meta property=\"og:image\" content=\"https:\/\/canonm5.com\/wp-content\/uploads\/2023\/01\/cojin-ergonom-kensington-gel-frio-negro.jpg\" \/>\n\t<meta property=\"og:image:width\" content=\"239\" \/>\n\t<meta property=\"og:image:height\" content=\"239\" \/>\n\t<meta property=\"og:image:type\" content=\"image\/jpeg\" \/>\n<meta name=\"twitter:card\" content=\"summary_large_image\" \/>\n<meta name=\"twitter:label1\" content=\"Tiempo de lectura\" \/>\n\t<meta name=\"twitter:data1\" content=\"1 minuto\" \/>\n<script type=\"application\/ld+json\" class=\"yoast-schema-graph\">{\"@context\":\"https:\\\/\\\/schema.org\",\"@graph\":[{\"@type\":\"WebPage\",\"@id\":\"https:\\\/\\\/canonm5.com\\\/index.php\\\/producto\\\/cojin-ergonomico-kensington-gel-frio\\\/\",\"url\":\"https:\\\/\\\/canonm5.com\\\/index.php\\\/producto\\\/cojin-ergonomico-kensington-gel-frio\\\/\",\"name\":\"COJ\u00cdN ERGON\u00d3MICO KENSINGTON GEL FR\u00cdO - Canon M5 Madrid | Distribuidor oficial Canon\",\"isPartOf\":{\"@id\":\"https:\\\/\\\/canonm5.com\\\/#website\"},\"primaryImageOfPage\":{\"@id\":\"https:\\\/\\\/canonm5.com\\\/index.php\\\/producto\\\/cojin-ergonomico-kensington-gel-frio\\\/#primaryimage\"},\"image\":{\"@id\":\"https:\\\/\\\/canonm5.com\\\/index.php\\\/producto\\\/cojin-ergonomico-kensington-gel-frio\\\/#primaryimage\"},\"thumbnailUrl\":\"https:\\\/\\\/canonm5.com\\\/wp-content\\\/uploads\\\/2023\\\/01\\\/cojin-ergonom-kensington-gel-frio-negro.jpg\",\"datePublished\":\"2023-01-04T13:14:21+00:00\",\"dateModified\":\"2023-03-07T14:27:14+00:00\",\"description\":\"Tejido fresco y suave con interior de gel fr\u00edo que disminuye la temperatura corporal para mayor comodidad. El dise\u00f1o ergon\u00f3mico facilita una postura saludable cuando se est\u00e1 sentado todo el d\u00eda. Mejora la circulaci\u00f3n y proporciona un soporte adecuado en la parte alta de la espalda y el coxis. Supone un alivio de la ci\u00e1tica al minimizar el contacto entre el coxis y el asiento gracias a la forma en U del coj\u00edn.\",\"breadcrumb\":{\"@id\":\"https:\\\/\\\/canonm5.com\\\/index.php\\\/producto\\\/cojin-ergonomico-kensington-gel-frio\\\/#breadcrumb\"},\"inLanguage\":\"es\",\"potentialAction\":[{\"@type\":\"ReadAction\",\"target\":[\"https:\\\/\\\/canonm5.com\\\/index.php\\\/producto\\\/cojin-ergonomico-kensington-gel-frio\\\/\"]}]},{\"@type\":\"ImageObject\",\"inLanguage\":\"es\",\"@id\":\"https:\\\/\\\/canonm5.com\\\/index.php\\\/producto\\\/cojin-ergonomico-kensington-gel-frio\\\/#primaryimage\",\"url\":\"https:\\\/\\\/canonm5.com\\\/wp-content\\\/uploads\\\/2023\\\/01\\\/cojin-ergonom-kensington-gel-frio-negro.jpg\",\"contentUrl\":\"https:\\\/\\\/canonm5.com\\\/wp-content\\\/uploads\\\/2023\\\/01\\\/cojin-ergonom-kensington-gel-frio-negro.jpg\",\"width\":239,\"height\":239},{\"@type\":\"BreadcrumbList\",\"@id\":\"https:\\\/\\\/canonm5.com\\\/index.php\\\/producto\\\/cojin-ergonomico-kensington-gel-frio\\\/#breadcrumb\",\"itemListElement\":[{\"@type\":\"ListItem\",\"position\":1,\"name\":\"Portada\",\"item\":\"https:\\\/\\\/canonm5.com\\\/\"},{\"@type\":\"ListItem\",\"position\":2,\"name\":\"Nuestros productos\",\"item\":\"https:\\\/\\\/canonm5.com\\\/index.php\\\/productos\\\/\"},{\"@type\":\"ListItem\",\"position\":3,\"name\":\"COJ\u00cdN ERGON\u00d3MICO KENSINGTON GEL FR\u00cdO\"}]},{\"@type\":\"WebSite\",\"@id\":\"https:\\\/\\\/canonm5.com\\\/#website\",\"url\":\"https:\\\/\\\/canonm5.com\\\/\",\"name\":\"Canon M5 Madrid | Distribuidor oficial Canon\",\"description\":\"Renting de impresoras para empresas\",\"potentialAction\":[{\"@type\":\"SearchAction\",\"target\":{\"@type\":\"EntryPoint\",\"urlTemplate\":\"https:\\\/\\\/canonm5.com\\\/?s={search_term_string}\"},\"query-input\":{\"@type\":\"PropertyValueSpecification\",\"valueRequired\":true,\"valueName\":\"search_term_string\"}}],\"inLanguage\":\"es\"}]}<\/script>\n<!-- \/ Yoast SEO plugin. -->","yoast_head_json":{"title":"COJ\u00cdN ERGON\u00d3MICO KENSINGTON GEL FR\u00cdO - Canon M5 Madrid | Distribuidor oficial Canon","description":"Tejido fresco y suave con interior de gel fr\u00edo que disminuye la temperatura corporal para mayor comodidad. El dise\u00f1o ergon\u00f3mico facilita una postura saludable cuando se est\u00e1 sentado todo el d\u00eda. Mejora la circulaci\u00f3n y proporciona un soporte adecuado en la parte alta de la espalda y el coxis. Supone un alivio de la ci\u00e1tica al minimizar el contacto entre el coxis y el asiento gracias a la forma en U del coj\u00edn.","robots":{"index":"index","follow":"follow","max-snippet":"max-snippet:-1","max-image-preview":"max-image-preview:large","max-video-preview":"max-video-preview:-1"},"canonical":"https:\/\/canonm5.com\/index.php\/producto\/cojin-ergonomico-kensington-gel-frio\/","og_locale":"es_ES","og_type":"article","og_title":"COJ\u00cdN ERGON\u00d3MICO KENSINGTON GEL FR\u00cdO - Canon M5 Madrid | Distribuidor oficial Canon","og_description":"Tejido fresco y suave con interior de gel fr\u00edo que disminuye la temperatura corporal para mayor comodidad. El dise\u00f1o ergon\u00f3mico facilita una postura saludable cuando se est\u00e1 sentado todo el d\u00eda. Mejora la circulaci\u00f3n y proporciona un soporte adecuado en la parte alta de la espalda y el coxis. Supone un alivio de la ci\u00e1tica al minimizar el contacto entre el coxis y el asiento gracias a la forma en U del coj\u00edn.","og_url":"https:\/\/canonm5.com\/index.php\/producto\/cojin-ergonomico-kensington-gel-frio\/","og_site_name":"Canon M5 Madrid | Distribuidor oficial Canon","article_modified_time":"2023-03-07T14:27:14+00:00","og_image":[{"width":239,"height":239,"url":"https:\/\/canonm5.com\/wp-content\/uploads\/2023\/01\/cojin-ergonom-kensington-gel-frio-negro.jpg","type":"image\/jpeg"}],"twitter_card":"summary_large_image","twitter_misc":{"Tiempo de lectura":"1 minuto"},"schema":{"@context":"https:\/\/schema.org","@graph":[{"@type":"WebPage","@id":"https:\/\/canonm5.com\/index.php\/producto\/cojin-ergonomico-kensington-gel-frio\/","url":"https:\/\/canonm5.com\/index.php\/producto\/cojin-ergonomico-kensington-gel-frio\/","name":"COJ\u00cdN ERGON\u00d3MICO KENSINGTON GEL FR\u00cdO - Canon M5 Madrid | Distribuidor oficial Canon","isPartOf":{"@id":"https:\/\/canonm5.com\/#website"},"primaryImageOfPage":{"@id":"https:\/\/canonm5.com\/index.php\/producto\/cojin-ergonomico-kensington-gel-frio\/#primaryimage"},"image":{"@id":"https:\/\/canonm5.com\/index.php\/producto\/cojin-ergonomico-kensington-gel-frio\/#primaryimage"},"thumbnailUrl":"https:\/\/canonm5.com\/wp-content\/uploads\/2023\/01\/cojin-ergonom-kensington-gel-frio-negro.jpg","datePublished":"2023-01-04T13:14:21+00:00","dateModified":"2023-03-07T14:27:14+00:00","description":"Tejido fresco y suave con interior de gel fr\u00edo que disminuye la temperatura corporal para mayor comodidad. El dise\u00f1o ergon\u00f3mico facilita una postura saludable cuando se est\u00e1 sentado todo el d\u00eda. Mejora la circulaci\u00f3n y proporciona un soporte adecuado en la parte alta de la espalda y el coxis. Supone un alivio de la ci\u00e1tica al minimizar el contacto entre el coxis y el asiento gracias a la forma en U del coj\u00edn.","breadcrumb":{"@id":"https:\/\/canonm5.com\/index.php\/producto\/cojin-ergonomico-kensington-gel-frio\/#breadcrumb"},"inLanguage":"es","potentialAction":[{"@type":"ReadAction","target":["https:\/\/canonm5.com\/index.php\/producto\/cojin-ergonomico-kensington-gel-frio\/"]}]},{"@type":"ImageObject","inLanguage":"es","@id":"https:\/\/canonm5.com\/index.php\/producto\/cojin-ergonomico-kensington-gel-frio\/#primaryimage","url":"https:\/\/canonm5.com\/wp-content\/uploads\/2023\/01\/cojin-ergonom-kensington-gel-frio-negro.jpg","contentUrl":"https:\/\/canonm5.com\/wp-content\/uploads\/2023\/01\/cojin-ergonom-kensington-gel-frio-negro.jpg","width":239,"height":239},{"@type":"BreadcrumbList","@id":"https:\/\/canonm5.com\/index.php\/producto\/cojin-ergonomico-kensington-gel-frio\/#breadcrumb","itemListElement":[{"@type":"ListItem","position":1,"name":"Portada","item":"https:\/\/canonm5.com\/"},{"@type":"ListItem","position":2,"name":"Nuestros productos","item":"https:\/\/canonm5.com\/index.php\/productos\/"},{"@type":"ListItem","position":3,"name":"COJ\u00cdN ERGON\u00d3MICO KENSINGTON GEL FR\u00cdO"}]},{"@type":"WebSite","@id":"https:\/\/canonm5.com\/#website","url":"https:\/\/canonm5.com\/","name":"Canon M5 Madrid | Distribuidor oficial Canon","description":"Renting de impresoras para empresas","potentialAction":[{"@type":"SearchAction","target":{"@type":"EntryPoint","urlTemplate":"https:\/\/canonm5.com\/?s={search_term_string}"},"query-input":{"@type":"PropertyValueSpecification","valueRequired":true,"valueName":"search_term_string"}}],"inLanguage":"es"}]}},"_links":{"self":[{"href":"https:\/\/canonm5.com\/index.php\/wp-json\/wp\/v2\/product\/5399","targetHints":{"allow":["GET"]}}],"collection":[{"href":"https:\/\/canonm5.com\/index.php\/wp-json\/wp\/v2\/product"}],"about":[{"href":"https:\/\/canonm5.com\/index.php\/wp-json\/wp\/v2\/types\/product"}],"wp:featuredmedia":[{"embeddable":true,"href":"https:\/\/canonm5.com\/index.php\/wp-json\/wp\/v2\/media\/5401"}],"wp:attachment":[{"href":"https:\/\/canonm5.com\/index.php\/wp-json\/wp\/v2\/media?parent=5399"}],"wp:term":[{"taxonomy":"product_cat","embeddable":true,"href":"https:\/\/canonm5.com\/index.php\/wp-json\/wp\/v2\/product_cat?post=5399"},{"taxonomy":"product_tag","embeddable":true,"href":"https:\/\/canonm5.com\/index.php\/wp-json\/wp\/v2\/product_tag?post=5399"}],"curies":[{"name":"wp","href":"https:\/\/api.w.org\/{rel}","templated":true}]}}