{"id":5395,"date":"2023-01-04T13:11:45","date_gmt":"2023-01-04T13:11:45","guid":{"rendered":"https:\/\/canonm5.com\/?post_type=product&#038;p=5395"},"modified":"2023-03-07T14:26:08","modified_gmt":"2023-03-07T14:26:08","slug":"cojin-ergonomico-kensington-memory-foam","status":"publish","type":"product","link":"https:\/\/canonm5.com\/index.php\/producto\/cojin-ergonomico-kensington-memory-foam\/","title":{"rendered":"COJ\u00cdN ERGON\u00d3MICO KENSINGTON MEMORY FOAM"},"content":{"rendered":"<p>&#8211; El dise\u00f1o ergon\u00f3mico facilita que adoptes una postura saludable cuando est\u00e1s sentado todo el d\u00eda.<br \/>\n&#8211; Mejora la circulaci\u00f3n y proporciona un soporte adecuado en la parte alta de la espalda y el coxis<br \/>\n&#8211; La espuma con memoria de alta densidad proporciona un soporte duradero y mantiene la forma despu\u00e9s de su uso<br \/>\n&#8211; Funda extra\u00edble para facilitar la limpieza<\/p>\n<p><em>E.O. Madrid Cinco S.L., no se responsabiliza de posibles errores tipogr\u00e1ficos y de precio. Las fotograf\u00edas de los productos pueden sufrir cambios<\/em><\/p>\n","protected":false},"excerpt":{"rendered":"<p>&#8211; El dise\u00f1o ergon\u00f3mico facilita que adoptes una postura saludable cuando est\u00e1s sentado todo el d\u00eda.<br \/>\n&#8211; Mejora la circulaci\u00f3n y proporciona un soporte adecuado en la parte alta de la espalda y el coxis<br \/>\n&#8211; La espuma con memoria de alta densidad proporciona un soporte duradero y mantiene la forma despu\u00e9s de su uso<br \/>\n&#8211; Funda extra\u00edble para facilitar la limpieza<\/p>\n","protected":false},"featured_media":5398,"template":"","meta":{"_et_pb_use_builder":"","_et_pb_old_content":"","_et_gb_content_width":"","_joinchat":[]},"product_cat":[1705],"product_tag":[1688,1717,1718,996],"class_list":{"0":"post-5395","1":"product","2":"type-product","3":"status-publish","4":"has-post-thumbnail","6":"product_cat-ergonomia","7":"product_tag-cojin","8":"product_tag-ergonomica","9":"product_tag-foam","10":"product_tag-kensington","12":"first","13":"instock","14":"taxable","15":"shipping-taxable","16":"purchasable","17":"product-type-simple"},"yoast_head":"<!-- This site is optimized with the Yoast SEO plugin v27.4 - https:\/\/yoast.com\/product\/yoast-seo-wordpress\/ -->\n<title>COJ\u00cdN ERGON\u00d3MICO KENSINGTON MEMORY FOAM - Canon M5 Madrid | Distribuidor oficial Canon<\/title>\n<meta name=\"description\" content=\"El coj\u00edn Memory Foam ergon\u00f3mico est\u00e1 dise\u00f1ado para ayudar a adoptar una postura saludable, aumentar la circulaci\u00f3n y aliviar la presi\u00f3n de la columna vertebral estando sentado. El coj\u00edn tiene espuma de alta densidad que mantiene la forma, respaldo antideslizante. El coj\u00edn incluye una funda lavable y una correa para su transporte. Ayuda tambi\u00e9n a reducir molestias, fatiga y rigidez en el puesto de trabajo.\" \/>\n<meta name=\"robots\" content=\"index, follow, max-snippet:-1, max-image-preview:large, max-video-preview:-1\" \/>\n<link rel=\"canonical\" href=\"https:\/\/canonm5.com\/index.php\/producto\/cojin-ergonomico-kensington-memory-foam\/\" \/>\n<meta property=\"og:locale\" content=\"es_ES\" \/>\n<meta property=\"og:type\" content=\"article\" \/>\n<meta property=\"og:title\" content=\"COJ\u00cdN ERGON\u00d3MICO KENSINGTON MEMORY FOAM - Canon M5 Madrid | Distribuidor oficial Canon\" \/>\n<meta property=\"og:description\" content=\"El coj\u00edn Memory Foam ergon\u00f3mico est\u00e1 dise\u00f1ado para ayudar a adoptar una postura saludable, aumentar la circulaci\u00f3n y aliviar la presi\u00f3n de la columna vertebral estando sentado. El coj\u00edn tiene espuma de alta densidad que mantiene la forma, respaldo antideslizante. El coj\u00edn incluye una funda lavable y una correa para su transporte. Ayuda tambi\u00e9n a reducir molestias, fatiga y rigidez en el puesto de trabajo.\" \/>\n<meta property=\"og:url\" content=\"https:\/\/canonm5.com\/index.php\/producto\/cojin-ergonomico-kensington-memory-foam\/\" \/>\n<meta property=\"og:site_name\" content=\"Canon M5 Madrid | Distribuidor oficial Canon\" \/>\n<meta property=\"article:modified_time\" content=\"2023-03-07T14:26:08+00:00\" \/>\n<meta property=\"og:image\" content=\"https:\/\/canonm5.com\/wp-content\/uploads\/2023\/01\/cojin-kensington-memory-foam-negro.jpg\" \/>\n\t<meta property=\"og:image:width\" content=\"239\" \/>\n\t<meta property=\"og:image:height\" content=\"239\" \/>\n\t<meta property=\"og:image:type\" content=\"image\/jpeg\" \/>\n<meta name=\"twitter:card\" content=\"summary_large_image\" \/>\n<script type=\"application\/ld+json\" class=\"yoast-schema-graph\">{\"@context\":\"https:\\\/\\\/schema.org\",\"@graph\":[{\"@type\":\"WebPage\",\"@id\":\"https:\\\/\\\/canonm5.com\\\/index.php\\\/producto\\\/cojin-ergonomico-kensington-memory-foam\\\/\",\"url\":\"https:\\\/\\\/canonm5.com\\\/index.php\\\/producto\\\/cojin-ergonomico-kensington-memory-foam\\\/\",\"name\":\"COJ\u00cdN ERGON\u00d3MICO KENSINGTON MEMORY FOAM - Canon M5 Madrid | Distribuidor oficial Canon\",\"isPartOf\":{\"@id\":\"https:\\\/\\\/canonm5.com\\\/#website\"},\"primaryImageOfPage\":{\"@id\":\"https:\\\/\\\/canonm5.com\\\/index.php\\\/producto\\\/cojin-ergonomico-kensington-memory-foam\\\/#primaryimage\"},\"image\":{\"@id\":\"https:\\\/\\\/canonm5.com\\\/index.php\\\/producto\\\/cojin-ergonomico-kensington-memory-foam\\\/#primaryimage\"},\"thumbnailUrl\":\"https:\\\/\\\/canonm5.com\\\/wp-content\\\/uploads\\\/2023\\\/01\\\/cojin-kensington-memory-foam-negro.jpg\",\"datePublished\":\"2023-01-04T13:11:45+00:00\",\"dateModified\":\"2023-03-07T14:26:08+00:00\",\"description\":\"El coj\u00edn Memory Foam ergon\u00f3mico est\u00e1 dise\u00f1ado para ayudar a adoptar una postura saludable, aumentar la circulaci\u00f3n y aliviar la presi\u00f3n de la columna vertebral estando sentado. El coj\u00edn tiene espuma de alta densidad que mantiene la forma, respaldo antideslizante. El coj\u00edn incluye una funda lavable y una correa para su transporte. Ayuda tambi\u00e9n a reducir molestias, fatiga y rigidez en el puesto de trabajo.\",\"breadcrumb\":{\"@id\":\"https:\\\/\\\/canonm5.com\\\/index.php\\\/producto\\\/cojin-ergonomico-kensington-memory-foam\\\/#breadcrumb\"},\"inLanguage\":\"es\",\"potentialAction\":[{\"@type\":\"ReadAction\",\"target\":[\"https:\\\/\\\/canonm5.com\\\/index.php\\\/producto\\\/cojin-ergonomico-kensington-memory-foam\\\/\"]}]},{\"@type\":\"ImageObject\",\"inLanguage\":\"es\",\"@id\":\"https:\\\/\\\/canonm5.com\\\/index.php\\\/producto\\\/cojin-ergonomico-kensington-memory-foam\\\/#primaryimage\",\"url\":\"https:\\\/\\\/canonm5.com\\\/wp-content\\\/uploads\\\/2023\\\/01\\\/cojin-kensington-memory-foam-negro.jpg\",\"contentUrl\":\"https:\\\/\\\/canonm5.com\\\/wp-content\\\/uploads\\\/2023\\\/01\\\/cojin-kensington-memory-foam-negro.jpg\",\"width\":239,\"height\":239},{\"@type\":\"BreadcrumbList\",\"@id\":\"https:\\\/\\\/canonm5.com\\\/index.php\\\/producto\\\/cojin-ergonomico-kensington-memory-foam\\\/#breadcrumb\",\"itemListElement\":[{\"@type\":\"ListItem\",\"position\":1,\"name\":\"Portada\",\"item\":\"https:\\\/\\\/canonm5.com\\\/\"},{\"@type\":\"ListItem\",\"position\":2,\"name\":\"Nuestros productos\",\"item\":\"https:\\\/\\\/canonm5.com\\\/index.php\\\/productos\\\/\"},{\"@type\":\"ListItem\",\"position\":3,\"name\":\"COJ\u00cdN ERGON\u00d3MICO KENSINGTON MEMORY FOAM\"}]},{\"@type\":\"WebSite\",\"@id\":\"https:\\\/\\\/canonm5.com\\\/#website\",\"url\":\"https:\\\/\\\/canonm5.com\\\/\",\"name\":\"Canon M5 Madrid | Distribuidor oficial Canon\",\"description\":\"Renting de impresoras para empresas\",\"potentialAction\":[{\"@type\":\"SearchAction\",\"target\":{\"@type\":\"EntryPoint\",\"urlTemplate\":\"https:\\\/\\\/canonm5.com\\\/?s={search_term_string}\"},\"query-input\":{\"@type\":\"PropertyValueSpecification\",\"valueRequired\":true,\"valueName\":\"search_term_string\"}}],\"inLanguage\":\"es\"}]}<\/script>\n<!-- \/ Yoast SEO plugin. -->","yoast_head_json":{"title":"COJ\u00cdN ERGON\u00d3MICO KENSINGTON MEMORY FOAM - Canon M5 Madrid | Distribuidor oficial Canon","description":"El coj\u00edn Memory Foam ergon\u00f3mico est\u00e1 dise\u00f1ado para ayudar a adoptar una postura saludable, aumentar la circulaci\u00f3n y aliviar la presi\u00f3n de la columna vertebral estando sentado. El coj\u00edn tiene espuma de alta densidad que mantiene la forma, respaldo antideslizante. El coj\u00edn incluye una funda lavable y una correa para su transporte. Ayuda tambi\u00e9n a reducir molestias, fatiga y rigidez en el puesto de trabajo.","robots":{"index":"index","follow":"follow","max-snippet":"max-snippet:-1","max-image-preview":"max-image-preview:large","max-video-preview":"max-video-preview:-1"},"canonical":"https:\/\/canonm5.com\/index.php\/producto\/cojin-ergonomico-kensington-memory-foam\/","og_locale":"es_ES","og_type":"article","og_title":"COJ\u00cdN ERGON\u00d3MICO KENSINGTON MEMORY FOAM - Canon M5 Madrid | Distribuidor oficial Canon","og_description":"El coj\u00edn Memory Foam ergon\u00f3mico est\u00e1 dise\u00f1ado para ayudar a adoptar una postura saludable, aumentar la circulaci\u00f3n y aliviar la presi\u00f3n de la columna vertebral estando sentado. El coj\u00edn tiene espuma de alta densidad que mantiene la forma, respaldo antideslizante. El coj\u00edn incluye una funda lavable y una correa para su transporte. Ayuda tambi\u00e9n a reducir molestias, fatiga y rigidez en el puesto de trabajo.","og_url":"https:\/\/canonm5.com\/index.php\/producto\/cojin-ergonomico-kensington-memory-foam\/","og_site_name":"Canon M5 Madrid | Distribuidor oficial Canon","article_modified_time":"2023-03-07T14:26:08+00:00","og_image":[{"width":239,"height":239,"url":"https:\/\/canonm5.com\/wp-content\/uploads\/2023\/01\/cojin-kensington-memory-foam-negro.jpg","type":"image\/jpeg"}],"twitter_card":"summary_large_image","schema":{"@context":"https:\/\/schema.org","@graph":[{"@type":"WebPage","@id":"https:\/\/canonm5.com\/index.php\/producto\/cojin-ergonomico-kensington-memory-foam\/","url":"https:\/\/canonm5.com\/index.php\/producto\/cojin-ergonomico-kensington-memory-foam\/","name":"COJ\u00cdN ERGON\u00d3MICO KENSINGTON MEMORY FOAM - Canon M5 Madrid | Distribuidor oficial Canon","isPartOf":{"@id":"https:\/\/canonm5.com\/#website"},"primaryImageOfPage":{"@id":"https:\/\/canonm5.com\/index.php\/producto\/cojin-ergonomico-kensington-memory-foam\/#primaryimage"},"image":{"@id":"https:\/\/canonm5.com\/index.php\/producto\/cojin-ergonomico-kensington-memory-foam\/#primaryimage"},"thumbnailUrl":"https:\/\/canonm5.com\/wp-content\/uploads\/2023\/01\/cojin-kensington-memory-foam-negro.jpg","datePublished":"2023-01-04T13:11:45+00:00","dateModified":"2023-03-07T14:26:08+00:00","description":"El coj\u00edn Memory Foam ergon\u00f3mico est\u00e1 dise\u00f1ado para ayudar a adoptar una postura saludable, aumentar la circulaci\u00f3n y aliviar la presi\u00f3n de la columna vertebral estando sentado. El coj\u00edn tiene espuma de alta densidad que mantiene la forma, respaldo antideslizante. El coj\u00edn incluye una funda lavable y una correa para su transporte. Ayuda tambi\u00e9n a reducir molestias, fatiga y rigidez en el puesto de trabajo.","breadcrumb":{"@id":"https:\/\/canonm5.com\/index.php\/producto\/cojin-ergonomico-kensington-memory-foam\/#breadcrumb"},"inLanguage":"es","potentialAction":[{"@type":"ReadAction","target":["https:\/\/canonm5.com\/index.php\/producto\/cojin-ergonomico-kensington-memory-foam\/"]}]},{"@type":"ImageObject","inLanguage":"es","@id":"https:\/\/canonm5.com\/index.php\/producto\/cojin-ergonomico-kensington-memory-foam\/#primaryimage","url":"https:\/\/canonm5.com\/wp-content\/uploads\/2023\/01\/cojin-kensington-memory-foam-negro.jpg","contentUrl":"https:\/\/canonm5.com\/wp-content\/uploads\/2023\/01\/cojin-kensington-memory-foam-negro.jpg","width":239,"height":239},{"@type":"BreadcrumbList","@id":"https:\/\/canonm5.com\/index.php\/producto\/cojin-ergonomico-kensington-memory-foam\/#breadcrumb","itemListElement":[{"@type":"ListItem","position":1,"name":"Portada","item":"https:\/\/canonm5.com\/"},{"@type":"ListItem","position":2,"name":"Nuestros productos","item":"https:\/\/canonm5.com\/index.php\/productos\/"},{"@type":"ListItem","position":3,"name":"COJ\u00cdN ERGON\u00d3MICO KENSINGTON MEMORY FOAM"}]},{"@type":"WebSite","@id":"https:\/\/canonm5.com\/#website","url":"https:\/\/canonm5.com\/","name":"Canon M5 Madrid | Distribuidor oficial Canon","description":"Renting de impresoras para empresas","potentialAction":[{"@type":"SearchAction","target":{"@type":"EntryPoint","urlTemplate":"https:\/\/canonm5.com\/?s={search_term_string}"},"query-input":{"@type":"PropertyValueSpecification","valueRequired":true,"valueName":"search_term_string"}}],"inLanguage":"es"}]}},"_links":{"self":[{"href":"https:\/\/canonm5.com\/index.php\/wp-json\/wp\/v2\/product\/5395","targetHints":{"allow":["GET"]}}],"collection":[{"href":"https:\/\/canonm5.com\/index.php\/wp-json\/wp\/v2\/product"}],"about":[{"href":"https:\/\/canonm5.com\/index.php\/wp-json\/wp\/v2\/types\/product"}],"wp:featuredmedia":[{"embeddable":true,"href":"https:\/\/canonm5.com\/index.php\/wp-json\/wp\/v2\/media\/5398"}],"wp:attachment":[{"href":"https:\/\/canonm5.com\/index.php\/wp-json\/wp\/v2\/media?parent=5395"}],"wp:term":[{"taxonomy":"product_cat","embeddable":true,"href":"https:\/\/canonm5.com\/index.php\/wp-json\/wp\/v2\/product_cat?post=5395"},{"taxonomy":"product_tag","embeddable":true,"href":"https:\/\/canonm5.com\/index.php\/wp-json\/wp\/v2\/product_tag?post=5395"}],"curies":[{"name":"wp","href":"https:\/\/api.w.org\/{rel}","templated":true}]}}