{"id":5257,"date":"2023-01-02T11:43:26","date_gmt":"2023-01-02T11:43:26","guid":{"rendered":"https:\/\/canonm5.com\/?post_type=product&#038;p=5257"},"modified":"2023-01-10T14:50:39","modified_gmt":"2023-01-10T14:50:39","slug":"modulo-a-series-4-cajones","status":"publish","type":"product","link":"https:\/\/canonm5.com\/index.php\/producto\/modulo-a-series-4-cajones\/","title":{"rendered":"M\u00d3DULO A-SERIES 4 CAJONES"},"content":{"rendered":"<p>&#8211; M\u00f3dulo de archivo<br \/>\n&#8211; Cuatro cajones de 5 cm<br \/>\n&#8211; Con sistema de bloqueo<br \/>\n&#8211; Portaetiquetas en cada caj\u00f3n<br \/>\n&#8211; Apilable de forma vertical<br \/>\n&#8211; Exterior gris<br \/>\n&#8211; Fabricado en poliestireno<br \/>\n&#8211; Con dos tapas decorativas<br \/>\n&#8211; Medidas exteriores: 28,5&#215;37,5x23cm<\/p>\n<p>E.O. Madrid Cinco S.L., no se responsabiliza de posibles errores tipogr\u00e1ficos y de precio. Las fotograf\u00edas de los productos pueden sufrir cambios<\/p>\n<p>&nbsp;<\/p>\n","protected":false},"excerpt":{"rendered":"<p>&#8211; M\u00f3dulo de archivo<br \/>\n&#8211; Cuatro cajones de 5 cm<br \/>\n&#8211; Con sistema de bloqueo<br \/>\n&#8211; Portaetiquetas en cada caj\u00f3n<br \/>\n&#8211; Apilable de forma vertical<br \/>\n&#8211; Exterior gris<br \/>\n&#8211; Fabricado en poliestireno<br \/>\n&#8211; Con dos tapas decorativas<br \/>\n&#8211; Medidas exteriores: 28,5&#215;37,5x23cm<\/p>\n","protected":false},"featured_media":5261,"template":"","meta":{"_et_pb_use_builder":"","_et_pb_old_content":"","_et_gb_content_width":"","_joinchat":[]},"product_cat":[1675,1684],"product_tag":[1454,201,1682,1455],"class_list":{"0":"post-5257","1":"product","2":"type-product","3":"status-publish","4":"has-post-thumbnail","6":"product_cat-mobiliario","7":"product_cat-modulos-de-archivo","8":"product_tag-a-series","9":"product_tag-a4","10":"product_tag-cajones","11":"product_tag-modulo","13":"first","14":"instock","15":"taxable","16":"shipping-taxable","17":"purchasable","18":"product-type-variable"},"yoast_head":"<!-- This site is optimized with the Yoast SEO plugin v27.4 - https:\/\/yoast.com\/product\/yoast-seo-wordpress\/ -->\n<title>M\u00d3DULO A-SERIES 4 CAJONES - Canon M5 Madrid | Distribuidor oficial Canon<\/title>\n<meta name=\"description\" content=\"M\u00f3dulo con cuatro cajones de 5 cm, para guardar documentos, con sistema de bloqueo, evita la salida de los mismos. Con portaetiquetas en cada caj\u00f3n. Dise\u00f1ado para poder apilarse de forma vertical formando un s\u00f3lido bloque. Fabricado en poliestireno. Exterior gris. Con dos tapas decorativas. Medidas exteriores: 28,5x37,5x23cm.\" \/>\n<meta name=\"robots\" content=\"index, follow, max-snippet:-1, max-image-preview:large, max-video-preview:-1\" \/>\n<link rel=\"canonical\" href=\"https:\/\/canonm5.com\/index.php\/producto\/modulo-a-series-4-cajones\/\" \/>\n<meta property=\"og:locale\" content=\"es_ES\" \/>\n<meta property=\"og:type\" content=\"article\" \/>\n<meta property=\"og:title\" content=\"M\u00d3DULO A-SERIES 4 CAJONES - Canon M5 Madrid | Distribuidor oficial Canon\" \/>\n<meta property=\"og:description\" content=\"M\u00f3dulo con cuatro cajones de 5 cm, para guardar documentos, con sistema de bloqueo, evita la salida de los mismos. Con portaetiquetas en cada caj\u00f3n. Dise\u00f1ado para poder apilarse de forma vertical formando un s\u00f3lido bloque. Fabricado en poliestireno. Exterior gris. Con dos tapas decorativas. Medidas exteriores: 28,5x37,5x23cm.\" \/>\n<meta property=\"og:url\" content=\"https:\/\/canonm5.com\/index.php\/producto\/modulo-a-series-4-cajones\/\" \/>\n<meta property=\"og:site_name\" content=\"Canon M5 Madrid | Distribuidor oficial Canon\" \/>\n<meta property=\"article:modified_time\" content=\"2023-01-10T14:50:39+00:00\" \/>\n<meta property=\"og:image\" content=\"https:\/\/canonm5.com\/wp-content\/uploads\/2023\/01\/modulo-a-series-4-caj-negro-1000mas-02-1.jpg\" \/>\n\t<meta property=\"og:image:width\" content=\"239\" \/>\n\t<meta property=\"og:image:height\" content=\"239\" \/>\n\t<meta property=\"og:image:type\" content=\"image\/jpeg\" \/>\n<meta name=\"twitter:card\" content=\"summary_large_image\" \/>\n<script type=\"application\/ld+json\" class=\"yoast-schema-graph\">{\"@context\":\"https:\\\/\\\/schema.org\",\"@graph\":[{\"@type\":\"WebPage\",\"@id\":\"https:\\\/\\\/canonm5.com\\\/index.php\\\/producto\\\/modulo-a-series-4-cajones\\\/\",\"url\":\"https:\\\/\\\/canonm5.com\\\/index.php\\\/producto\\\/modulo-a-series-4-cajones\\\/\",\"name\":\"M\u00d3DULO A-SERIES 4 CAJONES - Canon M5 Madrid | Distribuidor oficial Canon\",\"isPartOf\":{\"@id\":\"https:\\\/\\\/canonm5.com\\\/#website\"},\"primaryImageOfPage\":{\"@id\":\"https:\\\/\\\/canonm5.com\\\/index.php\\\/producto\\\/modulo-a-series-4-cajones\\\/#primaryimage\"},\"image\":{\"@id\":\"https:\\\/\\\/canonm5.com\\\/index.php\\\/producto\\\/modulo-a-series-4-cajones\\\/#primaryimage\"},\"thumbnailUrl\":\"https:\\\/\\\/canonm5.com\\\/wp-content\\\/uploads\\\/2023\\\/01\\\/modulo-a-series-4-caj-negro-1000mas-02-1.jpg\",\"datePublished\":\"2023-01-02T11:43:26+00:00\",\"dateModified\":\"2023-01-10T14:50:39+00:00\",\"description\":\"M\u00f3dulo con cuatro cajones de 5 cm, para guardar documentos, con sistema de bloqueo, evita la salida de los mismos. Con portaetiquetas en cada caj\u00f3n. Dise\u00f1ado para poder apilarse de forma vertical formando un s\u00f3lido bloque. Fabricado en poliestireno. Exterior gris. Con dos tapas decorativas. Medidas exteriores: 28,5x37,5x23cm.\",\"breadcrumb\":{\"@id\":\"https:\\\/\\\/canonm5.com\\\/index.php\\\/producto\\\/modulo-a-series-4-cajones\\\/#breadcrumb\"},\"inLanguage\":\"es\",\"potentialAction\":[{\"@type\":\"ReadAction\",\"target\":[\"https:\\\/\\\/canonm5.com\\\/index.php\\\/producto\\\/modulo-a-series-4-cajones\\\/\"]}]},{\"@type\":\"ImageObject\",\"inLanguage\":\"es\",\"@id\":\"https:\\\/\\\/canonm5.com\\\/index.php\\\/producto\\\/modulo-a-series-4-cajones\\\/#primaryimage\",\"url\":\"https:\\\/\\\/canonm5.com\\\/wp-content\\\/uploads\\\/2023\\\/01\\\/modulo-a-series-4-caj-negro-1000mas-02-1.jpg\",\"contentUrl\":\"https:\\\/\\\/canonm5.com\\\/wp-content\\\/uploads\\\/2023\\\/01\\\/modulo-a-series-4-caj-negro-1000mas-02-1.jpg\",\"width\":239,\"height\":239},{\"@type\":\"BreadcrumbList\",\"@id\":\"https:\\\/\\\/canonm5.com\\\/index.php\\\/producto\\\/modulo-a-series-4-cajones\\\/#breadcrumb\",\"itemListElement\":[{\"@type\":\"ListItem\",\"position\":1,\"name\":\"Portada\",\"item\":\"https:\\\/\\\/canonm5.com\\\/\"},{\"@type\":\"ListItem\",\"position\":2,\"name\":\"Nuestros productos\",\"item\":\"https:\\\/\\\/canonm5.com\\\/index.php\\\/productos\\\/\"},{\"@type\":\"ListItem\",\"position\":3,\"name\":\"M\u00d3DULO A-SERIES 4 CAJONES\"}]},{\"@type\":\"WebSite\",\"@id\":\"https:\\\/\\\/canonm5.com\\\/#website\",\"url\":\"https:\\\/\\\/canonm5.com\\\/\",\"name\":\"Canon M5 Madrid | Distribuidor oficial Canon\",\"description\":\"Renting de impresoras para empresas\",\"potentialAction\":[{\"@type\":\"SearchAction\",\"target\":{\"@type\":\"EntryPoint\",\"urlTemplate\":\"https:\\\/\\\/canonm5.com\\\/?s={search_term_string}\"},\"query-input\":{\"@type\":\"PropertyValueSpecification\",\"valueRequired\":true,\"valueName\":\"search_term_string\"}}],\"inLanguage\":\"es\"}]}<\/script>\n<!-- \/ Yoast SEO plugin. -->","yoast_head_json":{"title":"M\u00d3DULO A-SERIES 4 CAJONES - Canon M5 Madrid | Distribuidor oficial Canon","description":"M\u00f3dulo con cuatro cajones de 5 cm, para guardar documentos, con sistema de bloqueo, evita la salida de los mismos. Con portaetiquetas en cada caj\u00f3n. Dise\u00f1ado para poder apilarse de forma vertical formando un s\u00f3lido bloque. Fabricado en poliestireno. Exterior gris. Con dos tapas decorativas. Medidas exteriores: 28,5x37,5x23cm.","robots":{"index":"index","follow":"follow","max-snippet":"max-snippet:-1","max-image-preview":"max-image-preview:large","max-video-preview":"max-video-preview:-1"},"canonical":"https:\/\/canonm5.com\/index.php\/producto\/modulo-a-series-4-cajones\/","og_locale":"es_ES","og_type":"article","og_title":"M\u00d3DULO A-SERIES 4 CAJONES - Canon M5 Madrid | Distribuidor oficial Canon","og_description":"M\u00f3dulo con cuatro cajones de 5 cm, para guardar documentos, con sistema de bloqueo, evita la salida de los mismos. Con portaetiquetas en cada caj\u00f3n. Dise\u00f1ado para poder apilarse de forma vertical formando un s\u00f3lido bloque. Fabricado en poliestireno. Exterior gris. Con dos tapas decorativas. Medidas exteriores: 28,5x37,5x23cm.","og_url":"https:\/\/canonm5.com\/index.php\/producto\/modulo-a-series-4-cajones\/","og_site_name":"Canon M5 Madrid | Distribuidor oficial Canon","article_modified_time":"2023-01-10T14:50:39+00:00","og_image":[{"width":239,"height":239,"url":"https:\/\/canonm5.com\/wp-content\/uploads\/2023\/01\/modulo-a-series-4-caj-negro-1000mas-02-1.jpg","type":"image\/jpeg"}],"twitter_card":"summary_large_image","schema":{"@context":"https:\/\/schema.org","@graph":[{"@type":"WebPage","@id":"https:\/\/canonm5.com\/index.php\/producto\/modulo-a-series-4-cajones\/","url":"https:\/\/canonm5.com\/index.php\/producto\/modulo-a-series-4-cajones\/","name":"M\u00d3DULO A-SERIES 4 CAJONES - Canon M5 Madrid | Distribuidor oficial Canon","isPartOf":{"@id":"https:\/\/canonm5.com\/#website"},"primaryImageOfPage":{"@id":"https:\/\/canonm5.com\/index.php\/producto\/modulo-a-series-4-cajones\/#primaryimage"},"image":{"@id":"https:\/\/canonm5.com\/index.php\/producto\/modulo-a-series-4-cajones\/#primaryimage"},"thumbnailUrl":"https:\/\/canonm5.com\/wp-content\/uploads\/2023\/01\/modulo-a-series-4-caj-negro-1000mas-02-1.jpg","datePublished":"2023-01-02T11:43:26+00:00","dateModified":"2023-01-10T14:50:39+00:00","description":"M\u00f3dulo con cuatro cajones de 5 cm, para guardar documentos, con sistema de bloqueo, evita la salida de los mismos. Con portaetiquetas en cada caj\u00f3n. Dise\u00f1ado para poder apilarse de forma vertical formando un s\u00f3lido bloque. Fabricado en poliestireno. Exterior gris. Con dos tapas decorativas. Medidas exteriores: 28,5x37,5x23cm.","breadcrumb":{"@id":"https:\/\/canonm5.com\/index.php\/producto\/modulo-a-series-4-cajones\/#breadcrumb"},"inLanguage":"es","potentialAction":[{"@type":"ReadAction","target":["https:\/\/canonm5.com\/index.php\/producto\/modulo-a-series-4-cajones\/"]}]},{"@type":"ImageObject","inLanguage":"es","@id":"https:\/\/canonm5.com\/index.php\/producto\/modulo-a-series-4-cajones\/#primaryimage","url":"https:\/\/canonm5.com\/wp-content\/uploads\/2023\/01\/modulo-a-series-4-caj-negro-1000mas-02-1.jpg","contentUrl":"https:\/\/canonm5.com\/wp-content\/uploads\/2023\/01\/modulo-a-series-4-caj-negro-1000mas-02-1.jpg","width":239,"height":239},{"@type":"BreadcrumbList","@id":"https:\/\/canonm5.com\/index.php\/producto\/modulo-a-series-4-cajones\/#breadcrumb","itemListElement":[{"@type":"ListItem","position":1,"name":"Portada","item":"https:\/\/canonm5.com\/"},{"@type":"ListItem","position":2,"name":"Nuestros productos","item":"https:\/\/canonm5.com\/index.php\/productos\/"},{"@type":"ListItem","position":3,"name":"M\u00d3DULO A-SERIES 4 CAJONES"}]},{"@type":"WebSite","@id":"https:\/\/canonm5.com\/#website","url":"https:\/\/canonm5.com\/","name":"Canon M5 Madrid | Distribuidor oficial Canon","description":"Renting de impresoras para empresas","potentialAction":[{"@type":"SearchAction","target":{"@type":"EntryPoint","urlTemplate":"https:\/\/canonm5.com\/?s={search_term_string}"},"query-input":{"@type":"PropertyValueSpecification","valueRequired":true,"valueName":"search_term_string"}}],"inLanguage":"es"}]}},"_links":{"self":[{"href":"https:\/\/canonm5.com\/index.php\/wp-json\/wp\/v2\/product\/5257","targetHints":{"allow":["GET"]}}],"collection":[{"href":"https:\/\/canonm5.com\/index.php\/wp-json\/wp\/v2\/product"}],"about":[{"href":"https:\/\/canonm5.com\/index.php\/wp-json\/wp\/v2\/types\/product"}],"wp:featuredmedia":[{"embeddable":true,"href":"https:\/\/canonm5.com\/index.php\/wp-json\/wp\/v2\/media\/5261"}],"wp:attachment":[{"href":"https:\/\/canonm5.com\/index.php\/wp-json\/wp\/v2\/media?parent=5257"}],"wp:term":[{"taxonomy":"product_cat","embeddable":true,"href":"https:\/\/canonm5.com\/index.php\/wp-json\/wp\/v2\/product_cat?post=5257"},{"taxonomy":"product_tag","embeddable":true,"href":"https:\/\/canonm5.com\/index.php\/wp-json\/wp\/v2\/product_tag?post=5257"}],"curies":[{"name":"wp","href":"https:\/\/api.w.org\/{rel}","templated":true}]}}