{"id":5188,"date":"2022-12-23T12:07:26","date_gmt":"2022-12-23T12:07:26","guid":{"rendered":"https:\/\/canonm5.com\/?post_type=product&#038;p=5188"},"modified":"2023-01-10T14:35:28","modified_gmt":"2023-01-10T14:35:28","slug":"leotec-stylus-epen-lapiz-digital-para-pantalla-tactil-compatible-con-la-mayoria-de-dispositivos-ios-android-o-windows-boton-on-off-apagado-automatico-autonomia-hasta-18h-punta-de-repuesto","status":"publish","type":"product","link":"https:\/\/canonm5.com\/index.php\/producto\/leotec-stylus-epen-lapiz-digital-para-pantalla-tactil-compatible-con-la-mayoria-de-dispositivos-ios-android-o-windows-boton-on-off-apagado-automatico-autonomia-hasta-18h-punta-de-repuesto\/","title":{"rendered":"Leotec Stylus ePen Lapiz Digital para Pantalla Tactil &#8211; Compatible con la Mayoria de Dispositivos iOS, Android o Windows &#8211; Boton On\/Off &#8211; Apagado Automatico &#8211; Autonomia hasta 18h &#8211; Punta de Repuesto"},"content":{"rendered":"<p>Leotec presenta su nuevo dispositivo inteligente Leotec Stylus ePen, un fant\u00e1stico gadget con el que dibujar, escribir o tomar notas sobre la pantalla t\u00e1ctil de casi cualquier dispositivo con pantalla t\u00e1ctil disponible en el mercado.<\/p>\n<p>Puedes utilizarlo tanto con dispositivos con sistema operativo Android, Windows o iOS; sin necesidad de descargar ning\u00fan tipo de programa ni tampoco de enlazar por medio de bluetooth. Simplemente sacar de la caja y empezar a utilizar. \u00a1Funciona incluso sobre cristales de protecci\u00f3n!.<\/p>\n<p>Incorpora una bater\u00eda interna de 140mAh que le permite operar durante al menos 12-18 horas seguidas sin necesidad de recarga y cuando tengas que cargarlo, basta con conectar el cable de alimentaci\u00f3n a un puerto USB libre y en 2 horas aproximadamente estar\u00e1 de nuevo listo al 100%.<\/p>\n<p>Ligero (tan s\u00f3lo 13 gramos de peso) y con un dise\u00f1o a la \u00faltima, el nuevo Leotec Stylus ePen es el compa\u00f1ero perfecto para aventurarse en el mundo del dibujo o como herramienta ideal para tomar notas a mano alzada. Incorpora una punta de recambio y cable de recarga de bater\u00eda as\u00ed como gu\u00eda de usuario dentro de la caja.<\/p>\n<p>Especificaciones:<\/p>\n<p>-Bot\u00f3n de encendido y apagado<br \/>\n-Apagado autom\u00e1tico en 30 minutos<br \/>\n-Luz LED indicadora de encendido\/apagado<br \/>\n-Bater\u00eda de litio de 140mAh<br \/>\n-Cable de carga USB-DC, entrada 5V 100mA<br \/>\n-Tiempo de carga: 2 horas aproximadamente.<br \/>\n-Tiempo de uso: 12-18 horas aproximadamente.<br \/>\n-Compatible con la mayor\u00eda de dispositivos de pantalla capacitiva con sistema operativo iOS, Android o Windows.<br \/>\n-Para pantallas t\u00e1ctiles con\/sin protector de pantalla (incluso de cristal templado).<br \/>\n-Punta del dispositivo: POM<br \/>\n-1 punta de repuesto<br \/>\n-Dimensiones: 165 x 9 mm<br \/>\n-Peso: 13 gr<\/p>\n<p>&nbsp;<\/p>\n<p><em>E.O. Madrid Cinco S.L., no se responsabiliza de posibles errores tipogr\u00e1ficos y de precio. Las fotograf\u00edas de los productos pueden sufrir cambios<\/em><\/p>\n","protected":false},"excerpt":{"rendered":"<p>Especificaciones:<\/p>\n<p>-Bot\u00f3n de encendido y apagado<br \/>\n-Apagado autom\u00e1tico en 30 minutos<br \/>\n-Luz LED indicadora de encendido\/apagado<br \/>\n-Bater\u00eda de litio de 140mAh<br \/>\n-Cable de carga USB-DC, entrada 5V 100mA<br \/>\n-Tiempo de carga: 2 horas aproximadamente.<br \/>\n-Tiempo de uso: 12-18 horas aproximadamente.<br \/>\n-Compatible con la mayor\u00eda de dispositivos de pantalla capacitiva con sistema operativo iOS, Android o Windows.<br \/>\n-Para pantallas t\u00e1ctiles con\/sin protector de pantalla (incluso de cristal templado).<br \/>\n-Punta del dispositivo: POM<br \/>\n-1 punta de repuesto<br \/>\n-Dimensiones: 165 x 9 mm<br \/>\n-Peso: 13 gr<\/p>\n","protected":false},"featured_media":5189,"template":"","meta":{"_et_pb_use_builder":"","_et_pb_old_content":"","_et_gb_content_width":"","_joinchat":[]},"product_cat":[801,1657],"product_tag":[1666,1665,407,1617,1664],"class_list":{"0":"post-5188","1":"product","2":"type-product","3":"status-publish","4":"has-post-thumbnail","6":"product_cat-informatica","7":"product_cat-tablets","8":"product_tag-digital","9":"product_tag-epen","10":"product_tag-lapiz","11":"product_tag-leotec","12":"product_tag-stylus","14":"first","15":"instock","16":"taxable","17":"shipping-taxable","18":"purchasable","19":"product-type-simple"},"yoast_head":"<!-- This site is optimized with the Yoast SEO plugin v27.4 - https:\/\/yoast.com\/product\/yoast-seo-wordpress\/ -->\n<title>Leotec Stylus ePen Lapiz Digital para Pantalla Tactil - Compatible con la Mayoria de Dispositivos iOS, Android o Windows - Boton On\/Off - Apagado Automatico - Autonomia hasta 18h - Punta de Repuesto - Canon M5 Madrid | Distribuidor oficial Canon<\/title>\n<meta name=\"description\" content=\"Leotec presenta su nuevo dispositivo inteligente Leotec Stylus ePen, un fant\u00e1stico gadget con el que dibujar, escribir o tomar notas sobre la pantalla t\u00e1ctil de casi cualquier dispositivo con pantalla t\u00e1ctil disponible en el mercado.Puedes utilizarlo tanto con dispositivos con sistema operativo Android, Windows o iOS; sin necesidad de descargar ning\u00fan tipo de programa ni tampoco de enlazar por medio de bluetooth. Simplemente sacar de la caja y empezar a utilizar. \u00a1Funciona incluso sobre cristales de protecci\u00f3n!.\" \/>\n<meta name=\"robots\" content=\"index, follow, max-snippet:-1, max-image-preview:large, max-video-preview:-1\" \/>\n<link rel=\"canonical\" href=\"https:\/\/canonm5.com\/index.php\/producto\/leotec-stylus-epen-lapiz-digital-para-pantalla-tactil-compatible-con-la-mayoria-de-dispositivos-ios-android-o-windows-boton-on-off-apagado-automatico-autonomia-hasta-18h-punta-de-repuesto\/\" \/>\n<meta property=\"og:locale\" content=\"es_ES\" \/>\n<meta property=\"og:type\" content=\"article\" \/>\n<meta property=\"og:title\" content=\"Leotec Stylus ePen Lapiz Digital para Pantalla Tactil - Compatible con la Mayoria de Dispositivos iOS, Android o Windows - Boton On\/Off - Apagado Automatico - Autonomia hasta 18h - Punta de Repuesto - Canon M5 Madrid | Distribuidor oficial Canon\" \/>\n<meta property=\"og:description\" content=\"Leotec presenta su nuevo dispositivo inteligente Leotec Stylus ePen, un fant\u00e1stico gadget con el que dibujar, escribir o tomar notas sobre la pantalla t\u00e1ctil de casi cualquier dispositivo con pantalla t\u00e1ctil disponible en el mercado.Puedes utilizarlo tanto con dispositivos con sistema operativo Android, Windows o iOS; sin necesidad de descargar ning\u00fan tipo de programa ni tampoco de enlazar por medio de bluetooth. Simplemente sacar de la caja y empezar a utilizar. \u00a1Funciona incluso sobre cristales de protecci\u00f3n!.\" \/>\n<meta property=\"og:url\" content=\"https:\/\/canonm5.com\/index.php\/producto\/leotec-stylus-epen-lapiz-digital-para-pantalla-tactil-compatible-con-la-mayoria-de-dispositivos-ios-android-o-windows-boton-on-off-apagado-automatico-autonomia-hasta-18h-punta-de-repuesto\/\" \/>\n<meta property=\"og:site_name\" content=\"Canon M5 Madrid | Distribuidor oficial Canon\" \/>\n<meta property=\"article:modified_time\" content=\"2023-01-10T14:35:28+00:00\" \/>\n<meta property=\"og:image\" content=\"https:\/\/canonm5.com\/wp-content\/uploads\/2022\/12\/176181_1.jpg\" \/>\n\t<meta property=\"og:image:width\" content=\"793\" \/>\n\t<meta property=\"og:image:height\" content=\"1500\" \/>\n\t<meta property=\"og:image:type\" content=\"image\/jpeg\" \/>\n<meta name=\"twitter:card\" content=\"summary_large_image\" \/>\n<meta name=\"twitter:label1\" content=\"Tiempo de lectura\" \/>\n\t<meta name=\"twitter:data1\" content=\"2 minutos\" \/>\n<script type=\"application\/ld+json\" class=\"yoast-schema-graph\">{\"@context\":\"https:\\\/\\\/schema.org\",\"@graph\":[{\"@type\":\"WebPage\",\"@id\":\"https:\\\/\\\/canonm5.com\\\/index.php\\\/producto\\\/leotec-stylus-epen-lapiz-digital-para-pantalla-tactil-compatible-con-la-mayoria-de-dispositivos-ios-android-o-windows-boton-on-off-apagado-automatico-autonomia-hasta-18h-punta-de-repuesto\\\/\",\"url\":\"https:\\\/\\\/canonm5.com\\\/index.php\\\/producto\\\/leotec-stylus-epen-lapiz-digital-para-pantalla-tactil-compatible-con-la-mayoria-de-dispositivos-ios-android-o-windows-boton-on-off-apagado-automatico-autonomia-hasta-18h-punta-de-repuesto\\\/\",\"name\":\"Leotec Stylus ePen Lapiz Digital para Pantalla Tactil - Compatible con la Mayoria de Dispositivos iOS, Android o Windows - Boton On\\\/Off - Apagado Automatico - Autonomia hasta 18h - Punta de Repuesto - Canon M5 Madrid | Distribuidor oficial Canon\",\"isPartOf\":{\"@id\":\"https:\\\/\\\/canonm5.com\\\/#website\"},\"primaryImageOfPage\":{\"@id\":\"https:\\\/\\\/canonm5.com\\\/index.php\\\/producto\\\/leotec-stylus-epen-lapiz-digital-para-pantalla-tactil-compatible-con-la-mayoria-de-dispositivos-ios-android-o-windows-boton-on-off-apagado-automatico-autonomia-hasta-18h-punta-de-repuesto\\\/#primaryimage\"},\"image\":{\"@id\":\"https:\\\/\\\/canonm5.com\\\/index.php\\\/producto\\\/leotec-stylus-epen-lapiz-digital-para-pantalla-tactil-compatible-con-la-mayoria-de-dispositivos-ios-android-o-windows-boton-on-off-apagado-automatico-autonomia-hasta-18h-punta-de-repuesto\\\/#primaryimage\"},\"thumbnailUrl\":\"https:\\\/\\\/canonm5.com\\\/wp-content\\\/uploads\\\/2022\\\/12\\\/176181_1.jpg\",\"datePublished\":\"2022-12-23T12:07:26+00:00\",\"dateModified\":\"2023-01-10T14:35:28+00:00\",\"description\":\"Leotec presenta su nuevo dispositivo inteligente Leotec Stylus ePen, un fant\u00e1stico gadget con el que dibujar, escribir o tomar notas sobre la pantalla t\u00e1ctil de casi cualquier dispositivo con pantalla t\u00e1ctil disponible en el mercado.Puedes utilizarlo tanto con dispositivos con sistema operativo Android, Windows o iOS; sin necesidad de descargar ning\u00fan tipo de programa ni tampoco de enlazar por medio de bluetooth. Simplemente sacar de la caja y empezar a utilizar. \u00a1Funciona incluso sobre cristales de protecci\u00f3n!.\",\"breadcrumb\":{\"@id\":\"https:\\\/\\\/canonm5.com\\\/index.php\\\/producto\\\/leotec-stylus-epen-lapiz-digital-para-pantalla-tactil-compatible-con-la-mayoria-de-dispositivos-ios-android-o-windows-boton-on-off-apagado-automatico-autonomia-hasta-18h-punta-de-repuesto\\\/#breadcrumb\"},\"inLanguage\":\"es\",\"potentialAction\":[{\"@type\":\"ReadAction\",\"target\":[\"https:\\\/\\\/canonm5.com\\\/index.php\\\/producto\\\/leotec-stylus-epen-lapiz-digital-para-pantalla-tactil-compatible-con-la-mayoria-de-dispositivos-ios-android-o-windows-boton-on-off-apagado-automatico-autonomia-hasta-18h-punta-de-repuesto\\\/\"]}]},{\"@type\":\"ImageObject\",\"inLanguage\":\"es\",\"@id\":\"https:\\\/\\\/canonm5.com\\\/index.php\\\/producto\\\/leotec-stylus-epen-lapiz-digital-para-pantalla-tactil-compatible-con-la-mayoria-de-dispositivos-ios-android-o-windows-boton-on-off-apagado-automatico-autonomia-hasta-18h-punta-de-repuesto\\\/#primaryimage\",\"url\":\"https:\\\/\\\/canonm5.com\\\/wp-content\\\/uploads\\\/2022\\\/12\\\/176181_1.jpg\",\"contentUrl\":\"https:\\\/\\\/canonm5.com\\\/wp-content\\\/uploads\\\/2022\\\/12\\\/176181_1.jpg\",\"width\":793,\"height\":1500},{\"@type\":\"BreadcrumbList\",\"@id\":\"https:\\\/\\\/canonm5.com\\\/index.php\\\/producto\\\/leotec-stylus-epen-lapiz-digital-para-pantalla-tactil-compatible-con-la-mayoria-de-dispositivos-ios-android-o-windows-boton-on-off-apagado-automatico-autonomia-hasta-18h-punta-de-repuesto\\\/#breadcrumb\",\"itemListElement\":[{\"@type\":\"ListItem\",\"position\":1,\"name\":\"Portada\",\"item\":\"https:\\\/\\\/canonm5.com\\\/\"},{\"@type\":\"ListItem\",\"position\":2,\"name\":\"Nuestros productos\",\"item\":\"https:\\\/\\\/canonm5.com\\\/index.php\\\/productos\\\/\"},{\"@type\":\"ListItem\",\"position\":3,\"name\":\"Leotec Stylus ePen Lapiz Digital para Pantalla Tactil &#8211; Compatible con la Mayoria de Dispositivos iOS, Android o Windows &#8211; Boton On\\\/Off &#8211; Apagado Automatico &#8211; Autonomia hasta 18h &#8211; Punta de Repuesto\"}]},{\"@type\":\"WebSite\",\"@id\":\"https:\\\/\\\/canonm5.com\\\/#website\",\"url\":\"https:\\\/\\\/canonm5.com\\\/\",\"name\":\"Canon M5 Madrid | Distribuidor oficial Canon\",\"description\":\"Renting de impresoras para empresas\",\"potentialAction\":[{\"@type\":\"SearchAction\",\"target\":{\"@type\":\"EntryPoint\",\"urlTemplate\":\"https:\\\/\\\/canonm5.com\\\/?s={search_term_string}\"},\"query-input\":{\"@type\":\"PropertyValueSpecification\",\"valueRequired\":true,\"valueName\":\"search_term_string\"}}],\"inLanguage\":\"es\"}]}<\/script>\n<!-- \/ Yoast SEO plugin. -->","yoast_head_json":{"title":"Leotec Stylus ePen Lapiz Digital para Pantalla Tactil - Compatible con la Mayoria de Dispositivos iOS, Android o Windows - Boton On\/Off - Apagado Automatico - Autonomia hasta 18h - Punta de Repuesto - Canon M5 Madrid | Distribuidor oficial Canon","description":"Leotec presenta su nuevo dispositivo inteligente Leotec Stylus ePen, un fant\u00e1stico gadget con el que dibujar, escribir o tomar notas sobre la pantalla t\u00e1ctil de casi cualquier dispositivo con pantalla t\u00e1ctil disponible en el mercado.Puedes utilizarlo tanto con dispositivos con sistema operativo Android, Windows o iOS; sin necesidad de descargar ning\u00fan tipo de programa ni tampoco de enlazar por medio de bluetooth. Simplemente sacar de la caja y empezar a utilizar. \u00a1Funciona incluso sobre cristales de protecci\u00f3n!.","robots":{"index":"index","follow":"follow","max-snippet":"max-snippet:-1","max-image-preview":"max-image-preview:large","max-video-preview":"max-video-preview:-1"},"canonical":"https:\/\/canonm5.com\/index.php\/producto\/leotec-stylus-epen-lapiz-digital-para-pantalla-tactil-compatible-con-la-mayoria-de-dispositivos-ios-android-o-windows-boton-on-off-apagado-automatico-autonomia-hasta-18h-punta-de-repuesto\/","og_locale":"es_ES","og_type":"article","og_title":"Leotec Stylus ePen Lapiz Digital para Pantalla Tactil - Compatible con la Mayoria de Dispositivos iOS, Android o Windows - Boton On\/Off - Apagado Automatico - Autonomia hasta 18h - Punta de Repuesto - Canon M5 Madrid | Distribuidor oficial Canon","og_description":"Leotec presenta su nuevo dispositivo inteligente Leotec Stylus ePen, un fant\u00e1stico gadget con el que dibujar, escribir o tomar notas sobre la pantalla t\u00e1ctil de casi cualquier dispositivo con pantalla t\u00e1ctil disponible en el mercado.Puedes utilizarlo tanto con dispositivos con sistema operativo Android, Windows o iOS; sin necesidad de descargar ning\u00fan tipo de programa ni tampoco de enlazar por medio de bluetooth. Simplemente sacar de la caja y empezar a utilizar. \u00a1Funciona incluso sobre cristales de protecci\u00f3n!.","og_url":"https:\/\/canonm5.com\/index.php\/producto\/leotec-stylus-epen-lapiz-digital-para-pantalla-tactil-compatible-con-la-mayoria-de-dispositivos-ios-android-o-windows-boton-on-off-apagado-automatico-autonomia-hasta-18h-punta-de-repuesto\/","og_site_name":"Canon M5 Madrid | Distribuidor oficial Canon","article_modified_time":"2023-01-10T14:35:28+00:00","og_image":[{"width":793,"height":1500,"url":"https:\/\/canonm5.com\/wp-content\/uploads\/2022\/12\/176181_1.jpg","type":"image\/jpeg"}],"twitter_card":"summary_large_image","twitter_misc":{"Tiempo de lectura":"2 minutos"},"schema":{"@context":"https:\/\/schema.org","@graph":[{"@type":"WebPage","@id":"https:\/\/canonm5.com\/index.php\/producto\/leotec-stylus-epen-lapiz-digital-para-pantalla-tactil-compatible-con-la-mayoria-de-dispositivos-ios-android-o-windows-boton-on-off-apagado-automatico-autonomia-hasta-18h-punta-de-repuesto\/","url":"https:\/\/canonm5.com\/index.php\/producto\/leotec-stylus-epen-lapiz-digital-para-pantalla-tactil-compatible-con-la-mayoria-de-dispositivos-ios-android-o-windows-boton-on-off-apagado-automatico-autonomia-hasta-18h-punta-de-repuesto\/","name":"Leotec Stylus ePen Lapiz Digital para Pantalla Tactil - Compatible con la Mayoria de Dispositivos iOS, Android o Windows - Boton On\/Off - Apagado Automatico - Autonomia hasta 18h - Punta de Repuesto - Canon M5 Madrid | Distribuidor oficial Canon","isPartOf":{"@id":"https:\/\/canonm5.com\/#website"},"primaryImageOfPage":{"@id":"https:\/\/canonm5.com\/index.php\/producto\/leotec-stylus-epen-lapiz-digital-para-pantalla-tactil-compatible-con-la-mayoria-de-dispositivos-ios-android-o-windows-boton-on-off-apagado-automatico-autonomia-hasta-18h-punta-de-repuesto\/#primaryimage"},"image":{"@id":"https:\/\/canonm5.com\/index.php\/producto\/leotec-stylus-epen-lapiz-digital-para-pantalla-tactil-compatible-con-la-mayoria-de-dispositivos-ios-android-o-windows-boton-on-off-apagado-automatico-autonomia-hasta-18h-punta-de-repuesto\/#primaryimage"},"thumbnailUrl":"https:\/\/canonm5.com\/wp-content\/uploads\/2022\/12\/176181_1.jpg","datePublished":"2022-12-23T12:07:26+00:00","dateModified":"2023-01-10T14:35:28+00:00","description":"Leotec presenta su nuevo dispositivo inteligente Leotec Stylus ePen, un fant\u00e1stico gadget con el que dibujar, escribir o tomar notas sobre la pantalla t\u00e1ctil de casi cualquier dispositivo con pantalla t\u00e1ctil disponible en el mercado.Puedes utilizarlo tanto con dispositivos con sistema operativo Android, Windows o iOS; sin necesidad de descargar ning\u00fan tipo de programa ni tampoco de enlazar por medio de bluetooth. Simplemente sacar de la caja y empezar a utilizar. \u00a1Funciona incluso sobre cristales de protecci\u00f3n!.","breadcrumb":{"@id":"https:\/\/canonm5.com\/index.php\/producto\/leotec-stylus-epen-lapiz-digital-para-pantalla-tactil-compatible-con-la-mayoria-de-dispositivos-ios-android-o-windows-boton-on-off-apagado-automatico-autonomia-hasta-18h-punta-de-repuesto\/#breadcrumb"},"inLanguage":"es","potentialAction":[{"@type":"ReadAction","target":["https:\/\/canonm5.com\/index.php\/producto\/leotec-stylus-epen-lapiz-digital-para-pantalla-tactil-compatible-con-la-mayoria-de-dispositivos-ios-android-o-windows-boton-on-off-apagado-automatico-autonomia-hasta-18h-punta-de-repuesto\/"]}]},{"@type":"ImageObject","inLanguage":"es","@id":"https:\/\/canonm5.com\/index.php\/producto\/leotec-stylus-epen-lapiz-digital-para-pantalla-tactil-compatible-con-la-mayoria-de-dispositivos-ios-android-o-windows-boton-on-off-apagado-automatico-autonomia-hasta-18h-punta-de-repuesto\/#primaryimage","url":"https:\/\/canonm5.com\/wp-content\/uploads\/2022\/12\/176181_1.jpg","contentUrl":"https:\/\/canonm5.com\/wp-content\/uploads\/2022\/12\/176181_1.jpg","width":793,"height":1500},{"@type":"BreadcrumbList","@id":"https:\/\/canonm5.com\/index.php\/producto\/leotec-stylus-epen-lapiz-digital-para-pantalla-tactil-compatible-con-la-mayoria-de-dispositivos-ios-android-o-windows-boton-on-off-apagado-automatico-autonomia-hasta-18h-punta-de-repuesto\/#breadcrumb","itemListElement":[{"@type":"ListItem","position":1,"name":"Portada","item":"https:\/\/canonm5.com\/"},{"@type":"ListItem","position":2,"name":"Nuestros productos","item":"https:\/\/canonm5.com\/index.php\/productos\/"},{"@type":"ListItem","position":3,"name":"Leotec Stylus ePen Lapiz Digital para Pantalla Tactil &#8211; Compatible con la Mayoria de Dispositivos iOS, Android o Windows &#8211; Boton On\/Off &#8211; Apagado Automatico &#8211; Autonomia hasta 18h &#8211; Punta de Repuesto"}]},{"@type":"WebSite","@id":"https:\/\/canonm5.com\/#website","url":"https:\/\/canonm5.com\/","name":"Canon M5 Madrid | Distribuidor oficial Canon","description":"Renting de impresoras para empresas","potentialAction":[{"@type":"SearchAction","target":{"@type":"EntryPoint","urlTemplate":"https:\/\/canonm5.com\/?s={search_term_string}"},"query-input":{"@type":"PropertyValueSpecification","valueRequired":true,"valueName":"search_term_string"}}],"inLanguage":"es"}]}},"_links":{"self":[{"href":"https:\/\/canonm5.com\/index.php\/wp-json\/wp\/v2\/product\/5188","targetHints":{"allow":["GET"]}}],"collection":[{"href":"https:\/\/canonm5.com\/index.php\/wp-json\/wp\/v2\/product"}],"about":[{"href":"https:\/\/canonm5.com\/index.php\/wp-json\/wp\/v2\/types\/product"}],"wp:featuredmedia":[{"embeddable":true,"href":"https:\/\/canonm5.com\/index.php\/wp-json\/wp\/v2\/media\/5189"}],"wp:attachment":[{"href":"https:\/\/canonm5.com\/index.php\/wp-json\/wp\/v2\/media?parent=5188"}],"wp:term":[{"taxonomy":"product_cat","embeddable":true,"href":"https:\/\/canonm5.com\/index.php\/wp-json\/wp\/v2\/product_cat?post=5188"},{"taxonomy":"product_tag","embeddable":true,"href":"https:\/\/canonm5.com\/index.php\/wp-json\/wp\/v2\/product_tag?post=5188"}],"curies":[{"name":"wp","href":"https:\/\/api.w.org\/{rel}","templated":true}]}}