{"id":5176,"date":"2022-12-23T11:53:15","date_gmt":"2022-12-23T11:53:15","guid":{"rendered":"https:\/\/canonm5.com\/?post_type=product&#038;p=5176"},"modified":"2022-12-23T11:53:15","modified_gmt":"2022-12-23T11:53:15","slug":"leotec-funda-universal-para-tablet-de-7-a-9-tipo-libro-cierre-con-goma","status":"publish","type":"product","link":"https:\/\/canonm5.com\/index.php\/producto\/leotec-funda-universal-para-tablet-de-7-a-9-tipo-libro-cierre-con-goma\/","title":{"rendered":"Leotec Funda Universal para Tablet de 7&#8243; a 9&#8243; &#8211; Tipo Libro &#8211; Cierre con Goma"},"content":{"rendered":"<p>Funda para tablet universal v\u00e1lida para todo tipo de dispositivos de entre 7\u2033 y 9\u2033, realizadas en un material interior suave para proteger tu tablet de golpes y ara\u00f1azos. Su sistema de sujeci\u00f3n con ganchos el\u00e1sticos asegura su compatibilidad con cualquier modelo de tablet y su cierre con banda el\u00e1stica ofreceuna seguridad adicional. Adem\u00e1s podr\u00e1s usarla como soporte horizontal para ver pel\u00edculas o usar tu tablet sin necesidad de sujetarla con las manos.<\/p>\n<p>Caracteristicas:<\/p>\n<p>-Elegante material r\u00edgido y ligero.<br \/>\n-V\u00e1lida para tablets de entre 7\u2033 y 9\u2033<br \/>\n-Adaptables a cualquier modelo de tablet.<br \/>\n-Tama\u00f1o ajustable mediante sistema de gomas el\u00e1sticas y ganchos.<br \/>\n-Puede usarse como peana para usar la tablet sobre una superficie.<br \/>\n-Interior suave para proteger la pantalla<br \/>\n-Sistema de cierre con banda el\u00e1stica.<\/p>\n","protected":false},"excerpt":{"rendered":"<p>Caracteristicas:<\/p>\n<p>-Elegante material r\u00edgido y ligero.<br \/>\n-V\u00e1lida para tablets de entre 7\u2033 y 9\u2033<br \/>\n-Adaptables a cualquier modelo de tablet.<br \/>\n-Tama\u00f1o ajustable mediante sistema de gomas el\u00e1sticas y ganchos.<br \/>\n-Puede usarse como peana para usar la tablet sobre una superficie.<br \/>\n-Interior suave para proteger la pantalla<br \/>\n-Sistema de cierre con banda el\u00e1stica.<\/p>\n","protected":false},"featured_media":5177,"template":"","meta":{"_et_pb_use_builder":"","_et_pb_old_content":"","_et_gb_content_width":"","_joinchat":[]},"product_cat":[801,1657],"product_tag":[924,265,1617,1033,816],"class_list":{"0":"post-5176","1":"product","2":"type-product","3":"status-publish","4":"has-post-thumbnail","6":"product_cat-informatica","7":"product_cat-tablets","8":"product_tag-funda","9":"product_tag-goma","10":"product_tag-leotec","11":"product_tag-tablet","12":"product_tag-universal","14":"first","15":"instock","16":"taxable","17":"shipping-taxable","18":"purchasable","19":"product-type-simple"},"yoast_head":"<!-- This site is optimized with the Yoast SEO plugin v27.4 - https:\/\/yoast.com\/product\/yoast-seo-wordpress\/ -->\n<title>Leotec Funda Universal para Tablet de 7&quot; a 9&quot; - Tipo Libro - Cierre con Goma - Canon M5 Madrid | Distribuidor oficial Canon<\/title>\n<meta name=\"description\" content=\"Funda para tablet universal v\u00e1lida para todo tipo de dispositivos de entre 7\u2033 y 9\u2033, realizadas en un material interior suave para proteger tu tablet de golpes y ara\u00f1azos. Su sistema de sujeci\u00f3n con ganchos el\u00e1sticos asegura su compatibilidad con cualquier modelo de tablet y su cierre con banda el\u00e1stica ofreceuna seguridad adicional. Adem\u00e1s podr\u00e1s usarla como soporte horizontal para ver pel\u00edculas o usar tu tablet sin necesidad de sujetarla con las manos.\" \/>\n<meta name=\"robots\" content=\"index, follow, max-snippet:-1, max-image-preview:large, max-video-preview:-1\" \/>\n<link rel=\"canonical\" href=\"https:\/\/canonm5.com\/index.php\/producto\/leotec-funda-universal-para-tablet-de-7-a-9-tipo-libro-cierre-con-goma\/\" \/>\n<meta property=\"og:locale\" content=\"es_ES\" \/>\n<meta property=\"og:type\" content=\"article\" \/>\n<meta property=\"og:title\" content=\"Leotec Funda Universal para Tablet de 7&quot; a 9&quot; - Tipo Libro - Cierre con Goma - Canon M5 Madrid | Distribuidor oficial Canon\" \/>\n<meta property=\"og:description\" content=\"Funda para tablet universal v\u00e1lida para todo tipo de dispositivos de entre 7\u2033 y 9\u2033, realizadas en un material interior suave para proteger tu tablet de golpes y ara\u00f1azos. Su sistema de sujeci\u00f3n con ganchos el\u00e1sticos asegura su compatibilidad con cualquier modelo de tablet y su cierre con banda el\u00e1stica ofreceuna seguridad adicional. Adem\u00e1s podr\u00e1s usarla como soporte horizontal para ver pel\u00edculas o usar tu tablet sin necesidad de sujetarla con las manos.\" \/>\n<meta property=\"og:url\" content=\"https:\/\/canonm5.com\/index.php\/producto\/leotec-funda-universal-para-tablet-de-7-a-9-tipo-libro-cierre-con-goma\/\" \/>\n<meta property=\"og:site_name\" content=\"Canon M5 Madrid | Distribuidor oficial Canon\" \/>\n<meta property=\"og:image\" content=\"https:\/\/canonm5.com\/wp-content\/uploads\/2022\/12\/189856_1.jpg\" \/>\n\t<meta property=\"og:image:width\" content=\"800\" \/>\n\t<meta property=\"og:image:height\" content=\"800\" \/>\n\t<meta property=\"og:image:type\" content=\"image\/jpeg\" \/>\n<meta name=\"twitter:card\" content=\"summary_large_image\" \/>\n<meta name=\"twitter:label1\" content=\"Tiempo de lectura\" \/>\n\t<meta name=\"twitter:data1\" content=\"1 minuto\" \/>\n<script type=\"application\/ld+json\" class=\"yoast-schema-graph\">{\"@context\":\"https:\\\/\\\/schema.org\",\"@graph\":[{\"@type\":\"WebPage\",\"@id\":\"https:\\\/\\\/canonm5.com\\\/index.php\\\/producto\\\/leotec-funda-universal-para-tablet-de-7-a-9-tipo-libro-cierre-con-goma\\\/\",\"url\":\"https:\\\/\\\/canonm5.com\\\/index.php\\\/producto\\\/leotec-funda-universal-para-tablet-de-7-a-9-tipo-libro-cierre-con-goma\\\/\",\"name\":\"Leotec Funda Universal para Tablet de 7\\\" a 9\\\" - Tipo Libro - Cierre con Goma - Canon M5 Madrid | Distribuidor oficial Canon\",\"isPartOf\":{\"@id\":\"https:\\\/\\\/canonm5.com\\\/#website\"},\"primaryImageOfPage\":{\"@id\":\"https:\\\/\\\/canonm5.com\\\/index.php\\\/producto\\\/leotec-funda-universal-para-tablet-de-7-a-9-tipo-libro-cierre-con-goma\\\/#primaryimage\"},\"image\":{\"@id\":\"https:\\\/\\\/canonm5.com\\\/index.php\\\/producto\\\/leotec-funda-universal-para-tablet-de-7-a-9-tipo-libro-cierre-con-goma\\\/#primaryimage\"},\"thumbnailUrl\":\"https:\\\/\\\/canonm5.com\\\/wp-content\\\/uploads\\\/2022\\\/12\\\/189856_1.jpg\",\"datePublished\":\"2022-12-23T11:53:15+00:00\",\"description\":\"Funda para tablet universal v\u00e1lida para todo tipo de dispositivos de entre 7\u2033 y 9\u2033, realizadas en un material interior suave para proteger tu tablet de golpes y ara\u00f1azos. Su sistema de sujeci\u00f3n con ganchos el\u00e1sticos asegura su compatibilidad con cualquier modelo de tablet y su cierre con banda el\u00e1stica ofreceuna seguridad adicional. Adem\u00e1s podr\u00e1s usarla como soporte horizontal para ver pel\u00edculas o usar tu tablet sin necesidad de sujetarla con las manos.\",\"breadcrumb\":{\"@id\":\"https:\\\/\\\/canonm5.com\\\/index.php\\\/producto\\\/leotec-funda-universal-para-tablet-de-7-a-9-tipo-libro-cierre-con-goma\\\/#breadcrumb\"},\"inLanguage\":\"es\",\"potentialAction\":[{\"@type\":\"ReadAction\",\"target\":[\"https:\\\/\\\/canonm5.com\\\/index.php\\\/producto\\\/leotec-funda-universal-para-tablet-de-7-a-9-tipo-libro-cierre-con-goma\\\/\"]}]},{\"@type\":\"ImageObject\",\"inLanguage\":\"es\",\"@id\":\"https:\\\/\\\/canonm5.com\\\/index.php\\\/producto\\\/leotec-funda-universal-para-tablet-de-7-a-9-tipo-libro-cierre-con-goma\\\/#primaryimage\",\"url\":\"https:\\\/\\\/canonm5.com\\\/wp-content\\\/uploads\\\/2022\\\/12\\\/189856_1.jpg\",\"contentUrl\":\"https:\\\/\\\/canonm5.com\\\/wp-content\\\/uploads\\\/2022\\\/12\\\/189856_1.jpg\",\"width\":800,\"height\":800},{\"@type\":\"BreadcrumbList\",\"@id\":\"https:\\\/\\\/canonm5.com\\\/index.php\\\/producto\\\/leotec-funda-universal-para-tablet-de-7-a-9-tipo-libro-cierre-con-goma\\\/#breadcrumb\",\"itemListElement\":[{\"@type\":\"ListItem\",\"position\":1,\"name\":\"Portada\",\"item\":\"https:\\\/\\\/canonm5.com\\\/\"},{\"@type\":\"ListItem\",\"position\":2,\"name\":\"Nuestros productos\",\"item\":\"https:\\\/\\\/canonm5.com\\\/index.php\\\/productos\\\/\"},{\"@type\":\"ListItem\",\"position\":3,\"name\":\"Leotec Funda Universal para Tablet de 7&#8243; a 9&#8243; &#8211; Tipo Libro &#8211; Cierre con Goma\"}]},{\"@type\":\"WebSite\",\"@id\":\"https:\\\/\\\/canonm5.com\\\/#website\",\"url\":\"https:\\\/\\\/canonm5.com\\\/\",\"name\":\"Canon M5 Madrid | Distribuidor oficial Canon\",\"description\":\"Renting de impresoras para empresas\",\"potentialAction\":[{\"@type\":\"SearchAction\",\"target\":{\"@type\":\"EntryPoint\",\"urlTemplate\":\"https:\\\/\\\/canonm5.com\\\/?s={search_term_string}\"},\"query-input\":{\"@type\":\"PropertyValueSpecification\",\"valueRequired\":true,\"valueName\":\"search_term_string\"}}],\"inLanguage\":\"es\"}]}<\/script>\n<!-- \/ Yoast SEO plugin. -->","yoast_head_json":{"title":"Leotec Funda Universal para Tablet de 7\" a 9\" - Tipo Libro - Cierre con Goma - Canon M5 Madrid | Distribuidor oficial Canon","description":"Funda para tablet universal v\u00e1lida para todo tipo de dispositivos de entre 7\u2033 y 9\u2033, realizadas en un material interior suave para proteger tu tablet de golpes y ara\u00f1azos. Su sistema de sujeci\u00f3n con ganchos el\u00e1sticos asegura su compatibilidad con cualquier modelo de tablet y su cierre con banda el\u00e1stica ofreceuna seguridad adicional. Adem\u00e1s podr\u00e1s usarla como soporte horizontal para ver pel\u00edculas o usar tu tablet sin necesidad de sujetarla con las manos.","robots":{"index":"index","follow":"follow","max-snippet":"max-snippet:-1","max-image-preview":"max-image-preview:large","max-video-preview":"max-video-preview:-1"},"canonical":"https:\/\/canonm5.com\/index.php\/producto\/leotec-funda-universal-para-tablet-de-7-a-9-tipo-libro-cierre-con-goma\/","og_locale":"es_ES","og_type":"article","og_title":"Leotec Funda Universal para Tablet de 7\" a 9\" - Tipo Libro - Cierre con Goma - Canon M5 Madrid | Distribuidor oficial Canon","og_description":"Funda para tablet universal v\u00e1lida para todo tipo de dispositivos de entre 7\u2033 y 9\u2033, realizadas en un material interior suave para proteger tu tablet de golpes y ara\u00f1azos. Su sistema de sujeci\u00f3n con ganchos el\u00e1sticos asegura su compatibilidad con cualquier modelo de tablet y su cierre con banda el\u00e1stica ofreceuna seguridad adicional. Adem\u00e1s podr\u00e1s usarla como soporte horizontal para ver pel\u00edculas o usar tu tablet sin necesidad de sujetarla con las manos.","og_url":"https:\/\/canonm5.com\/index.php\/producto\/leotec-funda-universal-para-tablet-de-7-a-9-tipo-libro-cierre-con-goma\/","og_site_name":"Canon M5 Madrid | Distribuidor oficial Canon","og_image":[{"width":800,"height":800,"url":"https:\/\/canonm5.com\/wp-content\/uploads\/2022\/12\/189856_1.jpg","type":"image\/jpeg"}],"twitter_card":"summary_large_image","twitter_misc":{"Tiempo de lectura":"1 minuto"},"schema":{"@context":"https:\/\/schema.org","@graph":[{"@type":"WebPage","@id":"https:\/\/canonm5.com\/index.php\/producto\/leotec-funda-universal-para-tablet-de-7-a-9-tipo-libro-cierre-con-goma\/","url":"https:\/\/canonm5.com\/index.php\/producto\/leotec-funda-universal-para-tablet-de-7-a-9-tipo-libro-cierre-con-goma\/","name":"Leotec Funda Universal para Tablet de 7\" a 9\" - Tipo Libro - Cierre con Goma - Canon M5 Madrid | Distribuidor oficial Canon","isPartOf":{"@id":"https:\/\/canonm5.com\/#website"},"primaryImageOfPage":{"@id":"https:\/\/canonm5.com\/index.php\/producto\/leotec-funda-universal-para-tablet-de-7-a-9-tipo-libro-cierre-con-goma\/#primaryimage"},"image":{"@id":"https:\/\/canonm5.com\/index.php\/producto\/leotec-funda-universal-para-tablet-de-7-a-9-tipo-libro-cierre-con-goma\/#primaryimage"},"thumbnailUrl":"https:\/\/canonm5.com\/wp-content\/uploads\/2022\/12\/189856_1.jpg","datePublished":"2022-12-23T11:53:15+00:00","description":"Funda para tablet universal v\u00e1lida para todo tipo de dispositivos de entre 7\u2033 y 9\u2033, realizadas en un material interior suave para proteger tu tablet de golpes y ara\u00f1azos. Su sistema de sujeci\u00f3n con ganchos el\u00e1sticos asegura su compatibilidad con cualquier modelo de tablet y su cierre con banda el\u00e1stica ofreceuna seguridad adicional. Adem\u00e1s podr\u00e1s usarla como soporte horizontal para ver pel\u00edculas o usar tu tablet sin necesidad de sujetarla con las manos.","breadcrumb":{"@id":"https:\/\/canonm5.com\/index.php\/producto\/leotec-funda-universal-para-tablet-de-7-a-9-tipo-libro-cierre-con-goma\/#breadcrumb"},"inLanguage":"es","potentialAction":[{"@type":"ReadAction","target":["https:\/\/canonm5.com\/index.php\/producto\/leotec-funda-universal-para-tablet-de-7-a-9-tipo-libro-cierre-con-goma\/"]}]},{"@type":"ImageObject","inLanguage":"es","@id":"https:\/\/canonm5.com\/index.php\/producto\/leotec-funda-universal-para-tablet-de-7-a-9-tipo-libro-cierre-con-goma\/#primaryimage","url":"https:\/\/canonm5.com\/wp-content\/uploads\/2022\/12\/189856_1.jpg","contentUrl":"https:\/\/canonm5.com\/wp-content\/uploads\/2022\/12\/189856_1.jpg","width":800,"height":800},{"@type":"BreadcrumbList","@id":"https:\/\/canonm5.com\/index.php\/producto\/leotec-funda-universal-para-tablet-de-7-a-9-tipo-libro-cierre-con-goma\/#breadcrumb","itemListElement":[{"@type":"ListItem","position":1,"name":"Portada","item":"https:\/\/canonm5.com\/"},{"@type":"ListItem","position":2,"name":"Nuestros productos","item":"https:\/\/canonm5.com\/index.php\/productos\/"},{"@type":"ListItem","position":3,"name":"Leotec Funda Universal para Tablet de 7&#8243; a 9&#8243; &#8211; Tipo Libro &#8211; Cierre con Goma"}]},{"@type":"WebSite","@id":"https:\/\/canonm5.com\/#website","url":"https:\/\/canonm5.com\/","name":"Canon M5 Madrid | Distribuidor oficial Canon","description":"Renting de impresoras para empresas","potentialAction":[{"@type":"SearchAction","target":{"@type":"EntryPoint","urlTemplate":"https:\/\/canonm5.com\/?s={search_term_string}"},"query-input":{"@type":"PropertyValueSpecification","valueRequired":true,"valueName":"search_term_string"}}],"inLanguage":"es"}]}},"_links":{"self":[{"href":"https:\/\/canonm5.com\/index.php\/wp-json\/wp\/v2\/product\/5176","targetHints":{"allow":["GET"]}}],"collection":[{"href":"https:\/\/canonm5.com\/index.php\/wp-json\/wp\/v2\/product"}],"about":[{"href":"https:\/\/canonm5.com\/index.php\/wp-json\/wp\/v2\/types\/product"}],"wp:featuredmedia":[{"embeddable":true,"href":"https:\/\/canonm5.com\/index.php\/wp-json\/wp\/v2\/media\/5177"}],"wp:attachment":[{"href":"https:\/\/canonm5.com\/index.php\/wp-json\/wp\/v2\/media?parent=5176"}],"wp:term":[{"taxonomy":"product_cat","embeddable":true,"href":"https:\/\/canonm5.com\/index.php\/wp-json\/wp\/v2\/product_cat?post=5176"},{"taxonomy":"product_tag","embeddable":true,"href":"https:\/\/canonm5.com\/index.php\/wp-json\/wp\/v2\/product_tag?post=5176"}],"curies":[{"name":"wp","href":"https:\/\/api.w.org\/{rel}","templated":true}]}}