{"id":5166,"date":"2022-12-23T11:35:47","date_gmt":"2022-12-23T11:35:47","guid":{"rendered":"https:\/\/canonm5.com\/?post_type=product&#038;p=5166"},"modified":"2023-01-09T15:14:42","modified_gmt":"2023-01-09T15:14:42","slug":"phoenix-teclado-para-tablet-con-touchpad","status":"publish","type":"product","link":"https:\/\/canonm5.com\/index.php\/producto\/phoenix-teclado-para-tablet-con-touchpad\/","title":{"rendered":"PHOENIX &#8211; TECLADO PARA TABLET CON TOUCHPAD"},"content":{"rendered":"<p>El Switch Keyboard de Phoenix Technologies es un teclado compacto y desmontable que te permite utilizar tu tableta como si de un ordenador port\u00e1til se tratase. Con el touchpad o contro t\u00e1ctil integrado en el teclado puedes tener un control total de tu dispositivo y facilitar\u00a0 todas tus tareas. El teclado es compatible con cualquier tablet PC de 10,1 pulgadas que incorpore\u00a0 conexi\u00f3n para teclado f\u00edsico.<br \/>\nEl teclado es realmente fino y ligero por lo que apenas ocupa espacio en tu superficie de trabajo. Usa las teclas de funci\u00f3n multimedia incorporadas para\u00a0 acceder de forma directa al control de volumen, ir a la p\u00e1gina de inicio, a la\u00a0 configuraci\u00f3n, subir y bajar en una p\u00e1gina, etc.<br \/>\nAdem\u00e1s, el teclado cuenta con\u00a0 un puerto USB integrado para que puedas conectar otros dispositivos\u00a0 perif\u00e9ricos y accesorios y sacarle el m\u00e1ximo partido a tu tableta.\u00a0 Tambi\u00e9n lleva un soporte para fijar tu dispositivo e inclinarlo y plegarlo para\u00a0 mayor comodidad y seguridad a la hora de llevarlo contigo a todas partes.\u00a0 Sus patas de goma antideslizantes evitan asimismo que resbale en ninguna superficie. Puedes conectar el &#8216;Switchkeyboard&#8217; con tu tableta y usarlo cuando quieras y donde quieras ya que no requiere bater\u00edas extra.<\/p>\n<p>&nbsp;<\/p>\n<p><em>E.O. Madrid Cinco S.L., no se responsabiliza de posibles errores tipogr\u00e1ficos y de precio. Las fotograf\u00edas de los productos pueden sufrir cambios<\/em><\/p>\n<p><strong>\u00a0<\/strong><\/p>\n","protected":false},"excerpt":{"rendered":"<p>El Switch Keyboard de Phoenix Technologies es un teclado compacto y desmontable que te permite utilizar tu tableta como si de un ordenador port\u00e1til se tratase. Con el touchpad o contro t\u00e1ctil integrado en el teclado puedes tener un control total de tu dispositivo y facilitar\u00a0 todas tus tareas. El teclado es compatible con cualquier tablet PC de 10,1 pulgadas que incorpore\u00a0 conexi\u00f3n para teclado f\u00edsico.<br \/>\nEl teclado es realmente fino y ligero por lo que apenas ocupa espacio en tu superficie de trabajo. Usa las teclas de funci\u00f3n multimedia incorporadas para\u00a0 acceder de forma directa al control de volumen, ir a la p\u00e1gina de inicio, a la\u00a0 configuraci\u00f3n, subir y bajar en una p\u00e1gina, etc.<br \/>\nAdem\u00e1s, el teclado cuenta con\u00a0 un puerto USB integrado para que puedas conectar otros dispositivos\u00a0 perif\u00e9ricos y accesorios y sacarle el m\u00e1ximo partido a tu tableta.\u00a0 Tambi\u00e9n lleva un soporte para fijar tu dispositivo e inclinarlo y plegarlo para\u00a0 mayor comodidad y seguridad a la hora de llevarlo contigo a todas partes.\u00a0 Sus patas de goma antideslizantes evitan asimismo que resbale en ninguna superficie. Puedes conectar el &#8216;Switchkeyboard&#8217; con tu tableta y usarlo cuando quieras y donde quieras ya que no requiere bater\u00edas extra.<\/p>\n","protected":false},"featured_media":5167,"template":"","meta":{"_et_pb_use_builder":"","_et_pb_old_content":"","_et_gb_content_width":"","_joinchat":[]},"product_cat":[801,1657],"product_tag":[1659,1033,995],"class_list":{"0":"post-5166","1":"product","2":"type-product","3":"status-publish","4":"has-post-thumbnail","6":"product_cat-informatica","7":"product_cat-tablets","8":"product_tag-phoenix","9":"product_tag-tablet","10":"product_tag-teclado","12":"first","13":"instock","14":"taxable","15":"shipping-taxable","16":"purchasable","17":"product-type-simple"},"yoast_head":"<!-- This site is optimized with the Yoast SEO plugin v27.4 - https:\/\/yoast.com\/product\/yoast-seo-wordpress\/ -->\n<title>PHOENIX - TECLADO PARA TABLET CON TOUCHPAD - Canon M5 Madrid | Distribuidor oficial Canon<\/title>\n<meta name=\"description\" content=\"El Switch Keyboard de Phoenix Technologies es un teclado compacto y desmontable que te permite utilizar tu tableta como si de un ordenador port\u00e1til se tratase. Con el touchpad o contro t\u00e1ctil integrado en el teclado puedes tener un control total de tu dispositivo y facilitar todas tus tareas. El teclado es compatible con cualquier tablet PC de 10,1 pulgadas que incorpore conexi\u00f3n para teclado f\u00edsico.El teclado es realmente fino y ligero por lo que apenas ocupa espacio en tu superficie de trabajo. Usa las teclas de funci\u00f3n multimedia incorporadas para acceder de forma directa al control de volumen, ir a la p\u00e1gina de inicio, a la configuraci\u00f3n, subir y bajar en una p\u00e1gina, etc.Adem\u00e1s, el teclado cuenta con un puerto USB integrado para que puedas conectar otros dispositivos perif\u00e9ricos y accesorios y sacarle el m\u00e1ximo partido a tu tableta. Tambi\u00e9n lleva un soporte para fijar tu dispositivo e inclinarlo y plegarlo para mayor comodidad y seguridad a la hora de llevarlo contigo a todas partes. Sus patas de goma antideslizantes evitan asimismo que resbale en ninguna superficie. Puedes conectar el &#039;Switchkeyboard&#039; con tu tableta y usarlo cuando quieras y donde quieras ya que no requiere bater\u00edas extra.\" \/>\n<meta name=\"robots\" content=\"index, follow, max-snippet:-1, max-image-preview:large, max-video-preview:-1\" \/>\n<link rel=\"canonical\" href=\"https:\/\/canonm5.com\/index.php\/producto\/phoenix-teclado-para-tablet-con-touchpad\/\" \/>\n<meta property=\"og:locale\" content=\"es_ES\" \/>\n<meta property=\"og:type\" content=\"article\" \/>\n<meta property=\"og:title\" content=\"PHOENIX - TECLADO PARA TABLET CON TOUCHPAD - Canon M5 Madrid | Distribuidor oficial Canon\" \/>\n<meta property=\"og:description\" content=\"El Switch Keyboard de Phoenix Technologies es un teclado compacto y desmontable que te permite utilizar tu tableta como si de un ordenador port\u00e1til se tratase. Con el touchpad o contro t\u00e1ctil integrado en el teclado puedes tener un control total de tu dispositivo y facilitar todas tus tareas. El teclado es compatible con cualquier tablet PC de 10,1 pulgadas que incorpore conexi\u00f3n para teclado f\u00edsico.El teclado es realmente fino y ligero por lo que apenas ocupa espacio en tu superficie de trabajo. Usa las teclas de funci\u00f3n multimedia incorporadas para acceder de forma directa al control de volumen, ir a la p\u00e1gina de inicio, a la configuraci\u00f3n, subir y bajar en una p\u00e1gina, etc.Adem\u00e1s, el teclado cuenta con un puerto USB integrado para que puedas conectar otros dispositivos perif\u00e9ricos y accesorios y sacarle el m\u00e1ximo partido a tu tableta. Tambi\u00e9n lleva un soporte para fijar tu dispositivo e inclinarlo y plegarlo para mayor comodidad y seguridad a la hora de llevarlo contigo a todas partes. Sus patas de goma antideslizantes evitan asimismo que resbale en ninguna superficie. Puedes conectar el &#039;Switchkeyboard&#039; con tu tableta y usarlo cuando quieras y donde quieras ya que no requiere bater\u00edas extra.\" \/>\n<meta property=\"og:url\" content=\"https:\/\/canonm5.com\/index.php\/producto\/phoenix-teclado-para-tablet-con-touchpad\/\" \/>\n<meta property=\"og:site_name\" content=\"Canon M5 Madrid | Distribuidor oficial Canon\" \/>\n<meta property=\"article:modified_time\" content=\"2023-01-09T15:14:42+00:00\" \/>\n<meta property=\"og:image\" content=\"https:\/\/canonm5.com\/wp-content\/uploads\/2022\/12\/PHSWITCHKEYBOARD-0.jpg\" \/>\n\t<meta property=\"og:image:width\" content=\"1400\" \/>\n\t<meta property=\"og:image:height\" content=\"1400\" \/>\n\t<meta property=\"og:image:type\" content=\"image\/jpeg\" \/>\n<meta name=\"twitter:card\" content=\"summary_large_image\" \/>\n<meta name=\"twitter:label1\" content=\"Tiempo de lectura\" \/>\n\t<meta name=\"twitter:data1\" content=\"1 minuto\" \/>\n<script type=\"application\/ld+json\" class=\"yoast-schema-graph\">{\"@context\":\"https:\\\/\\\/schema.org\",\"@graph\":[{\"@type\":\"WebPage\",\"@id\":\"https:\\\/\\\/canonm5.com\\\/index.php\\\/producto\\\/phoenix-teclado-para-tablet-con-touchpad\\\/\",\"url\":\"https:\\\/\\\/canonm5.com\\\/index.php\\\/producto\\\/phoenix-teclado-para-tablet-con-touchpad\\\/\",\"name\":\"PHOENIX - TECLADO PARA TABLET CON TOUCHPAD - Canon M5 Madrid | Distribuidor oficial Canon\",\"isPartOf\":{\"@id\":\"https:\\\/\\\/canonm5.com\\\/#website\"},\"primaryImageOfPage\":{\"@id\":\"https:\\\/\\\/canonm5.com\\\/index.php\\\/producto\\\/phoenix-teclado-para-tablet-con-touchpad\\\/#primaryimage\"},\"image\":{\"@id\":\"https:\\\/\\\/canonm5.com\\\/index.php\\\/producto\\\/phoenix-teclado-para-tablet-con-touchpad\\\/#primaryimage\"},\"thumbnailUrl\":\"https:\\\/\\\/canonm5.com\\\/wp-content\\\/uploads\\\/2022\\\/12\\\/PHSWITCHKEYBOARD-0.jpg\",\"datePublished\":\"2022-12-23T11:35:47+00:00\",\"dateModified\":\"2023-01-09T15:14:42+00:00\",\"description\":\"El Switch Keyboard de Phoenix Technologies es un teclado compacto y desmontable que te permite utilizar tu tableta como si de un ordenador port\u00e1til se tratase. Con el touchpad o contro t\u00e1ctil integrado en el teclado puedes tener un control total de tu dispositivo y facilitar todas tus tareas. El teclado es compatible con cualquier tablet PC de 10,1 pulgadas que incorpore conexi\u00f3n para teclado f\u00edsico.El teclado es realmente fino y ligero por lo que apenas ocupa espacio en tu superficie de trabajo. Usa las teclas de funci\u00f3n multimedia incorporadas para acceder de forma directa al control de volumen, ir a la p\u00e1gina de inicio, a la configuraci\u00f3n, subir y bajar en una p\u00e1gina, etc.Adem\u00e1s, el teclado cuenta con un puerto USB integrado para que puedas conectar otros dispositivos perif\u00e9ricos y accesorios y sacarle el m\u00e1ximo partido a tu tableta. Tambi\u00e9n lleva un soporte para fijar tu dispositivo e inclinarlo y plegarlo para mayor comodidad y seguridad a la hora de llevarlo contigo a todas partes. Sus patas de goma antideslizantes evitan asimismo que resbale en ninguna superficie. Puedes conectar el 'Switchkeyboard' con tu tableta y usarlo cuando quieras y donde quieras ya que no requiere bater\u00edas extra.\",\"breadcrumb\":{\"@id\":\"https:\\\/\\\/canonm5.com\\\/index.php\\\/producto\\\/phoenix-teclado-para-tablet-con-touchpad\\\/#breadcrumb\"},\"inLanguage\":\"es\",\"potentialAction\":[{\"@type\":\"ReadAction\",\"target\":[\"https:\\\/\\\/canonm5.com\\\/index.php\\\/producto\\\/phoenix-teclado-para-tablet-con-touchpad\\\/\"]}]},{\"@type\":\"ImageObject\",\"inLanguage\":\"es\",\"@id\":\"https:\\\/\\\/canonm5.com\\\/index.php\\\/producto\\\/phoenix-teclado-para-tablet-con-touchpad\\\/#primaryimage\",\"url\":\"https:\\\/\\\/canonm5.com\\\/wp-content\\\/uploads\\\/2022\\\/12\\\/PHSWITCHKEYBOARD-0.jpg\",\"contentUrl\":\"https:\\\/\\\/canonm5.com\\\/wp-content\\\/uploads\\\/2022\\\/12\\\/PHSWITCHKEYBOARD-0.jpg\",\"width\":1400,\"height\":1400},{\"@type\":\"BreadcrumbList\",\"@id\":\"https:\\\/\\\/canonm5.com\\\/index.php\\\/producto\\\/phoenix-teclado-para-tablet-con-touchpad\\\/#breadcrumb\",\"itemListElement\":[{\"@type\":\"ListItem\",\"position\":1,\"name\":\"Portada\",\"item\":\"https:\\\/\\\/canonm5.com\\\/\"},{\"@type\":\"ListItem\",\"position\":2,\"name\":\"Nuestros productos\",\"item\":\"https:\\\/\\\/canonm5.com\\\/index.php\\\/productos\\\/\"},{\"@type\":\"ListItem\",\"position\":3,\"name\":\"PHOENIX &#8211; TECLADO PARA TABLET CON TOUCHPAD\"}]},{\"@type\":\"WebSite\",\"@id\":\"https:\\\/\\\/canonm5.com\\\/#website\",\"url\":\"https:\\\/\\\/canonm5.com\\\/\",\"name\":\"Canon M5 Madrid | Distribuidor oficial Canon\",\"description\":\"Renting de impresoras para empresas\",\"potentialAction\":[{\"@type\":\"SearchAction\",\"target\":{\"@type\":\"EntryPoint\",\"urlTemplate\":\"https:\\\/\\\/canonm5.com\\\/?s={search_term_string}\"},\"query-input\":{\"@type\":\"PropertyValueSpecification\",\"valueRequired\":true,\"valueName\":\"search_term_string\"}}],\"inLanguage\":\"es\"}]}<\/script>\n<!-- \/ Yoast SEO plugin. -->","yoast_head_json":{"title":"PHOENIX - TECLADO PARA TABLET CON TOUCHPAD - Canon M5 Madrid | Distribuidor oficial Canon","description":"El Switch Keyboard de Phoenix Technologies es un teclado compacto y desmontable que te permite utilizar tu tableta como si de un ordenador port\u00e1til se tratase. Con el touchpad o contro t\u00e1ctil integrado en el teclado puedes tener un control total de tu dispositivo y facilitar todas tus tareas. El teclado es compatible con cualquier tablet PC de 10,1 pulgadas que incorpore conexi\u00f3n para teclado f\u00edsico.El teclado es realmente fino y ligero por lo que apenas ocupa espacio en tu superficie de trabajo. Usa las teclas de funci\u00f3n multimedia incorporadas para acceder de forma directa al control de volumen, ir a la p\u00e1gina de inicio, a la configuraci\u00f3n, subir y bajar en una p\u00e1gina, etc.Adem\u00e1s, el teclado cuenta con un puerto USB integrado para que puedas conectar otros dispositivos perif\u00e9ricos y accesorios y sacarle el m\u00e1ximo partido a tu tableta. Tambi\u00e9n lleva un soporte para fijar tu dispositivo e inclinarlo y plegarlo para mayor comodidad y seguridad a la hora de llevarlo contigo a todas partes. Sus patas de goma antideslizantes evitan asimismo que resbale en ninguna superficie. Puedes conectar el 'Switchkeyboard' con tu tableta y usarlo cuando quieras y donde quieras ya que no requiere bater\u00edas extra.","robots":{"index":"index","follow":"follow","max-snippet":"max-snippet:-1","max-image-preview":"max-image-preview:large","max-video-preview":"max-video-preview:-1"},"canonical":"https:\/\/canonm5.com\/index.php\/producto\/phoenix-teclado-para-tablet-con-touchpad\/","og_locale":"es_ES","og_type":"article","og_title":"PHOENIX - TECLADO PARA TABLET CON TOUCHPAD - Canon M5 Madrid | Distribuidor oficial Canon","og_description":"El Switch Keyboard de Phoenix Technologies es un teclado compacto y desmontable que te permite utilizar tu tableta como si de un ordenador port\u00e1til se tratase. Con el touchpad o contro t\u00e1ctil integrado en el teclado puedes tener un control total de tu dispositivo y facilitar todas tus tareas. El teclado es compatible con cualquier tablet PC de 10,1 pulgadas que incorpore conexi\u00f3n para teclado f\u00edsico.El teclado es realmente fino y ligero por lo que apenas ocupa espacio en tu superficie de trabajo. Usa las teclas de funci\u00f3n multimedia incorporadas para acceder de forma directa al control de volumen, ir a la p\u00e1gina de inicio, a la configuraci\u00f3n, subir y bajar en una p\u00e1gina, etc.Adem\u00e1s, el teclado cuenta con un puerto USB integrado para que puedas conectar otros dispositivos perif\u00e9ricos y accesorios y sacarle el m\u00e1ximo partido a tu tableta. Tambi\u00e9n lleva un soporte para fijar tu dispositivo e inclinarlo y plegarlo para mayor comodidad y seguridad a la hora de llevarlo contigo a todas partes. Sus patas de goma antideslizantes evitan asimismo que resbale en ninguna superficie. Puedes conectar el 'Switchkeyboard' con tu tableta y usarlo cuando quieras y donde quieras ya que no requiere bater\u00edas extra.","og_url":"https:\/\/canonm5.com\/index.php\/producto\/phoenix-teclado-para-tablet-con-touchpad\/","og_site_name":"Canon M5 Madrid | Distribuidor oficial Canon","article_modified_time":"2023-01-09T15:14:42+00:00","og_image":[{"width":1400,"height":1400,"url":"https:\/\/canonm5.com\/wp-content\/uploads\/2022\/12\/PHSWITCHKEYBOARD-0.jpg","type":"image\/jpeg"}],"twitter_card":"summary_large_image","twitter_misc":{"Tiempo de lectura":"1 minuto"},"schema":{"@context":"https:\/\/schema.org","@graph":[{"@type":"WebPage","@id":"https:\/\/canonm5.com\/index.php\/producto\/phoenix-teclado-para-tablet-con-touchpad\/","url":"https:\/\/canonm5.com\/index.php\/producto\/phoenix-teclado-para-tablet-con-touchpad\/","name":"PHOENIX - TECLADO PARA TABLET CON TOUCHPAD - Canon M5 Madrid | Distribuidor oficial Canon","isPartOf":{"@id":"https:\/\/canonm5.com\/#website"},"primaryImageOfPage":{"@id":"https:\/\/canonm5.com\/index.php\/producto\/phoenix-teclado-para-tablet-con-touchpad\/#primaryimage"},"image":{"@id":"https:\/\/canonm5.com\/index.php\/producto\/phoenix-teclado-para-tablet-con-touchpad\/#primaryimage"},"thumbnailUrl":"https:\/\/canonm5.com\/wp-content\/uploads\/2022\/12\/PHSWITCHKEYBOARD-0.jpg","datePublished":"2022-12-23T11:35:47+00:00","dateModified":"2023-01-09T15:14:42+00:00","description":"El Switch Keyboard de Phoenix Technologies es un teclado compacto y desmontable que te permite utilizar tu tableta como si de un ordenador port\u00e1til se tratase. Con el touchpad o contro t\u00e1ctil integrado en el teclado puedes tener un control total de tu dispositivo y facilitar todas tus tareas. El teclado es compatible con cualquier tablet PC de 10,1 pulgadas que incorpore conexi\u00f3n para teclado f\u00edsico.El teclado es realmente fino y ligero por lo que apenas ocupa espacio en tu superficie de trabajo. Usa las teclas de funci\u00f3n multimedia incorporadas para acceder de forma directa al control de volumen, ir a la p\u00e1gina de inicio, a la configuraci\u00f3n, subir y bajar en una p\u00e1gina, etc.Adem\u00e1s, el teclado cuenta con un puerto USB integrado para que puedas conectar otros dispositivos perif\u00e9ricos y accesorios y sacarle el m\u00e1ximo partido a tu tableta. Tambi\u00e9n lleva un soporte para fijar tu dispositivo e inclinarlo y plegarlo para mayor comodidad y seguridad a la hora de llevarlo contigo a todas partes. Sus patas de goma antideslizantes evitan asimismo que resbale en ninguna superficie. Puedes conectar el 'Switchkeyboard' con tu tableta y usarlo cuando quieras y donde quieras ya que no requiere bater\u00edas extra.","breadcrumb":{"@id":"https:\/\/canonm5.com\/index.php\/producto\/phoenix-teclado-para-tablet-con-touchpad\/#breadcrumb"},"inLanguage":"es","potentialAction":[{"@type":"ReadAction","target":["https:\/\/canonm5.com\/index.php\/producto\/phoenix-teclado-para-tablet-con-touchpad\/"]}]},{"@type":"ImageObject","inLanguage":"es","@id":"https:\/\/canonm5.com\/index.php\/producto\/phoenix-teclado-para-tablet-con-touchpad\/#primaryimage","url":"https:\/\/canonm5.com\/wp-content\/uploads\/2022\/12\/PHSWITCHKEYBOARD-0.jpg","contentUrl":"https:\/\/canonm5.com\/wp-content\/uploads\/2022\/12\/PHSWITCHKEYBOARD-0.jpg","width":1400,"height":1400},{"@type":"BreadcrumbList","@id":"https:\/\/canonm5.com\/index.php\/producto\/phoenix-teclado-para-tablet-con-touchpad\/#breadcrumb","itemListElement":[{"@type":"ListItem","position":1,"name":"Portada","item":"https:\/\/canonm5.com\/"},{"@type":"ListItem","position":2,"name":"Nuestros productos","item":"https:\/\/canonm5.com\/index.php\/productos\/"},{"@type":"ListItem","position":3,"name":"PHOENIX &#8211; TECLADO PARA TABLET CON TOUCHPAD"}]},{"@type":"WebSite","@id":"https:\/\/canonm5.com\/#website","url":"https:\/\/canonm5.com\/","name":"Canon M5 Madrid | Distribuidor oficial Canon","description":"Renting de impresoras para empresas","potentialAction":[{"@type":"SearchAction","target":{"@type":"EntryPoint","urlTemplate":"https:\/\/canonm5.com\/?s={search_term_string}"},"query-input":{"@type":"PropertyValueSpecification","valueRequired":true,"valueName":"search_term_string"}}],"inLanguage":"es"}]}},"_links":{"self":[{"href":"https:\/\/canonm5.com\/index.php\/wp-json\/wp\/v2\/product\/5166","targetHints":{"allow":["GET"]}}],"collection":[{"href":"https:\/\/canonm5.com\/index.php\/wp-json\/wp\/v2\/product"}],"about":[{"href":"https:\/\/canonm5.com\/index.php\/wp-json\/wp\/v2\/types\/product"}],"wp:featuredmedia":[{"embeddable":true,"href":"https:\/\/canonm5.com\/index.php\/wp-json\/wp\/v2\/media\/5167"}],"wp:attachment":[{"href":"https:\/\/canonm5.com\/index.php\/wp-json\/wp\/v2\/media?parent=5166"}],"wp:term":[{"taxonomy":"product_cat","embeddable":true,"href":"https:\/\/canonm5.com\/index.php\/wp-json\/wp\/v2\/product_cat?post=5166"},{"taxonomy":"product_tag","embeddable":true,"href":"https:\/\/canonm5.com\/index.php\/wp-json\/wp\/v2\/product_tag?post=5166"}],"curies":[{"name":"wp","href":"https:\/\/api.w.org\/{rel}","templated":true}]}}