{"id":5161,"date":"2022-12-23T11:31:30","date_gmt":"2022-12-23T11:31:30","guid":{"rendered":"https:\/\/canonm5.com\/?post_type=product&#038;p=5161"},"modified":"2023-01-09T15:13:51","modified_gmt":"2023-01-09T15:13:51","slug":"lenovo-tab-m10-hd-tablet-10-1-32gb-ram-2gb-wifi-bluetooth-camara-principal-8mpx-frontal-5mpx","status":"publish","type":"product","link":"https:\/\/canonm5.com\/index.php\/producto\/lenovo-tab-m10-hd-tablet-10-1-32gb-ram-2gb-wifi-bluetooth-camara-principal-8mpx-frontal-5mpx\/","title":{"rendered":"Lenovo Tab M10 HD Tablet 10.1&#8243; &#8211; 32GB &#8211; RAM 2GB &#8211; WiFI, Bluetooth &#8211; Camara Principal 8Mpx, Frontal 5Mpx"},"content":{"rendered":"<p>La Lenovo Tab M10 HD es una tablet de 25,65 cm (10,1&#8243;) de 2.a generaci\u00f3n luce un dise\u00f1o de metal de alta gama y te dejar\u00e1 huella. Ofrece un gran sonido y cuenta con gran cantidad de caracter\u00edsticas ideales para la familia, como contenido seleccionado para ni\u00f1os, controles parentales y protecci\u00f3n ocular con certificaci\u00f3n T\u00dcV.<\/p>\n<p>Dise\u00f1o elegante y robusto.<br \/>\nLa Lenovo Tab M10 HD de 2.a generaci\u00f3n cuenta con una cubierta de metal completa, fina y de lujo para el cuerpo y su relaci\u00f3n de pantalla es del 85 %. Es una tablet elegante, pero duradera que todo el mundo querr\u00e1 usar.<\/p>\n<p>No te pierdas ninguna ocasi\u00f3n especial.<br \/>\nUna c\u00e1mara trasera con enfoque autom\u00e1tico de 8 MP y una c\u00e1mara frontal de enfoque completo de 5 MP permiten a tu familia capturar sus momentos favoritos con una calidad n\u00edtida.<\/p>\n<p>Visualizaci\u00f3n c\u00f3moda.<br \/>\nLa Tab M10 HD de 2.a generaci\u00f3n cuenta con la certificaci\u00f3n T\u00dcV Rheinland\u00ae de protecci\u00f3n ocular. Eso significa que su pantalla se ha dise\u00f1ado cuidadosamente para disminuir la luz azul da\u00f1ina y reducir la fatiga ocular.<\/p>\n<p>R\u00e1pida y potente.<br \/>\nLos procesadores de 8 n\u00facleos con una frecuencia principal de 2,3 GHz y un WiFi superr\u00e1pido le dan a la Tab M10 HD de 2.a generaci\u00f3n la potencia y la velocidad para que tu familia est\u00e9 entretenida. Tambi\u00e9n cuenta con un sonido mejorado gracias a los altavoces duales sintonizados mediante Dolby Atmos\u00ae.<\/p>\n<p>Compartir f\u00e1cilmente contenido protegido para ni\u00f1os.<br \/>\nGoogle Kids Space se ha dise\u00f1ado para fomentar la curiosidad y creatividad de tu hijo, d\u00e1ndole la inspiraci\u00f3n que necesita para explorar sus intereses a trav\u00e9s de aplicaciones, libros y v\u00eddeos cuidadosamente seleccionados. Google Kids Space se ha dise\u00f1ado para ni\u00f1os y funciona con la cuenta de Google de tu hijo, que podr\u00e1s gestionar con Family Link*.<\/p>\n<p>*El contenido de los libros y del v\u00eddeo no est\u00e1n disponibles en todas las regiones. El contenido del v\u00eddeo est\u00e1 sujeto a la disponibilidad de la aplicaci\u00f3n YouTube Kids. El contenido de los libros requiere la aplicaci\u00f3n Play Books. La disponibilidad del contenido de las aplicaciones, libros y v\u00eddeo puede cambiar sin previo aviso. El Asistente de Google no est\u00e1 disponible en Google Kids Space. Google Kids Space requiere una cuenta de Google para tu hijo. Los controles parentales requieren la aplicaci\u00f3n Family Link en un dispositivo Android, Chromebook o iOS compatible.<\/p>\n<p>Especificaciones:<\/p>\n<p>-Sistema operativo: Android 10<br \/>\n-Procesador: MediaTek Helio P22T (8C, 8x A53 @2.3GHz) \/ Integrated IMG PowerVR GE8320 GPU<br \/>\n-Memoria RAM: 2GB LPDDR4x-3200<br \/>\n-Memoria Interna: 32GB eMMC(Compatible con tarjeta microSD FAT32 hasta 256GB, exFAT hasta 1TB, no incluida)<br \/>\n-Pantalla: 10.1&#8243; HD (1280&#215;800) TDDI 400nits 10-point Multi-touch<br \/>\n-Conectividad: Wifi 11a\/b\/g\/n\/ac, 1&#215;1 + BT5.0<br \/>\n-C\u00e1mara: Parte trasera: 8 MP, Parte frontal: 5 MP<br \/>\n-Audio: Altavoz lateral dual, sintonizado con Dolby Atmos<br \/>\n-Bater\u00eda: 5000mAh<br \/>\n-Conexiones: 1x conector pin Pogo (2 puntos), 1x conector combinado de auriculares \/ micr\u00f3fono (3,5 mm), 1x USB-C 2.0 (admite transferencia de datos, OTG y Power Delivery)<br \/>\n-Sensores: Sensor de aceler\u00f3metro (G), Sensor Hall, Sensor de luz ambiental (ALS), Sensor de proximidad<\/p>\n<p>Peso y dimensiones:<\/p>\n<p>-Dimensiones: 241.54mm x 149.38mm x 8.25mm<br \/>\n-Peso: 420 g<\/p>\n<p>&nbsp;<\/p>\n<p><em>E.O. Madrid Cinco S.L., no se responsabiliza de posibles errores tipogr\u00e1ficos y de precio. Las fotograf\u00edas de los productos pueden sufrir cambios<\/em><\/p>\n<p><strong>\u00a0<\/strong><\/p>\n","protected":false},"excerpt":{"rendered":"<p>Especificaciones:<\/p>\n<p>-Sistema operativo: Android 10<br \/>\n-Procesador: MediaTek Helio P22T (8C, 8x A53 @2.3GHz) \/ Integrated IMG PowerVR GE8320 GPU<br \/>\n-Memoria RAM: 2GB LPDDR4x-3200<br \/>\n-Memoria Interna: 32GB eMMC(Compatible con tarjeta microSD FAT32 hasta 256GB, exFAT hasta 1TB, no incluida)<br \/>\n-Pantalla: 10.1&#8243; HD (1280&#215;800) TDDI 400nits 10-point Multi-touch<br \/>\n-Conectividad: Wifi 11a\/b\/g\/n\/ac, 1&#215;1 + BT5.0<br \/>\n-C\u00e1mara: Parte trasera: 8 MP, Parte frontal: 5 MP<br \/>\n-Audio: Altavoz lateral dual, sintonizado con Dolby Atmos<br \/>\n-Bater\u00eda: 5000mAh<br \/>\n-Conexiones: 1x conector pin Pogo (2 puntos), 1x conector combinado de auriculares \/ micr\u00f3fono (3,5 mm), 1x USB-C 2.0 (admite transferencia de datos, OTG y Power Delivery)<br \/>\n-Sensores: Sensor de aceler\u00f3metro (G), Sensor Hall, Sensor de luz ambiental (ALS), Sensor de proximidad<\/p>\n<p>Peso y dimensiones:<\/p>\n<p>-Dimensiones: 241.54mm x 149.38mm x 8.25mm<br \/>\n-Peso: 420 g<\/p>\n","protected":false},"featured_media":5165,"template":"","meta":{"_et_pb_use_builder":"","_et_pb_old_content":"","_et_gb_content_width":"","_joinchat":[]},"product_cat":[801,1657],"product_tag":[1658,1599,1032,1033,820],"class_list":{"0":"post-5161","1":"product","2":"type-product","3":"status-publish","4":"has-post-thumbnail","6":"product_cat-informatica","7":"product_cat-tablets","8":"product_tag-10-1","9":"product_tag-bluetooth","10":"product_tag-lenovo","11":"product_tag-tablet","12":"product_tag-wifi","14":"first","15":"instock","16":"taxable","17":"shipping-taxable","18":"purchasable","19":"product-type-simple"},"yoast_head":"<!-- This site is optimized with the Yoast SEO plugin v27.4 - https:\/\/yoast.com\/product\/yoast-seo-wordpress\/ -->\n<title>Lenovo Tab M10 HD Tablet 10.1&quot; - 32GB - RAM 2GB - WiFI, Bluetooth - Camara Principal 8Mpx, Frontal 5Mpx - Canon M5 Madrid | Distribuidor oficial Canon<\/title>\n<meta name=\"description\" content=\"La Lenovo Tab M10 HD es una tablet de 25,65 cm (10,1&quot;) de 2.a generaci\u00f3n luce un dise\u00f1o de metal de alta gama y te dejar\u00e1 huella. Ofrece un gran sonido y cuenta con gran cantidad de caracter\u00edsticas ideales para la familia, como contenido seleccionado para ni\u00f1os, controles parentales y protecci\u00f3n ocular con certificaci\u00f3n T\u00dcV.Dise\u00f1o elegante y robusto.La Lenovo Tab M10 HD de 2.a generaci\u00f3n cuenta con una cubierta de metal completa, fina y de lujo para el cuerpo y su relaci\u00f3n de pantalla es del 85 %. Es una tablet elegante, pero duradera que todo el mundo querr\u00e1 usar.\" \/>\n<meta name=\"robots\" content=\"index, follow, max-snippet:-1, max-image-preview:large, max-video-preview:-1\" \/>\n<link rel=\"canonical\" href=\"https:\/\/canonm5.com\/index.php\/producto\/lenovo-tab-m10-hd-tablet-10-1-32gb-ram-2gb-wifi-bluetooth-camara-principal-8mpx-frontal-5mpx\/\" \/>\n<meta property=\"og:locale\" content=\"es_ES\" \/>\n<meta property=\"og:type\" content=\"article\" \/>\n<meta property=\"og:title\" content=\"Lenovo Tab M10 HD Tablet 10.1&quot; - 32GB - RAM 2GB - WiFI, Bluetooth - Camara Principal 8Mpx, Frontal 5Mpx - Canon M5 Madrid | Distribuidor oficial Canon\" \/>\n<meta property=\"og:description\" content=\"La Lenovo Tab M10 HD es una tablet de 25,65 cm (10,1&quot;) de 2.a generaci\u00f3n luce un dise\u00f1o de metal de alta gama y te dejar\u00e1 huella. Ofrece un gran sonido y cuenta con gran cantidad de caracter\u00edsticas ideales para la familia, como contenido seleccionado para ni\u00f1os, controles parentales y protecci\u00f3n ocular con certificaci\u00f3n T\u00dcV.Dise\u00f1o elegante y robusto.La Lenovo Tab M10 HD de 2.a generaci\u00f3n cuenta con una cubierta de metal completa, fina y de lujo para el cuerpo y su relaci\u00f3n de pantalla es del 85 %. Es una tablet elegante, pero duradera que todo el mundo querr\u00e1 usar.\" \/>\n<meta property=\"og:url\" content=\"https:\/\/canonm5.com\/index.php\/producto\/lenovo-tab-m10-hd-tablet-10-1-32gb-ram-2gb-wifi-bluetooth-camara-principal-8mpx-frontal-5mpx\/\" \/>\n<meta property=\"og:site_name\" content=\"Canon M5 Madrid | Distribuidor oficial Canon\" \/>\n<meta property=\"article:modified_time\" content=\"2023-01-09T15:13:51+00:00\" \/>\n<meta property=\"og:image\" content=\"https:\/\/canonm5.com\/wp-content\/uploads\/2022\/12\/162435_4.jpg\" \/>\n\t<meta property=\"og:image:width\" content=\"836\" \/>\n\t<meta property=\"og:image:height\" content=\"752\" \/>\n\t<meta property=\"og:image:type\" content=\"image\/jpeg\" \/>\n<meta name=\"twitter:card\" content=\"summary_large_image\" \/>\n<meta name=\"twitter:label1\" content=\"Tiempo de lectura\" \/>\n\t<meta name=\"twitter:data1\" content=\"3 minutos\" \/>\n<script type=\"application\/ld+json\" class=\"yoast-schema-graph\">{\"@context\":\"https:\\\/\\\/schema.org\",\"@graph\":[{\"@type\":\"WebPage\",\"@id\":\"https:\\\/\\\/canonm5.com\\\/index.php\\\/producto\\\/lenovo-tab-m10-hd-tablet-10-1-32gb-ram-2gb-wifi-bluetooth-camara-principal-8mpx-frontal-5mpx\\\/\",\"url\":\"https:\\\/\\\/canonm5.com\\\/index.php\\\/producto\\\/lenovo-tab-m10-hd-tablet-10-1-32gb-ram-2gb-wifi-bluetooth-camara-principal-8mpx-frontal-5mpx\\\/\",\"name\":\"Lenovo Tab M10 HD Tablet 10.1\\\" - 32GB - RAM 2GB - WiFI, Bluetooth - Camara Principal 8Mpx, Frontal 5Mpx - Canon M5 Madrid | Distribuidor oficial Canon\",\"isPartOf\":{\"@id\":\"https:\\\/\\\/canonm5.com\\\/#website\"},\"primaryImageOfPage\":{\"@id\":\"https:\\\/\\\/canonm5.com\\\/index.php\\\/producto\\\/lenovo-tab-m10-hd-tablet-10-1-32gb-ram-2gb-wifi-bluetooth-camara-principal-8mpx-frontal-5mpx\\\/#primaryimage\"},\"image\":{\"@id\":\"https:\\\/\\\/canonm5.com\\\/index.php\\\/producto\\\/lenovo-tab-m10-hd-tablet-10-1-32gb-ram-2gb-wifi-bluetooth-camara-principal-8mpx-frontal-5mpx\\\/#primaryimage\"},\"thumbnailUrl\":\"https:\\\/\\\/canonm5.com\\\/wp-content\\\/uploads\\\/2022\\\/12\\\/162435_4.jpg\",\"datePublished\":\"2022-12-23T11:31:30+00:00\",\"dateModified\":\"2023-01-09T15:13:51+00:00\",\"description\":\"La Lenovo Tab M10 HD es una tablet de 25,65 cm (10,1\\\") de 2.a generaci\u00f3n luce un dise\u00f1o de metal de alta gama y te dejar\u00e1 huella. Ofrece un gran sonido y cuenta con gran cantidad de caracter\u00edsticas ideales para la familia, como contenido seleccionado para ni\u00f1os, controles parentales y protecci\u00f3n ocular con certificaci\u00f3n T\u00dcV.Dise\u00f1o elegante y robusto.La Lenovo Tab M10 HD de 2.a generaci\u00f3n cuenta con una cubierta de metal completa, fina y de lujo para el cuerpo y su relaci\u00f3n de pantalla es del 85 %. Es una tablet elegante, pero duradera que todo el mundo querr\u00e1 usar.\",\"breadcrumb\":{\"@id\":\"https:\\\/\\\/canonm5.com\\\/index.php\\\/producto\\\/lenovo-tab-m10-hd-tablet-10-1-32gb-ram-2gb-wifi-bluetooth-camara-principal-8mpx-frontal-5mpx\\\/#breadcrumb\"},\"inLanguage\":\"es\",\"potentialAction\":[{\"@type\":\"ReadAction\",\"target\":[\"https:\\\/\\\/canonm5.com\\\/index.php\\\/producto\\\/lenovo-tab-m10-hd-tablet-10-1-32gb-ram-2gb-wifi-bluetooth-camara-principal-8mpx-frontal-5mpx\\\/\"]}]},{\"@type\":\"ImageObject\",\"inLanguage\":\"es\",\"@id\":\"https:\\\/\\\/canonm5.com\\\/index.php\\\/producto\\\/lenovo-tab-m10-hd-tablet-10-1-32gb-ram-2gb-wifi-bluetooth-camara-principal-8mpx-frontal-5mpx\\\/#primaryimage\",\"url\":\"https:\\\/\\\/canonm5.com\\\/wp-content\\\/uploads\\\/2022\\\/12\\\/162435_4.jpg\",\"contentUrl\":\"https:\\\/\\\/canonm5.com\\\/wp-content\\\/uploads\\\/2022\\\/12\\\/162435_4.jpg\",\"width\":836,\"height\":752},{\"@type\":\"BreadcrumbList\",\"@id\":\"https:\\\/\\\/canonm5.com\\\/index.php\\\/producto\\\/lenovo-tab-m10-hd-tablet-10-1-32gb-ram-2gb-wifi-bluetooth-camara-principal-8mpx-frontal-5mpx\\\/#breadcrumb\",\"itemListElement\":[{\"@type\":\"ListItem\",\"position\":1,\"name\":\"Portada\",\"item\":\"https:\\\/\\\/canonm5.com\\\/\"},{\"@type\":\"ListItem\",\"position\":2,\"name\":\"Nuestros productos\",\"item\":\"https:\\\/\\\/canonm5.com\\\/index.php\\\/productos\\\/\"},{\"@type\":\"ListItem\",\"position\":3,\"name\":\"Lenovo Tab M10 HD Tablet 10.1&#8243; &#8211; 32GB &#8211; RAM 2GB &#8211; WiFI, Bluetooth &#8211; Camara Principal 8Mpx, Frontal 5Mpx\"}]},{\"@type\":\"WebSite\",\"@id\":\"https:\\\/\\\/canonm5.com\\\/#website\",\"url\":\"https:\\\/\\\/canonm5.com\\\/\",\"name\":\"Canon M5 Madrid | Distribuidor oficial Canon\",\"description\":\"Renting de impresoras para empresas\",\"potentialAction\":[{\"@type\":\"SearchAction\",\"target\":{\"@type\":\"EntryPoint\",\"urlTemplate\":\"https:\\\/\\\/canonm5.com\\\/?s={search_term_string}\"},\"query-input\":{\"@type\":\"PropertyValueSpecification\",\"valueRequired\":true,\"valueName\":\"search_term_string\"}}],\"inLanguage\":\"es\"}]}<\/script>\n<!-- \/ Yoast SEO plugin. -->","yoast_head_json":{"title":"Lenovo Tab M10 HD Tablet 10.1\" - 32GB - RAM 2GB - WiFI, Bluetooth - Camara Principal 8Mpx, Frontal 5Mpx - Canon M5 Madrid | Distribuidor oficial Canon","description":"La Lenovo Tab M10 HD es una tablet de 25,65 cm (10,1\") de 2.a generaci\u00f3n luce un dise\u00f1o de metal de alta gama y te dejar\u00e1 huella. Ofrece un gran sonido y cuenta con gran cantidad de caracter\u00edsticas ideales para la familia, como contenido seleccionado para ni\u00f1os, controles parentales y protecci\u00f3n ocular con certificaci\u00f3n T\u00dcV.Dise\u00f1o elegante y robusto.La Lenovo Tab M10 HD de 2.a generaci\u00f3n cuenta con una cubierta de metal completa, fina y de lujo para el cuerpo y su relaci\u00f3n de pantalla es del 85 %. Es una tablet elegante, pero duradera que todo el mundo querr\u00e1 usar.","robots":{"index":"index","follow":"follow","max-snippet":"max-snippet:-1","max-image-preview":"max-image-preview:large","max-video-preview":"max-video-preview:-1"},"canonical":"https:\/\/canonm5.com\/index.php\/producto\/lenovo-tab-m10-hd-tablet-10-1-32gb-ram-2gb-wifi-bluetooth-camara-principal-8mpx-frontal-5mpx\/","og_locale":"es_ES","og_type":"article","og_title":"Lenovo Tab M10 HD Tablet 10.1\" - 32GB - RAM 2GB - WiFI, Bluetooth - Camara Principal 8Mpx, Frontal 5Mpx - Canon M5 Madrid | Distribuidor oficial Canon","og_description":"La Lenovo Tab M10 HD es una tablet de 25,65 cm (10,1\") de 2.a generaci\u00f3n luce un dise\u00f1o de metal de alta gama y te dejar\u00e1 huella. Ofrece un gran sonido y cuenta con gran cantidad de caracter\u00edsticas ideales para la familia, como contenido seleccionado para ni\u00f1os, controles parentales y protecci\u00f3n ocular con certificaci\u00f3n T\u00dcV.Dise\u00f1o elegante y robusto.La Lenovo Tab M10 HD de 2.a generaci\u00f3n cuenta con una cubierta de metal completa, fina y de lujo para el cuerpo y su relaci\u00f3n de pantalla es del 85 %. Es una tablet elegante, pero duradera que todo el mundo querr\u00e1 usar.","og_url":"https:\/\/canonm5.com\/index.php\/producto\/lenovo-tab-m10-hd-tablet-10-1-32gb-ram-2gb-wifi-bluetooth-camara-principal-8mpx-frontal-5mpx\/","og_site_name":"Canon M5 Madrid | Distribuidor oficial Canon","article_modified_time":"2023-01-09T15:13:51+00:00","og_image":[{"width":836,"height":752,"url":"https:\/\/canonm5.com\/wp-content\/uploads\/2022\/12\/162435_4.jpg","type":"image\/jpeg"}],"twitter_card":"summary_large_image","twitter_misc":{"Tiempo de lectura":"3 minutos"},"schema":{"@context":"https:\/\/schema.org","@graph":[{"@type":"WebPage","@id":"https:\/\/canonm5.com\/index.php\/producto\/lenovo-tab-m10-hd-tablet-10-1-32gb-ram-2gb-wifi-bluetooth-camara-principal-8mpx-frontal-5mpx\/","url":"https:\/\/canonm5.com\/index.php\/producto\/lenovo-tab-m10-hd-tablet-10-1-32gb-ram-2gb-wifi-bluetooth-camara-principal-8mpx-frontal-5mpx\/","name":"Lenovo Tab M10 HD Tablet 10.1\" - 32GB - RAM 2GB - WiFI, Bluetooth - Camara Principal 8Mpx, Frontal 5Mpx - Canon M5 Madrid | Distribuidor oficial Canon","isPartOf":{"@id":"https:\/\/canonm5.com\/#website"},"primaryImageOfPage":{"@id":"https:\/\/canonm5.com\/index.php\/producto\/lenovo-tab-m10-hd-tablet-10-1-32gb-ram-2gb-wifi-bluetooth-camara-principal-8mpx-frontal-5mpx\/#primaryimage"},"image":{"@id":"https:\/\/canonm5.com\/index.php\/producto\/lenovo-tab-m10-hd-tablet-10-1-32gb-ram-2gb-wifi-bluetooth-camara-principal-8mpx-frontal-5mpx\/#primaryimage"},"thumbnailUrl":"https:\/\/canonm5.com\/wp-content\/uploads\/2022\/12\/162435_4.jpg","datePublished":"2022-12-23T11:31:30+00:00","dateModified":"2023-01-09T15:13:51+00:00","description":"La Lenovo Tab M10 HD es una tablet de 25,65 cm (10,1\") de 2.a generaci\u00f3n luce un dise\u00f1o de metal de alta gama y te dejar\u00e1 huella. Ofrece un gran sonido y cuenta con gran cantidad de caracter\u00edsticas ideales para la familia, como contenido seleccionado para ni\u00f1os, controles parentales y protecci\u00f3n ocular con certificaci\u00f3n T\u00dcV.Dise\u00f1o elegante y robusto.La Lenovo Tab M10 HD de 2.a generaci\u00f3n cuenta con una cubierta de metal completa, fina y de lujo para el cuerpo y su relaci\u00f3n de pantalla es del 85 %. Es una tablet elegante, pero duradera que todo el mundo querr\u00e1 usar.","breadcrumb":{"@id":"https:\/\/canonm5.com\/index.php\/producto\/lenovo-tab-m10-hd-tablet-10-1-32gb-ram-2gb-wifi-bluetooth-camara-principal-8mpx-frontal-5mpx\/#breadcrumb"},"inLanguage":"es","potentialAction":[{"@type":"ReadAction","target":["https:\/\/canonm5.com\/index.php\/producto\/lenovo-tab-m10-hd-tablet-10-1-32gb-ram-2gb-wifi-bluetooth-camara-principal-8mpx-frontal-5mpx\/"]}]},{"@type":"ImageObject","inLanguage":"es","@id":"https:\/\/canonm5.com\/index.php\/producto\/lenovo-tab-m10-hd-tablet-10-1-32gb-ram-2gb-wifi-bluetooth-camara-principal-8mpx-frontal-5mpx\/#primaryimage","url":"https:\/\/canonm5.com\/wp-content\/uploads\/2022\/12\/162435_4.jpg","contentUrl":"https:\/\/canonm5.com\/wp-content\/uploads\/2022\/12\/162435_4.jpg","width":836,"height":752},{"@type":"BreadcrumbList","@id":"https:\/\/canonm5.com\/index.php\/producto\/lenovo-tab-m10-hd-tablet-10-1-32gb-ram-2gb-wifi-bluetooth-camara-principal-8mpx-frontal-5mpx\/#breadcrumb","itemListElement":[{"@type":"ListItem","position":1,"name":"Portada","item":"https:\/\/canonm5.com\/"},{"@type":"ListItem","position":2,"name":"Nuestros productos","item":"https:\/\/canonm5.com\/index.php\/productos\/"},{"@type":"ListItem","position":3,"name":"Lenovo Tab M10 HD Tablet 10.1&#8243; &#8211; 32GB &#8211; RAM 2GB &#8211; WiFI, Bluetooth &#8211; Camara Principal 8Mpx, Frontal 5Mpx"}]},{"@type":"WebSite","@id":"https:\/\/canonm5.com\/#website","url":"https:\/\/canonm5.com\/","name":"Canon M5 Madrid | Distribuidor oficial Canon","description":"Renting de impresoras para empresas","potentialAction":[{"@type":"SearchAction","target":{"@type":"EntryPoint","urlTemplate":"https:\/\/canonm5.com\/?s={search_term_string}"},"query-input":{"@type":"PropertyValueSpecification","valueRequired":true,"valueName":"search_term_string"}}],"inLanguage":"es"}]}},"_links":{"self":[{"href":"https:\/\/canonm5.com\/index.php\/wp-json\/wp\/v2\/product\/5161","targetHints":{"allow":["GET"]}}],"collection":[{"href":"https:\/\/canonm5.com\/index.php\/wp-json\/wp\/v2\/product"}],"about":[{"href":"https:\/\/canonm5.com\/index.php\/wp-json\/wp\/v2\/types\/product"}],"wp:featuredmedia":[{"embeddable":true,"href":"https:\/\/canonm5.com\/index.php\/wp-json\/wp\/v2\/media\/5165"}],"wp:attachment":[{"href":"https:\/\/canonm5.com\/index.php\/wp-json\/wp\/v2\/media?parent=5161"}],"wp:term":[{"taxonomy":"product_cat","embeddable":true,"href":"https:\/\/canonm5.com\/index.php\/wp-json\/wp\/v2\/product_cat?post=5161"},{"taxonomy":"product_tag","embeddable":true,"href":"https:\/\/canonm5.com\/index.php\/wp-json\/wp\/v2\/product_tag?post=5161"}],"curies":[{"name":"wp","href":"https:\/\/api.w.org\/{rel}","templated":true}]}}