{"id":5118,"date":"2022-12-21T15:12:26","date_gmt":"2022-12-21T15:12:26","guid":{"rendered":"https:\/\/canonm5.com\/?post_type=product&#038;p=5118"},"modified":"2023-01-09T15:01:09","modified_gmt":"2023-01-09T15:01:09","slug":"approx-raton-inalambrico-usb-1600dpi-negro-gris","status":"publish","type":"product","link":"https:\/\/canonm5.com\/index.php\/producto\/approx-raton-inalambrico-usb-1600dpi-negro-gris\/","title":{"rendered":"Approx Raton Inalambrico USB 1600dpi Negro\/Gris"},"content":{"rendered":"<p>El rat\u00f3n appXM180x dispone de tres botones, los justos para tus tareas diarias sin excesivas complicaciones. Incorpora sensor \u00f3ptico de gran calidad, que te permitir\u00e1 trabajar o disfrutar de juegos con \u00e9l de manera precisa. Gracias a su Nano receptor USB a 2.4Ghz tendr\u00e1s una se\u00f1al permanente y sin cortes. Acabados y materiales de primera para maximizar la durabilidad de tu appXM180x.<\/p>\n<p>Especificaciones:<\/p>\n<p>\u2022 Caracter\u00edsticas T\u00e9cnicas:<br \/>\n&#8211; Interfaz: USB 2.0<br \/>\n&#8211; 4 botones<br \/>\n&#8211; DPI: 800\/1200\/1600<br \/>\n&#8211; Frecuencia: 2.4GHz<br \/>\n&#8211; Funciona con una bater\u00eda AA de 1.5V *<\/p>\n<p>\u2022 Dimensiones y Peso:<br \/>\n&#8211; Dimensiones del rat\u00f3n: 106x60x38 mm<br \/>\n&#8211; Dimensiones del receptor: 18&#215;14,1&#215;5,5 mm<\/p>\n<p>&nbsp;<\/p>\n<p><em>E.O. Madrid Cinco S.L., no se responsabiliza de posibles errores tipogr\u00e1ficos y de precio. Las fotograf\u00edas de los productos pueden sufrir cambios<\/em><\/p>\n<p><strong>\u00a0<\/strong><\/p>\n","protected":false},"excerpt":{"rendered":"<p>El rat\u00f3n appXM180x dispone de tres botones, los justos para tus tareas diarias sin excesivas complicaciones. Incorpora sensor \u00f3ptico de gran calidad, que te permitir\u00e1 trabajar o disfrutar de juegos con \u00e9l de manera precisa. Gracias a su Nano receptor USB a 2.4Ghz tendr\u00e1s una se\u00f1al permanente y sin cortes. Acabados y materiales de primera para maximizar la durabilidad de tu appXM180x.<\/p>\n<p>Especificaciones:<\/p>\n<p>\u2022 Caracter\u00edsticas T\u00e9cnicas:<br \/>\n&#8211; Interfaz: USB 2.0<br \/>\n&#8211; 4 botones<br \/>\n&#8211; DPI: 800\/1200\/1600<br \/>\n&#8211; Frecuencia: 2.4GHz<br \/>\n&#8211; Funciona con una bater\u00eda AA de 1.5V *<\/p>\n<p>\u2022 Dimensiones y Peso:<br \/>\n&#8211; Dimensiones del rat\u00f3n: 106x60x38 mm<br \/>\n&#8211; Dimensiones del receptor: 18&#215;14,1&#215;5,5 mm<\/p>\n","protected":false},"featured_media":5119,"template":"","meta":{"_et_pb_use_builder":"","_et_pb_old_content":"","_et_gb_content_width":"","_joinchat":[]},"product_cat":[801,793],"product_tag":[1140,1635,993],"class_list":{"0":"post-5118","1":"product","2":"type-product","3":"status-publish","4":"has-post-thumbnail","6":"product_cat-informatica","7":"product_cat-teclados","8":"product_tag-approx","9":"product_tag-inalambrico","10":"product_tag-raton","12":"first","13":"instock","14":"taxable","15":"shipping-taxable","16":"purchasable","17":"product-type-simple"},"yoast_head":"<!-- This site is optimized with the Yoast SEO plugin v27.4 - https:\/\/yoast.com\/product\/yoast-seo-wordpress\/ -->\n<title>Approx Raton Inalambrico USB 1600dpi Negro\/Gris - Canon M5 Madrid | Distribuidor oficial Canon<\/title>\n<meta name=\"description\" content=\"El rat\u00f3n appXM180x dispone de tres botones, los justos para tus tareas diarias sin excesivas complicaciones. Incorpora sensor \u00f3ptico de gran calidad, que te permitir\u00e1 trabajar o disfrutar de juegos con \u00e9l de manera precisa. Gracias a su Nano receptor USB a 2.4Ghz tendr\u00e1s una se\u00f1al permanente y sin cortes. Acabados y materiales de primera para maximizar la durabilidad de tu appXM180x.\" \/>\n<meta name=\"robots\" content=\"index, follow, max-snippet:-1, max-image-preview:large, max-video-preview:-1\" \/>\n<link rel=\"canonical\" href=\"https:\/\/canonm5.com\/index.php\/producto\/approx-raton-inalambrico-usb-1600dpi-negro-gris\/\" \/>\n<meta property=\"og:locale\" content=\"es_ES\" \/>\n<meta property=\"og:type\" content=\"article\" \/>\n<meta property=\"og:title\" content=\"Approx Raton Inalambrico USB 1600dpi Negro\/Gris - Canon M5 Madrid | Distribuidor oficial Canon\" \/>\n<meta property=\"og:description\" content=\"El rat\u00f3n appXM180x dispone de tres botones, los justos para tus tareas diarias sin excesivas complicaciones. Incorpora sensor \u00f3ptico de gran calidad, que te permitir\u00e1 trabajar o disfrutar de juegos con \u00e9l de manera precisa. Gracias a su Nano receptor USB a 2.4Ghz tendr\u00e1s una se\u00f1al permanente y sin cortes. Acabados y materiales de primera para maximizar la durabilidad de tu appXM180x.\" \/>\n<meta property=\"og:url\" content=\"https:\/\/canonm5.com\/index.php\/producto\/approx-raton-inalambrico-usb-1600dpi-negro-gris\/\" \/>\n<meta property=\"og:site_name\" content=\"Canon M5 Madrid | Distribuidor oficial Canon\" \/>\n<meta property=\"article:modified_time\" content=\"2023-01-09T15:01:09+00:00\" \/>\n<meta property=\"og:image\" content=\"https:\/\/canonm5.com\/wp-content\/uploads\/2022\/12\/106537_1.jpg\" \/>\n\t<meta property=\"og:image:width\" content=\"600\" \/>\n\t<meta property=\"og:image:height\" content=\"600\" \/>\n\t<meta property=\"og:image:type\" content=\"image\/jpeg\" \/>\n<meta name=\"twitter:card\" content=\"summary_large_image\" \/>\n<meta name=\"twitter:label1\" content=\"Tiempo de lectura\" \/>\n\t<meta name=\"twitter:data1\" content=\"1 minuto\" \/>\n<script type=\"application\/ld+json\" class=\"yoast-schema-graph\">{\"@context\":\"https:\\\/\\\/schema.org\",\"@graph\":[{\"@type\":\"WebPage\",\"@id\":\"https:\\\/\\\/canonm5.com\\\/index.php\\\/producto\\\/approx-raton-inalambrico-usb-1600dpi-negro-gris\\\/\",\"url\":\"https:\\\/\\\/canonm5.com\\\/index.php\\\/producto\\\/approx-raton-inalambrico-usb-1600dpi-negro-gris\\\/\",\"name\":\"Approx Raton Inalambrico USB 1600dpi Negro\\\/Gris - Canon M5 Madrid | Distribuidor oficial Canon\",\"isPartOf\":{\"@id\":\"https:\\\/\\\/canonm5.com\\\/#website\"},\"primaryImageOfPage\":{\"@id\":\"https:\\\/\\\/canonm5.com\\\/index.php\\\/producto\\\/approx-raton-inalambrico-usb-1600dpi-negro-gris\\\/#primaryimage\"},\"image\":{\"@id\":\"https:\\\/\\\/canonm5.com\\\/index.php\\\/producto\\\/approx-raton-inalambrico-usb-1600dpi-negro-gris\\\/#primaryimage\"},\"thumbnailUrl\":\"https:\\\/\\\/canonm5.com\\\/wp-content\\\/uploads\\\/2022\\\/12\\\/106537_1.jpg\",\"datePublished\":\"2022-12-21T15:12:26+00:00\",\"dateModified\":\"2023-01-09T15:01:09+00:00\",\"description\":\"El rat\u00f3n appXM180x dispone de tres botones, los justos para tus tareas diarias sin excesivas complicaciones. Incorpora sensor \u00f3ptico de gran calidad, que te permitir\u00e1 trabajar o disfrutar de juegos con \u00e9l de manera precisa. Gracias a su Nano receptor USB a 2.4Ghz tendr\u00e1s una se\u00f1al permanente y sin cortes. Acabados y materiales de primera para maximizar la durabilidad de tu appXM180x.\",\"breadcrumb\":{\"@id\":\"https:\\\/\\\/canonm5.com\\\/index.php\\\/producto\\\/approx-raton-inalambrico-usb-1600dpi-negro-gris\\\/#breadcrumb\"},\"inLanguage\":\"es\",\"potentialAction\":[{\"@type\":\"ReadAction\",\"target\":[\"https:\\\/\\\/canonm5.com\\\/index.php\\\/producto\\\/approx-raton-inalambrico-usb-1600dpi-negro-gris\\\/\"]}]},{\"@type\":\"ImageObject\",\"inLanguage\":\"es\",\"@id\":\"https:\\\/\\\/canonm5.com\\\/index.php\\\/producto\\\/approx-raton-inalambrico-usb-1600dpi-negro-gris\\\/#primaryimage\",\"url\":\"https:\\\/\\\/canonm5.com\\\/wp-content\\\/uploads\\\/2022\\\/12\\\/106537_1.jpg\",\"contentUrl\":\"https:\\\/\\\/canonm5.com\\\/wp-content\\\/uploads\\\/2022\\\/12\\\/106537_1.jpg\",\"width\":600,\"height\":600},{\"@type\":\"BreadcrumbList\",\"@id\":\"https:\\\/\\\/canonm5.com\\\/index.php\\\/producto\\\/approx-raton-inalambrico-usb-1600dpi-negro-gris\\\/#breadcrumb\",\"itemListElement\":[{\"@type\":\"ListItem\",\"position\":1,\"name\":\"Portada\",\"item\":\"https:\\\/\\\/canonm5.com\\\/\"},{\"@type\":\"ListItem\",\"position\":2,\"name\":\"Nuestros productos\",\"item\":\"https:\\\/\\\/canonm5.com\\\/index.php\\\/productos\\\/\"},{\"@type\":\"ListItem\",\"position\":3,\"name\":\"Approx Raton Inalambrico USB 1600dpi Negro\\\/Gris\"}]},{\"@type\":\"WebSite\",\"@id\":\"https:\\\/\\\/canonm5.com\\\/#website\",\"url\":\"https:\\\/\\\/canonm5.com\\\/\",\"name\":\"Canon M5 Madrid | Distribuidor oficial Canon\",\"description\":\"Renting de impresoras para empresas\",\"potentialAction\":[{\"@type\":\"SearchAction\",\"target\":{\"@type\":\"EntryPoint\",\"urlTemplate\":\"https:\\\/\\\/canonm5.com\\\/?s={search_term_string}\"},\"query-input\":{\"@type\":\"PropertyValueSpecification\",\"valueRequired\":true,\"valueName\":\"search_term_string\"}}],\"inLanguage\":\"es\"}]}<\/script>\n<!-- \/ Yoast SEO plugin. -->","yoast_head_json":{"title":"Approx Raton Inalambrico USB 1600dpi Negro\/Gris - Canon M5 Madrid | Distribuidor oficial Canon","description":"El rat\u00f3n appXM180x dispone de tres botones, los justos para tus tareas diarias sin excesivas complicaciones. Incorpora sensor \u00f3ptico de gran calidad, que te permitir\u00e1 trabajar o disfrutar de juegos con \u00e9l de manera precisa. Gracias a su Nano receptor USB a 2.4Ghz tendr\u00e1s una se\u00f1al permanente y sin cortes. Acabados y materiales de primera para maximizar la durabilidad de tu appXM180x.","robots":{"index":"index","follow":"follow","max-snippet":"max-snippet:-1","max-image-preview":"max-image-preview:large","max-video-preview":"max-video-preview:-1"},"canonical":"https:\/\/canonm5.com\/index.php\/producto\/approx-raton-inalambrico-usb-1600dpi-negro-gris\/","og_locale":"es_ES","og_type":"article","og_title":"Approx Raton Inalambrico USB 1600dpi Negro\/Gris - Canon M5 Madrid | Distribuidor oficial Canon","og_description":"El rat\u00f3n appXM180x dispone de tres botones, los justos para tus tareas diarias sin excesivas complicaciones. Incorpora sensor \u00f3ptico de gran calidad, que te permitir\u00e1 trabajar o disfrutar de juegos con \u00e9l de manera precisa. Gracias a su Nano receptor USB a 2.4Ghz tendr\u00e1s una se\u00f1al permanente y sin cortes. Acabados y materiales de primera para maximizar la durabilidad de tu appXM180x.","og_url":"https:\/\/canonm5.com\/index.php\/producto\/approx-raton-inalambrico-usb-1600dpi-negro-gris\/","og_site_name":"Canon M5 Madrid | Distribuidor oficial Canon","article_modified_time":"2023-01-09T15:01:09+00:00","og_image":[{"width":600,"height":600,"url":"https:\/\/canonm5.com\/wp-content\/uploads\/2022\/12\/106537_1.jpg","type":"image\/jpeg"}],"twitter_card":"summary_large_image","twitter_misc":{"Tiempo de lectura":"1 minuto"},"schema":{"@context":"https:\/\/schema.org","@graph":[{"@type":"WebPage","@id":"https:\/\/canonm5.com\/index.php\/producto\/approx-raton-inalambrico-usb-1600dpi-negro-gris\/","url":"https:\/\/canonm5.com\/index.php\/producto\/approx-raton-inalambrico-usb-1600dpi-negro-gris\/","name":"Approx Raton Inalambrico USB 1600dpi Negro\/Gris - Canon M5 Madrid | Distribuidor oficial Canon","isPartOf":{"@id":"https:\/\/canonm5.com\/#website"},"primaryImageOfPage":{"@id":"https:\/\/canonm5.com\/index.php\/producto\/approx-raton-inalambrico-usb-1600dpi-negro-gris\/#primaryimage"},"image":{"@id":"https:\/\/canonm5.com\/index.php\/producto\/approx-raton-inalambrico-usb-1600dpi-negro-gris\/#primaryimage"},"thumbnailUrl":"https:\/\/canonm5.com\/wp-content\/uploads\/2022\/12\/106537_1.jpg","datePublished":"2022-12-21T15:12:26+00:00","dateModified":"2023-01-09T15:01:09+00:00","description":"El rat\u00f3n appXM180x dispone de tres botones, los justos para tus tareas diarias sin excesivas complicaciones. Incorpora sensor \u00f3ptico de gran calidad, que te permitir\u00e1 trabajar o disfrutar de juegos con \u00e9l de manera precisa. Gracias a su Nano receptor USB a 2.4Ghz tendr\u00e1s una se\u00f1al permanente y sin cortes. Acabados y materiales de primera para maximizar la durabilidad de tu appXM180x.","breadcrumb":{"@id":"https:\/\/canonm5.com\/index.php\/producto\/approx-raton-inalambrico-usb-1600dpi-negro-gris\/#breadcrumb"},"inLanguage":"es","potentialAction":[{"@type":"ReadAction","target":["https:\/\/canonm5.com\/index.php\/producto\/approx-raton-inalambrico-usb-1600dpi-negro-gris\/"]}]},{"@type":"ImageObject","inLanguage":"es","@id":"https:\/\/canonm5.com\/index.php\/producto\/approx-raton-inalambrico-usb-1600dpi-negro-gris\/#primaryimage","url":"https:\/\/canonm5.com\/wp-content\/uploads\/2022\/12\/106537_1.jpg","contentUrl":"https:\/\/canonm5.com\/wp-content\/uploads\/2022\/12\/106537_1.jpg","width":600,"height":600},{"@type":"BreadcrumbList","@id":"https:\/\/canonm5.com\/index.php\/producto\/approx-raton-inalambrico-usb-1600dpi-negro-gris\/#breadcrumb","itemListElement":[{"@type":"ListItem","position":1,"name":"Portada","item":"https:\/\/canonm5.com\/"},{"@type":"ListItem","position":2,"name":"Nuestros productos","item":"https:\/\/canonm5.com\/index.php\/productos\/"},{"@type":"ListItem","position":3,"name":"Approx Raton Inalambrico USB 1600dpi Negro\/Gris"}]},{"@type":"WebSite","@id":"https:\/\/canonm5.com\/#website","url":"https:\/\/canonm5.com\/","name":"Canon M5 Madrid | Distribuidor oficial Canon","description":"Renting de impresoras para empresas","potentialAction":[{"@type":"SearchAction","target":{"@type":"EntryPoint","urlTemplate":"https:\/\/canonm5.com\/?s={search_term_string}"},"query-input":{"@type":"PropertyValueSpecification","valueRequired":true,"valueName":"search_term_string"}}],"inLanguage":"es"}]}},"_links":{"self":[{"href":"https:\/\/canonm5.com\/index.php\/wp-json\/wp\/v2\/product\/5118","targetHints":{"allow":["GET"]}}],"collection":[{"href":"https:\/\/canonm5.com\/index.php\/wp-json\/wp\/v2\/product"}],"about":[{"href":"https:\/\/canonm5.com\/index.php\/wp-json\/wp\/v2\/types\/product"}],"wp:featuredmedia":[{"embeddable":true,"href":"https:\/\/canonm5.com\/index.php\/wp-json\/wp\/v2\/media\/5119"}],"wp:attachment":[{"href":"https:\/\/canonm5.com\/index.php\/wp-json\/wp\/v2\/media?parent=5118"}],"wp:term":[{"taxonomy":"product_cat","embeddable":true,"href":"https:\/\/canonm5.com\/index.php\/wp-json\/wp\/v2\/product_cat?post=5118"},{"taxonomy":"product_tag","embeddable":true,"href":"https:\/\/canonm5.com\/index.php\/wp-json\/wp\/v2\/product_tag?post=5118"}],"curies":[{"name":"wp","href":"https:\/\/api.w.org\/{rel}","templated":true}]}}