{"id":5114,"date":"2022-12-21T15:09:30","date_gmt":"2022-12-21T15:09:30","guid":{"rendered":"https:\/\/canonm5.com\/?post_type=product&#038;p=5114"},"modified":"2023-01-09T15:00:18","modified_gmt":"2023-01-09T15:00:18","slug":"equip-raton-usb-con-cable-retractil-1000dpi-3-botones-uso-ambidiestro-color-negro","status":"publish","type":"product","link":"https:\/\/canonm5.com\/index.php\/producto\/equip-raton-usb-con-cable-retractil-1000dpi-3-botones-uso-ambidiestro-color-negro\/","title":{"rendered":"Equip Raton USB con Cable Retractil 1000dpi &#8211; 3 Botones &#8211; Uso ambidiestro &#8211; Color Negro"},"content":{"rendered":"<p>Este mouse \u00f3ptico de viaje tiene un dise\u00f1o plano y moderno. Tiene 3 botones, incluida una rueda de desplazamiento de goma para navegar f\u00e1cilmente a trav\u00e9s de p\u00e1ginas web y \/ o documentos de gran tama\u00f1o. Tiene dimensiones de viaje reales y un cable retr\u00e1ctil que lo hace ideal para llevarlo a donde quiera que vaya.<\/p>\n<p>Caracter\u00edsticas:<\/p>\n<p>-Cable retr\u00e1ctil.<br \/>\n-Apto para usuarios diestros y zurdos.<br \/>\n-Resoluci\u00f3n: 1000dpi.<br \/>\n-Instalaci\u00f3n: enchufar y listo.<\/p>\n<p>&nbsp;<\/p>\n<p><em>E.O. Madrid Cinco S.L., no se responsabiliza de posibles errores tipogr\u00e1ficos y de precio. Las fotograf\u00edas de los productos pueden sufrir cambios<\/em><\/p>\n<p><strong>\u00a0<\/strong><\/p>\n","protected":false},"excerpt":{"rendered":"<p>Este mouse \u00f3ptico de viaje tiene un dise\u00f1o plano y moderno. Tiene 3 botones, incluida una rueda de desplazamiento de goma para navegar f\u00e1cilmente a trav\u00e9s de p\u00e1ginas web y \/ o documentos de gran tama\u00f1o. Tiene dimensiones de viaje reales y un cable retr\u00e1ctil que lo hace ideal para llevarlo a donde quiera que vaya.<\/p>\n<p>Caracter\u00edsticas:<\/p>\n<p>-Cable retr\u00e1ctil.<br \/>\n-Apto para usuarios diestros y zurdos.<br \/>\n-Resoluci\u00f3n: 1000dpi.<br \/>\n-Instalaci\u00f3n: enchufar y listo.<\/p>\n","protected":false},"featured_media":5115,"template":"","meta":{"_et_pb_use_builder":"","_et_pb_old_content":"","_et_gb_content_width":"","_joinchat":[]},"product_cat":[801,793],"product_tag":[993,856,1043],"class_list":{"0":"post-5114","1":"product","2":"type-product","3":"status-publish","4":"has-post-thumbnail","6":"product_cat-informatica","7":"product_cat-teclados","8":"product_tag-raton","9":"product_tag-retractil","10":"product_tag-usb","12":"first","13":"instock","14":"taxable","15":"shipping-taxable","16":"purchasable","17":"product-type-simple"},"yoast_head":"<!-- This site is optimized with the Yoast SEO plugin v27.4 - https:\/\/yoast.com\/product\/yoast-seo-wordpress\/ -->\n<title>Equip Raton USB con Cable Retractil 1000dpi - 3 Botones - Uso ambidiestro - Color Negro - Canon M5 Madrid | Distribuidor oficial Canon<\/title>\n<meta name=\"description\" content=\"Este mouse \u00f3ptico de viaje tiene un dise\u00f1o plano y moderno. Tiene 3 botones, incluida una rueda de desplazamiento de goma para navegar f\u00e1cilmente a trav\u00e9s de p\u00e1ginas web y \/ o documentos de gran tama\u00f1o. Tiene dimensiones de viaje reales y un cable retr\u00e1ctil que lo hace ideal para llevarlo a donde quiera que vaya.\" \/>\n<meta name=\"robots\" content=\"index, follow, max-snippet:-1, max-image-preview:large, max-video-preview:-1\" \/>\n<link rel=\"canonical\" href=\"https:\/\/canonm5.com\/index.php\/producto\/equip-raton-usb-con-cable-retractil-1000dpi-3-botones-uso-ambidiestro-color-negro\/\" \/>\n<meta property=\"og:locale\" content=\"es_ES\" \/>\n<meta property=\"og:type\" content=\"article\" \/>\n<meta property=\"og:title\" content=\"Equip Raton USB con Cable Retractil 1000dpi - 3 Botones - Uso ambidiestro - Color Negro - Canon M5 Madrid | Distribuidor oficial Canon\" \/>\n<meta property=\"og:description\" content=\"Este mouse \u00f3ptico de viaje tiene un dise\u00f1o plano y moderno. Tiene 3 botones, incluida una rueda de desplazamiento de goma para navegar f\u00e1cilmente a trav\u00e9s de p\u00e1ginas web y \/ o documentos de gran tama\u00f1o. Tiene dimensiones de viaje reales y un cable retr\u00e1ctil que lo hace ideal para llevarlo a donde quiera que vaya.\" \/>\n<meta property=\"og:url\" content=\"https:\/\/canonm5.com\/index.php\/producto\/equip-raton-usb-con-cable-retractil-1000dpi-3-botones-uso-ambidiestro-color-negro\/\" \/>\n<meta property=\"og:site_name\" content=\"Canon M5 Madrid | Distribuidor oficial Canon\" \/>\n<meta property=\"article:modified_time\" content=\"2023-01-09T15:00:18+00:00\" \/>\n<meta property=\"og:image\" content=\"https:\/\/canonm5.com\/wp-content\/uploads\/2022\/12\/102204_1.jpg\" \/>\n\t<meta property=\"og:image:width\" content=\"560\" \/>\n\t<meta property=\"og:image:height\" content=\"400\" \/>\n\t<meta property=\"og:image:type\" content=\"image\/jpeg\" \/>\n<meta name=\"twitter:card\" content=\"summary_large_image\" \/>\n<meta name=\"twitter:label1\" content=\"Tiempo de lectura\" \/>\n\t<meta name=\"twitter:data1\" content=\"1 minuto\" \/>\n<script type=\"application\/ld+json\" class=\"yoast-schema-graph\">{\"@context\":\"https:\\\/\\\/schema.org\",\"@graph\":[{\"@type\":\"WebPage\",\"@id\":\"https:\\\/\\\/canonm5.com\\\/index.php\\\/producto\\\/equip-raton-usb-con-cable-retractil-1000dpi-3-botones-uso-ambidiestro-color-negro\\\/\",\"url\":\"https:\\\/\\\/canonm5.com\\\/index.php\\\/producto\\\/equip-raton-usb-con-cable-retractil-1000dpi-3-botones-uso-ambidiestro-color-negro\\\/\",\"name\":\"Equip Raton USB con Cable Retractil 1000dpi - 3 Botones - Uso ambidiestro - Color Negro - Canon M5 Madrid | Distribuidor oficial Canon\",\"isPartOf\":{\"@id\":\"https:\\\/\\\/canonm5.com\\\/#website\"},\"primaryImageOfPage\":{\"@id\":\"https:\\\/\\\/canonm5.com\\\/index.php\\\/producto\\\/equip-raton-usb-con-cable-retractil-1000dpi-3-botones-uso-ambidiestro-color-negro\\\/#primaryimage\"},\"image\":{\"@id\":\"https:\\\/\\\/canonm5.com\\\/index.php\\\/producto\\\/equip-raton-usb-con-cable-retractil-1000dpi-3-botones-uso-ambidiestro-color-negro\\\/#primaryimage\"},\"thumbnailUrl\":\"https:\\\/\\\/canonm5.com\\\/wp-content\\\/uploads\\\/2022\\\/12\\\/102204_1.jpg\",\"datePublished\":\"2022-12-21T15:09:30+00:00\",\"dateModified\":\"2023-01-09T15:00:18+00:00\",\"description\":\"Este mouse \u00f3ptico de viaje tiene un dise\u00f1o plano y moderno. Tiene 3 botones, incluida una rueda de desplazamiento de goma para navegar f\u00e1cilmente a trav\u00e9s de p\u00e1ginas web y \\\/ o documentos de gran tama\u00f1o. Tiene dimensiones de viaje reales y un cable retr\u00e1ctil que lo hace ideal para llevarlo a donde quiera que vaya.\",\"breadcrumb\":{\"@id\":\"https:\\\/\\\/canonm5.com\\\/index.php\\\/producto\\\/equip-raton-usb-con-cable-retractil-1000dpi-3-botones-uso-ambidiestro-color-negro\\\/#breadcrumb\"},\"inLanguage\":\"es\",\"potentialAction\":[{\"@type\":\"ReadAction\",\"target\":[\"https:\\\/\\\/canonm5.com\\\/index.php\\\/producto\\\/equip-raton-usb-con-cable-retractil-1000dpi-3-botones-uso-ambidiestro-color-negro\\\/\"]}]},{\"@type\":\"ImageObject\",\"inLanguage\":\"es\",\"@id\":\"https:\\\/\\\/canonm5.com\\\/index.php\\\/producto\\\/equip-raton-usb-con-cable-retractil-1000dpi-3-botones-uso-ambidiestro-color-negro\\\/#primaryimage\",\"url\":\"https:\\\/\\\/canonm5.com\\\/wp-content\\\/uploads\\\/2022\\\/12\\\/102204_1.jpg\",\"contentUrl\":\"https:\\\/\\\/canonm5.com\\\/wp-content\\\/uploads\\\/2022\\\/12\\\/102204_1.jpg\",\"width\":560,\"height\":400},{\"@type\":\"BreadcrumbList\",\"@id\":\"https:\\\/\\\/canonm5.com\\\/index.php\\\/producto\\\/equip-raton-usb-con-cable-retractil-1000dpi-3-botones-uso-ambidiestro-color-negro\\\/#breadcrumb\",\"itemListElement\":[{\"@type\":\"ListItem\",\"position\":1,\"name\":\"Portada\",\"item\":\"https:\\\/\\\/canonm5.com\\\/\"},{\"@type\":\"ListItem\",\"position\":2,\"name\":\"Nuestros productos\",\"item\":\"https:\\\/\\\/canonm5.com\\\/index.php\\\/productos\\\/\"},{\"@type\":\"ListItem\",\"position\":3,\"name\":\"Equip Raton USB con Cable Retractil 1000dpi &#8211; 3 Botones &#8211; Uso ambidiestro &#8211; Color Negro\"}]},{\"@type\":\"WebSite\",\"@id\":\"https:\\\/\\\/canonm5.com\\\/#website\",\"url\":\"https:\\\/\\\/canonm5.com\\\/\",\"name\":\"Canon M5 Madrid | Distribuidor oficial Canon\",\"description\":\"Renting de impresoras para empresas\",\"potentialAction\":[{\"@type\":\"SearchAction\",\"target\":{\"@type\":\"EntryPoint\",\"urlTemplate\":\"https:\\\/\\\/canonm5.com\\\/?s={search_term_string}\"},\"query-input\":{\"@type\":\"PropertyValueSpecification\",\"valueRequired\":true,\"valueName\":\"search_term_string\"}}],\"inLanguage\":\"es\"}]}<\/script>\n<!-- \/ Yoast SEO plugin. -->","yoast_head_json":{"title":"Equip Raton USB con Cable Retractil 1000dpi - 3 Botones - Uso ambidiestro - Color Negro - Canon M5 Madrid | Distribuidor oficial Canon","description":"Este mouse \u00f3ptico de viaje tiene un dise\u00f1o plano y moderno. Tiene 3 botones, incluida una rueda de desplazamiento de goma para navegar f\u00e1cilmente a trav\u00e9s de p\u00e1ginas web y \/ o documentos de gran tama\u00f1o. Tiene dimensiones de viaje reales y un cable retr\u00e1ctil que lo hace ideal para llevarlo a donde quiera que vaya.","robots":{"index":"index","follow":"follow","max-snippet":"max-snippet:-1","max-image-preview":"max-image-preview:large","max-video-preview":"max-video-preview:-1"},"canonical":"https:\/\/canonm5.com\/index.php\/producto\/equip-raton-usb-con-cable-retractil-1000dpi-3-botones-uso-ambidiestro-color-negro\/","og_locale":"es_ES","og_type":"article","og_title":"Equip Raton USB con Cable Retractil 1000dpi - 3 Botones - Uso ambidiestro - Color Negro - Canon M5 Madrid | Distribuidor oficial Canon","og_description":"Este mouse \u00f3ptico de viaje tiene un dise\u00f1o plano y moderno. Tiene 3 botones, incluida una rueda de desplazamiento de goma para navegar f\u00e1cilmente a trav\u00e9s de p\u00e1ginas web y \/ o documentos de gran tama\u00f1o. Tiene dimensiones de viaje reales y un cable retr\u00e1ctil que lo hace ideal para llevarlo a donde quiera que vaya.","og_url":"https:\/\/canonm5.com\/index.php\/producto\/equip-raton-usb-con-cable-retractil-1000dpi-3-botones-uso-ambidiestro-color-negro\/","og_site_name":"Canon M5 Madrid | Distribuidor oficial Canon","article_modified_time":"2023-01-09T15:00:18+00:00","og_image":[{"width":560,"height":400,"url":"https:\/\/canonm5.com\/wp-content\/uploads\/2022\/12\/102204_1.jpg","type":"image\/jpeg"}],"twitter_card":"summary_large_image","twitter_misc":{"Tiempo de lectura":"1 minuto"},"schema":{"@context":"https:\/\/schema.org","@graph":[{"@type":"WebPage","@id":"https:\/\/canonm5.com\/index.php\/producto\/equip-raton-usb-con-cable-retractil-1000dpi-3-botones-uso-ambidiestro-color-negro\/","url":"https:\/\/canonm5.com\/index.php\/producto\/equip-raton-usb-con-cable-retractil-1000dpi-3-botones-uso-ambidiestro-color-negro\/","name":"Equip Raton USB con Cable Retractil 1000dpi - 3 Botones - Uso ambidiestro - Color Negro - Canon M5 Madrid | Distribuidor oficial Canon","isPartOf":{"@id":"https:\/\/canonm5.com\/#website"},"primaryImageOfPage":{"@id":"https:\/\/canonm5.com\/index.php\/producto\/equip-raton-usb-con-cable-retractil-1000dpi-3-botones-uso-ambidiestro-color-negro\/#primaryimage"},"image":{"@id":"https:\/\/canonm5.com\/index.php\/producto\/equip-raton-usb-con-cable-retractil-1000dpi-3-botones-uso-ambidiestro-color-negro\/#primaryimage"},"thumbnailUrl":"https:\/\/canonm5.com\/wp-content\/uploads\/2022\/12\/102204_1.jpg","datePublished":"2022-12-21T15:09:30+00:00","dateModified":"2023-01-09T15:00:18+00:00","description":"Este mouse \u00f3ptico de viaje tiene un dise\u00f1o plano y moderno. Tiene 3 botones, incluida una rueda de desplazamiento de goma para navegar f\u00e1cilmente a trav\u00e9s de p\u00e1ginas web y \/ o documentos de gran tama\u00f1o. Tiene dimensiones de viaje reales y un cable retr\u00e1ctil que lo hace ideal para llevarlo a donde quiera que vaya.","breadcrumb":{"@id":"https:\/\/canonm5.com\/index.php\/producto\/equip-raton-usb-con-cable-retractil-1000dpi-3-botones-uso-ambidiestro-color-negro\/#breadcrumb"},"inLanguage":"es","potentialAction":[{"@type":"ReadAction","target":["https:\/\/canonm5.com\/index.php\/producto\/equip-raton-usb-con-cable-retractil-1000dpi-3-botones-uso-ambidiestro-color-negro\/"]}]},{"@type":"ImageObject","inLanguage":"es","@id":"https:\/\/canonm5.com\/index.php\/producto\/equip-raton-usb-con-cable-retractil-1000dpi-3-botones-uso-ambidiestro-color-negro\/#primaryimage","url":"https:\/\/canonm5.com\/wp-content\/uploads\/2022\/12\/102204_1.jpg","contentUrl":"https:\/\/canonm5.com\/wp-content\/uploads\/2022\/12\/102204_1.jpg","width":560,"height":400},{"@type":"BreadcrumbList","@id":"https:\/\/canonm5.com\/index.php\/producto\/equip-raton-usb-con-cable-retractil-1000dpi-3-botones-uso-ambidiestro-color-negro\/#breadcrumb","itemListElement":[{"@type":"ListItem","position":1,"name":"Portada","item":"https:\/\/canonm5.com\/"},{"@type":"ListItem","position":2,"name":"Nuestros productos","item":"https:\/\/canonm5.com\/index.php\/productos\/"},{"@type":"ListItem","position":3,"name":"Equip Raton USB con Cable Retractil 1000dpi &#8211; 3 Botones &#8211; Uso ambidiestro &#8211; Color Negro"}]},{"@type":"WebSite","@id":"https:\/\/canonm5.com\/#website","url":"https:\/\/canonm5.com\/","name":"Canon M5 Madrid | Distribuidor oficial Canon","description":"Renting de impresoras para empresas","potentialAction":[{"@type":"SearchAction","target":{"@type":"EntryPoint","urlTemplate":"https:\/\/canonm5.com\/?s={search_term_string}"},"query-input":{"@type":"PropertyValueSpecification","valueRequired":true,"valueName":"search_term_string"}}],"inLanguage":"es"}]}},"_links":{"self":[{"href":"https:\/\/canonm5.com\/index.php\/wp-json\/wp\/v2\/product\/5114","targetHints":{"allow":["GET"]}}],"collection":[{"href":"https:\/\/canonm5.com\/index.php\/wp-json\/wp\/v2\/product"}],"about":[{"href":"https:\/\/canonm5.com\/index.php\/wp-json\/wp\/v2\/types\/product"}],"wp:featuredmedia":[{"embeddable":true,"href":"https:\/\/canonm5.com\/index.php\/wp-json\/wp\/v2\/media\/5115"}],"wp:attachment":[{"href":"https:\/\/canonm5.com\/index.php\/wp-json\/wp\/v2\/media?parent=5114"}],"wp:term":[{"taxonomy":"product_cat","embeddable":true,"href":"https:\/\/canonm5.com\/index.php\/wp-json\/wp\/v2\/product_cat?post=5114"},{"taxonomy":"product_tag","embeddable":true,"href":"https:\/\/canonm5.com\/index.php\/wp-json\/wp\/v2\/product_tag?post=5114"}],"curies":[{"name":"wp","href":"https:\/\/api.w.org\/{rel}","templated":true}]}}