{"id":5109,"date":"2022-12-21T14:57:46","date_gmt":"2022-12-21T14:57:46","guid":{"rendered":"https:\/\/canonm5.com\/?post_type=product&#038;p=5109"},"modified":"2022-12-21T15:05:34","modified_gmt":"2022-12-21T15:05:34","slug":"l-link-raton-usb-2-0-3-botones-uso-ambidiestro","status":"publish","type":"product","link":"https:\/\/canonm5.com\/index.php\/producto\/l-link-raton-usb-2-0-3-botones-uso-ambidiestro\/","title":{"rendered":"L-Link Raton USB 2.0 &#8211; 3 Botones &#8211; Uso Ambidiestro"},"content":{"rendered":"<p>Con este rat\u00f3n \u00f3ptico LL-2081 disfrutar\u00e1 de una c\u00f3moda herramienta para su ordenador. Incluye una rueda de desplazamiento para subir y bajar con total suavidad. Gracias a su dise\u00f1o ergon\u00f3mico, este rat\u00f3n es apto para usuarios zurdos y diestros.<\/p>\n<p>Especificaciones:<\/p>\n<p>-Zurdo \/ diestro: Ambos<br \/>\n-Botones del rat\u00f3n: 2<br \/>\n-Rueda de desplazamiento: Si<br \/>\n-USB: USB 2.0<\/p>\n<p>&nbsp;<\/p>\n<p><em>E.O. Madrid Cinco S.L., no se responsabiliza de posibles errores tipogr\u00e1ficos y de precio. Las fotograf\u00edas de los productos pueden sufrir cambios<\/em><\/p>\n","protected":false},"excerpt":{"rendered":"<p>Con este rat\u00f3n \u00f3ptico LL-2081 disfrutar\u00e1 de una c\u00f3moda herramienta para su ordenador. Incluye una rueda de desplazamiento para subir y bajar con total suavidad. Gracias a su dise\u00f1o ergon\u00f3mico, este rat\u00f3n es apto para usuarios zurdos y diestros.<\/p>\n<p>Especificaciones:<\/p>\n<p>-Zurdo \/ diestro: Ambos<br \/>\n-Botones del rat\u00f3n: 2<br \/>\n-Rueda de desplazamiento: Si<br \/>\n-USB: USB 2.0<\/p>\n","protected":false},"featured_media":5110,"template":"","meta":{"_et_pb_use_builder":"","_et_pb_old_content":"","_et_gb_content_width":"","_joinchat":[]},"product_cat":[801,793],"product_tag":[1632,1631,993],"class_list":{"0":"post-5109","1":"product","2":"type-product","3":"status-publish","4":"has-post-thumbnail","6":"product_cat-informatica","7":"product_cat-teclados","8":"product_tag-ll2081","9":"product_tag-optico","10":"product_tag-raton","12":"first","13":"instock","14":"taxable","15":"shipping-taxable","16":"purchasable","17":"product-type-simple"},"yoast_head":"<!-- This site is optimized with the Yoast SEO plugin v27.4 - https:\/\/yoast.com\/product\/yoast-seo-wordpress\/ -->\n<title>L-Link Raton USB 2.0 - 3 Botones - Uso Ambidiestro - Canon M5 Madrid | Distribuidor oficial Canon<\/title>\n<meta name=\"description\" content=\"Con este rat\u00f3n \u00f3ptico LL-2081 disfrutar\u00e1 de una c\u00f3moda herramienta para su ordenador. Incluye una rueda de desplazamiento para subir y bajar con total suavidad. Gracias a su dise\u00f1o ergon\u00f3mico, este rat\u00f3n es apto para usuarios zurdos y diestros.\" \/>\n<meta name=\"robots\" content=\"index, follow, max-snippet:-1, max-image-preview:large, max-video-preview:-1\" \/>\n<link rel=\"canonical\" href=\"https:\/\/canonm5.com\/index.php\/producto\/l-link-raton-usb-2-0-3-botones-uso-ambidiestro\/\" \/>\n<meta property=\"og:locale\" content=\"es_ES\" \/>\n<meta property=\"og:type\" content=\"article\" \/>\n<meta property=\"og:title\" content=\"L-Link Raton USB 2.0 - 3 Botones - Uso Ambidiestro - Canon M5 Madrid | Distribuidor oficial Canon\" \/>\n<meta property=\"og:description\" content=\"Con este rat\u00f3n \u00f3ptico LL-2081 disfrutar\u00e1 de una c\u00f3moda herramienta para su ordenador. Incluye una rueda de desplazamiento para subir y bajar con total suavidad. Gracias a su dise\u00f1o ergon\u00f3mico, este rat\u00f3n es apto para usuarios zurdos y diestros.\" \/>\n<meta property=\"og:url\" content=\"https:\/\/canonm5.com\/index.php\/producto\/l-link-raton-usb-2-0-3-botones-uso-ambidiestro\/\" \/>\n<meta property=\"og:site_name\" content=\"Canon M5 Madrid | Distribuidor oficial Canon\" \/>\n<meta property=\"article:modified_time\" content=\"2022-12-21T15:05:34+00:00\" \/>\n<meta property=\"og:image\" content=\"https:\/\/canonm5.com\/wp-content\/uploads\/2022\/12\/176511_2.jpg\" \/>\n\t<meta property=\"og:image:width\" content=\"530\" \/>\n\t<meta property=\"og:image:height\" content=\"530\" \/>\n\t<meta property=\"og:image:type\" content=\"image\/jpeg\" \/>\n<meta name=\"twitter:card\" content=\"summary_large_image\" \/>\n<script type=\"application\/ld+json\" class=\"yoast-schema-graph\">{\"@context\":\"https:\\\/\\\/schema.org\",\"@graph\":[{\"@type\":\"WebPage\",\"@id\":\"https:\\\/\\\/canonm5.com\\\/index.php\\\/producto\\\/l-link-raton-usb-2-0-3-botones-uso-ambidiestro\\\/\",\"url\":\"https:\\\/\\\/canonm5.com\\\/index.php\\\/producto\\\/l-link-raton-usb-2-0-3-botones-uso-ambidiestro\\\/\",\"name\":\"L-Link Raton USB 2.0 - 3 Botones - Uso Ambidiestro - Canon M5 Madrid | Distribuidor oficial Canon\",\"isPartOf\":{\"@id\":\"https:\\\/\\\/canonm5.com\\\/#website\"},\"primaryImageOfPage\":{\"@id\":\"https:\\\/\\\/canonm5.com\\\/index.php\\\/producto\\\/l-link-raton-usb-2-0-3-botones-uso-ambidiestro\\\/#primaryimage\"},\"image\":{\"@id\":\"https:\\\/\\\/canonm5.com\\\/index.php\\\/producto\\\/l-link-raton-usb-2-0-3-botones-uso-ambidiestro\\\/#primaryimage\"},\"thumbnailUrl\":\"https:\\\/\\\/canonm5.com\\\/wp-content\\\/uploads\\\/2022\\\/12\\\/176511_2.jpg\",\"datePublished\":\"2022-12-21T14:57:46+00:00\",\"dateModified\":\"2022-12-21T15:05:34+00:00\",\"description\":\"Con este rat\u00f3n \u00f3ptico LL-2081 disfrutar\u00e1 de una c\u00f3moda herramienta para su ordenador. Incluye una rueda de desplazamiento para subir y bajar con total suavidad. Gracias a su dise\u00f1o ergon\u00f3mico, este rat\u00f3n es apto para usuarios zurdos y diestros.\",\"breadcrumb\":{\"@id\":\"https:\\\/\\\/canonm5.com\\\/index.php\\\/producto\\\/l-link-raton-usb-2-0-3-botones-uso-ambidiestro\\\/#breadcrumb\"},\"inLanguage\":\"es\",\"potentialAction\":[{\"@type\":\"ReadAction\",\"target\":[\"https:\\\/\\\/canonm5.com\\\/index.php\\\/producto\\\/l-link-raton-usb-2-0-3-botones-uso-ambidiestro\\\/\"]}]},{\"@type\":\"ImageObject\",\"inLanguage\":\"es\",\"@id\":\"https:\\\/\\\/canonm5.com\\\/index.php\\\/producto\\\/l-link-raton-usb-2-0-3-botones-uso-ambidiestro\\\/#primaryimage\",\"url\":\"https:\\\/\\\/canonm5.com\\\/wp-content\\\/uploads\\\/2022\\\/12\\\/176511_2.jpg\",\"contentUrl\":\"https:\\\/\\\/canonm5.com\\\/wp-content\\\/uploads\\\/2022\\\/12\\\/176511_2.jpg\",\"width\":530,\"height\":530},{\"@type\":\"BreadcrumbList\",\"@id\":\"https:\\\/\\\/canonm5.com\\\/index.php\\\/producto\\\/l-link-raton-usb-2-0-3-botones-uso-ambidiestro\\\/#breadcrumb\",\"itemListElement\":[{\"@type\":\"ListItem\",\"position\":1,\"name\":\"Portada\",\"item\":\"https:\\\/\\\/canonm5.com\\\/\"},{\"@type\":\"ListItem\",\"position\":2,\"name\":\"Nuestros productos\",\"item\":\"https:\\\/\\\/canonm5.com\\\/index.php\\\/productos\\\/\"},{\"@type\":\"ListItem\",\"position\":3,\"name\":\"L-Link Raton USB 2.0 &#8211; 3 Botones &#8211; Uso Ambidiestro\"}]},{\"@type\":\"WebSite\",\"@id\":\"https:\\\/\\\/canonm5.com\\\/#website\",\"url\":\"https:\\\/\\\/canonm5.com\\\/\",\"name\":\"Canon M5 Madrid | Distribuidor oficial Canon\",\"description\":\"Renting de impresoras para empresas\",\"potentialAction\":[{\"@type\":\"SearchAction\",\"target\":{\"@type\":\"EntryPoint\",\"urlTemplate\":\"https:\\\/\\\/canonm5.com\\\/?s={search_term_string}\"},\"query-input\":{\"@type\":\"PropertyValueSpecification\",\"valueRequired\":true,\"valueName\":\"search_term_string\"}}],\"inLanguage\":\"es\"}]}<\/script>\n<!-- \/ Yoast SEO plugin. -->","yoast_head_json":{"title":"L-Link Raton USB 2.0 - 3 Botones - Uso Ambidiestro - Canon M5 Madrid | Distribuidor oficial Canon","description":"Con este rat\u00f3n \u00f3ptico LL-2081 disfrutar\u00e1 de una c\u00f3moda herramienta para su ordenador. Incluye una rueda de desplazamiento para subir y bajar con total suavidad. Gracias a su dise\u00f1o ergon\u00f3mico, este rat\u00f3n es apto para usuarios zurdos y diestros.","robots":{"index":"index","follow":"follow","max-snippet":"max-snippet:-1","max-image-preview":"max-image-preview:large","max-video-preview":"max-video-preview:-1"},"canonical":"https:\/\/canonm5.com\/index.php\/producto\/l-link-raton-usb-2-0-3-botones-uso-ambidiestro\/","og_locale":"es_ES","og_type":"article","og_title":"L-Link Raton USB 2.0 - 3 Botones - Uso Ambidiestro - Canon M5 Madrid | Distribuidor oficial Canon","og_description":"Con este rat\u00f3n \u00f3ptico LL-2081 disfrutar\u00e1 de una c\u00f3moda herramienta para su ordenador. Incluye una rueda de desplazamiento para subir y bajar con total suavidad. Gracias a su dise\u00f1o ergon\u00f3mico, este rat\u00f3n es apto para usuarios zurdos y diestros.","og_url":"https:\/\/canonm5.com\/index.php\/producto\/l-link-raton-usb-2-0-3-botones-uso-ambidiestro\/","og_site_name":"Canon M5 Madrid | Distribuidor oficial Canon","article_modified_time":"2022-12-21T15:05:34+00:00","og_image":[{"width":530,"height":530,"url":"https:\/\/canonm5.com\/wp-content\/uploads\/2022\/12\/176511_2.jpg","type":"image\/jpeg"}],"twitter_card":"summary_large_image","schema":{"@context":"https:\/\/schema.org","@graph":[{"@type":"WebPage","@id":"https:\/\/canonm5.com\/index.php\/producto\/l-link-raton-usb-2-0-3-botones-uso-ambidiestro\/","url":"https:\/\/canonm5.com\/index.php\/producto\/l-link-raton-usb-2-0-3-botones-uso-ambidiestro\/","name":"L-Link Raton USB 2.0 - 3 Botones - Uso Ambidiestro - Canon M5 Madrid | Distribuidor oficial Canon","isPartOf":{"@id":"https:\/\/canonm5.com\/#website"},"primaryImageOfPage":{"@id":"https:\/\/canonm5.com\/index.php\/producto\/l-link-raton-usb-2-0-3-botones-uso-ambidiestro\/#primaryimage"},"image":{"@id":"https:\/\/canonm5.com\/index.php\/producto\/l-link-raton-usb-2-0-3-botones-uso-ambidiestro\/#primaryimage"},"thumbnailUrl":"https:\/\/canonm5.com\/wp-content\/uploads\/2022\/12\/176511_2.jpg","datePublished":"2022-12-21T14:57:46+00:00","dateModified":"2022-12-21T15:05:34+00:00","description":"Con este rat\u00f3n \u00f3ptico LL-2081 disfrutar\u00e1 de una c\u00f3moda herramienta para su ordenador. Incluye una rueda de desplazamiento para subir y bajar con total suavidad. Gracias a su dise\u00f1o ergon\u00f3mico, este rat\u00f3n es apto para usuarios zurdos y diestros.","breadcrumb":{"@id":"https:\/\/canonm5.com\/index.php\/producto\/l-link-raton-usb-2-0-3-botones-uso-ambidiestro\/#breadcrumb"},"inLanguage":"es","potentialAction":[{"@type":"ReadAction","target":["https:\/\/canonm5.com\/index.php\/producto\/l-link-raton-usb-2-0-3-botones-uso-ambidiestro\/"]}]},{"@type":"ImageObject","inLanguage":"es","@id":"https:\/\/canonm5.com\/index.php\/producto\/l-link-raton-usb-2-0-3-botones-uso-ambidiestro\/#primaryimage","url":"https:\/\/canonm5.com\/wp-content\/uploads\/2022\/12\/176511_2.jpg","contentUrl":"https:\/\/canonm5.com\/wp-content\/uploads\/2022\/12\/176511_2.jpg","width":530,"height":530},{"@type":"BreadcrumbList","@id":"https:\/\/canonm5.com\/index.php\/producto\/l-link-raton-usb-2-0-3-botones-uso-ambidiestro\/#breadcrumb","itemListElement":[{"@type":"ListItem","position":1,"name":"Portada","item":"https:\/\/canonm5.com\/"},{"@type":"ListItem","position":2,"name":"Nuestros productos","item":"https:\/\/canonm5.com\/index.php\/productos\/"},{"@type":"ListItem","position":3,"name":"L-Link Raton USB 2.0 &#8211; 3 Botones &#8211; Uso Ambidiestro"}]},{"@type":"WebSite","@id":"https:\/\/canonm5.com\/#website","url":"https:\/\/canonm5.com\/","name":"Canon M5 Madrid | Distribuidor oficial Canon","description":"Renting de impresoras para empresas","potentialAction":[{"@type":"SearchAction","target":{"@type":"EntryPoint","urlTemplate":"https:\/\/canonm5.com\/?s={search_term_string}"},"query-input":{"@type":"PropertyValueSpecification","valueRequired":true,"valueName":"search_term_string"}}],"inLanguage":"es"}]}},"_links":{"self":[{"href":"https:\/\/canonm5.com\/index.php\/wp-json\/wp\/v2\/product\/5109","targetHints":{"allow":["GET"]}}],"collection":[{"href":"https:\/\/canonm5.com\/index.php\/wp-json\/wp\/v2\/product"}],"about":[{"href":"https:\/\/canonm5.com\/index.php\/wp-json\/wp\/v2\/types\/product"}],"wp:featuredmedia":[{"embeddable":true,"href":"https:\/\/canonm5.com\/index.php\/wp-json\/wp\/v2\/media\/5110"}],"wp:attachment":[{"href":"https:\/\/canonm5.com\/index.php\/wp-json\/wp\/v2\/media?parent=5109"}],"wp:term":[{"taxonomy":"product_cat","embeddable":true,"href":"https:\/\/canonm5.com\/index.php\/wp-json\/wp\/v2\/product_cat?post=5109"},{"taxonomy":"product_tag","embeddable":true,"href":"https:\/\/canonm5.com\/index.php\/wp-json\/wp\/v2\/product_tag?post=5109"}],"curies":[{"name":"wp","href":"https:\/\/api.w.org\/{rel}","templated":true}]}}