{"id":5071,"date":"2022-12-20T10:38:35","date_gmt":"2022-12-20T10:38:35","guid":{"rendered":"https:\/\/canonm5.com\/?post_type=product&#038;p=5071"},"modified":"2023-05-30T09:15:14","modified_gmt":"2023-05-30T09:15:14","slug":"reloj-smartwatch-oppo-watch-free-oro-vainilla-1-64-bluetooth","status":"publish","type":"product","link":"https:\/\/canonm5.com\/index.php\/producto\/reloj-smartwatch-oppo-watch-free-oro-vainilla-1-64-bluetooth\/","title":{"rendered":"RELOJ SMARTWATCH OPPO WATCH FREE ORO VAINILLA 1.64&#8243; BLUETOOTH"},"content":{"rendered":"<p>Especificaciones OPPO Watch Free Smartwatch Vainilla Oro<\/p>\n<p>Marca OPPO<br \/>\nModelo 6207055<br \/>\nCaracter\u00edsticas &#8211; Dimensiones: 46,0&#215;29,7&#215;10,6mm<br \/>\n&#8211; Peso: 20,9g sin correa<br \/>\n&#8211; Material Delantero: Cristal 2,5D \/ Trasero: PC<br \/>\n&#8211; Botones: No<br \/>\n&#8211; Pantalla: AMOLED 1,64 (280 x 456)<br \/>\n&#8211; Bater\u00eda: 320mAh<br \/>\n&#8211; Carga: 5V 500mA o superior<br \/>\n&#8211; M\u00e9todo de carga: Cargador magn\u00e9tico<br \/>\n&#8211; Duraci\u00f3n bater\u00eda (uso t\u00edpico): 14 d\u00edas te\u00f3ricos<br \/>\n&#8211; SO soportado: Android 6.0 \/ IOS 10 o superior<br \/>\n&#8211; Procesador: ST32L4R9 + Apolo 3,5<br \/>\n&#8211; Memoria: 128MB<br \/>\n&#8211; Bluetooth: 5.0<br \/>\n&#8211; Sensores<br \/>\nAceler\u00f3metro 6-Axis<br \/>\nPuls\u00f3metro<br \/>\nSpO2<br \/>\nSensor de luz ambiente.<br \/>\n&#8211; Modos de deporte: +100<br \/>\n&#8211; Funciones de monitoreo<br \/>\nSpO2 continuo<br \/>\nMonitoreo y an\u00e1lisis del sue\u00f1o<br \/>\nFrecuencia card\u00edaca en tiempo real<br \/>\nActividad diaria<br \/>\nRecordatorios para levantarse<br \/>\nDetecci\u00f3n de apnea<br \/>\nVo2max<br \/>\n&#8211; Resistencia al agua: 50 metros<br \/>\n&#8211; Otras caracter\u00edsticas<br \/>\nNotificaci\u00f3n de mensajes<br \/>\nNotificaci\u00f3n de llamadas entrantes<br \/>\nRechazar llamadas, Temporizador<br \/>\nTiempo<br \/>\nControl de m\u00fasica<br \/>\nControl de c\u00e1mara<br \/>\nEncontrar mi Smartphone<br \/>\nContenido de la caja<br \/>\n&#8211; OPPO Watch Free<br \/>\n&#8211; Correa<br \/>\n&#8211; Base de carga<\/p>\n<p>&nbsp;<\/p>\n<p><em>E.O. Madrid Cinco S.L., no se responsabiliza de posibles errores tipogr\u00e1ficos y de precio. Las fotograf\u00edas de los productos pueden sufrir cambios<\/em><\/p>\n<p><strong>\u00a0<\/strong><\/p>\n","protected":false},"excerpt":{"rendered":"<p>specificaciones OPPO Watch Free Smartwatch Vainilla Oro<\/p>\n<p>Marca OPPO<br \/>\nModelo 6207055<br \/>\nCaracter\u00edsticas &#8211; Dimensiones: 46,0&#215;29,7&#215;10,6mm<br \/>\n&#8211; Peso: 20,9g sin correa<br \/>\n&#8211; Material Delantero: Cristal 2,5D \/ Trasero: PC<br \/>\n&#8211; Botones: No<br \/>\n&#8211; Pantalla: AMOLED 1,64 (280 x 456)<br \/>\n&#8211; Bater\u00eda: 320mAh<br \/>\n&#8211; Carga: 5V 500mA o superior<br \/>\n&#8211; M\u00e9todo de carga: Cargador magn\u00e9tico<br \/>\n&#8211; Duraci\u00f3n bater\u00eda (uso t\u00edpico): 14 d\u00edas te\u00f3ricos<br \/>\n&#8211; SO soportado: Android 6.0 \/ IOS 10 o superior<br \/>\n&#8211; Procesador: ST32L4R9 + Apolo 3,5<br \/>\n&#8211; Memoria: 128MB<br \/>\n&#8211; Bluetooth: 5.0<br \/>\n&#8211; Sensores<br \/>\nAceler\u00f3metro 6-Axis<br \/>\nPuls\u00f3metro<br \/>\nSpO2<br \/>\nSensor de luz ambiente.<br \/>\n&#8211; Modos de deporte: +100<br \/>\n&#8211; Funciones de monitoreo<br \/>\nSpO2 continuo<br \/>\nMonitoreo y an\u00e1lisis del sue\u00f1o<br \/>\nFrecuencia card\u00edaca en tiempo real<br \/>\nActividad diaria<br \/>\nRecordatorios para levantarse<br \/>\nDetecci\u00f3n de apnea<br \/>\nVo2max<br \/>\n&#8211; Resistencia al agua: 50 metros<br \/>\n&#8211; Otras caracter\u00edsticas<br \/>\nNotificaci\u00f3n de mensajes<br \/>\nNotificaci\u00f3n de llamadas entrantes<br \/>\nRechazar llamadas, Temporizador<br \/>\nTiempo<br \/>\nControl de m\u00fasica<br \/>\nControl de c\u00e1mara<br \/>\nEncontrar mi Smartphone<br \/>\nContenido de la caja<br \/>\n&#8211; OPPO Watch Free<br \/>\n&#8211; Correa<br \/>\n&#8211; Base de carga<\/p>\n","protected":false},"featured_media":5072,"template":"","meta":{"_et_pb_use_builder":"","_et_pb_old_content":"","_et_gb_content_width":"","_joinchat":[]},"product_cat":[801,1021],"product_tag":[1619,1024,1025,1618],"class_list":{"0":"post-5071","1":"product","2":"type-product","3":"status-publish","4":"has-post-thumbnail","6":"product_cat-informatica","7":"product_cat-smartwatch","8":"product_tag-free","9":"product_tag-reloj","10":"product_tag-smartwatch","11":"product_tag-watch","13":"first","14":"instock","15":"taxable","16":"shipping-taxable","17":"purchasable","18":"product-type-simple"},"yoast_head":"<!-- This site is optimized with the Yoast SEO plugin v27.4 - https:\/\/yoast.com\/product\/yoast-seo-wordpress\/ -->\n<title>RELOJ SMARTWATCH OPPO WATCH FREE ORO VAINILLA 1.64&quot; BLUETOOTH - Canon M5 Madrid | Distribuidor oficial Canon<\/title>\n<meta name=\"description\" content=\"Marca OPPOModelo 6207055Caracter\u00edsticas - Dimensiones: 46,0x29,7x10,6mm- Peso: 20,9g sin correa\" \/>\n<meta name=\"robots\" content=\"index, follow, max-snippet:-1, max-image-preview:large, max-video-preview:-1\" \/>\n<link rel=\"canonical\" href=\"https:\/\/canonm5.com\/index.php\/producto\/reloj-smartwatch-oppo-watch-free-oro-vainilla-1-64-bluetooth\/\" \/>\n<meta property=\"og:locale\" content=\"es_ES\" \/>\n<meta property=\"og:type\" content=\"article\" \/>\n<meta property=\"og:title\" content=\"RELOJ SMARTWATCH OPPO WATCH FREE ORO VAINILLA 1.64&quot; BLUETOOTH - Canon M5 Madrid | Distribuidor oficial Canon\" \/>\n<meta property=\"og:description\" content=\"Marca OPPOModelo 6207055Caracter\u00edsticas - Dimensiones: 46,0x29,7x10,6mm- Peso: 20,9g sin correa\" \/>\n<meta property=\"og:url\" content=\"https:\/\/canonm5.com\/index.php\/producto\/reloj-smartwatch-oppo-watch-free-oro-vainilla-1-64-bluetooth\/\" \/>\n<meta property=\"og:site_name\" content=\"Canon M5 Madrid | Distribuidor oficial Canon\" \/>\n<meta property=\"article:modified_time\" content=\"2023-05-30T09:15:14+00:00\" \/>\n<meta property=\"og:image\" content=\"https:\/\/canonm5.com\/wp-content\/uploads\/2022\/12\/DSP0000007885-0.jpg\" \/>\n\t<meta property=\"og:image:width\" content=\"400\" \/>\n\t<meta property=\"og:image:height\" content=\"400\" \/>\n\t<meta property=\"og:image:type\" content=\"image\/jpeg\" \/>\n<meta name=\"twitter:card\" content=\"summary_large_image\" \/>\n<meta name=\"twitter:label1\" content=\"Tiempo de lectura\" \/>\n\t<meta name=\"twitter:data1\" content=\"1 minuto\" \/>\n<script type=\"application\/ld+json\" class=\"yoast-schema-graph\">{\"@context\":\"https:\\\/\\\/schema.org\",\"@graph\":[{\"@type\":\"WebPage\",\"@id\":\"https:\\\/\\\/canonm5.com\\\/index.php\\\/producto\\\/reloj-smartwatch-oppo-watch-free-oro-vainilla-1-64-bluetooth\\\/\",\"url\":\"https:\\\/\\\/canonm5.com\\\/index.php\\\/producto\\\/reloj-smartwatch-oppo-watch-free-oro-vainilla-1-64-bluetooth\\\/\",\"name\":\"RELOJ SMARTWATCH OPPO WATCH FREE ORO VAINILLA 1.64\\\" BLUETOOTH - Canon M5 Madrid | Distribuidor oficial Canon\",\"isPartOf\":{\"@id\":\"https:\\\/\\\/canonm5.com\\\/#website\"},\"primaryImageOfPage\":{\"@id\":\"https:\\\/\\\/canonm5.com\\\/index.php\\\/producto\\\/reloj-smartwatch-oppo-watch-free-oro-vainilla-1-64-bluetooth\\\/#primaryimage\"},\"image\":{\"@id\":\"https:\\\/\\\/canonm5.com\\\/index.php\\\/producto\\\/reloj-smartwatch-oppo-watch-free-oro-vainilla-1-64-bluetooth\\\/#primaryimage\"},\"thumbnailUrl\":\"https:\\\/\\\/canonm5.com\\\/wp-content\\\/uploads\\\/2022\\\/12\\\/DSP0000007885-0.jpg\",\"datePublished\":\"2022-12-20T10:38:35+00:00\",\"dateModified\":\"2023-05-30T09:15:14+00:00\",\"description\":\"Marca OPPOModelo 6207055Caracter\u00edsticas - Dimensiones: 46,0x29,7x10,6mm- Peso: 20,9g sin correa\",\"breadcrumb\":{\"@id\":\"https:\\\/\\\/canonm5.com\\\/index.php\\\/producto\\\/reloj-smartwatch-oppo-watch-free-oro-vainilla-1-64-bluetooth\\\/#breadcrumb\"},\"inLanguage\":\"es\",\"potentialAction\":[{\"@type\":\"ReadAction\",\"target\":[\"https:\\\/\\\/canonm5.com\\\/index.php\\\/producto\\\/reloj-smartwatch-oppo-watch-free-oro-vainilla-1-64-bluetooth\\\/\"]}]},{\"@type\":\"ImageObject\",\"inLanguage\":\"es\",\"@id\":\"https:\\\/\\\/canonm5.com\\\/index.php\\\/producto\\\/reloj-smartwatch-oppo-watch-free-oro-vainilla-1-64-bluetooth\\\/#primaryimage\",\"url\":\"https:\\\/\\\/canonm5.com\\\/wp-content\\\/uploads\\\/2022\\\/12\\\/DSP0000007885-0.jpg\",\"contentUrl\":\"https:\\\/\\\/canonm5.com\\\/wp-content\\\/uploads\\\/2022\\\/12\\\/DSP0000007885-0.jpg\",\"width\":400,\"height\":400},{\"@type\":\"BreadcrumbList\",\"@id\":\"https:\\\/\\\/canonm5.com\\\/index.php\\\/producto\\\/reloj-smartwatch-oppo-watch-free-oro-vainilla-1-64-bluetooth\\\/#breadcrumb\",\"itemListElement\":[{\"@type\":\"ListItem\",\"position\":1,\"name\":\"Portada\",\"item\":\"https:\\\/\\\/canonm5.com\\\/\"},{\"@type\":\"ListItem\",\"position\":2,\"name\":\"Nuestros productos\",\"item\":\"https:\\\/\\\/canonm5.com\\\/index.php\\\/productos\\\/\"},{\"@type\":\"ListItem\",\"position\":3,\"name\":\"RELOJ SMARTWATCH OPPO WATCH FREE ORO VAINILLA 1.64&#8243; BLUETOOTH\"}]},{\"@type\":\"WebSite\",\"@id\":\"https:\\\/\\\/canonm5.com\\\/#website\",\"url\":\"https:\\\/\\\/canonm5.com\\\/\",\"name\":\"Canon M5 Madrid | Distribuidor oficial Canon\",\"description\":\"Renting de impresoras para empresas\",\"potentialAction\":[{\"@type\":\"SearchAction\",\"target\":{\"@type\":\"EntryPoint\",\"urlTemplate\":\"https:\\\/\\\/canonm5.com\\\/?s={search_term_string}\"},\"query-input\":{\"@type\":\"PropertyValueSpecification\",\"valueRequired\":true,\"valueName\":\"search_term_string\"}}],\"inLanguage\":\"es\"}]}<\/script>\n<!-- \/ Yoast SEO plugin. -->","yoast_head_json":{"title":"RELOJ SMARTWATCH OPPO WATCH FREE ORO VAINILLA 1.64\" BLUETOOTH - Canon M5 Madrid | Distribuidor oficial Canon","description":"Marca OPPOModelo 6207055Caracter\u00edsticas - Dimensiones: 46,0x29,7x10,6mm- Peso: 20,9g sin correa","robots":{"index":"index","follow":"follow","max-snippet":"max-snippet:-1","max-image-preview":"max-image-preview:large","max-video-preview":"max-video-preview:-1"},"canonical":"https:\/\/canonm5.com\/index.php\/producto\/reloj-smartwatch-oppo-watch-free-oro-vainilla-1-64-bluetooth\/","og_locale":"es_ES","og_type":"article","og_title":"RELOJ SMARTWATCH OPPO WATCH FREE ORO VAINILLA 1.64\" BLUETOOTH - Canon M5 Madrid | Distribuidor oficial Canon","og_description":"Marca OPPOModelo 6207055Caracter\u00edsticas - Dimensiones: 46,0x29,7x10,6mm- Peso: 20,9g sin correa","og_url":"https:\/\/canonm5.com\/index.php\/producto\/reloj-smartwatch-oppo-watch-free-oro-vainilla-1-64-bluetooth\/","og_site_name":"Canon M5 Madrid | Distribuidor oficial Canon","article_modified_time":"2023-05-30T09:15:14+00:00","og_image":[{"width":400,"height":400,"url":"https:\/\/canonm5.com\/wp-content\/uploads\/2022\/12\/DSP0000007885-0.jpg","type":"image\/jpeg"}],"twitter_card":"summary_large_image","twitter_misc":{"Tiempo de lectura":"1 minuto"},"schema":{"@context":"https:\/\/schema.org","@graph":[{"@type":"WebPage","@id":"https:\/\/canonm5.com\/index.php\/producto\/reloj-smartwatch-oppo-watch-free-oro-vainilla-1-64-bluetooth\/","url":"https:\/\/canonm5.com\/index.php\/producto\/reloj-smartwatch-oppo-watch-free-oro-vainilla-1-64-bluetooth\/","name":"RELOJ SMARTWATCH OPPO WATCH FREE ORO VAINILLA 1.64\" BLUETOOTH - Canon M5 Madrid | Distribuidor oficial Canon","isPartOf":{"@id":"https:\/\/canonm5.com\/#website"},"primaryImageOfPage":{"@id":"https:\/\/canonm5.com\/index.php\/producto\/reloj-smartwatch-oppo-watch-free-oro-vainilla-1-64-bluetooth\/#primaryimage"},"image":{"@id":"https:\/\/canonm5.com\/index.php\/producto\/reloj-smartwatch-oppo-watch-free-oro-vainilla-1-64-bluetooth\/#primaryimage"},"thumbnailUrl":"https:\/\/canonm5.com\/wp-content\/uploads\/2022\/12\/DSP0000007885-0.jpg","datePublished":"2022-12-20T10:38:35+00:00","dateModified":"2023-05-30T09:15:14+00:00","description":"Marca OPPOModelo 6207055Caracter\u00edsticas - Dimensiones: 46,0x29,7x10,6mm- Peso: 20,9g sin correa","breadcrumb":{"@id":"https:\/\/canonm5.com\/index.php\/producto\/reloj-smartwatch-oppo-watch-free-oro-vainilla-1-64-bluetooth\/#breadcrumb"},"inLanguage":"es","potentialAction":[{"@type":"ReadAction","target":["https:\/\/canonm5.com\/index.php\/producto\/reloj-smartwatch-oppo-watch-free-oro-vainilla-1-64-bluetooth\/"]}]},{"@type":"ImageObject","inLanguage":"es","@id":"https:\/\/canonm5.com\/index.php\/producto\/reloj-smartwatch-oppo-watch-free-oro-vainilla-1-64-bluetooth\/#primaryimage","url":"https:\/\/canonm5.com\/wp-content\/uploads\/2022\/12\/DSP0000007885-0.jpg","contentUrl":"https:\/\/canonm5.com\/wp-content\/uploads\/2022\/12\/DSP0000007885-0.jpg","width":400,"height":400},{"@type":"BreadcrumbList","@id":"https:\/\/canonm5.com\/index.php\/producto\/reloj-smartwatch-oppo-watch-free-oro-vainilla-1-64-bluetooth\/#breadcrumb","itemListElement":[{"@type":"ListItem","position":1,"name":"Portada","item":"https:\/\/canonm5.com\/"},{"@type":"ListItem","position":2,"name":"Nuestros productos","item":"https:\/\/canonm5.com\/index.php\/productos\/"},{"@type":"ListItem","position":3,"name":"RELOJ SMARTWATCH OPPO WATCH FREE ORO VAINILLA 1.64&#8243; BLUETOOTH"}]},{"@type":"WebSite","@id":"https:\/\/canonm5.com\/#website","url":"https:\/\/canonm5.com\/","name":"Canon M5 Madrid | Distribuidor oficial Canon","description":"Renting de impresoras para empresas","potentialAction":[{"@type":"SearchAction","target":{"@type":"EntryPoint","urlTemplate":"https:\/\/canonm5.com\/?s={search_term_string}"},"query-input":{"@type":"PropertyValueSpecification","valueRequired":true,"valueName":"search_term_string"}}],"inLanguage":"es"}]}},"_links":{"self":[{"href":"https:\/\/canonm5.com\/index.php\/wp-json\/wp\/v2\/product\/5071","targetHints":{"allow":["GET"]}}],"collection":[{"href":"https:\/\/canonm5.com\/index.php\/wp-json\/wp\/v2\/product"}],"about":[{"href":"https:\/\/canonm5.com\/index.php\/wp-json\/wp\/v2\/types\/product"}],"wp:featuredmedia":[{"embeddable":true,"href":"https:\/\/canonm5.com\/index.php\/wp-json\/wp\/v2\/media\/5072"}],"wp:attachment":[{"href":"https:\/\/canonm5.com\/index.php\/wp-json\/wp\/v2\/media?parent=5071"}],"wp:term":[{"taxonomy":"product_cat","embeddable":true,"href":"https:\/\/canonm5.com\/index.php\/wp-json\/wp\/v2\/product_cat?post=5071"},{"taxonomy":"product_tag","embeddable":true,"href":"https:\/\/canonm5.com\/index.php\/wp-json\/wp\/v2\/product_tag?post=5071"}],"curies":[{"name":"wp","href":"https:\/\/api.w.org\/{rel}","templated":true}]}}