{"id":5066,"date":"2022-12-20T10:27:58","date_gmt":"2022-12-20T10:27:58","guid":{"rendered":"https:\/\/canonm5.com\/?post_type=product&#038;p=5066"},"modified":"2022-12-23T11:23:18","modified_gmt":"2022-12-23T11:23:18","slug":"leotec-multisport-omena-reloj-smartwatch-pantalla-tactil-1-54-bluetooth-5-0-resistencia-al-agua-ip67","status":"publish","type":"product","link":"https:\/\/canonm5.com\/index.php\/producto\/leotec-multisport-omena-reloj-smartwatch-pantalla-tactil-1-54-bluetooth-5-0-resistencia-al-agua-ip67\/","title":{"rendered":"Leotec MultiSport Omena Reloj Smartwatch &#8211; Pantalla Tactil 1.54&#8243; &#8211; Bluetooth 5.0 &#8211; Resistencia al Agua IP67"},"content":{"rendered":"<p>Si eres de los que buscan un reloj inteligente y no se conforman con cualquier cosa, est\u00e1s de enhorabuena. Leotec presenta su nuevo Smartwatch MultiSport Omena, un fant\u00e1stico dispositivo inspirado en las \u00faltimas tendencias de la moda a nivel internacional y dise\u00f1ado incorporando la \u00faltima tecnolog\u00eda del mercado.<\/p>\n<p>Descubre como su espectacular panel t\u00e1ctil Full-Touch de 1.54\u201d es capaz de mostrar im\u00e1genes mucho m\u00e1s realistas gracias a sus 240\u00d7240 p\u00edxeles de resoluci\u00f3n. Un panel curvado sobre sus aristas muy resistente que encaja sobre una caja ultraslim que incorpora en su lateral derecho un bot\u00f3n rotatorio multifunci\u00f3n que d\u00e1 acceso a la ejecuci\u00f3n de diferentes acciones en la UI.<\/p>\n<p>Incorpora as\u00ed mismo, sensor din\u00e1mico de medici\u00f3n del ritmo card\u00edaco las 24 horas del d\u00eda capaz de registrar los latidos del coraz\u00f3n tanto en reposo como durante la pr\u00e1ctica de alguna actividad deportiva. As\u00ed mismo, viene preconfigurado con diferentes deportes (modo MultiSport) y cuenta con certificaci\u00f3n IP67, cron\u00f3metro, alarmas, modo antisedentarismo, pod\u00f3metro o contador de calor\u00edas quemadas entre otros.<\/p>\n<p>Un dispositivo con motor de vibraci\u00f3n para evitar ser molestados en determinados momentos que adem\u00e1s es capaz de mostrar notificaciones en pantalla provenientes de aplicaciones que tengamos instaladas en el tel\u00e9fono m\u00f3vil como WhatsApp, Facebook o Twitter entre otras muchas.<\/p>\n<p>Gracias a la tecnolog\u00eda de conexi\u00f3n Bluetooth 5.0 de bajo consumo, permite controlar de forma remota la c\u00e1mara del tel\u00e9fono m\u00f3vil as\u00ed como la lista musical de reproducci\u00f3n que tengamos configurada.<\/p>\n<p>Incorpora una bater\u00eda de 300mAh LiPo recargable y es compatible con dispositivos m\u00f3viles basados en Android 4.4 o versiones superiores e iOS de Android 8.0 o versiones superiores.<\/p>\n<p>Especificaciones:<\/p>\n<p>-Chipset RTL8762C<br \/>\n-Panel 1.54&#8243; Full Touch Color 240 x 240 p\u00edxeles<br \/>\n-Alarmas, recordatorios<br \/>\n-Recibe notificaciones de WhatsApp, Facebook, Twitter, llamadas, etc<br \/>\n-Bluetooth 5.0<br \/>\n-Bater\u00eda recargable de 200 mAh<br \/>\n-Resistencia al agua IP67<br \/>\n-Compatible iOS 10.0 o superior y Android 5.0 o superior<\/p>\n<p>Cuidado de la salud:<\/p>\n<p>-Puls\u00edmetro din\u00e1mico 24h.<br \/>\n-Monitor de sue\u00f1o<br \/>\n-Pod\u00f3metro<br \/>\n-Distancia recorrida<br \/>\n-Contador de calor\u00edas quemadas<\/p>\n<p>&nbsp;<\/p>\n<p><em>E.O. Madrid Cinco S.L., no se responsabiliza de posibles errores tipogr\u00e1ficos y de precio. Las fotograf\u00edas de los productos pueden sufrir cambios<\/em><\/p>\n","protected":false},"excerpt":{"rendered":"<p>Especificaciones:<\/p>\n<p>-Chipset RTL8762C<br \/>\n-Panel 1.54&#8243; Full Touch Color 240 x 240 p\u00edxeles<br \/>\n-Alarmas, recordatorios<br \/>\n-Recibe notificaciones de WhatsApp, Facebook, Twitter, llamadas, etc<br \/>\n-Bluetooth 5.0<br \/>\n-Bater\u00eda recargable de 200 mAh<br \/>\n-Resistencia al agua IP67<br \/>\n-Compatible iOS 10.0 o superior y Android 5.0 o superior<\/p>\n<p>Cuidado de la salud:<\/p>\n<p>-Puls\u00edmetro din\u00e1mico 24h.<br \/>\n-Monitor de sue\u00f1o<br \/>\n-Pod\u00f3metro<br \/>\n-Distancia recorrida<br \/>\n-Contador de calor\u00edas quemadas<\/p>\n","protected":false},"featured_media":5067,"template":"","meta":{"_et_pb_use_builder":"","_et_pb_old_content":"","_et_gb_content_width":"","_joinchat":[]},"product_cat":[15,801,1021],"product_tag":[1617,1616,1024,1025],"class_list":{"0":"post-5066","1":"product","2":"type-product","3":"status-publish","4":"has-post-thumbnail","6":"product_cat-sin-categorizar","7":"product_cat-informatica","8":"product_cat-smartwatch","9":"product_tag-leotec","10":"product_tag-multisport","11":"product_tag-reloj","12":"product_tag-smartwatch","14":"first","15":"instock","16":"taxable","17":"shipping-taxable","18":"purchasable","19":"product-type-simple"},"yoast_head":"<!-- This site is optimized with the Yoast SEO plugin v27.4 - https:\/\/yoast.com\/product\/yoast-seo-wordpress\/ -->\n<title>Leotec MultiSport Omena Reloj Smartwatch - Pantalla Tactil 1.54&quot; - Bluetooth 5.0 - Resistencia al Agua IP67 - Canon M5 Madrid | Distribuidor oficial Canon<\/title>\n<meta name=\"description\" content=\"Si eres de los que buscan un reloj inteligente y no se conforman con cualquier cosa, est\u00e1s de enhorabuena. Leotec presenta su nuevo Smartwatch MultiSport Omena, un fant\u00e1stico dispositivo inspirado en las \u00faltimas tendencias de la moda a nivel internacional y dise\u00f1ado incorporando la \u00faltima tecnolog\u00eda del mercado.\" \/>\n<meta name=\"robots\" content=\"index, follow, max-snippet:-1, max-image-preview:large, max-video-preview:-1\" \/>\n<link rel=\"canonical\" href=\"https:\/\/canonm5.com\/index.php\/producto\/leotec-multisport-omena-reloj-smartwatch-pantalla-tactil-1-54-bluetooth-5-0-resistencia-al-agua-ip67\/\" \/>\n<meta property=\"og:locale\" content=\"es_ES\" \/>\n<meta property=\"og:type\" content=\"article\" \/>\n<meta property=\"og:title\" content=\"Leotec MultiSport Omena Reloj Smartwatch - Pantalla Tactil 1.54&quot; - Bluetooth 5.0 - Resistencia al Agua IP67 - Canon M5 Madrid | Distribuidor oficial Canon\" \/>\n<meta property=\"og:description\" content=\"Si eres de los que buscan un reloj inteligente y no se conforman con cualquier cosa, est\u00e1s de enhorabuena. Leotec presenta su nuevo Smartwatch MultiSport Omena, un fant\u00e1stico dispositivo inspirado en las \u00faltimas tendencias de la moda a nivel internacional y dise\u00f1ado incorporando la \u00faltima tecnolog\u00eda del mercado.\" \/>\n<meta property=\"og:url\" content=\"https:\/\/canonm5.com\/index.php\/producto\/leotec-multisport-omena-reloj-smartwatch-pantalla-tactil-1-54-bluetooth-5-0-resistencia-al-agua-ip67\/\" \/>\n<meta property=\"og:site_name\" content=\"Canon M5 Madrid | Distribuidor oficial Canon\" \/>\n<meta property=\"article:modified_time\" content=\"2022-12-23T11:23:18+00:00\" \/>\n<meta property=\"og:image\" content=\"https:\/\/canonm5.com\/wp-content\/uploads\/2022\/12\/165590_1.jpg\" \/>\n\t<meta property=\"og:image:width\" content=\"700\" \/>\n\t<meta property=\"og:image:height\" content=\"700\" \/>\n\t<meta property=\"og:image:type\" content=\"image\/jpeg\" \/>\n<meta name=\"twitter:card\" content=\"summary_large_image\" \/>\n<meta name=\"twitter:label1\" content=\"Tiempo de lectura\" \/>\n\t<meta name=\"twitter:data1\" content=\"2 minutos\" \/>\n<script type=\"application\/ld+json\" class=\"yoast-schema-graph\">{\"@context\":\"https:\\\/\\\/schema.org\",\"@graph\":[{\"@type\":\"WebPage\",\"@id\":\"https:\\\/\\\/canonm5.com\\\/index.php\\\/producto\\\/leotec-multisport-omena-reloj-smartwatch-pantalla-tactil-1-54-bluetooth-5-0-resistencia-al-agua-ip67\\\/\",\"url\":\"https:\\\/\\\/canonm5.com\\\/index.php\\\/producto\\\/leotec-multisport-omena-reloj-smartwatch-pantalla-tactil-1-54-bluetooth-5-0-resistencia-al-agua-ip67\\\/\",\"name\":\"Leotec MultiSport Omena Reloj Smartwatch - Pantalla Tactil 1.54\\\" - Bluetooth 5.0 - Resistencia al Agua IP67 - Canon M5 Madrid | Distribuidor oficial Canon\",\"isPartOf\":{\"@id\":\"https:\\\/\\\/canonm5.com\\\/#website\"},\"primaryImageOfPage\":{\"@id\":\"https:\\\/\\\/canonm5.com\\\/index.php\\\/producto\\\/leotec-multisport-omena-reloj-smartwatch-pantalla-tactil-1-54-bluetooth-5-0-resistencia-al-agua-ip67\\\/#primaryimage\"},\"image\":{\"@id\":\"https:\\\/\\\/canonm5.com\\\/index.php\\\/producto\\\/leotec-multisport-omena-reloj-smartwatch-pantalla-tactil-1-54-bluetooth-5-0-resistencia-al-agua-ip67\\\/#primaryimage\"},\"thumbnailUrl\":\"https:\\\/\\\/canonm5.com\\\/wp-content\\\/uploads\\\/2022\\\/12\\\/165590_1.jpg\",\"datePublished\":\"2022-12-20T10:27:58+00:00\",\"dateModified\":\"2022-12-23T11:23:18+00:00\",\"description\":\"Si eres de los que buscan un reloj inteligente y no se conforman con cualquier cosa, est\u00e1s de enhorabuena. Leotec presenta su nuevo Smartwatch MultiSport Omena, un fant\u00e1stico dispositivo inspirado en las \u00faltimas tendencias de la moda a nivel internacional y dise\u00f1ado incorporando la \u00faltima tecnolog\u00eda del mercado.\",\"breadcrumb\":{\"@id\":\"https:\\\/\\\/canonm5.com\\\/index.php\\\/producto\\\/leotec-multisport-omena-reloj-smartwatch-pantalla-tactil-1-54-bluetooth-5-0-resistencia-al-agua-ip67\\\/#breadcrumb\"},\"inLanguage\":\"es\",\"potentialAction\":[{\"@type\":\"ReadAction\",\"target\":[\"https:\\\/\\\/canonm5.com\\\/index.php\\\/producto\\\/leotec-multisport-omena-reloj-smartwatch-pantalla-tactil-1-54-bluetooth-5-0-resistencia-al-agua-ip67\\\/\"]}]},{\"@type\":\"ImageObject\",\"inLanguage\":\"es\",\"@id\":\"https:\\\/\\\/canonm5.com\\\/index.php\\\/producto\\\/leotec-multisport-omena-reloj-smartwatch-pantalla-tactil-1-54-bluetooth-5-0-resistencia-al-agua-ip67\\\/#primaryimage\",\"url\":\"https:\\\/\\\/canonm5.com\\\/wp-content\\\/uploads\\\/2022\\\/12\\\/165590_1.jpg\",\"contentUrl\":\"https:\\\/\\\/canonm5.com\\\/wp-content\\\/uploads\\\/2022\\\/12\\\/165590_1.jpg\",\"width\":700,\"height\":700},{\"@type\":\"BreadcrumbList\",\"@id\":\"https:\\\/\\\/canonm5.com\\\/index.php\\\/producto\\\/leotec-multisport-omena-reloj-smartwatch-pantalla-tactil-1-54-bluetooth-5-0-resistencia-al-agua-ip67\\\/#breadcrumb\",\"itemListElement\":[{\"@type\":\"ListItem\",\"position\":1,\"name\":\"Portada\",\"item\":\"https:\\\/\\\/canonm5.com\\\/\"},{\"@type\":\"ListItem\",\"position\":2,\"name\":\"Nuestros productos\",\"item\":\"https:\\\/\\\/canonm5.com\\\/index.php\\\/productos\\\/\"},{\"@type\":\"ListItem\",\"position\":3,\"name\":\"Leotec MultiSport Omena Reloj Smartwatch &#8211; Pantalla Tactil 1.54&#8243; &#8211; Bluetooth 5.0 &#8211; Resistencia al Agua IP67\"}]},{\"@type\":\"WebSite\",\"@id\":\"https:\\\/\\\/canonm5.com\\\/#website\",\"url\":\"https:\\\/\\\/canonm5.com\\\/\",\"name\":\"Canon M5 Madrid | Distribuidor oficial Canon\",\"description\":\"Renting de impresoras para empresas\",\"potentialAction\":[{\"@type\":\"SearchAction\",\"target\":{\"@type\":\"EntryPoint\",\"urlTemplate\":\"https:\\\/\\\/canonm5.com\\\/?s={search_term_string}\"},\"query-input\":{\"@type\":\"PropertyValueSpecification\",\"valueRequired\":true,\"valueName\":\"search_term_string\"}}],\"inLanguage\":\"es\"}]}<\/script>\n<!-- \/ Yoast SEO plugin. -->","yoast_head_json":{"title":"Leotec MultiSport Omena Reloj Smartwatch - Pantalla Tactil 1.54\" - Bluetooth 5.0 - Resistencia al Agua IP67 - Canon M5 Madrid | Distribuidor oficial Canon","description":"Si eres de los que buscan un reloj inteligente y no se conforman con cualquier cosa, est\u00e1s de enhorabuena. Leotec presenta su nuevo Smartwatch MultiSport Omena, un fant\u00e1stico dispositivo inspirado en las \u00faltimas tendencias de la moda a nivel internacional y dise\u00f1ado incorporando la \u00faltima tecnolog\u00eda del mercado.","robots":{"index":"index","follow":"follow","max-snippet":"max-snippet:-1","max-image-preview":"max-image-preview:large","max-video-preview":"max-video-preview:-1"},"canonical":"https:\/\/canonm5.com\/index.php\/producto\/leotec-multisport-omena-reloj-smartwatch-pantalla-tactil-1-54-bluetooth-5-0-resistencia-al-agua-ip67\/","og_locale":"es_ES","og_type":"article","og_title":"Leotec MultiSport Omena Reloj Smartwatch - Pantalla Tactil 1.54\" - Bluetooth 5.0 - Resistencia al Agua IP67 - Canon M5 Madrid | Distribuidor oficial Canon","og_description":"Si eres de los que buscan un reloj inteligente y no se conforman con cualquier cosa, est\u00e1s de enhorabuena. Leotec presenta su nuevo Smartwatch MultiSport Omena, un fant\u00e1stico dispositivo inspirado en las \u00faltimas tendencias de la moda a nivel internacional y dise\u00f1ado incorporando la \u00faltima tecnolog\u00eda del mercado.","og_url":"https:\/\/canonm5.com\/index.php\/producto\/leotec-multisport-omena-reloj-smartwatch-pantalla-tactil-1-54-bluetooth-5-0-resistencia-al-agua-ip67\/","og_site_name":"Canon M5 Madrid | Distribuidor oficial Canon","article_modified_time":"2022-12-23T11:23:18+00:00","og_image":[{"width":700,"height":700,"url":"https:\/\/canonm5.com\/wp-content\/uploads\/2022\/12\/165590_1.jpg","type":"image\/jpeg"}],"twitter_card":"summary_large_image","twitter_misc":{"Tiempo de lectura":"2 minutos"},"schema":{"@context":"https:\/\/schema.org","@graph":[{"@type":"WebPage","@id":"https:\/\/canonm5.com\/index.php\/producto\/leotec-multisport-omena-reloj-smartwatch-pantalla-tactil-1-54-bluetooth-5-0-resistencia-al-agua-ip67\/","url":"https:\/\/canonm5.com\/index.php\/producto\/leotec-multisport-omena-reloj-smartwatch-pantalla-tactil-1-54-bluetooth-5-0-resistencia-al-agua-ip67\/","name":"Leotec MultiSport Omena Reloj Smartwatch - Pantalla Tactil 1.54\" - Bluetooth 5.0 - Resistencia al Agua IP67 - Canon M5 Madrid | Distribuidor oficial Canon","isPartOf":{"@id":"https:\/\/canonm5.com\/#website"},"primaryImageOfPage":{"@id":"https:\/\/canonm5.com\/index.php\/producto\/leotec-multisport-omena-reloj-smartwatch-pantalla-tactil-1-54-bluetooth-5-0-resistencia-al-agua-ip67\/#primaryimage"},"image":{"@id":"https:\/\/canonm5.com\/index.php\/producto\/leotec-multisport-omena-reloj-smartwatch-pantalla-tactil-1-54-bluetooth-5-0-resistencia-al-agua-ip67\/#primaryimage"},"thumbnailUrl":"https:\/\/canonm5.com\/wp-content\/uploads\/2022\/12\/165590_1.jpg","datePublished":"2022-12-20T10:27:58+00:00","dateModified":"2022-12-23T11:23:18+00:00","description":"Si eres de los que buscan un reloj inteligente y no se conforman con cualquier cosa, est\u00e1s de enhorabuena. Leotec presenta su nuevo Smartwatch MultiSport Omena, un fant\u00e1stico dispositivo inspirado en las \u00faltimas tendencias de la moda a nivel internacional y dise\u00f1ado incorporando la \u00faltima tecnolog\u00eda del mercado.","breadcrumb":{"@id":"https:\/\/canonm5.com\/index.php\/producto\/leotec-multisport-omena-reloj-smartwatch-pantalla-tactil-1-54-bluetooth-5-0-resistencia-al-agua-ip67\/#breadcrumb"},"inLanguage":"es","potentialAction":[{"@type":"ReadAction","target":["https:\/\/canonm5.com\/index.php\/producto\/leotec-multisport-omena-reloj-smartwatch-pantalla-tactil-1-54-bluetooth-5-0-resistencia-al-agua-ip67\/"]}]},{"@type":"ImageObject","inLanguage":"es","@id":"https:\/\/canonm5.com\/index.php\/producto\/leotec-multisport-omena-reloj-smartwatch-pantalla-tactil-1-54-bluetooth-5-0-resistencia-al-agua-ip67\/#primaryimage","url":"https:\/\/canonm5.com\/wp-content\/uploads\/2022\/12\/165590_1.jpg","contentUrl":"https:\/\/canonm5.com\/wp-content\/uploads\/2022\/12\/165590_1.jpg","width":700,"height":700},{"@type":"BreadcrumbList","@id":"https:\/\/canonm5.com\/index.php\/producto\/leotec-multisport-omena-reloj-smartwatch-pantalla-tactil-1-54-bluetooth-5-0-resistencia-al-agua-ip67\/#breadcrumb","itemListElement":[{"@type":"ListItem","position":1,"name":"Portada","item":"https:\/\/canonm5.com\/"},{"@type":"ListItem","position":2,"name":"Nuestros productos","item":"https:\/\/canonm5.com\/index.php\/productos\/"},{"@type":"ListItem","position":3,"name":"Leotec MultiSport Omena Reloj Smartwatch &#8211; Pantalla Tactil 1.54&#8243; &#8211; Bluetooth 5.0 &#8211; Resistencia al Agua IP67"}]},{"@type":"WebSite","@id":"https:\/\/canonm5.com\/#website","url":"https:\/\/canonm5.com\/","name":"Canon M5 Madrid | Distribuidor oficial Canon","description":"Renting de impresoras para empresas","potentialAction":[{"@type":"SearchAction","target":{"@type":"EntryPoint","urlTemplate":"https:\/\/canonm5.com\/?s={search_term_string}"},"query-input":{"@type":"PropertyValueSpecification","valueRequired":true,"valueName":"search_term_string"}}],"inLanguage":"es"}]}},"_links":{"self":[{"href":"https:\/\/canonm5.com\/index.php\/wp-json\/wp\/v2\/product\/5066","targetHints":{"allow":["GET"]}}],"collection":[{"href":"https:\/\/canonm5.com\/index.php\/wp-json\/wp\/v2\/product"}],"about":[{"href":"https:\/\/canonm5.com\/index.php\/wp-json\/wp\/v2\/types\/product"}],"wp:featuredmedia":[{"embeddable":true,"href":"https:\/\/canonm5.com\/index.php\/wp-json\/wp\/v2\/media\/5067"}],"wp:attachment":[{"href":"https:\/\/canonm5.com\/index.php\/wp-json\/wp\/v2\/media?parent=5066"}],"wp:term":[{"taxonomy":"product_cat","embeddable":true,"href":"https:\/\/canonm5.com\/index.php\/wp-json\/wp\/v2\/product_cat?post=5066"},{"taxonomy":"product_tag","embeddable":true,"href":"https:\/\/canonm5.com\/index.php\/wp-json\/wp\/v2\/product_tag?post=5066"}],"curies":[{"name":"wp","href":"https:\/\/api.w.org\/{rel}","templated":true}]}}