{"id":5053,"date":"2022-12-20T09:58:13","date_gmt":"2022-12-20T09:58:13","guid":{"rendered":"https:\/\/canonm5.com\/?post_type=product&#038;p=5053"},"modified":"2023-01-24T12:51:28","modified_gmt":"2023-01-24T12:51:28","slug":"telefono-movil-smartphone-samsung-galaxy-a32-negro-6-4-128gb-rom-4gb-ram-64852mpx-20mpx-dual-sim-5000mah-dsp0000002537","status":"publish","type":"product","link":"https:\/\/canonm5.com\/index.php\/producto\/telefono-movil-smartphone-samsung-galaxy-a32-negro-6-4-128gb-rom-4gb-ram-64852mpx-20mpx-dual-sim-5000mah-dsp0000002537\/","title":{"rendered":"TELEFONO MOVIL SMARTPHONE SAMSUNG GALAXY A32 NEGRO 6.4&#8243; 128GB ROM 4GB RAM 64+8+5+2MPX 20MPX DUAL SIM 5000MAH &#8211; DSP0000002537"},"content":{"rendered":"<p>DESCRIPCI\u00d3N<br \/>\n<strong>Samsung Galaxy SM-A325F<\/strong>. Diagonal de la pantalla: 16,3 cm (6.4 )<br \/>\n<strong>Resoluci\u00f3n de la pantalla:<\/strong>\u00a01800 x 2400 Pixeles, Tipo de visualizador:SAMOLED.<br \/>\n<strong>Frecuencia del procesador<\/strong>: 2 GHz. Capacidad de RAM: 4 GB<br \/>\n<strong>Capacidad de almacenamiento interno:<\/strong>\u00a0128 GB. Resoluci\u00f3n de la c\u00e1mara trasera (num\u00e9rica): 64 MP, Tipo de c\u00e1mara trasera: C\u00e1mara cu\u00e1druple.<br \/>\n<strong>Capacidad de la tarjeta SIM:<\/strong>\u00a0SIM doble.<br \/>\n<strong>Sistema operativo instalado:<\/strong>Android 11.<br \/>\n<strong>Capacidad de bater\u00eda:<\/strong>\u00a05000 mAh.<br \/>\n<strong><u>ESPECIFICACIONES\u00a0<\/u><\/strong><strong>TEL\u00c9ONO MOVIL SMARTPHONE SAMSUNG GALAXY A32<\/strong><br \/>\n<strong>Resoluci\u00f3n<\/strong><\/p>\n<ol>\n<li>Diagonal de la pantalla: 16,3 cm (6.4 )<\/li>\n<li>Forma de la pantalla:Plana: M\u00e1xima velocidad de actualizaci\u00f3n 90 Hz<\/li>\n<li>N\u00famero de colores de la pantalla: 16 millones de colores<\/li>\n<li>Pantalla t\u00e1ctil: S\u00ed<\/li>\n<li>Pantalla con esquinas redondeadas: Si<\/li>\n<li>Resoluci\u00f3n de la pantalla: 1800 x 2400 Pixeles<\/li>\n<li>Tipo de visualizador: SAMOLED<\/li>\n<\/ol>\n<p><strong>Procesador<\/strong><\/p>\n<ol>\n<li>Coprocesador: Si<\/li>\n<li>Frecuencia del procesador: 2 GHz<\/li>\n<li>Frecuencia del coprocesador: 1,8 GHz<\/li>\n<li>N\u00famero de n\u00facleos de procesador: 8<\/li>\n<\/ol>\n<p><strong>Almacenamiento<\/strong><\/p>\n<ol>\n<li>Almacenamiento masivo USB: S\u00ed<\/li>\n<li>Capacidad de RAM: 4 GB<\/li>\n<li>Capacidad de almacenamiento interno: 128 GB<\/li>\n<li>Memoria del usuario: 103,2 GB<\/li>\n<li>Tama\u00f1o m\u00e1ximo de tarjeta de memoria: 1000 GB<\/li>\n<\/ol>\n<p><strong>Tarjetas de memoria compatibles<\/strong><\/p>\n<ol>\n<li>MicroSD (TransFlash)<\/li>\n<\/ol>\n<p><strong>C\u00e1mara fotogr\u00e1fica<\/strong><\/p>\n<ol>\n<li>Autoenfoque: S\u00ed<\/li>\n<li>C\u00e1mara trasera con flash: S\u00ed<\/li>\n<li>Geoetiquetado: S\u00ed<\/li>\n<li>Modos de grabaci\u00f3n de v\u00eddeo: 720p,1080p<\/li>\n<li>N\u00famero de apertura de la c\u00e1mara trasera: 1,8<\/li>\n<li>N\u00famero de apertura de la segunda c\u00e1mara trasera: 2,2<\/li>\n<li>N\u00famero de diafragma de la tercera c\u00e1mara trasera: 2,4<\/li>\n<li>N\u00famero de diafragma de la cuarta c\u00e1mara trasera: 2,4<\/li>\n<li>N\u00famero de apertura de la c\u00e1mara frontal: 2,2<\/li>\n<li>Resoluci\u00f3n de la c\u00e1mara trasera (num\u00e9rica): 64 MP<\/li>\n<li>Resoluci\u00f3n de la c\u00e1mara frontal (num\u00e9rica): 20 MP<\/li>\n<li>Resoluci\u00f3n de la segunda c\u00e1mara trasera (num\u00e9rica): 8 MP<\/li>\n<li>Resoluci\u00f3n de la c\u00e1mara con objetivo macro (num\u00e9rica): 5 MP<\/li>\n<li>Resoluci\u00f3n de la c\u00e1mara de profundidad (num\u00e9rica): 5 MP<\/li>\n<li>Resoluci\u00f3n de captura de video: 1920 x 1080 Pixeles<\/li>\n<li>Resoluci\u00f3n en velocidad de captura: 1280&#215;720@120fps,1920&#215;1080@30fps<\/li>\n<li>Tipo de c\u00e1mara trasera: C\u00e1mara cu\u00e1druple<\/li>\n<li>Tipo de c\u00e1mara frontal: C\u00e1mara \u00fanica<\/li>\n<li>Tipo de flash: LED<\/li>\n<li>Velocidad m\u00e1xima de cuadro: 120 pps<\/li>\n<li>Zoom digital: 30x<\/li>\n<\/ol>\n<p><strong>Puertos e Interfaces<\/strong><\/p>\n<ol>\n<li>Auriculares: USB Tipo C<\/li>\n<li>Conector USB: USB Tipo C<\/li>\n<li>Puerto USB: S\u00ed<\/li>\n<li>Versi\u00f3n USB: 2.0<\/li>\n<\/ol>\n<p><strong>Conexi\u00f3nes<\/strong><\/p>\n<ol>\n<li>Est\u00e1ndares 3G HSDPA,HSPA+,HSUPA,UMTS<\/li>\n<li>Bandas 3G soportadas: 0,900,1900,2100 MHz<\/li>\n<li>Est\u00e1ndar 4G: E-TDD &amp; LTE-FDD<\/li>\n<li>Admite bandas 4G: 0,800,850,900,1800,1900,2100,2300,2400,2500,2600 MHz<\/li>\n<li>Bluetooth: Versi\u00f3n de Bluetooth .0<\/li>\n<li>Comunicaci\u00f3n de Campo Cercano (NFC): S\u00ed<\/li>\n<li>Capacidad de la tarjeta SIM: Dual<\/li>\n<li>Wi-Fi Direct: Generaci\u00f3n de red m\u00f3vil 4G<\/li>\n<li>Tipo de tarjeta SIM: NanoSIM<\/li>\n<li>Wifi: S\u00ed<\/li>\n<\/ol>\n<p><strong>Bater\u00eda<\/strong><\/p>\n<ol>\n<li>Tiempo en conversaci\u00f3n:34 h<\/li>\n<li>Tiempo en espera: 19 h<\/li>\n<li>Capacidad de bater\u00eda: 5000 mAh<\/li>\n<li>Tiempo de navegaci\u00f3n:19 h<\/li>\n<li>Tiempo continuo de reproducci\u00f3n de audio: 93 h<\/li>\n<li>Tiempo continuo de reproducci\u00f3n de video: 20 h<\/li>\n<\/ol>\n<p><strong>Contenido del embalaje<\/strong><\/p>\n<ol>\n<li>Adaptador AC incluido: S\u00ed<\/li>\n<li>Cables incluidos: USB Tipo C<\/li>\n<li>Instrumento para extraer tarjeta SIM: S\u00ed<\/li>\n<\/ol>\n<p><strong>Rendimiento<\/strong><\/p>\n<ol>\n<li>Alerta vibratoria: Si<\/li>\n<li>Altavoz: Si<\/li>\n<li>Carga r\u00e1pida: Si<\/li>\n<li>USB On-The-Go soportado: Si<\/li>\n<li>Multimedia<\/li>\n<li>Formatos de v\u00eddeo compatibles<\/li>\n<li>3G2,3GP,AVI,FLV,M4V,MKV,MP4,WEBM<\/li>\n<\/ol>\n<p><strong>Sistema de audio<\/strong><\/p>\n<ol>\n<li>Dolby Atmos<\/li>\n<\/ol>\n<p><strong>Software<\/strong><\/p>\n<ol>\n<li>Asistente virtual<\/li>\n<li>Samsung Bixby<\/li>\n<li>Plataforma: Android<\/li>\n<li>Plataforma de distribuciones de aplicaciones: Google Play<\/li>\n<li>Sistema operativo instalado: Android 11<\/li>\n<\/ol>\n<p><strong>Sensores<\/strong><\/p>\n<ol>\n<li>Aceler\u00f3metro: Si<\/li>\n<li>Giroscopio: Si<\/li>\n<li>Sensor de proximidad: Si<\/li>\n<li>Sensor de luz ambiental: Si<\/li>\n<li>Sensor geomagn\u00e9tico: Si<\/li>\n<li>Sensor magnet\u00f3metro:Si<\/li>\n<\/ol>\n<p><strong>Peso y dimensiones<\/strong><\/p>\n<ol>\n<li>Altura: 158,9 mm<\/li>\n<li>Ancho: 73,6 mm<\/li>\n<li>Peso: 184 g<\/li>\n<li>Profundidad: 8,4 mm<\/li>\n<\/ol>\n<p><i>Comprar TEL\u00c9FONO MOVIL SMARTPHONE SAMSUNG GALAXY A32\u00a0<\/i><\/p>\n<p><em>E.O. Madrid Cinco S.L., no se responsabiliza de posibles errores tipogr\u00e1ficos y de precio. Las fotograf\u00edas de los productos pueden sufrir cambios<\/em><\/p>\n","protected":false},"excerpt":{"rendered":"<p>DESCRIPCI\u00d3N<br \/>\n<strong>Samsung Galaxy SM-A325F<\/strong>. Diagonal de la pantalla: 16,3 cm (6.4 )<br \/>\n<strong>Resoluci\u00f3n de la pantalla:<\/strong>\u00a01800 x 2400 Pixeles, Tipo de visualizador:SAMOLED.<br \/>\n<strong>Frecuencia del procesador<\/strong>: 2 GHz. Capacidad de RAM: 4 GB<br \/>\n<strong>Capacidad de almacenamiento interno:<\/strong>\u00a0128 GB. Resoluci\u00f3n de la c\u00e1mara trasera (num\u00e9rica): 64 MP, Tipo de c\u00e1mara trasera: C\u00e1mara cu\u00e1druple.<br \/>\n<strong>Capacidad de la tarjeta SIM:<\/strong>\u00a0SIM doble.<br \/>\n<strong>Sistema operativo instalado:<\/strong>Android 11.<br \/>\n<strong>Capacidad de bater\u00eda:<\/strong>\u00a05000 mAh.<br \/>\n<strong><u>ESPECIFICACIONES\u00a0<\/u><\/strong><strong>TEL\u00c9ONO MOVIL SMARTPHONE SAMSUNG GALAXY A32<\/strong><br \/>\n<strong>Resoluci\u00f3n<\/strong><\/p>\n<ol>\n<li>Diagonal de la pantalla: 16,3 cm (6.4 )<\/li>\n<li>Forma de la pantalla:Plana: M\u00e1xima velocidad de actualizaci\u00f3n 90 Hz<\/li>\n<li>N\u00famero de colores de la pantalla: 16 millones de colores<\/li>\n<li>Pantalla t\u00e1ctil: S\u00ed<\/li>\n<li>Pantalla con esquinas redondeadas: Si<\/li>\n<li>Resoluci\u00f3n de la pantalla: 1800 x 2400 Pixeles<\/li>\n<li>Tipo de visualizador: SAMOLED<\/li>\n<\/ol>\n<p><strong>Procesador<\/strong><\/p>\n<ol>\n<li>Coprocesador: Si<\/li>\n<li>Frecuencia del procesador: 2 GHz<\/li>\n<li>Frecuencia del coprocesador: 1,8 GHz<\/li>\n<li>N\u00famero de n\u00facleos de procesador: 8<\/li>\n<\/ol>\n<p><strong>Almacenamiento<\/strong><\/p>\n<ol>\n<li>Almacenamiento masivo USB: S\u00ed<\/li>\n<li>Capacidad de RAM: 4 GB<\/li>\n<li>Capacidad de almacenamiento interno: 128 GB<\/li>\n<li>Memoria del usuario: 103,2 GB<\/li>\n<li>Tama\u00f1o m\u00e1ximo de tarjeta de memoria: 1000 GB<\/li>\n<\/ol>\n<p><strong>Tarjetas de memoria compatibles<\/strong><\/p>\n<ol>\n<li>MicroSD (TransFlash)<\/li>\n<\/ol>\n<p><strong>C\u00e1mara fotogr\u00e1fica<\/strong><\/p>\n<ol>\n<li>Autoenfoque: S\u00ed<\/li>\n<li>C\u00e1mara trasera con flash: S\u00ed<\/li>\n<li>Geoetiquetado: S\u00ed<\/li>\n<li>Modos de grabaci\u00f3n de v\u00eddeo: 720p,1080p<\/li>\n<li>N\u00famero de apertura de la c\u00e1mara trasera: 1,8<\/li>\n<li>N\u00famero de apertura de la segunda c\u00e1mara trasera: 2,2<\/li>\n<li>N\u00famero de diafragma de la tercera c\u00e1mara trasera: 2,4<\/li>\n<li>N\u00famero de diafragma de la cuarta c\u00e1mara trasera: 2,4<\/li>\n<li>N\u00famero de apertura de la c\u00e1mara frontal: 2,2<\/li>\n<li>Resoluci\u00f3n de la c\u00e1mara trasera (num\u00e9rica): 64 MP<\/li>\n<li>Resoluci\u00f3n de la c\u00e1mara frontal (num\u00e9rica): 20 MP<\/li>\n<li>Resoluci\u00f3n de la segunda c\u00e1mara trasera (num\u00e9rica): 8 MP<\/li>\n<li>Resoluci\u00f3n de la c\u00e1mara con objetivo macro (num\u00e9rica): 5 MP<\/li>\n<li>Resoluci\u00f3n de la c\u00e1mara de profundidad (num\u00e9rica): 5 MP<\/li>\n<li>Resoluci\u00f3n de captura de video: 1920 x 1080 Pixeles<\/li>\n<li>Resoluci\u00f3n en velocidad de captura: 1280&#215;720@120fps,1920&#215;1080@30fps<\/li>\n<li>Tipo de c\u00e1mara trasera: C\u00e1mara cu\u00e1druple<\/li>\n<li>Tipo de c\u00e1mara frontal: C\u00e1mara \u00fanica<\/li>\n<li>Tipo de flash: LED<\/li>\n<li>Velocidad m\u00e1xima de cuadro: 120 pps<\/li>\n<li>Zoom digital: 30x<\/li>\n<\/ol>\n<p><strong>Puertos e Interfaces<\/strong><\/p>\n<ol>\n<li>Auriculares: USB Tipo C<\/li>\n<li>Conector USB: USB Tipo C<\/li>\n<li>Puerto USB: S\u00ed<\/li>\n<li>Versi\u00f3n USB: 2.0<\/li>\n<\/ol>\n<p><strong>Conexi\u00f3nes<\/strong><\/p>\n<ol>\n<li>Est\u00e1ndares 3G HSDPA,HSPA+,HSUPA,UMTS<\/li>\n<li>Bandas 3G soportadas: 0,900,1900,2100 MHz<\/li>\n<li>Est\u00e1ndar 4G: E-TDD &amp; LTE-FDD<\/li>\n<li>Admite bandas 4G: 0,800,850,900,1800,1900,2100,2300,2400,2500,2600 MHz<\/li>\n<li>Bluetooth: Versi\u00f3n de Bluetooth .0<\/li>\n<li>Comunicaci\u00f3n de Campo Cercano (NFC): S\u00ed<\/li>\n<li>Capacidad de la tarjeta SIM: Dual<\/li>\n<li>Wi-Fi Direct: Generaci\u00f3n de red m\u00f3vil 4G<\/li>\n<li>Tipo de tarjeta SIM: NanoSIM<\/li>\n<li>Wifi: S\u00ed<\/li>\n<\/ol>\n<p><strong>Bater\u00eda<\/strong><\/p>\n<ol>\n<li>Tiempo en conversaci\u00f3n:34 h<\/li>\n<li>Tiempo en espera: 19 h<\/li>\n<li>Capacidad de bater\u00eda: 5000 mAh<\/li>\n<li>Tiempo de navegaci\u00f3n:19 h<\/li>\n<li>Tiempo continuo de reproducci\u00f3n de audio: 93 h<\/li>\n<li>Tiempo continuo de reproducci\u00f3n de video: 20 h<\/li>\n<\/ol>\n<p><strong>Contenido del embalaje<\/strong><\/p>\n<ol>\n<li>Adaptador AC incluido: S\u00ed<\/li>\n<li>Cables incluidos: USB Tipo C<\/li>\n<li>Instrumento para extraer tarjeta SIM: S\u00ed<\/li>\n<\/ol>\n<p><strong>Rendimiento<\/strong><\/p>\n<ol>\n<li>Alerta vibratoria: Si<\/li>\n<li>Altavoz: Si<\/li>\n<li>Carga r\u00e1pida: Si<\/li>\n<li>USB On-The-Go soportado: Si<\/li>\n<li>Multimedia<\/li>\n<li>Formatos de v\u00eddeo compatibles<\/li>\n<li>3G2,3GP,AVI,FLV,M4V,MKV,MP4,WEBM<\/li>\n<\/ol>\n<p><strong>Sistema de audio<\/strong><\/p>\n<ol>\n<li>Dolby Atmos<\/li>\n<\/ol>\n<p><strong>Software<\/strong><\/p>\n<ol>\n<li>Asistente virtual<\/li>\n<li>Samsung Bixby<\/li>\n<li>Plataforma: Android<\/li>\n<li>Plataforma de distribuciones de aplicaciones: Google Play<\/li>\n<li>Sistema operativo instalado: Android 11<\/li>\n<\/ol>\n<p><strong>Sensores<\/strong><\/p>\n<ol>\n<li>Aceler\u00f3metro: Si<\/li>\n<li>Giroscopio: Si<\/li>\n<li>Sensor de proximidad: Si<\/li>\n<li>Sensor de luz ambiental: Si<\/li>\n<li>Sensor geomagn\u00e9tico: Si<\/li>\n<li>Sensor magnet\u00f3metro:Si<\/li>\n<\/ol>\n<p><strong>Peso y dimensiones<\/strong><\/p>\n<ol>\n<li>Altura: 158,9 mm<\/li>\n<li>Ancho: 73,6 mm<\/li>\n<li>Peso: 184 g<\/li>\n<li>Profundidad: 8,4 mm<\/li>\n<\/ol>\n<p><i>Comprar TEL\u00c9FONO MOVIL SMARTPHONE SAMSUNG GALAXY A32<\/i><\/p>\n","protected":false},"featured_media":5054,"template":"","meta":{"_et_pb_use_builder":"","_et_pb_old_content":"","_et_gb_content_width":"","_joinchat":[]},"product_cat":[15],"product_tag":[1610,1609,30,988,1608],"class_list":{"0":"post-5053","1":"product","2":"type-product","3":"status-publish","4":"has-post-thumbnail","6":"product_cat-sin-categorizar","7":"product_tag-a32","8":"product_tag-galaxy","9":"product_tag-negro","10":"product_tag-samsung","11":"product_tag-smartphone","13":"first","14":"instock","15":"sale","16":"taxable","17":"shipping-taxable","18":"purchasable","19":"product-type-simple"},"yoast_head":"<!-- This site is optimized with the Yoast SEO plugin v27.4 - https:\/\/yoast.com\/product\/yoast-seo-wordpress\/ -->\n<title>TELEFONO MOVIL SMARTPHONE SAMSUNG GALAXY A32 NEGRO 6.4&quot; 128GB ROM 4GB RAM 64+8+5+2MPX 20MPX DUAL SIM 5000MAH - DSP0000002537 - Canon M5 Madrid | Distribuidor oficial Canon<\/title>\n<meta name=\"description\" content=\"DESCRIPCI\u00d3NSamsung Galaxy SM-A325F. Diagonal de la pantalla: 16,3 cm (6.4 )Resoluci\u00f3n de la pantalla:\u00a01800 x 2400 Pixeles, Tipo de visualizador:SAMOLED.Frecuencia del procesador: 2 GHz. Capacidad de RAM: 4 GBCapacidad de almacenamiento interno:\u00a0128 GB. Resoluci\u00f3n de la c\u00e1mara trasera (num\u00e9rica): 64 MP, Tipo de c\u00e1mara trasera: C\u00e1mara cu\u00e1druple.Capacidad de la tarjeta SIM:\u00a0SIM doble.Sistema operativo instalado:Android 11.Capacidad de bater\u00eda:\u00a05000 mAh.ESPECIFICACIONES\u00a0TEL\u00c9ONO MOVIL SMARTPHONE SAMSUNG GALAXY A32\" \/>\n<meta name=\"robots\" content=\"index, follow, max-snippet:-1, max-image-preview:large, max-video-preview:-1\" \/>\n<link rel=\"canonical\" href=\"https:\/\/canonm5.com\/index.php\/producto\/telefono-movil-smartphone-samsung-galaxy-a32-negro-6-4-128gb-rom-4gb-ram-64852mpx-20mpx-dual-sim-5000mah-dsp0000002537\/\" \/>\n<meta property=\"og:locale\" content=\"es_ES\" \/>\n<meta property=\"og:type\" content=\"article\" \/>\n<meta property=\"og:title\" content=\"TELEFONO MOVIL SMARTPHONE SAMSUNG GALAXY A32 NEGRO 6.4&quot; 128GB ROM 4GB RAM 64+8+5+2MPX 20MPX DUAL SIM 5000MAH - DSP0000002537 - Canon M5 Madrid | Distribuidor oficial Canon\" \/>\n<meta property=\"og:description\" content=\"DESCRIPCI\u00d3NSamsung Galaxy SM-A325F. Diagonal de la pantalla: 16,3 cm (6.4 )Resoluci\u00f3n de la pantalla:\u00a01800 x 2400 Pixeles, Tipo de visualizador:SAMOLED.Frecuencia del procesador: 2 GHz. Capacidad de RAM: 4 GBCapacidad de almacenamiento interno:\u00a0128 GB. Resoluci\u00f3n de la c\u00e1mara trasera (num\u00e9rica): 64 MP, Tipo de c\u00e1mara trasera: C\u00e1mara cu\u00e1druple.Capacidad de la tarjeta SIM:\u00a0SIM doble.Sistema operativo instalado:Android 11.Capacidad de bater\u00eda:\u00a05000 mAh.ESPECIFICACIONES\u00a0TEL\u00c9ONO MOVIL SMARTPHONE SAMSUNG GALAXY A32\" \/>\n<meta property=\"og:url\" content=\"https:\/\/canonm5.com\/index.php\/producto\/telefono-movil-smartphone-samsung-galaxy-a32-negro-6-4-128gb-rom-4gb-ram-64852mpx-20mpx-dual-sim-5000mah-dsp0000002537\/\" \/>\n<meta property=\"og:site_name\" content=\"Canon M5 Madrid | Distribuidor oficial Canon\" \/>\n<meta property=\"article:modified_time\" content=\"2023-01-24T12:51:28+00:00\" \/>\n<meta property=\"og:image\" content=\"https:\/\/canonm5.com\/wp-content\/uploads\/2022\/12\/DSP0000002537-0.jpg\" \/>\n\t<meta property=\"og:image:width\" content=\"1134\" \/>\n\t<meta property=\"og:image:height\" content=\"1134\" \/>\n\t<meta property=\"og:image:type\" content=\"image\/jpeg\" \/>\n<meta name=\"twitter:card\" content=\"summary_large_image\" \/>\n<meta name=\"twitter:label1\" content=\"Tiempo de lectura\" \/>\n\t<meta name=\"twitter:data1\" content=\"3 minutos\" \/>\n<script type=\"application\/ld+json\" class=\"yoast-schema-graph\">{\"@context\":\"https:\\\/\\\/schema.org\",\"@graph\":[{\"@type\":\"WebPage\",\"@id\":\"https:\\\/\\\/canonm5.com\\\/index.php\\\/producto\\\/telefono-movil-smartphone-samsung-galaxy-a32-negro-6-4-128gb-rom-4gb-ram-64852mpx-20mpx-dual-sim-5000mah-dsp0000002537\\\/\",\"url\":\"https:\\\/\\\/canonm5.com\\\/index.php\\\/producto\\\/telefono-movil-smartphone-samsung-galaxy-a32-negro-6-4-128gb-rom-4gb-ram-64852mpx-20mpx-dual-sim-5000mah-dsp0000002537\\\/\",\"name\":\"TELEFONO MOVIL SMARTPHONE SAMSUNG GALAXY A32 NEGRO 6.4\\\" 128GB ROM 4GB RAM 64+8+5+2MPX 20MPX DUAL SIM 5000MAH - DSP0000002537 - Canon M5 Madrid | Distribuidor oficial Canon\",\"isPartOf\":{\"@id\":\"https:\\\/\\\/canonm5.com\\\/#website\"},\"primaryImageOfPage\":{\"@id\":\"https:\\\/\\\/canonm5.com\\\/index.php\\\/producto\\\/telefono-movil-smartphone-samsung-galaxy-a32-negro-6-4-128gb-rom-4gb-ram-64852mpx-20mpx-dual-sim-5000mah-dsp0000002537\\\/#primaryimage\"},\"image\":{\"@id\":\"https:\\\/\\\/canonm5.com\\\/index.php\\\/producto\\\/telefono-movil-smartphone-samsung-galaxy-a32-negro-6-4-128gb-rom-4gb-ram-64852mpx-20mpx-dual-sim-5000mah-dsp0000002537\\\/#primaryimage\"},\"thumbnailUrl\":\"https:\\\/\\\/canonm5.com\\\/wp-content\\\/uploads\\\/2022\\\/12\\\/DSP0000002537-0.jpg\",\"datePublished\":\"2022-12-20T09:58:13+00:00\",\"dateModified\":\"2023-01-24T12:51:28+00:00\",\"description\":\"DESCRIPCI\u00d3NSamsung Galaxy SM-A325F. Diagonal de la pantalla: 16,3 cm (6.4 )Resoluci\u00f3n de la pantalla:\u00a01800 x 2400 Pixeles, Tipo de visualizador:SAMOLED.Frecuencia del procesador: 2 GHz. Capacidad de RAM: 4 GBCapacidad de almacenamiento interno:\u00a0128 GB. Resoluci\u00f3n de la c\u00e1mara trasera (num\u00e9rica): 64 MP, Tipo de c\u00e1mara trasera: C\u00e1mara cu\u00e1druple.Capacidad de la tarjeta SIM:\u00a0SIM doble.Sistema operativo instalado:Android 11.Capacidad de bater\u00eda:\u00a05000 mAh.ESPECIFICACIONES\u00a0TEL\u00c9ONO MOVIL SMARTPHONE SAMSUNG GALAXY A32\",\"breadcrumb\":{\"@id\":\"https:\\\/\\\/canonm5.com\\\/index.php\\\/producto\\\/telefono-movil-smartphone-samsung-galaxy-a32-negro-6-4-128gb-rom-4gb-ram-64852mpx-20mpx-dual-sim-5000mah-dsp0000002537\\\/#breadcrumb\"},\"inLanguage\":\"es\",\"potentialAction\":[{\"@type\":\"ReadAction\",\"target\":[\"https:\\\/\\\/canonm5.com\\\/index.php\\\/producto\\\/telefono-movil-smartphone-samsung-galaxy-a32-negro-6-4-128gb-rom-4gb-ram-64852mpx-20mpx-dual-sim-5000mah-dsp0000002537\\\/\"]}]},{\"@type\":\"ImageObject\",\"inLanguage\":\"es\",\"@id\":\"https:\\\/\\\/canonm5.com\\\/index.php\\\/producto\\\/telefono-movil-smartphone-samsung-galaxy-a32-negro-6-4-128gb-rom-4gb-ram-64852mpx-20mpx-dual-sim-5000mah-dsp0000002537\\\/#primaryimage\",\"url\":\"https:\\\/\\\/canonm5.com\\\/wp-content\\\/uploads\\\/2022\\\/12\\\/DSP0000002537-0.jpg\",\"contentUrl\":\"https:\\\/\\\/canonm5.com\\\/wp-content\\\/uploads\\\/2022\\\/12\\\/DSP0000002537-0.jpg\",\"width\":1134,\"height\":1134},{\"@type\":\"BreadcrumbList\",\"@id\":\"https:\\\/\\\/canonm5.com\\\/index.php\\\/producto\\\/telefono-movil-smartphone-samsung-galaxy-a32-negro-6-4-128gb-rom-4gb-ram-64852mpx-20mpx-dual-sim-5000mah-dsp0000002537\\\/#breadcrumb\",\"itemListElement\":[{\"@type\":\"ListItem\",\"position\":1,\"name\":\"Portada\",\"item\":\"https:\\\/\\\/canonm5.com\\\/\"},{\"@type\":\"ListItem\",\"position\":2,\"name\":\"Nuestros productos\",\"item\":\"https:\\\/\\\/canonm5.com\\\/index.php\\\/productos\\\/\"},{\"@type\":\"ListItem\",\"position\":3,\"name\":\"TELEFONO MOVIL SMARTPHONE SAMSUNG GALAXY A32 NEGRO 6.4&#8243; 128GB ROM 4GB RAM 64+8+5+2MPX 20MPX DUAL SIM 5000MAH &#8211; DSP0000002537\"}]},{\"@type\":\"WebSite\",\"@id\":\"https:\\\/\\\/canonm5.com\\\/#website\",\"url\":\"https:\\\/\\\/canonm5.com\\\/\",\"name\":\"Canon M5 Madrid | Distribuidor oficial Canon\",\"description\":\"Renting de impresoras para empresas\",\"potentialAction\":[{\"@type\":\"SearchAction\",\"target\":{\"@type\":\"EntryPoint\",\"urlTemplate\":\"https:\\\/\\\/canonm5.com\\\/?s={search_term_string}\"},\"query-input\":{\"@type\":\"PropertyValueSpecification\",\"valueRequired\":true,\"valueName\":\"search_term_string\"}}],\"inLanguage\":\"es\"}]}<\/script>\n<!-- \/ Yoast SEO plugin. -->","yoast_head_json":{"title":"TELEFONO MOVIL SMARTPHONE SAMSUNG GALAXY A32 NEGRO 6.4\" 128GB ROM 4GB RAM 64+8+5+2MPX 20MPX DUAL SIM 5000MAH - DSP0000002537 - Canon M5 Madrid | Distribuidor oficial Canon","description":"DESCRIPCI\u00d3NSamsung Galaxy SM-A325F. Diagonal de la pantalla: 16,3 cm (6.4 )Resoluci\u00f3n de la pantalla:\u00a01800 x 2400 Pixeles, Tipo de visualizador:SAMOLED.Frecuencia del procesador: 2 GHz. Capacidad de RAM: 4 GBCapacidad de almacenamiento interno:\u00a0128 GB. Resoluci\u00f3n de la c\u00e1mara trasera (num\u00e9rica): 64 MP, Tipo de c\u00e1mara trasera: C\u00e1mara cu\u00e1druple.Capacidad de la tarjeta SIM:\u00a0SIM doble.Sistema operativo instalado:Android 11.Capacidad de bater\u00eda:\u00a05000 mAh.ESPECIFICACIONES\u00a0TEL\u00c9ONO MOVIL SMARTPHONE SAMSUNG GALAXY A32","robots":{"index":"index","follow":"follow","max-snippet":"max-snippet:-1","max-image-preview":"max-image-preview:large","max-video-preview":"max-video-preview:-1"},"canonical":"https:\/\/canonm5.com\/index.php\/producto\/telefono-movil-smartphone-samsung-galaxy-a32-negro-6-4-128gb-rom-4gb-ram-64852mpx-20mpx-dual-sim-5000mah-dsp0000002537\/","og_locale":"es_ES","og_type":"article","og_title":"TELEFONO MOVIL SMARTPHONE SAMSUNG GALAXY A32 NEGRO 6.4\" 128GB ROM 4GB RAM 64+8+5+2MPX 20MPX DUAL SIM 5000MAH - DSP0000002537 - Canon M5 Madrid | Distribuidor oficial Canon","og_description":"DESCRIPCI\u00d3NSamsung Galaxy SM-A325F. Diagonal de la pantalla: 16,3 cm (6.4 )Resoluci\u00f3n de la pantalla:\u00a01800 x 2400 Pixeles, Tipo de visualizador:SAMOLED.Frecuencia del procesador: 2 GHz. Capacidad de RAM: 4 GBCapacidad de almacenamiento interno:\u00a0128 GB. Resoluci\u00f3n de la c\u00e1mara trasera (num\u00e9rica): 64 MP, Tipo de c\u00e1mara trasera: C\u00e1mara cu\u00e1druple.Capacidad de la tarjeta SIM:\u00a0SIM doble.Sistema operativo instalado:Android 11.Capacidad de bater\u00eda:\u00a05000 mAh.ESPECIFICACIONES\u00a0TEL\u00c9ONO MOVIL SMARTPHONE SAMSUNG GALAXY A32","og_url":"https:\/\/canonm5.com\/index.php\/producto\/telefono-movil-smartphone-samsung-galaxy-a32-negro-6-4-128gb-rom-4gb-ram-64852mpx-20mpx-dual-sim-5000mah-dsp0000002537\/","og_site_name":"Canon M5 Madrid | Distribuidor oficial Canon","article_modified_time":"2023-01-24T12:51:28+00:00","og_image":[{"width":1134,"height":1134,"url":"https:\/\/canonm5.com\/wp-content\/uploads\/2022\/12\/DSP0000002537-0.jpg","type":"image\/jpeg"}],"twitter_card":"summary_large_image","twitter_misc":{"Tiempo de lectura":"3 minutos"},"schema":{"@context":"https:\/\/schema.org","@graph":[{"@type":"WebPage","@id":"https:\/\/canonm5.com\/index.php\/producto\/telefono-movil-smartphone-samsung-galaxy-a32-negro-6-4-128gb-rom-4gb-ram-64852mpx-20mpx-dual-sim-5000mah-dsp0000002537\/","url":"https:\/\/canonm5.com\/index.php\/producto\/telefono-movil-smartphone-samsung-galaxy-a32-negro-6-4-128gb-rom-4gb-ram-64852mpx-20mpx-dual-sim-5000mah-dsp0000002537\/","name":"TELEFONO MOVIL SMARTPHONE SAMSUNG GALAXY A32 NEGRO 6.4\" 128GB ROM 4GB RAM 64+8+5+2MPX 20MPX DUAL SIM 5000MAH - DSP0000002537 - Canon M5 Madrid | Distribuidor oficial Canon","isPartOf":{"@id":"https:\/\/canonm5.com\/#website"},"primaryImageOfPage":{"@id":"https:\/\/canonm5.com\/index.php\/producto\/telefono-movil-smartphone-samsung-galaxy-a32-negro-6-4-128gb-rom-4gb-ram-64852mpx-20mpx-dual-sim-5000mah-dsp0000002537\/#primaryimage"},"image":{"@id":"https:\/\/canonm5.com\/index.php\/producto\/telefono-movil-smartphone-samsung-galaxy-a32-negro-6-4-128gb-rom-4gb-ram-64852mpx-20mpx-dual-sim-5000mah-dsp0000002537\/#primaryimage"},"thumbnailUrl":"https:\/\/canonm5.com\/wp-content\/uploads\/2022\/12\/DSP0000002537-0.jpg","datePublished":"2022-12-20T09:58:13+00:00","dateModified":"2023-01-24T12:51:28+00:00","description":"DESCRIPCI\u00d3NSamsung Galaxy SM-A325F. Diagonal de la pantalla: 16,3 cm (6.4 )Resoluci\u00f3n de la pantalla:\u00a01800 x 2400 Pixeles, Tipo de visualizador:SAMOLED.Frecuencia del procesador: 2 GHz. Capacidad de RAM: 4 GBCapacidad de almacenamiento interno:\u00a0128 GB. Resoluci\u00f3n de la c\u00e1mara trasera (num\u00e9rica): 64 MP, Tipo de c\u00e1mara trasera: C\u00e1mara cu\u00e1druple.Capacidad de la tarjeta SIM:\u00a0SIM doble.Sistema operativo instalado:Android 11.Capacidad de bater\u00eda:\u00a05000 mAh.ESPECIFICACIONES\u00a0TEL\u00c9ONO MOVIL SMARTPHONE SAMSUNG GALAXY A32","breadcrumb":{"@id":"https:\/\/canonm5.com\/index.php\/producto\/telefono-movil-smartphone-samsung-galaxy-a32-negro-6-4-128gb-rom-4gb-ram-64852mpx-20mpx-dual-sim-5000mah-dsp0000002537\/#breadcrumb"},"inLanguage":"es","potentialAction":[{"@type":"ReadAction","target":["https:\/\/canonm5.com\/index.php\/producto\/telefono-movil-smartphone-samsung-galaxy-a32-negro-6-4-128gb-rom-4gb-ram-64852mpx-20mpx-dual-sim-5000mah-dsp0000002537\/"]}]},{"@type":"ImageObject","inLanguage":"es","@id":"https:\/\/canonm5.com\/index.php\/producto\/telefono-movil-smartphone-samsung-galaxy-a32-negro-6-4-128gb-rom-4gb-ram-64852mpx-20mpx-dual-sim-5000mah-dsp0000002537\/#primaryimage","url":"https:\/\/canonm5.com\/wp-content\/uploads\/2022\/12\/DSP0000002537-0.jpg","contentUrl":"https:\/\/canonm5.com\/wp-content\/uploads\/2022\/12\/DSP0000002537-0.jpg","width":1134,"height":1134},{"@type":"BreadcrumbList","@id":"https:\/\/canonm5.com\/index.php\/producto\/telefono-movil-smartphone-samsung-galaxy-a32-negro-6-4-128gb-rom-4gb-ram-64852mpx-20mpx-dual-sim-5000mah-dsp0000002537\/#breadcrumb","itemListElement":[{"@type":"ListItem","position":1,"name":"Portada","item":"https:\/\/canonm5.com\/"},{"@type":"ListItem","position":2,"name":"Nuestros productos","item":"https:\/\/canonm5.com\/index.php\/productos\/"},{"@type":"ListItem","position":3,"name":"TELEFONO MOVIL SMARTPHONE SAMSUNG GALAXY A32 NEGRO 6.4&#8243; 128GB ROM 4GB RAM 64+8+5+2MPX 20MPX DUAL SIM 5000MAH &#8211; DSP0000002537"}]},{"@type":"WebSite","@id":"https:\/\/canonm5.com\/#website","url":"https:\/\/canonm5.com\/","name":"Canon M5 Madrid | Distribuidor oficial Canon","description":"Renting de impresoras para empresas","potentialAction":[{"@type":"SearchAction","target":{"@type":"EntryPoint","urlTemplate":"https:\/\/canonm5.com\/?s={search_term_string}"},"query-input":{"@type":"PropertyValueSpecification","valueRequired":true,"valueName":"search_term_string"}}],"inLanguage":"es"}]}},"_links":{"self":[{"href":"https:\/\/canonm5.com\/index.php\/wp-json\/wp\/v2\/product\/5053","targetHints":{"allow":["GET"]}}],"collection":[{"href":"https:\/\/canonm5.com\/index.php\/wp-json\/wp\/v2\/product"}],"about":[{"href":"https:\/\/canonm5.com\/index.php\/wp-json\/wp\/v2\/types\/product"}],"wp:featuredmedia":[{"embeddable":true,"href":"https:\/\/canonm5.com\/index.php\/wp-json\/wp\/v2\/media\/5054"}],"wp:attachment":[{"href":"https:\/\/canonm5.com\/index.php\/wp-json\/wp\/v2\/media?parent=5053"}],"wp:term":[{"taxonomy":"product_cat","embeddable":true,"href":"https:\/\/canonm5.com\/index.php\/wp-json\/wp\/v2\/product_cat?post=5053"},{"taxonomy":"product_tag","embeddable":true,"href":"https:\/\/canonm5.com\/index.php\/wp-json\/wp\/v2\/product_tag?post=5053"}],"curies":[{"name":"wp","href":"https:\/\/api.w.org\/{rel}","templated":true}]}}