{"id":5032,"date":"2022-12-20T07:39:55","date_gmt":"2022-12-20T07:39:55","guid":{"rendered":"https:\/\/canonm5.com\/?post_type=product&#038;p=5032"},"modified":"2022-12-23T11:15:53","modified_gmt":"2022-12-23T11:15:53","slug":"trust-22946-altavoz-barra-de-sonido-arys-12w-usb-negro","status":"publish","type":"product","link":"https:\/\/canonm5.com\/index.php\/producto\/trust-22946-altavoz-barra-de-sonido-arys-12w-usb-negro\/","title":{"rendered":"Trust 22946 Altavoz Barra de Sonido Arys 12W USB Negro"},"content":{"rendered":"<p>Trust 22946 Altavoz Barra de Sonido Arys 12W USB Negro.<\/p>\n<p>La barra de sonido Arys es lo suficientemente fina como para caber debajo de la pantalla de su PC: se dise\u00f1\u00f3 teniendo en cuenta la decoraci\u00f3n del hogar y el estilo de vida. Especialmente cuando no tiene mucho espacio alrededor de su ordenador, la barra de sonido Arys es una excelente soluci\u00f3n. Con una potencia m\u00e1xima de 12 W, garantiza que los sonidos intensos y convincentes llegar\u00e1n a todas partes.<\/p>\n<p>Conecte el altavoz directamente a su TV, PC u otro dispositivo de reproducci\u00f3n de m\u00fasica, con el cable USB de alimentaci\u00f3n y con el conector auxiliar de 3,5 mm para obtener sonidos n\u00edtidos. Y ni siquiera necesitar\u00e1 una toma de corriente adicional en la pared.<\/p>\n<p>Suba f\u00e1cilmente el volumen con la gran perilla de control iluminada en la parte frontal de la barra de sonido.<\/p>\n<p>Caracter\u00edsticas:<br \/>\n&#8211; Salida de potencia m\u00e1xima de 12 W (6 vatios RMS).<br \/>\n&#8211; Forma horizontal que ahorra espacio y encaja debajo de cualquier monitor de ordenador.<br \/>\n&#8211; Control de volumen de gran tama\u00f1o, iluminado y de f\u00e1cil acceso en el frontal.<br \/>\n&#8211; Rejilla met\u00e1lica para protecci\u00f3n adicional.<br \/>\n&#8211; Alimentado por USB, no requiere alimentaci\u00f3n de red.<\/p>\n<p>&nbsp;<\/p>\n<p><em>E.O. Madrid Cinco S.L., no se responsabiliza de posibles errores tipogr\u00e1ficos y de precio. Las fotograf\u00edas de los productos pueden sufrir cambios<\/em><\/p>\n","protected":false},"excerpt":{"rendered":"<p>Caracter\u00edsticas:<br \/>\n&#8211; Salida de potencia m\u00e1xima de 12 W (6 vatios RMS).<br \/>\n&#8211; Forma horizontal que ahorra espacio y encaja debajo de cualquier monitor de ordenador.<br \/>\n&#8211; Control de volumen de gran tama\u00f1o, iluminado y de f\u00e1cil acceso en el frontal.<br \/>\n&#8211; Rejilla met\u00e1lica para protecci\u00f3n adicional.<br \/>\n&#8211; Alimentado por USB, no requiere alimentaci\u00f3n de red.<\/p>\n","protected":false},"featured_media":5033,"template":"","meta":{"_et_pb_use_builder":"","_et_pb_old_content":"","_et_gb_content_width":"","_joinchat":[]},"product_cat":[1013,801],"product_tag":[1595,1596,1592,1594,1593,1374],"class_list":{"0":"post-5032","1":"product","2":"type-product","3":"status-publish","4":"has-post-thumbnail","6":"product_cat-altavoces","7":"product_cat-informatica","8":"product_tag-12w-usb","9":"product_tag-1596","10":"product_tag-altavoz","11":"product_tag-arys","12":"product_tag-barra-de-sonido","13":"product_tag-trust","15":"first","16":"instock","17":"taxable","18":"shipping-taxable","19":"purchasable","20":"product-type-simple"},"yoast_head":"<!-- This site is optimized with the Yoast SEO plugin v27.4 - https:\/\/yoast.com\/product\/yoast-seo-wordpress\/ -->\n<title>Trust 22946 Altavoz Barra de Sonido Arys 12W USB Negro - Canon M5 Madrid | Distribuidor oficial Canon<\/title>\n<meta name=\"description\" content=\"La barra de sonido Arys es lo suficientemente fina como para caber debajo de la pantalla de su PC: se dise\u00f1\u00f3 teniendo en cuenta la decoraci\u00f3n del hogar y el estilo de vida. Especialmente cuando no tiene mucho espacio alrededor de su ordenador, la barra de sonido Arys es una excelente soluci\u00f3n. Con una potencia m\u00e1xima de 12 W, garantiza que los sonidos intensos y convincentes llegar\u00e1n a todas partes\" \/>\n<meta name=\"robots\" content=\"index, follow, max-snippet:-1, max-image-preview:large, max-video-preview:-1\" \/>\n<link rel=\"canonical\" href=\"https:\/\/canonm5.com\/index.php\/producto\/trust-22946-altavoz-barra-de-sonido-arys-12w-usb-negro\/\" \/>\n<meta property=\"og:locale\" content=\"es_ES\" \/>\n<meta property=\"og:type\" content=\"article\" \/>\n<meta property=\"og:title\" content=\"Trust 22946 Altavoz Barra de Sonido Arys 12W USB Negro - Canon M5 Madrid | Distribuidor oficial Canon\" \/>\n<meta property=\"og:description\" content=\"La barra de sonido Arys es lo suficientemente fina como para caber debajo de la pantalla de su PC: se dise\u00f1\u00f3 teniendo en cuenta la decoraci\u00f3n del hogar y el estilo de vida. Especialmente cuando no tiene mucho espacio alrededor de su ordenador, la barra de sonido Arys es una excelente soluci\u00f3n. Con una potencia m\u00e1xima de 12 W, garantiza que los sonidos intensos y convincentes llegar\u00e1n a todas partes\" \/>\n<meta property=\"og:url\" content=\"https:\/\/canonm5.com\/index.php\/producto\/trust-22946-altavoz-barra-de-sonido-arys-12w-usb-negro\/\" \/>\n<meta property=\"og:site_name\" content=\"Canon M5 Madrid | Distribuidor oficial Canon\" \/>\n<meta property=\"article:modified_time\" content=\"2022-12-23T11:15:53+00:00\" \/>\n<meta property=\"og:image\" content=\"https:\/\/canonm5.com\/wp-content\/uploads\/2022\/12\/96158_1-e1671521961410.jpg\" \/>\n\t<meta property=\"og:image:width\" content=\"1921\" \/>\n\t<meta property=\"og:image:height\" content=\"656\" \/>\n\t<meta property=\"og:image:type\" content=\"image\/jpeg\" \/>\n<meta name=\"twitter:card\" content=\"summary_large_image\" \/>\n<meta name=\"twitter:label1\" content=\"Tiempo de lectura\" \/>\n\t<meta name=\"twitter:data1\" content=\"1 minuto\" \/>\n<script type=\"application\/ld+json\" class=\"yoast-schema-graph\">{\"@context\":\"https:\\\/\\\/schema.org\",\"@graph\":[{\"@type\":\"WebPage\",\"@id\":\"https:\\\/\\\/canonm5.com\\\/index.php\\\/producto\\\/trust-22946-altavoz-barra-de-sonido-arys-12w-usb-negro\\\/\",\"url\":\"https:\\\/\\\/canonm5.com\\\/index.php\\\/producto\\\/trust-22946-altavoz-barra-de-sonido-arys-12w-usb-negro\\\/\",\"name\":\"Trust 22946 Altavoz Barra de Sonido Arys 12W USB Negro - Canon M5 Madrid | Distribuidor oficial Canon\",\"isPartOf\":{\"@id\":\"https:\\\/\\\/canonm5.com\\\/#website\"},\"primaryImageOfPage\":{\"@id\":\"https:\\\/\\\/canonm5.com\\\/index.php\\\/producto\\\/trust-22946-altavoz-barra-de-sonido-arys-12w-usb-negro\\\/#primaryimage\"},\"image\":{\"@id\":\"https:\\\/\\\/canonm5.com\\\/index.php\\\/producto\\\/trust-22946-altavoz-barra-de-sonido-arys-12w-usb-negro\\\/#primaryimage\"},\"thumbnailUrl\":\"https:\\\/\\\/canonm5.com\\\/wp-content\\\/uploads\\\/2022\\\/12\\\/96158_1-e1671521961410.jpg\",\"datePublished\":\"2022-12-20T07:39:55+00:00\",\"dateModified\":\"2022-12-23T11:15:53+00:00\",\"description\":\"La barra de sonido Arys es lo suficientemente fina como para caber debajo de la pantalla de su PC: se dise\u00f1\u00f3 teniendo en cuenta la decoraci\u00f3n del hogar y el estilo de vida. Especialmente cuando no tiene mucho espacio alrededor de su ordenador, la barra de sonido Arys es una excelente soluci\u00f3n. Con una potencia m\u00e1xima de 12 W, garantiza que los sonidos intensos y convincentes llegar\u00e1n a todas partes\",\"breadcrumb\":{\"@id\":\"https:\\\/\\\/canonm5.com\\\/index.php\\\/producto\\\/trust-22946-altavoz-barra-de-sonido-arys-12w-usb-negro\\\/#breadcrumb\"},\"inLanguage\":\"es\",\"potentialAction\":[{\"@type\":\"ReadAction\",\"target\":[\"https:\\\/\\\/canonm5.com\\\/index.php\\\/producto\\\/trust-22946-altavoz-barra-de-sonido-arys-12w-usb-negro\\\/\"]}]},{\"@type\":\"ImageObject\",\"inLanguage\":\"es\",\"@id\":\"https:\\\/\\\/canonm5.com\\\/index.php\\\/producto\\\/trust-22946-altavoz-barra-de-sonido-arys-12w-usb-negro\\\/#primaryimage\",\"url\":\"https:\\\/\\\/canonm5.com\\\/wp-content\\\/uploads\\\/2022\\\/12\\\/96158_1-e1671521961410.jpg\",\"contentUrl\":\"https:\\\/\\\/canonm5.com\\\/wp-content\\\/uploads\\\/2022\\\/12\\\/96158_1-e1671521961410.jpg\",\"width\":1921,\"height\":656},{\"@type\":\"BreadcrumbList\",\"@id\":\"https:\\\/\\\/canonm5.com\\\/index.php\\\/producto\\\/trust-22946-altavoz-barra-de-sonido-arys-12w-usb-negro\\\/#breadcrumb\",\"itemListElement\":[{\"@type\":\"ListItem\",\"position\":1,\"name\":\"Portada\",\"item\":\"https:\\\/\\\/canonm5.com\\\/\"},{\"@type\":\"ListItem\",\"position\":2,\"name\":\"Nuestros productos\",\"item\":\"https:\\\/\\\/canonm5.com\\\/index.php\\\/productos\\\/\"},{\"@type\":\"ListItem\",\"position\":3,\"name\":\"Trust 22946 Altavoz Barra de Sonido Arys 12W USB Negro\"}]},{\"@type\":\"WebSite\",\"@id\":\"https:\\\/\\\/canonm5.com\\\/#website\",\"url\":\"https:\\\/\\\/canonm5.com\\\/\",\"name\":\"Canon M5 Madrid | Distribuidor oficial Canon\",\"description\":\"Renting de impresoras para empresas\",\"potentialAction\":[{\"@type\":\"SearchAction\",\"target\":{\"@type\":\"EntryPoint\",\"urlTemplate\":\"https:\\\/\\\/canonm5.com\\\/?s={search_term_string}\"},\"query-input\":{\"@type\":\"PropertyValueSpecification\",\"valueRequired\":true,\"valueName\":\"search_term_string\"}}],\"inLanguage\":\"es\"}]}<\/script>\n<!-- \/ Yoast SEO plugin. -->","yoast_head_json":{"title":"Trust 22946 Altavoz Barra de Sonido Arys 12W USB Negro - Canon M5 Madrid | Distribuidor oficial Canon","description":"La barra de sonido Arys es lo suficientemente fina como para caber debajo de la pantalla de su PC: se dise\u00f1\u00f3 teniendo en cuenta la decoraci\u00f3n del hogar y el estilo de vida. Especialmente cuando no tiene mucho espacio alrededor de su ordenador, la barra de sonido Arys es una excelente soluci\u00f3n. Con una potencia m\u00e1xima de 12 W, garantiza que los sonidos intensos y convincentes llegar\u00e1n a todas partes","robots":{"index":"index","follow":"follow","max-snippet":"max-snippet:-1","max-image-preview":"max-image-preview:large","max-video-preview":"max-video-preview:-1"},"canonical":"https:\/\/canonm5.com\/index.php\/producto\/trust-22946-altavoz-barra-de-sonido-arys-12w-usb-negro\/","og_locale":"es_ES","og_type":"article","og_title":"Trust 22946 Altavoz Barra de Sonido Arys 12W USB Negro - Canon M5 Madrid | Distribuidor oficial Canon","og_description":"La barra de sonido Arys es lo suficientemente fina como para caber debajo de la pantalla de su PC: se dise\u00f1\u00f3 teniendo en cuenta la decoraci\u00f3n del hogar y el estilo de vida. Especialmente cuando no tiene mucho espacio alrededor de su ordenador, la barra de sonido Arys es una excelente soluci\u00f3n. Con una potencia m\u00e1xima de 12 W, garantiza que los sonidos intensos y convincentes llegar\u00e1n a todas partes","og_url":"https:\/\/canonm5.com\/index.php\/producto\/trust-22946-altavoz-barra-de-sonido-arys-12w-usb-negro\/","og_site_name":"Canon M5 Madrid | Distribuidor oficial Canon","article_modified_time":"2022-12-23T11:15:53+00:00","og_image":[{"width":1921,"height":656,"url":"https:\/\/canonm5.com\/wp-content\/uploads\/2022\/12\/96158_1-e1671521961410.jpg","type":"image\/jpeg"}],"twitter_card":"summary_large_image","twitter_misc":{"Tiempo de lectura":"1 minuto"},"schema":{"@context":"https:\/\/schema.org","@graph":[{"@type":"WebPage","@id":"https:\/\/canonm5.com\/index.php\/producto\/trust-22946-altavoz-barra-de-sonido-arys-12w-usb-negro\/","url":"https:\/\/canonm5.com\/index.php\/producto\/trust-22946-altavoz-barra-de-sonido-arys-12w-usb-negro\/","name":"Trust 22946 Altavoz Barra de Sonido Arys 12W USB Negro - Canon M5 Madrid | Distribuidor oficial Canon","isPartOf":{"@id":"https:\/\/canonm5.com\/#website"},"primaryImageOfPage":{"@id":"https:\/\/canonm5.com\/index.php\/producto\/trust-22946-altavoz-barra-de-sonido-arys-12w-usb-negro\/#primaryimage"},"image":{"@id":"https:\/\/canonm5.com\/index.php\/producto\/trust-22946-altavoz-barra-de-sonido-arys-12w-usb-negro\/#primaryimage"},"thumbnailUrl":"https:\/\/canonm5.com\/wp-content\/uploads\/2022\/12\/96158_1-e1671521961410.jpg","datePublished":"2022-12-20T07:39:55+00:00","dateModified":"2022-12-23T11:15:53+00:00","description":"La barra de sonido Arys es lo suficientemente fina como para caber debajo de la pantalla de su PC: se dise\u00f1\u00f3 teniendo en cuenta la decoraci\u00f3n del hogar y el estilo de vida. Especialmente cuando no tiene mucho espacio alrededor de su ordenador, la barra de sonido Arys es una excelente soluci\u00f3n. Con una potencia m\u00e1xima de 12 W, garantiza que los sonidos intensos y convincentes llegar\u00e1n a todas partes","breadcrumb":{"@id":"https:\/\/canonm5.com\/index.php\/producto\/trust-22946-altavoz-barra-de-sonido-arys-12w-usb-negro\/#breadcrumb"},"inLanguage":"es","potentialAction":[{"@type":"ReadAction","target":["https:\/\/canonm5.com\/index.php\/producto\/trust-22946-altavoz-barra-de-sonido-arys-12w-usb-negro\/"]}]},{"@type":"ImageObject","inLanguage":"es","@id":"https:\/\/canonm5.com\/index.php\/producto\/trust-22946-altavoz-barra-de-sonido-arys-12w-usb-negro\/#primaryimage","url":"https:\/\/canonm5.com\/wp-content\/uploads\/2022\/12\/96158_1-e1671521961410.jpg","contentUrl":"https:\/\/canonm5.com\/wp-content\/uploads\/2022\/12\/96158_1-e1671521961410.jpg","width":1921,"height":656},{"@type":"BreadcrumbList","@id":"https:\/\/canonm5.com\/index.php\/producto\/trust-22946-altavoz-barra-de-sonido-arys-12w-usb-negro\/#breadcrumb","itemListElement":[{"@type":"ListItem","position":1,"name":"Portada","item":"https:\/\/canonm5.com\/"},{"@type":"ListItem","position":2,"name":"Nuestros productos","item":"https:\/\/canonm5.com\/index.php\/productos\/"},{"@type":"ListItem","position":3,"name":"Trust 22946 Altavoz Barra de Sonido Arys 12W USB Negro"}]},{"@type":"WebSite","@id":"https:\/\/canonm5.com\/#website","url":"https:\/\/canonm5.com\/","name":"Canon M5 Madrid | Distribuidor oficial Canon","description":"Renting de impresoras para empresas","potentialAction":[{"@type":"SearchAction","target":{"@type":"EntryPoint","urlTemplate":"https:\/\/canonm5.com\/?s={search_term_string}"},"query-input":{"@type":"PropertyValueSpecification","valueRequired":true,"valueName":"search_term_string"}}],"inLanguage":"es"}]}},"_links":{"self":[{"href":"https:\/\/canonm5.com\/index.php\/wp-json\/wp\/v2\/product\/5032","targetHints":{"allow":["GET"]}}],"collection":[{"href":"https:\/\/canonm5.com\/index.php\/wp-json\/wp\/v2\/product"}],"about":[{"href":"https:\/\/canonm5.com\/index.php\/wp-json\/wp\/v2\/types\/product"}],"wp:featuredmedia":[{"embeddable":true,"href":"https:\/\/canonm5.com\/index.php\/wp-json\/wp\/v2\/media\/5033"}],"wp:attachment":[{"href":"https:\/\/canonm5.com\/index.php\/wp-json\/wp\/v2\/media?parent=5032"}],"wp:term":[{"taxonomy":"product_cat","embeddable":true,"href":"https:\/\/canonm5.com\/index.php\/wp-json\/wp\/v2\/product_cat?post=5032"},{"taxonomy":"product_tag","embeddable":true,"href":"https:\/\/canonm5.com\/index.php\/wp-json\/wp\/v2\/product_tag?post=5032"}],"curies":[{"name":"wp","href":"https:\/\/api.w.org\/{rel}","templated":true}]}}