{"id":4993,"date":"2022-12-01T15:16:14","date_gmt":"2022-12-01T15:16:14","guid":{"rendered":"https:\/\/canonm5.com\/?post_type=product&#038;p=4993"},"modified":"2022-12-20T10:53:44","modified_gmt":"2022-12-20T10:53:44","slug":"encuadernadora-gbc-c150pro","status":"publish","type":"product","link":"https:\/\/canonm5.com\/index.php\/producto\/encuadernadora-gbc-c150pro\/","title":{"rendered":"ENCUADERNADORA GBC C150PRO"},"content":{"rendered":"<p>&#8211; Eencuadernadora s\u00f3lida y robusta<br \/>\n&#8211; Ideal para un gran volumen de trabajo.<br \/>\n&#8211; Capacidad de perforaci\u00f3n: 20 hojas A4 de 80 gr.<br \/>\n&#8211; Encuaderna hasta 450 hojas A4 con un canutillo de 51 mm.<br \/>\n&#8211; Resistente estructura de aluminio<br \/>\n&#8211; Perforaci\u00f3n manual<\/p>\n<p>&nbsp;<\/p>\n<p><em>E.O. Madrid Cinco S.L., no se responsabiliza de posibles errores tipogr\u00e1ficos y de precio. Las fotograf\u00edas de los productos pueden sufrir cambios<\/em><\/p>\n","protected":false},"excerpt":{"rendered":"<p>&#8211; Eencuadernadora s\u00f3lida y robusta<br \/>\n&#8211; Ideal para un gran volumen de trabajo.<br \/>\n&#8211; Capacidad de perforaci\u00f3n: 20 hojas A4 de 80 gr.<br \/>\n&#8211; Encuaderna hasta 450 hojas A4 con un canutillo de 51 mm.<br \/>\n&#8211; Resistente estructura de aluminio<br \/>\n&#8211; Perforaci\u00f3n manual<\/p>\n","protected":false},"featured_media":4994,"template":"","meta":{"_et_pb_use_builder":"","_et_pb_old_content":"","_et_gb_content_width":"","_joinchat":[]},"product_cat":[830,997],"product_tag":[1591,832,1590],"class_list":{"0":"post-4993","1":"product","2":"type-product","3":"status-publish","4":"has-post-thumbnail","6":"product_cat-maquinas-de-oficina","7":"product_cat-plastificadoras-y-encuadernadoras","8":"product_tag-c150pro","9":"product_tag-encuadernadora","10":"product_tag-gbc","12":"first","13":"instock","14":"taxable","15":"shipping-taxable","16":"purchasable","17":"product-type-simple"},"yoast_head":"<!-- This site is optimized with the Yoast SEO plugin v27.4 - https:\/\/yoast.com\/product\/yoast-seo-wordpress\/ -->\n<title>ENCUADERNADORA GBC C150PRO - Canon M5 Madrid | Distribuidor oficial Canon<\/title>\n<meta name=\"description\" content=\"Tama\u00f1o de canutillo GBC m\u00e1ximo de 51 mm. Uso profesional. C150 PRO: Completamente met\u00e1lica, muy robusta y resistente. Margen lateral ajustable. Dimensiones: 36 x 30 x 21 cm. Peso: 8,3 k. C250 PRO: Todos los taladros son anulables, con regulaci\u00f3n de profundidad de taladro y margen lateral. Dimensiones: 380 x 30 x 23 cm. Peso: 10,3 k.\" \/>\n<meta name=\"robots\" content=\"index, follow, max-snippet:-1, max-image-preview:large, max-video-preview:-1\" \/>\n<link rel=\"canonical\" href=\"https:\/\/canonm5.com\/index.php\/producto\/encuadernadora-gbc-c150pro\/\" \/>\n<meta property=\"og:locale\" content=\"es_ES\" \/>\n<meta property=\"og:type\" content=\"article\" \/>\n<meta property=\"og:title\" content=\"ENCUADERNADORA GBC C150PRO - Canon M5 Madrid | Distribuidor oficial Canon\" \/>\n<meta property=\"og:description\" content=\"Tama\u00f1o de canutillo GBC m\u00e1ximo de 51 mm. Uso profesional. C150 PRO: Completamente met\u00e1lica, muy robusta y resistente. Margen lateral ajustable. Dimensiones: 36 x 30 x 21 cm. Peso: 8,3 k. C250 PRO: Todos los taladros son anulables, con regulaci\u00f3n de profundidad de taladro y margen lateral. Dimensiones: 380 x 30 x 23 cm. Peso: 10,3 k.\" \/>\n<meta property=\"og:url\" content=\"https:\/\/canonm5.com\/index.php\/producto\/encuadernadora-gbc-c150pro\/\" \/>\n<meta property=\"og:site_name\" content=\"Canon M5 Madrid | Distribuidor oficial Canon\" \/>\n<meta property=\"article:modified_time\" content=\"2022-12-20T10:53:44+00:00\" \/>\n<meta property=\"og:image\" content=\"https:\/\/canonm5.com\/wp-content\/uploads\/2022\/12\/encuadernadora-gbc-c150pro-ib271106.jpg\" \/>\n\t<meta property=\"og:image:width\" content=\"239\" \/>\n\t<meta property=\"og:image:height\" content=\"239\" \/>\n\t<meta property=\"og:image:type\" content=\"image\/jpeg\" \/>\n<meta name=\"twitter:card\" content=\"summary_large_image\" \/>\n<script type=\"application\/ld+json\" class=\"yoast-schema-graph\">{\"@context\":\"https:\\\/\\\/schema.org\",\"@graph\":[{\"@type\":\"WebPage\",\"@id\":\"https:\\\/\\\/canonm5.com\\\/index.php\\\/producto\\\/encuadernadora-gbc-c150pro\\\/\",\"url\":\"https:\\\/\\\/canonm5.com\\\/index.php\\\/producto\\\/encuadernadora-gbc-c150pro\\\/\",\"name\":\"ENCUADERNADORA GBC C150PRO - Canon M5 Madrid | Distribuidor oficial Canon\",\"isPartOf\":{\"@id\":\"https:\\\/\\\/canonm5.com\\\/#website\"},\"primaryImageOfPage\":{\"@id\":\"https:\\\/\\\/canonm5.com\\\/index.php\\\/producto\\\/encuadernadora-gbc-c150pro\\\/#primaryimage\"},\"image\":{\"@id\":\"https:\\\/\\\/canonm5.com\\\/index.php\\\/producto\\\/encuadernadora-gbc-c150pro\\\/#primaryimage\"},\"thumbnailUrl\":\"https:\\\/\\\/canonm5.com\\\/wp-content\\\/uploads\\\/2022\\\/12\\\/encuadernadora-gbc-c150pro-ib271106.jpg\",\"datePublished\":\"2022-12-01T15:16:14+00:00\",\"dateModified\":\"2022-12-20T10:53:44+00:00\",\"description\":\"Tama\u00f1o de canutillo GBC m\u00e1ximo de 51 mm. Uso profesional. C150 PRO: Completamente met\u00e1lica, muy robusta y resistente. Margen lateral ajustable. Dimensiones: 36 x 30 x 21 cm. Peso: 8,3 k. C250 PRO: Todos los taladros son anulables, con regulaci\u00f3n de profundidad de taladro y margen lateral. Dimensiones: 380 x 30 x 23 cm. Peso: 10,3 k.\",\"breadcrumb\":{\"@id\":\"https:\\\/\\\/canonm5.com\\\/index.php\\\/producto\\\/encuadernadora-gbc-c150pro\\\/#breadcrumb\"},\"inLanguage\":\"es\",\"potentialAction\":[{\"@type\":\"ReadAction\",\"target\":[\"https:\\\/\\\/canonm5.com\\\/index.php\\\/producto\\\/encuadernadora-gbc-c150pro\\\/\"]}]},{\"@type\":\"ImageObject\",\"inLanguage\":\"es\",\"@id\":\"https:\\\/\\\/canonm5.com\\\/index.php\\\/producto\\\/encuadernadora-gbc-c150pro\\\/#primaryimage\",\"url\":\"https:\\\/\\\/canonm5.com\\\/wp-content\\\/uploads\\\/2022\\\/12\\\/encuadernadora-gbc-c150pro-ib271106.jpg\",\"contentUrl\":\"https:\\\/\\\/canonm5.com\\\/wp-content\\\/uploads\\\/2022\\\/12\\\/encuadernadora-gbc-c150pro-ib271106.jpg\",\"width\":239,\"height\":239},{\"@type\":\"BreadcrumbList\",\"@id\":\"https:\\\/\\\/canonm5.com\\\/index.php\\\/producto\\\/encuadernadora-gbc-c150pro\\\/#breadcrumb\",\"itemListElement\":[{\"@type\":\"ListItem\",\"position\":1,\"name\":\"Portada\",\"item\":\"https:\\\/\\\/canonm5.com\\\/\"},{\"@type\":\"ListItem\",\"position\":2,\"name\":\"Nuestros productos\",\"item\":\"https:\\\/\\\/canonm5.com\\\/index.php\\\/productos\\\/\"},{\"@type\":\"ListItem\",\"position\":3,\"name\":\"ENCUADERNADORA GBC C150PRO\"}]},{\"@type\":\"WebSite\",\"@id\":\"https:\\\/\\\/canonm5.com\\\/#website\",\"url\":\"https:\\\/\\\/canonm5.com\\\/\",\"name\":\"Canon M5 Madrid | Distribuidor oficial Canon\",\"description\":\"Renting de impresoras para empresas\",\"potentialAction\":[{\"@type\":\"SearchAction\",\"target\":{\"@type\":\"EntryPoint\",\"urlTemplate\":\"https:\\\/\\\/canonm5.com\\\/?s={search_term_string}\"},\"query-input\":{\"@type\":\"PropertyValueSpecification\",\"valueRequired\":true,\"valueName\":\"search_term_string\"}}],\"inLanguage\":\"es\"}]}<\/script>\n<!-- \/ Yoast SEO plugin. -->","yoast_head_json":{"title":"ENCUADERNADORA GBC C150PRO - Canon M5 Madrid | Distribuidor oficial Canon","description":"Tama\u00f1o de canutillo GBC m\u00e1ximo de 51 mm. Uso profesional. C150 PRO: Completamente met\u00e1lica, muy robusta y resistente. Margen lateral ajustable. Dimensiones: 36 x 30 x 21 cm. Peso: 8,3 k. C250 PRO: Todos los taladros son anulables, con regulaci\u00f3n de profundidad de taladro y margen lateral. Dimensiones: 380 x 30 x 23 cm. Peso: 10,3 k.","robots":{"index":"index","follow":"follow","max-snippet":"max-snippet:-1","max-image-preview":"max-image-preview:large","max-video-preview":"max-video-preview:-1"},"canonical":"https:\/\/canonm5.com\/index.php\/producto\/encuadernadora-gbc-c150pro\/","og_locale":"es_ES","og_type":"article","og_title":"ENCUADERNADORA GBC C150PRO - Canon M5 Madrid | Distribuidor oficial Canon","og_description":"Tama\u00f1o de canutillo GBC m\u00e1ximo de 51 mm. Uso profesional. C150 PRO: Completamente met\u00e1lica, muy robusta y resistente. Margen lateral ajustable. Dimensiones: 36 x 30 x 21 cm. Peso: 8,3 k. C250 PRO: Todos los taladros son anulables, con regulaci\u00f3n de profundidad de taladro y margen lateral. Dimensiones: 380 x 30 x 23 cm. Peso: 10,3 k.","og_url":"https:\/\/canonm5.com\/index.php\/producto\/encuadernadora-gbc-c150pro\/","og_site_name":"Canon M5 Madrid | Distribuidor oficial Canon","article_modified_time":"2022-12-20T10:53:44+00:00","og_image":[{"width":239,"height":239,"url":"https:\/\/canonm5.com\/wp-content\/uploads\/2022\/12\/encuadernadora-gbc-c150pro-ib271106.jpg","type":"image\/jpeg"}],"twitter_card":"summary_large_image","schema":{"@context":"https:\/\/schema.org","@graph":[{"@type":"WebPage","@id":"https:\/\/canonm5.com\/index.php\/producto\/encuadernadora-gbc-c150pro\/","url":"https:\/\/canonm5.com\/index.php\/producto\/encuadernadora-gbc-c150pro\/","name":"ENCUADERNADORA GBC C150PRO - Canon M5 Madrid | Distribuidor oficial Canon","isPartOf":{"@id":"https:\/\/canonm5.com\/#website"},"primaryImageOfPage":{"@id":"https:\/\/canonm5.com\/index.php\/producto\/encuadernadora-gbc-c150pro\/#primaryimage"},"image":{"@id":"https:\/\/canonm5.com\/index.php\/producto\/encuadernadora-gbc-c150pro\/#primaryimage"},"thumbnailUrl":"https:\/\/canonm5.com\/wp-content\/uploads\/2022\/12\/encuadernadora-gbc-c150pro-ib271106.jpg","datePublished":"2022-12-01T15:16:14+00:00","dateModified":"2022-12-20T10:53:44+00:00","description":"Tama\u00f1o de canutillo GBC m\u00e1ximo de 51 mm. Uso profesional. C150 PRO: Completamente met\u00e1lica, muy robusta y resistente. Margen lateral ajustable. Dimensiones: 36 x 30 x 21 cm. Peso: 8,3 k. C250 PRO: Todos los taladros son anulables, con regulaci\u00f3n de profundidad de taladro y margen lateral. Dimensiones: 380 x 30 x 23 cm. Peso: 10,3 k.","breadcrumb":{"@id":"https:\/\/canonm5.com\/index.php\/producto\/encuadernadora-gbc-c150pro\/#breadcrumb"},"inLanguage":"es","potentialAction":[{"@type":"ReadAction","target":["https:\/\/canonm5.com\/index.php\/producto\/encuadernadora-gbc-c150pro\/"]}]},{"@type":"ImageObject","inLanguage":"es","@id":"https:\/\/canonm5.com\/index.php\/producto\/encuadernadora-gbc-c150pro\/#primaryimage","url":"https:\/\/canonm5.com\/wp-content\/uploads\/2022\/12\/encuadernadora-gbc-c150pro-ib271106.jpg","contentUrl":"https:\/\/canonm5.com\/wp-content\/uploads\/2022\/12\/encuadernadora-gbc-c150pro-ib271106.jpg","width":239,"height":239},{"@type":"BreadcrumbList","@id":"https:\/\/canonm5.com\/index.php\/producto\/encuadernadora-gbc-c150pro\/#breadcrumb","itemListElement":[{"@type":"ListItem","position":1,"name":"Portada","item":"https:\/\/canonm5.com\/"},{"@type":"ListItem","position":2,"name":"Nuestros productos","item":"https:\/\/canonm5.com\/index.php\/productos\/"},{"@type":"ListItem","position":3,"name":"ENCUADERNADORA GBC C150PRO"}]},{"@type":"WebSite","@id":"https:\/\/canonm5.com\/#website","url":"https:\/\/canonm5.com\/","name":"Canon M5 Madrid | Distribuidor oficial Canon","description":"Renting de impresoras para empresas","potentialAction":[{"@type":"SearchAction","target":{"@type":"EntryPoint","urlTemplate":"https:\/\/canonm5.com\/?s={search_term_string}"},"query-input":{"@type":"PropertyValueSpecification","valueRequired":true,"valueName":"search_term_string"}}],"inLanguage":"es"}]}},"_links":{"self":[{"href":"https:\/\/canonm5.com\/index.php\/wp-json\/wp\/v2\/product\/4993","targetHints":{"allow":["GET"]}}],"collection":[{"href":"https:\/\/canonm5.com\/index.php\/wp-json\/wp\/v2\/product"}],"about":[{"href":"https:\/\/canonm5.com\/index.php\/wp-json\/wp\/v2\/types\/product"}],"wp:featuredmedia":[{"embeddable":true,"href":"https:\/\/canonm5.com\/index.php\/wp-json\/wp\/v2\/media\/4994"}],"wp:attachment":[{"href":"https:\/\/canonm5.com\/index.php\/wp-json\/wp\/v2\/media?parent=4993"}],"wp:term":[{"taxonomy":"product_cat","embeddable":true,"href":"https:\/\/canonm5.com\/index.php\/wp-json\/wp\/v2\/product_cat?post=4993"},{"taxonomy":"product_tag","embeddable":true,"href":"https:\/\/canonm5.com\/index.php\/wp-json\/wp\/v2\/product_tag?post=4993"}],"curies":[{"name":"wp","href":"https:\/\/api.w.org\/{rel}","templated":true}]}}