{"id":4991,"date":"2022-12-01T15:10:29","date_gmt":"2022-12-01T15:10:29","guid":{"rendered":"https:\/\/canonm5.com\/?post_type=product&#038;p=4991"},"modified":"2022-12-20T10:53:01","modified_gmt":"2022-12-20T10:53:01","slug":"encuadernadora-fellowes-star-150","status":"publish","type":"product","link":"https:\/\/canonm5.com\/index.php\/producto\/encuadernadora-fellowes-star-150\/","title":{"rendered":"ENCUADERNADORA FELLOWES STAR+ 150"},"content":{"rendered":"<p>&#8211; Uso Moderado. Hogar y oficina en casa<br \/>\n&#8211; Perfora hasta 15 hojas A4 de 80 gr.<br \/>\n&#8211; Encuaderna hasta 150 hojas A4 de 80 gr. con un canutillo de 19 mm<br \/>\n&#8211; Palanca ergon\u00f3mica de perforaci\u00f3n, integrada en la base<br \/>\n&#8211; Perforaci\u00f3n manual<br \/>\n&#8211; La carga vertical de los documentos asegura una perfecta alineaci\u00f3n<\/p>\n<p>&nbsp;<\/p>\n<p><em>E.O. Madrid Cinco S.L., no se responsabiliza de posibles errores tipogr\u00e1ficos y de precio. Las fotograf\u00edas de los productos pueden sufrir cambios<\/em><\/p>\n","protected":false},"excerpt":{"rendered":"<p>&#8211; Uso Moderado. Hogar y oficina en casa<br \/>\n&#8211; Perfora hasta 15 hojas A4 de 80 gr.<br \/>\n&#8211; Encuaderna hasta 150 hojas A4 de 80 gr. con un canutillo de 19 mm<br \/>\n&#8211; Palanca ergon\u00f3mica de perforaci\u00f3n, integrada en la base<br \/>\n&#8211; Perforaci\u00f3n manual<br \/>\n&#8211; La carga vertical de los documentos asegura una perfecta alineaci\u00f3n<\/p>\n","protected":false},"featured_media":4992,"template":"","meta":{"_et_pb_use_builder":"","_et_pb_old_content":"","_et_gb_content_width":"","_joinchat":[]},"product_cat":[830,997],"product_tag":[1589,832,1563,833],"class_list":{"0":"post-4991","1":"product","2":"type-product","3":"status-publish","4":"has-post-thumbnail","6":"product_cat-maquinas-de-oficina","7":"product_cat-plastificadoras-y-encuadernadoras","8":"product_tag-1589","9":"product_tag-encuadernadora","10":"product_tag-fellowes","11":"product_tag-star","13":"first","14":"instock","15":"taxable","16":"shipping-taxable","17":"purchasable","18":"product-type-simple"},"yoast_head":"<!-- This site is optimized with the Yoast SEO plugin v27.4 - https:\/\/yoast.com\/product\/yoast-seo-wordpress\/ -->\n<title>ENCUADERNADORA FELLOWES STAR+ 150 - Canon M5 Madrid | Distribuidor oficial Canon<\/title>\n<meta name=\"description\" content=\"Encuadernadora de canutillo de pl\u00e1stico para uso moderado. Perfora hasta 15 hojas A4 de 80 gr. Encuaderna hasta 150 hojas A4 de 80 gr. con un canutillo de 19 mm. Palanca ergon\u00f3mica de perforaci\u00f3n, integrada en la base. La carga vertical de los documentos asegura una perfecta alineaci\u00f3n para su perforaci\u00f3n. Dimensiones 80 x 44.8 x 28cm. Peso de 4,9kg.\" \/>\n<meta name=\"robots\" content=\"index, follow, max-snippet:-1, max-image-preview:large, max-video-preview:-1\" \/>\n<link rel=\"canonical\" href=\"https:\/\/canonm5.com\/index.php\/producto\/encuadernadora-fellowes-star-150\/\" \/>\n<meta property=\"og:locale\" content=\"es_ES\" \/>\n<meta property=\"og:type\" content=\"article\" \/>\n<meta property=\"og:title\" content=\"ENCUADERNADORA FELLOWES STAR+ 150 - Canon M5 Madrid | Distribuidor oficial Canon\" \/>\n<meta property=\"og:description\" content=\"Encuadernadora de canutillo de pl\u00e1stico para uso moderado. Perfora hasta 15 hojas A4 de 80 gr. Encuaderna hasta 150 hojas A4 de 80 gr. con un canutillo de 19 mm. Palanca ergon\u00f3mica de perforaci\u00f3n, integrada en la base. La carga vertical de los documentos asegura una perfecta alineaci\u00f3n para su perforaci\u00f3n. Dimensiones 80 x 44.8 x 28cm. Peso de 4,9kg.\" \/>\n<meta property=\"og:url\" content=\"https:\/\/canonm5.com\/index.php\/producto\/encuadernadora-fellowes-star-150\/\" \/>\n<meta property=\"og:site_name\" content=\"Canon M5 Madrid | Distribuidor oficial Canon\" \/>\n<meta property=\"article:modified_time\" content=\"2022-12-20T10:53:01+00:00\" \/>\n<meta property=\"og:image\" content=\"https:\/\/canonm5.com\/wp-content\/uploads\/2022\/12\/encuadernadora-fellowes-star-150-5627501.jpg\" \/>\n\t<meta property=\"og:image:width\" content=\"239\" \/>\n\t<meta property=\"og:image:height\" content=\"239\" \/>\n\t<meta property=\"og:image:type\" content=\"image\/jpeg\" \/>\n<meta name=\"twitter:card\" content=\"summary_large_image\" \/>\n<meta name=\"twitter:label1\" content=\"Tiempo de lectura\" \/>\n\t<meta name=\"twitter:data1\" content=\"1 minuto\" \/>\n<script type=\"application\/ld+json\" class=\"yoast-schema-graph\">{\"@context\":\"https:\\\/\\\/schema.org\",\"@graph\":[{\"@type\":\"WebPage\",\"@id\":\"https:\\\/\\\/canonm5.com\\\/index.php\\\/producto\\\/encuadernadora-fellowes-star-150\\\/\",\"url\":\"https:\\\/\\\/canonm5.com\\\/index.php\\\/producto\\\/encuadernadora-fellowes-star-150\\\/\",\"name\":\"ENCUADERNADORA FELLOWES STAR+ 150 - Canon M5 Madrid | Distribuidor oficial Canon\",\"isPartOf\":{\"@id\":\"https:\\\/\\\/canonm5.com\\\/#website\"},\"primaryImageOfPage\":{\"@id\":\"https:\\\/\\\/canonm5.com\\\/index.php\\\/producto\\\/encuadernadora-fellowes-star-150\\\/#primaryimage\"},\"image\":{\"@id\":\"https:\\\/\\\/canonm5.com\\\/index.php\\\/producto\\\/encuadernadora-fellowes-star-150\\\/#primaryimage\"},\"thumbnailUrl\":\"https:\\\/\\\/canonm5.com\\\/wp-content\\\/uploads\\\/2022\\\/12\\\/encuadernadora-fellowes-star-150-5627501.jpg\",\"datePublished\":\"2022-12-01T15:10:29+00:00\",\"dateModified\":\"2022-12-20T10:53:01+00:00\",\"description\":\"Encuadernadora de canutillo de pl\u00e1stico para uso moderado. Perfora hasta 15 hojas A4 de 80 gr. Encuaderna hasta 150 hojas A4 de 80 gr. con un canutillo de 19 mm. Palanca ergon\u00f3mica de perforaci\u00f3n, integrada en la base. La carga vertical de los documentos asegura una perfecta alineaci\u00f3n para su perforaci\u00f3n. Dimensiones 80 x 44.8 x 28cm. Peso de 4,9kg.\",\"breadcrumb\":{\"@id\":\"https:\\\/\\\/canonm5.com\\\/index.php\\\/producto\\\/encuadernadora-fellowes-star-150\\\/#breadcrumb\"},\"inLanguage\":\"es\",\"potentialAction\":[{\"@type\":\"ReadAction\",\"target\":[\"https:\\\/\\\/canonm5.com\\\/index.php\\\/producto\\\/encuadernadora-fellowes-star-150\\\/\"]}]},{\"@type\":\"ImageObject\",\"inLanguage\":\"es\",\"@id\":\"https:\\\/\\\/canonm5.com\\\/index.php\\\/producto\\\/encuadernadora-fellowes-star-150\\\/#primaryimage\",\"url\":\"https:\\\/\\\/canonm5.com\\\/wp-content\\\/uploads\\\/2022\\\/12\\\/encuadernadora-fellowes-star-150-5627501.jpg\",\"contentUrl\":\"https:\\\/\\\/canonm5.com\\\/wp-content\\\/uploads\\\/2022\\\/12\\\/encuadernadora-fellowes-star-150-5627501.jpg\",\"width\":239,\"height\":239},{\"@type\":\"BreadcrumbList\",\"@id\":\"https:\\\/\\\/canonm5.com\\\/index.php\\\/producto\\\/encuadernadora-fellowes-star-150\\\/#breadcrumb\",\"itemListElement\":[{\"@type\":\"ListItem\",\"position\":1,\"name\":\"Portada\",\"item\":\"https:\\\/\\\/canonm5.com\\\/\"},{\"@type\":\"ListItem\",\"position\":2,\"name\":\"Nuestros productos\",\"item\":\"https:\\\/\\\/canonm5.com\\\/index.php\\\/productos\\\/\"},{\"@type\":\"ListItem\",\"position\":3,\"name\":\"ENCUADERNADORA FELLOWES STAR+ 150\"}]},{\"@type\":\"WebSite\",\"@id\":\"https:\\\/\\\/canonm5.com\\\/#website\",\"url\":\"https:\\\/\\\/canonm5.com\\\/\",\"name\":\"Canon M5 Madrid | Distribuidor oficial Canon\",\"description\":\"Renting de impresoras para empresas\",\"potentialAction\":[{\"@type\":\"SearchAction\",\"target\":{\"@type\":\"EntryPoint\",\"urlTemplate\":\"https:\\\/\\\/canonm5.com\\\/?s={search_term_string}\"},\"query-input\":{\"@type\":\"PropertyValueSpecification\",\"valueRequired\":true,\"valueName\":\"search_term_string\"}}],\"inLanguage\":\"es\"}]}<\/script>\n<!-- \/ Yoast SEO plugin. -->","yoast_head_json":{"title":"ENCUADERNADORA FELLOWES STAR+ 150 - Canon M5 Madrid | Distribuidor oficial Canon","description":"Encuadernadora de canutillo de pl\u00e1stico para uso moderado. Perfora hasta 15 hojas A4 de 80 gr. Encuaderna hasta 150 hojas A4 de 80 gr. con un canutillo de 19 mm. Palanca ergon\u00f3mica de perforaci\u00f3n, integrada en la base. La carga vertical de los documentos asegura una perfecta alineaci\u00f3n para su perforaci\u00f3n. Dimensiones 80 x 44.8 x 28cm. Peso de 4,9kg.","robots":{"index":"index","follow":"follow","max-snippet":"max-snippet:-1","max-image-preview":"max-image-preview:large","max-video-preview":"max-video-preview:-1"},"canonical":"https:\/\/canonm5.com\/index.php\/producto\/encuadernadora-fellowes-star-150\/","og_locale":"es_ES","og_type":"article","og_title":"ENCUADERNADORA FELLOWES STAR+ 150 - Canon M5 Madrid | Distribuidor oficial Canon","og_description":"Encuadernadora de canutillo de pl\u00e1stico para uso moderado. Perfora hasta 15 hojas A4 de 80 gr. Encuaderna hasta 150 hojas A4 de 80 gr. con un canutillo de 19 mm. Palanca ergon\u00f3mica de perforaci\u00f3n, integrada en la base. La carga vertical de los documentos asegura una perfecta alineaci\u00f3n para su perforaci\u00f3n. Dimensiones 80 x 44.8 x 28cm. Peso de 4,9kg.","og_url":"https:\/\/canonm5.com\/index.php\/producto\/encuadernadora-fellowes-star-150\/","og_site_name":"Canon M5 Madrid | Distribuidor oficial Canon","article_modified_time":"2022-12-20T10:53:01+00:00","og_image":[{"width":239,"height":239,"url":"https:\/\/canonm5.com\/wp-content\/uploads\/2022\/12\/encuadernadora-fellowes-star-150-5627501.jpg","type":"image\/jpeg"}],"twitter_card":"summary_large_image","twitter_misc":{"Tiempo de lectura":"1 minuto"},"schema":{"@context":"https:\/\/schema.org","@graph":[{"@type":"WebPage","@id":"https:\/\/canonm5.com\/index.php\/producto\/encuadernadora-fellowes-star-150\/","url":"https:\/\/canonm5.com\/index.php\/producto\/encuadernadora-fellowes-star-150\/","name":"ENCUADERNADORA FELLOWES STAR+ 150 - Canon M5 Madrid | Distribuidor oficial Canon","isPartOf":{"@id":"https:\/\/canonm5.com\/#website"},"primaryImageOfPage":{"@id":"https:\/\/canonm5.com\/index.php\/producto\/encuadernadora-fellowes-star-150\/#primaryimage"},"image":{"@id":"https:\/\/canonm5.com\/index.php\/producto\/encuadernadora-fellowes-star-150\/#primaryimage"},"thumbnailUrl":"https:\/\/canonm5.com\/wp-content\/uploads\/2022\/12\/encuadernadora-fellowes-star-150-5627501.jpg","datePublished":"2022-12-01T15:10:29+00:00","dateModified":"2022-12-20T10:53:01+00:00","description":"Encuadernadora de canutillo de pl\u00e1stico para uso moderado. Perfora hasta 15 hojas A4 de 80 gr. Encuaderna hasta 150 hojas A4 de 80 gr. con un canutillo de 19 mm. Palanca ergon\u00f3mica de perforaci\u00f3n, integrada en la base. La carga vertical de los documentos asegura una perfecta alineaci\u00f3n para su perforaci\u00f3n. Dimensiones 80 x 44.8 x 28cm. Peso de 4,9kg.","breadcrumb":{"@id":"https:\/\/canonm5.com\/index.php\/producto\/encuadernadora-fellowes-star-150\/#breadcrumb"},"inLanguage":"es","potentialAction":[{"@type":"ReadAction","target":["https:\/\/canonm5.com\/index.php\/producto\/encuadernadora-fellowes-star-150\/"]}]},{"@type":"ImageObject","inLanguage":"es","@id":"https:\/\/canonm5.com\/index.php\/producto\/encuadernadora-fellowes-star-150\/#primaryimage","url":"https:\/\/canonm5.com\/wp-content\/uploads\/2022\/12\/encuadernadora-fellowes-star-150-5627501.jpg","contentUrl":"https:\/\/canonm5.com\/wp-content\/uploads\/2022\/12\/encuadernadora-fellowes-star-150-5627501.jpg","width":239,"height":239},{"@type":"BreadcrumbList","@id":"https:\/\/canonm5.com\/index.php\/producto\/encuadernadora-fellowes-star-150\/#breadcrumb","itemListElement":[{"@type":"ListItem","position":1,"name":"Portada","item":"https:\/\/canonm5.com\/"},{"@type":"ListItem","position":2,"name":"Nuestros productos","item":"https:\/\/canonm5.com\/index.php\/productos\/"},{"@type":"ListItem","position":3,"name":"ENCUADERNADORA FELLOWES STAR+ 150"}]},{"@type":"WebSite","@id":"https:\/\/canonm5.com\/#website","url":"https:\/\/canonm5.com\/","name":"Canon M5 Madrid | Distribuidor oficial Canon","description":"Renting de impresoras para empresas","potentialAction":[{"@type":"SearchAction","target":{"@type":"EntryPoint","urlTemplate":"https:\/\/canonm5.com\/?s={search_term_string}"},"query-input":{"@type":"PropertyValueSpecification","valueRequired":true,"valueName":"search_term_string"}}],"inLanguage":"es"}]}},"_links":{"self":[{"href":"https:\/\/canonm5.com\/index.php\/wp-json\/wp\/v2\/product\/4991","targetHints":{"allow":["GET"]}}],"collection":[{"href":"https:\/\/canonm5.com\/index.php\/wp-json\/wp\/v2\/product"}],"about":[{"href":"https:\/\/canonm5.com\/index.php\/wp-json\/wp\/v2\/types\/product"}],"wp:featuredmedia":[{"embeddable":true,"href":"https:\/\/canonm5.com\/index.php\/wp-json\/wp\/v2\/media\/4992"}],"wp:attachment":[{"href":"https:\/\/canonm5.com\/index.php\/wp-json\/wp\/v2\/media?parent=4991"}],"wp:term":[{"taxonomy":"product_cat","embeddable":true,"href":"https:\/\/canonm5.com\/index.php\/wp-json\/wp\/v2\/product_cat?post=4991"},{"taxonomy":"product_tag","embeddable":true,"href":"https:\/\/canonm5.com\/index.php\/wp-json\/wp\/v2\/product_tag?post=4991"}],"curies":[{"name":"wp","href":"https:\/\/api.w.org\/{rel}","templated":true}]}}