{"id":4990,"date":"2022-12-01T15:07:35","date_gmt":"2022-12-01T15:07:35","guid":{"rendered":"https:\/\/canonm5.com\/?post_type=product&#038;p=4990"},"modified":"2022-12-20T10:51:59","modified_gmt":"2022-12-20T10:51:59","slug":"pack-100-fundas-de-plastificar-a-series-brillo-a3-125-micras","status":"publish","type":"product","link":"https:\/\/canonm5.com\/index.php\/producto\/pack-100-fundas-de-plastificar-a-series-brillo-a3-125-micras\/","title":{"rendered":"PACK 100 FUNDAS DE PLASTIFICAR A-SERIES BRILLO A3 125 MICRAS"},"content":{"rendered":"<p>&#8211; Fundas de 125 micras<br \/>\n&#8211; Ideales para plastificar notas informativas, fotograf\u00edas, material did\u00e1ctico&#8230;<br \/>\n&#8211; Acabado en brillo<\/p>\n<p>&nbsp;<\/p>\n<p><em>E.O. Madrid Cinco S.L., no se responsabiliza de posibles errores tipogr\u00e1ficos y de precio. Las fotograf\u00edas de los productos pueden sufrir cambios<\/em><\/p>\n","protected":false},"excerpt":{"rendered":"<p>&#8211; Fundas de 125 micras<br \/>\n&#8211; Ideales para plastificar notas informativas, fotograf\u00edas, material did\u00e1ctico&#8230;<br \/>\n&#8211; Acabado en brillo<\/p>\n","protected":false},"featured_media":4989,"template":"","meta":{"_et_pb_use_builder":"","_et_pb_old_content":"","_et_gb_content_width":"","_joinchat":[]},"product_cat":[830,997],"product_tag":[1588,823,1582,222,1584],"class_list":{"0":"post-4990","1":"product","2":"type-product","3":"status-publish","4":"has-post-thumbnail","6":"product_cat-maquinas-de-oficina","7":"product_cat-plastificadoras-y-encuadernadoras","8":"product_tag-125-micras","9":"product_tag-a3","10":"product_tag-brillo","11":"product_tag-fundas","12":"product_tag-plastificar","14":"first","15":"instock","16":"taxable","17":"shipping-taxable","18":"purchasable","19":"product-type-simple"},"yoast_head":"<!-- This site is optimized with the Yoast SEO plugin v27.4 - https:\/\/yoast.com\/product\/yoast-seo-wordpress\/ -->\n<title>PACK 100 FUNDAS DE PLASTIFICAR A-SERIES BRILLO A3 125 MICRAS - Canon M5 Madrid | Distribuidor oficial Canon<\/title>\n<meta name=\"description\" content=\"Fundas de plastificar de 125 micras de la m\u00e1s alta calidad, dise\u00f1adas para proteger y realzar tus documentos. Las flechas que aparecen indican la forma correcta de introducci\u00f3n de la funda, que desaparecen completamente tras la plastificaci\u00f3n. Son ideales para plastificar notas informativas, fotograf\u00edas, materiales did\u00e1cticos y documentos manipulados con frecuencia. Acabado en brillo en tama\u00f1o A3. Compatible con todas las plastificadoras del mercado.\" \/>\n<meta name=\"robots\" content=\"index, follow, max-snippet:-1, max-image-preview:large, max-video-preview:-1\" \/>\n<link rel=\"canonical\" href=\"https:\/\/canonm5.com\/index.php\/producto\/pack-100-fundas-de-plastificar-a-series-brillo-a3-125-micras\/\" \/>\n<meta property=\"og:locale\" content=\"es_ES\" \/>\n<meta property=\"og:type\" content=\"article\" \/>\n<meta property=\"og:title\" content=\"PACK 100 FUNDAS DE PLASTIFICAR A-SERIES BRILLO A3 125 MICRAS - Canon M5 Madrid | Distribuidor oficial Canon\" \/>\n<meta property=\"og:description\" content=\"Fundas de plastificar de 125 micras de la m\u00e1s alta calidad, dise\u00f1adas para proteger y realzar tus documentos. Las flechas que aparecen indican la forma correcta de introducci\u00f3n de la funda, que desaparecen completamente tras la plastificaci\u00f3n. Son ideales para plastificar notas informativas, fotograf\u00edas, materiales did\u00e1cticos y documentos manipulados con frecuencia. Acabado en brillo en tama\u00f1o A3. Compatible con todas las plastificadoras del mercado.\" \/>\n<meta property=\"og:url\" content=\"https:\/\/canonm5.com\/index.php\/producto\/pack-100-fundas-de-plastificar-a-series-brillo-a3-125-micras\/\" \/>\n<meta property=\"og:site_name\" content=\"Canon M5 Madrid | Distribuidor oficial Canon\" \/>\n<meta property=\"article:modified_time\" content=\"2022-12-20T10:51:59+00:00\" \/>\n<meta property=\"og:image\" content=\"https:\/\/canonm5.com\/wp-content\/uploads\/2022\/12\/paq-100-fundas-plastificar-a-series-80mic-a3-1.jpg\" \/>\n\t<meta property=\"og:image:width\" content=\"239\" \/>\n\t<meta property=\"og:image:height\" content=\"239\" \/>\n\t<meta property=\"og:image:type\" content=\"image\/jpeg\" \/>\n<meta name=\"twitter:card\" content=\"summary_large_image\" \/>\n<script type=\"application\/ld+json\" class=\"yoast-schema-graph\">{\"@context\":\"https:\\\/\\\/schema.org\",\"@graph\":[{\"@type\":\"WebPage\",\"@id\":\"https:\\\/\\\/canonm5.com\\\/index.php\\\/producto\\\/pack-100-fundas-de-plastificar-a-series-brillo-a3-125-micras\\\/\",\"url\":\"https:\\\/\\\/canonm5.com\\\/index.php\\\/producto\\\/pack-100-fundas-de-plastificar-a-series-brillo-a3-125-micras\\\/\",\"name\":\"PACK 100 FUNDAS DE PLASTIFICAR A-SERIES BRILLO A3 125 MICRAS - Canon M5 Madrid | Distribuidor oficial Canon\",\"isPartOf\":{\"@id\":\"https:\\\/\\\/canonm5.com\\\/#website\"},\"primaryImageOfPage\":{\"@id\":\"https:\\\/\\\/canonm5.com\\\/index.php\\\/producto\\\/pack-100-fundas-de-plastificar-a-series-brillo-a3-125-micras\\\/#primaryimage\"},\"image\":{\"@id\":\"https:\\\/\\\/canonm5.com\\\/index.php\\\/producto\\\/pack-100-fundas-de-plastificar-a-series-brillo-a3-125-micras\\\/#primaryimage\"},\"thumbnailUrl\":\"https:\\\/\\\/canonm5.com\\\/wp-content\\\/uploads\\\/2022\\\/12\\\/paq-100-fundas-plastificar-a-series-80mic-a3-1.jpg\",\"datePublished\":\"2022-12-01T15:07:35+00:00\",\"dateModified\":\"2022-12-20T10:51:59+00:00\",\"description\":\"Fundas de plastificar de 125 micras de la m\u00e1s alta calidad, dise\u00f1adas para proteger y realzar tus documentos. Las flechas que aparecen indican la forma correcta de introducci\u00f3n de la funda, que desaparecen completamente tras la plastificaci\u00f3n. Son ideales para plastificar notas informativas, fotograf\u00edas, materiales did\u00e1cticos y documentos manipulados con frecuencia. Acabado en brillo en tama\u00f1o A3. Compatible con todas las plastificadoras del mercado.\",\"breadcrumb\":{\"@id\":\"https:\\\/\\\/canonm5.com\\\/index.php\\\/producto\\\/pack-100-fundas-de-plastificar-a-series-brillo-a3-125-micras\\\/#breadcrumb\"},\"inLanguage\":\"es\",\"potentialAction\":[{\"@type\":\"ReadAction\",\"target\":[\"https:\\\/\\\/canonm5.com\\\/index.php\\\/producto\\\/pack-100-fundas-de-plastificar-a-series-brillo-a3-125-micras\\\/\"]}]},{\"@type\":\"ImageObject\",\"inLanguage\":\"es\",\"@id\":\"https:\\\/\\\/canonm5.com\\\/index.php\\\/producto\\\/pack-100-fundas-de-plastificar-a-series-brillo-a3-125-micras\\\/#primaryimage\",\"url\":\"https:\\\/\\\/canonm5.com\\\/wp-content\\\/uploads\\\/2022\\\/12\\\/paq-100-fundas-plastificar-a-series-80mic-a3-1.jpg\",\"contentUrl\":\"https:\\\/\\\/canonm5.com\\\/wp-content\\\/uploads\\\/2022\\\/12\\\/paq-100-fundas-plastificar-a-series-80mic-a3-1.jpg\",\"width\":239,\"height\":239},{\"@type\":\"BreadcrumbList\",\"@id\":\"https:\\\/\\\/canonm5.com\\\/index.php\\\/producto\\\/pack-100-fundas-de-plastificar-a-series-brillo-a3-125-micras\\\/#breadcrumb\",\"itemListElement\":[{\"@type\":\"ListItem\",\"position\":1,\"name\":\"Portada\",\"item\":\"https:\\\/\\\/canonm5.com\\\/\"},{\"@type\":\"ListItem\",\"position\":2,\"name\":\"Nuestros productos\",\"item\":\"https:\\\/\\\/canonm5.com\\\/index.php\\\/productos\\\/\"},{\"@type\":\"ListItem\",\"position\":3,\"name\":\"PACK 100 FUNDAS DE PLASTIFICAR A-SERIES BRILLO A3 125 MICRAS\"}]},{\"@type\":\"WebSite\",\"@id\":\"https:\\\/\\\/canonm5.com\\\/#website\",\"url\":\"https:\\\/\\\/canonm5.com\\\/\",\"name\":\"Canon M5 Madrid | Distribuidor oficial Canon\",\"description\":\"Renting de impresoras para empresas\",\"potentialAction\":[{\"@type\":\"SearchAction\",\"target\":{\"@type\":\"EntryPoint\",\"urlTemplate\":\"https:\\\/\\\/canonm5.com\\\/?s={search_term_string}\"},\"query-input\":{\"@type\":\"PropertyValueSpecification\",\"valueRequired\":true,\"valueName\":\"search_term_string\"}}],\"inLanguage\":\"es\"}]}<\/script>\n<!-- \/ Yoast SEO plugin. -->","yoast_head_json":{"title":"PACK 100 FUNDAS DE PLASTIFICAR A-SERIES BRILLO A3 125 MICRAS - Canon M5 Madrid | Distribuidor oficial Canon","description":"Fundas de plastificar de 125 micras de la m\u00e1s alta calidad, dise\u00f1adas para proteger y realzar tus documentos. Las flechas que aparecen indican la forma correcta de introducci\u00f3n de la funda, que desaparecen completamente tras la plastificaci\u00f3n. Son ideales para plastificar notas informativas, fotograf\u00edas, materiales did\u00e1cticos y documentos manipulados con frecuencia. Acabado en brillo en tama\u00f1o A3. Compatible con todas las plastificadoras del mercado.","robots":{"index":"index","follow":"follow","max-snippet":"max-snippet:-1","max-image-preview":"max-image-preview:large","max-video-preview":"max-video-preview:-1"},"canonical":"https:\/\/canonm5.com\/index.php\/producto\/pack-100-fundas-de-plastificar-a-series-brillo-a3-125-micras\/","og_locale":"es_ES","og_type":"article","og_title":"PACK 100 FUNDAS DE PLASTIFICAR A-SERIES BRILLO A3 125 MICRAS - Canon M5 Madrid | Distribuidor oficial Canon","og_description":"Fundas de plastificar de 125 micras de la m\u00e1s alta calidad, dise\u00f1adas para proteger y realzar tus documentos. Las flechas que aparecen indican la forma correcta de introducci\u00f3n de la funda, que desaparecen completamente tras la plastificaci\u00f3n. Son ideales para plastificar notas informativas, fotograf\u00edas, materiales did\u00e1cticos y documentos manipulados con frecuencia. Acabado en brillo en tama\u00f1o A3. Compatible con todas las plastificadoras del mercado.","og_url":"https:\/\/canonm5.com\/index.php\/producto\/pack-100-fundas-de-plastificar-a-series-brillo-a3-125-micras\/","og_site_name":"Canon M5 Madrid | Distribuidor oficial Canon","article_modified_time":"2022-12-20T10:51:59+00:00","og_image":[{"width":239,"height":239,"url":"https:\/\/canonm5.com\/wp-content\/uploads\/2022\/12\/paq-100-fundas-plastificar-a-series-80mic-a3-1.jpg","type":"image\/jpeg"}],"twitter_card":"summary_large_image","schema":{"@context":"https:\/\/schema.org","@graph":[{"@type":"WebPage","@id":"https:\/\/canonm5.com\/index.php\/producto\/pack-100-fundas-de-plastificar-a-series-brillo-a3-125-micras\/","url":"https:\/\/canonm5.com\/index.php\/producto\/pack-100-fundas-de-plastificar-a-series-brillo-a3-125-micras\/","name":"PACK 100 FUNDAS DE PLASTIFICAR A-SERIES BRILLO A3 125 MICRAS - Canon M5 Madrid | Distribuidor oficial Canon","isPartOf":{"@id":"https:\/\/canonm5.com\/#website"},"primaryImageOfPage":{"@id":"https:\/\/canonm5.com\/index.php\/producto\/pack-100-fundas-de-plastificar-a-series-brillo-a3-125-micras\/#primaryimage"},"image":{"@id":"https:\/\/canonm5.com\/index.php\/producto\/pack-100-fundas-de-plastificar-a-series-brillo-a3-125-micras\/#primaryimage"},"thumbnailUrl":"https:\/\/canonm5.com\/wp-content\/uploads\/2022\/12\/paq-100-fundas-plastificar-a-series-80mic-a3-1.jpg","datePublished":"2022-12-01T15:07:35+00:00","dateModified":"2022-12-20T10:51:59+00:00","description":"Fundas de plastificar de 125 micras de la m\u00e1s alta calidad, dise\u00f1adas para proteger y realzar tus documentos. Las flechas que aparecen indican la forma correcta de introducci\u00f3n de la funda, que desaparecen completamente tras la plastificaci\u00f3n. Son ideales para plastificar notas informativas, fotograf\u00edas, materiales did\u00e1cticos y documentos manipulados con frecuencia. Acabado en brillo en tama\u00f1o A3. Compatible con todas las plastificadoras del mercado.","breadcrumb":{"@id":"https:\/\/canonm5.com\/index.php\/producto\/pack-100-fundas-de-plastificar-a-series-brillo-a3-125-micras\/#breadcrumb"},"inLanguage":"es","potentialAction":[{"@type":"ReadAction","target":["https:\/\/canonm5.com\/index.php\/producto\/pack-100-fundas-de-plastificar-a-series-brillo-a3-125-micras\/"]}]},{"@type":"ImageObject","inLanguage":"es","@id":"https:\/\/canonm5.com\/index.php\/producto\/pack-100-fundas-de-plastificar-a-series-brillo-a3-125-micras\/#primaryimage","url":"https:\/\/canonm5.com\/wp-content\/uploads\/2022\/12\/paq-100-fundas-plastificar-a-series-80mic-a3-1.jpg","contentUrl":"https:\/\/canonm5.com\/wp-content\/uploads\/2022\/12\/paq-100-fundas-plastificar-a-series-80mic-a3-1.jpg","width":239,"height":239},{"@type":"BreadcrumbList","@id":"https:\/\/canonm5.com\/index.php\/producto\/pack-100-fundas-de-plastificar-a-series-brillo-a3-125-micras\/#breadcrumb","itemListElement":[{"@type":"ListItem","position":1,"name":"Portada","item":"https:\/\/canonm5.com\/"},{"@type":"ListItem","position":2,"name":"Nuestros productos","item":"https:\/\/canonm5.com\/index.php\/productos\/"},{"@type":"ListItem","position":3,"name":"PACK 100 FUNDAS DE PLASTIFICAR A-SERIES BRILLO A3 125 MICRAS"}]},{"@type":"WebSite","@id":"https:\/\/canonm5.com\/#website","url":"https:\/\/canonm5.com\/","name":"Canon M5 Madrid | Distribuidor oficial Canon","description":"Renting de impresoras para empresas","potentialAction":[{"@type":"SearchAction","target":{"@type":"EntryPoint","urlTemplate":"https:\/\/canonm5.com\/?s={search_term_string}"},"query-input":{"@type":"PropertyValueSpecification","valueRequired":true,"valueName":"search_term_string"}}],"inLanguage":"es"}]}},"_links":{"self":[{"href":"https:\/\/canonm5.com\/index.php\/wp-json\/wp\/v2\/product\/4990","targetHints":{"allow":["GET"]}}],"collection":[{"href":"https:\/\/canonm5.com\/index.php\/wp-json\/wp\/v2\/product"}],"about":[{"href":"https:\/\/canonm5.com\/index.php\/wp-json\/wp\/v2\/types\/product"}],"wp:featuredmedia":[{"embeddable":true,"href":"https:\/\/canonm5.com\/index.php\/wp-json\/wp\/v2\/media\/4989"}],"wp:attachment":[{"href":"https:\/\/canonm5.com\/index.php\/wp-json\/wp\/v2\/media?parent=4990"}],"wp:term":[{"taxonomy":"product_cat","embeddable":true,"href":"https:\/\/canonm5.com\/index.php\/wp-json\/wp\/v2\/product_cat?post=4990"},{"taxonomy":"product_tag","embeddable":true,"href":"https:\/\/canonm5.com\/index.php\/wp-json\/wp\/v2\/product_tag?post=4990"}],"curies":[{"name":"wp","href":"https:\/\/api.w.org\/{rel}","templated":true}]}}