{"id":4968,"date":"2022-12-01T14:33:47","date_gmt":"2022-12-01T14:33:47","guid":{"rendered":"https:\/\/canonm5.com\/?post_type=product&#038;p=4968"},"modified":"2022-12-20T10:44:44","modified_gmt":"2022-12-20T10:44:44","slug":"plastificadora-fellowes-saturn-3i-a4","status":"publish","type":"product","link":"https:\/\/canonm5.com\/index.php\/producto\/plastificadora-fellowes-saturn-3i-a4\/","title":{"rendered":"PLASTIFICADORA FELLOWES SATURN 3i A4"},"content":{"rendered":"<p>&#8211; Plastificadora<br \/>\n&#8211; Tecnolog\u00eda InstaHeat<br \/>\n&#8211; Plastifica documentos A4<br \/>\n&#8211; Adecuada para fundas de hasta 125 micras<br \/>\n&#8211; Sistema de retroceso para evitar atascos<br \/>\n&#8211; Apagado autom\u00e1tico reduciendo el consumo<br \/>\n&#8211; Velocidad de plastificaci\u00f3n de 30 cm\/minuto<br \/>\n&#8211; Incluye kit de plastificaci\u00f3n para 10 documentos<br \/>\n&#8211; Para un uso frecuente en una peque\u00f1a empresa<\/p>\n<p>&nbsp;<\/p>\n<p><em>E.O. Madrid Cinco S.L., no se responsabiliza de posibles errores tipogr\u00e1ficos y de precio. Las fotograf\u00edas de los productos pueden sufrir cambios<\/em><\/p>\n","protected":false},"excerpt":{"rendered":"<p>&#8211; Plastificadora<br \/>\n&#8211; Tecnolog\u00eda InstaHeat<br \/>\n&#8211; Plastifica documentos A4<br \/>\n&#8211; Adecuada para fundas de hasta 125 micras<br \/>\n&#8211; Sistema de retroceso para evitar atascos<br \/>\n&#8211; Apagado autom\u00e1tico reduciendo el consumo<br \/>\n&#8211; Velocidad de plastificaci\u00f3n de 30 cm\/minuto<br \/>\n&#8211; Incluye kit de plastificaci\u00f3n para 10 documentos<br \/>\n&#8211; Para un uso frecuente en una peque\u00f1a empresa<\/p>\n","protected":false},"featured_media":4969,"template":"","meta":{"_et_pb_use_builder":"","_et_pb_old_content":"","_et_gb_content_width":"","_joinchat":[]},"product_cat":[830,997],"product_tag":[1580,201,1563,1573,1579],"class_list":{"0":"post-4968","1":"product","2":"type-product","3":"status-publish","4":"has-post-thumbnail","6":"product_cat-maquinas-de-oficina","7":"product_cat-plastificadoras-y-encuadernadoras","8":"product_tag-3i","9":"product_tag-a4","10":"product_tag-fellowes","11":"product_tag-plastificadora","12":"product_tag-saturn","14":"first","15":"instock","16":"taxable","17":"shipping-taxable","18":"purchasable","19":"product-type-simple"},"yoast_head":"<!-- This site is optimized with the Yoast SEO plugin v27.4 - https:\/\/yoast.com\/product\/yoast-seo-wordpress\/ -->\n<title>PLASTIFICADORA FELLOWES SATURN 3i A4 - Canon M5 Madrid | Distribuidor oficial Canon<\/title>\n<meta name=\"description\" content=\"Plastificadora para documentos de hasta A4, para uso frecuente. Con sistema de calentamiento instant\u00e1neo InstaHeat\u2122, lista en tan solo 1 minuto y con indicadores luminosos para avisar cuando est\u00e1 a la temperatura correcta. Adecuada para fundas de plastificaci\u00f3n de 80 y 125 micras. Sistema de retroceso para evitar que las fundas mal alimentadas generen atascos. Apagado autom\u00e1tico reduciendo el consumo, despu\u00e9s de 30 minutos de inactividad de la plastificadora. Velocidad de plastificaci\u00f3n de 30cm\/minuto. Incluye kit de plastificaci\u00f3n para 10 documentos. Dimensiones: 10,48x43,66x13,97cm. Garant\u00eda de 2 a\u00f1os.\" \/>\n<meta name=\"robots\" content=\"index, follow, max-snippet:-1, max-image-preview:large, max-video-preview:-1\" \/>\n<link rel=\"canonical\" href=\"https:\/\/canonm5.com\/index.php\/producto\/plastificadora-fellowes-saturn-3i-a4\/\" \/>\n<meta property=\"og:locale\" content=\"es_ES\" \/>\n<meta property=\"og:type\" content=\"article\" \/>\n<meta property=\"og:title\" content=\"PLASTIFICADORA FELLOWES SATURN 3i A4 - Canon M5 Madrid | Distribuidor oficial Canon\" \/>\n<meta property=\"og:description\" content=\"Plastificadora para documentos de hasta A4, para uso frecuente. Con sistema de calentamiento instant\u00e1neo InstaHeat\u2122, lista en tan solo 1 minuto y con indicadores luminosos para avisar cuando est\u00e1 a la temperatura correcta. Adecuada para fundas de plastificaci\u00f3n de 80 y 125 micras. Sistema de retroceso para evitar que las fundas mal alimentadas generen atascos. Apagado autom\u00e1tico reduciendo el consumo, despu\u00e9s de 30 minutos de inactividad de la plastificadora. Velocidad de plastificaci\u00f3n de 30cm\/minuto. Incluye kit de plastificaci\u00f3n para 10 documentos. Dimensiones: 10,48x43,66x13,97cm. Garant\u00eda de 2 a\u00f1os.\" \/>\n<meta property=\"og:url\" content=\"https:\/\/canonm5.com\/index.php\/producto\/plastificadora-fellowes-saturn-3i-a4\/\" \/>\n<meta property=\"og:site_name\" content=\"Canon M5 Madrid | Distribuidor oficial Canon\" \/>\n<meta property=\"article:modified_time\" content=\"2022-12-20T10:44:44+00:00\" \/>\n<meta property=\"og:image\" content=\"https:\/\/canonm5.com\/wp-content\/uploads\/2022\/12\/plastificadora-fellowes-saturn-3i-a4-5724801.jpg\" \/>\n\t<meta property=\"og:image:width\" content=\"239\" \/>\n\t<meta property=\"og:image:height\" content=\"239\" \/>\n\t<meta property=\"og:image:type\" content=\"image\/jpeg\" \/>\n<meta name=\"twitter:card\" content=\"summary_large_image\" \/>\n<script type=\"application\/ld+json\" class=\"yoast-schema-graph\">{\"@context\":\"https:\\\/\\\/schema.org\",\"@graph\":[{\"@type\":\"WebPage\",\"@id\":\"https:\\\/\\\/canonm5.com\\\/index.php\\\/producto\\\/plastificadora-fellowes-saturn-3i-a4\\\/\",\"url\":\"https:\\\/\\\/canonm5.com\\\/index.php\\\/producto\\\/plastificadora-fellowes-saturn-3i-a4\\\/\",\"name\":\"PLASTIFICADORA FELLOWES SATURN 3i A4 - Canon M5 Madrid | Distribuidor oficial Canon\",\"isPartOf\":{\"@id\":\"https:\\\/\\\/canonm5.com\\\/#website\"},\"primaryImageOfPage\":{\"@id\":\"https:\\\/\\\/canonm5.com\\\/index.php\\\/producto\\\/plastificadora-fellowes-saturn-3i-a4\\\/#primaryimage\"},\"image\":{\"@id\":\"https:\\\/\\\/canonm5.com\\\/index.php\\\/producto\\\/plastificadora-fellowes-saturn-3i-a4\\\/#primaryimage\"},\"thumbnailUrl\":\"https:\\\/\\\/canonm5.com\\\/wp-content\\\/uploads\\\/2022\\\/12\\\/plastificadora-fellowes-saturn-3i-a4-5724801.jpg\",\"datePublished\":\"2022-12-01T14:33:47+00:00\",\"dateModified\":\"2022-12-20T10:44:44+00:00\",\"description\":\"Plastificadora para documentos de hasta A4, para uso frecuente. Con sistema de calentamiento instant\u00e1neo InstaHeat\u2122, lista en tan solo 1 minuto y con indicadores luminosos para avisar cuando est\u00e1 a la temperatura correcta. Adecuada para fundas de plastificaci\u00f3n de 80 y 125 micras. Sistema de retroceso para evitar que las fundas mal alimentadas generen atascos. Apagado autom\u00e1tico reduciendo el consumo, despu\u00e9s de 30 minutos de inactividad de la plastificadora. Velocidad de plastificaci\u00f3n de 30cm\\\/minuto. Incluye kit de plastificaci\u00f3n para 10 documentos. Dimensiones: 10,48x43,66x13,97cm. Garant\u00eda de 2 a\u00f1os.\",\"breadcrumb\":{\"@id\":\"https:\\\/\\\/canonm5.com\\\/index.php\\\/producto\\\/plastificadora-fellowes-saturn-3i-a4\\\/#breadcrumb\"},\"inLanguage\":\"es\",\"potentialAction\":[{\"@type\":\"ReadAction\",\"target\":[\"https:\\\/\\\/canonm5.com\\\/index.php\\\/producto\\\/plastificadora-fellowes-saturn-3i-a4\\\/\"]}]},{\"@type\":\"ImageObject\",\"inLanguage\":\"es\",\"@id\":\"https:\\\/\\\/canonm5.com\\\/index.php\\\/producto\\\/plastificadora-fellowes-saturn-3i-a4\\\/#primaryimage\",\"url\":\"https:\\\/\\\/canonm5.com\\\/wp-content\\\/uploads\\\/2022\\\/12\\\/plastificadora-fellowes-saturn-3i-a4-5724801.jpg\",\"contentUrl\":\"https:\\\/\\\/canonm5.com\\\/wp-content\\\/uploads\\\/2022\\\/12\\\/plastificadora-fellowes-saturn-3i-a4-5724801.jpg\",\"width\":239,\"height\":239},{\"@type\":\"BreadcrumbList\",\"@id\":\"https:\\\/\\\/canonm5.com\\\/index.php\\\/producto\\\/plastificadora-fellowes-saturn-3i-a4\\\/#breadcrumb\",\"itemListElement\":[{\"@type\":\"ListItem\",\"position\":1,\"name\":\"Portada\",\"item\":\"https:\\\/\\\/canonm5.com\\\/\"},{\"@type\":\"ListItem\",\"position\":2,\"name\":\"Nuestros productos\",\"item\":\"https:\\\/\\\/canonm5.com\\\/index.php\\\/productos\\\/\"},{\"@type\":\"ListItem\",\"position\":3,\"name\":\"PLASTIFICADORA FELLOWES SATURN 3i A4\"}]},{\"@type\":\"WebSite\",\"@id\":\"https:\\\/\\\/canonm5.com\\\/#website\",\"url\":\"https:\\\/\\\/canonm5.com\\\/\",\"name\":\"Canon M5 Madrid | Distribuidor oficial Canon\",\"description\":\"Renting de impresoras para empresas\",\"potentialAction\":[{\"@type\":\"SearchAction\",\"target\":{\"@type\":\"EntryPoint\",\"urlTemplate\":\"https:\\\/\\\/canonm5.com\\\/?s={search_term_string}\"},\"query-input\":{\"@type\":\"PropertyValueSpecification\",\"valueRequired\":true,\"valueName\":\"search_term_string\"}}],\"inLanguage\":\"es\"}]}<\/script>\n<!-- \/ Yoast SEO plugin. -->","yoast_head_json":{"title":"PLASTIFICADORA FELLOWES SATURN 3i A4 - Canon M5 Madrid | Distribuidor oficial Canon","description":"Plastificadora para documentos de hasta A4, para uso frecuente. Con sistema de calentamiento instant\u00e1neo InstaHeat\u2122, lista en tan solo 1 minuto y con indicadores luminosos para avisar cuando est\u00e1 a la temperatura correcta. Adecuada para fundas de plastificaci\u00f3n de 80 y 125 micras. Sistema de retroceso para evitar que las fundas mal alimentadas generen atascos. Apagado autom\u00e1tico reduciendo el consumo, despu\u00e9s de 30 minutos de inactividad de la plastificadora. Velocidad de plastificaci\u00f3n de 30cm\/minuto. Incluye kit de plastificaci\u00f3n para 10 documentos. Dimensiones: 10,48x43,66x13,97cm. Garant\u00eda de 2 a\u00f1os.","robots":{"index":"index","follow":"follow","max-snippet":"max-snippet:-1","max-image-preview":"max-image-preview:large","max-video-preview":"max-video-preview:-1"},"canonical":"https:\/\/canonm5.com\/index.php\/producto\/plastificadora-fellowes-saturn-3i-a4\/","og_locale":"es_ES","og_type":"article","og_title":"PLASTIFICADORA FELLOWES SATURN 3i A4 - Canon M5 Madrid | Distribuidor oficial Canon","og_description":"Plastificadora para documentos de hasta A4, para uso frecuente. Con sistema de calentamiento instant\u00e1neo InstaHeat\u2122, lista en tan solo 1 minuto y con indicadores luminosos para avisar cuando est\u00e1 a la temperatura correcta. Adecuada para fundas de plastificaci\u00f3n de 80 y 125 micras. Sistema de retroceso para evitar que las fundas mal alimentadas generen atascos. Apagado autom\u00e1tico reduciendo el consumo, despu\u00e9s de 30 minutos de inactividad de la plastificadora. Velocidad de plastificaci\u00f3n de 30cm\/minuto. Incluye kit de plastificaci\u00f3n para 10 documentos. Dimensiones: 10,48x43,66x13,97cm. Garant\u00eda de 2 a\u00f1os.","og_url":"https:\/\/canonm5.com\/index.php\/producto\/plastificadora-fellowes-saturn-3i-a4\/","og_site_name":"Canon M5 Madrid | Distribuidor oficial Canon","article_modified_time":"2022-12-20T10:44:44+00:00","og_image":[{"width":239,"height":239,"url":"https:\/\/canonm5.com\/wp-content\/uploads\/2022\/12\/plastificadora-fellowes-saturn-3i-a4-5724801.jpg","type":"image\/jpeg"}],"twitter_card":"summary_large_image","schema":{"@context":"https:\/\/schema.org","@graph":[{"@type":"WebPage","@id":"https:\/\/canonm5.com\/index.php\/producto\/plastificadora-fellowes-saturn-3i-a4\/","url":"https:\/\/canonm5.com\/index.php\/producto\/plastificadora-fellowes-saturn-3i-a4\/","name":"PLASTIFICADORA FELLOWES SATURN 3i A4 - Canon M5 Madrid | Distribuidor oficial Canon","isPartOf":{"@id":"https:\/\/canonm5.com\/#website"},"primaryImageOfPage":{"@id":"https:\/\/canonm5.com\/index.php\/producto\/plastificadora-fellowes-saturn-3i-a4\/#primaryimage"},"image":{"@id":"https:\/\/canonm5.com\/index.php\/producto\/plastificadora-fellowes-saturn-3i-a4\/#primaryimage"},"thumbnailUrl":"https:\/\/canonm5.com\/wp-content\/uploads\/2022\/12\/plastificadora-fellowes-saturn-3i-a4-5724801.jpg","datePublished":"2022-12-01T14:33:47+00:00","dateModified":"2022-12-20T10:44:44+00:00","description":"Plastificadora para documentos de hasta A4, para uso frecuente. Con sistema de calentamiento instant\u00e1neo InstaHeat\u2122, lista en tan solo 1 minuto y con indicadores luminosos para avisar cuando est\u00e1 a la temperatura correcta. Adecuada para fundas de plastificaci\u00f3n de 80 y 125 micras. Sistema de retroceso para evitar que las fundas mal alimentadas generen atascos. Apagado autom\u00e1tico reduciendo el consumo, despu\u00e9s de 30 minutos de inactividad de la plastificadora. Velocidad de plastificaci\u00f3n de 30cm\/minuto. Incluye kit de plastificaci\u00f3n para 10 documentos. Dimensiones: 10,48x43,66x13,97cm. Garant\u00eda de 2 a\u00f1os.","breadcrumb":{"@id":"https:\/\/canonm5.com\/index.php\/producto\/plastificadora-fellowes-saturn-3i-a4\/#breadcrumb"},"inLanguage":"es","potentialAction":[{"@type":"ReadAction","target":["https:\/\/canonm5.com\/index.php\/producto\/plastificadora-fellowes-saturn-3i-a4\/"]}]},{"@type":"ImageObject","inLanguage":"es","@id":"https:\/\/canonm5.com\/index.php\/producto\/plastificadora-fellowes-saturn-3i-a4\/#primaryimage","url":"https:\/\/canonm5.com\/wp-content\/uploads\/2022\/12\/plastificadora-fellowes-saturn-3i-a4-5724801.jpg","contentUrl":"https:\/\/canonm5.com\/wp-content\/uploads\/2022\/12\/plastificadora-fellowes-saturn-3i-a4-5724801.jpg","width":239,"height":239},{"@type":"BreadcrumbList","@id":"https:\/\/canonm5.com\/index.php\/producto\/plastificadora-fellowes-saturn-3i-a4\/#breadcrumb","itemListElement":[{"@type":"ListItem","position":1,"name":"Portada","item":"https:\/\/canonm5.com\/"},{"@type":"ListItem","position":2,"name":"Nuestros productos","item":"https:\/\/canonm5.com\/index.php\/productos\/"},{"@type":"ListItem","position":3,"name":"PLASTIFICADORA FELLOWES SATURN 3i A4"}]},{"@type":"WebSite","@id":"https:\/\/canonm5.com\/#website","url":"https:\/\/canonm5.com\/","name":"Canon M5 Madrid | Distribuidor oficial Canon","description":"Renting de impresoras para empresas","potentialAction":[{"@type":"SearchAction","target":{"@type":"EntryPoint","urlTemplate":"https:\/\/canonm5.com\/?s={search_term_string}"},"query-input":{"@type":"PropertyValueSpecification","valueRequired":true,"valueName":"search_term_string"}}],"inLanguage":"es"}]}},"_links":{"self":[{"href":"https:\/\/canonm5.com\/index.php\/wp-json\/wp\/v2\/product\/4968","targetHints":{"allow":["GET"]}}],"collection":[{"href":"https:\/\/canonm5.com\/index.php\/wp-json\/wp\/v2\/product"}],"about":[{"href":"https:\/\/canonm5.com\/index.php\/wp-json\/wp\/v2\/types\/product"}],"wp:featuredmedia":[{"embeddable":true,"href":"https:\/\/canonm5.com\/index.php\/wp-json\/wp\/v2\/media\/4969"}],"wp:attachment":[{"href":"https:\/\/canonm5.com\/index.php\/wp-json\/wp\/v2\/media?parent=4968"}],"wp:term":[{"taxonomy":"product_cat","embeddable":true,"href":"https:\/\/canonm5.com\/index.php\/wp-json\/wp\/v2\/product_cat?post=4968"},{"taxonomy":"product_tag","embeddable":true,"href":"https:\/\/canonm5.com\/index.php\/wp-json\/wp\/v2\/product_tag?post=4968"}],"curies":[{"name":"wp","href":"https:\/\/api.w.org\/{rel}","templated":true}]}}