{"id":4945,"date":"2022-11-29T15:08:53","date_gmt":"2022-11-29T15:08:53","guid":{"rendered":"https:\/\/canonm5.com\/?post_type=product&#038;p=4945"},"modified":"2022-12-20T10:32:55","modified_gmt":"2022-12-20T10:32:55","slug":"plastificadora-gbc-inspire-a3","status":"publish","type":"product","link":"https:\/\/canonm5.com\/index.php\/producto\/plastificadora-gbc-inspire-a3\/","title":{"rendered":"PLASTIFICADORA GBC INSPIRE+ A3"},"content":{"rendered":"<p>&#8211; Ideal para nuevos usuarios o para usos ocasionales en el hogar u oficina<br \/>\n&#8211; Calentamiento en 5 minutos<br \/>\n&#8211; Plastifica un documento con carteras de 2&#215;75-80 micras<br \/>\n&#8211; Plastifica desde documentos de identidad hasta tama\u00f1o A4<br \/>\n&#8211; Ajuste adicional de fr\u00edo para usar con carteras auto-adhesivas y en fr\u00edo<\/p>\n<p>&nbsp;<\/p>\n<p><em>E.O. Madrid Cinco S.L., no se responsabiliza de posibles errores tipogr\u00e1ficos y de precio. Las fotograf\u00edas de los productos pueden sufrir cambios<\/em><\/p>\n","protected":false},"excerpt":{"rendered":"<p>&#8211; Ideal para nuevos usuarios o para usos ocasionales en el hogar u oficina<br \/>\n&#8211; Calentamiento en 5 minutos<br \/>\n&#8211; Plastifica un documento con carteras de 2&#215;75-80 micras<br \/>\n&#8211; Plastifica desde documentos de identidad hasta tama\u00f1o A4<br \/>\n&#8211; Ajuste adicional de fr\u00edo para usar con carteras auto-adhesivas y en fr\u00edo<\/p>\n","protected":false},"featured_media":4946,"template":"","meta":{"_et_pb_use_builder":"","_et_pb_old_content":"","_et_gb_content_width":"","_joinchat":[]},"product_cat":[830,997],"product_tag":[823,1575,1574,239,1573],"class_list":{"0":"post-4945","1":"product","2":"type-product","3":"status-publish","4":"has-post-thumbnail","6":"product_cat-maquinas-de-oficina","7":"product_cat-plastificadoras-y-encuadernadoras","8":"product_tag-a3","9":"product_tag-cgc","10":"product_tag-inspire","11":"product_tag-negra","12":"product_tag-plastificadora","14":"first","15":"instock","16":"taxable","17":"shipping-taxable","18":"purchasable","19":"product-type-simple"},"yoast_head":"<!-- This site is optimized with the Yoast SEO plugin v27.4 - https:\/\/yoast.com\/product\/yoast-seo-wordpress\/ -->\n<title>PLASTIFICADORA GBC INSPIRE+ A3 - Canon M5 Madrid | Distribuidor oficial Canon<\/title>\n<meta name=\"description\" content=\"Inspirada para plastificar. Plastificadora Inspire+ A3, ligera y compacta, perfecta para usuario dom\u00e9stico y profesional ocasional que necesita flexibilidad para creaciones desde tama\u00f1os de tarjetas identificativas hasta tama\u00f1o A3. De uso sencillo, con un interruptor y emplea carteras de 2x80 micras con bandeja de salida para acabado plano. \u00a1Sea creativo con Inspire + - la imaginaci\u00f3n es todo lo que necesita!\" \/>\n<meta name=\"robots\" content=\"index, follow, max-snippet:-1, max-image-preview:large, max-video-preview:-1\" \/>\n<link rel=\"canonical\" href=\"https:\/\/canonm5.com\/index.php\/producto\/plastificadora-gbc-inspire-a3\/\" \/>\n<meta property=\"og:locale\" content=\"es_ES\" \/>\n<meta property=\"og:type\" content=\"article\" \/>\n<meta property=\"og:title\" content=\"PLASTIFICADORA GBC INSPIRE+ A3 - Canon M5 Madrid | Distribuidor oficial Canon\" \/>\n<meta property=\"og:description\" content=\"Inspirada para plastificar. Plastificadora Inspire+ A3, ligera y compacta, perfecta para usuario dom\u00e9stico y profesional ocasional que necesita flexibilidad para creaciones desde tama\u00f1os de tarjetas identificativas hasta tama\u00f1o A3. De uso sencillo, con un interruptor y emplea carteras de 2x80 micras con bandeja de salida para acabado plano. \u00a1Sea creativo con Inspire + - la imaginaci\u00f3n es todo lo que necesita!\" \/>\n<meta property=\"og:url\" content=\"https:\/\/canonm5.com\/index.php\/producto\/plastificadora-gbc-inspire-a3\/\" \/>\n<meta property=\"og:site_name\" content=\"Canon M5 Madrid | Distribuidor oficial Canon\" \/>\n<meta property=\"article:modified_time\" content=\"2022-12-20T10:32:55+00:00\" \/>\n<meta property=\"og:image\" content=\"https:\/\/canonm5.com\/wp-content\/uploads\/2022\/11\/plastificadora-gbc-inspire-a3-4402076eu.jpg\" \/>\n\t<meta property=\"og:image:width\" content=\"239\" \/>\n\t<meta property=\"og:image:height\" content=\"239\" \/>\n\t<meta property=\"og:image:type\" content=\"image\/jpeg\" \/>\n<meta name=\"twitter:card\" content=\"summary_large_image\" \/>\n<script type=\"application\/ld+json\" class=\"yoast-schema-graph\">{\"@context\":\"https:\\\/\\\/schema.org\",\"@graph\":[{\"@type\":\"WebPage\",\"@id\":\"https:\\\/\\\/canonm5.com\\\/index.php\\\/producto\\\/plastificadora-gbc-inspire-a3\\\/\",\"url\":\"https:\\\/\\\/canonm5.com\\\/index.php\\\/producto\\\/plastificadora-gbc-inspire-a3\\\/\",\"name\":\"PLASTIFICADORA GBC INSPIRE+ A3 - Canon M5 Madrid | Distribuidor oficial Canon\",\"isPartOf\":{\"@id\":\"https:\\\/\\\/canonm5.com\\\/#website\"},\"primaryImageOfPage\":{\"@id\":\"https:\\\/\\\/canonm5.com\\\/index.php\\\/producto\\\/plastificadora-gbc-inspire-a3\\\/#primaryimage\"},\"image\":{\"@id\":\"https:\\\/\\\/canonm5.com\\\/index.php\\\/producto\\\/plastificadora-gbc-inspire-a3\\\/#primaryimage\"},\"thumbnailUrl\":\"https:\\\/\\\/canonm5.com\\\/wp-content\\\/uploads\\\/2022\\\/11\\\/plastificadora-gbc-inspire-a3-4402076eu.jpg\",\"datePublished\":\"2022-11-29T15:08:53+00:00\",\"dateModified\":\"2022-12-20T10:32:55+00:00\",\"description\":\"Inspirada para plastificar. Plastificadora Inspire+ A3, ligera y compacta, perfecta para usuario dom\u00e9stico y profesional ocasional que necesita flexibilidad para creaciones desde tama\u00f1os de tarjetas identificativas hasta tama\u00f1o A3. De uso sencillo, con un interruptor y emplea carteras de 2x80 micras con bandeja de salida para acabado plano. \u00a1Sea creativo con Inspire + - la imaginaci\u00f3n es todo lo que necesita!\",\"breadcrumb\":{\"@id\":\"https:\\\/\\\/canonm5.com\\\/index.php\\\/producto\\\/plastificadora-gbc-inspire-a3\\\/#breadcrumb\"},\"inLanguage\":\"es\",\"potentialAction\":[{\"@type\":\"ReadAction\",\"target\":[\"https:\\\/\\\/canonm5.com\\\/index.php\\\/producto\\\/plastificadora-gbc-inspire-a3\\\/\"]}]},{\"@type\":\"ImageObject\",\"inLanguage\":\"es\",\"@id\":\"https:\\\/\\\/canonm5.com\\\/index.php\\\/producto\\\/plastificadora-gbc-inspire-a3\\\/#primaryimage\",\"url\":\"https:\\\/\\\/canonm5.com\\\/wp-content\\\/uploads\\\/2022\\\/11\\\/plastificadora-gbc-inspire-a3-4402076eu.jpg\",\"contentUrl\":\"https:\\\/\\\/canonm5.com\\\/wp-content\\\/uploads\\\/2022\\\/11\\\/plastificadora-gbc-inspire-a3-4402076eu.jpg\",\"width\":239,\"height\":239},{\"@type\":\"BreadcrumbList\",\"@id\":\"https:\\\/\\\/canonm5.com\\\/index.php\\\/producto\\\/plastificadora-gbc-inspire-a3\\\/#breadcrumb\",\"itemListElement\":[{\"@type\":\"ListItem\",\"position\":1,\"name\":\"Portada\",\"item\":\"https:\\\/\\\/canonm5.com\\\/\"},{\"@type\":\"ListItem\",\"position\":2,\"name\":\"Nuestros productos\",\"item\":\"https:\\\/\\\/canonm5.com\\\/index.php\\\/productos\\\/\"},{\"@type\":\"ListItem\",\"position\":3,\"name\":\"PLASTIFICADORA GBC INSPIRE+ A3\"}]},{\"@type\":\"WebSite\",\"@id\":\"https:\\\/\\\/canonm5.com\\\/#website\",\"url\":\"https:\\\/\\\/canonm5.com\\\/\",\"name\":\"Canon M5 Madrid | Distribuidor oficial Canon\",\"description\":\"Renting de impresoras para empresas\",\"potentialAction\":[{\"@type\":\"SearchAction\",\"target\":{\"@type\":\"EntryPoint\",\"urlTemplate\":\"https:\\\/\\\/canonm5.com\\\/?s={search_term_string}\"},\"query-input\":{\"@type\":\"PropertyValueSpecification\",\"valueRequired\":true,\"valueName\":\"search_term_string\"}}],\"inLanguage\":\"es\"}]}<\/script>\n<!-- \/ Yoast SEO plugin. -->","yoast_head_json":{"title":"PLASTIFICADORA GBC INSPIRE+ A3 - Canon M5 Madrid | Distribuidor oficial Canon","description":"Inspirada para plastificar. Plastificadora Inspire+ A3, ligera y compacta, perfecta para usuario dom\u00e9stico y profesional ocasional que necesita flexibilidad para creaciones desde tama\u00f1os de tarjetas identificativas hasta tama\u00f1o A3. De uso sencillo, con un interruptor y emplea carteras de 2x80 micras con bandeja de salida para acabado plano. \u00a1Sea creativo con Inspire + - la imaginaci\u00f3n es todo lo que necesita!","robots":{"index":"index","follow":"follow","max-snippet":"max-snippet:-1","max-image-preview":"max-image-preview:large","max-video-preview":"max-video-preview:-1"},"canonical":"https:\/\/canonm5.com\/index.php\/producto\/plastificadora-gbc-inspire-a3\/","og_locale":"es_ES","og_type":"article","og_title":"PLASTIFICADORA GBC INSPIRE+ A3 - Canon M5 Madrid | Distribuidor oficial Canon","og_description":"Inspirada para plastificar. Plastificadora Inspire+ A3, ligera y compacta, perfecta para usuario dom\u00e9stico y profesional ocasional que necesita flexibilidad para creaciones desde tama\u00f1os de tarjetas identificativas hasta tama\u00f1o A3. De uso sencillo, con un interruptor y emplea carteras de 2x80 micras con bandeja de salida para acabado plano. \u00a1Sea creativo con Inspire + - la imaginaci\u00f3n es todo lo que necesita!","og_url":"https:\/\/canonm5.com\/index.php\/producto\/plastificadora-gbc-inspire-a3\/","og_site_name":"Canon M5 Madrid | Distribuidor oficial Canon","article_modified_time":"2022-12-20T10:32:55+00:00","og_image":[{"width":239,"height":239,"url":"https:\/\/canonm5.com\/wp-content\/uploads\/2022\/11\/plastificadora-gbc-inspire-a3-4402076eu.jpg","type":"image\/jpeg"}],"twitter_card":"summary_large_image","schema":{"@context":"https:\/\/schema.org","@graph":[{"@type":"WebPage","@id":"https:\/\/canonm5.com\/index.php\/producto\/plastificadora-gbc-inspire-a3\/","url":"https:\/\/canonm5.com\/index.php\/producto\/plastificadora-gbc-inspire-a3\/","name":"PLASTIFICADORA GBC INSPIRE+ A3 - Canon M5 Madrid | Distribuidor oficial Canon","isPartOf":{"@id":"https:\/\/canonm5.com\/#website"},"primaryImageOfPage":{"@id":"https:\/\/canonm5.com\/index.php\/producto\/plastificadora-gbc-inspire-a3\/#primaryimage"},"image":{"@id":"https:\/\/canonm5.com\/index.php\/producto\/plastificadora-gbc-inspire-a3\/#primaryimage"},"thumbnailUrl":"https:\/\/canonm5.com\/wp-content\/uploads\/2022\/11\/plastificadora-gbc-inspire-a3-4402076eu.jpg","datePublished":"2022-11-29T15:08:53+00:00","dateModified":"2022-12-20T10:32:55+00:00","description":"Inspirada para plastificar. Plastificadora Inspire+ A3, ligera y compacta, perfecta para usuario dom\u00e9stico y profesional ocasional que necesita flexibilidad para creaciones desde tama\u00f1os de tarjetas identificativas hasta tama\u00f1o A3. De uso sencillo, con un interruptor y emplea carteras de 2x80 micras con bandeja de salida para acabado plano. \u00a1Sea creativo con Inspire + - la imaginaci\u00f3n es todo lo que necesita!","breadcrumb":{"@id":"https:\/\/canonm5.com\/index.php\/producto\/plastificadora-gbc-inspire-a3\/#breadcrumb"},"inLanguage":"es","potentialAction":[{"@type":"ReadAction","target":["https:\/\/canonm5.com\/index.php\/producto\/plastificadora-gbc-inspire-a3\/"]}]},{"@type":"ImageObject","inLanguage":"es","@id":"https:\/\/canonm5.com\/index.php\/producto\/plastificadora-gbc-inspire-a3\/#primaryimage","url":"https:\/\/canonm5.com\/wp-content\/uploads\/2022\/11\/plastificadora-gbc-inspire-a3-4402076eu.jpg","contentUrl":"https:\/\/canonm5.com\/wp-content\/uploads\/2022\/11\/plastificadora-gbc-inspire-a3-4402076eu.jpg","width":239,"height":239},{"@type":"BreadcrumbList","@id":"https:\/\/canonm5.com\/index.php\/producto\/plastificadora-gbc-inspire-a3\/#breadcrumb","itemListElement":[{"@type":"ListItem","position":1,"name":"Portada","item":"https:\/\/canonm5.com\/"},{"@type":"ListItem","position":2,"name":"Nuestros productos","item":"https:\/\/canonm5.com\/index.php\/productos\/"},{"@type":"ListItem","position":3,"name":"PLASTIFICADORA GBC INSPIRE+ A3"}]},{"@type":"WebSite","@id":"https:\/\/canonm5.com\/#website","url":"https:\/\/canonm5.com\/","name":"Canon M5 Madrid | Distribuidor oficial Canon","description":"Renting de impresoras para empresas","potentialAction":[{"@type":"SearchAction","target":{"@type":"EntryPoint","urlTemplate":"https:\/\/canonm5.com\/?s={search_term_string}"},"query-input":{"@type":"PropertyValueSpecification","valueRequired":true,"valueName":"search_term_string"}}],"inLanguage":"es"}]}},"_links":{"self":[{"href":"https:\/\/canonm5.com\/index.php\/wp-json\/wp\/v2\/product\/4945","targetHints":{"allow":["GET"]}}],"collection":[{"href":"https:\/\/canonm5.com\/index.php\/wp-json\/wp\/v2\/product"}],"about":[{"href":"https:\/\/canonm5.com\/index.php\/wp-json\/wp\/v2\/types\/product"}],"wp:featuredmedia":[{"embeddable":true,"href":"https:\/\/canonm5.com\/index.php\/wp-json\/wp\/v2\/media\/4946"}],"wp:attachment":[{"href":"https:\/\/canonm5.com\/index.php\/wp-json\/wp\/v2\/media?parent=4945"}],"wp:term":[{"taxonomy":"product_cat","embeddable":true,"href":"https:\/\/canonm5.com\/index.php\/wp-json\/wp\/v2\/product_cat?post=4945"},{"taxonomy":"product_tag","embeddable":true,"href":"https:\/\/canonm5.com\/index.php\/wp-json\/wp\/v2\/product_tag?post=4945"}],"curies":[{"name":"wp","href":"https:\/\/api.w.org\/{rel}","templated":true}]}}