{"id":4920,"date":"2022-11-28T12:45:52","date_gmt":"2022-11-28T12:45:52","guid":{"rendered":"https:\/\/canonm5.com\/?post_type=product&#038;p=4920"},"modified":"2022-11-28T15:10:30","modified_gmt":"2022-11-28T15:10:30","slug":"boligrafo-detector-de-billetes-safescan-30","status":"publish","type":"product","link":"https:\/\/canonm5.com\/index.php\/producto\/boligrafo-detector-de-billetes-safescan-30\/","title":{"rendered":"BOL\u00cdGRAFO DETECTOR DE BILLETES SAFESCAN 30"},"content":{"rendered":"<p>&#8211; Verificaci\u00f3n inmediata<br \/>\n&#8211; Perfecto donde sea que necesite una verificaci\u00f3n r\u00e1pida y port\u00e1til<br \/>\n&#8211; Adecuado para comprobar todas las divisas<br \/>\n&#8211; El rotulador detecta el papel moneda<br \/>\n&#8211; Verifica los antiguos y nuevos billetes de euro (ES-1\/ES-2)<br \/>\n&#8211; Tama\u00f1o: 135 x 15 x 10 mm<\/p>\n<p>&nbsp;<\/p>\n<p><em>E.O. Madrid Cinco S.L., no se responsabiliza de posibles errores tipogr\u00e1ficos y de precio. Las fotograf\u00edas de los productos pueden sufrir cambios<\/em><\/p>\n","protected":false},"excerpt":{"rendered":"<p>&#8211; Verificaci\u00f3n inmediata<br \/>\n&#8211; Perfecto donde sea que necesite una verificaci\u00f3n r\u00e1pida y port\u00e1til<br \/>\n&#8211; Adecuado para comprobar todas las divisas<br \/>\n&#8211; El rotulador detecta el papel moneda<br \/>\n&#8211; Verifica los antiguos y nuevos billetes de euro (ES-1\/ES-2)<br \/>\n&#8211; Tama\u00f1o: 135 x 15 x 10 mm<\/p>\n","protected":false},"featured_media":4922,"template":"","meta":{"_et_pb_use_builder":"","_et_pb_old_content":"","_et_gb_content_width":"","_joinchat":[]},"product_cat":[954,830],"product_tag":[1561,1531,134,1529,1525],"class_list":{"0":"post-4920","1":"product","2":"type-product","3":"status-publish","4":"has-post-thumbnail","6":"product_cat-maquinas-contadoras-y-detectora-de-billetes-falsos","7":"product_cat-maquinas-de-oficina","8":"product_tag-1561","9":"product_tag-billetes","10":"product_tag-boligrafo","11":"product_tag-detector","12":"product_tag-safescan","14":"first","15":"instock","16":"taxable","17":"shipping-taxable","18":"purchasable","19":"product-type-simple"},"yoast_head":"<!-- This site is optimized with the Yoast SEO plugin v27.4 - https:\/\/yoast.com\/product\/yoast-seo-wordpress\/ -->\n<title>BOL\u00cdGRAFO DETECTOR DE BILLETES SAFESCAN 30 - Canon M5 Madrid | Distribuidor oficial Canon<\/title>\n<meta name=\"description\" content=\"En solo dos segundos, el bol\u00edgrafo detector de divisas falsas Safescan 30 le indicar\u00e1 si un billete es falso o genuino. El rotulador detecta el papel moneda. Simplemente marque el billete y observe: si la tinta se oscurece, es muy probable que el billete sea falso. Perfecto donde sea que necesite una verificaci\u00f3n r\u00e1pida y port\u00e1til: mercados y eventos, en taxis, camionetas de entregas, etc.\" \/>\n<meta name=\"robots\" content=\"index, follow, max-snippet:-1, max-image-preview:large, max-video-preview:-1\" \/>\n<link rel=\"canonical\" href=\"https:\/\/canonm5.com\/index.php\/producto\/boligrafo-detector-de-billetes-safescan-30\/\" \/>\n<meta property=\"og:locale\" content=\"es_ES\" \/>\n<meta property=\"og:type\" content=\"article\" \/>\n<meta property=\"og:title\" content=\"BOL\u00cdGRAFO DETECTOR DE BILLETES SAFESCAN 30 - Canon M5 Madrid | Distribuidor oficial Canon\" \/>\n<meta property=\"og:description\" content=\"En solo dos segundos, el bol\u00edgrafo detector de divisas falsas Safescan 30 le indicar\u00e1 si un billete es falso o genuino. El rotulador detecta el papel moneda. Simplemente marque el billete y observe: si la tinta se oscurece, es muy probable que el billete sea falso. Perfecto donde sea que necesite una verificaci\u00f3n r\u00e1pida y port\u00e1til: mercados y eventos, en taxis, camionetas de entregas, etc.\" \/>\n<meta property=\"og:url\" content=\"https:\/\/canonm5.com\/index.php\/producto\/boligrafo-detector-de-billetes-safescan-30\/\" \/>\n<meta property=\"og:site_name\" content=\"Canon M5 Madrid | Distribuidor oficial Canon\" \/>\n<meta property=\"article:modified_time\" content=\"2022-11-28T15:10:30+00:00\" \/>\n<meta property=\"og:image\" content=\"https:\/\/canonm5.com\/wp-content\/uploads\/2022\/11\/boligrafo-safescan-detec-billetes-falsos-30.jpg\" \/>\n\t<meta property=\"og:image:width\" content=\"239\" \/>\n\t<meta property=\"og:image:height\" content=\"239\" \/>\n\t<meta property=\"og:image:type\" content=\"image\/jpeg\" \/>\n<meta name=\"twitter:card\" content=\"summary_large_image\" \/>\n<script type=\"application\/ld+json\" class=\"yoast-schema-graph\">{\"@context\":\"https:\\\/\\\/schema.org\",\"@graph\":[{\"@type\":\"WebPage\",\"@id\":\"https:\\\/\\\/canonm5.com\\\/index.php\\\/producto\\\/boligrafo-detector-de-billetes-safescan-30\\\/\",\"url\":\"https:\\\/\\\/canonm5.com\\\/index.php\\\/producto\\\/boligrafo-detector-de-billetes-safescan-30\\\/\",\"name\":\"BOL\u00cdGRAFO DETECTOR DE BILLETES SAFESCAN 30 - Canon M5 Madrid | Distribuidor oficial Canon\",\"isPartOf\":{\"@id\":\"https:\\\/\\\/canonm5.com\\\/#website\"},\"primaryImageOfPage\":{\"@id\":\"https:\\\/\\\/canonm5.com\\\/index.php\\\/producto\\\/boligrafo-detector-de-billetes-safescan-30\\\/#primaryimage\"},\"image\":{\"@id\":\"https:\\\/\\\/canonm5.com\\\/index.php\\\/producto\\\/boligrafo-detector-de-billetes-safescan-30\\\/#primaryimage\"},\"thumbnailUrl\":\"https:\\\/\\\/canonm5.com\\\/wp-content\\\/uploads\\\/2022\\\/11\\\/boligrafo-safescan-detec-billetes-falsos-30.jpg\",\"datePublished\":\"2022-11-28T12:45:52+00:00\",\"dateModified\":\"2022-11-28T15:10:30+00:00\",\"description\":\"En solo dos segundos, el bol\u00edgrafo detector de divisas falsas Safescan 30 le indicar\u00e1 si un billete es falso o genuino. El rotulador detecta el papel moneda. Simplemente marque el billete y observe: si la tinta se oscurece, es muy probable que el billete sea falso. Perfecto donde sea que necesite una verificaci\u00f3n r\u00e1pida y port\u00e1til: mercados y eventos, en taxis, camionetas de entregas, etc.\",\"breadcrumb\":{\"@id\":\"https:\\\/\\\/canonm5.com\\\/index.php\\\/producto\\\/boligrafo-detector-de-billetes-safescan-30\\\/#breadcrumb\"},\"inLanguage\":\"es\",\"potentialAction\":[{\"@type\":\"ReadAction\",\"target\":[\"https:\\\/\\\/canonm5.com\\\/index.php\\\/producto\\\/boligrafo-detector-de-billetes-safescan-30\\\/\"]}]},{\"@type\":\"ImageObject\",\"inLanguage\":\"es\",\"@id\":\"https:\\\/\\\/canonm5.com\\\/index.php\\\/producto\\\/boligrafo-detector-de-billetes-safescan-30\\\/#primaryimage\",\"url\":\"https:\\\/\\\/canonm5.com\\\/wp-content\\\/uploads\\\/2022\\\/11\\\/boligrafo-safescan-detec-billetes-falsos-30.jpg\",\"contentUrl\":\"https:\\\/\\\/canonm5.com\\\/wp-content\\\/uploads\\\/2022\\\/11\\\/boligrafo-safescan-detec-billetes-falsos-30.jpg\",\"width\":239,\"height\":239},{\"@type\":\"BreadcrumbList\",\"@id\":\"https:\\\/\\\/canonm5.com\\\/index.php\\\/producto\\\/boligrafo-detector-de-billetes-safescan-30\\\/#breadcrumb\",\"itemListElement\":[{\"@type\":\"ListItem\",\"position\":1,\"name\":\"Portada\",\"item\":\"https:\\\/\\\/canonm5.com\\\/\"},{\"@type\":\"ListItem\",\"position\":2,\"name\":\"Nuestros productos\",\"item\":\"https:\\\/\\\/canonm5.com\\\/index.php\\\/productos\\\/\"},{\"@type\":\"ListItem\",\"position\":3,\"name\":\"BOL\u00cdGRAFO DETECTOR DE BILLETES SAFESCAN 30\"}]},{\"@type\":\"WebSite\",\"@id\":\"https:\\\/\\\/canonm5.com\\\/#website\",\"url\":\"https:\\\/\\\/canonm5.com\\\/\",\"name\":\"Canon M5 Madrid | Distribuidor oficial Canon\",\"description\":\"Renting de impresoras para empresas\",\"potentialAction\":[{\"@type\":\"SearchAction\",\"target\":{\"@type\":\"EntryPoint\",\"urlTemplate\":\"https:\\\/\\\/canonm5.com\\\/?s={search_term_string}\"},\"query-input\":{\"@type\":\"PropertyValueSpecification\",\"valueRequired\":true,\"valueName\":\"search_term_string\"}}],\"inLanguage\":\"es\"}]}<\/script>\n<!-- \/ Yoast SEO plugin. -->","yoast_head_json":{"title":"BOL\u00cdGRAFO DETECTOR DE BILLETES SAFESCAN 30 - Canon M5 Madrid | Distribuidor oficial Canon","description":"En solo dos segundos, el bol\u00edgrafo detector de divisas falsas Safescan 30 le indicar\u00e1 si un billete es falso o genuino. El rotulador detecta el papel moneda. Simplemente marque el billete y observe: si la tinta se oscurece, es muy probable que el billete sea falso. Perfecto donde sea que necesite una verificaci\u00f3n r\u00e1pida y port\u00e1til: mercados y eventos, en taxis, camionetas de entregas, etc.","robots":{"index":"index","follow":"follow","max-snippet":"max-snippet:-1","max-image-preview":"max-image-preview:large","max-video-preview":"max-video-preview:-1"},"canonical":"https:\/\/canonm5.com\/index.php\/producto\/boligrafo-detector-de-billetes-safescan-30\/","og_locale":"es_ES","og_type":"article","og_title":"BOL\u00cdGRAFO DETECTOR DE BILLETES SAFESCAN 30 - Canon M5 Madrid | Distribuidor oficial Canon","og_description":"En solo dos segundos, el bol\u00edgrafo detector de divisas falsas Safescan 30 le indicar\u00e1 si un billete es falso o genuino. El rotulador detecta el papel moneda. Simplemente marque el billete y observe: si la tinta se oscurece, es muy probable que el billete sea falso. Perfecto donde sea que necesite una verificaci\u00f3n r\u00e1pida y port\u00e1til: mercados y eventos, en taxis, camionetas de entregas, etc.","og_url":"https:\/\/canonm5.com\/index.php\/producto\/boligrafo-detector-de-billetes-safescan-30\/","og_site_name":"Canon M5 Madrid | Distribuidor oficial Canon","article_modified_time":"2022-11-28T15:10:30+00:00","og_image":[{"width":239,"height":239,"url":"https:\/\/canonm5.com\/wp-content\/uploads\/2022\/11\/boligrafo-safescan-detec-billetes-falsos-30.jpg","type":"image\/jpeg"}],"twitter_card":"summary_large_image","schema":{"@context":"https:\/\/schema.org","@graph":[{"@type":"WebPage","@id":"https:\/\/canonm5.com\/index.php\/producto\/boligrafo-detector-de-billetes-safescan-30\/","url":"https:\/\/canonm5.com\/index.php\/producto\/boligrafo-detector-de-billetes-safescan-30\/","name":"BOL\u00cdGRAFO DETECTOR DE BILLETES SAFESCAN 30 - Canon M5 Madrid | Distribuidor oficial Canon","isPartOf":{"@id":"https:\/\/canonm5.com\/#website"},"primaryImageOfPage":{"@id":"https:\/\/canonm5.com\/index.php\/producto\/boligrafo-detector-de-billetes-safescan-30\/#primaryimage"},"image":{"@id":"https:\/\/canonm5.com\/index.php\/producto\/boligrafo-detector-de-billetes-safescan-30\/#primaryimage"},"thumbnailUrl":"https:\/\/canonm5.com\/wp-content\/uploads\/2022\/11\/boligrafo-safescan-detec-billetes-falsos-30.jpg","datePublished":"2022-11-28T12:45:52+00:00","dateModified":"2022-11-28T15:10:30+00:00","description":"En solo dos segundos, el bol\u00edgrafo detector de divisas falsas Safescan 30 le indicar\u00e1 si un billete es falso o genuino. El rotulador detecta el papel moneda. Simplemente marque el billete y observe: si la tinta se oscurece, es muy probable que el billete sea falso. Perfecto donde sea que necesite una verificaci\u00f3n r\u00e1pida y port\u00e1til: mercados y eventos, en taxis, camionetas de entregas, etc.","breadcrumb":{"@id":"https:\/\/canonm5.com\/index.php\/producto\/boligrafo-detector-de-billetes-safescan-30\/#breadcrumb"},"inLanguage":"es","potentialAction":[{"@type":"ReadAction","target":["https:\/\/canonm5.com\/index.php\/producto\/boligrafo-detector-de-billetes-safescan-30\/"]}]},{"@type":"ImageObject","inLanguage":"es","@id":"https:\/\/canonm5.com\/index.php\/producto\/boligrafo-detector-de-billetes-safescan-30\/#primaryimage","url":"https:\/\/canonm5.com\/wp-content\/uploads\/2022\/11\/boligrafo-safescan-detec-billetes-falsos-30.jpg","contentUrl":"https:\/\/canonm5.com\/wp-content\/uploads\/2022\/11\/boligrafo-safescan-detec-billetes-falsos-30.jpg","width":239,"height":239},{"@type":"BreadcrumbList","@id":"https:\/\/canonm5.com\/index.php\/producto\/boligrafo-detector-de-billetes-safescan-30\/#breadcrumb","itemListElement":[{"@type":"ListItem","position":1,"name":"Portada","item":"https:\/\/canonm5.com\/"},{"@type":"ListItem","position":2,"name":"Nuestros productos","item":"https:\/\/canonm5.com\/index.php\/productos\/"},{"@type":"ListItem","position":3,"name":"BOL\u00cdGRAFO DETECTOR DE BILLETES SAFESCAN 30"}]},{"@type":"WebSite","@id":"https:\/\/canonm5.com\/#website","url":"https:\/\/canonm5.com\/","name":"Canon M5 Madrid | Distribuidor oficial Canon","description":"Renting de impresoras para empresas","potentialAction":[{"@type":"SearchAction","target":{"@type":"EntryPoint","urlTemplate":"https:\/\/canonm5.com\/?s={search_term_string}"},"query-input":{"@type":"PropertyValueSpecification","valueRequired":true,"valueName":"search_term_string"}}],"inLanguage":"es"}]}},"_links":{"self":[{"href":"https:\/\/canonm5.com\/index.php\/wp-json\/wp\/v2\/product\/4920","targetHints":{"allow":["GET"]}}],"collection":[{"href":"https:\/\/canonm5.com\/index.php\/wp-json\/wp\/v2\/product"}],"about":[{"href":"https:\/\/canonm5.com\/index.php\/wp-json\/wp\/v2\/types\/product"}],"wp:featuredmedia":[{"embeddable":true,"href":"https:\/\/canonm5.com\/index.php\/wp-json\/wp\/v2\/media\/4922"}],"wp:attachment":[{"href":"https:\/\/canonm5.com\/index.php\/wp-json\/wp\/v2\/media?parent=4920"}],"wp:term":[{"taxonomy":"product_cat","embeddable":true,"href":"https:\/\/canonm5.com\/index.php\/wp-json\/wp\/v2\/product_cat?post=4920"},{"taxonomy":"product_tag","embeddable":true,"href":"https:\/\/canonm5.com\/index.php\/wp-json\/wp\/v2\/product_tag?post=4920"}],"curies":[{"name":"wp","href":"https:\/\/api.w.org\/{rel}","templated":true}]}}