{"id":4915,"date":"2022-11-28T12:41:22","date_gmt":"2022-11-28T12:41:22","guid":{"rendered":"https:\/\/canonm5.com\/?post_type=product&#038;p=4915"},"modified":"2023-03-17T11:38:24","modified_gmt":"2023-03-17T11:38:24","slug":"detector-portatil-de-billetes-safescan-35","status":"publish","type":"product","link":"https:\/\/canonm5.com\/index.php\/producto\/detector-portatil-de-billetes-safescan-35\/","title":{"rendered":"DETECTOR PORT\u00c1TIL DE BILLETES SAFESCAN 35"},"content":{"rendered":"<p>&#8211; Triple detecci\u00f3n (UV, caracter\u00edsticas magn\u00e9ticas e hilo met\u00e1lico) para resultados fiables<br \/>\n&#8211; Verifica los antiguos y nuevos billetes de euro (ES-1\/ES-2)<br \/>\n&#8211; Sumamente ligero (20 gramos) y compacto<br \/>\n&#8211; F\u00e1cil de usar<br \/>\n&#8211; Correa para colgar al cuello incluida<br \/>\n&#8211; Pilas incluidas (4x LR44)<\/p>\n<p><em>E.O. Madrid Cinco S.L., no se responsabiliza de posibles errores tipogr\u00e1ficos y de precio. Las fotograf\u00edas de los productos pueden sufrir cambios<\/em><\/p>\n","protected":false},"excerpt":{"rendered":"<p>&#8211; Triple detecci\u00f3n (UV, caracter\u00edsticas magn\u00e9ticas e hilo met\u00e1lico) para resultados fiables<br \/>\n&#8211; Verifica los antiguos y nuevos billetes de euro (ES-1\/ES-2)<br \/>\n&#8211; Sumamente ligero (20 gramos) y compacto<br \/>\n&#8211; F\u00e1cil de usar<br \/>\n&#8211; Correa para colgar al cuello incluida<br \/>\n&#8211; Pilas incluidas (4x LR44)<\/p>\n","protected":false},"featured_media":4917,"template":"","meta":{"_et_pb_use_builder":"","_et_pb_old_content":"","_et_gb_content_width":"","_joinchat":[]},"product_cat":[954,830],"product_tag":[1560,1537,1529,1525],"class_list":{"0":"post-4915","1":"product","2":"type-product","3":"status-publish","4":"has-post-thumbnail","6":"product_cat-maquinas-contadoras-y-detectora-de-billetes-falsos","7":"product_cat-maquinas-de-oficina","8":"product_tag-1560","9":"product_tag-billestes","10":"product_tag-detector","11":"product_tag-safescan","13":"first","14":"instock","15":"taxable","16":"shipping-taxable","17":"purchasable","18":"product-type-simple"},"yoast_head":"<!-- This site is optimized with the Yoast SEO plugin v27.4 - https:\/\/yoast.com\/product\/yoast-seo-wordpress\/ -->\n<title>DETECTOR PORT\u00c1TIL DE BILLETES SAFESCAN 35 - Canon M5 Madrid | Distribuidor oficial Canon<\/title>\n<meta name=\"description\" content=\"El Safescan 35 funciona con bater\u00edas, es liviano y compacto y es el perfecto detector de billetes falsos donde sea que necesite una verificaci\u00f3n r\u00e1pida y port\u00e1til, como en mercados y eventos o en taxis y camionetas de entregas. Verifique billetes de forma r\u00e1pida y precisa bas\u00e1ndose en tres caracter\u00edsticas de seguridad diferentes. Pulse el bot\u00f3n \u201cMG\u201d en el Safescan 35 y mueva el cabezal magn\u00e9tico sobre el billete. Una se\u00f1al sonora confirma que el billete contiene las caracter\u00edsticas magn\u00e9ticas esperadas. Pulse el bot\u00f3n \u201cUV\u201d en el Safescan 35, mueva la luz UV por encima del billete y verifique que contenga las marcas de seguridad UV esperadas. Este procedimiento tambi\u00e9n funciona para verificar tarjetas de cr\u00e9dito, pasaportes, carnets de conducir y otros documentos de identificaci\u00f3n.\" \/>\n<meta name=\"robots\" content=\"index, follow, max-snippet:-1, max-image-preview:large, max-video-preview:-1\" \/>\n<link rel=\"canonical\" href=\"https:\/\/canonm5.com\/index.php\/producto\/detector-portatil-de-billetes-safescan-35\/\" \/>\n<meta property=\"og:locale\" content=\"es_ES\" \/>\n<meta property=\"og:type\" content=\"article\" \/>\n<meta property=\"og:title\" content=\"DETECTOR PORT\u00c1TIL DE BILLETES SAFESCAN 35 - Canon M5 Madrid | Distribuidor oficial Canon\" \/>\n<meta property=\"og:description\" content=\"El Safescan 35 funciona con bater\u00edas, es liviano y compacto y es el perfecto detector de billetes falsos donde sea que necesite una verificaci\u00f3n r\u00e1pida y port\u00e1til, como en mercados y eventos o en taxis y camionetas de entregas. Verifique billetes de forma r\u00e1pida y precisa bas\u00e1ndose en tres caracter\u00edsticas de seguridad diferentes. Pulse el bot\u00f3n \u201cMG\u201d en el Safescan 35 y mueva el cabezal magn\u00e9tico sobre el billete. Una se\u00f1al sonora confirma que el billete contiene las caracter\u00edsticas magn\u00e9ticas esperadas. Pulse el bot\u00f3n \u201cUV\u201d en el Safescan 35, mueva la luz UV por encima del billete y verifique que contenga las marcas de seguridad UV esperadas. Este procedimiento tambi\u00e9n funciona para verificar tarjetas de cr\u00e9dito, pasaportes, carnets de conducir y otros documentos de identificaci\u00f3n.\" \/>\n<meta property=\"og:url\" content=\"https:\/\/canonm5.com\/index.php\/producto\/detector-portatil-de-billetes-safescan-35\/\" \/>\n<meta property=\"og:site_name\" content=\"Canon M5 Madrid | Distribuidor oficial Canon\" \/>\n<meta property=\"article:modified_time\" content=\"2023-03-17T11:38:24+00:00\" \/>\n<meta property=\"og:image\" content=\"https:\/\/canonm5.com\/wp-content\/uploads\/2022\/11\/detector-portail-safescan-billetes-ss35-2.jpg\" \/>\n\t<meta property=\"og:image:width\" content=\"239\" \/>\n\t<meta property=\"og:image:height\" content=\"239\" \/>\n\t<meta property=\"og:image:type\" content=\"image\/jpeg\" \/>\n<meta name=\"twitter:card\" content=\"summary_large_image\" \/>\n<script type=\"application\/ld+json\" class=\"yoast-schema-graph\">{\"@context\":\"https:\\\/\\\/schema.org\",\"@graph\":[{\"@type\":\"WebPage\",\"@id\":\"https:\\\/\\\/canonm5.com\\\/index.php\\\/producto\\\/detector-portatil-de-billetes-safescan-35\\\/\",\"url\":\"https:\\\/\\\/canonm5.com\\\/index.php\\\/producto\\\/detector-portatil-de-billetes-safescan-35\\\/\",\"name\":\"DETECTOR PORT\u00c1TIL DE BILLETES SAFESCAN 35 - Canon M5 Madrid | Distribuidor oficial Canon\",\"isPartOf\":{\"@id\":\"https:\\\/\\\/canonm5.com\\\/#website\"},\"primaryImageOfPage\":{\"@id\":\"https:\\\/\\\/canonm5.com\\\/index.php\\\/producto\\\/detector-portatil-de-billetes-safescan-35\\\/#primaryimage\"},\"image\":{\"@id\":\"https:\\\/\\\/canonm5.com\\\/index.php\\\/producto\\\/detector-portatil-de-billetes-safescan-35\\\/#primaryimage\"},\"thumbnailUrl\":\"https:\\\/\\\/canonm5.com\\\/wp-content\\\/uploads\\\/2022\\\/11\\\/detector-portail-safescan-billetes-ss35-2.jpg\",\"datePublished\":\"2022-11-28T12:41:22+00:00\",\"dateModified\":\"2023-03-17T11:38:24+00:00\",\"description\":\"El Safescan 35 funciona con bater\u00edas, es liviano y compacto y es el perfecto detector de billetes falsos donde sea que necesite una verificaci\u00f3n r\u00e1pida y port\u00e1til, como en mercados y eventos o en taxis y camionetas de entregas. Verifique billetes de forma r\u00e1pida y precisa bas\u00e1ndose en tres caracter\u00edsticas de seguridad diferentes. Pulse el bot\u00f3n \u201cMG\u201d en el Safescan 35 y mueva el cabezal magn\u00e9tico sobre el billete. Una se\u00f1al sonora confirma que el billete contiene las caracter\u00edsticas magn\u00e9ticas esperadas. Pulse el bot\u00f3n \u201cUV\u201d en el Safescan 35, mueva la luz UV por encima del billete y verifique que contenga las marcas de seguridad UV esperadas. Este procedimiento tambi\u00e9n funciona para verificar tarjetas de cr\u00e9dito, pasaportes, carnets de conducir y otros documentos de identificaci\u00f3n.\",\"breadcrumb\":{\"@id\":\"https:\\\/\\\/canonm5.com\\\/index.php\\\/producto\\\/detector-portatil-de-billetes-safescan-35\\\/#breadcrumb\"},\"inLanguage\":\"es\",\"potentialAction\":[{\"@type\":\"ReadAction\",\"target\":[\"https:\\\/\\\/canonm5.com\\\/index.php\\\/producto\\\/detector-portatil-de-billetes-safescan-35\\\/\"]}]},{\"@type\":\"ImageObject\",\"inLanguage\":\"es\",\"@id\":\"https:\\\/\\\/canonm5.com\\\/index.php\\\/producto\\\/detector-portatil-de-billetes-safescan-35\\\/#primaryimage\",\"url\":\"https:\\\/\\\/canonm5.com\\\/wp-content\\\/uploads\\\/2022\\\/11\\\/detector-portail-safescan-billetes-ss35-2.jpg\",\"contentUrl\":\"https:\\\/\\\/canonm5.com\\\/wp-content\\\/uploads\\\/2022\\\/11\\\/detector-portail-safescan-billetes-ss35-2.jpg\",\"width\":239,\"height\":239},{\"@type\":\"BreadcrumbList\",\"@id\":\"https:\\\/\\\/canonm5.com\\\/index.php\\\/producto\\\/detector-portatil-de-billetes-safescan-35\\\/#breadcrumb\",\"itemListElement\":[{\"@type\":\"ListItem\",\"position\":1,\"name\":\"Portada\",\"item\":\"https:\\\/\\\/canonm5.com\\\/\"},{\"@type\":\"ListItem\",\"position\":2,\"name\":\"Nuestros productos\",\"item\":\"https:\\\/\\\/canonm5.com\\\/index.php\\\/productos\\\/\"},{\"@type\":\"ListItem\",\"position\":3,\"name\":\"DETECTOR PORT\u00c1TIL DE BILLETES SAFESCAN 35\"}]},{\"@type\":\"WebSite\",\"@id\":\"https:\\\/\\\/canonm5.com\\\/#website\",\"url\":\"https:\\\/\\\/canonm5.com\\\/\",\"name\":\"Canon M5 Madrid | Distribuidor oficial Canon\",\"description\":\"Renting de impresoras para empresas\",\"potentialAction\":[{\"@type\":\"SearchAction\",\"target\":{\"@type\":\"EntryPoint\",\"urlTemplate\":\"https:\\\/\\\/canonm5.com\\\/?s={search_term_string}\"},\"query-input\":{\"@type\":\"PropertyValueSpecification\",\"valueRequired\":true,\"valueName\":\"search_term_string\"}}],\"inLanguage\":\"es\"}]}<\/script>\n<!-- \/ Yoast SEO plugin. -->","yoast_head_json":{"title":"DETECTOR PORT\u00c1TIL DE BILLETES SAFESCAN 35 - Canon M5 Madrid | Distribuidor oficial Canon","description":"El Safescan 35 funciona con bater\u00edas, es liviano y compacto y es el perfecto detector de billetes falsos donde sea que necesite una verificaci\u00f3n r\u00e1pida y port\u00e1til, como en mercados y eventos o en taxis y camionetas de entregas. Verifique billetes de forma r\u00e1pida y precisa bas\u00e1ndose en tres caracter\u00edsticas de seguridad diferentes. Pulse el bot\u00f3n \u201cMG\u201d en el Safescan 35 y mueva el cabezal magn\u00e9tico sobre el billete. Una se\u00f1al sonora confirma que el billete contiene las caracter\u00edsticas magn\u00e9ticas esperadas. Pulse el bot\u00f3n \u201cUV\u201d en el Safescan 35, mueva la luz UV por encima del billete y verifique que contenga las marcas de seguridad UV esperadas. Este procedimiento tambi\u00e9n funciona para verificar tarjetas de cr\u00e9dito, pasaportes, carnets de conducir y otros documentos de identificaci\u00f3n.","robots":{"index":"index","follow":"follow","max-snippet":"max-snippet:-1","max-image-preview":"max-image-preview:large","max-video-preview":"max-video-preview:-1"},"canonical":"https:\/\/canonm5.com\/index.php\/producto\/detector-portatil-de-billetes-safescan-35\/","og_locale":"es_ES","og_type":"article","og_title":"DETECTOR PORT\u00c1TIL DE BILLETES SAFESCAN 35 - Canon M5 Madrid | Distribuidor oficial Canon","og_description":"El Safescan 35 funciona con bater\u00edas, es liviano y compacto y es el perfecto detector de billetes falsos donde sea que necesite una verificaci\u00f3n r\u00e1pida y port\u00e1til, como en mercados y eventos o en taxis y camionetas de entregas. Verifique billetes de forma r\u00e1pida y precisa bas\u00e1ndose en tres caracter\u00edsticas de seguridad diferentes. Pulse el bot\u00f3n \u201cMG\u201d en el Safescan 35 y mueva el cabezal magn\u00e9tico sobre el billete. Una se\u00f1al sonora confirma que el billete contiene las caracter\u00edsticas magn\u00e9ticas esperadas. Pulse el bot\u00f3n \u201cUV\u201d en el Safescan 35, mueva la luz UV por encima del billete y verifique que contenga las marcas de seguridad UV esperadas. Este procedimiento tambi\u00e9n funciona para verificar tarjetas de cr\u00e9dito, pasaportes, carnets de conducir y otros documentos de identificaci\u00f3n.","og_url":"https:\/\/canonm5.com\/index.php\/producto\/detector-portatil-de-billetes-safescan-35\/","og_site_name":"Canon M5 Madrid | Distribuidor oficial Canon","article_modified_time":"2023-03-17T11:38:24+00:00","og_image":[{"width":239,"height":239,"url":"https:\/\/canonm5.com\/wp-content\/uploads\/2022\/11\/detector-portail-safescan-billetes-ss35-2.jpg","type":"image\/jpeg"}],"twitter_card":"summary_large_image","schema":{"@context":"https:\/\/schema.org","@graph":[{"@type":"WebPage","@id":"https:\/\/canonm5.com\/index.php\/producto\/detector-portatil-de-billetes-safescan-35\/","url":"https:\/\/canonm5.com\/index.php\/producto\/detector-portatil-de-billetes-safescan-35\/","name":"DETECTOR PORT\u00c1TIL DE BILLETES SAFESCAN 35 - Canon M5 Madrid | Distribuidor oficial Canon","isPartOf":{"@id":"https:\/\/canonm5.com\/#website"},"primaryImageOfPage":{"@id":"https:\/\/canonm5.com\/index.php\/producto\/detector-portatil-de-billetes-safescan-35\/#primaryimage"},"image":{"@id":"https:\/\/canonm5.com\/index.php\/producto\/detector-portatil-de-billetes-safescan-35\/#primaryimage"},"thumbnailUrl":"https:\/\/canonm5.com\/wp-content\/uploads\/2022\/11\/detector-portail-safescan-billetes-ss35-2.jpg","datePublished":"2022-11-28T12:41:22+00:00","dateModified":"2023-03-17T11:38:24+00:00","description":"El Safescan 35 funciona con bater\u00edas, es liviano y compacto y es el perfecto detector de billetes falsos donde sea que necesite una verificaci\u00f3n r\u00e1pida y port\u00e1til, como en mercados y eventos o en taxis y camionetas de entregas. Verifique billetes de forma r\u00e1pida y precisa bas\u00e1ndose en tres caracter\u00edsticas de seguridad diferentes. Pulse el bot\u00f3n \u201cMG\u201d en el Safescan 35 y mueva el cabezal magn\u00e9tico sobre el billete. Una se\u00f1al sonora confirma que el billete contiene las caracter\u00edsticas magn\u00e9ticas esperadas. Pulse el bot\u00f3n \u201cUV\u201d en el Safescan 35, mueva la luz UV por encima del billete y verifique que contenga las marcas de seguridad UV esperadas. Este procedimiento tambi\u00e9n funciona para verificar tarjetas de cr\u00e9dito, pasaportes, carnets de conducir y otros documentos de identificaci\u00f3n.","breadcrumb":{"@id":"https:\/\/canonm5.com\/index.php\/producto\/detector-portatil-de-billetes-safescan-35\/#breadcrumb"},"inLanguage":"es","potentialAction":[{"@type":"ReadAction","target":["https:\/\/canonm5.com\/index.php\/producto\/detector-portatil-de-billetes-safescan-35\/"]}]},{"@type":"ImageObject","inLanguage":"es","@id":"https:\/\/canonm5.com\/index.php\/producto\/detector-portatil-de-billetes-safescan-35\/#primaryimage","url":"https:\/\/canonm5.com\/wp-content\/uploads\/2022\/11\/detector-portail-safescan-billetes-ss35-2.jpg","contentUrl":"https:\/\/canonm5.com\/wp-content\/uploads\/2022\/11\/detector-portail-safescan-billetes-ss35-2.jpg","width":239,"height":239},{"@type":"BreadcrumbList","@id":"https:\/\/canonm5.com\/index.php\/producto\/detector-portatil-de-billetes-safescan-35\/#breadcrumb","itemListElement":[{"@type":"ListItem","position":1,"name":"Portada","item":"https:\/\/canonm5.com\/"},{"@type":"ListItem","position":2,"name":"Nuestros productos","item":"https:\/\/canonm5.com\/index.php\/productos\/"},{"@type":"ListItem","position":3,"name":"DETECTOR PORT\u00c1TIL DE BILLETES SAFESCAN 35"}]},{"@type":"WebSite","@id":"https:\/\/canonm5.com\/#website","url":"https:\/\/canonm5.com\/","name":"Canon M5 Madrid | Distribuidor oficial Canon","description":"Renting de impresoras para empresas","potentialAction":[{"@type":"SearchAction","target":{"@type":"EntryPoint","urlTemplate":"https:\/\/canonm5.com\/?s={search_term_string}"},"query-input":{"@type":"PropertyValueSpecification","valueRequired":true,"valueName":"search_term_string"}}],"inLanguage":"es"}]}},"_links":{"self":[{"href":"https:\/\/canonm5.com\/index.php\/wp-json\/wp\/v2\/product\/4915","targetHints":{"allow":["GET"]}}],"collection":[{"href":"https:\/\/canonm5.com\/index.php\/wp-json\/wp\/v2\/product"}],"about":[{"href":"https:\/\/canonm5.com\/index.php\/wp-json\/wp\/v2\/types\/product"}],"wp:featuredmedia":[{"embeddable":true,"href":"https:\/\/canonm5.com\/index.php\/wp-json\/wp\/v2\/media\/4917"}],"wp:attachment":[{"href":"https:\/\/canonm5.com\/index.php\/wp-json\/wp\/v2\/media?parent=4915"}],"wp:term":[{"taxonomy":"product_cat","embeddable":true,"href":"https:\/\/canonm5.com\/index.php\/wp-json\/wp\/v2\/product_cat?post=4915"},{"taxonomy":"product_tag","embeddable":true,"href":"https:\/\/canonm5.com\/index.php\/wp-json\/wp\/v2\/product_tag?post=4915"}],"curies":[{"name":"wp","href":"https:\/\/api.w.org\/{rel}","templated":true}]}}